{"id":152976,"date":"2024-12-06T13:02:46","date_gmt":"2024-12-06T12:02:46","guid":{"rendered":"https:\/\/revolutionpadelstore.com\/adidas-metalbone-youth-3-4-2025\/"},"modified":"2026-04-14T02:00:51","modified_gmt":"2026-04-14T00:00:51","slug":"adidas-metalbone-youth-3-4-2025-4","status":"publish","type":"product","link":"https:\/\/revolutionpadelstore.com\/it\/prodotto\/adidas-metalbone-youth-3-4-2025-4\/","title":{"rendered":"ADIDAS METALBONE YOUTH 3.4 2025"},"content":{"rendered":"<p>Il <strong> Adidas Metalbone Youth 3.4 <\/strong> della collezione 2025 \u00e8 una pala alta con un diamante oversize e un alto equilibrio, progettato per offrire prestazioni eccezionali dal primo utilizzo. Focalizzato sull&#8217;attacco, \u00e8 la versione pi\u00f9 leggera e pi\u00f9 comoda della pala Adidas Metalbone 3.4 di <strong> Ale Gal\u00e1n <\/strong>. Con un peso ultra leggero di 330-345 grammi, offre una gestione facile e confortevole.<\/p>\n<h2> Metalbone Yauth 3.4 Pala per Junior Players <\/h2>\n<p>Grazie al suo design specifico per i giovani, questa pala adidas 2025 \u00e8 ideale per i giocatori di paddle junior (8-14 anni) di livello per principianti che cercano di migliorare rapidamente la loro tecnica e evidenziare nell&#8217;attacco senza sacrificare il controllo e la manovrabilit\u00e0. Questo modello offre un perfetto equilibrio tra peso leggero, controllo e potenza.<\/p>\n<h2> Caratteristiche e tecnologie di Adidas Metalbone Youth 3.4 <\/h2>\n<p><P> <strong>-Fiberglass Plans <\/strong>: fornire flessibilit\u00e0, tocco morbido e eccellente output a sfera<br \/>\n<P> <strong> -Fiberglass Frame <\/strong>: garantisce leggerezza e protezione<br \/>\n<P> <strong> -nucole Performance soft <\/strong>: realizzato con gomma Eva a bassa densit\u00e0, fornisce una sfera veloce e confortevole.<br \/>\n<P> <strong> -tecnology Curva di fori intelligenti <\/strong>: ottimizza la distribuzione dei fori per facilitare la generazione di effetti in ogni colpo.<\/p>\n<p> <strong> -structural Rinformance <\/strong>: rafforza il perimetro della pala, aumentando la sua resistenza alle torsioni.<br \/>\n<P> <strong> -struttura della traduzione <\/strong>: struttura del carbonio tubulare progettata con una sezione ottagonale che riduce al minimo la torsione e migliora l&#8217;accuratezza dei colpi.<\/p>\n<h2> Disponibile in Revolution Padel Store <\/h2>\n<p>Con il <strong> Metalbone Youth 3.4 <\/strong>, i giovani giocatori possono sviluppare la loro tecnica mentre si godono un gioco comodo, dinamico ed efficace. Questa pala adidas, con prestazioni morbide e piani in fibra di vetro, \u00e8 lo strumento perfetto per i futuri campioni di paddle.<strong>Adidas Metalbone Youth 3.4<\/strong><\/p>\n","protected":false},"excerpt":{"rendered":"<p><strong> Adidas Metalbone Youth 3.4 2025 <\/strong> \u00e8 una pala progettata per i giocatori junior che si concentrano sull&#8217;attacco. Con la sua forma di diamante oversize e un peso ultraleggero, offre una grande manovrabilit\u00e0 e comfort. Il suo <strong> EVA Soft Performance Core <\/strong> fornisce un outlet di palla veloce e confortevole<strong>Adidas Metalbone Youth 3.4 2025<\/strong><\/p>\n","protected":false},"featured_media":152935,"comment_status":"open","ping_status":"closed","template":"","meta":{"_acf_changed":false,"_joinchat":[]},"acabado":[1086],"balance":[1136],"dureza":[1151],"forma":[1171],"jugador":[1206],"marca":[1231],"nivel-de-juego":[1341,1351],"superficie":[1356],"tipo-de-juego":[1376],"product_brand":[],"product_cat":[301],"product_tag":[],"class_list":{"0":"post-152976","1":"product","2":"type-product","3":"status-publish","4":"has-post-thumbnail","6":"acabado-amico","7":"balance-alto-it","8":"dureza-blanda-it","9":"forma-diamante-it","10":"jugador-junior-it","11":"marca-adidas-it","12":"superficie-lisa-it","13":"tipo-de-juego-potenza","14":"product_cat-palas-de-padel-it","16":"first","17":"instock","18":"sale","19":"taxable","20":"shipping-taxable","21":"purchasable","22":"product-type-simple"},"acf":[],"yoast_head":"<!-- This site is optimized with the Yoast SEO plugin v27.4 - https:\/\/yoast.com\/product\/yoast-seo-wordpress\/ -->\n<title>ADIDAS METALBONE YOUTH 3.4 2025 - Revolution Padel Store<\/title>\n<meta name=\"description\" content=\"La Metalbone Youth 3.4 de Adidas es una pala de gama alta con forma de diamante oversize con balance alto y amplia superficie de golpeo que brinda unas incre\u00edbles prestaciones en el terreno de juego desde el primer momento. Enfocada en el ataque, es la versi\u00f3n m\u00e1s ligera y c\u00f3moda de la pala Adidas Metalbone 3.4 de Ale Gal\u00e1n. Asimismo, gracias a su peso ultra ligero de 330-345 gramos, se consigue un manejo f\u00e1cil y confortable.\" \/>\n<meta name=\"robots\" content=\"index, follow, max-snippet:-1, max-image-preview:large, max-video-preview:-1\" \/>\n<link rel=\"canonical\" href=\"https:\/\/revolutionpadelstore.com\/it\/prodotto\/adidas-metalbone-youth-3-4-2025-4\/\" \/>\n<meta property=\"og:locale\" content=\"it_IT\" \/>\n<meta property=\"og:type\" content=\"article\" \/>\n<meta property=\"og:title\" content=\"ADIDAS METALBONE YOUTH 3.4 2025 - Revolution Padel Store\" \/>\n<meta property=\"og:description\" content=\"La Metalbone Youth 3.4 de Adidas es una pala de gama alta con forma de diamante oversize con balance alto y amplia superficie de golpeo que brinda unas incre\u00edbles prestaciones en el terreno de juego desde el primer momento. Enfocada en el ataque, es la versi\u00f3n m\u00e1s ligera y c\u00f3moda de la pala Adidas Metalbone 3.4 de Ale Gal\u00e1n. Asimismo, gracias a su peso ultra ligero de 330-345 gramos, se consigue un manejo f\u00e1cil y confortable.\" \/>\n<meta property=\"og:url\" content=\"https:\/\/revolutionpadelstore.com\/it\/prodotto\/adidas-metalbone-youth-3-4-2025-4\/\" \/>\n<meta property=\"og:site_name\" content=\"Revolution Padel Store\" \/>\n<meta property=\"article:modified_time\" content=\"2026-04-14T00:00:51+00:00\" \/>\n<meta property=\"og:image\" content=\"https:\/\/revolutionpadelstore.com\/wp-content\/uploads\/2024\/12\/113690-pala-adidas-metalbone-youth-3-4-ar4aa0u221500x1500-1.webp\" \/>\n\t<meta property=\"og:image:width\" content=\"1500\" \/>\n\t<meta property=\"og:image:height\" content=\"1500\" \/>\n\t<meta property=\"og:image:type\" content=\"image\/webp\" \/>\n<meta name=\"twitter:card\" content=\"summary_large_image\" \/>\n<meta name=\"twitter:label1\" content=\"Tempo di lettura stimato\" \/>\n\t<meta name=\"twitter:data1\" content=\"1 minuto\" \/>\n<script type=\"application\/ld+json\" class=\"yoast-schema-graph\">{\"@context\":\"https:\\\/\\\/schema.org\",\"@graph\":[{\"@type\":\"WebPage\",\"@id\":\"https:\\\/\\\/revolutionpadelstore.com\\\/it\\\/prodotto\\\/adidas-metalbone-youth-3-4-2025-4\\\/\",\"url\":\"https:\\\/\\\/revolutionpadelstore.com\\\/it\\\/prodotto\\\/adidas-metalbone-youth-3-4-2025-4\\\/\",\"name\":\"ADIDAS METALBONE YOUTH 3.4 2025 - Revolution Padel Store\",\"isPartOf\":{\"@id\":\"https:\\\/\\\/revolutionpadelstore.com\\\/it\\\/#website\"},\"primaryImageOfPage\":{\"@id\":\"https:\\\/\\\/revolutionpadelstore.com\\\/it\\\/prodotto\\\/adidas-metalbone-youth-3-4-2025-4\\\/#primaryimage\"},\"image\":{\"@id\":\"https:\\\/\\\/revolutionpadelstore.com\\\/it\\\/prodotto\\\/adidas-metalbone-youth-3-4-2025-4\\\/#primaryimage\"},\"thumbnailUrl\":\"https:\\\/\\\/revolutionpadelstore.com\\\/wp-content\\\/uploads\\\/2024\\\/12\\\/113690-pala-adidas-metalbone-youth-3-4-ar4aa0u221500x1500-1.webp\",\"datePublished\":\"2024-12-06T12:02:46+00:00\",\"dateModified\":\"2026-04-14T00:00:51+00:00\",\"description\":\"La Metalbone Youth 3.4 de Adidas es una pala de gama alta con forma de diamante oversize con balance alto y amplia superficie de golpeo que brinda unas incre\u00edbles prestaciones en el terreno de juego desde el primer momento. Enfocada en el ataque, es la versi\u00f3n m\u00e1s ligera y c\u00f3moda de la pala Adidas Metalbone 3.4 de Ale Gal\u00e1n. Asimismo, gracias a su peso ultra ligero de 330-345 gramos, se consigue un manejo f\u00e1cil y confortable.\",\"breadcrumb\":{\"@id\":\"https:\\\/\\\/revolutionpadelstore.com\\\/it\\\/prodotto\\\/adidas-metalbone-youth-3-4-2025-4\\\/#breadcrumb\"},\"inLanguage\":\"it-IT\",\"potentialAction\":[{\"@type\":\"ReadAction\",\"target\":[\"https:\\\/\\\/revolutionpadelstore.com\\\/it\\\/prodotto\\\/adidas-metalbone-youth-3-4-2025-4\\\/\"]}]},{\"@type\":\"ImageObject\",\"inLanguage\":\"it-IT\",\"@id\":\"https:\\\/\\\/revolutionpadelstore.com\\\/it\\\/prodotto\\\/adidas-metalbone-youth-3-4-2025-4\\\/#primaryimage\",\"url\":\"https:\\\/\\\/revolutionpadelstore.com\\\/wp-content\\\/uploads\\\/2024\\\/12\\\/113690-pala-adidas-metalbone-youth-3-4-ar4aa0u221500x1500-1.webp\",\"contentUrl\":\"https:\\\/\\\/revolutionpadelstore.com\\\/wp-content\\\/uploads\\\/2024\\\/12\\\/113690-pala-adidas-metalbone-youth-3-4-ar4aa0u221500x1500-1.webp\",\"width\":1500,\"height\":1500},{\"@type\":\"BreadcrumbList\",\"@id\":\"https:\\\/\\\/revolutionpadelstore.com\\\/it\\\/prodotto\\\/adidas-metalbone-youth-3-4-2025-4\\\/#breadcrumb\",\"itemListElement\":[{\"@type\":\"ListItem\",\"position\":1,\"name\":\"Portada\",\"item\":\"https:\\\/\\\/revolutionpadelstore.com\\\/it\\\/\"},{\"@type\":\"ListItem\",\"position\":2,\"name\":\"Tienda\",\"item\":\"https:\\\/\\\/revolutionpadelstore.com\\\/it\\\/tienda\\\/\"},{\"@type\":\"ListItem\",\"position\":3,\"name\":\"ADIDAS METALBONE YOUTH 3.4 2025\"}]},{\"@type\":\"WebSite\",\"@id\":\"https:\\\/\\\/revolutionpadelstore.com\\\/it\\\/#website\",\"url\":\"https:\\\/\\\/revolutionpadelstore.com\\\/it\\\/\",\"name\":\"Revolution Padel Store\",\"description\":\"\",\"publisher\":{\"@id\":\"https:\\\/\\\/revolutionpadelstore.com\\\/it\\\/#organization\"},\"potentialAction\":[{\"@type\":\"SearchAction\",\"target\":{\"@type\":\"EntryPoint\",\"urlTemplate\":\"https:\\\/\\\/revolutionpadelstore.com\\\/it\\\/?s={search_term_string}\"},\"query-input\":{\"@type\":\"PropertyValueSpecification\",\"valueRequired\":true,\"valueName\":\"search_term_string\"}}],\"inLanguage\":\"it-IT\"},{\"@type\":\"Organization\",\"@id\":\"https:\\\/\\\/revolutionpadelstore.com\\\/it\\\/#organization\",\"name\":\"Revolution Padel Store\",\"url\":\"https:\\\/\\\/revolutionpadelstore.com\\\/it\\\/\",\"logo\":{\"@type\":\"ImageObject\",\"inLanguage\":\"it-IT\",\"@id\":\"https:\\\/\\\/revolutionpadelstore.com\\\/it\\\/#\\\/schema\\\/logo\\\/image\\\/\",\"url\":\"https:\\\/\\\/revolutionpadelstore.com\\\/wp-content\\\/uploads\\\/2026\\\/02\\\/revolution-padel-store.jpg\",\"contentUrl\":\"https:\\\/\\\/revolutionpadelstore.com\\\/wp-content\\\/uploads\\\/2026\\\/02\\\/revolution-padel-store.jpg\",\"width\":2000,\"height\":2000,\"caption\":\"Revolution Padel Store\"},\"image\":{\"@id\":\"https:\\\/\\\/revolutionpadelstore.com\\\/it\\\/#\\\/schema\\\/logo\\\/image\\\/\"},\"sameAs\":[\"https:\\\/\\\/www.instagram.com\\\/revolutionpadelstore\\\/\"]}]}<\/script>\n<!-- \/ Yoast SEO plugin. -->","yoast_head_json":{"title":"ADIDAS METALBONE YOUTH 3.4 2025 - Revolution Padel Store","description":"La Metalbone Youth 3.4 de Adidas es una pala de gama alta con forma de diamante oversize con balance alto y amplia superficie de golpeo que brinda unas incre\u00edbles prestaciones en el terreno de juego desde el primer momento. Enfocada en el ataque, es la versi\u00f3n m\u00e1s ligera y c\u00f3moda de la pala Adidas Metalbone 3.4 de Ale Gal\u00e1n. Asimismo, gracias a su peso ultra ligero de 330-345 gramos, se consigue un manejo f\u00e1cil y confortable.","robots":{"index":"index","follow":"follow","max-snippet":"max-snippet:-1","max-image-preview":"max-image-preview:large","max-video-preview":"max-video-preview:-1"},"canonical":"https:\/\/revolutionpadelstore.com\/it\/prodotto\/adidas-metalbone-youth-3-4-2025-4\/","og_locale":"it_IT","og_type":"article","og_title":"ADIDAS METALBONE YOUTH 3.4 2025 - Revolution Padel Store","og_description":"La Metalbone Youth 3.4 de Adidas es una pala de gama alta con forma de diamante oversize con balance alto y amplia superficie de golpeo que brinda unas incre\u00edbles prestaciones en el terreno de juego desde el primer momento. Enfocada en el ataque, es la versi\u00f3n m\u00e1s ligera y c\u00f3moda de la pala Adidas Metalbone 3.4 de Ale Gal\u00e1n. Asimismo, gracias a su peso ultra ligero de 330-345 gramos, se consigue un manejo f\u00e1cil y confortable.","og_url":"https:\/\/revolutionpadelstore.com\/it\/prodotto\/adidas-metalbone-youth-3-4-2025-4\/","og_site_name":"Revolution Padel Store","article_modified_time":"2026-04-14T00:00:51+00:00","og_image":[{"width":1500,"height":1500,"url":"https:\/\/revolutionpadelstore.com\/wp-content\/uploads\/2024\/12\/113690-pala-adidas-metalbone-youth-3-4-ar4aa0u221500x1500-1.webp","type":"image\/webp"}],"twitter_card":"summary_large_image","twitter_misc":{"Tempo di lettura stimato":"1 minuto"},"schema":{"@context":"https:\/\/schema.org","@graph":[{"@type":"WebPage","@id":"https:\/\/revolutionpadelstore.com\/it\/prodotto\/adidas-metalbone-youth-3-4-2025-4\/","url":"https:\/\/revolutionpadelstore.com\/it\/prodotto\/adidas-metalbone-youth-3-4-2025-4\/","name":"ADIDAS METALBONE YOUTH 3.4 2025 - Revolution Padel Store","isPartOf":{"@id":"https:\/\/revolutionpadelstore.com\/it\/#website"},"primaryImageOfPage":{"@id":"https:\/\/revolutionpadelstore.com\/it\/prodotto\/adidas-metalbone-youth-3-4-2025-4\/#primaryimage"},"image":{"@id":"https:\/\/revolutionpadelstore.com\/it\/prodotto\/adidas-metalbone-youth-3-4-2025-4\/#primaryimage"},"thumbnailUrl":"https:\/\/revolutionpadelstore.com\/wp-content\/uploads\/2024\/12\/113690-pala-adidas-metalbone-youth-3-4-ar4aa0u221500x1500-1.webp","datePublished":"2024-12-06T12:02:46+00:00","dateModified":"2026-04-14T00:00:51+00:00","description":"La Metalbone Youth 3.4 de Adidas es una pala de gama alta con forma de diamante oversize con balance alto y amplia superficie de golpeo que brinda unas incre\u00edbles prestaciones en el terreno de juego desde el primer momento. Enfocada en el ataque, es la versi\u00f3n m\u00e1s ligera y c\u00f3moda de la pala Adidas Metalbone 3.4 de Ale Gal\u00e1n. Asimismo, gracias a su peso ultra ligero de 330-345 gramos, se consigue un manejo f\u00e1cil y confortable.","breadcrumb":{"@id":"https:\/\/revolutionpadelstore.com\/it\/prodotto\/adidas-metalbone-youth-3-4-2025-4\/#breadcrumb"},"inLanguage":"it-IT","potentialAction":[{"@type":"ReadAction","target":["https:\/\/revolutionpadelstore.com\/it\/prodotto\/adidas-metalbone-youth-3-4-2025-4\/"]}]},{"@type":"ImageObject","inLanguage":"it-IT","@id":"https:\/\/revolutionpadelstore.com\/it\/prodotto\/adidas-metalbone-youth-3-4-2025-4\/#primaryimage","url":"https:\/\/revolutionpadelstore.com\/wp-content\/uploads\/2024\/12\/113690-pala-adidas-metalbone-youth-3-4-ar4aa0u221500x1500-1.webp","contentUrl":"https:\/\/revolutionpadelstore.com\/wp-content\/uploads\/2024\/12\/113690-pala-adidas-metalbone-youth-3-4-ar4aa0u221500x1500-1.webp","width":1500,"height":1500},{"@type":"BreadcrumbList","@id":"https:\/\/revolutionpadelstore.com\/it\/prodotto\/adidas-metalbone-youth-3-4-2025-4\/#breadcrumb","itemListElement":[{"@type":"ListItem","position":1,"name":"Portada","item":"https:\/\/revolutionpadelstore.com\/it\/"},{"@type":"ListItem","position":2,"name":"Tienda","item":"https:\/\/revolutionpadelstore.com\/it\/tienda\/"},{"@type":"ListItem","position":3,"name":"ADIDAS METALBONE YOUTH 3.4 2025"}]},{"@type":"WebSite","@id":"https:\/\/revolutionpadelstore.com\/it\/#website","url":"https:\/\/revolutionpadelstore.com\/it\/","name":"Revolution Padel Store","description":"","publisher":{"@id":"https:\/\/revolutionpadelstore.com\/it\/#organization"},"potentialAction":[{"@type":"SearchAction","target":{"@type":"EntryPoint","urlTemplate":"https:\/\/revolutionpadelstore.com\/it\/?s={search_term_string}"},"query-input":{"@type":"PropertyValueSpecification","valueRequired":true,"valueName":"search_term_string"}}],"inLanguage":"it-IT"},{"@type":"Organization","@id":"https:\/\/revolutionpadelstore.com\/it\/#organization","name":"Revolution Padel Store","url":"https:\/\/revolutionpadelstore.com\/it\/","logo":{"@type":"ImageObject","inLanguage":"it-IT","@id":"https:\/\/revolutionpadelstore.com\/it\/#\/schema\/logo\/image\/","url":"https:\/\/revolutionpadelstore.com\/wp-content\/uploads\/2026\/02\/revolution-padel-store.jpg","contentUrl":"https:\/\/revolutionpadelstore.com\/wp-content\/uploads\/2026\/02\/revolution-padel-store.jpg","width":2000,"height":2000,"caption":"Revolution Padel Store"},"image":{"@id":"https:\/\/revolutionpadelstore.com\/it\/#\/schema\/logo\/image\/"},"sameAs":["https:\/\/www.instagram.com\/revolutionpadelstore\/"]}]}},"_links":{"self":[{"href":"https:\/\/revolutionpadelstore.com\/it\/wp-json\/wp\/v2\/product\/152976","targetHints":{"allow":["GET"]}}],"collection":[{"href":"https:\/\/revolutionpadelstore.com\/it\/wp-json\/wp\/v2\/product"}],"about":[{"href":"https:\/\/revolutionpadelstore.com\/it\/wp-json\/wp\/v2\/types\/product"}],"replies":[{"embeddable":true,"href":"https:\/\/revolutionpadelstore.com\/it\/wp-json\/wp\/v2\/comments?post=152976"}],"wp:featuredmedia":[{"embeddable":true,"href":"https:\/\/revolutionpadelstore.com\/it\/wp-json\/wp\/v2\/media\/152935"}],"wp:attachment":[{"href":"https:\/\/revolutionpadelstore.com\/it\/wp-json\/wp\/v2\/media?parent=152976"}],"wp:term":[{"taxonomy":"acabado","embeddable":true,"href":"https:\/\/revolutionpadelstore.com\/it\/wp-json\/wp\/v2\/acabado?post=152976"},{"taxonomy":"balance","embeddable":true,"href":"https:\/\/revolutionpadelstore.com\/it\/wp-json\/wp\/v2\/balance?post=152976"},{"taxonomy":"dureza","embeddable":true,"href":"https:\/\/revolutionpadelstore.com\/it\/wp-json\/wp\/v2\/dureza?post=152976"},{"taxonomy":"forma","embeddable":true,"href":"https:\/\/revolutionpadelstore.com\/it\/wp-json\/wp\/v2\/forma?post=152976"},{"taxonomy":"jugador","embeddable":true,"href":"https:\/\/revolutionpadelstore.com\/it\/wp-json\/wp\/v2\/jugador?post=152976"},{"taxonomy":"marca","embeddable":true,"href":"https:\/\/revolutionpadelstore.com\/it\/wp-json\/wp\/v2\/marca?post=152976"},{"taxonomy":"nivel-de-juego","embeddable":true,"href":"https:\/\/revolutionpadelstore.com\/it\/wp-json\/wp\/v2\/nivel-de-juego?post=152976"},{"taxonomy":"superficie","embeddable":true,"href":"https:\/\/revolutionpadelstore.com\/it\/wp-json\/wp\/v2\/superficie?post=152976"},{"taxonomy":"tipo-de-juego","embeddable":true,"href":"https:\/\/revolutionpadelstore.com\/it\/wp-json\/wp\/v2\/tipo-de-juego?post=152976"},{"taxonomy":"product_brand","embeddable":true,"href":"https:\/\/revolutionpadelstore.com\/it\/wp-json\/wp\/v2\/product_brand?post=152976"},{"taxonomy":"product_cat","embeddable":true,"href":"https:\/\/revolutionpadelstore.com\/it\/wp-json\/wp\/v2\/product_cat?post=152976"},{"taxonomy":"product_tag","embeddable":true,"href":"https:\/\/revolutionpadelstore.com\/it\/wp-json\/wp\/v2\/product_tag?post=152976"}],"curies":[{"name":"wp","href":"https:\/\/api.w.org\/{rel}","templated":true}]}}