{"id":15189,"date":"2024-04-22T15:24:00","date_gmt":"2024-04-22T13:24:00","guid":{"rendered":"https:\/\/revolutionpadelstore.com\/zapatillas-bullpadel-gemma-triay-elite-24v-blanco\/"},"modified":"2026-04-08T12:19:56","modified_gmt":"2026-04-08T10:19:56","slug":"zapatillas-bullpadel-gemma-triay-elite-24v-blanco-4","status":"publish","type":"product","link":"https:\/\/revolutionpadelstore.com\/it\/prodotto\/zapatillas-bullpadel-gemma-triay-elite-24v-blanco-4\/","title":{"rendered":"Zapatillas Bullpadel Gemma Triay Elite 24V Blanco"},"content":{"rendered":"<p>Su Revolution Padel Store troverai le scarpe perfette per i tuoi giochi di padel. Il nostro prodotto di punta, le scarpe Bullpadel Gemma Triay Elite 24V White, sono progettate con la tecnologia pi\u00f9 avanzata e un design ibrido innovativo che garantir\u00e0 prestazioni eccezionali in campo.<\/p>\n<p> Queste scarpe sono state create pensando alla giocatrice professionista Gemma Triay, quindi la loro qualit\u00e0 e comfort sono garantiti. Grazie al suo pattino ibrido, potrai adattarti a qualsiasi tipo di campo e livello di gioco, mentre i tenditori laterali ti forniranno una regolazione aggiuntiva per un migliore controllo in ogni movimento.<\/p>\n<p> Ma non \u00e8 tutto, il puntale in gomma iniettata senza cuciture protegger\u00e0 il piede e la zona delle dita, mentre l&#8217;imbottitura in lycra nel tallone le render\u00e0 ideali per i piedi pi\u00f9 delicati. Inoltre, la sua tecnologia BPS SYSTEM, con stabilizzatore posteriore, previene le distorsioni trattenendo il piede sui supporti laterali.<\/p>\n<p> Noi di Revolution Padel Store ci teniamo al tuo comfort, ecco perch\u00e9 abbiamo incorporato la tecnologia HEEL COMFORT in queste scarpe. La sua costruzione con un tessuto pi\u00f9 morbido e l&#8217;imbottitura nel tallone ti offriranno un comfort extra, particolarmente adatto per i tacchi delicati. E con la tecnologia THERMO SEALED, senza cuciture, la calzatura sar\u00e0 pi\u00f9 leggera, flessibile e resistente.<\/p>\n<p> Inoltre, le scarpe Bullpadel Gemma Triay Elite 24V Bianche sono dotate di TENSORI LATERALI, tenditori aggiuntivi sui lacci che ti daranno una vestibilit\u00e0 rinforzata per migliori prestazioni in campo. E con la tecnologia SOLE SHIELD, con una maggiore altezza della suola sui lati e sulla punta, sarai protetto dallo sfregamento contro i muri.<\/p>\n<p> Ma non \u00e8 tutto, la tecnologia THOUGHTOE, con un pezzo di rinforzo in gomma nella punta, ti offrir\u00e0 prestazioni elevate<\/p>\n","protected":false},"excerpt":{"rendered":"<p>Scopri le scarpe Bullpadel Gemma Triay Elite 24V White, progettate per adattarsi a qualsiasi campo e livello di gioco. Con tecnologie innovative e un design ibrido per maggiore grip e flessibilit\u00e0. Disponibile presso il Revolution Padel Store.<\/p>\n","protected":false},"featured_media":39858,"comment_status":"closed","ping_status":"closed","template":"","meta":{"_acf_changed":false,"_joinchat":[]},"acabado":[],"balance":[],"dureza":[],"forma":[],"jugador":[1196],"marca":[1256],"nivel-de-juego":[1341,1346],"superficie":[],"tipo-de-juego":[],"product_brand":[],"product_cat":[455],"product_tag":[],"class_list":{"0":"post-15189","1":"product","2":"type-product","3":"status-publish","4":"has-post-thumbnail","6":"jugador-mujer-it","7":"marca-bullpadel-it","8":"product_cat-sneakers-da-donna","10":"first","11":"outofstock","12":"taxable","13":"shipping-taxable","14":"purchasable","15":"product-type-variable"},"acf":[],"yoast_head":"<!-- This site is optimized with the Yoast SEO plugin v27.4 - https:\/\/yoast.com\/product\/yoast-seo-wordpress\/ -->\n<title>Zapatillas Bullpadel Gemma Triay Elite 24V Blanco - Revolution Padel Store<\/title>\n<meta name=\"description\" content=\"Descubre las zapatillas Bullpadel Gemma Triay Elite 24V Blanco, dise\u00f1adas para adaptarse a cualquier pista y nivel de juego. Con tecnolog\u00edas innovadoras y un dise\u00f1o h\u00edbrido para mayor agarre y flexibilidad. Disponible en Revolution Padel Store.\" \/>\n<meta name=\"robots\" content=\"index, follow, max-snippet:-1, max-image-preview:large, max-video-preview:-1\" \/>\n<link rel=\"canonical\" href=\"https:\/\/revolutionpadelstore.com\/it\/prodotto\/zapatillas-bullpadel-gemma-triay-elite-24v-blanco-4\/\" \/>\n<meta property=\"og:locale\" content=\"it_IT\" \/>\n<meta property=\"og:type\" content=\"article\" \/>\n<meta property=\"og:title\" content=\"Zapatillas Bullpadel Gemma Triay Elite 24V Blanco - Revolution Padel Store\" \/>\n<meta property=\"og:description\" content=\"Descubre las zapatillas Bullpadel Gemma Triay Elite 24V Blanco, dise\u00f1adas para adaptarse a cualquier pista y nivel de juego. Con tecnolog\u00edas innovadoras y un dise\u00f1o h\u00edbrido para mayor agarre y flexibilidad. Disponible en Revolution Padel Store.\" \/>\n<meta property=\"og:url\" content=\"https:\/\/revolutionpadelstore.com\/it\/prodotto\/zapatillas-bullpadel-gemma-triay-elite-24v-blanco-4\/\" \/>\n<meta property=\"og:site_name\" content=\"Revolution Padel Store\" \/>\n<meta property=\"article:modified_time\" content=\"2026-04-08T10:19:56+00:00\" \/>\n<meta property=\"og:image\" content=\"https:\/\/revolutionpadelstore.com\/wp-content\/uploads\/2024\/04\/18390-0-4.jpg\" \/>\n\t<meta property=\"og:image:width\" content=\"800\" \/>\n\t<meta property=\"og:image:height\" content=\"800\" \/>\n\t<meta property=\"og:image:type\" content=\"image\/png\" \/>\n<meta name=\"twitter:card\" content=\"summary_large_image\" \/>\n<meta name=\"twitter:label1\" content=\"Tempo di lettura stimato\" \/>\n\t<meta name=\"twitter:data1\" content=\"1 minuto\" \/>\n<script type=\"application\/ld+json\" class=\"yoast-schema-graph\">{\"@context\":\"https:\\\/\\\/schema.org\",\"@graph\":[{\"@type\":\"WebPage\",\"@id\":\"https:\\\/\\\/revolutionpadelstore.com\\\/it\\\/prodotto\\\/zapatillas-bullpadel-gemma-triay-elite-24v-blanco-4\\\/\",\"url\":\"https:\\\/\\\/revolutionpadelstore.com\\\/it\\\/prodotto\\\/zapatillas-bullpadel-gemma-triay-elite-24v-blanco-4\\\/\",\"name\":\"Zapatillas Bullpadel Gemma Triay Elite 24V Blanco - Revolution Padel Store\",\"isPartOf\":{\"@id\":\"https:\\\/\\\/revolutionpadelstore.com\\\/it\\\/#website\"},\"primaryImageOfPage\":{\"@id\":\"https:\\\/\\\/revolutionpadelstore.com\\\/it\\\/prodotto\\\/zapatillas-bullpadel-gemma-triay-elite-24v-blanco-4\\\/#primaryimage\"},\"image\":{\"@id\":\"https:\\\/\\\/revolutionpadelstore.com\\\/it\\\/prodotto\\\/zapatillas-bullpadel-gemma-triay-elite-24v-blanco-4\\\/#primaryimage\"},\"thumbnailUrl\":\"https:\\\/\\\/revolutionpadelstore.com\\\/wp-content\\\/uploads\\\/2024\\\/04\\\/18390-0-4.jpg\",\"datePublished\":\"2024-04-22T13:24:00+00:00\",\"dateModified\":\"2026-04-08T10:19:56+00:00\",\"description\":\"Descubre las zapatillas Bullpadel Gemma Triay Elite 24V Blanco, dise\u00f1adas para adaptarse a cualquier pista y nivel de juego. Con tecnolog\u00edas innovadoras y un dise\u00f1o h\u00edbrido para mayor agarre y flexibilidad. Disponible en Revolution Padel Store.\",\"breadcrumb\":{\"@id\":\"https:\\\/\\\/revolutionpadelstore.com\\\/it\\\/prodotto\\\/zapatillas-bullpadel-gemma-triay-elite-24v-blanco-4\\\/#breadcrumb\"},\"inLanguage\":\"it-IT\",\"potentialAction\":[{\"@type\":\"ReadAction\",\"target\":[\"https:\\\/\\\/revolutionpadelstore.com\\\/it\\\/prodotto\\\/zapatillas-bullpadel-gemma-triay-elite-24v-blanco-4\\\/\"]}]},{\"@type\":\"ImageObject\",\"inLanguage\":\"it-IT\",\"@id\":\"https:\\\/\\\/revolutionpadelstore.com\\\/it\\\/prodotto\\\/zapatillas-bullpadel-gemma-triay-elite-24v-blanco-4\\\/#primaryimage\",\"url\":\"https:\\\/\\\/revolutionpadelstore.com\\\/wp-content\\\/uploads\\\/2024\\\/04\\\/18390-0-4.jpg\",\"contentUrl\":\"https:\\\/\\\/revolutionpadelstore.com\\\/wp-content\\\/uploads\\\/2024\\\/04\\\/18390-0-4.jpg\",\"width\":800,\"height\":800},{\"@type\":\"BreadcrumbList\",\"@id\":\"https:\\\/\\\/revolutionpadelstore.com\\\/it\\\/prodotto\\\/zapatillas-bullpadel-gemma-triay-elite-24v-blanco-4\\\/#breadcrumb\",\"itemListElement\":[{\"@type\":\"ListItem\",\"position\":1,\"name\":\"Portada\",\"item\":\"https:\\\/\\\/revolutionpadelstore.com\\\/it\\\/\"},{\"@type\":\"ListItem\",\"position\":2,\"name\":\"Tienda\",\"item\":\"https:\\\/\\\/revolutionpadelstore.com\\\/it\\\/tienda\\\/\"},{\"@type\":\"ListItem\",\"position\":3,\"name\":\"Zapatillas Bullpadel Gemma Triay Elite 24V Blanco\"}]},{\"@type\":\"WebSite\",\"@id\":\"https:\\\/\\\/revolutionpadelstore.com\\\/it\\\/#website\",\"url\":\"https:\\\/\\\/revolutionpadelstore.com\\\/it\\\/\",\"name\":\"Revolution Padel Store\",\"description\":\"\",\"publisher\":{\"@id\":\"https:\\\/\\\/revolutionpadelstore.com\\\/it\\\/#organization\"},\"potentialAction\":[{\"@type\":\"SearchAction\",\"target\":{\"@type\":\"EntryPoint\",\"urlTemplate\":\"https:\\\/\\\/revolutionpadelstore.com\\\/it\\\/?s={search_term_string}\"},\"query-input\":{\"@type\":\"PropertyValueSpecification\",\"valueRequired\":true,\"valueName\":\"search_term_string\"}}],\"inLanguage\":\"it-IT\"},{\"@type\":\"Organization\",\"@id\":\"https:\\\/\\\/revolutionpadelstore.com\\\/it\\\/#organization\",\"name\":\"Revolution Padel Store\",\"url\":\"https:\\\/\\\/revolutionpadelstore.com\\\/it\\\/\",\"logo\":{\"@type\":\"ImageObject\",\"inLanguage\":\"it-IT\",\"@id\":\"https:\\\/\\\/revolutionpadelstore.com\\\/it\\\/#\\\/schema\\\/logo\\\/image\\\/\",\"url\":\"https:\\\/\\\/revolutionpadelstore.com\\\/wp-content\\\/uploads\\\/2026\\\/02\\\/revolution-padel-store.jpg\",\"contentUrl\":\"https:\\\/\\\/revolutionpadelstore.com\\\/wp-content\\\/uploads\\\/2026\\\/02\\\/revolution-padel-store.jpg\",\"width\":2000,\"height\":2000,\"caption\":\"Revolution Padel Store\"},\"image\":{\"@id\":\"https:\\\/\\\/revolutionpadelstore.com\\\/it\\\/#\\\/schema\\\/logo\\\/image\\\/\"},\"sameAs\":[\"https:\\\/\\\/www.instagram.com\\\/revolutionpadelstore\\\/\"]}]}<\/script>\n<!-- \/ Yoast SEO plugin. -->","yoast_head_json":{"title":"Zapatillas Bullpadel Gemma Triay Elite 24V Blanco - Revolution Padel Store","description":"Descubre las zapatillas Bullpadel Gemma Triay Elite 24V Blanco, dise\u00f1adas para adaptarse a cualquier pista y nivel de juego. Con tecnolog\u00edas innovadoras y un dise\u00f1o h\u00edbrido para mayor agarre y flexibilidad. Disponible en Revolution Padel Store.","robots":{"index":"index","follow":"follow","max-snippet":"max-snippet:-1","max-image-preview":"max-image-preview:large","max-video-preview":"max-video-preview:-1"},"canonical":"https:\/\/revolutionpadelstore.com\/it\/prodotto\/zapatillas-bullpadel-gemma-triay-elite-24v-blanco-4\/","og_locale":"it_IT","og_type":"article","og_title":"Zapatillas Bullpadel Gemma Triay Elite 24V Blanco - Revolution Padel Store","og_description":"Descubre las zapatillas Bullpadel Gemma Triay Elite 24V Blanco, dise\u00f1adas para adaptarse a cualquier pista y nivel de juego. Con tecnolog\u00edas innovadoras y un dise\u00f1o h\u00edbrido para mayor agarre y flexibilidad. Disponible en Revolution Padel Store.","og_url":"https:\/\/revolutionpadelstore.com\/it\/prodotto\/zapatillas-bullpadel-gemma-triay-elite-24v-blanco-4\/","og_site_name":"Revolution Padel Store","article_modified_time":"2026-04-08T10:19:56+00:00","og_image":[{"width":800,"height":800,"url":"https:\/\/revolutionpadelstore.com\/wp-content\/uploads\/2024\/04\/18390-0-4.jpg","type":"image\/png"}],"twitter_card":"summary_large_image","twitter_misc":{"Tempo di lettura stimato":"1 minuto"},"schema":{"@context":"https:\/\/schema.org","@graph":[{"@type":"WebPage","@id":"https:\/\/revolutionpadelstore.com\/it\/prodotto\/zapatillas-bullpadel-gemma-triay-elite-24v-blanco-4\/","url":"https:\/\/revolutionpadelstore.com\/it\/prodotto\/zapatillas-bullpadel-gemma-triay-elite-24v-blanco-4\/","name":"Zapatillas Bullpadel Gemma Triay Elite 24V Blanco - Revolution Padel Store","isPartOf":{"@id":"https:\/\/revolutionpadelstore.com\/it\/#website"},"primaryImageOfPage":{"@id":"https:\/\/revolutionpadelstore.com\/it\/prodotto\/zapatillas-bullpadel-gemma-triay-elite-24v-blanco-4\/#primaryimage"},"image":{"@id":"https:\/\/revolutionpadelstore.com\/it\/prodotto\/zapatillas-bullpadel-gemma-triay-elite-24v-blanco-4\/#primaryimage"},"thumbnailUrl":"https:\/\/revolutionpadelstore.com\/wp-content\/uploads\/2024\/04\/18390-0-4.jpg","datePublished":"2024-04-22T13:24:00+00:00","dateModified":"2026-04-08T10:19:56+00:00","description":"Descubre las zapatillas Bullpadel Gemma Triay Elite 24V Blanco, dise\u00f1adas para adaptarse a cualquier pista y nivel de juego. Con tecnolog\u00edas innovadoras y un dise\u00f1o h\u00edbrido para mayor agarre y flexibilidad. Disponible en Revolution Padel Store.","breadcrumb":{"@id":"https:\/\/revolutionpadelstore.com\/it\/prodotto\/zapatillas-bullpadel-gemma-triay-elite-24v-blanco-4\/#breadcrumb"},"inLanguage":"it-IT","potentialAction":[{"@type":"ReadAction","target":["https:\/\/revolutionpadelstore.com\/it\/prodotto\/zapatillas-bullpadel-gemma-triay-elite-24v-blanco-4\/"]}]},{"@type":"ImageObject","inLanguage":"it-IT","@id":"https:\/\/revolutionpadelstore.com\/it\/prodotto\/zapatillas-bullpadel-gemma-triay-elite-24v-blanco-4\/#primaryimage","url":"https:\/\/revolutionpadelstore.com\/wp-content\/uploads\/2024\/04\/18390-0-4.jpg","contentUrl":"https:\/\/revolutionpadelstore.com\/wp-content\/uploads\/2024\/04\/18390-0-4.jpg","width":800,"height":800},{"@type":"BreadcrumbList","@id":"https:\/\/revolutionpadelstore.com\/it\/prodotto\/zapatillas-bullpadel-gemma-triay-elite-24v-blanco-4\/#breadcrumb","itemListElement":[{"@type":"ListItem","position":1,"name":"Portada","item":"https:\/\/revolutionpadelstore.com\/it\/"},{"@type":"ListItem","position":2,"name":"Tienda","item":"https:\/\/revolutionpadelstore.com\/it\/tienda\/"},{"@type":"ListItem","position":3,"name":"Zapatillas Bullpadel Gemma Triay Elite 24V Blanco"}]},{"@type":"WebSite","@id":"https:\/\/revolutionpadelstore.com\/it\/#website","url":"https:\/\/revolutionpadelstore.com\/it\/","name":"Revolution Padel Store","description":"","publisher":{"@id":"https:\/\/revolutionpadelstore.com\/it\/#organization"},"potentialAction":[{"@type":"SearchAction","target":{"@type":"EntryPoint","urlTemplate":"https:\/\/revolutionpadelstore.com\/it\/?s={search_term_string}"},"query-input":{"@type":"PropertyValueSpecification","valueRequired":true,"valueName":"search_term_string"}}],"inLanguage":"it-IT"},{"@type":"Organization","@id":"https:\/\/revolutionpadelstore.com\/it\/#organization","name":"Revolution Padel Store","url":"https:\/\/revolutionpadelstore.com\/it\/","logo":{"@type":"ImageObject","inLanguage":"it-IT","@id":"https:\/\/revolutionpadelstore.com\/it\/#\/schema\/logo\/image\/","url":"https:\/\/revolutionpadelstore.com\/wp-content\/uploads\/2026\/02\/revolution-padel-store.jpg","contentUrl":"https:\/\/revolutionpadelstore.com\/wp-content\/uploads\/2026\/02\/revolution-padel-store.jpg","width":2000,"height":2000,"caption":"Revolution Padel Store"},"image":{"@id":"https:\/\/revolutionpadelstore.com\/it\/#\/schema\/logo\/image\/"},"sameAs":["https:\/\/www.instagram.com\/revolutionpadelstore\/"]}]}},"_links":{"self":[{"href":"https:\/\/revolutionpadelstore.com\/it\/wp-json\/wp\/v2\/product\/15189","targetHints":{"allow":["GET"]}}],"collection":[{"href":"https:\/\/revolutionpadelstore.com\/it\/wp-json\/wp\/v2\/product"}],"about":[{"href":"https:\/\/revolutionpadelstore.com\/it\/wp-json\/wp\/v2\/types\/product"}],"replies":[{"embeddable":true,"href":"https:\/\/revolutionpadelstore.com\/it\/wp-json\/wp\/v2\/comments?post=15189"}],"wp:featuredmedia":[{"embeddable":true,"href":"https:\/\/revolutionpadelstore.com\/it\/wp-json\/wp\/v2\/media\/39858"}],"wp:attachment":[{"href":"https:\/\/revolutionpadelstore.com\/it\/wp-json\/wp\/v2\/media?parent=15189"}],"wp:term":[{"taxonomy":"acabado","embeddable":true,"href":"https:\/\/revolutionpadelstore.com\/it\/wp-json\/wp\/v2\/acabado?post=15189"},{"taxonomy":"balance","embeddable":true,"href":"https:\/\/revolutionpadelstore.com\/it\/wp-json\/wp\/v2\/balance?post=15189"},{"taxonomy":"dureza","embeddable":true,"href":"https:\/\/revolutionpadelstore.com\/it\/wp-json\/wp\/v2\/dureza?post=15189"},{"taxonomy":"forma","embeddable":true,"href":"https:\/\/revolutionpadelstore.com\/it\/wp-json\/wp\/v2\/forma?post=15189"},{"taxonomy":"jugador","embeddable":true,"href":"https:\/\/revolutionpadelstore.com\/it\/wp-json\/wp\/v2\/jugador?post=15189"},{"taxonomy":"marca","embeddable":true,"href":"https:\/\/revolutionpadelstore.com\/it\/wp-json\/wp\/v2\/marca?post=15189"},{"taxonomy":"nivel-de-juego","embeddable":true,"href":"https:\/\/revolutionpadelstore.com\/it\/wp-json\/wp\/v2\/nivel-de-juego?post=15189"},{"taxonomy":"superficie","embeddable":true,"href":"https:\/\/revolutionpadelstore.com\/it\/wp-json\/wp\/v2\/superficie?post=15189"},{"taxonomy":"tipo-de-juego","embeddable":true,"href":"https:\/\/revolutionpadelstore.com\/it\/wp-json\/wp\/v2\/tipo-de-juego?post=15189"},{"taxonomy":"product_brand","embeddable":true,"href":"https:\/\/revolutionpadelstore.com\/it\/wp-json\/wp\/v2\/product_brand?post=15189"},{"taxonomy":"product_cat","embeddable":true,"href":"https:\/\/revolutionpadelstore.com\/it\/wp-json\/wp\/v2\/product_cat?post=15189"},{"taxonomy":"product_tag","embeddable":true,"href":"https:\/\/revolutionpadelstore.com\/it\/wp-json\/wp\/v2\/product_tag?post=15189"}],"curies":[{"name":"wp","href":"https:\/\/api.w.org\/{rel}","templated":true}]}}