{"id":142573,"date":"2024-11-28T20:57:52","date_gmt":"2024-11-28T19:57:52","guid":{"rendered":"https:\/\/revolutionpadelstore.com\/mochila-harlem-padel-aero\/"},"modified":"2026-04-08T09:54:40","modified_gmt":"2026-04-08T07:54:40","slug":"mochila-harlem-padel-aero-4","status":"publish","type":"product","link":"https:\/\/revolutionpadelstore.com\/it\/prodotto\/mochila-harlem-padel-aero-4\/","title":{"rendered":"MOCHILA HARLEM PADEL AERO"},"content":{"rendered":"<h2> zaino aeroloso di Harlem Padel<br \/>\nPrenditi cura del materiale pi\u00f9 prezioso che trasporta la tua pala protetta in un compartimento <\/strong> termostatico <\/strong> e al sicuro con materiale di alta qualit\u00e0 in fibra di carbonio simile<\/p>\n<p>Cabina centrale con <strong> capacit\u00e0 massima <\/strong> di prendere tutto il necessario ai tornei pi\u00f9 esigenti, come asciugamano, abbigliamento, barche a sfere, accessori e tutto il necessario per competere.<\/p>\n<p>Ha anche una scarpa <strong> ventilata.<\/p>\n<p>Ha tasche laterali per poter trasportare separatamente lo smartphone o gli occhiali, tutto ci\u00f2 che pu\u00f2 danneggiarli come chiavi e monete oltre a tutto ci\u00f2 che serve per conservare.<\/p>\n<p>Il design ergonomico \u00e8 stato sviluppato da CAD3D per assicurarti di poter trasportare comodamente tutto questo carico come se fosse uno zaino standard. Niente \u00e8 pi\u00f9 lontano dalla realt\u00e0. Il risultato, triplo corpo imbottito.<\/p>\n<h2>MOCHILA HARLEM PADEL AERO<\/h2>\n","protected":false},"excerpt":{"rendered":"<p>Prenditi cura del materiale pi\u00f9 prezioso che trasporta la tua pala protetta in un compartimento <\/strong> termostatico <\/strong> e al sicuro con materiale di alta qualit\u00e0 in fibra di carbonio simile<strong>compartimento termoest\u00e1tico<\/strong><\/p>\n","protected":false},"featured_media":130076,"comment_status":"open","ping_status":"closed","template":"","meta":{"_acf_changed":false,"_joinchat":[]},"acabado":[],"balance":[],"dureza":[],"forma":[],"jugador":[],"marca":[1236],"nivel-de-juego":[],"superficie":[],"tipo-de-juego":[],"product_brand":[],"product_cat":[318],"product_tag":[],"class_list":{"0":"post-142573","1":"product","2":"type-product","3":"status-publish","4":"has-post-thumbnail","6":"marca-harlem-padel-it","7":"product_cat-borse","9":"first","10":"outofstock","11":"sale","12":"taxable","13":"shipping-taxable","14":"purchasable","15":"product-type-simple"},"acf":[],"yoast_head":"<!-- This site is optimized with the Yoast SEO plugin v27.4 - https:\/\/yoast.com\/product\/yoast-seo-wordpress\/ -->\n<title>MOCHILA HARLEM PADEL AERO - Revolution Padel Store<\/title>\n<meta name=\"description\" content=\"Cuida tu material mas preciado llevando tu pala protegida en un\u00a0compartimento termoest\u00e1tico\u00a0y segura con material de alta calidad simil fibra de carbonoHabit\u00e1culo central con\u00a0m\u00e1xima capacidad\u00a0para llevar todo lo necesario a los torneos mas exigentes, como pueden ser tu toalla, ropa, botes de bolas, accesorios y todo lo que necesites para competir.\" \/>\n<meta name=\"robots\" content=\"index, follow, max-snippet:-1, max-image-preview:large, max-video-preview:-1\" \/>\n<link rel=\"canonical\" href=\"https:\/\/revolutionpadelstore.com\/it\/prodotto\/mochila-harlem-padel-aero-4\/\" \/>\n<meta property=\"og:locale\" content=\"it_IT\" \/>\n<meta property=\"og:type\" content=\"article\" \/>\n<meta property=\"og:title\" content=\"MOCHILA HARLEM PADEL AERO - Revolution Padel Store\" \/>\n<meta property=\"og:description\" content=\"Cuida tu material mas preciado llevando tu pala protegida en un\u00a0compartimento termoest\u00e1tico\u00a0y segura con material de alta calidad simil fibra de carbonoHabit\u00e1culo central con\u00a0m\u00e1xima capacidad\u00a0para llevar todo lo necesario a los torneos mas exigentes, como pueden ser tu toalla, ropa, botes de bolas, accesorios y todo lo que necesites para competir.\" \/>\n<meta property=\"og:url\" content=\"https:\/\/revolutionpadelstore.com\/it\/prodotto\/mochila-harlem-padel-aero-4\/\" \/>\n<meta property=\"og:site_name\" content=\"Revolution Padel Store\" \/>\n<meta property=\"article:modified_time\" content=\"2026-04-08T07:54:40+00:00\" \/>\n<meta property=\"og:image\" content=\"https:\/\/revolutionpadelstore.com\/wp-content\/uploads\/2024\/11\/179E-1.png\" \/>\n\t<meta property=\"og:image:width\" content=\"1500\" \/>\n\t<meta property=\"og:image:height\" content=\"1500\" \/>\n\t<meta property=\"og:image:type\" content=\"image\/png\" \/>\n<meta name=\"twitter:card\" content=\"summary_large_image\" \/>\n<meta name=\"twitter:label1\" content=\"Tempo di lettura stimato\" \/>\n\t<meta name=\"twitter:data1\" content=\"1 minuto\" \/>\n<script type=\"application\/ld+json\" class=\"yoast-schema-graph\">{\"@context\":\"https:\\\/\\\/schema.org\",\"@graph\":[{\"@type\":\"WebPage\",\"@id\":\"https:\\\/\\\/revolutionpadelstore.com\\\/it\\\/prodotto\\\/mochila-harlem-padel-aero-4\\\/\",\"url\":\"https:\\\/\\\/revolutionpadelstore.com\\\/it\\\/prodotto\\\/mochila-harlem-padel-aero-4\\\/\",\"name\":\"MOCHILA HARLEM PADEL AERO - Revolution Padel Store\",\"isPartOf\":{\"@id\":\"https:\\\/\\\/revolutionpadelstore.com\\\/it\\\/#website\"},\"primaryImageOfPage\":{\"@id\":\"https:\\\/\\\/revolutionpadelstore.com\\\/it\\\/prodotto\\\/mochila-harlem-padel-aero-4\\\/#primaryimage\"},\"image\":{\"@id\":\"https:\\\/\\\/revolutionpadelstore.com\\\/it\\\/prodotto\\\/mochila-harlem-padel-aero-4\\\/#primaryimage\"},\"thumbnailUrl\":\"https:\\\/\\\/revolutionpadelstore.com\\\/wp-content\\\/uploads\\\/2024\\\/11\\\/179E-1.png\",\"datePublished\":\"2024-11-28T19:57:52+00:00\",\"dateModified\":\"2026-04-08T07:54:40+00:00\",\"description\":\"Cuida tu material mas preciado llevando tu pala protegida en un\u00a0compartimento termoest\u00e1tico\u00a0y segura con material de alta calidad simil fibra de carbonoHabit\u00e1culo central con\u00a0m\u00e1xima capacidad\u00a0para llevar todo lo necesario a los torneos mas exigentes, como pueden ser tu toalla, ropa, botes de bolas, accesorios y todo lo que necesites para competir.\",\"breadcrumb\":{\"@id\":\"https:\\\/\\\/revolutionpadelstore.com\\\/it\\\/prodotto\\\/mochila-harlem-padel-aero-4\\\/#breadcrumb\"},\"inLanguage\":\"it-IT\",\"potentialAction\":[{\"@type\":\"ReadAction\",\"target\":[\"https:\\\/\\\/revolutionpadelstore.com\\\/it\\\/prodotto\\\/mochila-harlem-padel-aero-4\\\/\"]}]},{\"@type\":\"ImageObject\",\"inLanguage\":\"it-IT\",\"@id\":\"https:\\\/\\\/revolutionpadelstore.com\\\/it\\\/prodotto\\\/mochila-harlem-padel-aero-4\\\/#primaryimage\",\"url\":\"https:\\\/\\\/revolutionpadelstore.com\\\/wp-content\\\/uploads\\\/2024\\\/11\\\/179E-1.png\",\"contentUrl\":\"https:\\\/\\\/revolutionpadelstore.com\\\/wp-content\\\/uploads\\\/2024\\\/11\\\/179E-1.png\",\"width\":1500,\"height\":1500},{\"@type\":\"BreadcrumbList\",\"@id\":\"https:\\\/\\\/revolutionpadelstore.com\\\/it\\\/prodotto\\\/mochila-harlem-padel-aero-4\\\/#breadcrumb\",\"itemListElement\":[{\"@type\":\"ListItem\",\"position\":1,\"name\":\"Portada\",\"item\":\"https:\\\/\\\/revolutionpadelstore.com\\\/it\\\/\"},{\"@type\":\"ListItem\",\"position\":2,\"name\":\"Tienda\",\"item\":\"https:\\\/\\\/revolutionpadelstore.com\\\/it\\\/tienda\\\/\"},{\"@type\":\"ListItem\",\"position\":3,\"name\":\"MOCHILA HARLEM PADEL AERO\"}]},{\"@type\":\"WebSite\",\"@id\":\"https:\\\/\\\/revolutionpadelstore.com\\\/it\\\/#website\",\"url\":\"https:\\\/\\\/revolutionpadelstore.com\\\/it\\\/\",\"name\":\"Revolution Padel Store\",\"description\":\"\",\"publisher\":{\"@id\":\"https:\\\/\\\/revolutionpadelstore.com\\\/it\\\/#organization\"},\"potentialAction\":[{\"@type\":\"SearchAction\",\"target\":{\"@type\":\"EntryPoint\",\"urlTemplate\":\"https:\\\/\\\/revolutionpadelstore.com\\\/it\\\/?s={search_term_string}\"},\"query-input\":{\"@type\":\"PropertyValueSpecification\",\"valueRequired\":true,\"valueName\":\"search_term_string\"}}],\"inLanguage\":\"it-IT\"},{\"@type\":\"Organization\",\"@id\":\"https:\\\/\\\/revolutionpadelstore.com\\\/it\\\/#organization\",\"name\":\"Revolution Padel Store\",\"url\":\"https:\\\/\\\/revolutionpadelstore.com\\\/it\\\/\",\"logo\":{\"@type\":\"ImageObject\",\"inLanguage\":\"it-IT\",\"@id\":\"https:\\\/\\\/revolutionpadelstore.com\\\/it\\\/#\\\/schema\\\/logo\\\/image\\\/\",\"url\":\"https:\\\/\\\/revolutionpadelstore.com\\\/wp-content\\\/uploads\\\/2026\\\/02\\\/revolution-padel-store.jpg\",\"contentUrl\":\"https:\\\/\\\/revolutionpadelstore.com\\\/wp-content\\\/uploads\\\/2026\\\/02\\\/revolution-padel-store.jpg\",\"width\":2000,\"height\":2000,\"caption\":\"Revolution Padel Store\"},\"image\":{\"@id\":\"https:\\\/\\\/revolutionpadelstore.com\\\/it\\\/#\\\/schema\\\/logo\\\/image\\\/\"},\"sameAs\":[\"https:\\\/\\\/www.instagram.com\\\/revolutionpadelstore\\\/\"]}]}<\/script>\n<!-- \/ Yoast SEO plugin. -->","yoast_head_json":{"title":"MOCHILA HARLEM PADEL AERO - Revolution Padel Store","description":"Cuida tu material mas preciado llevando tu pala protegida en un\u00a0compartimento termoest\u00e1tico\u00a0y segura con material de alta calidad simil fibra de carbonoHabit\u00e1culo central con\u00a0m\u00e1xima capacidad\u00a0para llevar todo lo necesario a los torneos mas exigentes, como pueden ser tu toalla, ropa, botes de bolas, accesorios y todo lo que necesites para competir.","robots":{"index":"index","follow":"follow","max-snippet":"max-snippet:-1","max-image-preview":"max-image-preview:large","max-video-preview":"max-video-preview:-1"},"canonical":"https:\/\/revolutionpadelstore.com\/it\/prodotto\/mochila-harlem-padel-aero-4\/","og_locale":"it_IT","og_type":"article","og_title":"MOCHILA HARLEM PADEL AERO - Revolution Padel Store","og_description":"Cuida tu material mas preciado llevando tu pala protegida en un\u00a0compartimento termoest\u00e1tico\u00a0y segura con material de alta calidad simil fibra de carbonoHabit\u00e1culo central con\u00a0m\u00e1xima capacidad\u00a0para llevar todo lo necesario a los torneos mas exigentes, como pueden ser tu toalla, ropa, botes de bolas, accesorios y todo lo que necesites para competir.","og_url":"https:\/\/revolutionpadelstore.com\/it\/prodotto\/mochila-harlem-padel-aero-4\/","og_site_name":"Revolution Padel Store","article_modified_time":"2026-04-08T07:54:40+00:00","og_image":[{"width":1500,"height":1500,"url":"https:\/\/revolutionpadelstore.com\/wp-content\/uploads\/2024\/11\/179E-1.png","type":"image\/png"}],"twitter_card":"summary_large_image","twitter_misc":{"Tempo di lettura stimato":"1 minuto"},"schema":{"@context":"https:\/\/schema.org","@graph":[{"@type":"WebPage","@id":"https:\/\/revolutionpadelstore.com\/it\/prodotto\/mochila-harlem-padel-aero-4\/","url":"https:\/\/revolutionpadelstore.com\/it\/prodotto\/mochila-harlem-padel-aero-4\/","name":"MOCHILA HARLEM PADEL AERO - Revolution Padel Store","isPartOf":{"@id":"https:\/\/revolutionpadelstore.com\/it\/#website"},"primaryImageOfPage":{"@id":"https:\/\/revolutionpadelstore.com\/it\/prodotto\/mochila-harlem-padel-aero-4\/#primaryimage"},"image":{"@id":"https:\/\/revolutionpadelstore.com\/it\/prodotto\/mochila-harlem-padel-aero-4\/#primaryimage"},"thumbnailUrl":"https:\/\/revolutionpadelstore.com\/wp-content\/uploads\/2024\/11\/179E-1.png","datePublished":"2024-11-28T19:57:52+00:00","dateModified":"2026-04-08T07:54:40+00:00","description":"Cuida tu material mas preciado llevando tu pala protegida en un\u00a0compartimento termoest\u00e1tico\u00a0y segura con material de alta calidad simil fibra de carbonoHabit\u00e1culo central con\u00a0m\u00e1xima capacidad\u00a0para llevar todo lo necesario a los torneos mas exigentes, como pueden ser tu toalla, ropa, botes de bolas, accesorios y todo lo que necesites para competir.","breadcrumb":{"@id":"https:\/\/revolutionpadelstore.com\/it\/prodotto\/mochila-harlem-padel-aero-4\/#breadcrumb"},"inLanguage":"it-IT","potentialAction":[{"@type":"ReadAction","target":["https:\/\/revolutionpadelstore.com\/it\/prodotto\/mochila-harlem-padel-aero-4\/"]}]},{"@type":"ImageObject","inLanguage":"it-IT","@id":"https:\/\/revolutionpadelstore.com\/it\/prodotto\/mochila-harlem-padel-aero-4\/#primaryimage","url":"https:\/\/revolutionpadelstore.com\/wp-content\/uploads\/2024\/11\/179E-1.png","contentUrl":"https:\/\/revolutionpadelstore.com\/wp-content\/uploads\/2024\/11\/179E-1.png","width":1500,"height":1500},{"@type":"BreadcrumbList","@id":"https:\/\/revolutionpadelstore.com\/it\/prodotto\/mochila-harlem-padel-aero-4\/#breadcrumb","itemListElement":[{"@type":"ListItem","position":1,"name":"Portada","item":"https:\/\/revolutionpadelstore.com\/it\/"},{"@type":"ListItem","position":2,"name":"Tienda","item":"https:\/\/revolutionpadelstore.com\/it\/tienda\/"},{"@type":"ListItem","position":3,"name":"MOCHILA HARLEM PADEL AERO"}]},{"@type":"WebSite","@id":"https:\/\/revolutionpadelstore.com\/it\/#website","url":"https:\/\/revolutionpadelstore.com\/it\/","name":"Revolution Padel Store","description":"","publisher":{"@id":"https:\/\/revolutionpadelstore.com\/it\/#organization"},"potentialAction":[{"@type":"SearchAction","target":{"@type":"EntryPoint","urlTemplate":"https:\/\/revolutionpadelstore.com\/it\/?s={search_term_string}"},"query-input":{"@type":"PropertyValueSpecification","valueRequired":true,"valueName":"search_term_string"}}],"inLanguage":"it-IT"},{"@type":"Organization","@id":"https:\/\/revolutionpadelstore.com\/it\/#organization","name":"Revolution Padel Store","url":"https:\/\/revolutionpadelstore.com\/it\/","logo":{"@type":"ImageObject","inLanguage":"it-IT","@id":"https:\/\/revolutionpadelstore.com\/it\/#\/schema\/logo\/image\/","url":"https:\/\/revolutionpadelstore.com\/wp-content\/uploads\/2026\/02\/revolution-padel-store.jpg","contentUrl":"https:\/\/revolutionpadelstore.com\/wp-content\/uploads\/2026\/02\/revolution-padel-store.jpg","width":2000,"height":2000,"caption":"Revolution Padel Store"},"image":{"@id":"https:\/\/revolutionpadelstore.com\/it\/#\/schema\/logo\/image\/"},"sameAs":["https:\/\/www.instagram.com\/revolutionpadelstore\/"]}]}},"_links":{"self":[{"href":"https:\/\/revolutionpadelstore.com\/it\/wp-json\/wp\/v2\/product\/142573","targetHints":{"allow":["GET"]}}],"collection":[{"href":"https:\/\/revolutionpadelstore.com\/it\/wp-json\/wp\/v2\/product"}],"about":[{"href":"https:\/\/revolutionpadelstore.com\/it\/wp-json\/wp\/v2\/types\/product"}],"replies":[{"embeddable":true,"href":"https:\/\/revolutionpadelstore.com\/it\/wp-json\/wp\/v2\/comments?post=142573"}],"wp:featuredmedia":[{"embeddable":true,"href":"https:\/\/revolutionpadelstore.com\/it\/wp-json\/wp\/v2\/media\/130076"}],"wp:attachment":[{"href":"https:\/\/revolutionpadelstore.com\/it\/wp-json\/wp\/v2\/media?parent=142573"}],"wp:term":[{"taxonomy":"acabado","embeddable":true,"href":"https:\/\/revolutionpadelstore.com\/it\/wp-json\/wp\/v2\/acabado?post=142573"},{"taxonomy":"balance","embeddable":true,"href":"https:\/\/revolutionpadelstore.com\/it\/wp-json\/wp\/v2\/balance?post=142573"},{"taxonomy":"dureza","embeddable":true,"href":"https:\/\/revolutionpadelstore.com\/it\/wp-json\/wp\/v2\/dureza?post=142573"},{"taxonomy":"forma","embeddable":true,"href":"https:\/\/revolutionpadelstore.com\/it\/wp-json\/wp\/v2\/forma?post=142573"},{"taxonomy":"jugador","embeddable":true,"href":"https:\/\/revolutionpadelstore.com\/it\/wp-json\/wp\/v2\/jugador?post=142573"},{"taxonomy":"marca","embeddable":true,"href":"https:\/\/revolutionpadelstore.com\/it\/wp-json\/wp\/v2\/marca?post=142573"},{"taxonomy":"nivel-de-juego","embeddable":true,"href":"https:\/\/revolutionpadelstore.com\/it\/wp-json\/wp\/v2\/nivel-de-juego?post=142573"},{"taxonomy":"superficie","embeddable":true,"href":"https:\/\/revolutionpadelstore.com\/it\/wp-json\/wp\/v2\/superficie?post=142573"},{"taxonomy":"tipo-de-juego","embeddable":true,"href":"https:\/\/revolutionpadelstore.com\/it\/wp-json\/wp\/v2\/tipo-de-juego?post=142573"},{"taxonomy":"product_brand","embeddable":true,"href":"https:\/\/revolutionpadelstore.com\/it\/wp-json\/wp\/v2\/product_brand?post=142573"},{"taxonomy":"product_cat","embeddable":true,"href":"https:\/\/revolutionpadelstore.com\/it\/wp-json\/wp\/v2\/product_cat?post=142573"},{"taxonomy":"product_tag","embeddable":true,"href":"https:\/\/revolutionpadelstore.com\/it\/wp-json\/wp\/v2\/product_tag?post=142573"}],"curies":[{"name":"wp","href":"https:\/\/api.w.org\/{rel}","templated":true}]}}