{"id":142452,"date":"2024-12-05T12:12:25","date_gmt":"2024-12-05T11:12:25","guid":{"rendered":"https:\/\/revolutionpadelstore.com\/?post_type=product&#038;p=142452"},"modified":"2026-04-27T14:00:40","modified_gmt":"2026-04-27T12:00:40","slug":"siux-pegasus-revolution-2-pro-4","status":"publish","type":"product","link":"https:\/\/revolutionpadelstore.com\/it\/prodotto\/siux-pegasus-revolution-2-pro-4\/","title":{"rendered":"SIUX PEGASUS REVOLUTION 2 PRO"},"content":{"rendered":"<h2> <strong> Siux Pegasus Revolution 2: una pala ibrida ad alte prestazioni <\/strong> <\/h2>\n<p>Il <strong> Siux Pegasus Revolution 2 <\/strong> \u00e8 un modello di modello innovativo e progettato specificamente per giocatori e professionisti avanzati che cercano di massimizzare le loro prestazioni in pista. Il suo design si distingue per combinare eleganza con una potenza superiore.<\/p>\n<p>Questa pala ibrida ha un <strong> medio equilibrio <\/strong>, che gli d\u00e0 grande versatilit\u00e0 nel gioco. Con un peso compreso tra 355 e 375 grammi, offre un&#8217;eccellente combinazione di precisione e potenza in ogni colpo, adattandosi perfettamente alle esigenze dei giocatori pi\u00f9 esigenti.<\/p>\n<h2> <strong> tocco duro medio per il controllo bilanciato e la potenza <\/strong> <\/h2>\n<p>Il nucleo di <strong> di alta qualit\u00e0 Eva gomma <\/strong> garantisce una miscela ideale di elasticit\u00e0 e fermezza, fornendo il perfetto equilibrio tra controllo e potenza. I volti fabbricati con <strong> 24k X-Carbon <\/strong> offrono un tocco a met\u00e0-tova che ottimizza le prestazioni in ogni colpo. Il tubolare <strong> 12K <\/strong> aggiunge resistenza e durata, garantendo un alto livello di prestazioni per un lungo periodo di tempo.<\/p>\n<h2> <strong> tecnologia avanzata per prestazioni migliori <\/strong> <\/h2>\n<p>Realizzata con materiali di alta qualit\u00e0, la pala sembra una finitura nera brillante con dettagli viola nella cornice e nel cuore, dandogli un tocco moderno e sofisticato. Inoltre, il <strong> doppia presa PR <\/strong> garantisce una presa ferma e confortevole anche nei momenti pi\u00f9 intensi della festa. D&#8217;altra parte, i smorzatori <strong> shockut <\/strong> incorporati aiutano a ridurre al minimo le vibrazioni, aumentando il comfort e il controllo.<\/p>\n<h2> <strong> Una pala per i giocatori pi\u00f9 esigenti <\/strong> <\/h2>\n<p>In breve, il <strong> Siux Pegasus Revolution 2 <\/strong> \u00e8 una pala progettata per coloro che cercano eccellenza in pista. Il suo equilibrio tra controllo e potenza, insieme alla sua costruzione nei materiali premium e al suo design attraente, lo rende un&#8217;opzione eccezionale per i giocatori che aspirano a prestazioni pi\u00f9 elevate in ogni partita.<\/p>\n<h2><strong>Siux Pegasus Revolution 2: una pala h\u00edbrida de alto rendimiento<\/strong><\/p>\n","protected":false},"excerpt":{"rendered":"<p>Siux Pegasus Revolution 2, paletta di qualit\u00e0 premium della gamma di serie Pro. Pala ibrida per giocatori di media tatto avanzati o professionali con carbonio X-carbon a 24k.<\/p>\n","protected":false},"featured_media":154971,"comment_status":"open","ping_status":"closed","template":"","meta":{"_acf_changed":false,"_joinchat":[]},"acabado":[1081],"balance":[1141],"dureza":[1161],"forma":[1176],"jugador":[1201,1191],"marca":[1306],"nivel-de-juego":[1336],"superficie":[1356],"tipo-de-juego":[1386],"product_brand":[],"product_cat":[301],"product_tag":[],"class_list":{"0":"post-142452","1":"product","2":"type-product","3":"status-publish","4":"has-post-thumbnail","6":"acabado-luminosita","7":"balance-medio-it","8":"dureza-dura-it","9":"forma-ibrido","10":"jugador-multiuso","11":"jugador-uomo","12":"marca-siux-it","13":"superficie-lisa-it","14":"tipo-de-juego-multiuso","15":"product_cat-palas-de-padel-it","17":"first","18":"instock","19":"sale","20":"taxable","21":"shipping-taxable","22":"purchasable","23":"product-type-simple"},"acf":[],"yoast_head":"<!-- This site is optimized with the Yoast SEO plugin v27.5 - https:\/\/yoast.com\/product\/yoast-seo-wordpress\/ -->\n<title>SIUX PEGASUS REVOLUTION 2 PRO - Revolution Padel Store<\/title>\n<meta name=\"description\" content=\"La Siux Pegasus Revolution 2 es una pala de p\u00e1del innovadora y dise\u00f1ada espec\u00edficamente para jugadores avanzados y profesionales que buscan maximizar su desempe\u00f1o en la pista. Su dise\u00f1o destaca por combinar elegancia con una potencia superior.\" \/>\n<meta name=\"robots\" content=\"index, follow, max-snippet:-1, max-image-preview:large, max-video-preview:-1\" \/>\n<link rel=\"canonical\" href=\"https:\/\/revolutionpadelstore.com\/it\/prodotto\/siux-pegasus-revolution-2-pro-4\/\" \/>\n<meta property=\"og:locale\" content=\"it_IT\" \/>\n<meta property=\"og:type\" content=\"article\" \/>\n<meta property=\"og:title\" content=\"SIUX PEGASUS REVOLUTION 2 PRO - Revolution Padel Store\" \/>\n<meta property=\"og:description\" content=\"La Siux Pegasus Revolution 2 es una pala de p\u00e1del innovadora y dise\u00f1ada espec\u00edficamente para jugadores avanzados y profesionales que buscan maximizar su desempe\u00f1o en la pista. Su dise\u00f1o destaca por combinar elegancia con una potencia superior.\" \/>\n<meta property=\"og:url\" content=\"https:\/\/revolutionpadelstore.com\/it\/prodotto\/siux-pegasus-revolution-2-pro-4\/\" \/>\n<meta property=\"og:site_name\" content=\"Revolution Padel Store\" \/>\n<meta property=\"article:modified_time\" content=\"2026-04-27T12:00:40+00:00\" \/>\n<meta property=\"og:image\" content=\"https:\/\/revolutionpadelstore.com\/wp-content\/uploads\/2024\/12\/109481_siux_pegasus_revolution_2_1500x1500_vista1_c90d.webp\" \/>\n\t<meta property=\"og:image:width\" content=\"1500\" \/>\n\t<meta property=\"og:image:height\" content=\"1500\" \/>\n\t<meta property=\"og:image:type\" content=\"image\/webp\" \/>\n<meta name=\"twitter:card\" content=\"summary_large_image\" \/>\n<meta name=\"twitter:label1\" content=\"Tempo di lettura stimato\" \/>\n\t<meta name=\"twitter:data1\" content=\"1 minuto\" \/>\n<script type=\"application\/ld+json\" class=\"yoast-schema-graph\">{\"@context\":\"https:\\\/\\\/schema.org\",\"@graph\":[{\"@type\":\"WebPage\",\"@id\":\"https:\\\/\\\/revolutionpadelstore.com\\\/it\\\/prodotto\\\/siux-pegasus-revolution-2-pro-4\\\/\",\"url\":\"https:\\\/\\\/revolutionpadelstore.com\\\/it\\\/prodotto\\\/siux-pegasus-revolution-2-pro-4\\\/\",\"name\":\"SIUX PEGASUS REVOLUTION 2 PRO - Revolution Padel Store\",\"isPartOf\":{\"@id\":\"https:\\\/\\\/revolutionpadelstore.com\\\/it\\\/#website\"},\"primaryImageOfPage\":{\"@id\":\"https:\\\/\\\/revolutionpadelstore.com\\\/it\\\/prodotto\\\/siux-pegasus-revolution-2-pro-4\\\/#primaryimage\"},\"image\":{\"@id\":\"https:\\\/\\\/revolutionpadelstore.com\\\/it\\\/prodotto\\\/siux-pegasus-revolution-2-pro-4\\\/#primaryimage\"},\"thumbnailUrl\":\"https:\\\/\\\/revolutionpadelstore.com\\\/wp-content\\\/uploads\\\/2024\\\/12\\\/109481_siux_pegasus_revolution_2_1500x1500_vista1_c90d.webp\",\"datePublished\":\"2024-12-05T11:12:25+00:00\",\"dateModified\":\"2026-04-27T12:00:40+00:00\",\"description\":\"La Siux Pegasus Revolution 2 es una pala de p\u00e1del innovadora y dise\u00f1ada espec\u00edficamente para jugadores avanzados y profesionales que buscan maximizar su desempe\u00f1o en la pista. Su dise\u00f1o destaca por combinar elegancia con una potencia superior.\",\"breadcrumb\":{\"@id\":\"https:\\\/\\\/revolutionpadelstore.com\\\/it\\\/prodotto\\\/siux-pegasus-revolution-2-pro-4\\\/#breadcrumb\"},\"inLanguage\":\"it-IT\",\"potentialAction\":[{\"@type\":\"ReadAction\",\"target\":[\"https:\\\/\\\/revolutionpadelstore.com\\\/it\\\/prodotto\\\/siux-pegasus-revolution-2-pro-4\\\/\"]}]},{\"@type\":\"ImageObject\",\"inLanguage\":\"it-IT\",\"@id\":\"https:\\\/\\\/revolutionpadelstore.com\\\/it\\\/prodotto\\\/siux-pegasus-revolution-2-pro-4\\\/#primaryimage\",\"url\":\"https:\\\/\\\/revolutionpadelstore.com\\\/wp-content\\\/uploads\\\/2024\\\/12\\\/109481_siux_pegasus_revolution_2_1500x1500_vista1_c90d.webp\",\"contentUrl\":\"https:\\\/\\\/revolutionpadelstore.com\\\/wp-content\\\/uploads\\\/2024\\\/12\\\/109481_siux_pegasus_revolution_2_1500x1500_vista1_c90d.webp\",\"width\":1500,\"height\":1500},{\"@type\":\"BreadcrumbList\",\"@id\":\"https:\\\/\\\/revolutionpadelstore.com\\\/it\\\/prodotto\\\/siux-pegasus-revolution-2-pro-4\\\/#breadcrumb\",\"itemListElement\":[{\"@type\":\"ListItem\",\"position\":1,\"name\":\"Portada\",\"item\":\"https:\\\/\\\/revolutionpadelstore.com\\\/it\\\/\"},{\"@type\":\"ListItem\",\"position\":2,\"name\":\"Tienda\",\"item\":\"https:\\\/\\\/revolutionpadelstore.com\\\/it\\\/tienda\\\/\"},{\"@type\":\"ListItem\",\"position\":3,\"name\":\"SIUX PEGASUS REVOLUTION 2 PRO\"}]},{\"@type\":\"WebSite\",\"@id\":\"https:\\\/\\\/revolutionpadelstore.com\\\/it\\\/#website\",\"url\":\"https:\\\/\\\/revolutionpadelstore.com\\\/it\\\/\",\"name\":\"Revolution Padel Store\",\"description\":\"\",\"publisher\":{\"@id\":\"https:\\\/\\\/revolutionpadelstore.com\\\/it\\\/#organization\"},\"potentialAction\":[{\"@type\":\"SearchAction\",\"target\":{\"@type\":\"EntryPoint\",\"urlTemplate\":\"https:\\\/\\\/revolutionpadelstore.com\\\/it\\\/?s={search_term_string}\"},\"query-input\":{\"@type\":\"PropertyValueSpecification\",\"valueRequired\":true,\"valueName\":\"search_term_string\"}}],\"inLanguage\":\"it-IT\"},{\"@type\":\"Organization\",\"@id\":\"https:\\\/\\\/revolutionpadelstore.com\\\/it\\\/#organization\",\"name\":\"Revolution Padel Store\",\"url\":\"https:\\\/\\\/revolutionpadelstore.com\\\/it\\\/\",\"logo\":{\"@type\":\"ImageObject\",\"inLanguage\":\"it-IT\",\"@id\":\"https:\\\/\\\/revolutionpadelstore.com\\\/it\\\/#\\\/schema\\\/logo\\\/image\\\/\",\"url\":\"https:\\\/\\\/revolutionpadelstore.com\\\/wp-content\\\/uploads\\\/2026\\\/02\\\/revolution-padel-store.jpg\",\"contentUrl\":\"https:\\\/\\\/revolutionpadelstore.com\\\/wp-content\\\/uploads\\\/2026\\\/02\\\/revolution-padel-store.jpg\",\"width\":2000,\"height\":2000,\"caption\":\"Revolution Padel Store\"},\"image\":{\"@id\":\"https:\\\/\\\/revolutionpadelstore.com\\\/it\\\/#\\\/schema\\\/logo\\\/image\\\/\"},\"sameAs\":[\"https:\\\/\\\/www.instagram.com\\\/revolutionpadelstore\\\/\"]}]}<\/script>\n<!-- \/ Yoast SEO plugin. -->","yoast_head_json":{"title":"SIUX PEGASUS REVOLUTION 2 PRO - Revolution Padel Store","description":"La Siux Pegasus Revolution 2 es una pala de p\u00e1del innovadora y dise\u00f1ada espec\u00edficamente para jugadores avanzados y profesionales que buscan maximizar su desempe\u00f1o en la pista. Su dise\u00f1o destaca por combinar elegancia con una potencia superior.","robots":{"index":"index","follow":"follow","max-snippet":"max-snippet:-1","max-image-preview":"max-image-preview:large","max-video-preview":"max-video-preview:-1"},"canonical":"https:\/\/revolutionpadelstore.com\/it\/prodotto\/siux-pegasus-revolution-2-pro-4\/","og_locale":"it_IT","og_type":"article","og_title":"SIUX PEGASUS REVOLUTION 2 PRO - Revolution Padel Store","og_description":"La Siux Pegasus Revolution 2 es una pala de p\u00e1del innovadora y dise\u00f1ada espec\u00edficamente para jugadores avanzados y profesionales que buscan maximizar su desempe\u00f1o en la pista. Su dise\u00f1o destaca por combinar elegancia con una potencia superior.","og_url":"https:\/\/revolutionpadelstore.com\/it\/prodotto\/siux-pegasus-revolution-2-pro-4\/","og_site_name":"Revolution Padel Store","article_modified_time":"2026-04-27T12:00:40+00:00","og_image":[{"width":1500,"height":1500,"url":"https:\/\/revolutionpadelstore.com\/wp-content\/uploads\/2024\/12\/109481_siux_pegasus_revolution_2_1500x1500_vista1_c90d.webp","type":"image\/webp"}],"twitter_card":"summary_large_image","twitter_misc":{"Tempo di lettura stimato":"1 minuto"},"schema":{"@context":"https:\/\/schema.org","@graph":[{"@type":"WebPage","@id":"https:\/\/revolutionpadelstore.com\/it\/prodotto\/siux-pegasus-revolution-2-pro-4\/","url":"https:\/\/revolutionpadelstore.com\/it\/prodotto\/siux-pegasus-revolution-2-pro-4\/","name":"SIUX PEGASUS REVOLUTION 2 PRO - Revolution Padel Store","isPartOf":{"@id":"https:\/\/revolutionpadelstore.com\/it\/#website"},"primaryImageOfPage":{"@id":"https:\/\/revolutionpadelstore.com\/it\/prodotto\/siux-pegasus-revolution-2-pro-4\/#primaryimage"},"image":{"@id":"https:\/\/revolutionpadelstore.com\/it\/prodotto\/siux-pegasus-revolution-2-pro-4\/#primaryimage"},"thumbnailUrl":"https:\/\/revolutionpadelstore.com\/wp-content\/uploads\/2024\/12\/109481_siux_pegasus_revolution_2_1500x1500_vista1_c90d.webp","datePublished":"2024-12-05T11:12:25+00:00","dateModified":"2026-04-27T12:00:40+00:00","description":"La Siux Pegasus Revolution 2 es una pala de p\u00e1del innovadora y dise\u00f1ada espec\u00edficamente para jugadores avanzados y profesionales que buscan maximizar su desempe\u00f1o en la pista. Su dise\u00f1o destaca por combinar elegancia con una potencia superior.","breadcrumb":{"@id":"https:\/\/revolutionpadelstore.com\/it\/prodotto\/siux-pegasus-revolution-2-pro-4\/#breadcrumb"},"inLanguage":"it-IT","potentialAction":[{"@type":"ReadAction","target":["https:\/\/revolutionpadelstore.com\/it\/prodotto\/siux-pegasus-revolution-2-pro-4\/"]}]},{"@type":"ImageObject","inLanguage":"it-IT","@id":"https:\/\/revolutionpadelstore.com\/it\/prodotto\/siux-pegasus-revolution-2-pro-4\/#primaryimage","url":"https:\/\/revolutionpadelstore.com\/wp-content\/uploads\/2024\/12\/109481_siux_pegasus_revolution_2_1500x1500_vista1_c90d.webp","contentUrl":"https:\/\/revolutionpadelstore.com\/wp-content\/uploads\/2024\/12\/109481_siux_pegasus_revolution_2_1500x1500_vista1_c90d.webp","width":1500,"height":1500},{"@type":"BreadcrumbList","@id":"https:\/\/revolutionpadelstore.com\/it\/prodotto\/siux-pegasus-revolution-2-pro-4\/#breadcrumb","itemListElement":[{"@type":"ListItem","position":1,"name":"Portada","item":"https:\/\/revolutionpadelstore.com\/it\/"},{"@type":"ListItem","position":2,"name":"Tienda","item":"https:\/\/revolutionpadelstore.com\/it\/tienda\/"},{"@type":"ListItem","position":3,"name":"SIUX PEGASUS REVOLUTION 2 PRO"}]},{"@type":"WebSite","@id":"https:\/\/revolutionpadelstore.com\/it\/#website","url":"https:\/\/revolutionpadelstore.com\/it\/","name":"Revolution Padel Store","description":"","publisher":{"@id":"https:\/\/revolutionpadelstore.com\/it\/#organization"},"potentialAction":[{"@type":"SearchAction","target":{"@type":"EntryPoint","urlTemplate":"https:\/\/revolutionpadelstore.com\/it\/?s={search_term_string}"},"query-input":{"@type":"PropertyValueSpecification","valueRequired":true,"valueName":"search_term_string"}}],"inLanguage":"it-IT"},{"@type":"Organization","@id":"https:\/\/revolutionpadelstore.com\/it\/#organization","name":"Revolution Padel Store","url":"https:\/\/revolutionpadelstore.com\/it\/","logo":{"@type":"ImageObject","inLanguage":"it-IT","@id":"https:\/\/revolutionpadelstore.com\/it\/#\/schema\/logo\/image\/","url":"https:\/\/revolutionpadelstore.com\/wp-content\/uploads\/2026\/02\/revolution-padel-store.jpg","contentUrl":"https:\/\/revolutionpadelstore.com\/wp-content\/uploads\/2026\/02\/revolution-padel-store.jpg","width":2000,"height":2000,"caption":"Revolution Padel Store"},"image":{"@id":"https:\/\/revolutionpadelstore.com\/it\/#\/schema\/logo\/image\/"},"sameAs":["https:\/\/www.instagram.com\/revolutionpadelstore\/"]}]}},"_links":{"self":[{"href":"https:\/\/revolutionpadelstore.com\/it\/wp-json\/wp\/v2\/product\/142452","targetHints":{"allow":["GET"]}}],"collection":[{"href":"https:\/\/revolutionpadelstore.com\/it\/wp-json\/wp\/v2\/product"}],"about":[{"href":"https:\/\/revolutionpadelstore.com\/it\/wp-json\/wp\/v2\/types\/product"}],"replies":[{"embeddable":true,"href":"https:\/\/revolutionpadelstore.com\/it\/wp-json\/wp\/v2\/comments?post=142452"}],"wp:featuredmedia":[{"embeddable":true,"href":"https:\/\/revolutionpadelstore.com\/it\/wp-json\/wp\/v2\/media\/154971"}],"wp:attachment":[{"href":"https:\/\/revolutionpadelstore.com\/it\/wp-json\/wp\/v2\/media?parent=142452"}],"wp:term":[{"taxonomy":"acabado","embeddable":true,"href":"https:\/\/revolutionpadelstore.com\/it\/wp-json\/wp\/v2\/acabado?post=142452"},{"taxonomy":"balance","embeddable":true,"href":"https:\/\/revolutionpadelstore.com\/it\/wp-json\/wp\/v2\/balance?post=142452"},{"taxonomy":"dureza","embeddable":true,"href":"https:\/\/revolutionpadelstore.com\/it\/wp-json\/wp\/v2\/dureza?post=142452"},{"taxonomy":"forma","embeddable":true,"href":"https:\/\/revolutionpadelstore.com\/it\/wp-json\/wp\/v2\/forma?post=142452"},{"taxonomy":"jugador","embeddable":true,"href":"https:\/\/revolutionpadelstore.com\/it\/wp-json\/wp\/v2\/jugador?post=142452"},{"taxonomy":"marca","embeddable":true,"href":"https:\/\/revolutionpadelstore.com\/it\/wp-json\/wp\/v2\/marca?post=142452"},{"taxonomy":"nivel-de-juego","embeddable":true,"href":"https:\/\/revolutionpadelstore.com\/it\/wp-json\/wp\/v2\/nivel-de-juego?post=142452"},{"taxonomy":"superficie","embeddable":true,"href":"https:\/\/revolutionpadelstore.com\/it\/wp-json\/wp\/v2\/superficie?post=142452"},{"taxonomy":"tipo-de-juego","embeddable":true,"href":"https:\/\/revolutionpadelstore.com\/it\/wp-json\/wp\/v2\/tipo-de-juego?post=142452"},{"taxonomy":"product_brand","embeddable":true,"href":"https:\/\/revolutionpadelstore.com\/it\/wp-json\/wp\/v2\/product_brand?post=142452"},{"taxonomy":"product_cat","embeddable":true,"href":"https:\/\/revolutionpadelstore.com\/it\/wp-json\/wp\/v2\/product_cat?post=142452"},{"taxonomy":"product_tag","embeddable":true,"href":"https:\/\/revolutionpadelstore.com\/it\/wp-json\/wp\/v2\/product_tag?post=142452"}],"curies":[{"name":"wp","href":"https:\/\/api.w.org\/{rel}","templated":true}]}}