{"id":14059,"date":"2024-03-21T14:35:21","date_gmt":"2024-03-21T13:35:21","guid":{"rendered":"https:\/\/revolutionpadelstore.com\/rs-padel-pro-edition-simon-vasquez\/"},"modified":"2026-04-08T14:55:48","modified_gmt":"2026-04-08T12:55:48","slug":"rs-padel-pro-edition-simon-vasquez-4","status":"publish","type":"product","link":"https:\/\/revolutionpadelstore.com\/it\/prodotto\/rs-padel-pro-edition-simon-vasquez-4\/","title":{"rendered":"RS PADEL PRO EDITION SIMON VASQUEZ"},"content":{"rendered":"<p>Acquista la racchetta da padel RS Padel Pro Edition Simon Vasquez su Revolution Padel Store e goditi un&#8217;esperienza di gioco unica. Questa racchetta da padel \u00e8 perfetta per i giocatori adulti di livello avanzato che cercano uno stile di gioco offensivo e potente. Con un equilibrio elevato e un ampio punto debole, sarai in grado di eseguire potenti smash e attacchi solidi e precisi.<\/p>\n<p>La doppia struttura parallela dei fori rende questa racchetta leggera e manovrabile, permettendoti di trovare i colpi migliori e piazzare la palla con facilit\u00e0. Inoltre, il suo design a forma di diamante e i colori nero opaco e argento gli conferiscono un aspetto elegante e moderno.<\/p>\n<p>Ma non \u00e8 solo il suo design a distinguerla, la racchetta RS Padel Pro Edition Simon Vasquez possiede caratteristiche tecniche di alta qualit\u00e0. Il suo telaio in carbonio ad alta resistenza garantisce una lunga durata, mentre le facce in carbonio 12K con finitura ruvida ti permetteranno di eseguire diversi tipi di tiri con grande efficacia.<\/p>\n<p>L&#8217;anima in gomma EVA Soft offre una sensazione confortevole e priva di vibrazioni, mentre la finitura con rinforzi in carbonio solido ti aiuter\u00e0 a ottenere lanci rapidi e precisi. Inoltre, il collo della racchetta \u00e8 dotato di due fori triangolari per aggiungere aerodinamicit\u00e0 ai tuoi giochi di coppia pi\u00f9 elevati.<\/p>\n<p>Non aspettare oltre e acquista la racchetta da paddle RS Padel Pro Edition Simon Vasquez su Revolution Padel Store, il negozio specializzato in prodotti da padel di alta qualit\u00e0. Con questa racchetta puoi portare il tuo gioco a un livello superiore e vivere un&#8217;esperienza unica in campo. Non te ne pentirai!<\/p>\n","protected":false},"excerpt":{"rendered":"<p>Scopri la racchetta da padel RS Padel Pro Edition Simon Vasquez su Revolution Padel Store. Progettato per giocatori avanzati e con caratteristiche tecniche di alta qualit\u00e0.<\/p>\n","protected":false},"featured_media":31140,"comment_status":"open","ping_status":"closed","template":"","meta":{"_acf_changed":false,"_joinchat":[]},"acabado":[1091],"balance":[1136],"dureza":[1156],"forma":[1176],"jugador":[1201,1191],"marca":[1311],"nivel-de-juego":[1336],"superficie":[1361],"tipo-de-juego":[1391],"product_brand":[],"product_cat":[301],"product_tag":[],"class_list":{"0":"post-14059","1":"product","2":"type-product","3":"status-publish","4":"has-post-thumbnail","6":"acabado-relieve-3d-it","7":"balance-alto-it","8":"dureza-media-it","9":"forma-ibrido","10":"jugador-multiuso","11":"jugador-uomo","12":"marca-rs-padel-it","13":"superficie-rugosa-it","14":"tipo-de-juego-avanzado-competicion-it","15":"product_cat-palas-de-padel-it","17":"first","18":"onbackorder","19":"sale","20":"taxable","21":"shipping-taxable","22":"purchasable","23":"product-type-simple"},"acf":[],"yoast_head":"<!-- This site is optimized with the Yoast SEO plugin v27.4 - https:\/\/yoast.com\/product\/yoast-seo-wordpress\/ -->\n<title>RS PADEL PRO EDITION SIMON VASQUEZ - Revolution Padel Store<\/title>\n<meta name=\"description\" content=\"La pala de p\u00e1del RS Padel Pro Edition Simon Vasquez permite el desarrollo de un juego ofensivo y potente. La empu\u00f1adura asegura un gran agarre y da estabilidad a los jugadores.\" \/>\n<meta name=\"robots\" content=\"index, follow, max-snippet:-1, max-image-preview:large, max-video-preview:-1\" \/>\n<link rel=\"canonical\" href=\"https:\/\/revolutionpadelstore.com\/it\/prodotto\/rs-padel-pro-edition-simon-vasquez-4\/\" \/>\n<meta property=\"og:locale\" content=\"it_IT\" \/>\n<meta property=\"og:type\" content=\"article\" \/>\n<meta property=\"og:title\" content=\"RS PADEL PRO EDITION SIMON VASQUEZ - Revolution Padel Store\" \/>\n<meta property=\"og:description\" content=\"La pala de p\u00e1del RS Padel Pro Edition Simon Vasquez permite el desarrollo de un juego ofensivo y potente. La empu\u00f1adura asegura un gran agarre y da estabilidad a los jugadores.\" \/>\n<meta property=\"og:url\" content=\"https:\/\/revolutionpadelstore.com\/it\/prodotto\/rs-padel-pro-edition-simon-vasquez-4\/\" \/>\n<meta property=\"og:site_name\" content=\"Revolution Padel Store\" \/>\n<meta property=\"article:modified_time\" content=\"2026-04-08T12:55:48+00:00\" \/>\n<meta property=\"og:image\" content=\"https:\/\/revolutionpadelstore.com\/wp-content\/uploads\/2024\/03\/SIMON_VASQUEZ_1000_1000_5786.webp\" \/>\n\t<meta property=\"og:image:width\" content=\"1000\" \/>\n\t<meta property=\"og:image:height\" content=\"1000\" \/>\n\t<meta property=\"og:image:type\" content=\"image\/webp\" \/>\n<meta name=\"twitter:card\" content=\"summary_large_image\" \/>\n<meta name=\"twitter:label1\" content=\"Tempo di lettura stimato\" \/>\n\t<meta name=\"twitter:data1\" content=\"2 minuti\" \/>\n<script type=\"application\/ld+json\" class=\"yoast-schema-graph\">{\"@context\":\"https:\\\/\\\/schema.org\",\"@graph\":[{\"@type\":\"WebPage\",\"@id\":\"https:\\\/\\\/revolutionpadelstore.com\\\/it\\\/prodotto\\\/rs-padel-pro-edition-simon-vasquez-4\\\/\",\"url\":\"https:\\\/\\\/revolutionpadelstore.com\\\/it\\\/prodotto\\\/rs-padel-pro-edition-simon-vasquez-4\\\/\",\"name\":\"RS PADEL PRO EDITION SIMON VASQUEZ - Revolution Padel Store\",\"isPartOf\":{\"@id\":\"https:\\\/\\\/revolutionpadelstore.com\\\/it\\\/#website\"},\"primaryImageOfPage\":{\"@id\":\"https:\\\/\\\/revolutionpadelstore.com\\\/it\\\/prodotto\\\/rs-padel-pro-edition-simon-vasquez-4\\\/#primaryimage\"},\"image\":{\"@id\":\"https:\\\/\\\/revolutionpadelstore.com\\\/it\\\/prodotto\\\/rs-padel-pro-edition-simon-vasquez-4\\\/#primaryimage\"},\"thumbnailUrl\":\"https:\\\/\\\/revolutionpadelstore.com\\\/wp-content\\\/uploads\\\/2024\\\/03\\\/SIMON_VASQUEZ_1000_1000_5786.webp\",\"datePublished\":\"2024-03-21T13:35:21+00:00\",\"dateModified\":\"2026-04-08T12:55:48+00:00\",\"description\":\"La pala de p\u00e1del RS Padel Pro Edition Simon Vasquez permite el desarrollo de un juego ofensivo y potente. La empu\u00f1adura asegura un gran agarre y da estabilidad a los jugadores.\",\"breadcrumb\":{\"@id\":\"https:\\\/\\\/revolutionpadelstore.com\\\/it\\\/prodotto\\\/rs-padel-pro-edition-simon-vasquez-4\\\/#breadcrumb\"},\"inLanguage\":\"it-IT\",\"potentialAction\":[{\"@type\":\"ReadAction\",\"target\":[\"https:\\\/\\\/revolutionpadelstore.com\\\/it\\\/prodotto\\\/rs-padel-pro-edition-simon-vasquez-4\\\/\"]}]},{\"@type\":\"ImageObject\",\"inLanguage\":\"it-IT\",\"@id\":\"https:\\\/\\\/revolutionpadelstore.com\\\/it\\\/prodotto\\\/rs-padel-pro-edition-simon-vasquez-4\\\/#primaryimage\",\"url\":\"https:\\\/\\\/revolutionpadelstore.com\\\/wp-content\\\/uploads\\\/2024\\\/03\\\/SIMON_VASQUEZ_1000_1000_5786.webp\",\"contentUrl\":\"https:\\\/\\\/revolutionpadelstore.com\\\/wp-content\\\/uploads\\\/2024\\\/03\\\/SIMON_VASQUEZ_1000_1000_5786.webp\",\"width\":1000,\"height\":1000},{\"@type\":\"BreadcrumbList\",\"@id\":\"https:\\\/\\\/revolutionpadelstore.com\\\/it\\\/prodotto\\\/rs-padel-pro-edition-simon-vasquez-4\\\/#breadcrumb\",\"itemListElement\":[{\"@type\":\"ListItem\",\"position\":1,\"name\":\"Portada\",\"item\":\"https:\\\/\\\/revolutionpadelstore.com\\\/it\\\/\"},{\"@type\":\"ListItem\",\"position\":2,\"name\":\"Tienda\",\"item\":\"https:\\\/\\\/revolutionpadelstore.com\\\/it\\\/tienda\\\/\"},{\"@type\":\"ListItem\",\"position\":3,\"name\":\"RS PADEL PRO EDITION SIMON VASQUEZ\"}]},{\"@type\":\"WebSite\",\"@id\":\"https:\\\/\\\/revolutionpadelstore.com\\\/it\\\/#website\",\"url\":\"https:\\\/\\\/revolutionpadelstore.com\\\/it\\\/\",\"name\":\"Revolution Padel Store\",\"description\":\"\",\"publisher\":{\"@id\":\"https:\\\/\\\/revolutionpadelstore.com\\\/it\\\/#organization\"},\"potentialAction\":[{\"@type\":\"SearchAction\",\"target\":{\"@type\":\"EntryPoint\",\"urlTemplate\":\"https:\\\/\\\/revolutionpadelstore.com\\\/it\\\/?s={search_term_string}\"},\"query-input\":{\"@type\":\"PropertyValueSpecification\",\"valueRequired\":true,\"valueName\":\"search_term_string\"}}],\"inLanguage\":\"it-IT\"},{\"@type\":\"Organization\",\"@id\":\"https:\\\/\\\/revolutionpadelstore.com\\\/it\\\/#organization\",\"name\":\"Revolution Padel Store\",\"url\":\"https:\\\/\\\/revolutionpadelstore.com\\\/it\\\/\",\"logo\":{\"@type\":\"ImageObject\",\"inLanguage\":\"it-IT\",\"@id\":\"https:\\\/\\\/revolutionpadelstore.com\\\/it\\\/#\\\/schema\\\/logo\\\/image\\\/\",\"url\":\"https:\\\/\\\/revolutionpadelstore.com\\\/wp-content\\\/uploads\\\/2026\\\/02\\\/revolution-padel-store.jpg\",\"contentUrl\":\"https:\\\/\\\/revolutionpadelstore.com\\\/wp-content\\\/uploads\\\/2026\\\/02\\\/revolution-padel-store.jpg\",\"width\":2000,\"height\":2000,\"caption\":\"Revolution Padel Store\"},\"image\":{\"@id\":\"https:\\\/\\\/revolutionpadelstore.com\\\/it\\\/#\\\/schema\\\/logo\\\/image\\\/\"},\"sameAs\":[\"https:\\\/\\\/www.instagram.com\\\/revolutionpadelstore\\\/\"]}]}<\/script>\n<!-- \/ Yoast SEO plugin. -->","yoast_head_json":{"title":"RS PADEL PRO EDITION SIMON VASQUEZ - Revolution Padel Store","description":"La pala de p\u00e1del RS Padel Pro Edition Simon Vasquez permite el desarrollo de un juego ofensivo y potente. La empu\u00f1adura asegura un gran agarre y da estabilidad a los jugadores.","robots":{"index":"index","follow":"follow","max-snippet":"max-snippet:-1","max-image-preview":"max-image-preview:large","max-video-preview":"max-video-preview:-1"},"canonical":"https:\/\/revolutionpadelstore.com\/it\/prodotto\/rs-padel-pro-edition-simon-vasquez-4\/","og_locale":"it_IT","og_type":"article","og_title":"RS PADEL PRO EDITION SIMON VASQUEZ - Revolution Padel Store","og_description":"La pala de p\u00e1del RS Padel Pro Edition Simon Vasquez permite el desarrollo de un juego ofensivo y potente. La empu\u00f1adura asegura un gran agarre y da estabilidad a los jugadores.","og_url":"https:\/\/revolutionpadelstore.com\/it\/prodotto\/rs-padel-pro-edition-simon-vasquez-4\/","og_site_name":"Revolution Padel Store","article_modified_time":"2026-04-08T12:55:48+00:00","og_image":[{"width":1000,"height":1000,"url":"https:\/\/revolutionpadelstore.com\/wp-content\/uploads\/2024\/03\/SIMON_VASQUEZ_1000_1000_5786.webp","type":"image\/webp"}],"twitter_card":"summary_large_image","twitter_misc":{"Tempo di lettura stimato":"2 minuti"},"schema":{"@context":"https:\/\/schema.org","@graph":[{"@type":"WebPage","@id":"https:\/\/revolutionpadelstore.com\/it\/prodotto\/rs-padel-pro-edition-simon-vasquez-4\/","url":"https:\/\/revolutionpadelstore.com\/it\/prodotto\/rs-padel-pro-edition-simon-vasquez-4\/","name":"RS PADEL PRO EDITION SIMON VASQUEZ - Revolution Padel Store","isPartOf":{"@id":"https:\/\/revolutionpadelstore.com\/it\/#website"},"primaryImageOfPage":{"@id":"https:\/\/revolutionpadelstore.com\/it\/prodotto\/rs-padel-pro-edition-simon-vasquez-4\/#primaryimage"},"image":{"@id":"https:\/\/revolutionpadelstore.com\/it\/prodotto\/rs-padel-pro-edition-simon-vasquez-4\/#primaryimage"},"thumbnailUrl":"https:\/\/revolutionpadelstore.com\/wp-content\/uploads\/2024\/03\/SIMON_VASQUEZ_1000_1000_5786.webp","datePublished":"2024-03-21T13:35:21+00:00","dateModified":"2026-04-08T12:55:48+00:00","description":"La pala de p\u00e1del RS Padel Pro Edition Simon Vasquez permite el desarrollo de un juego ofensivo y potente. La empu\u00f1adura asegura un gran agarre y da estabilidad a los jugadores.","breadcrumb":{"@id":"https:\/\/revolutionpadelstore.com\/it\/prodotto\/rs-padel-pro-edition-simon-vasquez-4\/#breadcrumb"},"inLanguage":"it-IT","potentialAction":[{"@type":"ReadAction","target":["https:\/\/revolutionpadelstore.com\/it\/prodotto\/rs-padel-pro-edition-simon-vasquez-4\/"]}]},{"@type":"ImageObject","inLanguage":"it-IT","@id":"https:\/\/revolutionpadelstore.com\/it\/prodotto\/rs-padel-pro-edition-simon-vasquez-4\/#primaryimage","url":"https:\/\/revolutionpadelstore.com\/wp-content\/uploads\/2024\/03\/SIMON_VASQUEZ_1000_1000_5786.webp","contentUrl":"https:\/\/revolutionpadelstore.com\/wp-content\/uploads\/2024\/03\/SIMON_VASQUEZ_1000_1000_5786.webp","width":1000,"height":1000},{"@type":"BreadcrumbList","@id":"https:\/\/revolutionpadelstore.com\/it\/prodotto\/rs-padel-pro-edition-simon-vasquez-4\/#breadcrumb","itemListElement":[{"@type":"ListItem","position":1,"name":"Portada","item":"https:\/\/revolutionpadelstore.com\/it\/"},{"@type":"ListItem","position":2,"name":"Tienda","item":"https:\/\/revolutionpadelstore.com\/it\/tienda\/"},{"@type":"ListItem","position":3,"name":"RS PADEL PRO EDITION SIMON VASQUEZ"}]},{"@type":"WebSite","@id":"https:\/\/revolutionpadelstore.com\/it\/#website","url":"https:\/\/revolutionpadelstore.com\/it\/","name":"Revolution Padel Store","description":"","publisher":{"@id":"https:\/\/revolutionpadelstore.com\/it\/#organization"},"potentialAction":[{"@type":"SearchAction","target":{"@type":"EntryPoint","urlTemplate":"https:\/\/revolutionpadelstore.com\/it\/?s={search_term_string}"},"query-input":{"@type":"PropertyValueSpecification","valueRequired":true,"valueName":"search_term_string"}}],"inLanguage":"it-IT"},{"@type":"Organization","@id":"https:\/\/revolutionpadelstore.com\/it\/#organization","name":"Revolution Padel Store","url":"https:\/\/revolutionpadelstore.com\/it\/","logo":{"@type":"ImageObject","inLanguage":"it-IT","@id":"https:\/\/revolutionpadelstore.com\/it\/#\/schema\/logo\/image\/","url":"https:\/\/revolutionpadelstore.com\/wp-content\/uploads\/2026\/02\/revolution-padel-store.jpg","contentUrl":"https:\/\/revolutionpadelstore.com\/wp-content\/uploads\/2026\/02\/revolution-padel-store.jpg","width":2000,"height":2000,"caption":"Revolution Padel Store"},"image":{"@id":"https:\/\/revolutionpadelstore.com\/it\/#\/schema\/logo\/image\/"},"sameAs":["https:\/\/www.instagram.com\/revolutionpadelstore\/"]}]}},"_links":{"self":[{"href":"https:\/\/revolutionpadelstore.com\/it\/wp-json\/wp\/v2\/product\/14059","targetHints":{"allow":["GET"]}}],"collection":[{"href":"https:\/\/revolutionpadelstore.com\/it\/wp-json\/wp\/v2\/product"}],"about":[{"href":"https:\/\/revolutionpadelstore.com\/it\/wp-json\/wp\/v2\/types\/product"}],"replies":[{"embeddable":true,"href":"https:\/\/revolutionpadelstore.com\/it\/wp-json\/wp\/v2\/comments?post=14059"}],"wp:featuredmedia":[{"embeddable":true,"href":"https:\/\/revolutionpadelstore.com\/it\/wp-json\/wp\/v2\/media\/31140"}],"wp:attachment":[{"href":"https:\/\/revolutionpadelstore.com\/it\/wp-json\/wp\/v2\/media?parent=14059"}],"wp:term":[{"taxonomy":"acabado","embeddable":true,"href":"https:\/\/revolutionpadelstore.com\/it\/wp-json\/wp\/v2\/acabado?post=14059"},{"taxonomy":"balance","embeddable":true,"href":"https:\/\/revolutionpadelstore.com\/it\/wp-json\/wp\/v2\/balance?post=14059"},{"taxonomy":"dureza","embeddable":true,"href":"https:\/\/revolutionpadelstore.com\/it\/wp-json\/wp\/v2\/dureza?post=14059"},{"taxonomy":"forma","embeddable":true,"href":"https:\/\/revolutionpadelstore.com\/it\/wp-json\/wp\/v2\/forma?post=14059"},{"taxonomy":"jugador","embeddable":true,"href":"https:\/\/revolutionpadelstore.com\/it\/wp-json\/wp\/v2\/jugador?post=14059"},{"taxonomy":"marca","embeddable":true,"href":"https:\/\/revolutionpadelstore.com\/it\/wp-json\/wp\/v2\/marca?post=14059"},{"taxonomy":"nivel-de-juego","embeddable":true,"href":"https:\/\/revolutionpadelstore.com\/it\/wp-json\/wp\/v2\/nivel-de-juego?post=14059"},{"taxonomy":"superficie","embeddable":true,"href":"https:\/\/revolutionpadelstore.com\/it\/wp-json\/wp\/v2\/superficie?post=14059"},{"taxonomy":"tipo-de-juego","embeddable":true,"href":"https:\/\/revolutionpadelstore.com\/it\/wp-json\/wp\/v2\/tipo-de-juego?post=14059"},{"taxonomy":"product_brand","embeddable":true,"href":"https:\/\/revolutionpadelstore.com\/it\/wp-json\/wp\/v2\/product_brand?post=14059"},{"taxonomy":"product_cat","embeddable":true,"href":"https:\/\/revolutionpadelstore.com\/it\/wp-json\/wp\/v2\/product_cat?post=14059"},{"taxonomy":"product_tag","embeddable":true,"href":"https:\/\/revolutionpadelstore.com\/it\/wp-json\/wp\/v2\/product_tag?post=14059"}],"curies":[{"name":"wp","href":"https:\/\/api.w.org\/{rel}","templated":true}]}}