{"id":13958,"date":"2024-04-22T15:24:45","date_gmt":"2024-04-22T13:24:45","guid":{"rendered":"https:\/\/revolutionpadelstore.com\/siux-black-carbon-revolution-3k\/"},"modified":"2026-04-08T11:55:40","modified_gmt":"2026-04-08T09:55:40","slug":"siux-black-carbon-revolution-3k-4","status":"publish","type":"product","link":"https:\/\/revolutionpadelstore.com\/it\/prodotto\/siux-black-carbon-revolution-3k-4\/","title":{"rendered":"SIUX BLACK CARBON REVOLUTION 3K"},"content":{"rendered":"<p>Scopri la racchetta perfetta per i giocatori avanzati nel negozio Revolution Padel: Siux Black Carbon Revolution 3K. Questa incredibile racchetta ha un elegante design nero e dettagli bianchi e gialli che la rendono unica nel suo stile. Su Revolution Padel Store troverai la migliore selezione di racchette da paddle di alta qualit\u00e0 e la Siux Black Carbon Revolution 3K non fa eccezione.<\/p>\n<p> La racchetta Siux Black Carbon Revolution 3K \u00e8 la scelta perfetta per i giocatori di livello avanzato o intermedio che cercano una racchetta che offra comfort, prestazioni e un&#8217;eccellente maneggevolezza in campo. La sua forma rotonda e l&#8217;ampio sweet spot ti permetteranno di avere una migliore difesa e un perfetto equilibrio tra forza e controllo.<\/p>\n<p> Inoltre, la sua morbida gomma EVA EHR ti offrir\u00e0 sensazioni ineguagliabili e un grande comfort ad ogni colpo. La sua struttura in fusione di carbonio e fibra di vetro lo rende resistente e durevole, ideale per resistere ai colpi pi\u00f9 intensi.<\/p>\n<p> La racchetta Siux Black Carbon Revolution 3K ha anche caratteristiche uniche, come la sua superficie ruvida che ti permetter\u00e0 di avere una migliore presa sulla palla, il suo peso leggero di 355 g che ti dar\u00e0 una maggiore adattabilit\u00e0 e la sua tecnologia al grafene che le conferisce una marcia in pi\u00f9 di forza ai tuoi colpi.<\/p>\n<p> Noi di Revolution Padel Store ci teniamo ad offrirti solo il meglio, ecco perch\u00e9 la Siux Black Carbon Revolution 3K incorpora anche quattro antivibranti Shockout che miglioreranno il tuo comfort ad ogni impatto e ti daranno maggiore stabilit\u00e0 in campo.<\/p>\n<p> Non aspettare oltre e vieni su Revolution Padel Store per scoprire la racchetta perfetta per te: Siux Black Carbon Revolution 3K. Non ti pentirai di averlo provato durante i tuoi allenamenti e le tue gare!<\/p>\n","protected":false},"excerpt":{"rendered":"<p>e dispone di un&#8217;ampia selezione di racchette da padel<\/p>\n<p> &#8220;Scopri la racchetta Siux Black Carbon Revolution 3K nel Revolution Padel Store. Ideale per giocatori avanzati o intermedi, con un design elegante e caratteristiche ad alte prestazioni.<\/p>\n","protected":false},"featured_media":161225,"comment_status":"closed","ping_status":"closed","template":"","meta":{"_acf_changed":false,"_joinchat":[]},"acabado":[],"balance":[],"dureza":[],"forma":[],"jugador":[1201,1191],"marca":[1306],"nivel-de-juego":[],"superficie":[],"tipo-de-juego":[],"product_brand":[],"product_cat":[301],"product_tag":[],"class_list":{"0":"post-13958","1":"product","2":"type-product","3":"status-publish","4":"has-post-thumbnail","6":"jugador-multiuso","7":"jugador-uomo","8":"marca-siux-it","9":"product_cat-palas-de-padel-it","11":"first","12":"instock","13":"sale","14":"taxable","15":"shipping-taxable","16":"purchasable","17":"product-type-simple"},"acf":[],"yoast_head":"<!-- This site is optimized with the Yoast SEO plugin v27.4 - https:\/\/yoast.com\/product\/yoast-seo-wordpress\/ -->\n<title>SIUX BLACK CARBON REVOLUTION 3K - Revolution Padel Store<\/title>\n<meta name=\"description\" content=\"y cuenta con una amplia selecci\u00f3n de palas de p\u00e1del &quot;Descubre la pala Siux Black Carbon Revolution 3K en Revolution Padel Store. Ideal para jugadores avanzados o intermedios, con dise\u00f1o elegante y caracter\u00edsticas de alto rendimiento.\" \/>\n<meta name=\"robots\" content=\"index, follow, max-snippet:-1, max-image-preview:large, max-video-preview:-1\" \/>\n<link rel=\"canonical\" href=\"https:\/\/revolutionpadelstore.com\/it\/prodotto\/siux-black-carbon-revolution-3k-4\/\" \/>\n<meta property=\"og:locale\" content=\"it_IT\" \/>\n<meta property=\"og:type\" content=\"article\" \/>\n<meta property=\"og:title\" content=\"SIUX BLACK CARBON REVOLUTION 3K - Revolution Padel Store\" \/>\n<meta property=\"og:description\" content=\"y cuenta con una amplia selecci\u00f3n de palas de p\u00e1del &quot;Descubre la pala Siux Black Carbon Revolution 3K en Revolution Padel Store. Ideal para jugadores avanzados o intermedios, con dise\u00f1o elegante y caracter\u00edsticas de alto rendimiento.\" \/>\n<meta property=\"og:url\" content=\"https:\/\/revolutionpadelstore.com\/it\/prodotto\/siux-black-carbon-revolution-3k-4\/\" \/>\n<meta property=\"og:site_name\" content=\"Revolution Padel Store\" \/>\n<meta property=\"article:modified_time\" content=\"2026-04-08T09:55:40+00:00\" \/>\n<meta property=\"og:image\" content=\"https:\/\/revolutionpadelstore.com\/wp-content\/uploads\/2024\/04\/24395-P-0-4.png\" \/>\n\t<meta property=\"og:image:width\" content=\"1500\" \/>\n\t<meta property=\"og:image:height\" content=\"1500\" \/>\n\t<meta property=\"og:image:type\" content=\"image\/png\" \/>\n<meta name=\"twitter:card\" content=\"summary_large_image\" \/>\n<meta name=\"twitter:label1\" content=\"Tempo di lettura stimato\" \/>\n\t<meta name=\"twitter:data1\" content=\"1 minuto\" \/>\n<script type=\"application\/ld+json\" class=\"yoast-schema-graph\">{\"@context\":\"https:\\\/\\\/schema.org\",\"@graph\":[{\"@type\":\"WebPage\",\"@id\":\"https:\\\/\\\/revolutionpadelstore.com\\\/it\\\/prodotto\\\/siux-black-carbon-revolution-3k-4\\\/\",\"url\":\"https:\\\/\\\/revolutionpadelstore.com\\\/it\\\/prodotto\\\/siux-black-carbon-revolution-3k-4\\\/\",\"name\":\"SIUX BLACK CARBON REVOLUTION 3K - Revolution Padel Store\",\"isPartOf\":{\"@id\":\"https:\\\/\\\/revolutionpadelstore.com\\\/it\\\/#website\"},\"primaryImageOfPage\":{\"@id\":\"https:\\\/\\\/revolutionpadelstore.com\\\/it\\\/prodotto\\\/siux-black-carbon-revolution-3k-4\\\/#primaryimage\"},\"image\":{\"@id\":\"https:\\\/\\\/revolutionpadelstore.com\\\/it\\\/prodotto\\\/siux-black-carbon-revolution-3k-4\\\/#primaryimage\"},\"thumbnailUrl\":\"https:\\\/\\\/revolutionpadelstore.com\\\/wp-content\\\/uploads\\\/2024\\\/04\\\/24395-P-0-4.png\",\"datePublished\":\"2024-04-22T13:24:45+00:00\",\"dateModified\":\"2026-04-08T09:55:40+00:00\",\"description\":\"y cuenta con una amplia selecci\u00f3n de palas de p\u00e1del \\\"Descubre la pala Siux Black Carbon Revolution 3K en Revolution Padel Store. Ideal para jugadores avanzados o intermedios, con dise\u00f1o elegante y caracter\u00edsticas de alto rendimiento.\",\"breadcrumb\":{\"@id\":\"https:\\\/\\\/revolutionpadelstore.com\\\/it\\\/prodotto\\\/siux-black-carbon-revolution-3k-4\\\/#breadcrumb\"},\"inLanguage\":\"it-IT\",\"potentialAction\":[{\"@type\":\"ReadAction\",\"target\":[\"https:\\\/\\\/revolutionpadelstore.com\\\/it\\\/prodotto\\\/siux-black-carbon-revolution-3k-4\\\/\"]}]},{\"@type\":\"ImageObject\",\"inLanguage\":\"it-IT\",\"@id\":\"https:\\\/\\\/revolutionpadelstore.com\\\/it\\\/prodotto\\\/siux-black-carbon-revolution-3k-4\\\/#primaryimage\",\"url\":\"https:\\\/\\\/revolutionpadelstore.com\\\/wp-content\\\/uploads\\\/2024\\\/04\\\/24395-P-0-4.png\",\"contentUrl\":\"https:\\\/\\\/revolutionpadelstore.com\\\/wp-content\\\/uploads\\\/2024\\\/04\\\/24395-P-0-4.png\",\"width\":1500,\"height\":1500},{\"@type\":\"BreadcrumbList\",\"@id\":\"https:\\\/\\\/revolutionpadelstore.com\\\/it\\\/prodotto\\\/siux-black-carbon-revolution-3k-4\\\/#breadcrumb\",\"itemListElement\":[{\"@type\":\"ListItem\",\"position\":1,\"name\":\"Portada\",\"item\":\"https:\\\/\\\/revolutionpadelstore.com\\\/it\\\/\"},{\"@type\":\"ListItem\",\"position\":2,\"name\":\"Tienda\",\"item\":\"https:\\\/\\\/revolutionpadelstore.com\\\/it\\\/tienda\\\/\"},{\"@type\":\"ListItem\",\"position\":3,\"name\":\"SIUX BLACK CARBON REVOLUTION 3K\"}]},{\"@type\":\"WebSite\",\"@id\":\"https:\\\/\\\/revolutionpadelstore.com\\\/it\\\/#website\",\"url\":\"https:\\\/\\\/revolutionpadelstore.com\\\/it\\\/\",\"name\":\"Revolution Padel Store\",\"description\":\"\",\"publisher\":{\"@id\":\"https:\\\/\\\/revolutionpadelstore.com\\\/it\\\/#organization\"},\"potentialAction\":[{\"@type\":\"SearchAction\",\"target\":{\"@type\":\"EntryPoint\",\"urlTemplate\":\"https:\\\/\\\/revolutionpadelstore.com\\\/it\\\/?s={search_term_string}\"},\"query-input\":{\"@type\":\"PropertyValueSpecification\",\"valueRequired\":true,\"valueName\":\"search_term_string\"}}],\"inLanguage\":\"it-IT\"},{\"@type\":\"Organization\",\"@id\":\"https:\\\/\\\/revolutionpadelstore.com\\\/it\\\/#organization\",\"name\":\"Revolution Padel Store\",\"url\":\"https:\\\/\\\/revolutionpadelstore.com\\\/it\\\/\",\"logo\":{\"@type\":\"ImageObject\",\"inLanguage\":\"it-IT\",\"@id\":\"https:\\\/\\\/revolutionpadelstore.com\\\/it\\\/#\\\/schema\\\/logo\\\/image\\\/\",\"url\":\"https:\\\/\\\/revolutionpadelstore.com\\\/wp-content\\\/uploads\\\/2026\\\/02\\\/revolution-padel-store.jpg\",\"contentUrl\":\"https:\\\/\\\/revolutionpadelstore.com\\\/wp-content\\\/uploads\\\/2026\\\/02\\\/revolution-padel-store.jpg\",\"width\":2000,\"height\":2000,\"caption\":\"Revolution Padel Store\"},\"image\":{\"@id\":\"https:\\\/\\\/revolutionpadelstore.com\\\/it\\\/#\\\/schema\\\/logo\\\/image\\\/\"},\"sameAs\":[\"https:\\\/\\\/www.instagram.com\\\/revolutionpadelstore\\\/\"]}]}<\/script>\n<!-- \/ Yoast SEO plugin. -->","yoast_head_json":{"title":"SIUX BLACK CARBON REVOLUTION 3K - Revolution Padel Store","description":"y cuenta con una amplia selecci\u00f3n de palas de p\u00e1del \"Descubre la pala Siux Black Carbon Revolution 3K en Revolution Padel Store. Ideal para jugadores avanzados o intermedios, con dise\u00f1o elegante y caracter\u00edsticas de alto rendimiento.","robots":{"index":"index","follow":"follow","max-snippet":"max-snippet:-1","max-image-preview":"max-image-preview:large","max-video-preview":"max-video-preview:-1"},"canonical":"https:\/\/revolutionpadelstore.com\/it\/prodotto\/siux-black-carbon-revolution-3k-4\/","og_locale":"it_IT","og_type":"article","og_title":"SIUX BLACK CARBON REVOLUTION 3K - Revolution Padel Store","og_description":"y cuenta con una amplia selecci\u00f3n de palas de p\u00e1del \"Descubre la pala Siux Black Carbon Revolution 3K en Revolution Padel Store. Ideal para jugadores avanzados o intermedios, con dise\u00f1o elegante y caracter\u00edsticas de alto rendimiento.","og_url":"https:\/\/revolutionpadelstore.com\/it\/prodotto\/siux-black-carbon-revolution-3k-4\/","og_site_name":"Revolution Padel Store","article_modified_time":"2026-04-08T09:55:40+00:00","og_image":[{"width":1500,"height":1500,"url":"https:\/\/revolutionpadelstore.com\/wp-content\/uploads\/2024\/04\/24395-P-0-4.png","type":"image\/png"}],"twitter_card":"summary_large_image","twitter_misc":{"Tempo di lettura stimato":"1 minuto"},"schema":{"@context":"https:\/\/schema.org","@graph":[{"@type":"WebPage","@id":"https:\/\/revolutionpadelstore.com\/it\/prodotto\/siux-black-carbon-revolution-3k-4\/","url":"https:\/\/revolutionpadelstore.com\/it\/prodotto\/siux-black-carbon-revolution-3k-4\/","name":"SIUX BLACK CARBON REVOLUTION 3K - Revolution Padel Store","isPartOf":{"@id":"https:\/\/revolutionpadelstore.com\/it\/#website"},"primaryImageOfPage":{"@id":"https:\/\/revolutionpadelstore.com\/it\/prodotto\/siux-black-carbon-revolution-3k-4\/#primaryimage"},"image":{"@id":"https:\/\/revolutionpadelstore.com\/it\/prodotto\/siux-black-carbon-revolution-3k-4\/#primaryimage"},"thumbnailUrl":"https:\/\/revolutionpadelstore.com\/wp-content\/uploads\/2024\/04\/24395-P-0-4.png","datePublished":"2024-04-22T13:24:45+00:00","dateModified":"2026-04-08T09:55:40+00:00","description":"y cuenta con una amplia selecci\u00f3n de palas de p\u00e1del \"Descubre la pala Siux Black Carbon Revolution 3K en Revolution Padel Store. Ideal para jugadores avanzados o intermedios, con dise\u00f1o elegante y caracter\u00edsticas de alto rendimiento.","breadcrumb":{"@id":"https:\/\/revolutionpadelstore.com\/it\/prodotto\/siux-black-carbon-revolution-3k-4\/#breadcrumb"},"inLanguage":"it-IT","potentialAction":[{"@type":"ReadAction","target":["https:\/\/revolutionpadelstore.com\/it\/prodotto\/siux-black-carbon-revolution-3k-4\/"]}]},{"@type":"ImageObject","inLanguage":"it-IT","@id":"https:\/\/revolutionpadelstore.com\/it\/prodotto\/siux-black-carbon-revolution-3k-4\/#primaryimage","url":"https:\/\/revolutionpadelstore.com\/wp-content\/uploads\/2024\/04\/24395-P-0-4.png","contentUrl":"https:\/\/revolutionpadelstore.com\/wp-content\/uploads\/2024\/04\/24395-P-0-4.png","width":1500,"height":1500},{"@type":"BreadcrumbList","@id":"https:\/\/revolutionpadelstore.com\/it\/prodotto\/siux-black-carbon-revolution-3k-4\/#breadcrumb","itemListElement":[{"@type":"ListItem","position":1,"name":"Portada","item":"https:\/\/revolutionpadelstore.com\/it\/"},{"@type":"ListItem","position":2,"name":"Tienda","item":"https:\/\/revolutionpadelstore.com\/it\/tienda\/"},{"@type":"ListItem","position":3,"name":"SIUX BLACK CARBON REVOLUTION 3K"}]},{"@type":"WebSite","@id":"https:\/\/revolutionpadelstore.com\/it\/#website","url":"https:\/\/revolutionpadelstore.com\/it\/","name":"Revolution Padel Store","description":"","publisher":{"@id":"https:\/\/revolutionpadelstore.com\/it\/#organization"},"potentialAction":[{"@type":"SearchAction","target":{"@type":"EntryPoint","urlTemplate":"https:\/\/revolutionpadelstore.com\/it\/?s={search_term_string}"},"query-input":{"@type":"PropertyValueSpecification","valueRequired":true,"valueName":"search_term_string"}}],"inLanguage":"it-IT"},{"@type":"Organization","@id":"https:\/\/revolutionpadelstore.com\/it\/#organization","name":"Revolution Padel Store","url":"https:\/\/revolutionpadelstore.com\/it\/","logo":{"@type":"ImageObject","inLanguage":"it-IT","@id":"https:\/\/revolutionpadelstore.com\/it\/#\/schema\/logo\/image\/","url":"https:\/\/revolutionpadelstore.com\/wp-content\/uploads\/2026\/02\/revolution-padel-store.jpg","contentUrl":"https:\/\/revolutionpadelstore.com\/wp-content\/uploads\/2026\/02\/revolution-padel-store.jpg","width":2000,"height":2000,"caption":"Revolution Padel Store"},"image":{"@id":"https:\/\/revolutionpadelstore.com\/it\/#\/schema\/logo\/image\/"},"sameAs":["https:\/\/www.instagram.com\/revolutionpadelstore\/"]}]}},"_links":{"self":[{"href":"https:\/\/revolutionpadelstore.com\/it\/wp-json\/wp\/v2\/product\/13958","targetHints":{"allow":["GET"]}}],"collection":[{"href":"https:\/\/revolutionpadelstore.com\/it\/wp-json\/wp\/v2\/product"}],"about":[{"href":"https:\/\/revolutionpadelstore.com\/it\/wp-json\/wp\/v2\/types\/product"}],"replies":[{"embeddable":true,"href":"https:\/\/revolutionpadelstore.com\/it\/wp-json\/wp\/v2\/comments?post=13958"}],"wp:featuredmedia":[{"embeddable":true,"href":"https:\/\/revolutionpadelstore.com\/it\/wp-json\/wp\/v2\/media\/161225"}],"wp:attachment":[{"href":"https:\/\/revolutionpadelstore.com\/it\/wp-json\/wp\/v2\/media?parent=13958"}],"wp:term":[{"taxonomy":"acabado","embeddable":true,"href":"https:\/\/revolutionpadelstore.com\/it\/wp-json\/wp\/v2\/acabado?post=13958"},{"taxonomy":"balance","embeddable":true,"href":"https:\/\/revolutionpadelstore.com\/it\/wp-json\/wp\/v2\/balance?post=13958"},{"taxonomy":"dureza","embeddable":true,"href":"https:\/\/revolutionpadelstore.com\/it\/wp-json\/wp\/v2\/dureza?post=13958"},{"taxonomy":"forma","embeddable":true,"href":"https:\/\/revolutionpadelstore.com\/it\/wp-json\/wp\/v2\/forma?post=13958"},{"taxonomy":"jugador","embeddable":true,"href":"https:\/\/revolutionpadelstore.com\/it\/wp-json\/wp\/v2\/jugador?post=13958"},{"taxonomy":"marca","embeddable":true,"href":"https:\/\/revolutionpadelstore.com\/it\/wp-json\/wp\/v2\/marca?post=13958"},{"taxonomy":"nivel-de-juego","embeddable":true,"href":"https:\/\/revolutionpadelstore.com\/it\/wp-json\/wp\/v2\/nivel-de-juego?post=13958"},{"taxonomy":"superficie","embeddable":true,"href":"https:\/\/revolutionpadelstore.com\/it\/wp-json\/wp\/v2\/superficie?post=13958"},{"taxonomy":"tipo-de-juego","embeddable":true,"href":"https:\/\/revolutionpadelstore.com\/it\/wp-json\/wp\/v2\/tipo-de-juego?post=13958"},{"taxonomy":"product_brand","embeddable":true,"href":"https:\/\/revolutionpadelstore.com\/it\/wp-json\/wp\/v2\/product_brand?post=13958"},{"taxonomy":"product_cat","embeddable":true,"href":"https:\/\/revolutionpadelstore.com\/it\/wp-json\/wp\/v2\/product_cat?post=13958"},{"taxonomy":"product_tag","embeddable":true,"href":"https:\/\/revolutionpadelstore.com\/it\/wp-json\/wp\/v2\/product_tag?post=13958"}],"curies":[{"name":"wp","href":"https:\/\/api.w.org\/{rel}","templated":true}]}}