{"id":13643,"date":"2024-04-22T15:25:28","date_gmt":"2024-04-22T13:25:28","guid":{"rendered":"https:\/\/revolutionpadelstore.com\/wilson-bela-lt-v2-blanco\/"},"modified":"2026-04-08T11:32:34","modified_gmt":"2026-04-08T09:32:34","slug":"wilson-bela-lt-v2-blanco-4","status":"publish","type":"product","link":"https:\/\/revolutionpadelstore.com\/it\/prodotto\/wilson-bela-lt-v2-blanco-4\/","title":{"rendered":"WILSON BELA LT V2 BLANCO"},"content":{"rendered":"<p>Acquista la racchetta padel WILSON BELA LT V2 WHITE su Revolution Padel Store e sperimenta la potenza e la precisione che solo questa racchetta pu\u00f2 offrirti. Progettata in collaborazione con il leggendario giocatore Fernando Belasteguin, questa racchetta ad alto equilibrio a forma di diamante \u00e8 l&#8217;ideale per i giocatori adulti che cercano uno stile di gioco potente e preciso.<\/p>\n<p> Con i suoi fori multidimensionali e il suo telaio con tecnologia 3KCarbonFace, la WILSON BELA LT V2 WHITE \u00e8 una racchetta infrangibile, perfetta per i professionisti o per coloro che cercano alte prestazioni nelle loro partite di padel. Inoltre, il suo sistema SpinEffect sulle facce dalla finitura liscia semplifica l&#8217;esecuzione dei colpi in topspin, sorprendendo i tuoi rivali con il tuo gioco.<\/p>\n<p> Ma non solo le sue prestazioni sono impressionanti, anche il suo design \u00e8 impressionante. Con una testa bianca opaca e la leggenda &#8220;WILSON&#8221; in nero lucido, questa racchetta porta la firma di Belasteguin sulla parte anteriore e l&#8217;iconica &#8220;W&#8221; del marchio in rosso opaco sui bordi. La sua impugnatura in vinile super assorbente garantisce una presa salda e priva di sudore, cos\u00ec puoi concentrarti sul tuo gioco.<\/p>\n<p> Non aspettare oltre e acquista la racchetta da padel WILSON BELA LT V2 WHITE su Revolution Padel Store, il negozio specializzato in prodotti da padel di alta qualit\u00e0. Scopri perch\u00e9 questa racchetta da padel \u00e8 la scelta dei migliori giocatori e migliora il tuo gioco in ogni partita. Acquistalo adesso e diventa un vero campione in pista!<\/p>\n","protected":false},"excerpt":{"rendered":"<p>Scopri la racchetta padel WILSON BELA LT V2 WHITE dal design esclusivo e dalle caratteristiche ideali per giocatori potenti e precisi. Acquista su Revolution Padel Store!<\/p>\n","protected":false},"featured_media":35676,"comment_status":"closed","ping_status":"closed","template":"","meta":{"_acf_changed":false,"_joinchat":[]},"acabado":[],"balance":[],"dureza":[],"forma":[],"jugador":[1196],"marca":[1266],"nivel-de-juego":[],"superficie":[],"tipo-de-juego":[],"product_brand":[],"product_cat":[301],"product_tag":[],"class_list":{"0":"post-13643","1":"product","2":"type-product","3":"status-publish","4":"has-post-thumbnail","6":"jugador-mujer-it","7":"marca-wilson-it","8":"product_cat-palas-de-padel-it","10":"first","11":"outofstock","12":"sale","13":"taxable","14":"shipping-taxable","15":"purchasable","16":"product-type-simple"},"acf":[],"yoast_head":"<!-- This site is optimized with the Yoast SEO plugin v27.4 - https:\/\/yoast.com\/product\/yoast-seo-wordpress\/ -->\n<title>WILSON BELA LT V2 BLANCO - Revolution Padel Store<\/title>\n<meta name=\"description\" content=\"Descubre la pala de p\u00e1del WILSON BELA LT V2 BLANCO con dise\u00f1o exclusivo y caracter\u00edsticas ideales para jugadores potentes y precisos. \u00a1Compra en Revolution Padel Store!\" \/>\n<meta name=\"robots\" content=\"index, follow, max-snippet:-1, max-image-preview:large, max-video-preview:-1\" \/>\n<link rel=\"canonical\" href=\"https:\/\/revolutionpadelstore.com\/it\/prodotto\/wilson-bela-lt-v2-blanco-4\/\" \/>\n<meta property=\"og:locale\" content=\"it_IT\" \/>\n<meta property=\"og:type\" content=\"article\" \/>\n<meta property=\"og:title\" content=\"WILSON BELA LT V2 BLANCO - Revolution Padel Store\" \/>\n<meta property=\"og:description\" content=\"Descubre la pala de p\u00e1del WILSON BELA LT V2 BLANCO con dise\u00f1o exclusivo y caracter\u00edsticas ideales para jugadores potentes y precisos. \u00a1Compra en Revolution Padel Store!\" \/>\n<meta property=\"og:url\" content=\"https:\/\/revolutionpadelstore.com\/it\/prodotto\/wilson-bela-lt-v2-blanco-4\/\" \/>\n<meta property=\"og:site_name\" content=\"Revolution Padel Store\" \/>\n<meta property=\"article:modified_time\" content=\"2026-04-08T09:32:34+00:00\" \/>\n<meta property=\"og:image\" content=\"https:\/\/revolutionpadelstore.com\/wp-content\/uploads\/2024\/04\/105137-P-0-4.jpg\" \/>\n\t<meta property=\"og:image:width\" content=\"1000\" \/>\n\t<meta property=\"og:image:height\" content=\"1000\" \/>\n\t<meta property=\"og:image:type\" content=\"image\/png\" \/>\n<meta name=\"twitter:card\" content=\"summary_large_image\" \/>\n<meta name=\"twitter:label1\" content=\"Tempo di lettura stimato\" \/>\n\t<meta name=\"twitter:data1\" content=\"1 minuto\" \/>\n<script type=\"application\/ld+json\" class=\"yoast-schema-graph\">{\"@context\":\"https:\\\/\\\/schema.org\",\"@graph\":[{\"@type\":\"WebPage\",\"@id\":\"https:\\\/\\\/revolutionpadelstore.com\\\/it\\\/prodotto\\\/wilson-bela-lt-v2-blanco-4\\\/\",\"url\":\"https:\\\/\\\/revolutionpadelstore.com\\\/it\\\/prodotto\\\/wilson-bela-lt-v2-blanco-4\\\/\",\"name\":\"WILSON BELA LT V2 BLANCO - Revolution Padel Store\",\"isPartOf\":{\"@id\":\"https:\\\/\\\/revolutionpadelstore.com\\\/it\\\/#website\"},\"primaryImageOfPage\":{\"@id\":\"https:\\\/\\\/revolutionpadelstore.com\\\/it\\\/prodotto\\\/wilson-bela-lt-v2-blanco-4\\\/#primaryimage\"},\"image\":{\"@id\":\"https:\\\/\\\/revolutionpadelstore.com\\\/it\\\/prodotto\\\/wilson-bela-lt-v2-blanco-4\\\/#primaryimage\"},\"thumbnailUrl\":\"https:\\\/\\\/revolutionpadelstore.com\\\/wp-content\\\/uploads\\\/2024\\\/04\\\/105137-P-0-4.jpg\",\"datePublished\":\"2024-04-22T13:25:28+00:00\",\"dateModified\":\"2026-04-08T09:32:34+00:00\",\"description\":\"Descubre la pala de p\u00e1del WILSON BELA LT V2 BLANCO con dise\u00f1o exclusivo y caracter\u00edsticas ideales para jugadores potentes y precisos. \u00a1Compra en Revolution Padel Store!\",\"breadcrumb\":{\"@id\":\"https:\\\/\\\/revolutionpadelstore.com\\\/it\\\/prodotto\\\/wilson-bela-lt-v2-blanco-4\\\/#breadcrumb\"},\"inLanguage\":\"it-IT\",\"potentialAction\":[{\"@type\":\"ReadAction\",\"target\":[\"https:\\\/\\\/revolutionpadelstore.com\\\/it\\\/prodotto\\\/wilson-bela-lt-v2-blanco-4\\\/\"]}]},{\"@type\":\"ImageObject\",\"inLanguage\":\"it-IT\",\"@id\":\"https:\\\/\\\/revolutionpadelstore.com\\\/it\\\/prodotto\\\/wilson-bela-lt-v2-blanco-4\\\/#primaryimage\",\"url\":\"https:\\\/\\\/revolutionpadelstore.com\\\/wp-content\\\/uploads\\\/2024\\\/04\\\/105137-P-0-4.jpg\",\"contentUrl\":\"https:\\\/\\\/revolutionpadelstore.com\\\/wp-content\\\/uploads\\\/2024\\\/04\\\/105137-P-0-4.jpg\",\"width\":1000,\"height\":1000},{\"@type\":\"BreadcrumbList\",\"@id\":\"https:\\\/\\\/revolutionpadelstore.com\\\/it\\\/prodotto\\\/wilson-bela-lt-v2-blanco-4\\\/#breadcrumb\",\"itemListElement\":[{\"@type\":\"ListItem\",\"position\":1,\"name\":\"Portada\",\"item\":\"https:\\\/\\\/revolutionpadelstore.com\\\/it\\\/\"},{\"@type\":\"ListItem\",\"position\":2,\"name\":\"Tienda\",\"item\":\"https:\\\/\\\/revolutionpadelstore.com\\\/it\\\/tienda\\\/\"},{\"@type\":\"ListItem\",\"position\":3,\"name\":\"WILSON BELA LT V2 BLANCO\"}]},{\"@type\":\"WebSite\",\"@id\":\"https:\\\/\\\/revolutionpadelstore.com\\\/it\\\/#website\",\"url\":\"https:\\\/\\\/revolutionpadelstore.com\\\/it\\\/\",\"name\":\"Revolution Padel Store\",\"description\":\"\",\"publisher\":{\"@id\":\"https:\\\/\\\/revolutionpadelstore.com\\\/it\\\/#organization\"},\"potentialAction\":[{\"@type\":\"SearchAction\",\"target\":{\"@type\":\"EntryPoint\",\"urlTemplate\":\"https:\\\/\\\/revolutionpadelstore.com\\\/it\\\/?s={search_term_string}\"},\"query-input\":{\"@type\":\"PropertyValueSpecification\",\"valueRequired\":true,\"valueName\":\"search_term_string\"}}],\"inLanguage\":\"it-IT\"},{\"@type\":\"Organization\",\"@id\":\"https:\\\/\\\/revolutionpadelstore.com\\\/it\\\/#organization\",\"name\":\"Revolution Padel Store\",\"url\":\"https:\\\/\\\/revolutionpadelstore.com\\\/it\\\/\",\"logo\":{\"@type\":\"ImageObject\",\"inLanguage\":\"it-IT\",\"@id\":\"https:\\\/\\\/revolutionpadelstore.com\\\/it\\\/#\\\/schema\\\/logo\\\/image\\\/\",\"url\":\"https:\\\/\\\/revolutionpadelstore.com\\\/wp-content\\\/uploads\\\/2026\\\/02\\\/revolution-padel-store.jpg\",\"contentUrl\":\"https:\\\/\\\/revolutionpadelstore.com\\\/wp-content\\\/uploads\\\/2026\\\/02\\\/revolution-padel-store.jpg\",\"width\":2000,\"height\":2000,\"caption\":\"Revolution Padel Store\"},\"image\":{\"@id\":\"https:\\\/\\\/revolutionpadelstore.com\\\/it\\\/#\\\/schema\\\/logo\\\/image\\\/\"},\"sameAs\":[\"https:\\\/\\\/www.instagram.com\\\/revolutionpadelstore\\\/\"]}]}<\/script>\n<!-- \/ Yoast SEO plugin. -->","yoast_head_json":{"title":"WILSON BELA LT V2 BLANCO - Revolution Padel Store","description":"Descubre la pala de p\u00e1del WILSON BELA LT V2 BLANCO con dise\u00f1o exclusivo y caracter\u00edsticas ideales para jugadores potentes y precisos. \u00a1Compra en Revolution Padel Store!","robots":{"index":"index","follow":"follow","max-snippet":"max-snippet:-1","max-image-preview":"max-image-preview:large","max-video-preview":"max-video-preview:-1"},"canonical":"https:\/\/revolutionpadelstore.com\/it\/prodotto\/wilson-bela-lt-v2-blanco-4\/","og_locale":"it_IT","og_type":"article","og_title":"WILSON BELA LT V2 BLANCO - Revolution Padel Store","og_description":"Descubre la pala de p\u00e1del WILSON BELA LT V2 BLANCO con dise\u00f1o exclusivo y caracter\u00edsticas ideales para jugadores potentes y precisos. \u00a1Compra en Revolution Padel Store!","og_url":"https:\/\/revolutionpadelstore.com\/it\/prodotto\/wilson-bela-lt-v2-blanco-4\/","og_site_name":"Revolution Padel Store","article_modified_time":"2026-04-08T09:32:34+00:00","og_image":[{"width":1000,"height":1000,"url":"https:\/\/revolutionpadelstore.com\/wp-content\/uploads\/2024\/04\/105137-P-0-4.jpg","type":"image\/png"}],"twitter_card":"summary_large_image","twitter_misc":{"Tempo di lettura stimato":"1 minuto"},"schema":{"@context":"https:\/\/schema.org","@graph":[{"@type":"WebPage","@id":"https:\/\/revolutionpadelstore.com\/it\/prodotto\/wilson-bela-lt-v2-blanco-4\/","url":"https:\/\/revolutionpadelstore.com\/it\/prodotto\/wilson-bela-lt-v2-blanco-4\/","name":"WILSON BELA LT V2 BLANCO - Revolution Padel Store","isPartOf":{"@id":"https:\/\/revolutionpadelstore.com\/it\/#website"},"primaryImageOfPage":{"@id":"https:\/\/revolutionpadelstore.com\/it\/prodotto\/wilson-bela-lt-v2-blanco-4\/#primaryimage"},"image":{"@id":"https:\/\/revolutionpadelstore.com\/it\/prodotto\/wilson-bela-lt-v2-blanco-4\/#primaryimage"},"thumbnailUrl":"https:\/\/revolutionpadelstore.com\/wp-content\/uploads\/2024\/04\/105137-P-0-4.jpg","datePublished":"2024-04-22T13:25:28+00:00","dateModified":"2026-04-08T09:32:34+00:00","description":"Descubre la pala de p\u00e1del WILSON BELA LT V2 BLANCO con dise\u00f1o exclusivo y caracter\u00edsticas ideales para jugadores potentes y precisos. \u00a1Compra en Revolution Padel Store!","breadcrumb":{"@id":"https:\/\/revolutionpadelstore.com\/it\/prodotto\/wilson-bela-lt-v2-blanco-4\/#breadcrumb"},"inLanguage":"it-IT","potentialAction":[{"@type":"ReadAction","target":["https:\/\/revolutionpadelstore.com\/it\/prodotto\/wilson-bela-lt-v2-blanco-4\/"]}]},{"@type":"ImageObject","inLanguage":"it-IT","@id":"https:\/\/revolutionpadelstore.com\/it\/prodotto\/wilson-bela-lt-v2-blanco-4\/#primaryimage","url":"https:\/\/revolutionpadelstore.com\/wp-content\/uploads\/2024\/04\/105137-P-0-4.jpg","contentUrl":"https:\/\/revolutionpadelstore.com\/wp-content\/uploads\/2024\/04\/105137-P-0-4.jpg","width":1000,"height":1000},{"@type":"BreadcrumbList","@id":"https:\/\/revolutionpadelstore.com\/it\/prodotto\/wilson-bela-lt-v2-blanco-4\/#breadcrumb","itemListElement":[{"@type":"ListItem","position":1,"name":"Portada","item":"https:\/\/revolutionpadelstore.com\/it\/"},{"@type":"ListItem","position":2,"name":"Tienda","item":"https:\/\/revolutionpadelstore.com\/it\/tienda\/"},{"@type":"ListItem","position":3,"name":"WILSON BELA LT V2 BLANCO"}]},{"@type":"WebSite","@id":"https:\/\/revolutionpadelstore.com\/it\/#website","url":"https:\/\/revolutionpadelstore.com\/it\/","name":"Revolution Padel Store","description":"","publisher":{"@id":"https:\/\/revolutionpadelstore.com\/it\/#organization"},"potentialAction":[{"@type":"SearchAction","target":{"@type":"EntryPoint","urlTemplate":"https:\/\/revolutionpadelstore.com\/it\/?s={search_term_string}"},"query-input":{"@type":"PropertyValueSpecification","valueRequired":true,"valueName":"search_term_string"}}],"inLanguage":"it-IT"},{"@type":"Organization","@id":"https:\/\/revolutionpadelstore.com\/it\/#organization","name":"Revolution Padel Store","url":"https:\/\/revolutionpadelstore.com\/it\/","logo":{"@type":"ImageObject","inLanguage":"it-IT","@id":"https:\/\/revolutionpadelstore.com\/it\/#\/schema\/logo\/image\/","url":"https:\/\/revolutionpadelstore.com\/wp-content\/uploads\/2026\/02\/revolution-padel-store.jpg","contentUrl":"https:\/\/revolutionpadelstore.com\/wp-content\/uploads\/2026\/02\/revolution-padel-store.jpg","width":2000,"height":2000,"caption":"Revolution Padel Store"},"image":{"@id":"https:\/\/revolutionpadelstore.com\/it\/#\/schema\/logo\/image\/"},"sameAs":["https:\/\/www.instagram.com\/revolutionpadelstore\/"]}]}},"_links":{"self":[{"href":"https:\/\/revolutionpadelstore.com\/it\/wp-json\/wp\/v2\/product\/13643","targetHints":{"allow":["GET"]}}],"collection":[{"href":"https:\/\/revolutionpadelstore.com\/it\/wp-json\/wp\/v2\/product"}],"about":[{"href":"https:\/\/revolutionpadelstore.com\/it\/wp-json\/wp\/v2\/types\/product"}],"replies":[{"embeddable":true,"href":"https:\/\/revolutionpadelstore.com\/it\/wp-json\/wp\/v2\/comments?post=13643"}],"wp:featuredmedia":[{"embeddable":true,"href":"https:\/\/revolutionpadelstore.com\/it\/wp-json\/wp\/v2\/media\/35676"}],"wp:attachment":[{"href":"https:\/\/revolutionpadelstore.com\/it\/wp-json\/wp\/v2\/media?parent=13643"}],"wp:term":[{"taxonomy":"acabado","embeddable":true,"href":"https:\/\/revolutionpadelstore.com\/it\/wp-json\/wp\/v2\/acabado?post=13643"},{"taxonomy":"balance","embeddable":true,"href":"https:\/\/revolutionpadelstore.com\/it\/wp-json\/wp\/v2\/balance?post=13643"},{"taxonomy":"dureza","embeddable":true,"href":"https:\/\/revolutionpadelstore.com\/it\/wp-json\/wp\/v2\/dureza?post=13643"},{"taxonomy":"forma","embeddable":true,"href":"https:\/\/revolutionpadelstore.com\/it\/wp-json\/wp\/v2\/forma?post=13643"},{"taxonomy":"jugador","embeddable":true,"href":"https:\/\/revolutionpadelstore.com\/it\/wp-json\/wp\/v2\/jugador?post=13643"},{"taxonomy":"marca","embeddable":true,"href":"https:\/\/revolutionpadelstore.com\/it\/wp-json\/wp\/v2\/marca?post=13643"},{"taxonomy":"nivel-de-juego","embeddable":true,"href":"https:\/\/revolutionpadelstore.com\/it\/wp-json\/wp\/v2\/nivel-de-juego?post=13643"},{"taxonomy":"superficie","embeddable":true,"href":"https:\/\/revolutionpadelstore.com\/it\/wp-json\/wp\/v2\/superficie?post=13643"},{"taxonomy":"tipo-de-juego","embeddable":true,"href":"https:\/\/revolutionpadelstore.com\/it\/wp-json\/wp\/v2\/tipo-de-juego?post=13643"},{"taxonomy":"product_brand","embeddable":true,"href":"https:\/\/revolutionpadelstore.com\/it\/wp-json\/wp\/v2\/product_brand?post=13643"},{"taxonomy":"product_cat","embeddable":true,"href":"https:\/\/revolutionpadelstore.com\/it\/wp-json\/wp\/v2\/product_cat?post=13643"},{"taxonomy":"product_tag","embeddable":true,"href":"https:\/\/revolutionpadelstore.com\/it\/wp-json\/wp\/v2\/product_tag?post=13643"}],"curies":[{"name":"wp","href":"https:\/\/api.w.org\/{rel}","templated":true}]}}