{"id":130033,"date":"2024-11-28T20:45:56","date_gmt":"2024-11-28T19:45:56","guid":{"rendered":"https:\/\/revolutionpadelstore.com\/asics-gel-resolution-9-clay-rosa-mujer\/"},"modified":"2026-04-08T09:55:06","modified_gmt":"2026-04-08T07:55:06","slug":"asics-gel-resolution-9-clay-rosa-mujer-4","status":"publish","type":"product","link":"https:\/\/revolutionpadelstore.com\/it\/prodotto\/asics-gel-resolution-9-clay-rosa-mujer-4\/","title":{"rendered":"ASICS GEL RESOLUTION 9 CLAY ROSA MUJER"},"content":{"rendered":"<h2> ASICS Gel-Resoluzione 9 argilla ros<br \/>\nLe sneaker ASICS Clay 9 Clay Gel sono progettate per donne attive che cercano supporto comodo, leggero ed eccellente, stabilit\u00e0 e smorzamento. Questo modello \u00e8 progettato per offrire transizioni morbide, veloci e stabili, consentendo di coprire facilmente l&#8217;intera traccia.<\/p>\n<p>L&#8217;unica, completa e con un modello di picchi, migliora la presa ed evita l&#8217;accumulo di sabbia, che ottimizza la trazione. \u00c8 ideale per binari di terra battuta e paddle ed \u00e8 realizzato in gomma Ahaplus, un materiale durevole che aumenta la resistenza all&#8217;usura e mantiene la leggerezza.<\/p>\n<p>Tra le tecnologie della risoluzione 9 Clay of ASICS ci sono:<\/p>\n<p> <strong> -dynawrap <\/strong>, che fornisce supporto fermo e confortevole negli spostamenti laterali, migliorando la stabilit\u00e0.<br \/>\n<P> <strong> -dynafit <\/strong> nella parte superiore, che garantisce una perfetta regolazione al piede<\/p>\n<p> <strong> -pGuard <\/strong> sulla punta, che rafforza le aree vulnerabili e aumenta la durata resistendo all&#8217;usura dovuta all&#8217;abrasione.<\/p>\n<p> <strong> -dynawall <\/strong>, che migliora la stabilit\u00e0 nei movimenti laterali e facilita i rapidi spostamenti dalla parte inferiore della pista.<\/p>\n<p> <strong> -The gel p&gt;<\/p>\n","protected":false},"excerpt":{"rendered":"<p>Scarpe padel per donne con suola a spike in gomma aharplus per una maggiore resistenza all&#8217;usura e movimenti agilit\u00e0. Transizioni assorbite e morbide.<\/p>\n","protected":false},"featured_media":129983,"comment_status":"open","ping_status":"closed","template":"","meta":{"_acf_changed":false,"_joinchat":[]},"acabado":[],"balance":[],"dureza":[],"forma":[],"jugador":[1196],"marca":[1326],"nivel-de-juego":[],"superficie":[],"tipo-de-juego":[],"product_brand":[],"product_cat":[832],"product_tag":[],"class_list":{"0":"post-130033","1":"product","2":"type-product","3":"status-publish","4":"has-post-thumbnail","6":"jugador-mujer-it","7":"marca-asics-it","8":"product_cat-scarpe-da-ginnastica","10":"first","11":"outofstock","12":"sale","13":"taxable","14":"shipping-taxable","15":"purchasable","16":"product-type-variable"},"acf":[],"yoast_head":"<!-- This site is optimized with the Yoast SEO plugin v27.4 - https:\/\/yoast.com\/product\/yoast-seo-wordpress\/ -->\n<title>ASICS GEL RESOLUTION 9 CLAY ROSA MUJER - Revolution Padel Store<\/title>\n<meta name=\"description\" content=\"Las zapatillas Gel Resolution 9 Clay de Asics est\u00e1n dise\u00f1adas para mujeres activas que buscan un calzado c\u00f3modo, ligero y con excelente sujeci\u00f3n, estabilidad y amortiguaci\u00f3n. Este modelo est\u00e1 pensado para ofrecer transiciones suaves, r\u00e1pidas y estables, permitiendo cubrir toda la pista con facilidad.\" \/>\n<meta name=\"robots\" content=\"index, follow, max-snippet:-1, max-image-preview:large, max-video-preview:-1\" \/>\n<link rel=\"canonical\" href=\"https:\/\/revolutionpadelstore.com\/it\/prodotto\/asics-gel-resolution-9-clay-rosa-mujer-4\/\" \/>\n<meta property=\"og:locale\" content=\"it_IT\" \/>\n<meta property=\"og:type\" content=\"article\" \/>\n<meta property=\"og:title\" content=\"ASICS GEL RESOLUTION 9 CLAY ROSA MUJER - Revolution Padel Store\" \/>\n<meta property=\"og:description\" content=\"Las zapatillas Gel Resolution 9 Clay de Asics est\u00e1n dise\u00f1adas para mujeres activas que buscan un calzado c\u00f3modo, ligero y con excelente sujeci\u00f3n, estabilidad y amortiguaci\u00f3n. Este modelo est\u00e1 pensado para ofrecer transiciones suaves, r\u00e1pidas y estables, permitiendo cubrir toda la pista con facilidad.\" \/>\n<meta property=\"og:url\" content=\"https:\/\/revolutionpadelstore.com\/it\/prodotto\/asics-gel-resolution-9-clay-rosa-mujer-4\/\" \/>\n<meta property=\"og:site_name\" content=\"Revolution Padel Store\" \/>\n<meta property=\"article:modified_time\" content=\"2026-04-08T07:55:06+00:00\" \/>\n<meta property=\"og:image\" content=\"https:\/\/revolutionpadelstore.com\/wp-content\/uploads\/2024\/11\/112831_zapatillas_asics_gel_resolution_9_clay_1042a224_701_mujer_1500x1500_1_ff29.webp\" \/>\n\t<meta property=\"og:image:width\" content=\"1500\" \/>\n\t<meta property=\"og:image:height\" content=\"1500\" \/>\n\t<meta property=\"og:image:type\" content=\"image\/webp\" \/>\n<meta name=\"twitter:card\" content=\"summary_large_image\" \/>\n<meta name=\"twitter:label1\" content=\"Tempo di lettura stimato\" \/>\n\t<meta name=\"twitter:data1\" content=\"2 minuti\" \/>\n<script type=\"application\/ld+json\" class=\"yoast-schema-graph\">{\"@context\":\"https:\\\/\\\/schema.org\",\"@graph\":[{\"@type\":\"WebPage\",\"@id\":\"https:\\\/\\\/revolutionpadelstore.com\\\/it\\\/prodotto\\\/asics-gel-resolution-9-clay-rosa-mujer-4\\\/\",\"url\":\"https:\\\/\\\/revolutionpadelstore.com\\\/it\\\/prodotto\\\/asics-gel-resolution-9-clay-rosa-mujer-4\\\/\",\"name\":\"ASICS GEL RESOLUTION 9 CLAY ROSA MUJER - Revolution Padel Store\",\"isPartOf\":{\"@id\":\"https:\\\/\\\/revolutionpadelstore.com\\\/it\\\/#website\"},\"primaryImageOfPage\":{\"@id\":\"https:\\\/\\\/revolutionpadelstore.com\\\/it\\\/prodotto\\\/asics-gel-resolution-9-clay-rosa-mujer-4\\\/#primaryimage\"},\"image\":{\"@id\":\"https:\\\/\\\/revolutionpadelstore.com\\\/it\\\/prodotto\\\/asics-gel-resolution-9-clay-rosa-mujer-4\\\/#primaryimage\"},\"thumbnailUrl\":\"https:\\\/\\\/revolutionpadelstore.com\\\/wp-content\\\/uploads\\\/2024\\\/11\\\/112831_zapatillas_asics_gel_resolution_9_clay_1042a224_701_mujer_1500x1500_1_ff29.webp\",\"datePublished\":\"2024-11-28T19:45:56+00:00\",\"dateModified\":\"2026-04-08T07:55:06+00:00\",\"description\":\"Las zapatillas Gel Resolution 9 Clay de Asics est\u00e1n dise\u00f1adas para mujeres activas que buscan un calzado c\u00f3modo, ligero y con excelente sujeci\u00f3n, estabilidad y amortiguaci\u00f3n. Este modelo est\u00e1 pensado para ofrecer transiciones suaves, r\u00e1pidas y estables, permitiendo cubrir toda la pista con facilidad.\",\"breadcrumb\":{\"@id\":\"https:\\\/\\\/revolutionpadelstore.com\\\/it\\\/prodotto\\\/asics-gel-resolution-9-clay-rosa-mujer-4\\\/#breadcrumb\"},\"inLanguage\":\"it-IT\",\"potentialAction\":[{\"@type\":\"ReadAction\",\"target\":[\"https:\\\/\\\/revolutionpadelstore.com\\\/it\\\/prodotto\\\/asics-gel-resolution-9-clay-rosa-mujer-4\\\/\"]}]},{\"@type\":\"ImageObject\",\"inLanguage\":\"it-IT\",\"@id\":\"https:\\\/\\\/revolutionpadelstore.com\\\/it\\\/prodotto\\\/asics-gel-resolution-9-clay-rosa-mujer-4\\\/#primaryimage\",\"url\":\"https:\\\/\\\/revolutionpadelstore.com\\\/wp-content\\\/uploads\\\/2024\\\/11\\\/112831_zapatillas_asics_gel_resolution_9_clay_1042a224_701_mujer_1500x1500_1_ff29.webp\",\"contentUrl\":\"https:\\\/\\\/revolutionpadelstore.com\\\/wp-content\\\/uploads\\\/2024\\\/11\\\/112831_zapatillas_asics_gel_resolution_9_clay_1042a224_701_mujer_1500x1500_1_ff29.webp\",\"width\":1500,\"height\":1500},{\"@type\":\"BreadcrumbList\",\"@id\":\"https:\\\/\\\/revolutionpadelstore.com\\\/it\\\/prodotto\\\/asics-gel-resolution-9-clay-rosa-mujer-4\\\/#breadcrumb\",\"itemListElement\":[{\"@type\":\"ListItem\",\"position\":1,\"name\":\"Portada\",\"item\":\"https:\\\/\\\/revolutionpadelstore.com\\\/it\\\/\"},{\"@type\":\"ListItem\",\"position\":2,\"name\":\"Tienda\",\"item\":\"https:\\\/\\\/revolutionpadelstore.com\\\/it\\\/tienda\\\/\"},{\"@type\":\"ListItem\",\"position\":3,\"name\":\"ASICS GEL RESOLUTION 9 CLAY ROSA MUJER\"}]},{\"@type\":\"WebSite\",\"@id\":\"https:\\\/\\\/revolutionpadelstore.com\\\/it\\\/#website\",\"url\":\"https:\\\/\\\/revolutionpadelstore.com\\\/it\\\/\",\"name\":\"Revolution Padel Store\",\"description\":\"\",\"publisher\":{\"@id\":\"https:\\\/\\\/revolutionpadelstore.com\\\/it\\\/#organization\"},\"potentialAction\":[{\"@type\":\"SearchAction\",\"target\":{\"@type\":\"EntryPoint\",\"urlTemplate\":\"https:\\\/\\\/revolutionpadelstore.com\\\/it\\\/?s={search_term_string}\"},\"query-input\":{\"@type\":\"PropertyValueSpecification\",\"valueRequired\":true,\"valueName\":\"search_term_string\"}}],\"inLanguage\":\"it-IT\"},{\"@type\":\"Organization\",\"@id\":\"https:\\\/\\\/revolutionpadelstore.com\\\/it\\\/#organization\",\"name\":\"Revolution Padel Store\",\"url\":\"https:\\\/\\\/revolutionpadelstore.com\\\/it\\\/\",\"logo\":{\"@type\":\"ImageObject\",\"inLanguage\":\"it-IT\",\"@id\":\"https:\\\/\\\/revolutionpadelstore.com\\\/it\\\/#\\\/schema\\\/logo\\\/image\\\/\",\"url\":\"https:\\\/\\\/revolutionpadelstore.com\\\/wp-content\\\/uploads\\\/2026\\\/02\\\/revolution-padel-store.jpg\",\"contentUrl\":\"https:\\\/\\\/revolutionpadelstore.com\\\/wp-content\\\/uploads\\\/2026\\\/02\\\/revolution-padel-store.jpg\",\"width\":2000,\"height\":2000,\"caption\":\"Revolution Padel Store\"},\"image\":{\"@id\":\"https:\\\/\\\/revolutionpadelstore.com\\\/it\\\/#\\\/schema\\\/logo\\\/image\\\/\"},\"sameAs\":[\"https:\\\/\\\/www.instagram.com\\\/revolutionpadelstore\\\/\"]}]}<\/script>\n<!-- \/ Yoast SEO plugin. -->","yoast_head_json":{"title":"ASICS GEL RESOLUTION 9 CLAY ROSA MUJER - Revolution Padel Store","description":"Las zapatillas Gel Resolution 9 Clay de Asics est\u00e1n dise\u00f1adas para mujeres activas que buscan un calzado c\u00f3modo, ligero y con excelente sujeci\u00f3n, estabilidad y amortiguaci\u00f3n. Este modelo est\u00e1 pensado para ofrecer transiciones suaves, r\u00e1pidas y estables, permitiendo cubrir toda la pista con facilidad.","robots":{"index":"index","follow":"follow","max-snippet":"max-snippet:-1","max-image-preview":"max-image-preview:large","max-video-preview":"max-video-preview:-1"},"canonical":"https:\/\/revolutionpadelstore.com\/it\/prodotto\/asics-gel-resolution-9-clay-rosa-mujer-4\/","og_locale":"it_IT","og_type":"article","og_title":"ASICS GEL RESOLUTION 9 CLAY ROSA MUJER - Revolution Padel Store","og_description":"Las zapatillas Gel Resolution 9 Clay de Asics est\u00e1n dise\u00f1adas para mujeres activas que buscan un calzado c\u00f3modo, ligero y con excelente sujeci\u00f3n, estabilidad y amortiguaci\u00f3n. Este modelo est\u00e1 pensado para ofrecer transiciones suaves, r\u00e1pidas y estables, permitiendo cubrir toda la pista con facilidad.","og_url":"https:\/\/revolutionpadelstore.com\/it\/prodotto\/asics-gel-resolution-9-clay-rosa-mujer-4\/","og_site_name":"Revolution Padel Store","article_modified_time":"2026-04-08T07:55:06+00:00","og_image":[{"width":1500,"height":1500,"url":"https:\/\/revolutionpadelstore.com\/wp-content\/uploads\/2024\/11\/112831_zapatillas_asics_gel_resolution_9_clay_1042a224_701_mujer_1500x1500_1_ff29.webp","type":"image\/webp"}],"twitter_card":"summary_large_image","twitter_misc":{"Tempo di lettura stimato":"2 minuti"},"schema":{"@context":"https:\/\/schema.org","@graph":[{"@type":"WebPage","@id":"https:\/\/revolutionpadelstore.com\/it\/prodotto\/asics-gel-resolution-9-clay-rosa-mujer-4\/","url":"https:\/\/revolutionpadelstore.com\/it\/prodotto\/asics-gel-resolution-9-clay-rosa-mujer-4\/","name":"ASICS GEL RESOLUTION 9 CLAY ROSA MUJER - Revolution Padel Store","isPartOf":{"@id":"https:\/\/revolutionpadelstore.com\/it\/#website"},"primaryImageOfPage":{"@id":"https:\/\/revolutionpadelstore.com\/it\/prodotto\/asics-gel-resolution-9-clay-rosa-mujer-4\/#primaryimage"},"image":{"@id":"https:\/\/revolutionpadelstore.com\/it\/prodotto\/asics-gel-resolution-9-clay-rosa-mujer-4\/#primaryimage"},"thumbnailUrl":"https:\/\/revolutionpadelstore.com\/wp-content\/uploads\/2024\/11\/112831_zapatillas_asics_gel_resolution_9_clay_1042a224_701_mujer_1500x1500_1_ff29.webp","datePublished":"2024-11-28T19:45:56+00:00","dateModified":"2026-04-08T07:55:06+00:00","description":"Las zapatillas Gel Resolution 9 Clay de Asics est\u00e1n dise\u00f1adas para mujeres activas que buscan un calzado c\u00f3modo, ligero y con excelente sujeci\u00f3n, estabilidad y amortiguaci\u00f3n. Este modelo est\u00e1 pensado para ofrecer transiciones suaves, r\u00e1pidas y estables, permitiendo cubrir toda la pista con facilidad.","breadcrumb":{"@id":"https:\/\/revolutionpadelstore.com\/it\/prodotto\/asics-gel-resolution-9-clay-rosa-mujer-4\/#breadcrumb"},"inLanguage":"it-IT","potentialAction":[{"@type":"ReadAction","target":["https:\/\/revolutionpadelstore.com\/it\/prodotto\/asics-gel-resolution-9-clay-rosa-mujer-4\/"]}]},{"@type":"ImageObject","inLanguage":"it-IT","@id":"https:\/\/revolutionpadelstore.com\/it\/prodotto\/asics-gel-resolution-9-clay-rosa-mujer-4\/#primaryimage","url":"https:\/\/revolutionpadelstore.com\/wp-content\/uploads\/2024\/11\/112831_zapatillas_asics_gel_resolution_9_clay_1042a224_701_mujer_1500x1500_1_ff29.webp","contentUrl":"https:\/\/revolutionpadelstore.com\/wp-content\/uploads\/2024\/11\/112831_zapatillas_asics_gel_resolution_9_clay_1042a224_701_mujer_1500x1500_1_ff29.webp","width":1500,"height":1500},{"@type":"BreadcrumbList","@id":"https:\/\/revolutionpadelstore.com\/it\/prodotto\/asics-gel-resolution-9-clay-rosa-mujer-4\/#breadcrumb","itemListElement":[{"@type":"ListItem","position":1,"name":"Portada","item":"https:\/\/revolutionpadelstore.com\/it\/"},{"@type":"ListItem","position":2,"name":"Tienda","item":"https:\/\/revolutionpadelstore.com\/it\/tienda\/"},{"@type":"ListItem","position":3,"name":"ASICS GEL RESOLUTION 9 CLAY ROSA MUJER"}]},{"@type":"WebSite","@id":"https:\/\/revolutionpadelstore.com\/it\/#website","url":"https:\/\/revolutionpadelstore.com\/it\/","name":"Revolution Padel Store","description":"","publisher":{"@id":"https:\/\/revolutionpadelstore.com\/it\/#organization"},"potentialAction":[{"@type":"SearchAction","target":{"@type":"EntryPoint","urlTemplate":"https:\/\/revolutionpadelstore.com\/it\/?s={search_term_string}"},"query-input":{"@type":"PropertyValueSpecification","valueRequired":true,"valueName":"search_term_string"}}],"inLanguage":"it-IT"},{"@type":"Organization","@id":"https:\/\/revolutionpadelstore.com\/it\/#organization","name":"Revolution Padel Store","url":"https:\/\/revolutionpadelstore.com\/it\/","logo":{"@type":"ImageObject","inLanguage":"it-IT","@id":"https:\/\/revolutionpadelstore.com\/it\/#\/schema\/logo\/image\/","url":"https:\/\/revolutionpadelstore.com\/wp-content\/uploads\/2026\/02\/revolution-padel-store.jpg","contentUrl":"https:\/\/revolutionpadelstore.com\/wp-content\/uploads\/2026\/02\/revolution-padel-store.jpg","width":2000,"height":2000,"caption":"Revolution Padel Store"},"image":{"@id":"https:\/\/revolutionpadelstore.com\/it\/#\/schema\/logo\/image\/"},"sameAs":["https:\/\/www.instagram.com\/revolutionpadelstore\/"]}]}},"_links":{"self":[{"href":"https:\/\/revolutionpadelstore.com\/it\/wp-json\/wp\/v2\/product\/130033","targetHints":{"allow":["GET"]}}],"collection":[{"href":"https:\/\/revolutionpadelstore.com\/it\/wp-json\/wp\/v2\/product"}],"about":[{"href":"https:\/\/revolutionpadelstore.com\/it\/wp-json\/wp\/v2\/types\/product"}],"replies":[{"embeddable":true,"href":"https:\/\/revolutionpadelstore.com\/it\/wp-json\/wp\/v2\/comments?post=130033"}],"wp:featuredmedia":[{"embeddable":true,"href":"https:\/\/revolutionpadelstore.com\/it\/wp-json\/wp\/v2\/media\/129983"}],"wp:attachment":[{"href":"https:\/\/revolutionpadelstore.com\/it\/wp-json\/wp\/v2\/media?parent=130033"}],"wp:term":[{"taxonomy":"acabado","embeddable":true,"href":"https:\/\/revolutionpadelstore.com\/it\/wp-json\/wp\/v2\/acabado?post=130033"},{"taxonomy":"balance","embeddable":true,"href":"https:\/\/revolutionpadelstore.com\/it\/wp-json\/wp\/v2\/balance?post=130033"},{"taxonomy":"dureza","embeddable":true,"href":"https:\/\/revolutionpadelstore.com\/it\/wp-json\/wp\/v2\/dureza?post=130033"},{"taxonomy":"forma","embeddable":true,"href":"https:\/\/revolutionpadelstore.com\/it\/wp-json\/wp\/v2\/forma?post=130033"},{"taxonomy":"jugador","embeddable":true,"href":"https:\/\/revolutionpadelstore.com\/it\/wp-json\/wp\/v2\/jugador?post=130033"},{"taxonomy":"marca","embeddable":true,"href":"https:\/\/revolutionpadelstore.com\/it\/wp-json\/wp\/v2\/marca?post=130033"},{"taxonomy":"nivel-de-juego","embeddable":true,"href":"https:\/\/revolutionpadelstore.com\/it\/wp-json\/wp\/v2\/nivel-de-juego?post=130033"},{"taxonomy":"superficie","embeddable":true,"href":"https:\/\/revolutionpadelstore.com\/it\/wp-json\/wp\/v2\/superficie?post=130033"},{"taxonomy":"tipo-de-juego","embeddable":true,"href":"https:\/\/revolutionpadelstore.com\/it\/wp-json\/wp\/v2\/tipo-de-juego?post=130033"},{"taxonomy":"product_brand","embeddable":true,"href":"https:\/\/revolutionpadelstore.com\/it\/wp-json\/wp\/v2\/product_brand?post=130033"},{"taxonomy":"product_cat","embeddable":true,"href":"https:\/\/revolutionpadelstore.com\/it\/wp-json\/wp\/v2\/product_cat?post=130033"},{"taxonomy":"product_tag","embeddable":true,"href":"https:\/\/revolutionpadelstore.com\/it\/wp-json\/wp\/v2\/product_tag?post=130033"}],"curies":[{"name":"wp","href":"https:\/\/api.w.org\/{rel}","templated":true}]}}