{"id":12943,"date":"2024-04-22T15:25:57","date_gmt":"2024-04-22T13:25:57","guid":{"rendered":"https:\/\/revolutionpadelstore.com\/joma-t-smash-2308-tsmas2308p-naranja-fluor\/"},"modified":"2026-04-08T11:28:19","modified_gmt":"2026-04-08T09:28:19","slug":"joma-t-smash-2308-tsmas2308p-naranja-fluor-4","status":"publish","type":"product","link":"https:\/\/revolutionpadelstore.com\/it\/prodotto\/joma-t-smash-2308-tsmas2308p-naranja-fluor-4\/","title":{"rendered":"JOMA T.SMASH 2308 TSMAS2308P NARANJA FL\u00daOR"},"content":{"rendered":"<p>Scopri su Revolution Padel Store le incredibili scarpe da padel Joma T.Smash 2308 Fluor Orange, progettate con materiali resistenti e di alta qualit\u00e0 per offrirti prestazioni ottimali in campo. Realizzate in nylon e microfibra, queste sneakers garantiscono una durata eccezionale. Inoltre, la sua tecnologia DURABILITY nella suola e il sistema FULL DUAL PULSOR nell&#8217;intersuola offrono una maggiore resistenza all&#8217;usura e un&#8217;ammortizzazione ottimale in ogni movimento.<\/p>\n<p>Ma non \u00e8 tutto, le scarpe Joma T.Smash 2308 dispongono anche del sistema STABILIS, che impedisce movimenti inappropriati del piede, e del sistema VTS che garantisce un&#8217;adeguata ventilazione ai tuoi piedi. E per una maggiore protezione e comfort, il contrafforte EXO COUNTER e il materiale REACTIVE BALL ti offrono un eccellente assorbimento degli urti ad ogni passo.<\/p>\n<p>Non aspettare oltre e acquista le scarpe da padel Joma T.Smash 2308 Fluor Orange con tecnologie avanzate su Revolution Padel Store, il tuo negozio di fiducia per tutto ci\u00f2 che riguarda il padel. Sperimenta un gioco pi\u00f9 comodo e sicuro con queste incredibili scarpe. Acquistali adesso!<\/p>\n","protected":false},"excerpt":{"rendered":"<p>Scopri le scarpe da padel Joma T.Smash 2308 Fluorescent Orange nel Revolution Padel Store, con tecnologie avanzate per una maggiore durata e comfort.<\/p>\n","protected":false},"featured_media":33787,"comment_status":"closed","ping_status":"closed","template":"","meta":{"_acf_changed":false,"_joinchat":[]},"acabado":[],"balance":[],"dureza":[],"forma":[],"jugador":[1191],"marca":[1226],"nivel-de-juego":[1336,1341,1346],"superficie":[],"tipo-de-juego":[1371,1376],"product_brand":[],"product_cat":[404],"product_tag":[],"class_list":{"0":"post-12943","1":"product","2":"type-product","3":"status-publish","4":"has-post-thumbnail","6":"jugador-uomo","7":"marca-joma-it","8":"tipo-de-juego-controllo","9":"tipo-de-juego-potenza","10":"product_cat-sneakers-da-uomo","12":"first","13":"instock","14":"sale","15":"taxable","16":"shipping-taxable","17":"purchasable","18":"product-type-variable","19":"has-default-attributes"},"acf":[],"yoast_head":"<!-- This site is optimized with the Yoast SEO plugin v27.4 - https:\/\/yoast.com\/product\/yoast-seo-wordpress\/ -->\n<title>JOMA T.SMASH 2308 TSMAS2308P NARANJA FL\u00daOR - Revolution Padel Store<\/title>\n<meta name=\"description\" content=\"Descubre las zapatillas de p\u00e1del Joma T.Smash 2308 Naranja Fl\u00faor en Revolution Padel Store, con tecnolog\u00edas avanzadas para mayor durabilidad y comodidad.\" \/>\n<meta name=\"robots\" content=\"index, follow, max-snippet:-1, max-image-preview:large, max-video-preview:-1\" \/>\n<link rel=\"canonical\" href=\"https:\/\/revolutionpadelstore.com\/it\/prodotto\/joma-t-smash-2308-tsmas2308p-naranja-fluor-4\/\" \/>\n<meta property=\"og:locale\" content=\"it_IT\" \/>\n<meta property=\"og:type\" content=\"article\" \/>\n<meta property=\"og:title\" content=\"JOMA T.SMASH 2308 TSMAS2308P NARANJA FL\u00daOR - Revolution Padel Store\" \/>\n<meta property=\"og:description\" content=\"Descubre las zapatillas de p\u00e1del Joma T.Smash 2308 Naranja Fl\u00faor en Revolution Padel Store, con tecnolog\u00edas avanzadas para mayor durabilidad y comodidad.\" \/>\n<meta property=\"og:url\" content=\"https:\/\/revolutionpadelstore.com\/it\/prodotto\/joma-t-smash-2308-tsmas2308p-naranja-fluor-4\/\" \/>\n<meta property=\"og:site_name\" content=\"Revolution Padel Store\" \/>\n<meta property=\"article:modified_time\" content=\"2026-04-08T09:28:19+00:00\" \/>\n<meta property=\"og:image\" content=\"https:\/\/revolutionpadelstore.com\/wp-content\/uploads\/2024\/04\/C-106569-P-0-4.jpg\" \/>\n\t<meta property=\"og:image:width\" content=\"1500\" \/>\n\t<meta property=\"og:image:height\" content=\"1500\" \/>\n\t<meta property=\"og:image:type\" content=\"image\/png\" \/>\n<meta name=\"twitter:card\" content=\"summary_large_image\" \/>\n<meta name=\"twitter:label1\" content=\"Tempo di lettura stimato\" \/>\n\t<meta name=\"twitter:data1\" content=\"2 minuti\" \/>\n<script type=\"application\/ld+json\" class=\"yoast-schema-graph\">{\"@context\":\"https:\\\/\\\/schema.org\",\"@graph\":[{\"@type\":\"WebPage\",\"@id\":\"https:\\\/\\\/revolutionpadelstore.com\\\/it\\\/prodotto\\\/joma-t-smash-2308-tsmas2308p-naranja-fluor-4\\\/\",\"url\":\"https:\\\/\\\/revolutionpadelstore.com\\\/it\\\/prodotto\\\/joma-t-smash-2308-tsmas2308p-naranja-fluor-4\\\/\",\"name\":\"JOMA T.SMASH 2308 TSMAS2308P NARANJA FL\u00daOR - Revolution Padel Store\",\"isPartOf\":{\"@id\":\"https:\\\/\\\/revolutionpadelstore.com\\\/it\\\/#website\"},\"primaryImageOfPage\":{\"@id\":\"https:\\\/\\\/revolutionpadelstore.com\\\/it\\\/prodotto\\\/joma-t-smash-2308-tsmas2308p-naranja-fluor-4\\\/#primaryimage\"},\"image\":{\"@id\":\"https:\\\/\\\/revolutionpadelstore.com\\\/it\\\/prodotto\\\/joma-t-smash-2308-tsmas2308p-naranja-fluor-4\\\/#primaryimage\"},\"thumbnailUrl\":\"https:\\\/\\\/revolutionpadelstore.com\\\/wp-content\\\/uploads\\\/2024\\\/04\\\/C-106569-P-0-4.jpg\",\"datePublished\":\"2024-04-22T13:25:57+00:00\",\"dateModified\":\"2026-04-08T09:28:19+00:00\",\"description\":\"Descubre las zapatillas de p\u00e1del Joma T.Smash 2308 Naranja Fl\u00faor en Revolution Padel Store, con tecnolog\u00edas avanzadas para mayor durabilidad y comodidad.\",\"breadcrumb\":{\"@id\":\"https:\\\/\\\/revolutionpadelstore.com\\\/it\\\/prodotto\\\/joma-t-smash-2308-tsmas2308p-naranja-fluor-4\\\/#breadcrumb\"},\"inLanguage\":\"it-IT\",\"potentialAction\":[{\"@type\":\"ReadAction\",\"target\":[\"https:\\\/\\\/revolutionpadelstore.com\\\/it\\\/prodotto\\\/joma-t-smash-2308-tsmas2308p-naranja-fluor-4\\\/\"]}]},{\"@type\":\"ImageObject\",\"inLanguage\":\"it-IT\",\"@id\":\"https:\\\/\\\/revolutionpadelstore.com\\\/it\\\/prodotto\\\/joma-t-smash-2308-tsmas2308p-naranja-fluor-4\\\/#primaryimage\",\"url\":\"https:\\\/\\\/revolutionpadelstore.com\\\/wp-content\\\/uploads\\\/2024\\\/04\\\/C-106569-P-0-4.jpg\",\"contentUrl\":\"https:\\\/\\\/revolutionpadelstore.com\\\/wp-content\\\/uploads\\\/2024\\\/04\\\/C-106569-P-0-4.jpg\",\"width\":1500,\"height\":1500},{\"@type\":\"BreadcrumbList\",\"@id\":\"https:\\\/\\\/revolutionpadelstore.com\\\/it\\\/prodotto\\\/joma-t-smash-2308-tsmas2308p-naranja-fluor-4\\\/#breadcrumb\",\"itemListElement\":[{\"@type\":\"ListItem\",\"position\":1,\"name\":\"Portada\",\"item\":\"https:\\\/\\\/revolutionpadelstore.com\\\/it\\\/\"},{\"@type\":\"ListItem\",\"position\":2,\"name\":\"Tienda\",\"item\":\"https:\\\/\\\/revolutionpadelstore.com\\\/it\\\/tienda\\\/\"},{\"@type\":\"ListItem\",\"position\":3,\"name\":\"JOMA T.SMASH 2308 TSMAS2308P NARANJA FL\u00daOR\"}]},{\"@type\":\"WebSite\",\"@id\":\"https:\\\/\\\/revolutionpadelstore.com\\\/it\\\/#website\",\"url\":\"https:\\\/\\\/revolutionpadelstore.com\\\/it\\\/\",\"name\":\"Revolution Padel Store\",\"description\":\"\",\"publisher\":{\"@id\":\"https:\\\/\\\/revolutionpadelstore.com\\\/it\\\/#organization\"},\"potentialAction\":[{\"@type\":\"SearchAction\",\"target\":{\"@type\":\"EntryPoint\",\"urlTemplate\":\"https:\\\/\\\/revolutionpadelstore.com\\\/it\\\/?s={search_term_string}\"},\"query-input\":{\"@type\":\"PropertyValueSpecification\",\"valueRequired\":true,\"valueName\":\"search_term_string\"}}],\"inLanguage\":\"it-IT\"},{\"@type\":\"Organization\",\"@id\":\"https:\\\/\\\/revolutionpadelstore.com\\\/it\\\/#organization\",\"name\":\"Revolution Padel Store\",\"url\":\"https:\\\/\\\/revolutionpadelstore.com\\\/it\\\/\",\"logo\":{\"@type\":\"ImageObject\",\"inLanguage\":\"it-IT\",\"@id\":\"https:\\\/\\\/revolutionpadelstore.com\\\/it\\\/#\\\/schema\\\/logo\\\/image\\\/\",\"url\":\"https:\\\/\\\/revolutionpadelstore.com\\\/wp-content\\\/uploads\\\/2026\\\/02\\\/revolution-padel-store.jpg\",\"contentUrl\":\"https:\\\/\\\/revolutionpadelstore.com\\\/wp-content\\\/uploads\\\/2026\\\/02\\\/revolution-padel-store.jpg\",\"width\":2000,\"height\":2000,\"caption\":\"Revolution Padel Store\"},\"image\":{\"@id\":\"https:\\\/\\\/revolutionpadelstore.com\\\/it\\\/#\\\/schema\\\/logo\\\/image\\\/\"},\"sameAs\":[\"https:\\\/\\\/www.instagram.com\\\/revolutionpadelstore\\\/\"]}]}<\/script>\n<!-- \/ Yoast SEO plugin. -->","yoast_head_json":{"title":"JOMA T.SMASH 2308 TSMAS2308P NARANJA FL\u00daOR - Revolution Padel Store","description":"Descubre las zapatillas de p\u00e1del Joma T.Smash 2308 Naranja Fl\u00faor en Revolution Padel Store, con tecnolog\u00edas avanzadas para mayor durabilidad y comodidad.","robots":{"index":"index","follow":"follow","max-snippet":"max-snippet:-1","max-image-preview":"max-image-preview:large","max-video-preview":"max-video-preview:-1"},"canonical":"https:\/\/revolutionpadelstore.com\/it\/prodotto\/joma-t-smash-2308-tsmas2308p-naranja-fluor-4\/","og_locale":"it_IT","og_type":"article","og_title":"JOMA T.SMASH 2308 TSMAS2308P NARANJA FL\u00daOR - Revolution Padel Store","og_description":"Descubre las zapatillas de p\u00e1del Joma T.Smash 2308 Naranja Fl\u00faor en Revolution Padel Store, con tecnolog\u00edas avanzadas para mayor durabilidad y comodidad.","og_url":"https:\/\/revolutionpadelstore.com\/it\/prodotto\/joma-t-smash-2308-tsmas2308p-naranja-fluor-4\/","og_site_name":"Revolution Padel Store","article_modified_time":"2026-04-08T09:28:19+00:00","og_image":[{"width":1500,"height":1500,"url":"https:\/\/revolutionpadelstore.com\/wp-content\/uploads\/2024\/04\/C-106569-P-0-4.jpg","type":"image\/png"}],"twitter_card":"summary_large_image","twitter_misc":{"Tempo di lettura stimato":"2 minuti"},"schema":{"@context":"https:\/\/schema.org","@graph":[{"@type":"WebPage","@id":"https:\/\/revolutionpadelstore.com\/it\/prodotto\/joma-t-smash-2308-tsmas2308p-naranja-fluor-4\/","url":"https:\/\/revolutionpadelstore.com\/it\/prodotto\/joma-t-smash-2308-tsmas2308p-naranja-fluor-4\/","name":"JOMA T.SMASH 2308 TSMAS2308P NARANJA FL\u00daOR - Revolution Padel Store","isPartOf":{"@id":"https:\/\/revolutionpadelstore.com\/it\/#website"},"primaryImageOfPage":{"@id":"https:\/\/revolutionpadelstore.com\/it\/prodotto\/joma-t-smash-2308-tsmas2308p-naranja-fluor-4\/#primaryimage"},"image":{"@id":"https:\/\/revolutionpadelstore.com\/it\/prodotto\/joma-t-smash-2308-tsmas2308p-naranja-fluor-4\/#primaryimage"},"thumbnailUrl":"https:\/\/revolutionpadelstore.com\/wp-content\/uploads\/2024\/04\/C-106569-P-0-4.jpg","datePublished":"2024-04-22T13:25:57+00:00","dateModified":"2026-04-08T09:28:19+00:00","description":"Descubre las zapatillas de p\u00e1del Joma T.Smash 2308 Naranja Fl\u00faor en Revolution Padel Store, con tecnolog\u00edas avanzadas para mayor durabilidad y comodidad.","breadcrumb":{"@id":"https:\/\/revolutionpadelstore.com\/it\/prodotto\/joma-t-smash-2308-tsmas2308p-naranja-fluor-4\/#breadcrumb"},"inLanguage":"it-IT","potentialAction":[{"@type":"ReadAction","target":["https:\/\/revolutionpadelstore.com\/it\/prodotto\/joma-t-smash-2308-tsmas2308p-naranja-fluor-4\/"]}]},{"@type":"ImageObject","inLanguage":"it-IT","@id":"https:\/\/revolutionpadelstore.com\/it\/prodotto\/joma-t-smash-2308-tsmas2308p-naranja-fluor-4\/#primaryimage","url":"https:\/\/revolutionpadelstore.com\/wp-content\/uploads\/2024\/04\/C-106569-P-0-4.jpg","contentUrl":"https:\/\/revolutionpadelstore.com\/wp-content\/uploads\/2024\/04\/C-106569-P-0-4.jpg","width":1500,"height":1500},{"@type":"BreadcrumbList","@id":"https:\/\/revolutionpadelstore.com\/it\/prodotto\/joma-t-smash-2308-tsmas2308p-naranja-fluor-4\/#breadcrumb","itemListElement":[{"@type":"ListItem","position":1,"name":"Portada","item":"https:\/\/revolutionpadelstore.com\/it\/"},{"@type":"ListItem","position":2,"name":"Tienda","item":"https:\/\/revolutionpadelstore.com\/it\/tienda\/"},{"@type":"ListItem","position":3,"name":"JOMA T.SMASH 2308 TSMAS2308P NARANJA FL\u00daOR"}]},{"@type":"WebSite","@id":"https:\/\/revolutionpadelstore.com\/it\/#website","url":"https:\/\/revolutionpadelstore.com\/it\/","name":"Revolution Padel Store","description":"","publisher":{"@id":"https:\/\/revolutionpadelstore.com\/it\/#organization"},"potentialAction":[{"@type":"SearchAction","target":{"@type":"EntryPoint","urlTemplate":"https:\/\/revolutionpadelstore.com\/it\/?s={search_term_string}"},"query-input":{"@type":"PropertyValueSpecification","valueRequired":true,"valueName":"search_term_string"}}],"inLanguage":"it-IT"},{"@type":"Organization","@id":"https:\/\/revolutionpadelstore.com\/it\/#organization","name":"Revolution Padel Store","url":"https:\/\/revolutionpadelstore.com\/it\/","logo":{"@type":"ImageObject","inLanguage":"it-IT","@id":"https:\/\/revolutionpadelstore.com\/it\/#\/schema\/logo\/image\/","url":"https:\/\/revolutionpadelstore.com\/wp-content\/uploads\/2026\/02\/revolution-padel-store.jpg","contentUrl":"https:\/\/revolutionpadelstore.com\/wp-content\/uploads\/2026\/02\/revolution-padel-store.jpg","width":2000,"height":2000,"caption":"Revolution Padel Store"},"image":{"@id":"https:\/\/revolutionpadelstore.com\/it\/#\/schema\/logo\/image\/"},"sameAs":["https:\/\/www.instagram.com\/revolutionpadelstore\/"]}]}},"_links":{"self":[{"href":"https:\/\/revolutionpadelstore.com\/it\/wp-json\/wp\/v2\/product\/12943","targetHints":{"allow":["GET"]}}],"collection":[{"href":"https:\/\/revolutionpadelstore.com\/it\/wp-json\/wp\/v2\/product"}],"about":[{"href":"https:\/\/revolutionpadelstore.com\/it\/wp-json\/wp\/v2\/types\/product"}],"replies":[{"embeddable":true,"href":"https:\/\/revolutionpadelstore.com\/it\/wp-json\/wp\/v2\/comments?post=12943"}],"wp:featuredmedia":[{"embeddable":true,"href":"https:\/\/revolutionpadelstore.com\/it\/wp-json\/wp\/v2\/media\/33787"}],"wp:attachment":[{"href":"https:\/\/revolutionpadelstore.com\/it\/wp-json\/wp\/v2\/media?parent=12943"}],"wp:term":[{"taxonomy":"acabado","embeddable":true,"href":"https:\/\/revolutionpadelstore.com\/it\/wp-json\/wp\/v2\/acabado?post=12943"},{"taxonomy":"balance","embeddable":true,"href":"https:\/\/revolutionpadelstore.com\/it\/wp-json\/wp\/v2\/balance?post=12943"},{"taxonomy":"dureza","embeddable":true,"href":"https:\/\/revolutionpadelstore.com\/it\/wp-json\/wp\/v2\/dureza?post=12943"},{"taxonomy":"forma","embeddable":true,"href":"https:\/\/revolutionpadelstore.com\/it\/wp-json\/wp\/v2\/forma?post=12943"},{"taxonomy":"jugador","embeddable":true,"href":"https:\/\/revolutionpadelstore.com\/it\/wp-json\/wp\/v2\/jugador?post=12943"},{"taxonomy":"marca","embeddable":true,"href":"https:\/\/revolutionpadelstore.com\/it\/wp-json\/wp\/v2\/marca?post=12943"},{"taxonomy":"nivel-de-juego","embeddable":true,"href":"https:\/\/revolutionpadelstore.com\/it\/wp-json\/wp\/v2\/nivel-de-juego?post=12943"},{"taxonomy":"superficie","embeddable":true,"href":"https:\/\/revolutionpadelstore.com\/it\/wp-json\/wp\/v2\/superficie?post=12943"},{"taxonomy":"tipo-de-juego","embeddable":true,"href":"https:\/\/revolutionpadelstore.com\/it\/wp-json\/wp\/v2\/tipo-de-juego?post=12943"},{"taxonomy":"product_brand","embeddable":true,"href":"https:\/\/revolutionpadelstore.com\/it\/wp-json\/wp\/v2\/product_brand?post=12943"},{"taxonomy":"product_cat","embeddable":true,"href":"https:\/\/revolutionpadelstore.com\/it\/wp-json\/wp\/v2\/product_cat?post=12943"},{"taxonomy":"product_tag","embeddable":true,"href":"https:\/\/revolutionpadelstore.com\/it\/wp-json\/wp\/v2\/product_tag?post=12943"}],"curies":[{"name":"wp","href":"https:\/\/api.w.org\/{rel}","templated":true}]}}