{"id":129368,"date":"2024-11-27T00:08:18","date_gmt":"2024-11-26T23:08:18","guid":{"rendered":"https:\/\/revolutionpadelstore.com\/paletero-bullpadel-alejandra-salazar-flow-bpp-25006-aguamarina\/"},"modified":"2026-04-08T10:04:02","modified_gmt":"2026-04-08T08:04:02","slug":"paletero-bullpadel-alejandra-salazar-flow-bpp-25006-072-aguamarina-4","status":"publish","type":"product","link":"https:\/\/revolutionpadelstore.com\/it\/prodotto\/paletero-bullpadel-alejandra-salazar-flow-bpp-25006-072-aguamarina-4\/","title":{"rendered":"PALETERO BULLPADEL ALEJANDRA SALAZAR FLOW BPP-25006 072 Aguamarina"},"content":{"rendered":"<h2> Paletero Bullpadel Alejandra Salazar Flow BPP-25006 Aguamarina <\/h2>\n<p>Il Paletero Bullpadel Alejandra Salazar Flow BPP-25006 \u00e8 il complemento perfetto per gli amanti della pagaia in cerca di stile, funzionalit\u00e0 e comfort.<\/p>\n<p>Progettato con la collaborazione del giocatore professionista Alejandra Salazar, questo Paletero combina un design attraente con caratteristiche tecniche progettate per soddisfare le esigenze dei giocatori pi\u00f9 esigenti.<\/p>\n<h2> Caratteristiche principali: <\/h2>\n<p><strong> compartimento principale <\/strong>: ampio e facilmente accessibile, ideale per trasportare tutto il necessario per le partite e l&#8217;allenamento. Questo compartimento \u00e8 progettato per riporre abiti, asciugamani, accessori e altri oggetti personali.<\/p>\n<p><strong> Due compartimenti termici <\/strong>: appositamente progettati per trasportare e proteggere fino a quattro pale lame, questi compartimenti incorporano la tecnologia <strong> protezione termica <\/strong>, che mantiene la temperatura ottimale delle pale, proteggendole da i cambiamenti termici e prolungando la sua durata.<\/p>\n<p><strong> compartimento indipendente e ventilato <\/strong>: uno spazio separato, perfetto per calzature per negozi o vestiti usati. Grazie al suo sistema di ventilazione, impedisce l&#8217;accumulo di odori e mantiene gli effetti personali organizzati e freschi.<\/p>\n<p><strong> tasca laterale con soffietti esterni <\/strong>: una tasca aggiuntiva con soffietto per una maggiore capacit\u00e0, ideale per archiviare piccoli accessori come chiavi, portafoglio, telefono cellulare o impugnatura di riserva, consentendo un rapido accesso agli oggetti pi\u00f9 essenziali.<\/p>\n<h2> design e comfort: <\/h2>\n<p><strong> Stile unico <\/strong>: questo paletero presenta un design moderno ed elegante, fedele allo stile di Alejandra Salazar, che si distingue per la sua attraente combinazione di colori e finiture di alta qualit\u00e0.<\/p>\n<p><strong> maniglie imbottite <\/strong>: viene fornito con cinghie regolabili e imbottite che lo consentono di essere utilizzato come zaino, fornendo comfort e facilit\u00e0 per trasportarlo.<\/p>\n<p><strong> durata <\/strong>: realizzato con materiali resistenti e di alta qualit\u00e0, questo paletero \u00e8 progettato per resistere all&#8217;uso intensivo dei giocatori di paletta.<\/p>\n<p>Il <strong> Paletero Bullpadel Alejandra Salazar Flow BPP-25006 <\/strong> non si distingue solo per il suo design sofisticato, ma anche per la sua funzionalit\u00e0 e organizzazione. \u00c8 perfetto per quei giocatori che cercano di trasportare la loro squadra in modo sicuro e comodamente, mantenendo sempre lo stile sia dentro che fuori dalla pista. Un accessorio essenziale per qualsiasi giocatore di paddle appassionato!<\/p>\n<h2>Paletero Bullpadel Alejandra Salazar Flow BPP-25006 Aguamarina<\/h2>\n","protected":false},"excerpt":{"rendered":"<p>Paletero Bullpadel Alejandra Salazar Flow BPP-25006 Aguamarina Il Paletero Bullpadel Alejandra Salazar Flow BPP-25006 \u00e8 il complemento perfetto per gli amanti della pagaia in cerca di stile, funzionalit\u00e0 e comfort. Progettato con la collaborazione del giocatore professionista Alejandra Salazar, questo Paletero combina un design attraente con caratteristiche tecniche progettate per soddisfare le esigenze dei giocatori [&hellip;]<\/p>\n","protected":false},"featured_media":129339,"comment_status":"open","ping_status":"closed","template":"","meta":{"_acf_changed":false,"_joinchat":[]},"acabado":[],"balance":[],"dureza":[],"forma":[],"jugador":[],"marca":[1256],"nivel-de-juego":[],"superficie":[],"tipo-de-juego":[],"product_brand":[],"product_cat":[318],"product_tag":[],"class_list":{"0":"post-129368","1":"product","2":"type-product","3":"status-publish","4":"has-post-thumbnail","6":"marca-bullpadel-it","7":"product_cat-borse","9":"first","10":"outofstock","11":"sale","12":"taxable","13":"shipping-taxable","14":"purchasable","15":"product-type-simple"},"acf":[],"yoast_head":"<!-- This site is optimized with the Yoast SEO plugin v27.4 - https:\/\/yoast.com\/product\/yoast-seo-wordpress\/ -->\n<title>PALETERO BULLPADEL ALEJANDRA SALAZAR FLOW BPP-25006 072 Aguamarina - Revolution Padel Store<\/title>\n<meta name=\"description\" content=\"El Paletero Bullpadel Alejandra Salazar Flow BPP-25006 es el complemento perfecto para los amantes del p\u00e1del que buscan estilo, funcionalidad y comodidad.Dise\u00f1ado con la colaboraci\u00f3n de la jugadora profesional Alejandra Salazar, este paletero combina un dise\u00f1o atractivo con caracter\u00edsticas t\u00e9cnicas pensadas para satisfacer las necesidades de los jugadores mas exigentes.\" \/>\n<meta name=\"robots\" content=\"index, follow, max-snippet:-1, max-image-preview:large, max-video-preview:-1\" \/>\n<link rel=\"canonical\" href=\"https:\/\/revolutionpadelstore.com\/it\/prodotto\/paletero-bullpadel-alejandra-salazar-flow-bpp-25006-072-aguamarina-4\/\" \/>\n<meta property=\"og:locale\" content=\"it_IT\" \/>\n<meta property=\"og:type\" content=\"article\" \/>\n<meta property=\"og:title\" content=\"PALETERO BULLPADEL ALEJANDRA SALAZAR FLOW BPP-25006 072 Aguamarina - Revolution Padel Store\" \/>\n<meta property=\"og:description\" content=\"El Paletero Bullpadel Alejandra Salazar Flow BPP-25006 es el complemento perfecto para los amantes del p\u00e1del que buscan estilo, funcionalidad y comodidad.Dise\u00f1ado con la colaboraci\u00f3n de la jugadora profesional Alejandra Salazar, este paletero combina un dise\u00f1o atractivo con caracter\u00edsticas t\u00e9cnicas pensadas para satisfacer las necesidades de los jugadores mas exigentes.\" \/>\n<meta property=\"og:url\" content=\"https:\/\/revolutionpadelstore.com\/it\/prodotto\/paletero-bullpadel-alejandra-salazar-flow-bpp-25006-072-aguamarina-4\/\" \/>\n<meta property=\"og:site_name\" content=\"Revolution Padel Store\" \/>\n<meta property=\"article:modified_time\" content=\"2026-04-08T08:04:02+00:00\" \/>\n<meta property=\"og:image\" content=\"https:\/\/revolutionpadelstore.com\/wp-content\/uploads\/2024\/11\/paletero-bullpadel-alejandra-salazar-flow-bpp-25006-aguamarina-1100x1100-1.webp\" \/>\n\t<meta property=\"og:image:width\" content=\"1100\" \/>\n\t<meta property=\"og:image:height\" content=\"1100\" \/>\n\t<meta property=\"og:image:type\" content=\"image\/webp\" \/>\n<meta name=\"twitter:card\" content=\"summary_large_image\" \/>\n<meta name=\"twitter:label1\" content=\"Tempo di lettura stimato\" \/>\n\t<meta name=\"twitter:data1\" content=\"2 minuti\" \/>\n<script type=\"application\/ld+json\" class=\"yoast-schema-graph\">{\"@context\":\"https:\\\/\\\/schema.org\",\"@graph\":[{\"@type\":\"WebPage\",\"@id\":\"https:\\\/\\\/revolutionpadelstore.com\\\/it\\\/prodotto\\\/paletero-bullpadel-alejandra-salazar-flow-bpp-25006-072-aguamarina-4\\\/\",\"url\":\"https:\\\/\\\/revolutionpadelstore.com\\\/it\\\/prodotto\\\/paletero-bullpadel-alejandra-salazar-flow-bpp-25006-072-aguamarina-4\\\/\",\"name\":\"PALETERO BULLPADEL ALEJANDRA SALAZAR FLOW BPP-25006 072 Aguamarina - Revolution Padel Store\",\"isPartOf\":{\"@id\":\"https:\\\/\\\/revolutionpadelstore.com\\\/it\\\/#website\"},\"primaryImageOfPage\":{\"@id\":\"https:\\\/\\\/revolutionpadelstore.com\\\/it\\\/prodotto\\\/paletero-bullpadel-alejandra-salazar-flow-bpp-25006-072-aguamarina-4\\\/#primaryimage\"},\"image\":{\"@id\":\"https:\\\/\\\/revolutionpadelstore.com\\\/it\\\/prodotto\\\/paletero-bullpadel-alejandra-salazar-flow-bpp-25006-072-aguamarina-4\\\/#primaryimage\"},\"thumbnailUrl\":\"https:\\\/\\\/revolutionpadelstore.com\\\/wp-content\\\/uploads\\\/2024\\\/11\\\/paletero-bullpadel-alejandra-salazar-flow-bpp-25006-aguamarina-1100x1100-1.webp\",\"datePublished\":\"2024-11-26T23:08:18+00:00\",\"dateModified\":\"2026-04-08T08:04:02+00:00\",\"description\":\"El Paletero Bullpadel Alejandra Salazar Flow BPP-25006 es el complemento perfecto para los amantes del p\u00e1del que buscan estilo, funcionalidad y comodidad.Dise\u00f1ado con la colaboraci\u00f3n de la jugadora profesional Alejandra Salazar, este paletero combina un dise\u00f1o atractivo con caracter\u00edsticas t\u00e9cnicas pensadas para satisfacer las necesidades de los jugadores mas exigentes.\",\"breadcrumb\":{\"@id\":\"https:\\\/\\\/revolutionpadelstore.com\\\/it\\\/prodotto\\\/paletero-bullpadel-alejandra-salazar-flow-bpp-25006-072-aguamarina-4\\\/#breadcrumb\"},\"inLanguage\":\"it-IT\",\"potentialAction\":[{\"@type\":\"ReadAction\",\"target\":[\"https:\\\/\\\/revolutionpadelstore.com\\\/it\\\/prodotto\\\/paletero-bullpadel-alejandra-salazar-flow-bpp-25006-072-aguamarina-4\\\/\"]}]},{\"@type\":\"ImageObject\",\"inLanguage\":\"it-IT\",\"@id\":\"https:\\\/\\\/revolutionpadelstore.com\\\/it\\\/prodotto\\\/paletero-bullpadel-alejandra-salazar-flow-bpp-25006-072-aguamarina-4\\\/#primaryimage\",\"url\":\"https:\\\/\\\/revolutionpadelstore.com\\\/wp-content\\\/uploads\\\/2024\\\/11\\\/paletero-bullpadel-alejandra-salazar-flow-bpp-25006-aguamarina-1100x1100-1.webp\",\"contentUrl\":\"https:\\\/\\\/revolutionpadelstore.com\\\/wp-content\\\/uploads\\\/2024\\\/11\\\/paletero-bullpadel-alejandra-salazar-flow-bpp-25006-aguamarina-1100x1100-1.webp\",\"width\":1100,\"height\":1100},{\"@type\":\"BreadcrumbList\",\"@id\":\"https:\\\/\\\/revolutionpadelstore.com\\\/it\\\/prodotto\\\/paletero-bullpadel-alejandra-salazar-flow-bpp-25006-072-aguamarina-4\\\/#breadcrumb\",\"itemListElement\":[{\"@type\":\"ListItem\",\"position\":1,\"name\":\"Portada\",\"item\":\"https:\\\/\\\/revolutionpadelstore.com\\\/it\\\/\"},{\"@type\":\"ListItem\",\"position\":2,\"name\":\"Tienda\",\"item\":\"https:\\\/\\\/revolutionpadelstore.com\\\/it\\\/tienda\\\/\"},{\"@type\":\"ListItem\",\"position\":3,\"name\":\"PALETERO BULLPADEL ALEJANDRA SALAZAR FLOW BPP-25006 072 Aguamarina\"}]},{\"@type\":\"WebSite\",\"@id\":\"https:\\\/\\\/revolutionpadelstore.com\\\/it\\\/#website\",\"url\":\"https:\\\/\\\/revolutionpadelstore.com\\\/it\\\/\",\"name\":\"Revolution Padel Store\",\"description\":\"\",\"publisher\":{\"@id\":\"https:\\\/\\\/revolutionpadelstore.com\\\/it\\\/#organization\"},\"potentialAction\":[{\"@type\":\"SearchAction\",\"target\":{\"@type\":\"EntryPoint\",\"urlTemplate\":\"https:\\\/\\\/revolutionpadelstore.com\\\/it\\\/?s={search_term_string}\"},\"query-input\":{\"@type\":\"PropertyValueSpecification\",\"valueRequired\":true,\"valueName\":\"search_term_string\"}}],\"inLanguage\":\"it-IT\"},{\"@type\":\"Organization\",\"@id\":\"https:\\\/\\\/revolutionpadelstore.com\\\/it\\\/#organization\",\"name\":\"Revolution Padel Store\",\"url\":\"https:\\\/\\\/revolutionpadelstore.com\\\/it\\\/\",\"logo\":{\"@type\":\"ImageObject\",\"inLanguage\":\"it-IT\",\"@id\":\"https:\\\/\\\/revolutionpadelstore.com\\\/it\\\/#\\\/schema\\\/logo\\\/image\\\/\",\"url\":\"https:\\\/\\\/revolutionpadelstore.com\\\/wp-content\\\/uploads\\\/2026\\\/02\\\/revolution-padel-store.jpg\",\"contentUrl\":\"https:\\\/\\\/revolutionpadelstore.com\\\/wp-content\\\/uploads\\\/2026\\\/02\\\/revolution-padel-store.jpg\",\"width\":2000,\"height\":2000,\"caption\":\"Revolution Padel Store\"},\"image\":{\"@id\":\"https:\\\/\\\/revolutionpadelstore.com\\\/it\\\/#\\\/schema\\\/logo\\\/image\\\/\"},\"sameAs\":[\"https:\\\/\\\/www.instagram.com\\\/revolutionpadelstore\\\/\"]}]}<\/script>\n<!-- \/ Yoast SEO plugin. -->","yoast_head_json":{"title":"PALETERO BULLPADEL ALEJANDRA SALAZAR FLOW BPP-25006 072 Aguamarina - Revolution Padel Store","description":"El Paletero Bullpadel Alejandra Salazar Flow BPP-25006 es el complemento perfecto para los amantes del p\u00e1del que buscan estilo, funcionalidad y comodidad.Dise\u00f1ado con la colaboraci\u00f3n de la jugadora profesional Alejandra Salazar, este paletero combina un dise\u00f1o atractivo con caracter\u00edsticas t\u00e9cnicas pensadas para satisfacer las necesidades de los jugadores mas exigentes.","robots":{"index":"index","follow":"follow","max-snippet":"max-snippet:-1","max-image-preview":"max-image-preview:large","max-video-preview":"max-video-preview:-1"},"canonical":"https:\/\/revolutionpadelstore.com\/it\/prodotto\/paletero-bullpadel-alejandra-salazar-flow-bpp-25006-072-aguamarina-4\/","og_locale":"it_IT","og_type":"article","og_title":"PALETERO BULLPADEL ALEJANDRA SALAZAR FLOW BPP-25006 072 Aguamarina - Revolution Padel Store","og_description":"El Paletero Bullpadel Alejandra Salazar Flow BPP-25006 es el complemento perfecto para los amantes del p\u00e1del que buscan estilo, funcionalidad y comodidad.Dise\u00f1ado con la colaboraci\u00f3n de la jugadora profesional Alejandra Salazar, este paletero combina un dise\u00f1o atractivo con caracter\u00edsticas t\u00e9cnicas pensadas para satisfacer las necesidades de los jugadores mas exigentes.","og_url":"https:\/\/revolutionpadelstore.com\/it\/prodotto\/paletero-bullpadel-alejandra-salazar-flow-bpp-25006-072-aguamarina-4\/","og_site_name":"Revolution Padel Store","article_modified_time":"2026-04-08T08:04:02+00:00","og_image":[{"width":1100,"height":1100,"url":"https:\/\/revolutionpadelstore.com\/wp-content\/uploads\/2024\/11\/paletero-bullpadel-alejandra-salazar-flow-bpp-25006-aguamarina-1100x1100-1.webp","type":"image\/webp"}],"twitter_card":"summary_large_image","twitter_misc":{"Tempo di lettura stimato":"2 minuti"},"schema":{"@context":"https:\/\/schema.org","@graph":[{"@type":"WebPage","@id":"https:\/\/revolutionpadelstore.com\/it\/prodotto\/paletero-bullpadel-alejandra-salazar-flow-bpp-25006-072-aguamarina-4\/","url":"https:\/\/revolutionpadelstore.com\/it\/prodotto\/paletero-bullpadel-alejandra-salazar-flow-bpp-25006-072-aguamarina-4\/","name":"PALETERO BULLPADEL ALEJANDRA SALAZAR FLOW BPP-25006 072 Aguamarina - Revolution Padel Store","isPartOf":{"@id":"https:\/\/revolutionpadelstore.com\/it\/#website"},"primaryImageOfPage":{"@id":"https:\/\/revolutionpadelstore.com\/it\/prodotto\/paletero-bullpadel-alejandra-salazar-flow-bpp-25006-072-aguamarina-4\/#primaryimage"},"image":{"@id":"https:\/\/revolutionpadelstore.com\/it\/prodotto\/paletero-bullpadel-alejandra-salazar-flow-bpp-25006-072-aguamarina-4\/#primaryimage"},"thumbnailUrl":"https:\/\/revolutionpadelstore.com\/wp-content\/uploads\/2024\/11\/paletero-bullpadel-alejandra-salazar-flow-bpp-25006-aguamarina-1100x1100-1.webp","datePublished":"2024-11-26T23:08:18+00:00","dateModified":"2026-04-08T08:04:02+00:00","description":"El Paletero Bullpadel Alejandra Salazar Flow BPP-25006 es el complemento perfecto para los amantes del p\u00e1del que buscan estilo, funcionalidad y comodidad.Dise\u00f1ado con la colaboraci\u00f3n de la jugadora profesional Alejandra Salazar, este paletero combina un dise\u00f1o atractivo con caracter\u00edsticas t\u00e9cnicas pensadas para satisfacer las necesidades de los jugadores mas exigentes.","breadcrumb":{"@id":"https:\/\/revolutionpadelstore.com\/it\/prodotto\/paletero-bullpadel-alejandra-salazar-flow-bpp-25006-072-aguamarina-4\/#breadcrumb"},"inLanguage":"it-IT","potentialAction":[{"@type":"ReadAction","target":["https:\/\/revolutionpadelstore.com\/it\/prodotto\/paletero-bullpadel-alejandra-salazar-flow-bpp-25006-072-aguamarina-4\/"]}]},{"@type":"ImageObject","inLanguage":"it-IT","@id":"https:\/\/revolutionpadelstore.com\/it\/prodotto\/paletero-bullpadel-alejandra-salazar-flow-bpp-25006-072-aguamarina-4\/#primaryimage","url":"https:\/\/revolutionpadelstore.com\/wp-content\/uploads\/2024\/11\/paletero-bullpadel-alejandra-salazar-flow-bpp-25006-aguamarina-1100x1100-1.webp","contentUrl":"https:\/\/revolutionpadelstore.com\/wp-content\/uploads\/2024\/11\/paletero-bullpadel-alejandra-salazar-flow-bpp-25006-aguamarina-1100x1100-1.webp","width":1100,"height":1100},{"@type":"BreadcrumbList","@id":"https:\/\/revolutionpadelstore.com\/it\/prodotto\/paletero-bullpadel-alejandra-salazar-flow-bpp-25006-072-aguamarina-4\/#breadcrumb","itemListElement":[{"@type":"ListItem","position":1,"name":"Portada","item":"https:\/\/revolutionpadelstore.com\/it\/"},{"@type":"ListItem","position":2,"name":"Tienda","item":"https:\/\/revolutionpadelstore.com\/it\/tienda\/"},{"@type":"ListItem","position":3,"name":"PALETERO BULLPADEL ALEJANDRA SALAZAR FLOW BPP-25006 072 Aguamarina"}]},{"@type":"WebSite","@id":"https:\/\/revolutionpadelstore.com\/it\/#website","url":"https:\/\/revolutionpadelstore.com\/it\/","name":"Revolution Padel Store","description":"","publisher":{"@id":"https:\/\/revolutionpadelstore.com\/it\/#organization"},"potentialAction":[{"@type":"SearchAction","target":{"@type":"EntryPoint","urlTemplate":"https:\/\/revolutionpadelstore.com\/it\/?s={search_term_string}"},"query-input":{"@type":"PropertyValueSpecification","valueRequired":true,"valueName":"search_term_string"}}],"inLanguage":"it-IT"},{"@type":"Organization","@id":"https:\/\/revolutionpadelstore.com\/it\/#organization","name":"Revolution Padel Store","url":"https:\/\/revolutionpadelstore.com\/it\/","logo":{"@type":"ImageObject","inLanguage":"it-IT","@id":"https:\/\/revolutionpadelstore.com\/it\/#\/schema\/logo\/image\/","url":"https:\/\/revolutionpadelstore.com\/wp-content\/uploads\/2026\/02\/revolution-padel-store.jpg","contentUrl":"https:\/\/revolutionpadelstore.com\/wp-content\/uploads\/2026\/02\/revolution-padel-store.jpg","width":2000,"height":2000,"caption":"Revolution Padel Store"},"image":{"@id":"https:\/\/revolutionpadelstore.com\/it\/#\/schema\/logo\/image\/"},"sameAs":["https:\/\/www.instagram.com\/revolutionpadelstore\/"]}]}},"_links":{"self":[{"href":"https:\/\/revolutionpadelstore.com\/it\/wp-json\/wp\/v2\/product\/129368","targetHints":{"allow":["GET"]}}],"collection":[{"href":"https:\/\/revolutionpadelstore.com\/it\/wp-json\/wp\/v2\/product"}],"about":[{"href":"https:\/\/revolutionpadelstore.com\/it\/wp-json\/wp\/v2\/types\/product"}],"replies":[{"embeddable":true,"href":"https:\/\/revolutionpadelstore.com\/it\/wp-json\/wp\/v2\/comments?post=129368"}],"wp:featuredmedia":[{"embeddable":true,"href":"https:\/\/revolutionpadelstore.com\/it\/wp-json\/wp\/v2\/media\/129339"}],"wp:attachment":[{"href":"https:\/\/revolutionpadelstore.com\/it\/wp-json\/wp\/v2\/media?parent=129368"}],"wp:term":[{"taxonomy":"acabado","embeddable":true,"href":"https:\/\/revolutionpadelstore.com\/it\/wp-json\/wp\/v2\/acabado?post=129368"},{"taxonomy":"balance","embeddable":true,"href":"https:\/\/revolutionpadelstore.com\/it\/wp-json\/wp\/v2\/balance?post=129368"},{"taxonomy":"dureza","embeddable":true,"href":"https:\/\/revolutionpadelstore.com\/it\/wp-json\/wp\/v2\/dureza?post=129368"},{"taxonomy":"forma","embeddable":true,"href":"https:\/\/revolutionpadelstore.com\/it\/wp-json\/wp\/v2\/forma?post=129368"},{"taxonomy":"jugador","embeddable":true,"href":"https:\/\/revolutionpadelstore.com\/it\/wp-json\/wp\/v2\/jugador?post=129368"},{"taxonomy":"marca","embeddable":true,"href":"https:\/\/revolutionpadelstore.com\/it\/wp-json\/wp\/v2\/marca?post=129368"},{"taxonomy":"nivel-de-juego","embeddable":true,"href":"https:\/\/revolutionpadelstore.com\/it\/wp-json\/wp\/v2\/nivel-de-juego?post=129368"},{"taxonomy":"superficie","embeddable":true,"href":"https:\/\/revolutionpadelstore.com\/it\/wp-json\/wp\/v2\/superficie?post=129368"},{"taxonomy":"tipo-de-juego","embeddable":true,"href":"https:\/\/revolutionpadelstore.com\/it\/wp-json\/wp\/v2\/tipo-de-juego?post=129368"},{"taxonomy":"product_brand","embeddable":true,"href":"https:\/\/revolutionpadelstore.com\/it\/wp-json\/wp\/v2\/product_brand?post=129368"},{"taxonomy":"product_cat","embeddable":true,"href":"https:\/\/revolutionpadelstore.com\/it\/wp-json\/wp\/v2\/product_cat?post=129368"},{"taxonomy":"product_tag","embeddable":true,"href":"https:\/\/revolutionpadelstore.com\/it\/wp-json\/wp\/v2\/product_tag?post=129368"}],"curies":[{"name":"wp","href":"https:\/\/api.w.org\/{rel}","templated":true}]}}