{"id":129193,"date":"2024-11-26T08:41:42","date_gmt":"2024-11-26T07:41:42","guid":{"rendered":"https:\/\/revolutionpadelstore.com\/mochila-bullpadel-bpm25022-xplo\/"},"modified":"2026-04-08T10:06:38","modified_gmt":"2026-04-08T08:06:38","slug":"mochila-bullpadel-bpm25022-xplo-005-4","status":"publish","type":"product","link":"https:\/\/revolutionpadelstore.com\/it\/prodotto\/mochila-bullpadel-bpm25022-xplo-005-4\/","title":{"rendered":"MOCHILA BULLPADEL BPM25022 XPLO 005"},"content":{"rendered":"<h2> zaino nero bullpadel nero<br \/>\nLo zaino Bullpadel Black Black BPM-25022 \u00e8 l&#8217;opzione perfetta per coloro che cercano protezione, comfort e stile sulla strada per la pista della paletta. Progettato pensando alle prestazioni di Mart\u00edn Di Nenno, questo zaino offre un design moderno e pratico per gli atleti.<\/p>\n<p>Con un compartimento che viene trasformato in thermos e imbottito, offre un&#8217;eccellente protezione per i tuoi oggetti pi\u00f9 preziosi, come lama a paletta o laptop, assicurandoti che siano sempre in condizioni perfette. Inoltre, ha un ampio scompartimento principale in cui \u00e8 possibile conservare l&#8217;intero team, inclusi vestiti, asciugamani e accessori come i grandi. Ha anche una tasca frontale facilmente accessibile per i tuoi oggetti personali, come mobili o chiavi.<\/p>\n<p>Per un accesso rapido e conveniente durante il gioco, lo zaino include due tasche laterali elastiche, ideali per indossare una bottiglia d&#8217;acqua o una barca a sfera. Il design include la firma di Mart\u00edn Di Nenno, che aggiunge un tocco speciale di autenticit\u00e0.<\/p>\n<p>Le cinghie laterali consentono di regolare il volume dello zaino, fornendo maggiore comfort e adattabilit\u00e0 in base al carico che trasporti. Con questo modello, non solo ottieni uno zaino funzionale, ma anche un accessorio di stile, perfetto per gli amanti della paletta che apprezzano la qualit\u00e0 e il design. Porta con te l&#8217;essenza di un campione con questo zaino progettato per offrirti prestazioni e comfort.<\/p>\n<h2>Mochila Bullpadel XPLO Negro<\/h2>\n","protected":false},"excerpt":{"rendered":"<p>Lo zaino nero bullpadel include un vano rinforzato per Thermos per la lama di paddle, nonch\u00e9 uno spazio principale per trasportare tutto ci\u00f2 di cui hai bisogno di comodo grazie alle sue cinghie regolabili.<\/p>\n","protected":false},"featured_media":129170,"comment_status":"open","ping_status":"closed","template":"","meta":{"_acf_changed":false,"_joinchat":[]},"acabado":[],"balance":[],"dureza":[],"forma":[],"jugador":[],"marca":[1256],"nivel-de-juego":[],"superficie":[],"tipo-de-juego":[],"product_brand":[],"product_cat":[318],"product_tag":[],"class_list":{"0":"post-129193","1":"product","2":"type-product","3":"status-publish","4":"has-post-thumbnail","6":"marca-bullpadel-it","7":"product_cat-borse","9":"first","10":"outofstock","11":"sale","12":"taxable","13":"shipping-taxable","14":"purchasable","15":"product-type-simple"},"acf":[],"yoast_head":"<!-- This site is optimized with the Yoast SEO plugin v27.4 - https:\/\/yoast.com\/product\/yoast-seo-wordpress\/ -->\n<title>MOCHILA BULLPADEL BPM25022 XPLO 005 - Revolution Padel Store<\/title>\n<meta name=\"description\" content=\"Con un compartimento termo reforzado y acolchado, protege tus pertenencias m\u00e1s importantes con eficacia, ya sea una pala de p\u00e1del o un port\u00e1til, manteni\u00e9ndolos seguros y en perfecto estado en todo momento. Esta mochila deportiva de Bullpadel ofrece un amplio compartimento principal para llevar todo tu equipamiento, incluyendo ropa, toalla o accesorios como overgrips. Cuenta, tambi\u00e9n, con un bolsillo en la parte frontal de f\u00e1cil acceso para guardar tus objetos personales como el m\u00f3vil o las llaves.\" \/>\n<meta name=\"robots\" content=\"index, follow, max-snippet:-1, max-image-preview:large, max-video-preview:-1\" \/>\n<link rel=\"canonical\" href=\"https:\/\/revolutionpadelstore.com\/it\/prodotto\/mochila-bullpadel-bpm25022-xplo-005-4\/\" \/>\n<meta property=\"og:locale\" content=\"it_IT\" \/>\n<meta property=\"og:type\" content=\"article\" \/>\n<meta property=\"og:title\" content=\"MOCHILA BULLPADEL BPM25022 XPLO 005 - Revolution Padel Store\" \/>\n<meta property=\"og:description\" content=\"Con un compartimento termo reforzado y acolchado, protege tus pertenencias m\u00e1s importantes con eficacia, ya sea una pala de p\u00e1del o un port\u00e1til, manteni\u00e9ndolos seguros y en perfecto estado en todo momento. Esta mochila deportiva de Bullpadel ofrece un amplio compartimento principal para llevar todo tu equipamiento, incluyendo ropa, toalla o accesorios como overgrips. Cuenta, tambi\u00e9n, con un bolsillo en la parte frontal de f\u00e1cil acceso para guardar tus objetos personales como el m\u00f3vil o las llaves.\" \/>\n<meta property=\"og:url\" content=\"https:\/\/revolutionpadelstore.com\/it\/prodotto\/mochila-bullpadel-bpm25022-xplo-005-4\/\" \/>\n<meta property=\"og:site_name\" content=\"Revolution Padel Store\" \/>\n<meta property=\"article:modified_time\" content=\"2026-04-08T08:06:38+00:00\" \/>\n<meta property=\"og:image\" content=\"https:\/\/revolutionpadelstore.com\/wp-content\/uploads\/2024\/11\/113792-mochila-bullpadel-bpm25022-xplo-4481681500x1500-1.webp\" \/>\n\t<meta property=\"og:image:width\" content=\"1500\" \/>\n\t<meta property=\"og:image:height\" content=\"1500\" \/>\n\t<meta property=\"og:image:type\" content=\"image\/webp\" \/>\n<meta name=\"twitter:card\" content=\"summary_large_image\" \/>\n<meta name=\"twitter:label1\" content=\"Tempo di lettura stimato\" \/>\n\t<meta name=\"twitter:data1\" content=\"1 minuto\" \/>\n<script type=\"application\/ld+json\" class=\"yoast-schema-graph\">{\"@context\":\"https:\\\/\\\/schema.org\",\"@graph\":[{\"@type\":\"WebPage\",\"@id\":\"https:\\\/\\\/revolutionpadelstore.com\\\/it\\\/prodotto\\\/mochila-bullpadel-bpm25022-xplo-005-4\\\/\",\"url\":\"https:\\\/\\\/revolutionpadelstore.com\\\/it\\\/prodotto\\\/mochila-bullpadel-bpm25022-xplo-005-4\\\/\",\"name\":\"MOCHILA BULLPADEL BPM25022 XPLO 005 - Revolution Padel Store\",\"isPartOf\":{\"@id\":\"https:\\\/\\\/revolutionpadelstore.com\\\/it\\\/#website\"},\"primaryImageOfPage\":{\"@id\":\"https:\\\/\\\/revolutionpadelstore.com\\\/it\\\/prodotto\\\/mochila-bullpadel-bpm25022-xplo-005-4\\\/#primaryimage\"},\"image\":{\"@id\":\"https:\\\/\\\/revolutionpadelstore.com\\\/it\\\/prodotto\\\/mochila-bullpadel-bpm25022-xplo-005-4\\\/#primaryimage\"},\"thumbnailUrl\":\"https:\\\/\\\/revolutionpadelstore.com\\\/wp-content\\\/uploads\\\/2024\\\/11\\\/113792-mochila-bullpadel-bpm25022-xplo-4481681500x1500-1.webp\",\"datePublished\":\"2024-11-26T07:41:42+00:00\",\"dateModified\":\"2026-04-08T08:06:38+00:00\",\"description\":\"Con un compartimento termo reforzado y acolchado, protege tus pertenencias m\u00e1s importantes con eficacia, ya sea una pala de p\u00e1del o un port\u00e1til, manteni\u00e9ndolos seguros y en perfecto estado en todo momento. Esta mochila deportiva de Bullpadel ofrece un amplio compartimento principal para llevar todo tu equipamiento, incluyendo ropa, toalla o accesorios como overgrips. Cuenta, tambi\u00e9n, con un bolsillo en la parte frontal de f\u00e1cil acceso para guardar tus objetos personales como el m\u00f3vil o las llaves.\",\"breadcrumb\":{\"@id\":\"https:\\\/\\\/revolutionpadelstore.com\\\/it\\\/prodotto\\\/mochila-bullpadel-bpm25022-xplo-005-4\\\/#breadcrumb\"},\"inLanguage\":\"it-IT\",\"potentialAction\":[{\"@type\":\"ReadAction\",\"target\":[\"https:\\\/\\\/revolutionpadelstore.com\\\/it\\\/prodotto\\\/mochila-bullpadel-bpm25022-xplo-005-4\\\/\"]}]},{\"@type\":\"ImageObject\",\"inLanguage\":\"it-IT\",\"@id\":\"https:\\\/\\\/revolutionpadelstore.com\\\/it\\\/prodotto\\\/mochila-bullpadel-bpm25022-xplo-005-4\\\/#primaryimage\",\"url\":\"https:\\\/\\\/revolutionpadelstore.com\\\/wp-content\\\/uploads\\\/2024\\\/11\\\/113792-mochila-bullpadel-bpm25022-xplo-4481681500x1500-1.webp\",\"contentUrl\":\"https:\\\/\\\/revolutionpadelstore.com\\\/wp-content\\\/uploads\\\/2024\\\/11\\\/113792-mochila-bullpadel-bpm25022-xplo-4481681500x1500-1.webp\",\"width\":1500,\"height\":1500},{\"@type\":\"BreadcrumbList\",\"@id\":\"https:\\\/\\\/revolutionpadelstore.com\\\/it\\\/prodotto\\\/mochila-bullpadel-bpm25022-xplo-005-4\\\/#breadcrumb\",\"itemListElement\":[{\"@type\":\"ListItem\",\"position\":1,\"name\":\"Portada\",\"item\":\"https:\\\/\\\/revolutionpadelstore.com\\\/it\\\/\"},{\"@type\":\"ListItem\",\"position\":2,\"name\":\"Tienda\",\"item\":\"https:\\\/\\\/revolutionpadelstore.com\\\/it\\\/tienda\\\/\"},{\"@type\":\"ListItem\",\"position\":3,\"name\":\"MOCHILA BULLPADEL BPM25022 XPLO 005\"}]},{\"@type\":\"WebSite\",\"@id\":\"https:\\\/\\\/revolutionpadelstore.com\\\/it\\\/#website\",\"url\":\"https:\\\/\\\/revolutionpadelstore.com\\\/it\\\/\",\"name\":\"Revolution Padel Store\",\"description\":\"\",\"publisher\":{\"@id\":\"https:\\\/\\\/revolutionpadelstore.com\\\/it\\\/#organization\"},\"potentialAction\":[{\"@type\":\"SearchAction\",\"target\":{\"@type\":\"EntryPoint\",\"urlTemplate\":\"https:\\\/\\\/revolutionpadelstore.com\\\/it\\\/?s={search_term_string}\"},\"query-input\":{\"@type\":\"PropertyValueSpecification\",\"valueRequired\":true,\"valueName\":\"search_term_string\"}}],\"inLanguage\":\"it-IT\"},{\"@type\":\"Organization\",\"@id\":\"https:\\\/\\\/revolutionpadelstore.com\\\/it\\\/#organization\",\"name\":\"Revolution Padel Store\",\"url\":\"https:\\\/\\\/revolutionpadelstore.com\\\/it\\\/\",\"logo\":{\"@type\":\"ImageObject\",\"inLanguage\":\"it-IT\",\"@id\":\"https:\\\/\\\/revolutionpadelstore.com\\\/it\\\/#\\\/schema\\\/logo\\\/image\\\/\",\"url\":\"https:\\\/\\\/revolutionpadelstore.com\\\/wp-content\\\/uploads\\\/2026\\\/02\\\/revolution-padel-store.jpg\",\"contentUrl\":\"https:\\\/\\\/revolutionpadelstore.com\\\/wp-content\\\/uploads\\\/2026\\\/02\\\/revolution-padel-store.jpg\",\"width\":2000,\"height\":2000,\"caption\":\"Revolution Padel Store\"},\"image\":{\"@id\":\"https:\\\/\\\/revolutionpadelstore.com\\\/it\\\/#\\\/schema\\\/logo\\\/image\\\/\"},\"sameAs\":[\"https:\\\/\\\/www.instagram.com\\\/revolutionpadelstore\\\/\"]}]}<\/script>\n<!-- \/ Yoast SEO plugin. -->","yoast_head_json":{"title":"MOCHILA BULLPADEL BPM25022 XPLO 005 - Revolution Padel Store","description":"Con un compartimento termo reforzado y acolchado, protege tus pertenencias m\u00e1s importantes con eficacia, ya sea una pala de p\u00e1del o un port\u00e1til, manteni\u00e9ndolos seguros y en perfecto estado en todo momento. Esta mochila deportiva de Bullpadel ofrece un amplio compartimento principal para llevar todo tu equipamiento, incluyendo ropa, toalla o accesorios como overgrips. Cuenta, tambi\u00e9n, con un bolsillo en la parte frontal de f\u00e1cil acceso para guardar tus objetos personales como el m\u00f3vil o las llaves.","robots":{"index":"index","follow":"follow","max-snippet":"max-snippet:-1","max-image-preview":"max-image-preview:large","max-video-preview":"max-video-preview:-1"},"canonical":"https:\/\/revolutionpadelstore.com\/it\/prodotto\/mochila-bullpadel-bpm25022-xplo-005-4\/","og_locale":"it_IT","og_type":"article","og_title":"MOCHILA BULLPADEL BPM25022 XPLO 005 - Revolution Padel Store","og_description":"Con un compartimento termo reforzado y acolchado, protege tus pertenencias m\u00e1s importantes con eficacia, ya sea una pala de p\u00e1del o un port\u00e1til, manteni\u00e9ndolos seguros y en perfecto estado en todo momento. Esta mochila deportiva de Bullpadel ofrece un amplio compartimento principal para llevar todo tu equipamiento, incluyendo ropa, toalla o accesorios como overgrips. Cuenta, tambi\u00e9n, con un bolsillo en la parte frontal de f\u00e1cil acceso para guardar tus objetos personales como el m\u00f3vil o las llaves.","og_url":"https:\/\/revolutionpadelstore.com\/it\/prodotto\/mochila-bullpadel-bpm25022-xplo-005-4\/","og_site_name":"Revolution Padel Store","article_modified_time":"2026-04-08T08:06:38+00:00","og_image":[{"width":1500,"height":1500,"url":"https:\/\/revolutionpadelstore.com\/wp-content\/uploads\/2024\/11\/113792-mochila-bullpadel-bpm25022-xplo-4481681500x1500-1.webp","type":"image\/webp"}],"twitter_card":"summary_large_image","twitter_misc":{"Tempo di lettura stimato":"1 minuto"},"schema":{"@context":"https:\/\/schema.org","@graph":[{"@type":"WebPage","@id":"https:\/\/revolutionpadelstore.com\/it\/prodotto\/mochila-bullpadel-bpm25022-xplo-005-4\/","url":"https:\/\/revolutionpadelstore.com\/it\/prodotto\/mochila-bullpadel-bpm25022-xplo-005-4\/","name":"MOCHILA BULLPADEL BPM25022 XPLO 005 - Revolution Padel Store","isPartOf":{"@id":"https:\/\/revolutionpadelstore.com\/it\/#website"},"primaryImageOfPage":{"@id":"https:\/\/revolutionpadelstore.com\/it\/prodotto\/mochila-bullpadel-bpm25022-xplo-005-4\/#primaryimage"},"image":{"@id":"https:\/\/revolutionpadelstore.com\/it\/prodotto\/mochila-bullpadel-bpm25022-xplo-005-4\/#primaryimage"},"thumbnailUrl":"https:\/\/revolutionpadelstore.com\/wp-content\/uploads\/2024\/11\/113792-mochila-bullpadel-bpm25022-xplo-4481681500x1500-1.webp","datePublished":"2024-11-26T07:41:42+00:00","dateModified":"2026-04-08T08:06:38+00:00","description":"Con un compartimento termo reforzado y acolchado, protege tus pertenencias m\u00e1s importantes con eficacia, ya sea una pala de p\u00e1del o un port\u00e1til, manteni\u00e9ndolos seguros y en perfecto estado en todo momento. Esta mochila deportiva de Bullpadel ofrece un amplio compartimento principal para llevar todo tu equipamiento, incluyendo ropa, toalla o accesorios como overgrips. Cuenta, tambi\u00e9n, con un bolsillo en la parte frontal de f\u00e1cil acceso para guardar tus objetos personales como el m\u00f3vil o las llaves.","breadcrumb":{"@id":"https:\/\/revolutionpadelstore.com\/it\/prodotto\/mochila-bullpadel-bpm25022-xplo-005-4\/#breadcrumb"},"inLanguage":"it-IT","potentialAction":[{"@type":"ReadAction","target":["https:\/\/revolutionpadelstore.com\/it\/prodotto\/mochila-bullpadel-bpm25022-xplo-005-4\/"]}]},{"@type":"ImageObject","inLanguage":"it-IT","@id":"https:\/\/revolutionpadelstore.com\/it\/prodotto\/mochila-bullpadel-bpm25022-xplo-005-4\/#primaryimage","url":"https:\/\/revolutionpadelstore.com\/wp-content\/uploads\/2024\/11\/113792-mochila-bullpadel-bpm25022-xplo-4481681500x1500-1.webp","contentUrl":"https:\/\/revolutionpadelstore.com\/wp-content\/uploads\/2024\/11\/113792-mochila-bullpadel-bpm25022-xplo-4481681500x1500-1.webp","width":1500,"height":1500},{"@type":"BreadcrumbList","@id":"https:\/\/revolutionpadelstore.com\/it\/prodotto\/mochila-bullpadel-bpm25022-xplo-005-4\/#breadcrumb","itemListElement":[{"@type":"ListItem","position":1,"name":"Portada","item":"https:\/\/revolutionpadelstore.com\/it\/"},{"@type":"ListItem","position":2,"name":"Tienda","item":"https:\/\/revolutionpadelstore.com\/it\/tienda\/"},{"@type":"ListItem","position":3,"name":"MOCHILA BULLPADEL BPM25022 XPLO 005"}]},{"@type":"WebSite","@id":"https:\/\/revolutionpadelstore.com\/it\/#website","url":"https:\/\/revolutionpadelstore.com\/it\/","name":"Revolution Padel Store","description":"","publisher":{"@id":"https:\/\/revolutionpadelstore.com\/it\/#organization"},"potentialAction":[{"@type":"SearchAction","target":{"@type":"EntryPoint","urlTemplate":"https:\/\/revolutionpadelstore.com\/it\/?s={search_term_string}"},"query-input":{"@type":"PropertyValueSpecification","valueRequired":true,"valueName":"search_term_string"}}],"inLanguage":"it-IT"},{"@type":"Organization","@id":"https:\/\/revolutionpadelstore.com\/it\/#organization","name":"Revolution Padel Store","url":"https:\/\/revolutionpadelstore.com\/it\/","logo":{"@type":"ImageObject","inLanguage":"it-IT","@id":"https:\/\/revolutionpadelstore.com\/it\/#\/schema\/logo\/image\/","url":"https:\/\/revolutionpadelstore.com\/wp-content\/uploads\/2026\/02\/revolution-padel-store.jpg","contentUrl":"https:\/\/revolutionpadelstore.com\/wp-content\/uploads\/2026\/02\/revolution-padel-store.jpg","width":2000,"height":2000,"caption":"Revolution Padel Store"},"image":{"@id":"https:\/\/revolutionpadelstore.com\/it\/#\/schema\/logo\/image\/"},"sameAs":["https:\/\/www.instagram.com\/revolutionpadelstore\/"]}]}},"_links":{"self":[{"href":"https:\/\/revolutionpadelstore.com\/it\/wp-json\/wp\/v2\/product\/129193","targetHints":{"allow":["GET"]}}],"collection":[{"href":"https:\/\/revolutionpadelstore.com\/it\/wp-json\/wp\/v2\/product"}],"about":[{"href":"https:\/\/revolutionpadelstore.com\/it\/wp-json\/wp\/v2\/types\/product"}],"replies":[{"embeddable":true,"href":"https:\/\/revolutionpadelstore.com\/it\/wp-json\/wp\/v2\/comments?post=129193"}],"wp:featuredmedia":[{"embeddable":true,"href":"https:\/\/revolutionpadelstore.com\/it\/wp-json\/wp\/v2\/media\/129170"}],"wp:attachment":[{"href":"https:\/\/revolutionpadelstore.com\/it\/wp-json\/wp\/v2\/media?parent=129193"}],"wp:term":[{"taxonomy":"acabado","embeddable":true,"href":"https:\/\/revolutionpadelstore.com\/it\/wp-json\/wp\/v2\/acabado?post=129193"},{"taxonomy":"balance","embeddable":true,"href":"https:\/\/revolutionpadelstore.com\/it\/wp-json\/wp\/v2\/balance?post=129193"},{"taxonomy":"dureza","embeddable":true,"href":"https:\/\/revolutionpadelstore.com\/it\/wp-json\/wp\/v2\/dureza?post=129193"},{"taxonomy":"forma","embeddable":true,"href":"https:\/\/revolutionpadelstore.com\/it\/wp-json\/wp\/v2\/forma?post=129193"},{"taxonomy":"jugador","embeddable":true,"href":"https:\/\/revolutionpadelstore.com\/it\/wp-json\/wp\/v2\/jugador?post=129193"},{"taxonomy":"marca","embeddable":true,"href":"https:\/\/revolutionpadelstore.com\/it\/wp-json\/wp\/v2\/marca?post=129193"},{"taxonomy":"nivel-de-juego","embeddable":true,"href":"https:\/\/revolutionpadelstore.com\/it\/wp-json\/wp\/v2\/nivel-de-juego?post=129193"},{"taxonomy":"superficie","embeddable":true,"href":"https:\/\/revolutionpadelstore.com\/it\/wp-json\/wp\/v2\/superficie?post=129193"},{"taxonomy":"tipo-de-juego","embeddable":true,"href":"https:\/\/revolutionpadelstore.com\/it\/wp-json\/wp\/v2\/tipo-de-juego?post=129193"},{"taxonomy":"product_brand","embeddable":true,"href":"https:\/\/revolutionpadelstore.com\/it\/wp-json\/wp\/v2\/product_brand?post=129193"},{"taxonomy":"product_cat","embeddable":true,"href":"https:\/\/revolutionpadelstore.com\/it\/wp-json\/wp\/v2\/product_cat?post=129193"},{"taxonomy":"product_tag","embeddable":true,"href":"https:\/\/revolutionpadelstore.com\/it\/wp-json\/wp\/v2\/product_tag?post=129193"}],"curies":[{"name":"wp","href":"https:\/\/api.w.org\/{rel}","templated":true}]}}