{"id":129089,"date":"2024-11-25T23:59:17","date_gmt":"2024-11-25T22:59:17","guid":{"rendered":"https:\/\/revolutionpadelstore.com\/mochila-bullpadel-bpm25001-hack-blanco\/"},"modified":"2026-04-13T14:00:08","modified_gmt":"2026-04-13T12:00:08","slug":"mochila-bullpadel-bpm25001-hack-blanco-4","status":"publish","type":"product","link":"https:\/\/revolutionpadelstore.com\/it\/prodotto\/mochila-bullpadel-bpm25001-hack-blanco-4\/","title":{"rendered":"MOCHILA BULLPADEL BPM25001 HACK BLANCO"},"content":{"rendered":"<h2> Bullpadel BPM25001 White Hack di Paquito Navarro<br \/>\nLo zaino tecnico Bullpadel BPM25001 Black and Black Hack \u00e8 l&#8217;opzione perfetta per i giocatori di paddle che cercano una combinazione di funzionalit\u00e0 e stile. Creato per integrare Paquito Navarro Hack 04, ha un ampio compartimento principale in cui \u00e8 possibile salvare tutto ci\u00f2 di cui hai bisogno. Inoltre, ha un compartimento termico rinforzato con spazio per due lame, proteggendole da possibili variazioni di danno e temperatura.<\/p>\n<p>Il suo design intelligente include uno scompartimento ventilato e separato, ideale per conservare abiti e calzature senza preoccuparsi dei cattivi odori. Un dettaglio di spicco \u00e8 una tasca imbottita, progettata per trasportare laptop o tablet in modo sicuro e pratico. Ha anche una tasca laterale perfetta per trasportare la barca a sfera.<\/p>\n<p>Il comfort \u00e8 garantito grazie alla sua schiena con schiuma, che fornisce ventilazione e supporto per la schiena, particolarmente utile per lunghi periodi di utilizzo. La cinghia pettorale garantisce una regolazione perfetta, evitando movimenti scomodi mentre ti muovi.<\/p>\n<p>Con il suo design in bianco e nero e il logo Bullpadel sul davanti, questo zaino ha un tocco moderno ed elegante, ideale per coloro che cercano prestazioni senza rinunciare allo stile. Se hai bisogno di un design comodo, praticato e sofisticato, questa \u00e8 l&#8217;opzione perfetta per portare con fiducia i tuoi accessori a paletta.<\/p>\n<h2>Mochila Bullpadel Bpm25001 Hack Blanco de Paquito Navarro<\/h2>\n","protected":false},"excerpt":{"rendered":"<p>Bullpadel BPM25001 White Hack con thermos, compartimenti ventilati e imbottiti. Design ergonomico in bianco e nero con logo frontale. Perfetto per trasportare pale, abbigliamento e dispositivi con comfort e stile.<\/p>\n","protected":false},"featured_media":129066,"comment_status":"open","ping_status":"closed","template":"","meta":{"_acf_changed":false,"_joinchat":[]},"acabado":[],"balance":[],"dureza":[],"forma":[],"jugador":[],"marca":[1256],"nivel-de-juego":[],"superficie":[],"tipo-de-juego":[],"product_brand":[],"product_cat":[318],"product_tag":[],"class_list":{"0":"post-129089","1":"product","2":"type-product","3":"status-publish","4":"has-post-thumbnail","6":"marca-bullpadel-it","7":"product_cat-borse","9":"first","10":"instock","11":"sale","12":"taxable","13":"shipping-taxable","14":"purchasable","15":"product-type-simple"},"acf":[],"yoast_head":"<!-- This site is optimized with the Yoast SEO plugin v27.4 - https:\/\/yoast.com\/product\/yoast-seo-wordpress\/ -->\n<title>MOCHILA BULLPADEL BPM25001 HACK BLANCO - Revolution Padel Store<\/title>\n<meta name=\"description\" content=\"La mochila t\u00e9cnica Bullpadel BPM25001 Hack Blanca y Negra es una excelente elecci\u00f3n para jugadores de p\u00e1del que buscan funcionalidad y estilo. Dise\u00f1ada para complementar la pala Hack 04 de Paquito Navarro, cuenta con un compartimento principal amplio donde puedes guardar todo lo que necesites. Adem\u00e1s, incluye un compartimento thermo reforzado con capacidad para dos palas, protegi\u00e9ndolas de cambios t\u00e9rmicos y posibles da\u00f1os. Su dise\u00f1o inteligente tambi\u00e9n incorpora un espacio separado y ventilado, ideal para transportar ropa y calzado sin preocuparte por los malos olores.\" \/>\n<meta name=\"robots\" content=\"index, follow, max-snippet:-1, max-image-preview:large, max-video-preview:-1\" \/>\n<link rel=\"canonical\" href=\"https:\/\/revolutionpadelstore.com\/it\/prodotto\/mochila-bullpadel-bpm25001-hack-blanco-4\/\" \/>\n<meta property=\"og:locale\" content=\"it_IT\" \/>\n<meta property=\"og:type\" content=\"article\" \/>\n<meta property=\"og:title\" content=\"MOCHILA BULLPADEL BPM25001 HACK BLANCO - Revolution Padel Store\" \/>\n<meta property=\"og:description\" content=\"La mochila t\u00e9cnica Bullpadel BPM25001 Hack Blanca y Negra es una excelente elecci\u00f3n para jugadores de p\u00e1del que buscan funcionalidad y estilo. Dise\u00f1ada para complementar la pala Hack 04 de Paquito Navarro, cuenta con un compartimento principal amplio donde puedes guardar todo lo que necesites. Adem\u00e1s, incluye un compartimento thermo reforzado con capacidad para dos palas, protegi\u00e9ndolas de cambios t\u00e9rmicos y posibles da\u00f1os. Su dise\u00f1o inteligente tambi\u00e9n incorpora un espacio separado y ventilado, ideal para transportar ropa y calzado sin preocuparte por los malos olores.\" \/>\n<meta property=\"og:url\" content=\"https:\/\/revolutionpadelstore.com\/it\/prodotto\/mochila-bullpadel-bpm25001-hack-blanco-4\/\" \/>\n<meta property=\"og:site_name\" content=\"Revolution Padel Store\" \/>\n<meta property=\"article:modified_time\" content=\"2026-04-13T12:00:08+00:00\" \/>\n<meta property=\"og:image\" content=\"https:\/\/revolutionpadelstore.com\/wp-content\/uploads\/2024\/11\/113782-mochila-bullpadel-bpm25001-hack-448164-1500x1500-1.webp\" \/>\n\t<meta property=\"og:image:width\" content=\"1500\" \/>\n\t<meta property=\"og:image:height\" content=\"1500\" \/>\n\t<meta property=\"og:image:type\" content=\"image\/webp\" \/>\n<meta name=\"twitter:card\" content=\"summary_large_image\" \/>\n<meta name=\"twitter:label1\" content=\"Tempo di lettura stimato\" \/>\n\t<meta name=\"twitter:data1\" content=\"1 minuto\" \/>\n<script type=\"application\/ld+json\" class=\"yoast-schema-graph\">{\"@context\":\"https:\\\/\\\/schema.org\",\"@graph\":[{\"@type\":\"WebPage\",\"@id\":\"https:\\\/\\\/revolutionpadelstore.com\\\/it\\\/prodotto\\\/mochila-bullpadel-bpm25001-hack-blanco-4\\\/\",\"url\":\"https:\\\/\\\/revolutionpadelstore.com\\\/it\\\/prodotto\\\/mochila-bullpadel-bpm25001-hack-blanco-4\\\/\",\"name\":\"MOCHILA BULLPADEL BPM25001 HACK BLANCO - Revolution Padel Store\",\"isPartOf\":{\"@id\":\"https:\\\/\\\/revolutionpadelstore.com\\\/it\\\/#website\"},\"primaryImageOfPage\":{\"@id\":\"https:\\\/\\\/revolutionpadelstore.com\\\/it\\\/prodotto\\\/mochila-bullpadel-bpm25001-hack-blanco-4\\\/#primaryimage\"},\"image\":{\"@id\":\"https:\\\/\\\/revolutionpadelstore.com\\\/it\\\/prodotto\\\/mochila-bullpadel-bpm25001-hack-blanco-4\\\/#primaryimage\"},\"thumbnailUrl\":\"https:\\\/\\\/revolutionpadelstore.com\\\/wp-content\\\/uploads\\\/2024\\\/11\\\/113782-mochila-bullpadel-bpm25001-hack-448164-1500x1500-1.webp\",\"datePublished\":\"2024-11-25T22:59:17+00:00\",\"dateModified\":\"2026-04-13T12:00:08+00:00\",\"description\":\"La mochila t\u00e9cnica Bullpadel BPM25001 Hack Blanca y Negra es una excelente elecci\u00f3n para jugadores de p\u00e1del que buscan funcionalidad y estilo. Dise\u00f1ada para complementar la pala Hack 04 de Paquito Navarro, cuenta con un compartimento principal amplio donde puedes guardar todo lo que necesites. Adem\u00e1s, incluye un compartimento thermo reforzado con capacidad para dos palas, protegi\u00e9ndolas de cambios t\u00e9rmicos y posibles da\u00f1os. Su dise\u00f1o inteligente tambi\u00e9n incorpora un espacio separado y ventilado, ideal para transportar ropa y calzado sin preocuparte por los malos olores.\",\"breadcrumb\":{\"@id\":\"https:\\\/\\\/revolutionpadelstore.com\\\/it\\\/prodotto\\\/mochila-bullpadel-bpm25001-hack-blanco-4\\\/#breadcrumb\"},\"inLanguage\":\"it-IT\",\"potentialAction\":[{\"@type\":\"ReadAction\",\"target\":[\"https:\\\/\\\/revolutionpadelstore.com\\\/it\\\/prodotto\\\/mochila-bullpadel-bpm25001-hack-blanco-4\\\/\"]}]},{\"@type\":\"ImageObject\",\"inLanguage\":\"it-IT\",\"@id\":\"https:\\\/\\\/revolutionpadelstore.com\\\/it\\\/prodotto\\\/mochila-bullpadel-bpm25001-hack-blanco-4\\\/#primaryimage\",\"url\":\"https:\\\/\\\/revolutionpadelstore.com\\\/wp-content\\\/uploads\\\/2024\\\/11\\\/113782-mochila-bullpadel-bpm25001-hack-448164-1500x1500-1.webp\",\"contentUrl\":\"https:\\\/\\\/revolutionpadelstore.com\\\/wp-content\\\/uploads\\\/2024\\\/11\\\/113782-mochila-bullpadel-bpm25001-hack-448164-1500x1500-1.webp\",\"width\":1500,\"height\":1500},{\"@type\":\"BreadcrumbList\",\"@id\":\"https:\\\/\\\/revolutionpadelstore.com\\\/it\\\/prodotto\\\/mochila-bullpadel-bpm25001-hack-blanco-4\\\/#breadcrumb\",\"itemListElement\":[{\"@type\":\"ListItem\",\"position\":1,\"name\":\"Portada\",\"item\":\"https:\\\/\\\/revolutionpadelstore.com\\\/it\\\/\"},{\"@type\":\"ListItem\",\"position\":2,\"name\":\"Tienda\",\"item\":\"https:\\\/\\\/revolutionpadelstore.com\\\/it\\\/tienda\\\/\"},{\"@type\":\"ListItem\",\"position\":3,\"name\":\"MOCHILA BULLPADEL BPM25001 HACK BLANCO\"}]},{\"@type\":\"WebSite\",\"@id\":\"https:\\\/\\\/revolutionpadelstore.com\\\/it\\\/#website\",\"url\":\"https:\\\/\\\/revolutionpadelstore.com\\\/it\\\/\",\"name\":\"Revolution Padel Store\",\"description\":\"\",\"publisher\":{\"@id\":\"https:\\\/\\\/revolutionpadelstore.com\\\/it\\\/#organization\"},\"potentialAction\":[{\"@type\":\"SearchAction\",\"target\":{\"@type\":\"EntryPoint\",\"urlTemplate\":\"https:\\\/\\\/revolutionpadelstore.com\\\/it\\\/?s={search_term_string}\"},\"query-input\":{\"@type\":\"PropertyValueSpecification\",\"valueRequired\":true,\"valueName\":\"search_term_string\"}}],\"inLanguage\":\"it-IT\"},{\"@type\":\"Organization\",\"@id\":\"https:\\\/\\\/revolutionpadelstore.com\\\/it\\\/#organization\",\"name\":\"Revolution Padel Store\",\"url\":\"https:\\\/\\\/revolutionpadelstore.com\\\/it\\\/\",\"logo\":{\"@type\":\"ImageObject\",\"inLanguage\":\"it-IT\",\"@id\":\"https:\\\/\\\/revolutionpadelstore.com\\\/it\\\/#\\\/schema\\\/logo\\\/image\\\/\",\"url\":\"https:\\\/\\\/revolutionpadelstore.com\\\/wp-content\\\/uploads\\\/2026\\\/02\\\/revolution-padel-store.jpg\",\"contentUrl\":\"https:\\\/\\\/revolutionpadelstore.com\\\/wp-content\\\/uploads\\\/2026\\\/02\\\/revolution-padel-store.jpg\",\"width\":2000,\"height\":2000,\"caption\":\"Revolution Padel Store\"},\"image\":{\"@id\":\"https:\\\/\\\/revolutionpadelstore.com\\\/it\\\/#\\\/schema\\\/logo\\\/image\\\/\"},\"sameAs\":[\"https:\\\/\\\/www.instagram.com\\\/revolutionpadelstore\\\/\"]}]}<\/script>\n<!-- \/ Yoast SEO plugin. -->","yoast_head_json":{"title":"MOCHILA BULLPADEL BPM25001 HACK BLANCO - Revolution Padel Store","description":"La mochila t\u00e9cnica Bullpadel BPM25001 Hack Blanca y Negra es una excelente elecci\u00f3n para jugadores de p\u00e1del que buscan funcionalidad y estilo. Dise\u00f1ada para complementar la pala Hack 04 de Paquito Navarro, cuenta con un compartimento principal amplio donde puedes guardar todo lo que necesites. Adem\u00e1s, incluye un compartimento thermo reforzado con capacidad para dos palas, protegi\u00e9ndolas de cambios t\u00e9rmicos y posibles da\u00f1os. Su dise\u00f1o inteligente tambi\u00e9n incorpora un espacio separado y ventilado, ideal para transportar ropa y calzado sin preocuparte por los malos olores.","robots":{"index":"index","follow":"follow","max-snippet":"max-snippet:-1","max-image-preview":"max-image-preview:large","max-video-preview":"max-video-preview:-1"},"canonical":"https:\/\/revolutionpadelstore.com\/it\/prodotto\/mochila-bullpadel-bpm25001-hack-blanco-4\/","og_locale":"it_IT","og_type":"article","og_title":"MOCHILA BULLPADEL BPM25001 HACK BLANCO - Revolution Padel Store","og_description":"La mochila t\u00e9cnica Bullpadel BPM25001 Hack Blanca y Negra es una excelente elecci\u00f3n para jugadores de p\u00e1del que buscan funcionalidad y estilo. Dise\u00f1ada para complementar la pala Hack 04 de Paquito Navarro, cuenta con un compartimento principal amplio donde puedes guardar todo lo que necesites. Adem\u00e1s, incluye un compartimento thermo reforzado con capacidad para dos palas, protegi\u00e9ndolas de cambios t\u00e9rmicos y posibles da\u00f1os. Su dise\u00f1o inteligente tambi\u00e9n incorpora un espacio separado y ventilado, ideal para transportar ropa y calzado sin preocuparte por los malos olores.","og_url":"https:\/\/revolutionpadelstore.com\/it\/prodotto\/mochila-bullpadel-bpm25001-hack-blanco-4\/","og_site_name":"Revolution Padel Store","article_modified_time":"2026-04-13T12:00:08+00:00","og_image":[{"width":1500,"height":1500,"url":"https:\/\/revolutionpadelstore.com\/wp-content\/uploads\/2024\/11\/113782-mochila-bullpadel-bpm25001-hack-448164-1500x1500-1.webp","type":"image\/webp"}],"twitter_card":"summary_large_image","twitter_misc":{"Tempo di lettura stimato":"1 minuto"},"schema":{"@context":"https:\/\/schema.org","@graph":[{"@type":"WebPage","@id":"https:\/\/revolutionpadelstore.com\/it\/prodotto\/mochila-bullpadel-bpm25001-hack-blanco-4\/","url":"https:\/\/revolutionpadelstore.com\/it\/prodotto\/mochila-bullpadel-bpm25001-hack-blanco-4\/","name":"MOCHILA BULLPADEL BPM25001 HACK BLANCO - Revolution Padel Store","isPartOf":{"@id":"https:\/\/revolutionpadelstore.com\/it\/#website"},"primaryImageOfPage":{"@id":"https:\/\/revolutionpadelstore.com\/it\/prodotto\/mochila-bullpadel-bpm25001-hack-blanco-4\/#primaryimage"},"image":{"@id":"https:\/\/revolutionpadelstore.com\/it\/prodotto\/mochila-bullpadel-bpm25001-hack-blanco-4\/#primaryimage"},"thumbnailUrl":"https:\/\/revolutionpadelstore.com\/wp-content\/uploads\/2024\/11\/113782-mochila-bullpadel-bpm25001-hack-448164-1500x1500-1.webp","datePublished":"2024-11-25T22:59:17+00:00","dateModified":"2026-04-13T12:00:08+00:00","description":"La mochila t\u00e9cnica Bullpadel BPM25001 Hack Blanca y Negra es una excelente elecci\u00f3n para jugadores de p\u00e1del que buscan funcionalidad y estilo. Dise\u00f1ada para complementar la pala Hack 04 de Paquito Navarro, cuenta con un compartimento principal amplio donde puedes guardar todo lo que necesites. Adem\u00e1s, incluye un compartimento thermo reforzado con capacidad para dos palas, protegi\u00e9ndolas de cambios t\u00e9rmicos y posibles da\u00f1os. Su dise\u00f1o inteligente tambi\u00e9n incorpora un espacio separado y ventilado, ideal para transportar ropa y calzado sin preocuparte por los malos olores.","breadcrumb":{"@id":"https:\/\/revolutionpadelstore.com\/it\/prodotto\/mochila-bullpadel-bpm25001-hack-blanco-4\/#breadcrumb"},"inLanguage":"it-IT","potentialAction":[{"@type":"ReadAction","target":["https:\/\/revolutionpadelstore.com\/it\/prodotto\/mochila-bullpadel-bpm25001-hack-blanco-4\/"]}]},{"@type":"ImageObject","inLanguage":"it-IT","@id":"https:\/\/revolutionpadelstore.com\/it\/prodotto\/mochila-bullpadel-bpm25001-hack-blanco-4\/#primaryimage","url":"https:\/\/revolutionpadelstore.com\/wp-content\/uploads\/2024\/11\/113782-mochila-bullpadel-bpm25001-hack-448164-1500x1500-1.webp","contentUrl":"https:\/\/revolutionpadelstore.com\/wp-content\/uploads\/2024\/11\/113782-mochila-bullpadel-bpm25001-hack-448164-1500x1500-1.webp","width":1500,"height":1500},{"@type":"BreadcrumbList","@id":"https:\/\/revolutionpadelstore.com\/it\/prodotto\/mochila-bullpadel-bpm25001-hack-blanco-4\/#breadcrumb","itemListElement":[{"@type":"ListItem","position":1,"name":"Portada","item":"https:\/\/revolutionpadelstore.com\/it\/"},{"@type":"ListItem","position":2,"name":"Tienda","item":"https:\/\/revolutionpadelstore.com\/it\/tienda\/"},{"@type":"ListItem","position":3,"name":"MOCHILA BULLPADEL BPM25001 HACK BLANCO"}]},{"@type":"WebSite","@id":"https:\/\/revolutionpadelstore.com\/it\/#website","url":"https:\/\/revolutionpadelstore.com\/it\/","name":"Revolution Padel Store","description":"","publisher":{"@id":"https:\/\/revolutionpadelstore.com\/it\/#organization"},"potentialAction":[{"@type":"SearchAction","target":{"@type":"EntryPoint","urlTemplate":"https:\/\/revolutionpadelstore.com\/it\/?s={search_term_string}"},"query-input":{"@type":"PropertyValueSpecification","valueRequired":true,"valueName":"search_term_string"}}],"inLanguage":"it-IT"},{"@type":"Organization","@id":"https:\/\/revolutionpadelstore.com\/it\/#organization","name":"Revolution Padel Store","url":"https:\/\/revolutionpadelstore.com\/it\/","logo":{"@type":"ImageObject","inLanguage":"it-IT","@id":"https:\/\/revolutionpadelstore.com\/it\/#\/schema\/logo\/image\/","url":"https:\/\/revolutionpadelstore.com\/wp-content\/uploads\/2026\/02\/revolution-padel-store.jpg","contentUrl":"https:\/\/revolutionpadelstore.com\/wp-content\/uploads\/2026\/02\/revolution-padel-store.jpg","width":2000,"height":2000,"caption":"Revolution Padel Store"},"image":{"@id":"https:\/\/revolutionpadelstore.com\/it\/#\/schema\/logo\/image\/"},"sameAs":["https:\/\/www.instagram.com\/revolutionpadelstore\/"]}]}},"_links":{"self":[{"href":"https:\/\/revolutionpadelstore.com\/it\/wp-json\/wp\/v2\/product\/129089","targetHints":{"allow":["GET"]}}],"collection":[{"href":"https:\/\/revolutionpadelstore.com\/it\/wp-json\/wp\/v2\/product"}],"about":[{"href":"https:\/\/revolutionpadelstore.com\/it\/wp-json\/wp\/v2\/types\/product"}],"replies":[{"embeddable":true,"href":"https:\/\/revolutionpadelstore.com\/it\/wp-json\/wp\/v2\/comments?post=129089"}],"wp:featuredmedia":[{"embeddable":true,"href":"https:\/\/revolutionpadelstore.com\/it\/wp-json\/wp\/v2\/media\/129066"}],"wp:attachment":[{"href":"https:\/\/revolutionpadelstore.com\/it\/wp-json\/wp\/v2\/media?parent=129089"}],"wp:term":[{"taxonomy":"acabado","embeddable":true,"href":"https:\/\/revolutionpadelstore.com\/it\/wp-json\/wp\/v2\/acabado?post=129089"},{"taxonomy":"balance","embeddable":true,"href":"https:\/\/revolutionpadelstore.com\/it\/wp-json\/wp\/v2\/balance?post=129089"},{"taxonomy":"dureza","embeddable":true,"href":"https:\/\/revolutionpadelstore.com\/it\/wp-json\/wp\/v2\/dureza?post=129089"},{"taxonomy":"forma","embeddable":true,"href":"https:\/\/revolutionpadelstore.com\/it\/wp-json\/wp\/v2\/forma?post=129089"},{"taxonomy":"jugador","embeddable":true,"href":"https:\/\/revolutionpadelstore.com\/it\/wp-json\/wp\/v2\/jugador?post=129089"},{"taxonomy":"marca","embeddable":true,"href":"https:\/\/revolutionpadelstore.com\/it\/wp-json\/wp\/v2\/marca?post=129089"},{"taxonomy":"nivel-de-juego","embeddable":true,"href":"https:\/\/revolutionpadelstore.com\/it\/wp-json\/wp\/v2\/nivel-de-juego?post=129089"},{"taxonomy":"superficie","embeddable":true,"href":"https:\/\/revolutionpadelstore.com\/it\/wp-json\/wp\/v2\/superficie?post=129089"},{"taxonomy":"tipo-de-juego","embeddable":true,"href":"https:\/\/revolutionpadelstore.com\/it\/wp-json\/wp\/v2\/tipo-de-juego?post=129089"},{"taxonomy":"product_brand","embeddable":true,"href":"https:\/\/revolutionpadelstore.com\/it\/wp-json\/wp\/v2\/product_brand?post=129089"},{"taxonomy":"product_cat","embeddable":true,"href":"https:\/\/revolutionpadelstore.com\/it\/wp-json\/wp\/v2\/product_cat?post=129089"},{"taxonomy":"product_tag","embeddable":true,"href":"https:\/\/revolutionpadelstore.com\/it\/wp-json\/wp\/v2\/product_tag?post=129089"}],"curies":[{"name":"wp","href":"https:\/\/api.w.org\/{rel}","templated":true}]}}