{"id":129028,"date":"2024-11-25T23:54:08","date_gmt":"2024-11-25T22:54:08","guid":{"rendered":"https:\/\/revolutionpadelstore.com\/?post_type=product&#038;p=129028"},"modified":"2026-04-08T10:08:11","modified_gmt":"2026-04-08T08:08:11","slug":"mochila-bullpadel-bpm25001-hack-negro-4","status":"publish","type":"product","link":"https:\/\/revolutionpadelstore.com\/it\/prodotto\/mochila-bullpadel-bpm25001-hack-negro-4\/","title":{"rendered":"MOCHILA BULLPADEL BPM25001 HACK NEGRO"},"content":{"rendered":"<p>&lt;Il<br \/>\nIl bullpadel BPM25001 Black Hackpad, parte della collezione Paquito Navarro, \u00e8 un&#039;opzione perfetta per i giocatori che cercano un accessorio tecnico e ad alte prestazioni. Progettato per integrare la pala di Paquito Navarro, questo zaino si distingue sia per la sua funzionalit\u00e0 che per la sua estetica. Il suo compartimento principale offre ampio spazio per conservare l&#039;essenziale, mentre il loro compartimento termico, con capacit\u00e0 di due lame, li mantiene protetti da possibili colpi e temperature estreme.<\/p>\n<p>Inoltre, include uno scompartimento ventilato ideale per conservare abiti e calzature, evitando cattivi odori quando li separa dal resto delle cose. La tasca imbottita \u00e8 progettata per trasportare dispositivi come laptop o tablet, il che lo rende un&#039;opzione eccellente per coloro che combinano sport e vita quotidiana. Ha anche una tasca laterale pratica per la barca a sfera.<\/p>\n<p>Il design ergonomico dello zaino include una schiena con schiuma per una maggiore ventilazione e supporto, oltre a una cinghia pettorale per una regolazione comoda. Con la sua finitura nera e il logo Bullpadel sul davanti, questo zaino ha uno stile moderno e professionale. \u00c8 la combinazione perfetta di praticit\u00e0 e design per accompagnarti sia nella formazione che nelle competizioni.<\/p>\n<h2>Mochila Bullpadel BPM25001 Hack Negro, colecci\u00f3n de Paquito Navarro<\/h2>\n","protected":false},"excerpt":{"rendered":"<p>Bullpadel BPM25001 Black Hack, ampi scomparti, ventilato e thermos rinforzati. Design ergonomico con logo frontale e cinturino pettorale. Ideale per la formazione e le competizioni.<\/p>\n","protected":false},"featured_media":129034,"comment_status":"open","ping_status":"closed","template":"","meta":{"_acf_changed":false,"_joinchat":[]},"acabado":[],"balance":[],"dureza":[],"forma":[],"jugador":[],"marca":[1256],"nivel-de-juego":[],"superficie":[],"tipo-de-juego":[],"product_brand":[],"product_cat":[318],"product_tag":[],"class_list":{"0":"post-129028","1":"product","2":"type-product","3":"status-publish","4":"has-post-thumbnail","6":"marca-bullpadel-it","7":"product_cat-borse","9":"first","10":"instock","11":"sale","12":"taxable","13":"shipping-taxable","14":"purchasable","15":"product-type-simple"},"acf":[],"yoast_head":"<!-- This site is optimized with the Yoast SEO plugin v27.4 - https:\/\/yoast.com\/product\/yoast-seo-wordpress\/ -->\n<title>MOCHILA BULLPADEL BPM25001 HACK NEGRO - Revolution Padel Store<\/title>\n<meta name=\"description\" content=\"La mochila Bullpadel BPM25001 Hack Negra es una soluci\u00f3n t\u00e9cnica ideal para jugadores exigentes que buscan el m\u00e1ximo rendimiento en sus accesorios. Dise\u00f1ada para ir a juego con la pala Hack 04 de Paquito Navarro, esta mochila es tan pr\u00e1ctica como elegante. Incluye un compartimento principal amplio para guardar todo lo necesario y un compartimento t\u00e9rmico reforzado con capacidad para dos palas. Este espacio protege tus palas de posibles da\u00f1os y de las condiciones t\u00e9rmicas extremas.\" \/>\n<meta name=\"robots\" content=\"index, follow, max-snippet:-1, max-image-preview:large, max-video-preview:-1\" \/>\n<link rel=\"canonical\" href=\"https:\/\/revolutionpadelstore.com\/it\/prodotto\/mochila-bullpadel-bpm25001-hack-negro-4\/\" \/>\n<meta property=\"og:locale\" content=\"it_IT\" \/>\n<meta property=\"og:type\" content=\"article\" \/>\n<meta property=\"og:title\" content=\"MOCHILA BULLPADEL BPM25001 HACK NEGRO - Revolution Padel Store\" \/>\n<meta property=\"og:description\" content=\"La mochila Bullpadel BPM25001 Hack Negra es una soluci\u00f3n t\u00e9cnica ideal para jugadores exigentes que buscan el m\u00e1ximo rendimiento en sus accesorios. Dise\u00f1ada para ir a juego con la pala Hack 04 de Paquito Navarro, esta mochila es tan pr\u00e1ctica como elegante. Incluye un compartimento principal amplio para guardar todo lo necesario y un compartimento t\u00e9rmico reforzado con capacidad para dos palas. Este espacio protege tus palas de posibles da\u00f1os y de las condiciones t\u00e9rmicas extremas.\" \/>\n<meta property=\"og:url\" content=\"https:\/\/revolutionpadelstore.com\/it\/prodotto\/mochila-bullpadel-bpm25001-hack-negro-4\/\" \/>\n<meta property=\"og:site_name\" content=\"Revolution Padel Store\" \/>\n<meta property=\"article:modified_time\" content=\"2026-04-08T08:08:11+00:00\" \/>\n<meta property=\"og:image\" content=\"https:\/\/revolutionpadelstore.com\/wp-content\/uploads\/2024\/11\/113781-mochila-bullpadel-bpm25001-hack-448163-1500x1500-1-1.webp\" \/>\n\t<meta property=\"og:image:width\" content=\"1500\" \/>\n\t<meta property=\"og:image:height\" content=\"1500\" \/>\n\t<meta property=\"og:image:type\" content=\"image\/webp\" \/>\n<meta name=\"twitter:card\" content=\"summary_large_image\" \/>\n<meta name=\"twitter:label1\" content=\"Tempo di lettura stimato\" \/>\n\t<meta name=\"twitter:data1\" content=\"1 minuto\" \/>\n<script type=\"application\/ld+json\" class=\"yoast-schema-graph\">{\"@context\":\"https:\\\/\\\/schema.org\",\"@graph\":[{\"@type\":\"WebPage\",\"@id\":\"https:\\\/\\\/revolutionpadelstore.com\\\/it\\\/prodotto\\\/mochila-bullpadel-bpm25001-hack-negro-4\\\/\",\"url\":\"https:\\\/\\\/revolutionpadelstore.com\\\/it\\\/prodotto\\\/mochila-bullpadel-bpm25001-hack-negro-4\\\/\",\"name\":\"MOCHILA BULLPADEL BPM25001 HACK NEGRO - Revolution Padel Store\",\"isPartOf\":{\"@id\":\"https:\\\/\\\/revolutionpadelstore.com\\\/it\\\/#website\"},\"primaryImageOfPage\":{\"@id\":\"https:\\\/\\\/revolutionpadelstore.com\\\/it\\\/prodotto\\\/mochila-bullpadel-bpm25001-hack-negro-4\\\/#primaryimage\"},\"image\":{\"@id\":\"https:\\\/\\\/revolutionpadelstore.com\\\/it\\\/prodotto\\\/mochila-bullpadel-bpm25001-hack-negro-4\\\/#primaryimage\"},\"thumbnailUrl\":\"https:\\\/\\\/revolutionpadelstore.com\\\/wp-content\\\/uploads\\\/2024\\\/11\\\/113781-mochila-bullpadel-bpm25001-hack-448163-1500x1500-1-1.webp\",\"datePublished\":\"2024-11-25T22:54:08+00:00\",\"dateModified\":\"2026-04-08T08:08:11+00:00\",\"description\":\"La mochila Bullpadel BPM25001 Hack Negra es una soluci\u00f3n t\u00e9cnica ideal para jugadores exigentes que buscan el m\u00e1ximo rendimiento en sus accesorios. Dise\u00f1ada para ir a juego con la pala Hack 04 de Paquito Navarro, esta mochila es tan pr\u00e1ctica como elegante. Incluye un compartimento principal amplio para guardar todo lo necesario y un compartimento t\u00e9rmico reforzado con capacidad para dos palas. Este espacio protege tus palas de posibles da\u00f1os y de las condiciones t\u00e9rmicas extremas.\",\"breadcrumb\":{\"@id\":\"https:\\\/\\\/revolutionpadelstore.com\\\/it\\\/prodotto\\\/mochila-bullpadel-bpm25001-hack-negro-4\\\/#breadcrumb\"},\"inLanguage\":\"it-IT\",\"potentialAction\":[{\"@type\":\"ReadAction\",\"target\":[\"https:\\\/\\\/revolutionpadelstore.com\\\/it\\\/prodotto\\\/mochila-bullpadel-bpm25001-hack-negro-4\\\/\"]}]},{\"@type\":\"ImageObject\",\"inLanguage\":\"it-IT\",\"@id\":\"https:\\\/\\\/revolutionpadelstore.com\\\/it\\\/prodotto\\\/mochila-bullpadel-bpm25001-hack-negro-4\\\/#primaryimage\",\"url\":\"https:\\\/\\\/revolutionpadelstore.com\\\/wp-content\\\/uploads\\\/2024\\\/11\\\/113781-mochila-bullpadel-bpm25001-hack-448163-1500x1500-1-1.webp\",\"contentUrl\":\"https:\\\/\\\/revolutionpadelstore.com\\\/wp-content\\\/uploads\\\/2024\\\/11\\\/113781-mochila-bullpadel-bpm25001-hack-448163-1500x1500-1-1.webp\",\"width\":1500,\"height\":1500},{\"@type\":\"BreadcrumbList\",\"@id\":\"https:\\\/\\\/revolutionpadelstore.com\\\/it\\\/prodotto\\\/mochila-bullpadel-bpm25001-hack-negro-4\\\/#breadcrumb\",\"itemListElement\":[{\"@type\":\"ListItem\",\"position\":1,\"name\":\"Portada\",\"item\":\"https:\\\/\\\/revolutionpadelstore.com\\\/it\\\/\"},{\"@type\":\"ListItem\",\"position\":2,\"name\":\"Tienda\",\"item\":\"https:\\\/\\\/revolutionpadelstore.com\\\/it\\\/tienda\\\/\"},{\"@type\":\"ListItem\",\"position\":3,\"name\":\"MOCHILA BULLPADEL BPM25001 HACK NEGRO\"}]},{\"@type\":\"WebSite\",\"@id\":\"https:\\\/\\\/revolutionpadelstore.com\\\/it\\\/#website\",\"url\":\"https:\\\/\\\/revolutionpadelstore.com\\\/it\\\/\",\"name\":\"Revolution Padel Store\",\"description\":\"\",\"publisher\":{\"@id\":\"https:\\\/\\\/revolutionpadelstore.com\\\/it\\\/#organization\"},\"potentialAction\":[{\"@type\":\"SearchAction\",\"target\":{\"@type\":\"EntryPoint\",\"urlTemplate\":\"https:\\\/\\\/revolutionpadelstore.com\\\/it\\\/?s={search_term_string}\"},\"query-input\":{\"@type\":\"PropertyValueSpecification\",\"valueRequired\":true,\"valueName\":\"search_term_string\"}}],\"inLanguage\":\"it-IT\"},{\"@type\":\"Organization\",\"@id\":\"https:\\\/\\\/revolutionpadelstore.com\\\/it\\\/#organization\",\"name\":\"Revolution Padel Store\",\"url\":\"https:\\\/\\\/revolutionpadelstore.com\\\/it\\\/\",\"logo\":{\"@type\":\"ImageObject\",\"inLanguage\":\"it-IT\",\"@id\":\"https:\\\/\\\/revolutionpadelstore.com\\\/it\\\/#\\\/schema\\\/logo\\\/image\\\/\",\"url\":\"https:\\\/\\\/revolutionpadelstore.com\\\/wp-content\\\/uploads\\\/2026\\\/02\\\/revolution-padel-store.jpg\",\"contentUrl\":\"https:\\\/\\\/revolutionpadelstore.com\\\/wp-content\\\/uploads\\\/2026\\\/02\\\/revolution-padel-store.jpg\",\"width\":2000,\"height\":2000,\"caption\":\"Revolution Padel Store\"},\"image\":{\"@id\":\"https:\\\/\\\/revolutionpadelstore.com\\\/it\\\/#\\\/schema\\\/logo\\\/image\\\/\"},\"sameAs\":[\"https:\\\/\\\/www.instagram.com\\\/revolutionpadelstore\\\/\"]}]}<\/script>\n<!-- \/ Yoast SEO plugin. -->","yoast_head_json":{"title":"MOCHILA BULLPADEL BPM25001 HACK NEGRO - Revolution Padel Store","description":"La mochila Bullpadel BPM25001 Hack Negra es una soluci\u00f3n t\u00e9cnica ideal para jugadores exigentes que buscan el m\u00e1ximo rendimiento en sus accesorios. Dise\u00f1ada para ir a juego con la pala Hack 04 de Paquito Navarro, esta mochila es tan pr\u00e1ctica como elegante. Incluye un compartimento principal amplio para guardar todo lo necesario y un compartimento t\u00e9rmico reforzado con capacidad para dos palas. Este espacio protege tus palas de posibles da\u00f1os y de las condiciones t\u00e9rmicas extremas.","robots":{"index":"index","follow":"follow","max-snippet":"max-snippet:-1","max-image-preview":"max-image-preview:large","max-video-preview":"max-video-preview:-1"},"canonical":"https:\/\/revolutionpadelstore.com\/it\/prodotto\/mochila-bullpadel-bpm25001-hack-negro-4\/","og_locale":"it_IT","og_type":"article","og_title":"MOCHILA BULLPADEL BPM25001 HACK NEGRO - Revolution Padel Store","og_description":"La mochila Bullpadel BPM25001 Hack Negra es una soluci\u00f3n t\u00e9cnica ideal para jugadores exigentes que buscan el m\u00e1ximo rendimiento en sus accesorios. Dise\u00f1ada para ir a juego con la pala Hack 04 de Paquito Navarro, esta mochila es tan pr\u00e1ctica como elegante. Incluye un compartimento principal amplio para guardar todo lo necesario y un compartimento t\u00e9rmico reforzado con capacidad para dos palas. Este espacio protege tus palas de posibles da\u00f1os y de las condiciones t\u00e9rmicas extremas.","og_url":"https:\/\/revolutionpadelstore.com\/it\/prodotto\/mochila-bullpadel-bpm25001-hack-negro-4\/","og_site_name":"Revolution Padel Store","article_modified_time":"2026-04-08T08:08:11+00:00","og_image":[{"width":1500,"height":1500,"url":"https:\/\/revolutionpadelstore.com\/wp-content\/uploads\/2024\/11\/113781-mochila-bullpadel-bpm25001-hack-448163-1500x1500-1-1.webp","type":"image\/webp"}],"twitter_card":"summary_large_image","twitter_misc":{"Tempo di lettura stimato":"1 minuto"},"schema":{"@context":"https:\/\/schema.org","@graph":[{"@type":"WebPage","@id":"https:\/\/revolutionpadelstore.com\/it\/prodotto\/mochila-bullpadel-bpm25001-hack-negro-4\/","url":"https:\/\/revolutionpadelstore.com\/it\/prodotto\/mochila-bullpadel-bpm25001-hack-negro-4\/","name":"MOCHILA BULLPADEL BPM25001 HACK NEGRO - Revolution Padel Store","isPartOf":{"@id":"https:\/\/revolutionpadelstore.com\/it\/#website"},"primaryImageOfPage":{"@id":"https:\/\/revolutionpadelstore.com\/it\/prodotto\/mochila-bullpadel-bpm25001-hack-negro-4\/#primaryimage"},"image":{"@id":"https:\/\/revolutionpadelstore.com\/it\/prodotto\/mochila-bullpadel-bpm25001-hack-negro-4\/#primaryimage"},"thumbnailUrl":"https:\/\/revolutionpadelstore.com\/wp-content\/uploads\/2024\/11\/113781-mochila-bullpadel-bpm25001-hack-448163-1500x1500-1-1.webp","datePublished":"2024-11-25T22:54:08+00:00","dateModified":"2026-04-08T08:08:11+00:00","description":"La mochila Bullpadel BPM25001 Hack Negra es una soluci\u00f3n t\u00e9cnica ideal para jugadores exigentes que buscan el m\u00e1ximo rendimiento en sus accesorios. Dise\u00f1ada para ir a juego con la pala Hack 04 de Paquito Navarro, esta mochila es tan pr\u00e1ctica como elegante. Incluye un compartimento principal amplio para guardar todo lo necesario y un compartimento t\u00e9rmico reforzado con capacidad para dos palas. Este espacio protege tus palas de posibles da\u00f1os y de las condiciones t\u00e9rmicas extremas.","breadcrumb":{"@id":"https:\/\/revolutionpadelstore.com\/it\/prodotto\/mochila-bullpadel-bpm25001-hack-negro-4\/#breadcrumb"},"inLanguage":"it-IT","potentialAction":[{"@type":"ReadAction","target":["https:\/\/revolutionpadelstore.com\/it\/prodotto\/mochila-bullpadel-bpm25001-hack-negro-4\/"]}]},{"@type":"ImageObject","inLanguage":"it-IT","@id":"https:\/\/revolutionpadelstore.com\/it\/prodotto\/mochila-bullpadel-bpm25001-hack-negro-4\/#primaryimage","url":"https:\/\/revolutionpadelstore.com\/wp-content\/uploads\/2024\/11\/113781-mochila-bullpadel-bpm25001-hack-448163-1500x1500-1-1.webp","contentUrl":"https:\/\/revolutionpadelstore.com\/wp-content\/uploads\/2024\/11\/113781-mochila-bullpadel-bpm25001-hack-448163-1500x1500-1-1.webp","width":1500,"height":1500},{"@type":"BreadcrumbList","@id":"https:\/\/revolutionpadelstore.com\/it\/prodotto\/mochila-bullpadel-bpm25001-hack-negro-4\/#breadcrumb","itemListElement":[{"@type":"ListItem","position":1,"name":"Portada","item":"https:\/\/revolutionpadelstore.com\/it\/"},{"@type":"ListItem","position":2,"name":"Tienda","item":"https:\/\/revolutionpadelstore.com\/it\/tienda\/"},{"@type":"ListItem","position":3,"name":"MOCHILA BULLPADEL BPM25001 HACK NEGRO"}]},{"@type":"WebSite","@id":"https:\/\/revolutionpadelstore.com\/it\/#website","url":"https:\/\/revolutionpadelstore.com\/it\/","name":"Revolution Padel Store","description":"","publisher":{"@id":"https:\/\/revolutionpadelstore.com\/it\/#organization"},"potentialAction":[{"@type":"SearchAction","target":{"@type":"EntryPoint","urlTemplate":"https:\/\/revolutionpadelstore.com\/it\/?s={search_term_string}"},"query-input":{"@type":"PropertyValueSpecification","valueRequired":true,"valueName":"search_term_string"}}],"inLanguage":"it-IT"},{"@type":"Organization","@id":"https:\/\/revolutionpadelstore.com\/it\/#organization","name":"Revolution Padel Store","url":"https:\/\/revolutionpadelstore.com\/it\/","logo":{"@type":"ImageObject","inLanguage":"it-IT","@id":"https:\/\/revolutionpadelstore.com\/it\/#\/schema\/logo\/image\/","url":"https:\/\/revolutionpadelstore.com\/wp-content\/uploads\/2026\/02\/revolution-padel-store.jpg","contentUrl":"https:\/\/revolutionpadelstore.com\/wp-content\/uploads\/2026\/02\/revolution-padel-store.jpg","width":2000,"height":2000,"caption":"Revolution Padel Store"},"image":{"@id":"https:\/\/revolutionpadelstore.com\/it\/#\/schema\/logo\/image\/"},"sameAs":["https:\/\/www.instagram.com\/revolutionpadelstore\/"]}]}},"_links":{"self":[{"href":"https:\/\/revolutionpadelstore.com\/it\/wp-json\/wp\/v2\/product\/129028","targetHints":{"allow":["GET"]}}],"collection":[{"href":"https:\/\/revolutionpadelstore.com\/it\/wp-json\/wp\/v2\/product"}],"about":[{"href":"https:\/\/revolutionpadelstore.com\/it\/wp-json\/wp\/v2\/types\/product"}],"replies":[{"embeddable":true,"href":"https:\/\/revolutionpadelstore.com\/it\/wp-json\/wp\/v2\/comments?post=129028"}],"wp:featuredmedia":[{"embeddable":true,"href":"https:\/\/revolutionpadelstore.com\/it\/wp-json\/wp\/v2\/media\/129034"}],"wp:attachment":[{"href":"https:\/\/revolutionpadelstore.com\/it\/wp-json\/wp\/v2\/media?parent=129028"}],"wp:term":[{"taxonomy":"acabado","embeddable":true,"href":"https:\/\/revolutionpadelstore.com\/it\/wp-json\/wp\/v2\/acabado?post=129028"},{"taxonomy":"balance","embeddable":true,"href":"https:\/\/revolutionpadelstore.com\/it\/wp-json\/wp\/v2\/balance?post=129028"},{"taxonomy":"dureza","embeddable":true,"href":"https:\/\/revolutionpadelstore.com\/it\/wp-json\/wp\/v2\/dureza?post=129028"},{"taxonomy":"forma","embeddable":true,"href":"https:\/\/revolutionpadelstore.com\/it\/wp-json\/wp\/v2\/forma?post=129028"},{"taxonomy":"jugador","embeddable":true,"href":"https:\/\/revolutionpadelstore.com\/it\/wp-json\/wp\/v2\/jugador?post=129028"},{"taxonomy":"marca","embeddable":true,"href":"https:\/\/revolutionpadelstore.com\/it\/wp-json\/wp\/v2\/marca?post=129028"},{"taxonomy":"nivel-de-juego","embeddable":true,"href":"https:\/\/revolutionpadelstore.com\/it\/wp-json\/wp\/v2\/nivel-de-juego?post=129028"},{"taxonomy":"superficie","embeddable":true,"href":"https:\/\/revolutionpadelstore.com\/it\/wp-json\/wp\/v2\/superficie?post=129028"},{"taxonomy":"tipo-de-juego","embeddable":true,"href":"https:\/\/revolutionpadelstore.com\/it\/wp-json\/wp\/v2\/tipo-de-juego?post=129028"},{"taxonomy":"product_brand","embeddable":true,"href":"https:\/\/revolutionpadelstore.com\/it\/wp-json\/wp\/v2\/product_brand?post=129028"},{"taxonomy":"product_cat","embeddable":true,"href":"https:\/\/revolutionpadelstore.com\/it\/wp-json\/wp\/v2\/product_cat?post=129028"},{"taxonomy":"product_tag","embeddable":true,"href":"https:\/\/revolutionpadelstore.com\/it\/wp-json\/wp\/v2\/product_tag?post=129028"}],"curies":[{"name":"wp","href":"https:\/\/api.w.org\/{rel}","templated":true}]}}