{"id":128987,"date":"2024-11-20T00:06:14","date_gmt":"2024-11-19T23:06:14","guid":{"rendered":"https:\/\/revolutionpadelstore.com\/mochila-nox-luxury-open-series-negro-marron\/"},"modified":"2026-04-08T10:17:24","modified_gmt":"2026-04-08T08:17:24","slug":"mochila-nox-luxury-open-series-negro-marron-4","status":"publish","type":"product","link":"https:\/\/revolutionpadelstore.com\/it\/prodotto\/mochila-nox-luxury-open-series-negro-marron-4\/","title":{"rendered":"MOCHILA NOX LUXURY OPEN SERIES NEGRO MARR\u00d3N"},"content":{"rendered":"<h2> NOX Luxury Zerbo Open Series Black Brown <\/h2>\n<p>La serie di zaini aperti di lusso di noci in colori neri e marroni si combina perfettamente e funzionalit\u00e0, progettate per coloro che cercano un accessorio versatile sia per giorno per giorno che per le loro attivit\u00e0 sportive. Prodotto con materiali tecnici di alta qualit\u00e0, questo zaino non solo riduce la sensazione di peso, ma garantisce anche una maggiore durata e comfort nel suo utilizzo.<\/p>\n<p>L&#8217;ampio design include diversi scomparti, tra cui uno principale che pu\u00f2 ospitare una pala o persino un computer e un altro per abbigliamento e accessori. Inoltre, ha un compartimento anteriore con il sistema di ventilazione, ideale per salvare le calzature e mantenere il resto delle cose fresche e ben organizzate.<\/p>\n<p>Ulteriori compartimenti nella parte anteriore e lato sono perfetti per piccoli oggetti come mobili, occhiali o chiavi. Le cinghie e gli schienale hanno un&#8217;imbottitura ergonomica, che garantisce una comoda regolazione e un buon flusso d&#8217;aria. Con misure di 500 x 330 x 200 mm e una capacit\u00e0 di 30 litri, questo zaino si adatta alle esigenze sia della routine quotidiana che della formazione, rendendolo un&#8217;opzione perfetta per coloro che cercano qualit\u00e0 e design.<\/p>\n<h2>Mochila Nox Luxury Open Series Negro Marr\u00f3n<\/h2>\n","protected":false},"excerpt":{"rendered":"<p>Lo zaino Open Series di Luxury NOX combina eleganza e funzionalit\u00e0, con materiali tecnici avanzati, compartimenti multipli e un design ergonomico, ideale per l&#8217;uso e la formazione quotidiani.<\/p>\n","protected":false},"featured_media":115979,"comment_status":"open","ping_status":"closed","template":"","meta":{"_acf_changed":false,"_joinchat":[]},"acabado":[],"balance":[],"dureza":[],"forma":[],"jugador":[],"marca":[1261],"nivel-de-juego":[],"superficie":[],"tipo-de-juego":[],"product_brand":[],"product_cat":[318],"product_tag":[],"class_list":{"0":"post-128987","1":"product","2":"type-product","3":"status-publish","4":"has-post-thumbnail","6":"marca-nox-it","7":"product_cat-borse","9":"first","10":"outofstock","11":"sale","12":"taxable","13":"shipping-taxable","14":"purchasable","15":"product-type-simple"},"acf":[],"yoast_head":"<!-- This site is optimized with the Yoast SEO plugin v27.4 - https:\/\/yoast.com\/product\/yoast-seo-wordpress\/ -->\n<title>MOCHILA NOX LUXURY OPEN SERIES NEGRO MARR\u00d3N - Revolution Padel Store<\/title>\n<meta name=\"description\" content=\"La Mochila Nox Luxury Open Series en colores negro y marr\u00f3n combina a la perfecci\u00f3n estilo y funcionalidad, pensada para quienes buscan un accesorio vers\u00e1til tanto para el d\u00eda a d\u00eda como para sus actividades deportivas. Fabricada con materiales t\u00e9cnicos de alta calidad, esta mochila no solo reduce la sensaci\u00f3n de peso, sino que tambi\u00e9n garantiza una mayor durabilidad y comodidad en su uso.\" \/>\n<meta name=\"robots\" content=\"index, follow, max-snippet:-1, max-image-preview:large, max-video-preview:-1\" \/>\n<link rel=\"canonical\" href=\"https:\/\/revolutionpadelstore.com\/it\/prodotto\/mochila-nox-luxury-open-series-negro-marron-4\/\" \/>\n<meta property=\"og:locale\" content=\"it_IT\" \/>\n<meta property=\"og:type\" content=\"article\" \/>\n<meta property=\"og:title\" content=\"MOCHILA NOX LUXURY OPEN SERIES NEGRO MARR\u00d3N - Revolution Padel Store\" \/>\n<meta property=\"og:description\" content=\"La Mochila Nox Luxury Open Series en colores negro y marr\u00f3n combina a la perfecci\u00f3n estilo y funcionalidad, pensada para quienes buscan un accesorio vers\u00e1til tanto para el d\u00eda a d\u00eda como para sus actividades deportivas. Fabricada con materiales t\u00e9cnicos de alta calidad, esta mochila no solo reduce la sensaci\u00f3n de peso, sino que tambi\u00e9n garantiza una mayor durabilidad y comodidad en su uso.\" \/>\n<meta property=\"og:url\" content=\"https:\/\/revolutionpadelstore.com\/it\/prodotto\/mochila-nox-luxury-open-series-negro-marron-4\/\" \/>\n<meta property=\"og:site_name\" content=\"Revolution Padel Store\" \/>\n<meta property=\"article:modified_time\" content=\"2026-04-08T08:17:24+00:00\" \/>\n<meta property=\"og:image\" content=\"https:\/\/revolutionpadelstore.com\/wp-content\/uploads\/2024\/11\/113146_mochila_nox_luxury_open_series_mocopenblbr_1500x1500_1_cead.webp\" \/>\n\t<meta property=\"og:image:width\" content=\"1500\" \/>\n\t<meta property=\"og:image:height\" content=\"1500\" \/>\n\t<meta property=\"og:image:type\" content=\"image\/webp\" \/>\n<meta name=\"twitter:card\" content=\"summary_large_image\" \/>\n<meta name=\"twitter:label1\" content=\"Tempo di lettura stimato\" \/>\n\t<meta name=\"twitter:data1\" content=\"1 minuto\" \/>\n<script type=\"application\/ld+json\" class=\"yoast-schema-graph\">{\"@context\":\"https:\\\/\\\/schema.org\",\"@graph\":[{\"@type\":\"WebPage\",\"@id\":\"https:\\\/\\\/revolutionpadelstore.com\\\/it\\\/prodotto\\\/mochila-nox-luxury-open-series-negro-marron-4\\\/\",\"url\":\"https:\\\/\\\/revolutionpadelstore.com\\\/it\\\/prodotto\\\/mochila-nox-luxury-open-series-negro-marron-4\\\/\",\"name\":\"MOCHILA NOX LUXURY OPEN SERIES NEGRO MARR\u00d3N - Revolution Padel Store\",\"isPartOf\":{\"@id\":\"https:\\\/\\\/revolutionpadelstore.com\\\/it\\\/#website\"},\"primaryImageOfPage\":{\"@id\":\"https:\\\/\\\/revolutionpadelstore.com\\\/it\\\/prodotto\\\/mochila-nox-luxury-open-series-negro-marron-4\\\/#primaryimage\"},\"image\":{\"@id\":\"https:\\\/\\\/revolutionpadelstore.com\\\/it\\\/prodotto\\\/mochila-nox-luxury-open-series-negro-marron-4\\\/#primaryimage\"},\"thumbnailUrl\":\"https:\\\/\\\/revolutionpadelstore.com\\\/wp-content\\\/uploads\\\/2024\\\/11\\\/113146_mochila_nox_luxury_open_series_mocopenblbr_1500x1500_1_cead.webp\",\"datePublished\":\"2024-11-19T23:06:14+00:00\",\"dateModified\":\"2026-04-08T08:17:24+00:00\",\"description\":\"La Mochila Nox Luxury Open Series en colores negro y marr\u00f3n combina a la perfecci\u00f3n estilo y funcionalidad, pensada para quienes buscan un accesorio vers\u00e1til tanto para el d\u00eda a d\u00eda como para sus actividades deportivas. Fabricada con materiales t\u00e9cnicos de alta calidad, esta mochila no solo reduce la sensaci\u00f3n de peso, sino que tambi\u00e9n garantiza una mayor durabilidad y comodidad en su uso.\",\"breadcrumb\":{\"@id\":\"https:\\\/\\\/revolutionpadelstore.com\\\/it\\\/prodotto\\\/mochila-nox-luxury-open-series-negro-marron-4\\\/#breadcrumb\"},\"inLanguage\":\"it-IT\",\"potentialAction\":[{\"@type\":\"ReadAction\",\"target\":[\"https:\\\/\\\/revolutionpadelstore.com\\\/it\\\/prodotto\\\/mochila-nox-luxury-open-series-negro-marron-4\\\/\"]}]},{\"@type\":\"ImageObject\",\"inLanguage\":\"it-IT\",\"@id\":\"https:\\\/\\\/revolutionpadelstore.com\\\/it\\\/prodotto\\\/mochila-nox-luxury-open-series-negro-marron-4\\\/#primaryimage\",\"url\":\"https:\\\/\\\/revolutionpadelstore.com\\\/wp-content\\\/uploads\\\/2024\\\/11\\\/113146_mochila_nox_luxury_open_series_mocopenblbr_1500x1500_1_cead.webp\",\"contentUrl\":\"https:\\\/\\\/revolutionpadelstore.com\\\/wp-content\\\/uploads\\\/2024\\\/11\\\/113146_mochila_nox_luxury_open_series_mocopenblbr_1500x1500_1_cead.webp\",\"width\":1500,\"height\":1500},{\"@type\":\"BreadcrumbList\",\"@id\":\"https:\\\/\\\/revolutionpadelstore.com\\\/it\\\/prodotto\\\/mochila-nox-luxury-open-series-negro-marron-4\\\/#breadcrumb\",\"itemListElement\":[{\"@type\":\"ListItem\",\"position\":1,\"name\":\"Portada\",\"item\":\"https:\\\/\\\/revolutionpadelstore.com\\\/it\\\/\"},{\"@type\":\"ListItem\",\"position\":2,\"name\":\"Tienda\",\"item\":\"https:\\\/\\\/revolutionpadelstore.com\\\/it\\\/tienda\\\/\"},{\"@type\":\"ListItem\",\"position\":3,\"name\":\"MOCHILA NOX LUXURY OPEN SERIES NEGRO MARR\u00d3N\"}]},{\"@type\":\"WebSite\",\"@id\":\"https:\\\/\\\/revolutionpadelstore.com\\\/it\\\/#website\",\"url\":\"https:\\\/\\\/revolutionpadelstore.com\\\/it\\\/\",\"name\":\"Revolution Padel Store\",\"description\":\"\",\"publisher\":{\"@id\":\"https:\\\/\\\/revolutionpadelstore.com\\\/it\\\/#organization\"},\"potentialAction\":[{\"@type\":\"SearchAction\",\"target\":{\"@type\":\"EntryPoint\",\"urlTemplate\":\"https:\\\/\\\/revolutionpadelstore.com\\\/it\\\/?s={search_term_string}\"},\"query-input\":{\"@type\":\"PropertyValueSpecification\",\"valueRequired\":true,\"valueName\":\"search_term_string\"}}],\"inLanguage\":\"it-IT\"},{\"@type\":\"Organization\",\"@id\":\"https:\\\/\\\/revolutionpadelstore.com\\\/it\\\/#organization\",\"name\":\"Revolution Padel Store\",\"url\":\"https:\\\/\\\/revolutionpadelstore.com\\\/it\\\/\",\"logo\":{\"@type\":\"ImageObject\",\"inLanguage\":\"it-IT\",\"@id\":\"https:\\\/\\\/revolutionpadelstore.com\\\/it\\\/#\\\/schema\\\/logo\\\/image\\\/\",\"url\":\"https:\\\/\\\/revolutionpadelstore.com\\\/wp-content\\\/uploads\\\/2026\\\/02\\\/revolution-padel-store.jpg\",\"contentUrl\":\"https:\\\/\\\/revolutionpadelstore.com\\\/wp-content\\\/uploads\\\/2026\\\/02\\\/revolution-padel-store.jpg\",\"width\":2000,\"height\":2000,\"caption\":\"Revolution Padel Store\"},\"image\":{\"@id\":\"https:\\\/\\\/revolutionpadelstore.com\\\/it\\\/#\\\/schema\\\/logo\\\/image\\\/\"},\"sameAs\":[\"https:\\\/\\\/www.instagram.com\\\/revolutionpadelstore\\\/\"]}]}<\/script>\n<!-- \/ Yoast SEO plugin. -->","yoast_head_json":{"title":"MOCHILA NOX LUXURY OPEN SERIES NEGRO MARR\u00d3N - Revolution Padel Store","description":"La Mochila Nox Luxury Open Series en colores negro y marr\u00f3n combina a la perfecci\u00f3n estilo y funcionalidad, pensada para quienes buscan un accesorio vers\u00e1til tanto para el d\u00eda a d\u00eda como para sus actividades deportivas. Fabricada con materiales t\u00e9cnicos de alta calidad, esta mochila no solo reduce la sensaci\u00f3n de peso, sino que tambi\u00e9n garantiza una mayor durabilidad y comodidad en su uso.","robots":{"index":"index","follow":"follow","max-snippet":"max-snippet:-1","max-image-preview":"max-image-preview:large","max-video-preview":"max-video-preview:-1"},"canonical":"https:\/\/revolutionpadelstore.com\/it\/prodotto\/mochila-nox-luxury-open-series-negro-marron-4\/","og_locale":"it_IT","og_type":"article","og_title":"MOCHILA NOX LUXURY OPEN SERIES NEGRO MARR\u00d3N - Revolution Padel Store","og_description":"La Mochila Nox Luxury Open Series en colores negro y marr\u00f3n combina a la perfecci\u00f3n estilo y funcionalidad, pensada para quienes buscan un accesorio vers\u00e1til tanto para el d\u00eda a d\u00eda como para sus actividades deportivas. Fabricada con materiales t\u00e9cnicos de alta calidad, esta mochila no solo reduce la sensaci\u00f3n de peso, sino que tambi\u00e9n garantiza una mayor durabilidad y comodidad en su uso.","og_url":"https:\/\/revolutionpadelstore.com\/it\/prodotto\/mochila-nox-luxury-open-series-negro-marron-4\/","og_site_name":"Revolution Padel Store","article_modified_time":"2026-04-08T08:17:24+00:00","og_image":[{"width":1500,"height":1500,"url":"https:\/\/revolutionpadelstore.com\/wp-content\/uploads\/2024\/11\/113146_mochila_nox_luxury_open_series_mocopenblbr_1500x1500_1_cead.webp","type":"image\/webp"}],"twitter_card":"summary_large_image","twitter_misc":{"Tempo di lettura stimato":"1 minuto"},"schema":{"@context":"https:\/\/schema.org","@graph":[{"@type":"WebPage","@id":"https:\/\/revolutionpadelstore.com\/it\/prodotto\/mochila-nox-luxury-open-series-negro-marron-4\/","url":"https:\/\/revolutionpadelstore.com\/it\/prodotto\/mochila-nox-luxury-open-series-negro-marron-4\/","name":"MOCHILA NOX LUXURY OPEN SERIES NEGRO MARR\u00d3N - Revolution Padel Store","isPartOf":{"@id":"https:\/\/revolutionpadelstore.com\/it\/#website"},"primaryImageOfPage":{"@id":"https:\/\/revolutionpadelstore.com\/it\/prodotto\/mochila-nox-luxury-open-series-negro-marron-4\/#primaryimage"},"image":{"@id":"https:\/\/revolutionpadelstore.com\/it\/prodotto\/mochila-nox-luxury-open-series-negro-marron-4\/#primaryimage"},"thumbnailUrl":"https:\/\/revolutionpadelstore.com\/wp-content\/uploads\/2024\/11\/113146_mochila_nox_luxury_open_series_mocopenblbr_1500x1500_1_cead.webp","datePublished":"2024-11-19T23:06:14+00:00","dateModified":"2026-04-08T08:17:24+00:00","description":"La Mochila Nox Luxury Open Series en colores negro y marr\u00f3n combina a la perfecci\u00f3n estilo y funcionalidad, pensada para quienes buscan un accesorio vers\u00e1til tanto para el d\u00eda a d\u00eda como para sus actividades deportivas. Fabricada con materiales t\u00e9cnicos de alta calidad, esta mochila no solo reduce la sensaci\u00f3n de peso, sino que tambi\u00e9n garantiza una mayor durabilidad y comodidad en su uso.","breadcrumb":{"@id":"https:\/\/revolutionpadelstore.com\/it\/prodotto\/mochila-nox-luxury-open-series-negro-marron-4\/#breadcrumb"},"inLanguage":"it-IT","potentialAction":[{"@type":"ReadAction","target":["https:\/\/revolutionpadelstore.com\/it\/prodotto\/mochila-nox-luxury-open-series-negro-marron-4\/"]}]},{"@type":"ImageObject","inLanguage":"it-IT","@id":"https:\/\/revolutionpadelstore.com\/it\/prodotto\/mochila-nox-luxury-open-series-negro-marron-4\/#primaryimage","url":"https:\/\/revolutionpadelstore.com\/wp-content\/uploads\/2024\/11\/113146_mochila_nox_luxury_open_series_mocopenblbr_1500x1500_1_cead.webp","contentUrl":"https:\/\/revolutionpadelstore.com\/wp-content\/uploads\/2024\/11\/113146_mochila_nox_luxury_open_series_mocopenblbr_1500x1500_1_cead.webp","width":1500,"height":1500},{"@type":"BreadcrumbList","@id":"https:\/\/revolutionpadelstore.com\/it\/prodotto\/mochila-nox-luxury-open-series-negro-marron-4\/#breadcrumb","itemListElement":[{"@type":"ListItem","position":1,"name":"Portada","item":"https:\/\/revolutionpadelstore.com\/it\/"},{"@type":"ListItem","position":2,"name":"Tienda","item":"https:\/\/revolutionpadelstore.com\/it\/tienda\/"},{"@type":"ListItem","position":3,"name":"MOCHILA NOX LUXURY OPEN SERIES NEGRO MARR\u00d3N"}]},{"@type":"WebSite","@id":"https:\/\/revolutionpadelstore.com\/it\/#website","url":"https:\/\/revolutionpadelstore.com\/it\/","name":"Revolution Padel Store","description":"","publisher":{"@id":"https:\/\/revolutionpadelstore.com\/it\/#organization"},"potentialAction":[{"@type":"SearchAction","target":{"@type":"EntryPoint","urlTemplate":"https:\/\/revolutionpadelstore.com\/it\/?s={search_term_string}"},"query-input":{"@type":"PropertyValueSpecification","valueRequired":true,"valueName":"search_term_string"}}],"inLanguage":"it-IT"},{"@type":"Organization","@id":"https:\/\/revolutionpadelstore.com\/it\/#organization","name":"Revolution Padel Store","url":"https:\/\/revolutionpadelstore.com\/it\/","logo":{"@type":"ImageObject","inLanguage":"it-IT","@id":"https:\/\/revolutionpadelstore.com\/it\/#\/schema\/logo\/image\/","url":"https:\/\/revolutionpadelstore.com\/wp-content\/uploads\/2026\/02\/revolution-padel-store.jpg","contentUrl":"https:\/\/revolutionpadelstore.com\/wp-content\/uploads\/2026\/02\/revolution-padel-store.jpg","width":2000,"height":2000,"caption":"Revolution Padel Store"},"image":{"@id":"https:\/\/revolutionpadelstore.com\/it\/#\/schema\/logo\/image\/"},"sameAs":["https:\/\/www.instagram.com\/revolutionpadelstore\/"]}]}},"_links":{"self":[{"href":"https:\/\/revolutionpadelstore.com\/it\/wp-json\/wp\/v2\/product\/128987","targetHints":{"allow":["GET"]}}],"collection":[{"href":"https:\/\/revolutionpadelstore.com\/it\/wp-json\/wp\/v2\/product"}],"about":[{"href":"https:\/\/revolutionpadelstore.com\/it\/wp-json\/wp\/v2\/types\/product"}],"replies":[{"embeddable":true,"href":"https:\/\/revolutionpadelstore.com\/it\/wp-json\/wp\/v2\/comments?post=128987"}],"wp:featuredmedia":[{"embeddable":true,"href":"https:\/\/revolutionpadelstore.com\/it\/wp-json\/wp\/v2\/media\/115979"}],"wp:attachment":[{"href":"https:\/\/revolutionpadelstore.com\/it\/wp-json\/wp\/v2\/media?parent=128987"}],"wp:term":[{"taxonomy":"acabado","embeddable":true,"href":"https:\/\/revolutionpadelstore.com\/it\/wp-json\/wp\/v2\/acabado?post=128987"},{"taxonomy":"balance","embeddable":true,"href":"https:\/\/revolutionpadelstore.com\/it\/wp-json\/wp\/v2\/balance?post=128987"},{"taxonomy":"dureza","embeddable":true,"href":"https:\/\/revolutionpadelstore.com\/it\/wp-json\/wp\/v2\/dureza?post=128987"},{"taxonomy":"forma","embeddable":true,"href":"https:\/\/revolutionpadelstore.com\/it\/wp-json\/wp\/v2\/forma?post=128987"},{"taxonomy":"jugador","embeddable":true,"href":"https:\/\/revolutionpadelstore.com\/it\/wp-json\/wp\/v2\/jugador?post=128987"},{"taxonomy":"marca","embeddable":true,"href":"https:\/\/revolutionpadelstore.com\/it\/wp-json\/wp\/v2\/marca?post=128987"},{"taxonomy":"nivel-de-juego","embeddable":true,"href":"https:\/\/revolutionpadelstore.com\/it\/wp-json\/wp\/v2\/nivel-de-juego?post=128987"},{"taxonomy":"superficie","embeddable":true,"href":"https:\/\/revolutionpadelstore.com\/it\/wp-json\/wp\/v2\/superficie?post=128987"},{"taxonomy":"tipo-de-juego","embeddable":true,"href":"https:\/\/revolutionpadelstore.com\/it\/wp-json\/wp\/v2\/tipo-de-juego?post=128987"},{"taxonomy":"product_brand","embeddable":true,"href":"https:\/\/revolutionpadelstore.com\/it\/wp-json\/wp\/v2\/product_brand?post=128987"},{"taxonomy":"product_cat","embeddable":true,"href":"https:\/\/revolutionpadelstore.com\/it\/wp-json\/wp\/v2\/product_cat?post=128987"},{"taxonomy":"product_tag","embeddable":true,"href":"https:\/\/revolutionpadelstore.com\/it\/wp-json\/wp\/v2\/product_tag?post=128987"}],"curies":[{"name":"wp","href":"https:\/\/api.w.org\/{rel}","templated":true}]}}