{"id":128977,"date":"2024-11-19T19:39:46","date_gmt":"2024-11-19T18:39:46","guid":{"rendered":"https:\/\/revolutionpadelstore.com\/mochila-nox-luxury-master-series\/"},"modified":"2026-04-01T07:00:04","modified_gmt":"2026-04-01T05:00:04","slug":"mochila-nox-luxury-master-series-4","status":"publish","type":"product","link":"https:\/\/revolutionpadelstore.com\/it\/prodotto\/mochila-nox-luxury-master-series-4\/","title":{"rendered":"MOCHILA NOX LUXURY MASTER SERIES"},"content":{"rendered":"<h2> zaino per la serie Master di lusso NOX<br \/>\nScopri lo zaino <strong> NOX Luxury Master Series <\/strong>, l&#8217;opzione migliore per i giocatori di paddle che cercano una combinazione perfetta di stile e funzionalit\u00e0. Prodotto con materiali tecnici di <strong> tessili di alta qualit\u00e0 e avanzati <\/strong>, questo zaino offre una durata eccezionale e un comfort incomparabile. Con il suo design in elegante <strong> bianco e nero <\/strong>, \u00e8 l&#8217;ideale sia per il giorno che per l&#8217;allenamento.<\/p>\n<p>Lo zaino di NOX Luxury Master Series non \u00e8 solo resistente, ma \u00e8 anche incredibilmente leggero, il che facilita il trasporto senza compromettere la capacit\u00e0 di carico. Il tuo compartimento <strong> principale con superficie rigida <\/strong> offre la massima protezione per la pala o il laptop, mentre un compartimento <strong> <strong> consente di archiviare fino a due pale aggiuntive <\/strong>, attrezzature e accessori. Inoltre, ha uno spazio <strong> indipendente <\/strong> sul davanti per le calzature <strong> <\/strong>, progettate con un sistema di onda che mantiene le tue scarpe fresche.<\/p>\n<p>L&#8217;organizzazione \u00e8 fondamentale e questo zaino non delude: pi\u00f9 compartimenti frontali e laterali ti consentono di trasportare i tuoi oggetti personali, come mobili, occhiali, portafoglio, chiavi o bottiglia. Le sue <strong> cinghie e dorsi imbottiti forniscono una regolazione ergonomica <\/strong>, ottimizzando la presa e la circolazione dell&#8217;aria. Con una capacit\u00e0 <strong> 30 litri <\/strong> e misure di 500 x 330 x 200 mm, la serie Master di lusso NOX \u00e8 il partner ideale per aumentare il gioco e lo stile.<\/p>\n<h2>Mochila Nox Luxury Master Series<\/h2>\n","protected":false},"excerpt":{"rendered":"<p>;<b><span style=\"color: black\">La Mochila Nox Luxury Master Series combina elegancia y funcionalidad con capacidad de 30L, compartimentos ergon\u00f3micos y durabilidad superior.<\/span><\/p>\n","protected":false},"featured_media":115928,"comment_status":"open","ping_status":"closed","template":"","meta":{"_acf_changed":false,"_joinchat":[]},"acabado":[],"balance":[],"dureza":[],"forma":[],"jugador":[],"marca":[1261],"nivel-de-juego":[],"superficie":[],"tipo-de-juego":[],"product_brand":[],"product_cat":[318],"product_tag":[],"class_list":{"0":"post-128977","1":"product","2":"type-product","3":"status-publish","4":"has-post-thumbnail","6":"marca-nox-it","7":"product_cat-borse","9":"first","10":"outofstock","11":"sale","12":"taxable","13":"shipping-taxable","14":"purchasable","15":"product-type-simple"},"acf":[],"yoast_head":"<!-- This site is optimized with the Yoast SEO plugin v27.3 - https:\/\/yoast.com\/product\/yoast-seo-wordpress\/ -->\n<title>MOCHILA NOX LUXURY MASTER SERIES - Revolution Padel Store<\/title>\n<meta name=\"description\" content=\"Descubre la\u00a0Mochila Nox Luxury Master Series, la mejor opci\u00f3n para los jugadores de p\u00e1del que buscan una combinaci\u00f3n perfecta de estilo y funcionalidad. Fabricada con materiales t\u00e9cnicos de\u00a0alta calidad y textiles avanzados, esta mochila ofrece una durabilidad excepcional y una comodidad incomparable. Con su dise\u00f1o en elegante\u00a0color negro y blanco, es ideal tanto para el d\u00eda a d\u00eda como para tus entrenamientos.\" \/>\n<meta name=\"robots\" content=\"index, follow, max-snippet:-1, max-image-preview:large, max-video-preview:-1\" \/>\n<link rel=\"canonical\" href=\"https:\/\/revolutionpadelstore.com\/it\/prodotto\/mochila-nox-luxury-master-series-4\/\" \/>\n<meta property=\"og:locale\" content=\"it_IT\" \/>\n<meta property=\"og:type\" content=\"article\" \/>\n<meta property=\"og:title\" content=\"MOCHILA NOX LUXURY MASTER SERIES - Revolution Padel Store\" \/>\n<meta property=\"og:description\" content=\"Descubre la\u00a0Mochila Nox Luxury Master Series, la mejor opci\u00f3n para los jugadores de p\u00e1del que buscan una combinaci\u00f3n perfecta de estilo y funcionalidad. Fabricada con materiales t\u00e9cnicos de\u00a0alta calidad y textiles avanzados, esta mochila ofrece una durabilidad excepcional y una comodidad incomparable. Con su dise\u00f1o en elegante\u00a0color negro y blanco, es ideal tanto para el d\u00eda a d\u00eda como para tus entrenamientos.\" \/>\n<meta property=\"og:url\" content=\"https:\/\/revolutionpadelstore.com\/it\/prodotto\/mochila-nox-luxury-master-series-4\/\" \/>\n<meta property=\"og:site_name\" content=\"Revolution Padel Store\" \/>\n<meta property=\"article:modified_time\" content=\"2026-04-01T05:00:04+00:00\" \/>\n<meta property=\"og:image\" content=\"https:\/\/revolutionpadelstore.com\/wp-content\/uploads\/2024\/11\/imagen-1-113145-d250d55b-34100-NORMAL.jpg\" \/>\n\t<meta property=\"og:image:width\" content=\"480\" \/>\n\t<meta property=\"og:image:height\" content=\"600\" \/>\n\t<meta property=\"og:image:type\" content=\"image\/jpeg\" \/>\n<meta name=\"twitter:card\" content=\"summary_large_image\" \/>\n<meta name=\"twitter:label1\" content=\"Tempo di lettura stimato\" \/>\n\t<meta name=\"twitter:data1\" content=\"1 minuto\" \/>\n<script type=\"application\/ld+json\" class=\"yoast-schema-graph\">{\"@context\":\"https:\\\/\\\/schema.org\",\"@graph\":[{\"@type\":\"WebPage\",\"@id\":\"https:\\\/\\\/revolutionpadelstore.com\\\/it\\\/prodotto\\\/mochila-nox-luxury-master-series-4\\\/\",\"url\":\"https:\\\/\\\/revolutionpadelstore.com\\\/it\\\/prodotto\\\/mochila-nox-luxury-master-series-4\\\/\",\"name\":\"MOCHILA NOX LUXURY MASTER SERIES - Revolution Padel Store\",\"isPartOf\":{\"@id\":\"https:\\\/\\\/revolutionpadelstore.com\\\/it\\\/#website\"},\"primaryImageOfPage\":{\"@id\":\"https:\\\/\\\/revolutionpadelstore.com\\\/it\\\/prodotto\\\/mochila-nox-luxury-master-series-4\\\/#primaryimage\"},\"image\":{\"@id\":\"https:\\\/\\\/revolutionpadelstore.com\\\/it\\\/prodotto\\\/mochila-nox-luxury-master-series-4\\\/#primaryimage\"},\"thumbnailUrl\":\"https:\\\/\\\/revolutionpadelstore.com\\\/wp-content\\\/uploads\\\/2024\\\/11\\\/imagen-1-113145-d250d55b-34100-NORMAL.jpg\",\"datePublished\":\"2024-11-19T18:39:46+00:00\",\"dateModified\":\"2026-04-01T05:00:04+00:00\",\"description\":\"Descubre la\u00a0Mochila Nox Luxury Master Series, la mejor opci\u00f3n para los jugadores de p\u00e1del que buscan una combinaci\u00f3n perfecta de estilo y funcionalidad. Fabricada con materiales t\u00e9cnicos de\u00a0alta calidad y textiles avanzados, esta mochila ofrece una durabilidad excepcional y una comodidad incomparable. Con su dise\u00f1o en elegante\u00a0color negro y blanco, es ideal tanto para el d\u00eda a d\u00eda como para tus entrenamientos.\",\"breadcrumb\":{\"@id\":\"https:\\\/\\\/revolutionpadelstore.com\\\/it\\\/prodotto\\\/mochila-nox-luxury-master-series-4\\\/#breadcrumb\"},\"inLanguage\":\"it-IT\",\"potentialAction\":[{\"@type\":\"ReadAction\",\"target\":[\"https:\\\/\\\/revolutionpadelstore.com\\\/it\\\/prodotto\\\/mochila-nox-luxury-master-series-4\\\/\"]}]},{\"@type\":\"ImageObject\",\"inLanguage\":\"it-IT\",\"@id\":\"https:\\\/\\\/revolutionpadelstore.com\\\/it\\\/prodotto\\\/mochila-nox-luxury-master-series-4\\\/#primaryimage\",\"url\":\"https:\\\/\\\/revolutionpadelstore.com\\\/wp-content\\\/uploads\\\/2024\\\/11\\\/imagen-1-113145-d250d55b-34100-NORMAL.jpg\",\"contentUrl\":\"https:\\\/\\\/revolutionpadelstore.com\\\/wp-content\\\/uploads\\\/2024\\\/11\\\/imagen-1-113145-d250d55b-34100-NORMAL.jpg\",\"width\":480,\"height\":600},{\"@type\":\"BreadcrumbList\",\"@id\":\"https:\\\/\\\/revolutionpadelstore.com\\\/it\\\/prodotto\\\/mochila-nox-luxury-master-series-4\\\/#breadcrumb\",\"itemListElement\":[{\"@type\":\"ListItem\",\"position\":1,\"name\":\"Portada\",\"item\":\"https:\\\/\\\/revolutionpadelstore.com\\\/it\\\/\"},{\"@type\":\"ListItem\",\"position\":2,\"name\":\"Tienda\",\"item\":\"https:\\\/\\\/revolutionpadelstore.com\\\/it\\\/tienda\\\/\"},{\"@type\":\"ListItem\",\"position\":3,\"name\":\"MOCHILA NOX LUXURY MASTER SERIES\"}]},{\"@type\":\"WebSite\",\"@id\":\"https:\\\/\\\/revolutionpadelstore.com\\\/it\\\/#website\",\"url\":\"https:\\\/\\\/revolutionpadelstore.com\\\/it\\\/\",\"name\":\"Revolution Padel Store\",\"description\":\"\",\"publisher\":{\"@id\":\"https:\\\/\\\/revolutionpadelstore.com\\\/it\\\/#organization\"},\"potentialAction\":[{\"@type\":\"SearchAction\",\"target\":{\"@type\":\"EntryPoint\",\"urlTemplate\":\"https:\\\/\\\/revolutionpadelstore.com\\\/it\\\/?s={search_term_string}\"},\"query-input\":{\"@type\":\"PropertyValueSpecification\",\"valueRequired\":true,\"valueName\":\"search_term_string\"}}],\"inLanguage\":\"it-IT\"},{\"@type\":\"Organization\",\"@id\":\"https:\\\/\\\/revolutionpadelstore.com\\\/it\\\/#organization\",\"name\":\"Revolution Padel Store\",\"url\":\"https:\\\/\\\/revolutionpadelstore.com\\\/it\\\/\",\"logo\":{\"@type\":\"ImageObject\",\"inLanguage\":\"it-IT\",\"@id\":\"https:\\\/\\\/revolutionpadelstore.com\\\/it\\\/#\\\/schema\\\/logo\\\/image\\\/\",\"url\":\"https:\\\/\\\/revolutionpadelstore.com\\\/wp-content\\\/uploads\\\/2026\\\/02\\\/revolution-padel-store.jpg\",\"contentUrl\":\"https:\\\/\\\/revolutionpadelstore.com\\\/wp-content\\\/uploads\\\/2026\\\/02\\\/revolution-padel-store.jpg\",\"width\":2000,\"height\":2000,\"caption\":\"Revolution Padel Store\"},\"image\":{\"@id\":\"https:\\\/\\\/revolutionpadelstore.com\\\/it\\\/#\\\/schema\\\/logo\\\/image\\\/\"},\"sameAs\":[\"https:\\\/\\\/www.instagram.com\\\/revolutionpadelstore\\\/\"]}]}<\/script>\n<!-- \/ Yoast SEO plugin. -->","yoast_head_json":{"title":"MOCHILA NOX LUXURY MASTER SERIES - Revolution Padel Store","description":"Descubre la\u00a0Mochila Nox Luxury Master Series, la mejor opci\u00f3n para los jugadores de p\u00e1del que buscan una combinaci\u00f3n perfecta de estilo y funcionalidad. Fabricada con materiales t\u00e9cnicos de\u00a0alta calidad y textiles avanzados, esta mochila ofrece una durabilidad excepcional y una comodidad incomparable. Con su dise\u00f1o en elegante\u00a0color negro y blanco, es ideal tanto para el d\u00eda a d\u00eda como para tus entrenamientos.","robots":{"index":"index","follow":"follow","max-snippet":"max-snippet:-1","max-image-preview":"max-image-preview:large","max-video-preview":"max-video-preview:-1"},"canonical":"https:\/\/revolutionpadelstore.com\/it\/prodotto\/mochila-nox-luxury-master-series-4\/","og_locale":"it_IT","og_type":"article","og_title":"MOCHILA NOX LUXURY MASTER SERIES - Revolution Padel Store","og_description":"Descubre la\u00a0Mochila Nox Luxury Master Series, la mejor opci\u00f3n para los jugadores de p\u00e1del que buscan una combinaci\u00f3n perfecta de estilo y funcionalidad. Fabricada con materiales t\u00e9cnicos de\u00a0alta calidad y textiles avanzados, esta mochila ofrece una durabilidad excepcional y una comodidad incomparable. Con su dise\u00f1o en elegante\u00a0color negro y blanco, es ideal tanto para el d\u00eda a d\u00eda como para tus entrenamientos.","og_url":"https:\/\/revolutionpadelstore.com\/it\/prodotto\/mochila-nox-luxury-master-series-4\/","og_site_name":"Revolution Padel Store","article_modified_time":"2026-04-01T05:00:04+00:00","og_image":[{"width":480,"height":600,"url":"https:\/\/revolutionpadelstore.com\/wp-content\/uploads\/2024\/11\/imagen-1-113145-d250d55b-34100-NORMAL.jpg","type":"image\/jpeg"}],"twitter_card":"summary_large_image","twitter_misc":{"Tempo di lettura stimato":"1 minuto"},"schema":{"@context":"https:\/\/schema.org","@graph":[{"@type":"WebPage","@id":"https:\/\/revolutionpadelstore.com\/it\/prodotto\/mochila-nox-luxury-master-series-4\/","url":"https:\/\/revolutionpadelstore.com\/it\/prodotto\/mochila-nox-luxury-master-series-4\/","name":"MOCHILA NOX LUXURY MASTER SERIES - Revolution Padel Store","isPartOf":{"@id":"https:\/\/revolutionpadelstore.com\/it\/#website"},"primaryImageOfPage":{"@id":"https:\/\/revolutionpadelstore.com\/it\/prodotto\/mochila-nox-luxury-master-series-4\/#primaryimage"},"image":{"@id":"https:\/\/revolutionpadelstore.com\/it\/prodotto\/mochila-nox-luxury-master-series-4\/#primaryimage"},"thumbnailUrl":"https:\/\/revolutionpadelstore.com\/wp-content\/uploads\/2024\/11\/imagen-1-113145-d250d55b-34100-NORMAL.jpg","datePublished":"2024-11-19T18:39:46+00:00","dateModified":"2026-04-01T05:00:04+00:00","description":"Descubre la\u00a0Mochila Nox Luxury Master Series, la mejor opci\u00f3n para los jugadores de p\u00e1del que buscan una combinaci\u00f3n perfecta de estilo y funcionalidad. Fabricada con materiales t\u00e9cnicos de\u00a0alta calidad y textiles avanzados, esta mochila ofrece una durabilidad excepcional y una comodidad incomparable. Con su dise\u00f1o en elegante\u00a0color negro y blanco, es ideal tanto para el d\u00eda a d\u00eda como para tus entrenamientos.","breadcrumb":{"@id":"https:\/\/revolutionpadelstore.com\/it\/prodotto\/mochila-nox-luxury-master-series-4\/#breadcrumb"},"inLanguage":"it-IT","potentialAction":[{"@type":"ReadAction","target":["https:\/\/revolutionpadelstore.com\/it\/prodotto\/mochila-nox-luxury-master-series-4\/"]}]},{"@type":"ImageObject","inLanguage":"it-IT","@id":"https:\/\/revolutionpadelstore.com\/it\/prodotto\/mochila-nox-luxury-master-series-4\/#primaryimage","url":"https:\/\/revolutionpadelstore.com\/wp-content\/uploads\/2024\/11\/imagen-1-113145-d250d55b-34100-NORMAL.jpg","contentUrl":"https:\/\/revolutionpadelstore.com\/wp-content\/uploads\/2024\/11\/imagen-1-113145-d250d55b-34100-NORMAL.jpg","width":480,"height":600},{"@type":"BreadcrumbList","@id":"https:\/\/revolutionpadelstore.com\/it\/prodotto\/mochila-nox-luxury-master-series-4\/#breadcrumb","itemListElement":[{"@type":"ListItem","position":1,"name":"Portada","item":"https:\/\/revolutionpadelstore.com\/it\/"},{"@type":"ListItem","position":2,"name":"Tienda","item":"https:\/\/revolutionpadelstore.com\/it\/tienda\/"},{"@type":"ListItem","position":3,"name":"MOCHILA NOX LUXURY MASTER SERIES"}]},{"@type":"WebSite","@id":"https:\/\/revolutionpadelstore.com\/it\/#website","url":"https:\/\/revolutionpadelstore.com\/it\/","name":"Revolution Padel Store","description":"","publisher":{"@id":"https:\/\/revolutionpadelstore.com\/it\/#organization"},"potentialAction":[{"@type":"SearchAction","target":{"@type":"EntryPoint","urlTemplate":"https:\/\/revolutionpadelstore.com\/it\/?s={search_term_string}"},"query-input":{"@type":"PropertyValueSpecification","valueRequired":true,"valueName":"search_term_string"}}],"inLanguage":"it-IT"},{"@type":"Organization","@id":"https:\/\/revolutionpadelstore.com\/it\/#organization","name":"Revolution Padel Store","url":"https:\/\/revolutionpadelstore.com\/it\/","logo":{"@type":"ImageObject","inLanguage":"it-IT","@id":"https:\/\/revolutionpadelstore.com\/it\/#\/schema\/logo\/image\/","url":"https:\/\/revolutionpadelstore.com\/wp-content\/uploads\/2026\/02\/revolution-padel-store.jpg","contentUrl":"https:\/\/revolutionpadelstore.com\/wp-content\/uploads\/2026\/02\/revolution-padel-store.jpg","width":2000,"height":2000,"caption":"Revolution Padel Store"},"image":{"@id":"https:\/\/revolutionpadelstore.com\/it\/#\/schema\/logo\/image\/"},"sameAs":["https:\/\/www.instagram.com\/revolutionpadelstore\/"]}]}},"_links":{"self":[{"href":"https:\/\/revolutionpadelstore.com\/it\/wp-json\/wp\/v2\/product\/128977","targetHints":{"allow":["GET"]}}],"collection":[{"href":"https:\/\/revolutionpadelstore.com\/it\/wp-json\/wp\/v2\/product"}],"about":[{"href":"https:\/\/revolutionpadelstore.com\/it\/wp-json\/wp\/v2\/types\/product"}],"replies":[{"embeddable":true,"href":"https:\/\/revolutionpadelstore.com\/it\/wp-json\/wp\/v2\/comments?post=128977"}],"wp:featuredmedia":[{"embeddable":true,"href":"https:\/\/revolutionpadelstore.com\/it\/wp-json\/wp\/v2\/media\/115928"}],"wp:attachment":[{"href":"https:\/\/revolutionpadelstore.com\/it\/wp-json\/wp\/v2\/media?parent=128977"}],"wp:term":[{"taxonomy":"acabado","embeddable":true,"href":"https:\/\/revolutionpadelstore.com\/it\/wp-json\/wp\/v2\/acabado?post=128977"},{"taxonomy":"balance","embeddable":true,"href":"https:\/\/revolutionpadelstore.com\/it\/wp-json\/wp\/v2\/balance?post=128977"},{"taxonomy":"dureza","embeddable":true,"href":"https:\/\/revolutionpadelstore.com\/it\/wp-json\/wp\/v2\/dureza?post=128977"},{"taxonomy":"forma","embeddable":true,"href":"https:\/\/revolutionpadelstore.com\/it\/wp-json\/wp\/v2\/forma?post=128977"},{"taxonomy":"jugador","embeddable":true,"href":"https:\/\/revolutionpadelstore.com\/it\/wp-json\/wp\/v2\/jugador?post=128977"},{"taxonomy":"marca","embeddable":true,"href":"https:\/\/revolutionpadelstore.com\/it\/wp-json\/wp\/v2\/marca?post=128977"},{"taxonomy":"nivel-de-juego","embeddable":true,"href":"https:\/\/revolutionpadelstore.com\/it\/wp-json\/wp\/v2\/nivel-de-juego?post=128977"},{"taxonomy":"superficie","embeddable":true,"href":"https:\/\/revolutionpadelstore.com\/it\/wp-json\/wp\/v2\/superficie?post=128977"},{"taxonomy":"tipo-de-juego","embeddable":true,"href":"https:\/\/revolutionpadelstore.com\/it\/wp-json\/wp\/v2\/tipo-de-juego?post=128977"},{"taxonomy":"product_brand","embeddable":true,"href":"https:\/\/revolutionpadelstore.com\/it\/wp-json\/wp\/v2\/product_brand?post=128977"},{"taxonomy":"product_cat","embeddable":true,"href":"https:\/\/revolutionpadelstore.com\/it\/wp-json\/wp\/v2\/product_cat?post=128977"},{"taxonomy":"product_tag","embeddable":true,"href":"https:\/\/revolutionpadelstore.com\/it\/wp-json\/wp\/v2\/product_tag?post=128977"}],"curies":[{"name":"wp","href":"https:\/\/api.w.org\/{rel}","templated":true}]}}