{"id":128972,"date":"2024-11-21T08:29:41","date_gmt":"2024-11-21T07:29:41","guid":{"rendered":"https:\/\/revolutionpadelstore.com\/paletero-nox-at10-xxl-negro-rojo\/"},"modified":"2026-04-08T10:14:55","modified_gmt":"2026-04-08T08:14:55","slug":"paletero-nox-at10-xxl-negro-rojo-4","status":"publish","type":"product","link":"https:\/\/revolutionpadelstore.com\/it\/prodotto\/paletero-nox-at10-xxl-negro-rojo-4\/","title":{"rendered":"PALETERO NOX AT10 XXL NEGRO ROJO"},"content":{"rendered":"<h2> Paletero Nox AT10 xxl, potente design <\/h2>\n<p>Con il nuovo <strong> AT10 XXL Paletero di Nox <\/strong> ti distinguerai sulla strada grazie al suo potente design e alla grande capacit\u00e0 di archiviazione, che ti permetter\u00e0 di trasportare tutto il necessario per avere successo in campo. Questo modello \u00e8 stato progettato specificamente per il giocatore <strong> Agust\u00edn Tapia <\/strong> in nero con dettagli rossi.<\/p>\n<p>Con misure di <strong> 70x30x45 cm <\/strong> e una capacit\u00e0 <strong> di 90 litri <\/strong>, puoi prendere tutta la tua squadra comodamente e organizzare per ogni gioco o allenamento a pagaio. Ha una maniglia ergonomica <\/strong> principale <\/strong> e una base rigida, quindi garantisce un trasporto sicuro e confortevole. Permette la possibilit\u00e0 di rimuovere le maniglie per una forma di trasporto alternativa.<\/p>\n<h2> dimensioni grandi <\/h2>\n<p>D&#8217;altra parte, questo <strong> NOX Paletero per uomini <\/strong> incorpora un ampio compartimento principale con un&#8217;apertura laterale che facilita l&#8217;accesso rapido e facile all&#8217;interno. Ha la capacit\u00e0 di prendere a <strong> 5 pale lame <\/strong> e altri elementi come abbigliamento o accessori a pagaio.<\/p>\n<p>Inoltre, include un compartimento <strong> termico <\/strong> con la bottiglia d&#8217;acqua della tecnologia Thermotech Nox o una barca a quattro palline. Sul lato troviamo alcune tasche per oggetti personali e un compartimento laterale con sistema di ventilazione e una borsa di abbigliamento sporca<\/p>\n<h2>Paletero Nox AT10 XXL, dise\u00f1o potente<\/h2>\n","protected":false},"excerpt":{"rendered":"<p>Paletero NOX AT10 XXL in nero e rosso per gli uomini, con capacit\u00e0 di 5 lame nel suo compartimento principale e per 3 lame nel suo compartimento termico con thermotch Nox.<\/p>\n","protected":false},"featured_media":124702,"comment_status":"open","ping_status":"closed","template":"","meta":{"_acf_changed":false,"_joinchat":[]},"acabado":[],"balance":[],"dureza":[],"forma":[],"jugador":[],"marca":[1261],"nivel-de-juego":[],"superficie":[],"tipo-de-juego":[],"product_brand":[],"product_cat":[318],"product_tag":[],"class_list":{"0":"post-128972","1":"product","2":"type-product","3":"status-publish","4":"has-post-thumbnail","6":"marca-nox-it","7":"product_cat-borse","9":"first","10":"outofstock","11":"sale","12":"taxable","13":"shipping-taxable","14":"purchasable","15":"product-type-simple"},"acf":[],"yoast_head":"<!-- This site is optimized with the Yoast SEO plugin v27.4 - https:\/\/yoast.com\/product\/yoast-seo-wordpress\/ -->\n<title>PALETERO NOX AT10 XXL NEGRO ROJO - Revolution Padel Store<\/title>\n<meta name=\"description\" content=\"Con el nuevo paletero AT10 XXL de Nox destacar\u00e1s en tu camino a la pista gracias a su dise\u00f1o potente y gran capacidad de almacenaje, que te permitir\u00e1 llevar todo lo necesario para triunfar en el terreno de juego. Este modelo ha sido espec\u00edficamente dise\u00f1ado para el jugador Agust\u00edn Tapia en color negro con detalles en rojo.\" \/>\n<meta name=\"robots\" content=\"index, follow, max-snippet:-1, max-image-preview:large, max-video-preview:-1\" \/>\n<link rel=\"canonical\" href=\"https:\/\/revolutionpadelstore.com\/it\/prodotto\/paletero-nox-at10-xxl-negro-rojo-4\/\" \/>\n<meta property=\"og:locale\" content=\"it_IT\" \/>\n<meta property=\"og:type\" content=\"article\" \/>\n<meta property=\"og:title\" content=\"PALETERO NOX AT10 XXL NEGRO ROJO - Revolution Padel Store\" \/>\n<meta property=\"og:description\" content=\"Con el nuevo paletero AT10 XXL de Nox destacar\u00e1s en tu camino a la pista gracias a su dise\u00f1o potente y gran capacidad de almacenaje, que te permitir\u00e1 llevar todo lo necesario para triunfar en el terreno de juego. Este modelo ha sido espec\u00edficamente dise\u00f1ado para el jugador Agust\u00edn Tapia en color negro con detalles en rojo.\" \/>\n<meta property=\"og:url\" content=\"https:\/\/revolutionpadelstore.com\/it\/prodotto\/paletero-nox-at10-xxl-negro-rojo-4\/\" \/>\n<meta property=\"og:site_name\" content=\"Revolution Padel Store\" \/>\n<meta property=\"article:modified_time\" content=\"2026-04-08T08:14:55+00:00\" \/>\n<meta property=\"og:image\" content=\"https:\/\/revolutionpadelstore.com\/wp-content\/uploads\/2024\/11\/113156_paletero_nox_at10_xxl_bpat10xxl24_1500x1500_1_4665.webp\" \/>\n\t<meta property=\"og:image:width\" content=\"1500\" \/>\n\t<meta property=\"og:image:height\" content=\"1500\" \/>\n\t<meta property=\"og:image:type\" content=\"image\/webp\" \/>\n<meta name=\"twitter:card\" content=\"summary_large_image\" \/>\n<meta name=\"twitter:label1\" content=\"Tempo di lettura stimato\" \/>\n\t<meta name=\"twitter:data1\" content=\"1 minuto\" \/>\n<script type=\"application\/ld+json\" class=\"yoast-schema-graph\">{\"@context\":\"https:\\\/\\\/schema.org\",\"@graph\":[{\"@type\":\"WebPage\",\"@id\":\"https:\\\/\\\/revolutionpadelstore.com\\\/it\\\/prodotto\\\/paletero-nox-at10-xxl-negro-rojo-4\\\/\",\"url\":\"https:\\\/\\\/revolutionpadelstore.com\\\/it\\\/prodotto\\\/paletero-nox-at10-xxl-negro-rojo-4\\\/\",\"name\":\"PALETERO NOX AT10 XXL NEGRO ROJO - Revolution Padel Store\",\"isPartOf\":{\"@id\":\"https:\\\/\\\/revolutionpadelstore.com\\\/it\\\/#website\"},\"primaryImageOfPage\":{\"@id\":\"https:\\\/\\\/revolutionpadelstore.com\\\/it\\\/prodotto\\\/paletero-nox-at10-xxl-negro-rojo-4\\\/#primaryimage\"},\"image\":{\"@id\":\"https:\\\/\\\/revolutionpadelstore.com\\\/it\\\/prodotto\\\/paletero-nox-at10-xxl-negro-rojo-4\\\/#primaryimage\"},\"thumbnailUrl\":\"https:\\\/\\\/revolutionpadelstore.com\\\/wp-content\\\/uploads\\\/2024\\\/11\\\/113156_paletero_nox_at10_xxl_bpat10xxl24_1500x1500_1_4665.webp\",\"datePublished\":\"2024-11-21T07:29:41+00:00\",\"dateModified\":\"2026-04-08T08:14:55+00:00\",\"description\":\"Con el nuevo paletero AT10 XXL de Nox destacar\u00e1s en tu camino a la pista gracias a su dise\u00f1o potente y gran capacidad de almacenaje, que te permitir\u00e1 llevar todo lo necesario para triunfar en el terreno de juego. Este modelo ha sido espec\u00edficamente dise\u00f1ado para el jugador Agust\u00edn Tapia en color negro con detalles en rojo.\",\"breadcrumb\":{\"@id\":\"https:\\\/\\\/revolutionpadelstore.com\\\/it\\\/prodotto\\\/paletero-nox-at10-xxl-negro-rojo-4\\\/#breadcrumb\"},\"inLanguage\":\"it-IT\",\"potentialAction\":[{\"@type\":\"ReadAction\",\"target\":[\"https:\\\/\\\/revolutionpadelstore.com\\\/it\\\/prodotto\\\/paletero-nox-at10-xxl-negro-rojo-4\\\/\"]}]},{\"@type\":\"ImageObject\",\"inLanguage\":\"it-IT\",\"@id\":\"https:\\\/\\\/revolutionpadelstore.com\\\/it\\\/prodotto\\\/paletero-nox-at10-xxl-negro-rojo-4\\\/#primaryimage\",\"url\":\"https:\\\/\\\/revolutionpadelstore.com\\\/wp-content\\\/uploads\\\/2024\\\/11\\\/113156_paletero_nox_at10_xxl_bpat10xxl24_1500x1500_1_4665.webp\",\"contentUrl\":\"https:\\\/\\\/revolutionpadelstore.com\\\/wp-content\\\/uploads\\\/2024\\\/11\\\/113156_paletero_nox_at10_xxl_bpat10xxl24_1500x1500_1_4665.webp\",\"width\":1500,\"height\":1500},{\"@type\":\"BreadcrumbList\",\"@id\":\"https:\\\/\\\/revolutionpadelstore.com\\\/it\\\/prodotto\\\/paletero-nox-at10-xxl-negro-rojo-4\\\/#breadcrumb\",\"itemListElement\":[{\"@type\":\"ListItem\",\"position\":1,\"name\":\"Portada\",\"item\":\"https:\\\/\\\/revolutionpadelstore.com\\\/it\\\/\"},{\"@type\":\"ListItem\",\"position\":2,\"name\":\"Tienda\",\"item\":\"https:\\\/\\\/revolutionpadelstore.com\\\/it\\\/tienda\\\/\"},{\"@type\":\"ListItem\",\"position\":3,\"name\":\"PALETERO NOX AT10 XXL NEGRO ROJO\"}]},{\"@type\":\"WebSite\",\"@id\":\"https:\\\/\\\/revolutionpadelstore.com\\\/it\\\/#website\",\"url\":\"https:\\\/\\\/revolutionpadelstore.com\\\/it\\\/\",\"name\":\"Revolution Padel Store\",\"description\":\"\",\"publisher\":{\"@id\":\"https:\\\/\\\/revolutionpadelstore.com\\\/it\\\/#organization\"},\"potentialAction\":[{\"@type\":\"SearchAction\",\"target\":{\"@type\":\"EntryPoint\",\"urlTemplate\":\"https:\\\/\\\/revolutionpadelstore.com\\\/it\\\/?s={search_term_string}\"},\"query-input\":{\"@type\":\"PropertyValueSpecification\",\"valueRequired\":true,\"valueName\":\"search_term_string\"}}],\"inLanguage\":\"it-IT\"},{\"@type\":\"Organization\",\"@id\":\"https:\\\/\\\/revolutionpadelstore.com\\\/it\\\/#organization\",\"name\":\"Revolution Padel Store\",\"url\":\"https:\\\/\\\/revolutionpadelstore.com\\\/it\\\/\",\"logo\":{\"@type\":\"ImageObject\",\"inLanguage\":\"it-IT\",\"@id\":\"https:\\\/\\\/revolutionpadelstore.com\\\/it\\\/#\\\/schema\\\/logo\\\/image\\\/\",\"url\":\"https:\\\/\\\/revolutionpadelstore.com\\\/wp-content\\\/uploads\\\/2026\\\/02\\\/revolution-padel-store.jpg\",\"contentUrl\":\"https:\\\/\\\/revolutionpadelstore.com\\\/wp-content\\\/uploads\\\/2026\\\/02\\\/revolution-padel-store.jpg\",\"width\":2000,\"height\":2000,\"caption\":\"Revolution Padel Store\"},\"image\":{\"@id\":\"https:\\\/\\\/revolutionpadelstore.com\\\/it\\\/#\\\/schema\\\/logo\\\/image\\\/\"},\"sameAs\":[\"https:\\\/\\\/www.instagram.com\\\/revolutionpadelstore\\\/\"]}]}<\/script>\n<!-- \/ Yoast SEO plugin. -->","yoast_head_json":{"title":"PALETERO NOX AT10 XXL NEGRO ROJO - Revolution Padel Store","description":"Con el nuevo paletero AT10 XXL de Nox destacar\u00e1s en tu camino a la pista gracias a su dise\u00f1o potente y gran capacidad de almacenaje, que te permitir\u00e1 llevar todo lo necesario para triunfar en el terreno de juego. Este modelo ha sido espec\u00edficamente dise\u00f1ado para el jugador Agust\u00edn Tapia en color negro con detalles en rojo.","robots":{"index":"index","follow":"follow","max-snippet":"max-snippet:-1","max-image-preview":"max-image-preview:large","max-video-preview":"max-video-preview:-1"},"canonical":"https:\/\/revolutionpadelstore.com\/it\/prodotto\/paletero-nox-at10-xxl-negro-rojo-4\/","og_locale":"it_IT","og_type":"article","og_title":"PALETERO NOX AT10 XXL NEGRO ROJO - Revolution Padel Store","og_description":"Con el nuevo paletero AT10 XXL de Nox destacar\u00e1s en tu camino a la pista gracias a su dise\u00f1o potente y gran capacidad de almacenaje, que te permitir\u00e1 llevar todo lo necesario para triunfar en el terreno de juego. Este modelo ha sido espec\u00edficamente dise\u00f1ado para el jugador Agust\u00edn Tapia en color negro con detalles en rojo.","og_url":"https:\/\/revolutionpadelstore.com\/it\/prodotto\/paletero-nox-at10-xxl-negro-rojo-4\/","og_site_name":"Revolution Padel Store","article_modified_time":"2026-04-08T08:14:55+00:00","og_image":[{"width":1500,"height":1500,"url":"https:\/\/revolutionpadelstore.com\/wp-content\/uploads\/2024\/11\/113156_paletero_nox_at10_xxl_bpat10xxl24_1500x1500_1_4665.webp","type":"image\/webp"}],"twitter_card":"summary_large_image","twitter_misc":{"Tempo di lettura stimato":"1 minuto"},"schema":{"@context":"https:\/\/schema.org","@graph":[{"@type":"WebPage","@id":"https:\/\/revolutionpadelstore.com\/it\/prodotto\/paletero-nox-at10-xxl-negro-rojo-4\/","url":"https:\/\/revolutionpadelstore.com\/it\/prodotto\/paletero-nox-at10-xxl-negro-rojo-4\/","name":"PALETERO NOX AT10 XXL NEGRO ROJO - Revolution Padel Store","isPartOf":{"@id":"https:\/\/revolutionpadelstore.com\/it\/#website"},"primaryImageOfPage":{"@id":"https:\/\/revolutionpadelstore.com\/it\/prodotto\/paletero-nox-at10-xxl-negro-rojo-4\/#primaryimage"},"image":{"@id":"https:\/\/revolutionpadelstore.com\/it\/prodotto\/paletero-nox-at10-xxl-negro-rojo-4\/#primaryimage"},"thumbnailUrl":"https:\/\/revolutionpadelstore.com\/wp-content\/uploads\/2024\/11\/113156_paletero_nox_at10_xxl_bpat10xxl24_1500x1500_1_4665.webp","datePublished":"2024-11-21T07:29:41+00:00","dateModified":"2026-04-08T08:14:55+00:00","description":"Con el nuevo paletero AT10 XXL de Nox destacar\u00e1s en tu camino a la pista gracias a su dise\u00f1o potente y gran capacidad de almacenaje, que te permitir\u00e1 llevar todo lo necesario para triunfar en el terreno de juego. Este modelo ha sido espec\u00edficamente dise\u00f1ado para el jugador Agust\u00edn Tapia en color negro con detalles en rojo.","breadcrumb":{"@id":"https:\/\/revolutionpadelstore.com\/it\/prodotto\/paletero-nox-at10-xxl-negro-rojo-4\/#breadcrumb"},"inLanguage":"it-IT","potentialAction":[{"@type":"ReadAction","target":["https:\/\/revolutionpadelstore.com\/it\/prodotto\/paletero-nox-at10-xxl-negro-rojo-4\/"]}]},{"@type":"ImageObject","inLanguage":"it-IT","@id":"https:\/\/revolutionpadelstore.com\/it\/prodotto\/paletero-nox-at10-xxl-negro-rojo-4\/#primaryimage","url":"https:\/\/revolutionpadelstore.com\/wp-content\/uploads\/2024\/11\/113156_paletero_nox_at10_xxl_bpat10xxl24_1500x1500_1_4665.webp","contentUrl":"https:\/\/revolutionpadelstore.com\/wp-content\/uploads\/2024\/11\/113156_paletero_nox_at10_xxl_bpat10xxl24_1500x1500_1_4665.webp","width":1500,"height":1500},{"@type":"BreadcrumbList","@id":"https:\/\/revolutionpadelstore.com\/it\/prodotto\/paletero-nox-at10-xxl-negro-rojo-4\/#breadcrumb","itemListElement":[{"@type":"ListItem","position":1,"name":"Portada","item":"https:\/\/revolutionpadelstore.com\/it\/"},{"@type":"ListItem","position":2,"name":"Tienda","item":"https:\/\/revolutionpadelstore.com\/it\/tienda\/"},{"@type":"ListItem","position":3,"name":"PALETERO NOX AT10 XXL NEGRO ROJO"}]},{"@type":"WebSite","@id":"https:\/\/revolutionpadelstore.com\/it\/#website","url":"https:\/\/revolutionpadelstore.com\/it\/","name":"Revolution Padel Store","description":"","publisher":{"@id":"https:\/\/revolutionpadelstore.com\/it\/#organization"},"potentialAction":[{"@type":"SearchAction","target":{"@type":"EntryPoint","urlTemplate":"https:\/\/revolutionpadelstore.com\/it\/?s={search_term_string}"},"query-input":{"@type":"PropertyValueSpecification","valueRequired":true,"valueName":"search_term_string"}}],"inLanguage":"it-IT"},{"@type":"Organization","@id":"https:\/\/revolutionpadelstore.com\/it\/#organization","name":"Revolution Padel Store","url":"https:\/\/revolutionpadelstore.com\/it\/","logo":{"@type":"ImageObject","inLanguage":"it-IT","@id":"https:\/\/revolutionpadelstore.com\/it\/#\/schema\/logo\/image\/","url":"https:\/\/revolutionpadelstore.com\/wp-content\/uploads\/2026\/02\/revolution-padel-store.jpg","contentUrl":"https:\/\/revolutionpadelstore.com\/wp-content\/uploads\/2026\/02\/revolution-padel-store.jpg","width":2000,"height":2000,"caption":"Revolution Padel Store"},"image":{"@id":"https:\/\/revolutionpadelstore.com\/it\/#\/schema\/logo\/image\/"},"sameAs":["https:\/\/www.instagram.com\/revolutionpadelstore\/"]}]}},"_links":{"self":[{"href":"https:\/\/revolutionpadelstore.com\/it\/wp-json\/wp\/v2\/product\/128972","targetHints":{"allow":["GET"]}}],"collection":[{"href":"https:\/\/revolutionpadelstore.com\/it\/wp-json\/wp\/v2\/product"}],"about":[{"href":"https:\/\/revolutionpadelstore.com\/it\/wp-json\/wp\/v2\/types\/product"}],"replies":[{"embeddable":true,"href":"https:\/\/revolutionpadelstore.com\/it\/wp-json\/wp\/v2\/comments?post=128972"}],"wp:featuredmedia":[{"embeddable":true,"href":"https:\/\/revolutionpadelstore.com\/it\/wp-json\/wp\/v2\/media\/124702"}],"wp:attachment":[{"href":"https:\/\/revolutionpadelstore.com\/it\/wp-json\/wp\/v2\/media?parent=128972"}],"wp:term":[{"taxonomy":"acabado","embeddable":true,"href":"https:\/\/revolutionpadelstore.com\/it\/wp-json\/wp\/v2\/acabado?post=128972"},{"taxonomy":"balance","embeddable":true,"href":"https:\/\/revolutionpadelstore.com\/it\/wp-json\/wp\/v2\/balance?post=128972"},{"taxonomy":"dureza","embeddable":true,"href":"https:\/\/revolutionpadelstore.com\/it\/wp-json\/wp\/v2\/dureza?post=128972"},{"taxonomy":"forma","embeddable":true,"href":"https:\/\/revolutionpadelstore.com\/it\/wp-json\/wp\/v2\/forma?post=128972"},{"taxonomy":"jugador","embeddable":true,"href":"https:\/\/revolutionpadelstore.com\/it\/wp-json\/wp\/v2\/jugador?post=128972"},{"taxonomy":"marca","embeddable":true,"href":"https:\/\/revolutionpadelstore.com\/it\/wp-json\/wp\/v2\/marca?post=128972"},{"taxonomy":"nivel-de-juego","embeddable":true,"href":"https:\/\/revolutionpadelstore.com\/it\/wp-json\/wp\/v2\/nivel-de-juego?post=128972"},{"taxonomy":"superficie","embeddable":true,"href":"https:\/\/revolutionpadelstore.com\/it\/wp-json\/wp\/v2\/superficie?post=128972"},{"taxonomy":"tipo-de-juego","embeddable":true,"href":"https:\/\/revolutionpadelstore.com\/it\/wp-json\/wp\/v2\/tipo-de-juego?post=128972"},{"taxonomy":"product_brand","embeddable":true,"href":"https:\/\/revolutionpadelstore.com\/it\/wp-json\/wp\/v2\/product_brand?post=128972"},{"taxonomy":"product_cat","embeddable":true,"href":"https:\/\/revolutionpadelstore.com\/it\/wp-json\/wp\/v2\/product_cat?post=128972"},{"taxonomy":"product_tag","embeddable":true,"href":"https:\/\/revolutionpadelstore.com\/it\/wp-json\/wp\/v2\/product_tag?post=128972"}],"curies":[{"name":"wp","href":"https:\/\/api.w.org\/{rel}","templated":true}]}}