{"id":128450,"date":"2024-11-25T01:30:23","date_gmt":"2024-11-25T00:30:23","guid":{"rendered":"https:\/\/revolutionpadelstore.com\/mochila-bullpadel-bpm25007-vertex-beige-2\/"},"modified":"2026-04-08T10:08:36","modified_gmt":"2026-04-08T08:08:36","slug":"mochila-bullpadel-bpm25007-vertex-beige-4","status":"publish","type":"product","link":"https:\/\/revolutionpadelstore.com\/it\/prodotto\/mochila-bullpadel-bpm25007-vertex-beige-4\/","title":{"rendered":"MOCHILA BULLPADEL BPM25007 VERTEX BEIGE"},"content":{"rendered":"<p><Div class=\"INFO del prodotto dettagliato\"><br \/>\n<Div class=\"Articoli di dati del prodotto Mage-tabs-disabilita\" Role=\"tablabist\"><\/p>\n<div id=\"Product.info.esscription.tab\" class=\"Contenuto dell'elemento dati\" Role=\"Tabanel\" aria-labelledby=\"tab-label-product.info.description.tab\" data-work=\"contenuto\">\n<Div class=\"Descrizione attributo del prodotto\"><\/p>\n<div class=\"value\">\n<h2> BullPadel Backpack Vertex BPM25007 Beige <\/h2>\n<p>Lo zaino <strong> bullpadel vertex beige <\/strong> \u00e8 progettato per accompagnarti in ciascuna festa o addestramento e offrirti un comfort totale e uno stile moderno. Questo modello include un ampio scompartimento principale in cui \u00e8 possibile salvare l&#8217;attrezzatura da paddle e altri accessori essenziali. Inoltre, il suo compartimento <\/strong> <\/strong> rinforzato <\/strong> rinforzato <\/strong> protegge fino a due pale da temperature estreme, garantendo prestazioni ottimali.<\/p>\n<p>Per coloro che cercano organizzazione, questo <strong> zaino bullpadel <\/strong> offre uno spazio ventilato per vestiti e calzature, mantenendo l&#8217;intera attrezzatura pulita, ordinata e libera da cattivi odori. Inoltre, ha una tasca imbottita progettata per trasportare portatili, compresse o altri elementi elettronici, quindi \u00e8 l&#8217;ideale per coloro che cercano prestazioni ideali sia nei giorni in giorno che per lo sport.<\/p>\n<h3> trasporto ergonomico e confortevole <\/h3>\n<p>La parte posteriore con design ergonomico comprende pezzi di schiuma che forniscono la massima ventilazione e un eccezionale comfort durante il trasporto. La tua cinghia <strong> regolabile <\/strong> nel torace garantisce che lo zaino rimanga stabile durante il movimento, fornendo un adattamento <\/strong> fermo <\/strong>.<\/p>\n<p>Incorpora anche una tasca sul lato progettato per indossare una barca a sfera o una bottiglia d&#8217;acqua, in modo da avere sempre l&#8217;essenziale. Con il suo design tecnico e pratico, il <strong> bullpadel <\/strong> <\/strong> Bulls una combinazione tra prestazioni e organizzazione ai suoi giorni per giorno.<\/p>\n<\/div>\n<\/div>\n<\/div>\n<\/div>\n<\/div>\n<div class=\"cn_content cn_content_type_inline ID-3Cafe87B-C408-4A41-A07B-5CE73610C176\">&gt;&gt;&gt;&gt;&gt;&gt;&gt;&gt;&gt;&gt;&gt;&gt;&gt;&gt;&gt;&gt;&gt;&gt;&gt;&gt;&gt;&gt;&gt;&gt;&gt;&gt;&gt;&gt;&gt;&gt;&gt;&gt;&gt;&gt;&gt;&gt;&gt;&gt;&gt;&gt;&gt;<\/p>\n<div class=\"cn_section ID-3E602945-AD00-4FE4-8997-4A35B19FCE1D\">\n<div class=\"cn_block ID-ACB030BE-85B3-48ec-be0b-1858af56e3e3\">&gt;<br \/>\n<Div class=\"CN_CELL ID-D207F408-5E76-4C36-937D-1FAA7859DB7E\"><\/p>\n<div class=\"cn_element cn_html id-eaaf6066-cfe3-49a1-860a-053de7fadb29\">\n<\/div>\n<\/div>\n<\/div>\n<\/div>\n","protected":false},"excerpt":{"rendered":"<p>Con lo zaino Beige Bullpadel BPM 25007 puoi trasportare tutto ci\u00f2 di cui hai bisogno con te grazie al suo ottimo spazio e capacit\u00e0 di trasporto semplice e confortevole.<\/p>\n","protected":false},"featured_media":124752,"comment_status":"open","ping_status":"closed","template":"","meta":{"_acf_changed":false,"_joinchat":[]},"acabado":[],"balance":[],"dureza":[],"forma":[],"jugador":[],"marca":[1256],"nivel-de-juego":[],"superficie":[],"tipo-de-juego":[],"product_brand":[],"product_cat":[318],"product_tag":[],"class_list":{"0":"post-128450","1":"product","2":"type-product","3":"status-publish","4":"has-post-thumbnail","6":"marca-bullpadel-it","7":"product_cat-borse","9":"first","10":"outofstock","11":"sale","12":"taxable","13":"shipping-taxable","14":"purchasable","15":"product-type-simple"},"acf":[],"yoast_head":"<!-- This site is optimized with the Yoast SEO plugin v27.4 - https:\/\/yoast.com\/product\/yoast-seo-wordpress\/ -->\n<title>MOCHILA BULLPADEL BPM25007 VERTEX BEIGE - Revolution Padel Store<\/title>\n<meta name=\"description\" content=\"La mochila Bullpadel Vertex Beige est\u00e1 pensada para acompa\u00f1arte en cada partido o entrenamiento y brindarte total comodidad y estilo moderno. Este modelo incluye un amplio compartimento principal donde puedes guardar tu equipo de p\u00e1del y otros accesorios esenciales. Adem\u00e1s, su compartimento thermo reforzado protege hasta dos palas de las temperaturas extremas, garantizando un \u00f3ptimo rendimiento.\" \/>\n<meta name=\"robots\" content=\"index, follow, max-snippet:-1, max-image-preview:large, max-video-preview:-1\" \/>\n<link rel=\"canonical\" href=\"https:\/\/revolutionpadelstore.com\/it\/prodotto\/mochila-bullpadel-bpm25007-vertex-beige-4\/\" \/>\n<meta property=\"og:locale\" content=\"it_IT\" \/>\n<meta property=\"og:type\" content=\"article\" \/>\n<meta property=\"og:title\" content=\"MOCHILA BULLPADEL BPM25007 VERTEX BEIGE - Revolution Padel Store\" \/>\n<meta property=\"og:description\" content=\"La mochila Bullpadel Vertex Beige est\u00e1 pensada para acompa\u00f1arte en cada partido o entrenamiento y brindarte total comodidad y estilo moderno. Este modelo incluye un amplio compartimento principal donde puedes guardar tu equipo de p\u00e1del y otros accesorios esenciales. Adem\u00e1s, su compartimento thermo reforzado protege hasta dos palas de las temperaturas extremas, garantizando un \u00f3ptimo rendimiento.\" \/>\n<meta property=\"og:url\" content=\"https:\/\/revolutionpadelstore.com\/it\/prodotto\/mochila-bullpadel-bpm25007-vertex-beige-4\/\" \/>\n<meta property=\"og:site_name\" content=\"Revolution Padel Store\" \/>\n<meta property=\"article:modified_time\" content=\"2026-04-08T08:08:36+00:00\" \/>\n<meta property=\"og:image\" content=\"https:\/\/revolutionpadelstore.com\/wp-content\/uploads\/2024\/11\/113788-mochila-bullpadel-bpm25007-vertex-448166-1500x1500-1.webp\" \/>\n\t<meta property=\"og:image:width\" content=\"1500\" \/>\n\t<meta property=\"og:image:height\" content=\"1500\" \/>\n\t<meta property=\"og:image:type\" content=\"image\/webp\" \/>\n<meta name=\"twitter:card\" content=\"summary_large_image\" \/>\n<meta name=\"twitter:label1\" content=\"Tempo di lettura stimato\" \/>\n\t<meta name=\"twitter:data1\" content=\"2 minuti\" \/>\n<script type=\"application\/ld+json\" class=\"yoast-schema-graph\">{\"@context\":\"https:\\\/\\\/schema.org\",\"@graph\":[{\"@type\":\"WebPage\",\"@id\":\"https:\\\/\\\/revolutionpadelstore.com\\\/it\\\/prodotto\\\/mochila-bullpadel-bpm25007-vertex-beige-4\\\/\",\"url\":\"https:\\\/\\\/revolutionpadelstore.com\\\/it\\\/prodotto\\\/mochila-bullpadel-bpm25007-vertex-beige-4\\\/\",\"name\":\"MOCHILA BULLPADEL BPM25007 VERTEX BEIGE - Revolution Padel Store\",\"isPartOf\":{\"@id\":\"https:\\\/\\\/revolutionpadelstore.com\\\/it\\\/#website\"},\"primaryImageOfPage\":{\"@id\":\"https:\\\/\\\/revolutionpadelstore.com\\\/it\\\/prodotto\\\/mochila-bullpadel-bpm25007-vertex-beige-4\\\/#primaryimage\"},\"image\":{\"@id\":\"https:\\\/\\\/revolutionpadelstore.com\\\/it\\\/prodotto\\\/mochila-bullpadel-bpm25007-vertex-beige-4\\\/#primaryimage\"},\"thumbnailUrl\":\"https:\\\/\\\/revolutionpadelstore.com\\\/wp-content\\\/uploads\\\/2024\\\/11\\\/113788-mochila-bullpadel-bpm25007-vertex-448166-1500x1500-1.webp\",\"datePublished\":\"2024-11-25T00:30:23+00:00\",\"dateModified\":\"2026-04-08T08:08:36+00:00\",\"description\":\"La mochila Bullpadel Vertex Beige est\u00e1 pensada para acompa\u00f1arte en cada partido o entrenamiento y brindarte total comodidad y estilo moderno. Este modelo incluye un amplio compartimento principal donde puedes guardar tu equipo de p\u00e1del y otros accesorios esenciales. Adem\u00e1s, su compartimento thermo reforzado protege hasta dos palas de las temperaturas extremas, garantizando un \u00f3ptimo rendimiento.\",\"breadcrumb\":{\"@id\":\"https:\\\/\\\/revolutionpadelstore.com\\\/it\\\/prodotto\\\/mochila-bullpadel-bpm25007-vertex-beige-4\\\/#breadcrumb\"},\"inLanguage\":\"it-IT\",\"potentialAction\":[{\"@type\":\"ReadAction\",\"target\":[\"https:\\\/\\\/revolutionpadelstore.com\\\/it\\\/prodotto\\\/mochila-bullpadel-bpm25007-vertex-beige-4\\\/\"]}]},{\"@type\":\"ImageObject\",\"inLanguage\":\"it-IT\",\"@id\":\"https:\\\/\\\/revolutionpadelstore.com\\\/it\\\/prodotto\\\/mochila-bullpadel-bpm25007-vertex-beige-4\\\/#primaryimage\",\"url\":\"https:\\\/\\\/revolutionpadelstore.com\\\/wp-content\\\/uploads\\\/2024\\\/11\\\/113788-mochila-bullpadel-bpm25007-vertex-448166-1500x1500-1.webp\",\"contentUrl\":\"https:\\\/\\\/revolutionpadelstore.com\\\/wp-content\\\/uploads\\\/2024\\\/11\\\/113788-mochila-bullpadel-bpm25007-vertex-448166-1500x1500-1.webp\",\"width\":1500,\"height\":1500},{\"@type\":\"BreadcrumbList\",\"@id\":\"https:\\\/\\\/revolutionpadelstore.com\\\/it\\\/prodotto\\\/mochila-bullpadel-bpm25007-vertex-beige-4\\\/#breadcrumb\",\"itemListElement\":[{\"@type\":\"ListItem\",\"position\":1,\"name\":\"Portada\",\"item\":\"https:\\\/\\\/revolutionpadelstore.com\\\/it\\\/\"},{\"@type\":\"ListItem\",\"position\":2,\"name\":\"Tienda\",\"item\":\"https:\\\/\\\/revolutionpadelstore.com\\\/it\\\/tienda\\\/\"},{\"@type\":\"ListItem\",\"position\":3,\"name\":\"MOCHILA BULLPADEL BPM25007 VERTEX BEIGE\"}]},{\"@type\":\"WebSite\",\"@id\":\"https:\\\/\\\/revolutionpadelstore.com\\\/it\\\/#website\",\"url\":\"https:\\\/\\\/revolutionpadelstore.com\\\/it\\\/\",\"name\":\"Revolution Padel Store\",\"description\":\"\",\"publisher\":{\"@id\":\"https:\\\/\\\/revolutionpadelstore.com\\\/it\\\/#organization\"},\"potentialAction\":[{\"@type\":\"SearchAction\",\"target\":{\"@type\":\"EntryPoint\",\"urlTemplate\":\"https:\\\/\\\/revolutionpadelstore.com\\\/it\\\/?s={search_term_string}\"},\"query-input\":{\"@type\":\"PropertyValueSpecification\",\"valueRequired\":true,\"valueName\":\"search_term_string\"}}],\"inLanguage\":\"it-IT\"},{\"@type\":\"Organization\",\"@id\":\"https:\\\/\\\/revolutionpadelstore.com\\\/it\\\/#organization\",\"name\":\"Revolution Padel Store\",\"url\":\"https:\\\/\\\/revolutionpadelstore.com\\\/it\\\/\",\"logo\":{\"@type\":\"ImageObject\",\"inLanguage\":\"it-IT\",\"@id\":\"https:\\\/\\\/revolutionpadelstore.com\\\/it\\\/#\\\/schema\\\/logo\\\/image\\\/\",\"url\":\"https:\\\/\\\/revolutionpadelstore.com\\\/wp-content\\\/uploads\\\/2026\\\/02\\\/revolution-padel-store.jpg\",\"contentUrl\":\"https:\\\/\\\/revolutionpadelstore.com\\\/wp-content\\\/uploads\\\/2026\\\/02\\\/revolution-padel-store.jpg\",\"width\":2000,\"height\":2000,\"caption\":\"Revolution Padel Store\"},\"image\":{\"@id\":\"https:\\\/\\\/revolutionpadelstore.com\\\/it\\\/#\\\/schema\\\/logo\\\/image\\\/\"},\"sameAs\":[\"https:\\\/\\\/www.instagram.com\\\/revolutionpadelstore\\\/\"]}]}<\/script>\n<!-- \/ Yoast SEO plugin. -->","yoast_head_json":{"title":"MOCHILA BULLPADEL BPM25007 VERTEX BEIGE - Revolution Padel Store","description":"La mochila Bullpadel Vertex Beige est\u00e1 pensada para acompa\u00f1arte en cada partido o entrenamiento y brindarte total comodidad y estilo moderno. Este modelo incluye un amplio compartimento principal donde puedes guardar tu equipo de p\u00e1del y otros accesorios esenciales. Adem\u00e1s, su compartimento thermo reforzado protege hasta dos palas de las temperaturas extremas, garantizando un \u00f3ptimo rendimiento.","robots":{"index":"index","follow":"follow","max-snippet":"max-snippet:-1","max-image-preview":"max-image-preview:large","max-video-preview":"max-video-preview:-1"},"canonical":"https:\/\/revolutionpadelstore.com\/it\/prodotto\/mochila-bullpadel-bpm25007-vertex-beige-4\/","og_locale":"it_IT","og_type":"article","og_title":"MOCHILA BULLPADEL BPM25007 VERTEX BEIGE - Revolution Padel Store","og_description":"La mochila Bullpadel Vertex Beige est\u00e1 pensada para acompa\u00f1arte en cada partido o entrenamiento y brindarte total comodidad y estilo moderno. Este modelo incluye un amplio compartimento principal donde puedes guardar tu equipo de p\u00e1del y otros accesorios esenciales. Adem\u00e1s, su compartimento thermo reforzado protege hasta dos palas de las temperaturas extremas, garantizando un \u00f3ptimo rendimiento.","og_url":"https:\/\/revolutionpadelstore.com\/it\/prodotto\/mochila-bullpadel-bpm25007-vertex-beige-4\/","og_site_name":"Revolution Padel Store","article_modified_time":"2026-04-08T08:08:36+00:00","og_image":[{"width":1500,"height":1500,"url":"https:\/\/revolutionpadelstore.com\/wp-content\/uploads\/2024\/11\/113788-mochila-bullpadel-bpm25007-vertex-448166-1500x1500-1.webp","type":"image\/webp"}],"twitter_card":"summary_large_image","twitter_misc":{"Tempo di lettura stimato":"2 minuti"},"schema":{"@context":"https:\/\/schema.org","@graph":[{"@type":"WebPage","@id":"https:\/\/revolutionpadelstore.com\/it\/prodotto\/mochila-bullpadel-bpm25007-vertex-beige-4\/","url":"https:\/\/revolutionpadelstore.com\/it\/prodotto\/mochila-bullpadel-bpm25007-vertex-beige-4\/","name":"MOCHILA BULLPADEL BPM25007 VERTEX BEIGE - Revolution Padel Store","isPartOf":{"@id":"https:\/\/revolutionpadelstore.com\/it\/#website"},"primaryImageOfPage":{"@id":"https:\/\/revolutionpadelstore.com\/it\/prodotto\/mochila-bullpadel-bpm25007-vertex-beige-4\/#primaryimage"},"image":{"@id":"https:\/\/revolutionpadelstore.com\/it\/prodotto\/mochila-bullpadel-bpm25007-vertex-beige-4\/#primaryimage"},"thumbnailUrl":"https:\/\/revolutionpadelstore.com\/wp-content\/uploads\/2024\/11\/113788-mochila-bullpadel-bpm25007-vertex-448166-1500x1500-1.webp","datePublished":"2024-11-25T00:30:23+00:00","dateModified":"2026-04-08T08:08:36+00:00","description":"La mochila Bullpadel Vertex Beige est\u00e1 pensada para acompa\u00f1arte en cada partido o entrenamiento y brindarte total comodidad y estilo moderno. Este modelo incluye un amplio compartimento principal donde puedes guardar tu equipo de p\u00e1del y otros accesorios esenciales. Adem\u00e1s, su compartimento thermo reforzado protege hasta dos palas de las temperaturas extremas, garantizando un \u00f3ptimo rendimiento.","breadcrumb":{"@id":"https:\/\/revolutionpadelstore.com\/it\/prodotto\/mochila-bullpadel-bpm25007-vertex-beige-4\/#breadcrumb"},"inLanguage":"it-IT","potentialAction":[{"@type":"ReadAction","target":["https:\/\/revolutionpadelstore.com\/it\/prodotto\/mochila-bullpadel-bpm25007-vertex-beige-4\/"]}]},{"@type":"ImageObject","inLanguage":"it-IT","@id":"https:\/\/revolutionpadelstore.com\/it\/prodotto\/mochila-bullpadel-bpm25007-vertex-beige-4\/#primaryimage","url":"https:\/\/revolutionpadelstore.com\/wp-content\/uploads\/2024\/11\/113788-mochila-bullpadel-bpm25007-vertex-448166-1500x1500-1.webp","contentUrl":"https:\/\/revolutionpadelstore.com\/wp-content\/uploads\/2024\/11\/113788-mochila-bullpadel-bpm25007-vertex-448166-1500x1500-1.webp","width":1500,"height":1500},{"@type":"BreadcrumbList","@id":"https:\/\/revolutionpadelstore.com\/it\/prodotto\/mochila-bullpadel-bpm25007-vertex-beige-4\/#breadcrumb","itemListElement":[{"@type":"ListItem","position":1,"name":"Portada","item":"https:\/\/revolutionpadelstore.com\/it\/"},{"@type":"ListItem","position":2,"name":"Tienda","item":"https:\/\/revolutionpadelstore.com\/it\/tienda\/"},{"@type":"ListItem","position":3,"name":"MOCHILA BULLPADEL BPM25007 VERTEX BEIGE"}]},{"@type":"WebSite","@id":"https:\/\/revolutionpadelstore.com\/it\/#website","url":"https:\/\/revolutionpadelstore.com\/it\/","name":"Revolution Padel Store","description":"","publisher":{"@id":"https:\/\/revolutionpadelstore.com\/it\/#organization"},"potentialAction":[{"@type":"SearchAction","target":{"@type":"EntryPoint","urlTemplate":"https:\/\/revolutionpadelstore.com\/it\/?s={search_term_string}"},"query-input":{"@type":"PropertyValueSpecification","valueRequired":true,"valueName":"search_term_string"}}],"inLanguage":"it-IT"},{"@type":"Organization","@id":"https:\/\/revolutionpadelstore.com\/it\/#organization","name":"Revolution Padel Store","url":"https:\/\/revolutionpadelstore.com\/it\/","logo":{"@type":"ImageObject","inLanguage":"it-IT","@id":"https:\/\/revolutionpadelstore.com\/it\/#\/schema\/logo\/image\/","url":"https:\/\/revolutionpadelstore.com\/wp-content\/uploads\/2026\/02\/revolution-padel-store.jpg","contentUrl":"https:\/\/revolutionpadelstore.com\/wp-content\/uploads\/2026\/02\/revolution-padel-store.jpg","width":2000,"height":2000,"caption":"Revolution Padel Store"},"image":{"@id":"https:\/\/revolutionpadelstore.com\/it\/#\/schema\/logo\/image\/"},"sameAs":["https:\/\/www.instagram.com\/revolutionpadelstore\/"]}]}},"_links":{"self":[{"href":"https:\/\/revolutionpadelstore.com\/it\/wp-json\/wp\/v2\/product\/128450","targetHints":{"allow":["GET"]}}],"collection":[{"href":"https:\/\/revolutionpadelstore.com\/it\/wp-json\/wp\/v2\/product"}],"about":[{"href":"https:\/\/revolutionpadelstore.com\/it\/wp-json\/wp\/v2\/types\/product"}],"replies":[{"embeddable":true,"href":"https:\/\/revolutionpadelstore.com\/it\/wp-json\/wp\/v2\/comments?post=128450"}],"wp:featuredmedia":[{"embeddable":true,"href":"https:\/\/revolutionpadelstore.com\/it\/wp-json\/wp\/v2\/media\/124752"}],"wp:attachment":[{"href":"https:\/\/revolutionpadelstore.com\/it\/wp-json\/wp\/v2\/media?parent=128450"}],"wp:term":[{"taxonomy":"acabado","embeddable":true,"href":"https:\/\/revolutionpadelstore.com\/it\/wp-json\/wp\/v2\/acabado?post=128450"},{"taxonomy":"balance","embeddable":true,"href":"https:\/\/revolutionpadelstore.com\/it\/wp-json\/wp\/v2\/balance?post=128450"},{"taxonomy":"dureza","embeddable":true,"href":"https:\/\/revolutionpadelstore.com\/it\/wp-json\/wp\/v2\/dureza?post=128450"},{"taxonomy":"forma","embeddable":true,"href":"https:\/\/revolutionpadelstore.com\/it\/wp-json\/wp\/v2\/forma?post=128450"},{"taxonomy":"jugador","embeddable":true,"href":"https:\/\/revolutionpadelstore.com\/it\/wp-json\/wp\/v2\/jugador?post=128450"},{"taxonomy":"marca","embeddable":true,"href":"https:\/\/revolutionpadelstore.com\/it\/wp-json\/wp\/v2\/marca?post=128450"},{"taxonomy":"nivel-de-juego","embeddable":true,"href":"https:\/\/revolutionpadelstore.com\/it\/wp-json\/wp\/v2\/nivel-de-juego?post=128450"},{"taxonomy":"superficie","embeddable":true,"href":"https:\/\/revolutionpadelstore.com\/it\/wp-json\/wp\/v2\/superficie?post=128450"},{"taxonomy":"tipo-de-juego","embeddable":true,"href":"https:\/\/revolutionpadelstore.com\/it\/wp-json\/wp\/v2\/tipo-de-juego?post=128450"},{"taxonomy":"product_brand","embeddable":true,"href":"https:\/\/revolutionpadelstore.com\/it\/wp-json\/wp\/v2\/product_brand?post=128450"},{"taxonomy":"product_cat","embeddable":true,"href":"https:\/\/revolutionpadelstore.com\/it\/wp-json\/wp\/v2\/product_cat?post=128450"},{"taxonomy":"product_tag","embeddable":true,"href":"https:\/\/revolutionpadelstore.com\/it\/wp-json\/wp\/v2\/product_tag?post=128450"}],"curies":[{"name":"wp","href":"https:\/\/api.w.org\/{rel}","templated":true}]}}