{"id":127412,"date":"2024-11-21T10:10:26","date_gmt":"2024-11-21T09:10:26","guid":{"rendered":"https:\/\/revolutionpadelstore.com\/paletero-bullpadel-bpp25021-pearl-blanco-mujer\/"},"modified":"2026-04-01T06:56:06","modified_gmt":"2026-04-01T04:56:06","slug":"paletero-bullpadel-bpp25021-pearl-blanco-mujer-4","status":"publish","type":"product","link":"https:\/\/revolutionpadelstore.com\/it\/prodotto\/paletero-bullpadel-bpp25021-pearl-blanco-mujer-4\/","title":{"rendered":"PALETERO BULLPADEL BPP25021 PEARL BLANCO MUJER"},"content":{"rendered":"<h2> Paletero Bullpadel BPP25021 White White Women <\/h2>\n<p>Il bullpadel Pearl Paletero in White \u00e8 stato creato in collaborazione con il giocatore Bea Gonz\u00e1lez, che combina di alta qualit\u00e0, funzionalit\u00e0 e durata. Questo modello \u00e8 leggero ma spazioso, offre una soluzione pratica per trasportare tutto il necessario per la formazione e la formazione della paletta.<\/p>\n<p>Realizzato in tessuto in poliestere 1680d, si distingue per la sua resistenza e longevit\u00e0. Le sue dimensioni di 60x30x40 cm lo rendono un accessorio compatto e con una capacit\u00e0 sufficiente per organizzare e proteggere le tue attrezzature. Il suo ampio compartimento principale \u00e8 progettato per conservare abiti, asciugamani e altri accessori in modo ordinato. Inoltre, ha due compartimenti con la tecnologia Thermmo, in grado di ospitare fino a quattro lame, garantendo la massima protezione rispetto alle variazioni di temperatura.<\/p>\n<p>Progettato per un trasporto confortevole ed efficiente, include uno scompartimento ventilato e separato per conservare scarpe sporche o vestiti, mantenendo il resto delle attrezzature pulito e privo di cattivi odori. Ha anche una tasca laterale pratica per un rapido accesso a elementi essenziali come una bottiglia d&#8217;acqua o una barca a sfera. Con la ditta di Bea Gonz\u00e1lez, il Bullpadel Pearl Paletero per le donne non solo ti offre una grande funzionalit\u00e0, ma anche un tocco di distinzione sia dentro che fuori dalla pista.<\/p>\n<h2>Paletero Bullpadel BPP25021 Pearl Blanco Mujer<\/h2>\n","protected":false},"excerpt":{"rendered":"<p>Paletero Bullpadel BPP25021 Pearl White Woman, perfetta per mantenere l&#8217;intera squadra sportiva in modo organizzato, pulito e sicuro. Capacit\u00e0 di 4 pale nei suoi due compartimenti Thermo. Spazio ventilato per calzature.<\/p>\n","protected":false},"featured_media":124789,"comment_status":"open","ping_status":"closed","template":"","meta":{"_acf_changed":false,"_joinchat":[]},"acabado":[],"balance":[],"dureza":[],"forma":[],"jugador":[],"marca":[1256],"nivel-de-juego":[],"superficie":[],"tipo-de-juego":[],"product_brand":[],"product_cat":[318],"product_tag":[],"class_list":{"0":"post-127412","1":"product","2":"type-product","3":"status-publish","4":"has-post-thumbnail","6":"marca-bullpadel-it","7":"product_cat-borse","9":"first","10":"outofstock","11":"sale","12":"taxable","13":"shipping-taxable","14":"purchasable","15":"product-type-simple"},"acf":[],"yoast_head":"<!-- This site is optimized with the Yoast SEO plugin v27.3 - https:\/\/yoast.com\/product\/yoast-seo-wordpress\/ -->\n<title>PALETERO BULLPADEL BPP25021 PEARL BLANCO MUJER - Revolution Padel Store<\/title>\n<meta name=\"description\" content=\"El paletero Bullpadel Pearl en color blanco ha sido dise\u00f1ado en colaboraci\u00f3n con la jugadora Bea Gonz\u00e1lez, por lo que es un modelo de gran calidad, funcionalidad y durabilidad que combina ligereza y capacidad, ofreciendo una soluci\u00f3n pr\u00e1ctica para transportar todo lo necesario para triunfar en tus partidos o entrenamientos de p\u00e1del\" \/>\n<meta name=\"robots\" content=\"index, follow, max-snippet:-1, max-image-preview:large, max-video-preview:-1\" \/>\n<link rel=\"canonical\" href=\"https:\/\/revolutionpadelstore.com\/it\/prodotto\/paletero-bullpadel-bpp25021-pearl-blanco-mujer-4\/\" \/>\n<meta property=\"og:locale\" content=\"it_IT\" \/>\n<meta property=\"og:type\" content=\"article\" \/>\n<meta property=\"og:title\" content=\"PALETERO BULLPADEL BPP25021 PEARL BLANCO MUJER - Revolution Padel Store\" \/>\n<meta property=\"og:description\" content=\"El paletero Bullpadel Pearl en color blanco ha sido dise\u00f1ado en colaboraci\u00f3n con la jugadora Bea Gonz\u00e1lez, por lo que es un modelo de gran calidad, funcionalidad y durabilidad que combina ligereza y capacidad, ofreciendo una soluci\u00f3n pr\u00e1ctica para transportar todo lo necesario para triunfar en tus partidos o entrenamientos de p\u00e1del\" \/>\n<meta property=\"og:url\" content=\"https:\/\/revolutionpadelstore.com\/it\/prodotto\/paletero-bullpadel-bpp25021-pearl-blanco-mujer-4\/\" \/>\n<meta property=\"og:site_name\" content=\"Revolution Padel Store\" \/>\n<meta property=\"article:modified_time\" content=\"2026-04-01T04:56:06+00:00\" \/>\n<meta property=\"og:image\" content=\"https:\/\/revolutionpadelstore.com\/wp-content\/uploads\/2024\/11\/113821-paletero-bullpadel-bpp25021-pearl-474976-mujer-1500x1500-1.webp\" \/>\n\t<meta property=\"og:image:width\" content=\"1500\" \/>\n\t<meta property=\"og:image:height\" content=\"1500\" \/>\n\t<meta property=\"og:image:type\" content=\"image\/webp\" \/>\n<meta name=\"twitter:card\" content=\"summary_large_image\" \/>\n<meta name=\"twitter:label1\" content=\"Tempo di lettura stimato\" \/>\n\t<meta name=\"twitter:data1\" content=\"1 minuto\" \/>\n<script type=\"application\/ld+json\" class=\"yoast-schema-graph\">{\"@context\":\"https:\\\/\\\/schema.org\",\"@graph\":[{\"@type\":\"WebPage\",\"@id\":\"https:\\\/\\\/revolutionpadelstore.com\\\/it\\\/prodotto\\\/paletero-bullpadel-bpp25021-pearl-blanco-mujer-4\\\/\",\"url\":\"https:\\\/\\\/revolutionpadelstore.com\\\/it\\\/prodotto\\\/paletero-bullpadel-bpp25021-pearl-blanco-mujer-4\\\/\",\"name\":\"PALETERO BULLPADEL BPP25021 PEARL BLANCO MUJER - Revolution Padel Store\",\"isPartOf\":{\"@id\":\"https:\\\/\\\/revolutionpadelstore.com\\\/it\\\/#website\"},\"primaryImageOfPage\":{\"@id\":\"https:\\\/\\\/revolutionpadelstore.com\\\/it\\\/prodotto\\\/paletero-bullpadel-bpp25021-pearl-blanco-mujer-4\\\/#primaryimage\"},\"image\":{\"@id\":\"https:\\\/\\\/revolutionpadelstore.com\\\/it\\\/prodotto\\\/paletero-bullpadel-bpp25021-pearl-blanco-mujer-4\\\/#primaryimage\"},\"thumbnailUrl\":\"https:\\\/\\\/revolutionpadelstore.com\\\/wp-content\\\/uploads\\\/2024\\\/11\\\/113821-paletero-bullpadel-bpp25021-pearl-474976-mujer-1500x1500-1.webp\",\"datePublished\":\"2024-11-21T09:10:26+00:00\",\"dateModified\":\"2026-04-01T04:56:06+00:00\",\"description\":\"El paletero Bullpadel Pearl en color blanco ha sido dise\u00f1ado en colaboraci\u00f3n con la jugadora Bea Gonz\u00e1lez, por lo que es un modelo de gran calidad, funcionalidad y durabilidad que combina ligereza y capacidad, ofreciendo una soluci\u00f3n pr\u00e1ctica para transportar todo lo necesario para triunfar en tus partidos o entrenamientos de p\u00e1del\",\"breadcrumb\":{\"@id\":\"https:\\\/\\\/revolutionpadelstore.com\\\/it\\\/prodotto\\\/paletero-bullpadel-bpp25021-pearl-blanco-mujer-4\\\/#breadcrumb\"},\"inLanguage\":\"it-IT\",\"potentialAction\":[{\"@type\":\"ReadAction\",\"target\":[\"https:\\\/\\\/revolutionpadelstore.com\\\/it\\\/prodotto\\\/paletero-bullpadel-bpp25021-pearl-blanco-mujer-4\\\/\"]}]},{\"@type\":\"ImageObject\",\"inLanguage\":\"it-IT\",\"@id\":\"https:\\\/\\\/revolutionpadelstore.com\\\/it\\\/prodotto\\\/paletero-bullpadel-bpp25021-pearl-blanco-mujer-4\\\/#primaryimage\",\"url\":\"https:\\\/\\\/revolutionpadelstore.com\\\/wp-content\\\/uploads\\\/2024\\\/11\\\/113821-paletero-bullpadel-bpp25021-pearl-474976-mujer-1500x1500-1.webp\",\"contentUrl\":\"https:\\\/\\\/revolutionpadelstore.com\\\/wp-content\\\/uploads\\\/2024\\\/11\\\/113821-paletero-bullpadel-bpp25021-pearl-474976-mujer-1500x1500-1.webp\",\"width\":1500,\"height\":1500},{\"@type\":\"BreadcrumbList\",\"@id\":\"https:\\\/\\\/revolutionpadelstore.com\\\/it\\\/prodotto\\\/paletero-bullpadel-bpp25021-pearl-blanco-mujer-4\\\/#breadcrumb\",\"itemListElement\":[{\"@type\":\"ListItem\",\"position\":1,\"name\":\"Portada\",\"item\":\"https:\\\/\\\/revolutionpadelstore.com\\\/it\\\/\"},{\"@type\":\"ListItem\",\"position\":2,\"name\":\"Tienda\",\"item\":\"https:\\\/\\\/revolutionpadelstore.com\\\/it\\\/tienda\\\/\"},{\"@type\":\"ListItem\",\"position\":3,\"name\":\"PALETERO BULLPADEL BPP25021 PEARL BLANCO MUJER\"}]},{\"@type\":\"WebSite\",\"@id\":\"https:\\\/\\\/revolutionpadelstore.com\\\/it\\\/#website\",\"url\":\"https:\\\/\\\/revolutionpadelstore.com\\\/it\\\/\",\"name\":\"Revolution Padel Store\",\"description\":\"\",\"publisher\":{\"@id\":\"https:\\\/\\\/revolutionpadelstore.com\\\/it\\\/#organization\"},\"potentialAction\":[{\"@type\":\"SearchAction\",\"target\":{\"@type\":\"EntryPoint\",\"urlTemplate\":\"https:\\\/\\\/revolutionpadelstore.com\\\/it\\\/?s={search_term_string}\"},\"query-input\":{\"@type\":\"PropertyValueSpecification\",\"valueRequired\":true,\"valueName\":\"search_term_string\"}}],\"inLanguage\":\"it-IT\"},{\"@type\":\"Organization\",\"@id\":\"https:\\\/\\\/revolutionpadelstore.com\\\/it\\\/#organization\",\"name\":\"Revolution Padel Store\",\"url\":\"https:\\\/\\\/revolutionpadelstore.com\\\/it\\\/\",\"logo\":{\"@type\":\"ImageObject\",\"inLanguage\":\"it-IT\",\"@id\":\"https:\\\/\\\/revolutionpadelstore.com\\\/it\\\/#\\\/schema\\\/logo\\\/image\\\/\",\"url\":\"https:\\\/\\\/revolutionpadelstore.com\\\/wp-content\\\/uploads\\\/2026\\\/02\\\/revolution-padel-store.jpg\",\"contentUrl\":\"https:\\\/\\\/revolutionpadelstore.com\\\/wp-content\\\/uploads\\\/2026\\\/02\\\/revolution-padel-store.jpg\",\"width\":2000,\"height\":2000,\"caption\":\"Revolution Padel Store\"},\"image\":{\"@id\":\"https:\\\/\\\/revolutionpadelstore.com\\\/it\\\/#\\\/schema\\\/logo\\\/image\\\/\"},\"sameAs\":[\"https:\\\/\\\/www.instagram.com\\\/revolutionpadelstore\\\/\"]}]}<\/script>\n<!-- \/ Yoast SEO plugin. -->","yoast_head_json":{"title":"PALETERO BULLPADEL BPP25021 PEARL BLANCO MUJER - Revolution Padel Store","description":"El paletero Bullpadel Pearl en color blanco ha sido dise\u00f1ado en colaboraci\u00f3n con la jugadora Bea Gonz\u00e1lez, por lo que es un modelo de gran calidad, funcionalidad y durabilidad que combina ligereza y capacidad, ofreciendo una soluci\u00f3n pr\u00e1ctica para transportar todo lo necesario para triunfar en tus partidos o entrenamientos de p\u00e1del","robots":{"index":"index","follow":"follow","max-snippet":"max-snippet:-1","max-image-preview":"max-image-preview:large","max-video-preview":"max-video-preview:-1"},"canonical":"https:\/\/revolutionpadelstore.com\/it\/prodotto\/paletero-bullpadel-bpp25021-pearl-blanco-mujer-4\/","og_locale":"it_IT","og_type":"article","og_title":"PALETERO BULLPADEL BPP25021 PEARL BLANCO MUJER - Revolution Padel Store","og_description":"El paletero Bullpadel Pearl en color blanco ha sido dise\u00f1ado en colaboraci\u00f3n con la jugadora Bea Gonz\u00e1lez, por lo que es un modelo de gran calidad, funcionalidad y durabilidad que combina ligereza y capacidad, ofreciendo una soluci\u00f3n pr\u00e1ctica para transportar todo lo necesario para triunfar en tus partidos o entrenamientos de p\u00e1del","og_url":"https:\/\/revolutionpadelstore.com\/it\/prodotto\/paletero-bullpadel-bpp25021-pearl-blanco-mujer-4\/","og_site_name":"Revolution Padel Store","article_modified_time":"2026-04-01T04:56:06+00:00","og_image":[{"width":1500,"height":1500,"url":"https:\/\/revolutionpadelstore.com\/wp-content\/uploads\/2024\/11\/113821-paletero-bullpadel-bpp25021-pearl-474976-mujer-1500x1500-1.webp","type":"image\/webp"}],"twitter_card":"summary_large_image","twitter_misc":{"Tempo di lettura stimato":"1 minuto"},"schema":{"@context":"https:\/\/schema.org","@graph":[{"@type":"WebPage","@id":"https:\/\/revolutionpadelstore.com\/it\/prodotto\/paletero-bullpadel-bpp25021-pearl-blanco-mujer-4\/","url":"https:\/\/revolutionpadelstore.com\/it\/prodotto\/paletero-bullpadel-bpp25021-pearl-blanco-mujer-4\/","name":"PALETERO BULLPADEL BPP25021 PEARL BLANCO MUJER - Revolution Padel Store","isPartOf":{"@id":"https:\/\/revolutionpadelstore.com\/it\/#website"},"primaryImageOfPage":{"@id":"https:\/\/revolutionpadelstore.com\/it\/prodotto\/paletero-bullpadel-bpp25021-pearl-blanco-mujer-4\/#primaryimage"},"image":{"@id":"https:\/\/revolutionpadelstore.com\/it\/prodotto\/paletero-bullpadel-bpp25021-pearl-blanco-mujer-4\/#primaryimage"},"thumbnailUrl":"https:\/\/revolutionpadelstore.com\/wp-content\/uploads\/2024\/11\/113821-paletero-bullpadel-bpp25021-pearl-474976-mujer-1500x1500-1.webp","datePublished":"2024-11-21T09:10:26+00:00","dateModified":"2026-04-01T04:56:06+00:00","description":"El paletero Bullpadel Pearl en color blanco ha sido dise\u00f1ado en colaboraci\u00f3n con la jugadora Bea Gonz\u00e1lez, por lo que es un modelo de gran calidad, funcionalidad y durabilidad que combina ligereza y capacidad, ofreciendo una soluci\u00f3n pr\u00e1ctica para transportar todo lo necesario para triunfar en tus partidos o entrenamientos de p\u00e1del","breadcrumb":{"@id":"https:\/\/revolutionpadelstore.com\/it\/prodotto\/paletero-bullpadel-bpp25021-pearl-blanco-mujer-4\/#breadcrumb"},"inLanguage":"it-IT","potentialAction":[{"@type":"ReadAction","target":["https:\/\/revolutionpadelstore.com\/it\/prodotto\/paletero-bullpadel-bpp25021-pearl-blanco-mujer-4\/"]}]},{"@type":"ImageObject","inLanguage":"it-IT","@id":"https:\/\/revolutionpadelstore.com\/it\/prodotto\/paletero-bullpadel-bpp25021-pearl-blanco-mujer-4\/#primaryimage","url":"https:\/\/revolutionpadelstore.com\/wp-content\/uploads\/2024\/11\/113821-paletero-bullpadel-bpp25021-pearl-474976-mujer-1500x1500-1.webp","contentUrl":"https:\/\/revolutionpadelstore.com\/wp-content\/uploads\/2024\/11\/113821-paletero-bullpadel-bpp25021-pearl-474976-mujer-1500x1500-1.webp","width":1500,"height":1500},{"@type":"BreadcrumbList","@id":"https:\/\/revolutionpadelstore.com\/it\/prodotto\/paletero-bullpadel-bpp25021-pearl-blanco-mujer-4\/#breadcrumb","itemListElement":[{"@type":"ListItem","position":1,"name":"Portada","item":"https:\/\/revolutionpadelstore.com\/it\/"},{"@type":"ListItem","position":2,"name":"Tienda","item":"https:\/\/revolutionpadelstore.com\/it\/tienda\/"},{"@type":"ListItem","position":3,"name":"PALETERO BULLPADEL BPP25021 PEARL BLANCO MUJER"}]},{"@type":"WebSite","@id":"https:\/\/revolutionpadelstore.com\/it\/#website","url":"https:\/\/revolutionpadelstore.com\/it\/","name":"Revolution Padel Store","description":"","publisher":{"@id":"https:\/\/revolutionpadelstore.com\/it\/#organization"},"potentialAction":[{"@type":"SearchAction","target":{"@type":"EntryPoint","urlTemplate":"https:\/\/revolutionpadelstore.com\/it\/?s={search_term_string}"},"query-input":{"@type":"PropertyValueSpecification","valueRequired":true,"valueName":"search_term_string"}}],"inLanguage":"it-IT"},{"@type":"Organization","@id":"https:\/\/revolutionpadelstore.com\/it\/#organization","name":"Revolution Padel Store","url":"https:\/\/revolutionpadelstore.com\/it\/","logo":{"@type":"ImageObject","inLanguage":"it-IT","@id":"https:\/\/revolutionpadelstore.com\/it\/#\/schema\/logo\/image\/","url":"https:\/\/revolutionpadelstore.com\/wp-content\/uploads\/2026\/02\/revolution-padel-store.jpg","contentUrl":"https:\/\/revolutionpadelstore.com\/wp-content\/uploads\/2026\/02\/revolution-padel-store.jpg","width":2000,"height":2000,"caption":"Revolution Padel Store"},"image":{"@id":"https:\/\/revolutionpadelstore.com\/it\/#\/schema\/logo\/image\/"},"sameAs":["https:\/\/www.instagram.com\/revolutionpadelstore\/"]}]}},"_links":{"self":[{"href":"https:\/\/revolutionpadelstore.com\/it\/wp-json\/wp\/v2\/product\/127412","targetHints":{"allow":["GET"]}}],"collection":[{"href":"https:\/\/revolutionpadelstore.com\/it\/wp-json\/wp\/v2\/product"}],"about":[{"href":"https:\/\/revolutionpadelstore.com\/it\/wp-json\/wp\/v2\/types\/product"}],"replies":[{"embeddable":true,"href":"https:\/\/revolutionpadelstore.com\/it\/wp-json\/wp\/v2\/comments?post=127412"}],"wp:featuredmedia":[{"embeddable":true,"href":"https:\/\/revolutionpadelstore.com\/it\/wp-json\/wp\/v2\/media\/124789"}],"wp:attachment":[{"href":"https:\/\/revolutionpadelstore.com\/it\/wp-json\/wp\/v2\/media?parent=127412"}],"wp:term":[{"taxonomy":"acabado","embeddable":true,"href":"https:\/\/revolutionpadelstore.com\/it\/wp-json\/wp\/v2\/acabado?post=127412"},{"taxonomy":"balance","embeddable":true,"href":"https:\/\/revolutionpadelstore.com\/it\/wp-json\/wp\/v2\/balance?post=127412"},{"taxonomy":"dureza","embeddable":true,"href":"https:\/\/revolutionpadelstore.com\/it\/wp-json\/wp\/v2\/dureza?post=127412"},{"taxonomy":"forma","embeddable":true,"href":"https:\/\/revolutionpadelstore.com\/it\/wp-json\/wp\/v2\/forma?post=127412"},{"taxonomy":"jugador","embeddable":true,"href":"https:\/\/revolutionpadelstore.com\/it\/wp-json\/wp\/v2\/jugador?post=127412"},{"taxonomy":"marca","embeddable":true,"href":"https:\/\/revolutionpadelstore.com\/it\/wp-json\/wp\/v2\/marca?post=127412"},{"taxonomy":"nivel-de-juego","embeddable":true,"href":"https:\/\/revolutionpadelstore.com\/it\/wp-json\/wp\/v2\/nivel-de-juego?post=127412"},{"taxonomy":"superficie","embeddable":true,"href":"https:\/\/revolutionpadelstore.com\/it\/wp-json\/wp\/v2\/superficie?post=127412"},{"taxonomy":"tipo-de-juego","embeddable":true,"href":"https:\/\/revolutionpadelstore.com\/it\/wp-json\/wp\/v2\/tipo-de-juego?post=127412"},{"taxonomy":"product_brand","embeddable":true,"href":"https:\/\/revolutionpadelstore.com\/it\/wp-json\/wp\/v2\/product_brand?post=127412"},{"taxonomy":"product_cat","embeddable":true,"href":"https:\/\/revolutionpadelstore.com\/it\/wp-json\/wp\/v2\/product_cat?post=127412"},{"taxonomy":"product_tag","embeddable":true,"href":"https:\/\/revolutionpadelstore.com\/it\/wp-json\/wp\/v2\/product_tag?post=127412"}],"curies":[{"name":"wp","href":"https:\/\/api.w.org\/{rel}","templated":true}]}}