{"id":127331,"date":"2024-11-19T23:57:07","date_gmt":"2024-11-19T22:57:07","guid":{"rendered":"https:\/\/revolutionpadelstore.com\/paletero-bullpadel-bpp25020-neuron\/"},"modified":"2026-04-08T10:17:50","modified_gmt":"2026-04-08T08:17:50","slug":"paletero-bullpadel-bpp25020-neuron-4","status":"publish","type":"product","link":"https:\/\/revolutionpadelstore.com\/it\/prodotto\/paletero-bullpadel-bpp25020-neuron-4\/","title":{"rendered":"PALETERO BULLPADEL BPP25020 NEURON"},"content":{"rendered":"<h2> Paletero Bullpadel Neuron BPP25020 Black <\/h2>\n<p>Il Bullpadel Paletero Neuron BPP25020 in colore nero, creato in collaborazione con il Chingotto del giocatore Fede, \u00e8 l&#8217;accessorio perfetto per accompagnare la pala del neurone di bullpadel. Questo modello per uomini si distingue per la sua leggerezza, funzionalit\u00e0 e design esclusivo con la firma del giocatore, progettato per soddisfare le esigenze degli atleti pi\u00f9 impegnati per le loro attrezzature.<\/p>\n<p>Per quanto riguarda la sua capacit\u00e0, ha un ampio compartimento principale che consente di organizzare in modo efficiente abbigliamento, asciugamani o accessori. Inoltre, ha due compartimenti con la tecnologia THERMOS, ideali per conservare fino a quattro lame di paletta, proteggendole da improvvise variazioni di temperatura. Include anche uno spazio ventilato e separato per calzature o vestiti sporchi, garantendo un&#8217;organizzazione corretta ed evitando cattivi odori o umidit\u00e0 che colpiscono il resto delle cose.<\/p>\n<h3> Protezione e facilit\u00e0 di trasporto <\/h3>\n<p>All&#8217;esterno, il Paletero ha una tasca laterale pratica con soffietto, che offre uno spazio aggiuntivo per conservare oggetti ad accesso rapido come bottiglie, asciugamani o palline. Realizzato con materiali di alta qualit\u00e0, questo paletero di bullpadel \u00e8 resistente, resistente e leggero, il che lo rende un&#8217;opzione confortevole per le tue partite o l&#8217;allenamento.<\/p>\n<p>Ideale per coloro che cercano un accessorio che combini prestazioni, ordini e stile, il Bullpadel Neuron Paletero \u00e8 la scelta perfetta per distinguersi in pista con il supporto di un design professionale approvato da Fede Chingotto.<\/p>\n<h2>Paletero Bullpadel Neuron BPP25020 Negro<\/h2>\n","protected":false},"excerpt":{"rendered":"<p>Il Bullpadel Neuron Paletero in Black ti offre una combinazione ottimale di capacit\u00e0, durata e facilit\u00e0 di trasporto grazie al suo compartimento Thermo e allo spazio ventilato per le calzature. Creato in collaborazione con Chingotto.<\/p>\n","protected":false},"featured_media":115948,"comment_status":"open","ping_status":"closed","template":"","meta":{"_acf_changed":false,"_joinchat":[]},"acabado":[],"balance":[],"dureza":[],"forma":[],"jugador":[],"marca":[1256],"nivel-de-juego":[],"superficie":[],"tipo-de-juego":[],"product_brand":[],"product_cat":[318],"product_tag":[],"class_list":{"0":"post-127331","1":"product","2":"type-product","3":"status-publish","4":"has-post-thumbnail","6":"marca-bullpadel-it","7":"product_cat-borse","9":"first","10":"instock","11":"sale","12":"taxable","13":"shipping-taxable","14":"purchasable","15":"product-type-simple"},"acf":[],"yoast_head":"<!-- This site is optimized with the Yoast SEO plugin v27.4 - https:\/\/yoast.com\/product\/yoast-seo-wordpress\/ -->\n<title>PALETERO BULLPADEL BPP25020 NEURON - Revolution Padel Store<\/title>\n<meta name=\"description\" content=\"El paletero Neuron de Bullpadel en color negro, dise\u00f1ado en colaboraci\u00f3n con el jugador Fede Chingotto, es el complemento ideal para la pala Bullpadel Neuron. Este paletero para hombre combina ligereza, practicidad y un dise\u00f1o exclusivo con la firma del jugador, pensado para satisfacer las necesidades de los jugadores de p\u00e1del m\u00e1s exigentes con su equipamiento deportivo.\" \/>\n<meta name=\"robots\" content=\"index, follow, max-snippet:-1, max-image-preview:large, max-video-preview:-1\" \/>\n<link rel=\"canonical\" href=\"https:\/\/revolutionpadelstore.com\/it\/prodotto\/paletero-bullpadel-bpp25020-neuron-4\/\" \/>\n<meta property=\"og:locale\" content=\"it_IT\" \/>\n<meta property=\"og:type\" content=\"article\" \/>\n<meta property=\"og:title\" content=\"PALETERO BULLPADEL BPP25020 NEURON - Revolution Padel Store\" \/>\n<meta property=\"og:description\" content=\"El paletero Neuron de Bullpadel en color negro, dise\u00f1ado en colaboraci\u00f3n con el jugador Fede Chingotto, es el complemento ideal para la pala Bullpadel Neuron. Este paletero para hombre combina ligereza, practicidad y un dise\u00f1o exclusivo con la firma del jugador, pensado para satisfacer las necesidades de los jugadores de p\u00e1del m\u00e1s exigentes con su equipamiento deportivo.\" \/>\n<meta property=\"og:url\" content=\"https:\/\/revolutionpadelstore.com\/it\/prodotto\/paletero-bullpadel-bpp25020-neuron-4\/\" \/>\n<meta property=\"og:site_name\" content=\"Revolution Padel Store\" \/>\n<meta property=\"article:modified_time\" content=\"2026-04-08T08:17:50+00:00\" \/>\n<meta property=\"og:image\" content=\"https:\/\/revolutionpadelstore.com\/wp-content\/uploads\/2024\/11\/113820-paletero-bullpadel-bpp25020-neuron-448148-1500x1500-1.webp\" \/>\n\t<meta property=\"og:image:width\" content=\"1500\" \/>\n\t<meta property=\"og:image:height\" content=\"1500\" \/>\n\t<meta property=\"og:image:type\" content=\"image\/webp\" \/>\n<meta name=\"twitter:card\" content=\"summary_large_image\" \/>\n<meta name=\"twitter:label1\" content=\"Tempo di lettura stimato\" \/>\n\t<meta name=\"twitter:data1\" content=\"1 minuto\" \/>\n<script type=\"application\/ld+json\" class=\"yoast-schema-graph\">{\"@context\":\"https:\\\/\\\/schema.org\",\"@graph\":[{\"@type\":\"WebPage\",\"@id\":\"https:\\\/\\\/revolutionpadelstore.com\\\/it\\\/prodotto\\\/paletero-bullpadel-bpp25020-neuron-4\\\/\",\"url\":\"https:\\\/\\\/revolutionpadelstore.com\\\/it\\\/prodotto\\\/paletero-bullpadel-bpp25020-neuron-4\\\/\",\"name\":\"PALETERO BULLPADEL BPP25020 NEURON - Revolution Padel Store\",\"isPartOf\":{\"@id\":\"https:\\\/\\\/revolutionpadelstore.com\\\/it\\\/#website\"},\"primaryImageOfPage\":{\"@id\":\"https:\\\/\\\/revolutionpadelstore.com\\\/it\\\/prodotto\\\/paletero-bullpadel-bpp25020-neuron-4\\\/#primaryimage\"},\"image\":{\"@id\":\"https:\\\/\\\/revolutionpadelstore.com\\\/it\\\/prodotto\\\/paletero-bullpadel-bpp25020-neuron-4\\\/#primaryimage\"},\"thumbnailUrl\":\"https:\\\/\\\/revolutionpadelstore.com\\\/wp-content\\\/uploads\\\/2024\\\/11\\\/113820-paletero-bullpadel-bpp25020-neuron-448148-1500x1500-1.webp\",\"datePublished\":\"2024-11-19T22:57:07+00:00\",\"dateModified\":\"2026-04-08T08:17:50+00:00\",\"description\":\"El paletero Neuron de Bullpadel en color negro, dise\u00f1ado en colaboraci\u00f3n con el jugador Fede Chingotto, es el complemento ideal para la pala Bullpadel Neuron. Este paletero para hombre combina ligereza, practicidad y un dise\u00f1o exclusivo con la firma del jugador, pensado para satisfacer las necesidades de los jugadores de p\u00e1del m\u00e1s exigentes con su equipamiento deportivo.\",\"breadcrumb\":{\"@id\":\"https:\\\/\\\/revolutionpadelstore.com\\\/it\\\/prodotto\\\/paletero-bullpadel-bpp25020-neuron-4\\\/#breadcrumb\"},\"inLanguage\":\"it-IT\",\"potentialAction\":[{\"@type\":\"ReadAction\",\"target\":[\"https:\\\/\\\/revolutionpadelstore.com\\\/it\\\/prodotto\\\/paletero-bullpadel-bpp25020-neuron-4\\\/\"]}]},{\"@type\":\"ImageObject\",\"inLanguage\":\"it-IT\",\"@id\":\"https:\\\/\\\/revolutionpadelstore.com\\\/it\\\/prodotto\\\/paletero-bullpadel-bpp25020-neuron-4\\\/#primaryimage\",\"url\":\"https:\\\/\\\/revolutionpadelstore.com\\\/wp-content\\\/uploads\\\/2024\\\/11\\\/113820-paletero-bullpadel-bpp25020-neuron-448148-1500x1500-1.webp\",\"contentUrl\":\"https:\\\/\\\/revolutionpadelstore.com\\\/wp-content\\\/uploads\\\/2024\\\/11\\\/113820-paletero-bullpadel-bpp25020-neuron-448148-1500x1500-1.webp\",\"width\":1500,\"height\":1500},{\"@type\":\"BreadcrumbList\",\"@id\":\"https:\\\/\\\/revolutionpadelstore.com\\\/it\\\/prodotto\\\/paletero-bullpadel-bpp25020-neuron-4\\\/#breadcrumb\",\"itemListElement\":[{\"@type\":\"ListItem\",\"position\":1,\"name\":\"Portada\",\"item\":\"https:\\\/\\\/revolutionpadelstore.com\\\/it\\\/\"},{\"@type\":\"ListItem\",\"position\":2,\"name\":\"Tienda\",\"item\":\"https:\\\/\\\/revolutionpadelstore.com\\\/it\\\/tienda\\\/\"},{\"@type\":\"ListItem\",\"position\":3,\"name\":\"PALETERO BULLPADEL BPP25020 NEURON\"}]},{\"@type\":\"WebSite\",\"@id\":\"https:\\\/\\\/revolutionpadelstore.com\\\/it\\\/#website\",\"url\":\"https:\\\/\\\/revolutionpadelstore.com\\\/it\\\/\",\"name\":\"Revolution Padel Store\",\"description\":\"\",\"publisher\":{\"@id\":\"https:\\\/\\\/revolutionpadelstore.com\\\/it\\\/#organization\"},\"potentialAction\":[{\"@type\":\"SearchAction\",\"target\":{\"@type\":\"EntryPoint\",\"urlTemplate\":\"https:\\\/\\\/revolutionpadelstore.com\\\/it\\\/?s={search_term_string}\"},\"query-input\":{\"@type\":\"PropertyValueSpecification\",\"valueRequired\":true,\"valueName\":\"search_term_string\"}}],\"inLanguage\":\"it-IT\"},{\"@type\":\"Organization\",\"@id\":\"https:\\\/\\\/revolutionpadelstore.com\\\/it\\\/#organization\",\"name\":\"Revolution Padel Store\",\"url\":\"https:\\\/\\\/revolutionpadelstore.com\\\/it\\\/\",\"logo\":{\"@type\":\"ImageObject\",\"inLanguage\":\"it-IT\",\"@id\":\"https:\\\/\\\/revolutionpadelstore.com\\\/it\\\/#\\\/schema\\\/logo\\\/image\\\/\",\"url\":\"https:\\\/\\\/revolutionpadelstore.com\\\/wp-content\\\/uploads\\\/2026\\\/02\\\/revolution-padel-store.jpg\",\"contentUrl\":\"https:\\\/\\\/revolutionpadelstore.com\\\/wp-content\\\/uploads\\\/2026\\\/02\\\/revolution-padel-store.jpg\",\"width\":2000,\"height\":2000,\"caption\":\"Revolution Padel Store\"},\"image\":{\"@id\":\"https:\\\/\\\/revolutionpadelstore.com\\\/it\\\/#\\\/schema\\\/logo\\\/image\\\/\"},\"sameAs\":[\"https:\\\/\\\/www.instagram.com\\\/revolutionpadelstore\\\/\"]}]}<\/script>\n<!-- \/ Yoast SEO plugin. -->","yoast_head_json":{"title":"PALETERO BULLPADEL BPP25020 NEURON - Revolution Padel Store","description":"El paletero Neuron de Bullpadel en color negro, dise\u00f1ado en colaboraci\u00f3n con el jugador Fede Chingotto, es el complemento ideal para la pala Bullpadel Neuron. Este paletero para hombre combina ligereza, practicidad y un dise\u00f1o exclusivo con la firma del jugador, pensado para satisfacer las necesidades de los jugadores de p\u00e1del m\u00e1s exigentes con su equipamiento deportivo.","robots":{"index":"index","follow":"follow","max-snippet":"max-snippet:-1","max-image-preview":"max-image-preview:large","max-video-preview":"max-video-preview:-1"},"canonical":"https:\/\/revolutionpadelstore.com\/it\/prodotto\/paletero-bullpadel-bpp25020-neuron-4\/","og_locale":"it_IT","og_type":"article","og_title":"PALETERO BULLPADEL BPP25020 NEURON - Revolution Padel Store","og_description":"El paletero Neuron de Bullpadel en color negro, dise\u00f1ado en colaboraci\u00f3n con el jugador Fede Chingotto, es el complemento ideal para la pala Bullpadel Neuron. Este paletero para hombre combina ligereza, practicidad y un dise\u00f1o exclusivo con la firma del jugador, pensado para satisfacer las necesidades de los jugadores de p\u00e1del m\u00e1s exigentes con su equipamiento deportivo.","og_url":"https:\/\/revolutionpadelstore.com\/it\/prodotto\/paletero-bullpadel-bpp25020-neuron-4\/","og_site_name":"Revolution Padel Store","article_modified_time":"2026-04-08T08:17:50+00:00","og_image":[{"width":1500,"height":1500,"url":"https:\/\/revolutionpadelstore.com\/wp-content\/uploads\/2024\/11\/113820-paletero-bullpadel-bpp25020-neuron-448148-1500x1500-1.webp","type":"image\/webp"}],"twitter_card":"summary_large_image","twitter_misc":{"Tempo di lettura stimato":"1 minuto"},"schema":{"@context":"https:\/\/schema.org","@graph":[{"@type":"WebPage","@id":"https:\/\/revolutionpadelstore.com\/it\/prodotto\/paletero-bullpadel-bpp25020-neuron-4\/","url":"https:\/\/revolutionpadelstore.com\/it\/prodotto\/paletero-bullpadel-bpp25020-neuron-4\/","name":"PALETERO BULLPADEL BPP25020 NEURON - Revolution Padel Store","isPartOf":{"@id":"https:\/\/revolutionpadelstore.com\/it\/#website"},"primaryImageOfPage":{"@id":"https:\/\/revolutionpadelstore.com\/it\/prodotto\/paletero-bullpadel-bpp25020-neuron-4\/#primaryimage"},"image":{"@id":"https:\/\/revolutionpadelstore.com\/it\/prodotto\/paletero-bullpadel-bpp25020-neuron-4\/#primaryimage"},"thumbnailUrl":"https:\/\/revolutionpadelstore.com\/wp-content\/uploads\/2024\/11\/113820-paletero-bullpadel-bpp25020-neuron-448148-1500x1500-1.webp","datePublished":"2024-11-19T22:57:07+00:00","dateModified":"2026-04-08T08:17:50+00:00","description":"El paletero Neuron de Bullpadel en color negro, dise\u00f1ado en colaboraci\u00f3n con el jugador Fede Chingotto, es el complemento ideal para la pala Bullpadel Neuron. Este paletero para hombre combina ligereza, practicidad y un dise\u00f1o exclusivo con la firma del jugador, pensado para satisfacer las necesidades de los jugadores de p\u00e1del m\u00e1s exigentes con su equipamiento deportivo.","breadcrumb":{"@id":"https:\/\/revolutionpadelstore.com\/it\/prodotto\/paletero-bullpadel-bpp25020-neuron-4\/#breadcrumb"},"inLanguage":"it-IT","potentialAction":[{"@type":"ReadAction","target":["https:\/\/revolutionpadelstore.com\/it\/prodotto\/paletero-bullpadel-bpp25020-neuron-4\/"]}]},{"@type":"ImageObject","inLanguage":"it-IT","@id":"https:\/\/revolutionpadelstore.com\/it\/prodotto\/paletero-bullpadel-bpp25020-neuron-4\/#primaryimage","url":"https:\/\/revolutionpadelstore.com\/wp-content\/uploads\/2024\/11\/113820-paletero-bullpadel-bpp25020-neuron-448148-1500x1500-1.webp","contentUrl":"https:\/\/revolutionpadelstore.com\/wp-content\/uploads\/2024\/11\/113820-paletero-bullpadel-bpp25020-neuron-448148-1500x1500-1.webp","width":1500,"height":1500},{"@type":"BreadcrumbList","@id":"https:\/\/revolutionpadelstore.com\/it\/prodotto\/paletero-bullpadel-bpp25020-neuron-4\/#breadcrumb","itemListElement":[{"@type":"ListItem","position":1,"name":"Portada","item":"https:\/\/revolutionpadelstore.com\/it\/"},{"@type":"ListItem","position":2,"name":"Tienda","item":"https:\/\/revolutionpadelstore.com\/it\/tienda\/"},{"@type":"ListItem","position":3,"name":"PALETERO BULLPADEL BPP25020 NEURON"}]},{"@type":"WebSite","@id":"https:\/\/revolutionpadelstore.com\/it\/#website","url":"https:\/\/revolutionpadelstore.com\/it\/","name":"Revolution Padel Store","description":"","publisher":{"@id":"https:\/\/revolutionpadelstore.com\/it\/#organization"},"potentialAction":[{"@type":"SearchAction","target":{"@type":"EntryPoint","urlTemplate":"https:\/\/revolutionpadelstore.com\/it\/?s={search_term_string}"},"query-input":{"@type":"PropertyValueSpecification","valueRequired":true,"valueName":"search_term_string"}}],"inLanguage":"it-IT"},{"@type":"Organization","@id":"https:\/\/revolutionpadelstore.com\/it\/#organization","name":"Revolution Padel Store","url":"https:\/\/revolutionpadelstore.com\/it\/","logo":{"@type":"ImageObject","inLanguage":"it-IT","@id":"https:\/\/revolutionpadelstore.com\/it\/#\/schema\/logo\/image\/","url":"https:\/\/revolutionpadelstore.com\/wp-content\/uploads\/2026\/02\/revolution-padel-store.jpg","contentUrl":"https:\/\/revolutionpadelstore.com\/wp-content\/uploads\/2026\/02\/revolution-padel-store.jpg","width":2000,"height":2000,"caption":"Revolution Padel Store"},"image":{"@id":"https:\/\/revolutionpadelstore.com\/it\/#\/schema\/logo\/image\/"},"sameAs":["https:\/\/www.instagram.com\/revolutionpadelstore\/"]}]}},"_links":{"self":[{"href":"https:\/\/revolutionpadelstore.com\/it\/wp-json\/wp\/v2\/product\/127331","targetHints":{"allow":["GET"]}}],"collection":[{"href":"https:\/\/revolutionpadelstore.com\/it\/wp-json\/wp\/v2\/product"}],"about":[{"href":"https:\/\/revolutionpadelstore.com\/it\/wp-json\/wp\/v2\/types\/product"}],"replies":[{"embeddable":true,"href":"https:\/\/revolutionpadelstore.com\/it\/wp-json\/wp\/v2\/comments?post=127331"}],"wp:featuredmedia":[{"embeddable":true,"href":"https:\/\/revolutionpadelstore.com\/it\/wp-json\/wp\/v2\/media\/115948"}],"wp:attachment":[{"href":"https:\/\/revolutionpadelstore.com\/it\/wp-json\/wp\/v2\/media?parent=127331"}],"wp:term":[{"taxonomy":"acabado","embeddable":true,"href":"https:\/\/revolutionpadelstore.com\/it\/wp-json\/wp\/v2\/acabado?post=127331"},{"taxonomy":"balance","embeddable":true,"href":"https:\/\/revolutionpadelstore.com\/it\/wp-json\/wp\/v2\/balance?post=127331"},{"taxonomy":"dureza","embeddable":true,"href":"https:\/\/revolutionpadelstore.com\/it\/wp-json\/wp\/v2\/dureza?post=127331"},{"taxonomy":"forma","embeddable":true,"href":"https:\/\/revolutionpadelstore.com\/it\/wp-json\/wp\/v2\/forma?post=127331"},{"taxonomy":"jugador","embeddable":true,"href":"https:\/\/revolutionpadelstore.com\/it\/wp-json\/wp\/v2\/jugador?post=127331"},{"taxonomy":"marca","embeddable":true,"href":"https:\/\/revolutionpadelstore.com\/it\/wp-json\/wp\/v2\/marca?post=127331"},{"taxonomy":"nivel-de-juego","embeddable":true,"href":"https:\/\/revolutionpadelstore.com\/it\/wp-json\/wp\/v2\/nivel-de-juego?post=127331"},{"taxonomy":"superficie","embeddable":true,"href":"https:\/\/revolutionpadelstore.com\/it\/wp-json\/wp\/v2\/superficie?post=127331"},{"taxonomy":"tipo-de-juego","embeddable":true,"href":"https:\/\/revolutionpadelstore.com\/it\/wp-json\/wp\/v2\/tipo-de-juego?post=127331"},{"taxonomy":"product_brand","embeddable":true,"href":"https:\/\/revolutionpadelstore.com\/it\/wp-json\/wp\/v2\/product_brand?post=127331"},{"taxonomy":"product_cat","embeddable":true,"href":"https:\/\/revolutionpadelstore.com\/it\/wp-json\/wp\/v2\/product_cat?post=127331"},{"taxonomy":"product_tag","embeddable":true,"href":"https:\/\/revolutionpadelstore.com\/it\/wp-json\/wp\/v2\/product_tag?post=127331"}],"curies":[{"name":"wp","href":"https:\/\/api.w.org\/{rel}","templated":true}]}}