{"id":126101,"date":"2024-11-22T08:08:30","date_gmt":"2024-11-22T07:08:30","guid":{"rendered":"https:\/\/revolutionpadelstore.com\/pack-bullpadel-vertex04-martin-di-nenno-2024\/"},"modified":"2026-04-01T06:54:44","modified_gmt":"2026-04-01T04:54:44","slug":"pack-bullpadel-vertex04-martin-di-nenno-2024","status":"publish","type":"product","link":"https:\/\/revolutionpadelstore.com\/it\/prodotto\/pack-bullpadel-vertex04-martin-di-nenno-2024\/","title":{"rendered":"PACK BULLPADEL VERTEX04 MART\u00cdN DI NENNO 2024"},"content":{"rendered":"<p><strong> bullpadel pack vertex 04 mart\u00edn di nenno 2024 <\/strong><\/p>\n<p>Bullpadel Vertex 04 Man Nenno 2024 \u00e8 l&#8217;opzione ideale per i professionisti avanzati o alla ricerca di un set completo e di alta qualit\u00e0 per massimizzare le loro prestazioni in ogni gioco. Questo pacchetto include la pala del vertice 04, uno zaino, una barca a sfera e una blister per overgrip.<\/p>\n<p><strong> Padel Blade Vertex 04 Comfort <\/strong><\/p>\n<p>Questo pacchetto include l&#8217;eccezionale Vertex 04 Comfort Blade, appositamente progettata per i giocatori che cercano potere nel loro gioco. Con un formato diamantato e un elevato equilibrio, insieme a un peso compreso tra 360 e 370 grammi, offre una colla potente e controllata. I piani della lama sono fabbricati in Fibrix, una combinazione di X-vetro e carbonio, che garantisce una grande durata e resistenza all&#8217;impatto.<\/p>\n<p>Il nucleo multieta, composto da due strati di densit\u00e0 diverse, fornisce un perfetto equilibrio tra controllo e potenza in ogni colpo. La superficie topspin, con consistenza ruvida, consente di eseguire effetti con alta precisione. Inoltre, il suo sistema personalizzato consente di regolare l&#8217;equilibrio della pala in base alle preferenze del giocatore. Il telaio di carbontube in carbonio al 100% e la tecnologia Curvatik garantiscono una resistenza alle torsioni e alla stabilit\u00e0, mentre il vertice cardiaco minimizza le vibrazioni per un colpo pi\u00f9 comodo.<\/p>\n<p><strong> zaino Bullpadel Paletero di Mart\u00edn Di Nenno <\/strong><\/p>\n<p>Questo pacchetto include anche un elegante zaino Black Polypiel con dettagli rossi e il logo bullpadel vuoto. Lo zaino \u00e8 spazioso e funzionale, con un ampio compartimento principale, un compartimento termico per riporre fino a due lame e un compartimento di vergogna ventilato, progettato per mantenere una maggiore igiene. Ha anche una tasca imbottita per il laptop e un backup in schiuma per il comfort quando lo trasporta.<\/p>\n<p><strong> blister overgrips di bullpadel e bottiglia a sfera <\/strong><\/p>\n<p>Questo pacchetto \u00e8 completato con tre microperforti neri bullpadel overgrips, molto assorbenti e che migliorano la presa della pala, oltre a una barca a sfera Next Bullpadel, approvata dall&#8217;International Paddle Federation. Queste palline sono prodotte con una miscela di peluche naturale e sintetico, che garantisce un&#8217;eccellente velocit\u00e0 e durata.<strong>Pack Bullpadel Vertex 04 Mart\u00edn Di Nenno 2024<\/strong><\/p>\n","protected":false},"excerpt":{"rendered":"<p>Bullpadel Pack Vertex 04 Mart\u00edn Di Nenno 2024 con pala professionale, zaino pratico e palle ufficiali di alta qualit\u00e0. Perfetto per il gioco avanzato.<\/p>\n","protected":false},"featured_media":124909,"comment_status":"open","ping_status":"closed","template":"","meta":{"_acf_changed":false,"_joinchat":[]},"acabado":[1106],"balance":[1136],"dureza":[1156],"forma":[1171],"jugador":[1201,1191],"marca":[1256],"nivel-de-juego":[1336],"superficie":[1361],"tipo-de-juego":[1376],"product_brand":[],"product_cat":[301],"product_tag":[],"class_list":{"0":"post-126101","1":"product","2":"type-product","3":"status-publish","4":"has-post-thumbnail","6":"acabado-rugoso-it","7":"balance-alto-it","8":"dureza-media-it","9":"forma-diamante-it","10":"jugador-multiuso","11":"jugador-uomo","12":"marca-bullpadel-it","13":"superficie-rugosa-it","14":"tipo-de-juego-potenza","15":"product_cat-palas-de-padel-it","17":"first","18":"instock","19":"sale","20":"taxable","21":"shipping-taxable","22":"purchasable","23":"product-type-simple"},"acf":[],"yoast_head":"<!-- This site is optimized with the Yoast SEO plugin v27.3 - https:\/\/yoast.com\/product\/yoast-seo-wordpress\/ -->\n<title>PACK BULLPADEL VERTEX04 MART\u00cdN DI NENNO 2024 - Revolution Padel Store<\/title>\n<meta name=\"description\" content=\"El Pack Bullpadel Vertex 04 Mant\u00edn Di Nenno 2024 es la opci\u00f3n ideal para jugadores de p\u00e1del avanzados o profesionales que buscan un set completo y de alta calidad para rendir al m\u00e1ximo en cada partido. Pack de pala Vertex, una mochila, un bote de pelotas y un bl\u00edster de overgrips.\" \/>\n<meta name=\"robots\" content=\"index, follow, max-snippet:-1, max-image-preview:large, max-video-preview:-1\" \/>\n<link rel=\"canonical\" href=\"https:\/\/revolutionpadelstore.com\/it\/prodotto\/pack-bullpadel-vertex04-martin-di-nenno-2024\/\" \/>\n<meta property=\"og:locale\" content=\"it_IT\" \/>\n<meta property=\"og:type\" content=\"article\" \/>\n<meta property=\"og:title\" content=\"PACK BULLPADEL VERTEX04 MART\u00cdN DI NENNO 2024 - Revolution Padel Store\" \/>\n<meta property=\"og:description\" content=\"El Pack Bullpadel Vertex 04 Mant\u00edn Di Nenno 2024 es la opci\u00f3n ideal para jugadores de p\u00e1del avanzados o profesionales que buscan un set completo y de alta calidad para rendir al m\u00e1ximo en cada partido. Pack de pala Vertex, una mochila, un bote de pelotas y un bl\u00edster de overgrips.\" \/>\n<meta property=\"og:url\" content=\"https:\/\/revolutionpadelstore.com\/it\/prodotto\/pack-bullpadel-vertex04-martin-di-nenno-2024\/\" \/>\n<meta property=\"og:site_name\" content=\"Revolution Padel Store\" \/>\n<meta property=\"article:modified_time\" content=\"2026-04-01T04:54:44+00:00\" \/>\n<meta property=\"og:image\" content=\"https:\/\/revolutionpadelstore.com\/wp-content\/uploads\/2024\/11\/113006-pack-bullpadel-vertex04-man-448209-1500x1500-1.webp\" \/>\n\t<meta property=\"og:image:width\" content=\"1500\" \/>\n\t<meta property=\"og:image:height\" content=\"1500\" \/>\n\t<meta property=\"og:image:type\" content=\"image\/webp\" \/>\n<meta name=\"twitter:card\" content=\"summary_large_image\" \/>\n<meta name=\"twitter:label1\" content=\"Tempo di lettura stimato\" \/>\n\t<meta name=\"twitter:data1\" content=\"2 minuti\" \/>\n<script type=\"application\/ld+json\" class=\"yoast-schema-graph\">{\"@context\":\"https:\\\/\\\/schema.org\",\"@graph\":[{\"@type\":\"WebPage\",\"@id\":\"https:\\\/\\\/revolutionpadelstore.com\\\/it\\\/prodotto\\\/pack-bullpadel-vertex04-martin-di-nenno-2024\\\/\",\"url\":\"https:\\\/\\\/revolutionpadelstore.com\\\/it\\\/prodotto\\\/pack-bullpadel-vertex04-martin-di-nenno-2024\\\/\",\"name\":\"PACK BULLPADEL VERTEX04 MART\u00cdN DI NENNO 2024 - Revolution Padel Store\",\"isPartOf\":{\"@id\":\"https:\\\/\\\/revolutionpadelstore.com\\\/it\\\/#website\"},\"primaryImageOfPage\":{\"@id\":\"https:\\\/\\\/revolutionpadelstore.com\\\/it\\\/prodotto\\\/pack-bullpadel-vertex04-martin-di-nenno-2024\\\/#primaryimage\"},\"image\":{\"@id\":\"https:\\\/\\\/revolutionpadelstore.com\\\/it\\\/prodotto\\\/pack-bullpadel-vertex04-martin-di-nenno-2024\\\/#primaryimage\"},\"thumbnailUrl\":\"https:\\\/\\\/revolutionpadelstore.com\\\/wp-content\\\/uploads\\\/2024\\\/11\\\/113006-pack-bullpadel-vertex04-man-448209-1500x1500-1.webp\",\"datePublished\":\"2024-11-22T07:08:30+00:00\",\"dateModified\":\"2026-04-01T04:54:44+00:00\",\"description\":\"El Pack Bullpadel Vertex 04 Mant\u00edn Di Nenno 2024 es la opci\u00f3n ideal para jugadores de p\u00e1del avanzados o profesionales que buscan un set completo y de alta calidad para rendir al m\u00e1ximo en cada partido. Pack de pala Vertex, una mochila, un bote de pelotas y un bl\u00edster de overgrips.\",\"breadcrumb\":{\"@id\":\"https:\\\/\\\/revolutionpadelstore.com\\\/it\\\/prodotto\\\/pack-bullpadel-vertex04-martin-di-nenno-2024\\\/#breadcrumb\"},\"inLanguage\":\"it-IT\",\"potentialAction\":[{\"@type\":\"ReadAction\",\"target\":[\"https:\\\/\\\/revolutionpadelstore.com\\\/it\\\/prodotto\\\/pack-bullpadel-vertex04-martin-di-nenno-2024\\\/\"]}]},{\"@type\":\"ImageObject\",\"inLanguage\":\"it-IT\",\"@id\":\"https:\\\/\\\/revolutionpadelstore.com\\\/it\\\/prodotto\\\/pack-bullpadel-vertex04-martin-di-nenno-2024\\\/#primaryimage\",\"url\":\"https:\\\/\\\/revolutionpadelstore.com\\\/wp-content\\\/uploads\\\/2024\\\/11\\\/113006-pack-bullpadel-vertex04-man-448209-1500x1500-1.webp\",\"contentUrl\":\"https:\\\/\\\/revolutionpadelstore.com\\\/wp-content\\\/uploads\\\/2024\\\/11\\\/113006-pack-bullpadel-vertex04-man-448209-1500x1500-1.webp\",\"width\":1500,\"height\":1500},{\"@type\":\"BreadcrumbList\",\"@id\":\"https:\\\/\\\/revolutionpadelstore.com\\\/it\\\/prodotto\\\/pack-bullpadel-vertex04-martin-di-nenno-2024\\\/#breadcrumb\",\"itemListElement\":[{\"@type\":\"ListItem\",\"position\":1,\"name\":\"Portada\",\"item\":\"https:\\\/\\\/revolutionpadelstore.com\\\/it\\\/\"},{\"@type\":\"ListItem\",\"position\":2,\"name\":\"Tienda\",\"item\":\"https:\\\/\\\/revolutionpadelstore.com\\\/it\\\/tienda\\\/\"},{\"@type\":\"ListItem\",\"position\":3,\"name\":\"PACK BULLPADEL VERTEX04 MART\u00cdN DI NENNO 2024\"}]},{\"@type\":\"WebSite\",\"@id\":\"https:\\\/\\\/revolutionpadelstore.com\\\/it\\\/#website\",\"url\":\"https:\\\/\\\/revolutionpadelstore.com\\\/it\\\/\",\"name\":\"Revolution Padel Store\",\"description\":\"\",\"publisher\":{\"@id\":\"https:\\\/\\\/revolutionpadelstore.com\\\/it\\\/#organization\"},\"potentialAction\":[{\"@type\":\"SearchAction\",\"target\":{\"@type\":\"EntryPoint\",\"urlTemplate\":\"https:\\\/\\\/revolutionpadelstore.com\\\/it\\\/?s={search_term_string}\"},\"query-input\":{\"@type\":\"PropertyValueSpecification\",\"valueRequired\":true,\"valueName\":\"search_term_string\"}}],\"inLanguage\":\"it-IT\"},{\"@type\":\"Organization\",\"@id\":\"https:\\\/\\\/revolutionpadelstore.com\\\/it\\\/#organization\",\"name\":\"Revolution Padel Store\",\"url\":\"https:\\\/\\\/revolutionpadelstore.com\\\/it\\\/\",\"logo\":{\"@type\":\"ImageObject\",\"inLanguage\":\"it-IT\",\"@id\":\"https:\\\/\\\/revolutionpadelstore.com\\\/it\\\/#\\\/schema\\\/logo\\\/image\\\/\",\"url\":\"https:\\\/\\\/revolutionpadelstore.com\\\/wp-content\\\/uploads\\\/2026\\\/02\\\/revolution-padel-store.jpg\",\"contentUrl\":\"https:\\\/\\\/revolutionpadelstore.com\\\/wp-content\\\/uploads\\\/2026\\\/02\\\/revolution-padel-store.jpg\",\"width\":2000,\"height\":2000,\"caption\":\"Revolution Padel Store\"},\"image\":{\"@id\":\"https:\\\/\\\/revolutionpadelstore.com\\\/it\\\/#\\\/schema\\\/logo\\\/image\\\/\"},\"sameAs\":[\"https:\\\/\\\/www.instagram.com\\\/revolutionpadelstore\\\/\"]}]}<\/script>\n<!-- \/ Yoast SEO plugin. -->","yoast_head_json":{"title":"PACK BULLPADEL VERTEX04 MART\u00cdN DI NENNO 2024 - Revolution Padel Store","description":"El Pack Bullpadel Vertex 04 Mant\u00edn Di Nenno 2024 es la opci\u00f3n ideal para jugadores de p\u00e1del avanzados o profesionales que buscan un set completo y de alta calidad para rendir al m\u00e1ximo en cada partido. Pack de pala Vertex, una mochila, un bote de pelotas y un bl\u00edster de overgrips.","robots":{"index":"index","follow":"follow","max-snippet":"max-snippet:-1","max-image-preview":"max-image-preview:large","max-video-preview":"max-video-preview:-1"},"canonical":"https:\/\/revolutionpadelstore.com\/it\/prodotto\/pack-bullpadel-vertex04-martin-di-nenno-2024\/","og_locale":"it_IT","og_type":"article","og_title":"PACK BULLPADEL VERTEX04 MART\u00cdN DI NENNO 2024 - Revolution Padel Store","og_description":"El Pack Bullpadel Vertex 04 Mant\u00edn Di Nenno 2024 es la opci\u00f3n ideal para jugadores de p\u00e1del avanzados o profesionales que buscan un set completo y de alta calidad para rendir al m\u00e1ximo en cada partido. Pack de pala Vertex, una mochila, un bote de pelotas y un bl\u00edster de overgrips.","og_url":"https:\/\/revolutionpadelstore.com\/it\/prodotto\/pack-bullpadel-vertex04-martin-di-nenno-2024\/","og_site_name":"Revolution Padel Store","article_modified_time":"2026-04-01T04:54:44+00:00","og_image":[{"width":1500,"height":1500,"url":"https:\/\/revolutionpadelstore.com\/wp-content\/uploads\/2024\/11\/113006-pack-bullpadel-vertex04-man-448209-1500x1500-1.webp","type":"image\/webp"}],"twitter_card":"summary_large_image","twitter_misc":{"Tempo di lettura stimato":"2 minuti"},"schema":{"@context":"https:\/\/schema.org","@graph":[{"@type":"WebPage","@id":"https:\/\/revolutionpadelstore.com\/it\/prodotto\/pack-bullpadel-vertex04-martin-di-nenno-2024\/","url":"https:\/\/revolutionpadelstore.com\/it\/prodotto\/pack-bullpadel-vertex04-martin-di-nenno-2024\/","name":"PACK BULLPADEL VERTEX04 MART\u00cdN DI NENNO 2024 - Revolution Padel Store","isPartOf":{"@id":"https:\/\/revolutionpadelstore.com\/it\/#website"},"primaryImageOfPage":{"@id":"https:\/\/revolutionpadelstore.com\/it\/prodotto\/pack-bullpadel-vertex04-martin-di-nenno-2024\/#primaryimage"},"image":{"@id":"https:\/\/revolutionpadelstore.com\/it\/prodotto\/pack-bullpadel-vertex04-martin-di-nenno-2024\/#primaryimage"},"thumbnailUrl":"https:\/\/revolutionpadelstore.com\/wp-content\/uploads\/2024\/11\/113006-pack-bullpadel-vertex04-man-448209-1500x1500-1.webp","datePublished":"2024-11-22T07:08:30+00:00","dateModified":"2026-04-01T04:54:44+00:00","description":"El Pack Bullpadel Vertex 04 Mant\u00edn Di Nenno 2024 es la opci\u00f3n ideal para jugadores de p\u00e1del avanzados o profesionales que buscan un set completo y de alta calidad para rendir al m\u00e1ximo en cada partido. Pack de pala Vertex, una mochila, un bote de pelotas y un bl\u00edster de overgrips.","breadcrumb":{"@id":"https:\/\/revolutionpadelstore.com\/it\/prodotto\/pack-bullpadel-vertex04-martin-di-nenno-2024\/#breadcrumb"},"inLanguage":"it-IT","potentialAction":[{"@type":"ReadAction","target":["https:\/\/revolutionpadelstore.com\/it\/prodotto\/pack-bullpadel-vertex04-martin-di-nenno-2024\/"]}]},{"@type":"ImageObject","inLanguage":"it-IT","@id":"https:\/\/revolutionpadelstore.com\/it\/prodotto\/pack-bullpadel-vertex04-martin-di-nenno-2024\/#primaryimage","url":"https:\/\/revolutionpadelstore.com\/wp-content\/uploads\/2024\/11\/113006-pack-bullpadel-vertex04-man-448209-1500x1500-1.webp","contentUrl":"https:\/\/revolutionpadelstore.com\/wp-content\/uploads\/2024\/11\/113006-pack-bullpadel-vertex04-man-448209-1500x1500-1.webp","width":1500,"height":1500},{"@type":"BreadcrumbList","@id":"https:\/\/revolutionpadelstore.com\/it\/prodotto\/pack-bullpadel-vertex04-martin-di-nenno-2024\/#breadcrumb","itemListElement":[{"@type":"ListItem","position":1,"name":"Portada","item":"https:\/\/revolutionpadelstore.com\/it\/"},{"@type":"ListItem","position":2,"name":"Tienda","item":"https:\/\/revolutionpadelstore.com\/it\/tienda\/"},{"@type":"ListItem","position":3,"name":"PACK BULLPADEL VERTEX04 MART\u00cdN DI NENNO 2024"}]},{"@type":"WebSite","@id":"https:\/\/revolutionpadelstore.com\/it\/#website","url":"https:\/\/revolutionpadelstore.com\/it\/","name":"Revolution Padel Store","description":"","publisher":{"@id":"https:\/\/revolutionpadelstore.com\/it\/#organization"},"potentialAction":[{"@type":"SearchAction","target":{"@type":"EntryPoint","urlTemplate":"https:\/\/revolutionpadelstore.com\/it\/?s={search_term_string}"},"query-input":{"@type":"PropertyValueSpecification","valueRequired":true,"valueName":"search_term_string"}}],"inLanguage":"it-IT"},{"@type":"Organization","@id":"https:\/\/revolutionpadelstore.com\/it\/#organization","name":"Revolution Padel Store","url":"https:\/\/revolutionpadelstore.com\/it\/","logo":{"@type":"ImageObject","inLanguage":"it-IT","@id":"https:\/\/revolutionpadelstore.com\/it\/#\/schema\/logo\/image\/","url":"https:\/\/revolutionpadelstore.com\/wp-content\/uploads\/2026\/02\/revolution-padel-store.jpg","contentUrl":"https:\/\/revolutionpadelstore.com\/wp-content\/uploads\/2026\/02\/revolution-padel-store.jpg","width":2000,"height":2000,"caption":"Revolution Padel Store"},"image":{"@id":"https:\/\/revolutionpadelstore.com\/it\/#\/schema\/logo\/image\/"},"sameAs":["https:\/\/www.instagram.com\/revolutionpadelstore\/"]}]}},"_links":{"self":[{"href":"https:\/\/revolutionpadelstore.com\/it\/wp-json\/wp\/v2\/product\/126101","targetHints":{"allow":["GET"]}}],"collection":[{"href":"https:\/\/revolutionpadelstore.com\/it\/wp-json\/wp\/v2\/product"}],"about":[{"href":"https:\/\/revolutionpadelstore.com\/it\/wp-json\/wp\/v2\/types\/product"}],"replies":[{"embeddable":true,"href":"https:\/\/revolutionpadelstore.com\/it\/wp-json\/wp\/v2\/comments?post=126101"}],"wp:featuredmedia":[{"embeddable":true,"href":"https:\/\/revolutionpadelstore.com\/it\/wp-json\/wp\/v2\/media\/124909"}],"wp:attachment":[{"href":"https:\/\/revolutionpadelstore.com\/it\/wp-json\/wp\/v2\/media?parent=126101"}],"wp:term":[{"taxonomy":"acabado","embeddable":true,"href":"https:\/\/revolutionpadelstore.com\/it\/wp-json\/wp\/v2\/acabado?post=126101"},{"taxonomy":"balance","embeddable":true,"href":"https:\/\/revolutionpadelstore.com\/it\/wp-json\/wp\/v2\/balance?post=126101"},{"taxonomy":"dureza","embeddable":true,"href":"https:\/\/revolutionpadelstore.com\/it\/wp-json\/wp\/v2\/dureza?post=126101"},{"taxonomy":"forma","embeddable":true,"href":"https:\/\/revolutionpadelstore.com\/it\/wp-json\/wp\/v2\/forma?post=126101"},{"taxonomy":"jugador","embeddable":true,"href":"https:\/\/revolutionpadelstore.com\/it\/wp-json\/wp\/v2\/jugador?post=126101"},{"taxonomy":"marca","embeddable":true,"href":"https:\/\/revolutionpadelstore.com\/it\/wp-json\/wp\/v2\/marca?post=126101"},{"taxonomy":"nivel-de-juego","embeddable":true,"href":"https:\/\/revolutionpadelstore.com\/it\/wp-json\/wp\/v2\/nivel-de-juego?post=126101"},{"taxonomy":"superficie","embeddable":true,"href":"https:\/\/revolutionpadelstore.com\/it\/wp-json\/wp\/v2\/superficie?post=126101"},{"taxonomy":"tipo-de-juego","embeddable":true,"href":"https:\/\/revolutionpadelstore.com\/it\/wp-json\/wp\/v2\/tipo-de-juego?post=126101"},{"taxonomy":"product_brand","embeddable":true,"href":"https:\/\/revolutionpadelstore.com\/it\/wp-json\/wp\/v2\/product_brand?post=126101"},{"taxonomy":"product_cat","embeddable":true,"href":"https:\/\/revolutionpadelstore.com\/it\/wp-json\/wp\/v2\/product_cat?post=126101"},{"taxonomy":"product_tag","embeddable":true,"href":"https:\/\/revolutionpadelstore.com\/it\/wp-json\/wp\/v2\/product_tag?post=126101"}],"curies":[{"name":"wp","href":"https:\/\/api.w.org\/{rel}","templated":true}]}}