{"id":125471,"date":"2024-11-21T08:41:28","date_gmt":"2024-11-21T07:41:28","guid":{"rendered":"https:\/\/revolutionpadelstore.com\/mochila-siux-fusion-negro-rojo\/"},"modified":"2026-04-08T10:14:31","modified_gmt":"2026-04-08T08:14:31","slug":"mochila-siux-fusion-negro-rojo-4","status":"publish","type":"product","link":"https:\/\/revolutionpadelstore.com\/it\/prodotto\/mochila-siux-fusion-negro-rojo-4\/","title":{"rendered":"MOCHILA SIUX FUSION NEGRO ROJO"},"content":{"rendered":"<p><strong> Perch\u00e9 adorerai la paletta Siux per la pagaia?<br \/>\nLo zaino Siux \u00e8 realizzato in poliestere, un materiale che \u00e8 caratterizzato dalla sua facilit\u00e0 di pulizia e grande resistenza, sia in peso che a temperature diverse. Ci\u00f2 garantisce che le lame paddle e altri accessori rimangano in ottime condizioni. Inoltre, offre un trasporto sicuro grazie al suo design funzionale. Ha diversi compartimenti interni e tasche esterne, che consente di organizzare tutto in modo efficiente.<\/p>\n<p><strong> Chi \u00e8 lo zaino da paddle Siux?<br \/>\n\u00c8 progettato per i giocatori, sia professionisti che dilettanti, che preferiscono portare solo gli elementi essenziali per le loro partite. \u00c8 adatto per uomini e donne. Sebbene le sue dimensioni siano compatte, ha due grandi scomparti interni che consentono lame di paletta e altri oggetti, come abbigliamento, scarpe, palline e altro ancora.<\/p>\n<p><strong> design e colori <\/strong><br \/>\nLo zaino Siux ha un design rettangolare ed \u00e8 disponibile in colori neri e rossi, con strisce rosse sulla parte anteriore e logo del marchio nello stesso colore. Oltre ai due compartimenti interni, include due tasche esterne a maglie laterali, ideali per piccoli oggetti come mobili, chiavi o una bottiglia d&#8217;acqua.<\/p>\n<p>Ha due maniglie imbottite nere, che garantiscono un trasporto comodo, evitando il disagio sulle spalle. Le lame possono essere conservate verticalmente all&#8217;interno.<\/p>\n<p><strong> Caratteristiche tecniche dello zaino a paddle Siux<\/p>\n<p>-Il design attraente in nero e rosso.<\/p>\n<p>-I materiali di alta qualit\u00e0, fabbricati in tessuto in poliestere.<\/p>\n<p>-Sosasia per pi\u00f9 comfort.<\/p>\n<p>-Il schienali in magliaworral per piccoli oggetti.<\/p>\n<p>-Cacpact e spazioso allo stesso tempo.<strong>\u00bfPor qu\u00e9 te encantar\u00e1 la mochila de p\u00e1del Siux?<\/strong><\/p>\n","protected":false},"excerpt":{"rendered":"<p>Lo zaino <strong> siux paddle <\/strong> nei colori nero e rosso \u00e8 un modello compatto, pratico e leggero, per mantenere tutto il necessario per pratiche o giochi di pagaia.<strong>mochila de p\u00e1del Siux<\/strong><\/p>\n","protected":false},"featured_media":124745,"comment_status":"open","ping_status":"closed","template":"","meta":{"_acf_changed":false,"_joinchat":[]},"acabado":[],"balance":[],"dureza":[],"forma":[],"jugador":[],"marca":[1306],"nivel-de-juego":[],"superficie":[],"tipo-de-juego":[],"product_brand":[],"product_cat":[318],"product_tag":[],"class_list":{"0":"post-125471","1":"product","2":"type-product","3":"status-publish","4":"has-post-thumbnail","6":"marca-siux-it","7":"product_cat-borse","9":"first","10":"outofstock","11":"taxable","12":"shipping-taxable","13":"purchasable","14":"product-type-simple"},"acf":[],"yoast_head":"<!-- This site is optimized with the Yoast SEO plugin v27.4 - https:\/\/yoast.com\/product\/yoast-seo-wordpress\/ -->\n<title>MOCHILA SIUX FUSION NEGRO ROJO - Revolution Padel Store<\/title>\n<meta name=\"description\" content=\"La mochila de p\u00e1del Siux est\u00e1 fabricada en tela de poli\u00e9ster, es de f\u00e1cil limpieza y resistente al peso y a diferentes temperaturas. Esto permite que se puedan conservar bien las palas de p\u00e1del y los dem\u00e1s accesorios. Adem\u00e1s, permite transportarlos de forma segura. La mochila de p\u00e1del tiene varios compartimentos internos y bolsillos externos para tener todo en orden.\" \/>\n<meta name=\"robots\" content=\"index, follow, max-snippet:-1, max-image-preview:large, max-video-preview:-1\" \/>\n<link rel=\"canonical\" href=\"https:\/\/revolutionpadelstore.com\/it\/prodotto\/mochila-siux-fusion-negro-rojo-4\/\" \/>\n<meta property=\"og:locale\" content=\"it_IT\" \/>\n<meta property=\"og:type\" content=\"article\" \/>\n<meta property=\"og:title\" content=\"MOCHILA SIUX FUSION NEGRO ROJO - Revolution Padel Store\" \/>\n<meta property=\"og:description\" content=\"La mochila de p\u00e1del Siux est\u00e1 fabricada en tela de poli\u00e9ster, es de f\u00e1cil limpieza y resistente al peso y a diferentes temperaturas. Esto permite que se puedan conservar bien las palas de p\u00e1del y los dem\u00e1s accesorios. Adem\u00e1s, permite transportarlos de forma segura. La mochila de p\u00e1del tiene varios compartimentos internos y bolsillos externos para tener todo en orden.\" \/>\n<meta property=\"og:url\" content=\"https:\/\/revolutionpadelstore.com\/it\/prodotto\/mochila-siux-fusion-negro-rojo-4\/\" \/>\n<meta property=\"og:site_name\" content=\"Revolution Padel Store\" \/>\n<meta property=\"article:modified_time\" content=\"2026-04-08T08:14:31+00:00\" \/>\n<meta property=\"og:image\" content=\"https:\/\/revolutionpadelstore.com\/wp-content\/uploads\/2024\/11\/SIUX_FUSION_RED_1000_1000_a9e5.webp\" \/>\n\t<meta property=\"og:image:width\" content=\"1000\" \/>\n\t<meta property=\"og:image:height\" content=\"1000\" \/>\n\t<meta property=\"og:image:type\" content=\"image\/webp\" \/>\n<meta name=\"twitter:card\" content=\"summary_large_image\" \/>\n<meta name=\"twitter:label1\" content=\"Tempo di lettura stimato\" \/>\n\t<meta name=\"twitter:data1\" content=\"1 minuto\" \/>\n<script type=\"application\/ld+json\" class=\"yoast-schema-graph\">{\"@context\":\"https:\\\/\\\/schema.org\",\"@graph\":[{\"@type\":\"WebPage\",\"@id\":\"https:\\\/\\\/revolutionpadelstore.com\\\/it\\\/prodotto\\\/mochila-siux-fusion-negro-rojo-4\\\/\",\"url\":\"https:\\\/\\\/revolutionpadelstore.com\\\/it\\\/prodotto\\\/mochila-siux-fusion-negro-rojo-4\\\/\",\"name\":\"MOCHILA SIUX FUSION NEGRO ROJO - Revolution Padel Store\",\"isPartOf\":{\"@id\":\"https:\\\/\\\/revolutionpadelstore.com\\\/it\\\/#website\"},\"primaryImageOfPage\":{\"@id\":\"https:\\\/\\\/revolutionpadelstore.com\\\/it\\\/prodotto\\\/mochila-siux-fusion-negro-rojo-4\\\/#primaryimage\"},\"image\":{\"@id\":\"https:\\\/\\\/revolutionpadelstore.com\\\/it\\\/prodotto\\\/mochila-siux-fusion-negro-rojo-4\\\/#primaryimage\"},\"thumbnailUrl\":\"https:\\\/\\\/revolutionpadelstore.com\\\/wp-content\\\/uploads\\\/2024\\\/11\\\/SIUX_FUSION_RED_1000_1000_a9e5.webp\",\"datePublished\":\"2024-11-21T07:41:28+00:00\",\"dateModified\":\"2026-04-08T08:14:31+00:00\",\"description\":\"La mochila de p\u00e1del Siux est\u00e1 fabricada en tela de poli\u00e9ster, es de f\u00e1cil limpieza y resistente al peso y a diferentes temperaturas. Esto permite que se puedan conservar bien las palas de p\u00e1del y los dem\u00e1s accesorios. Adem\u00e1s, permite transportarlos de forma segura. La mochila de p\u00e1del tiene varios compartimentos internos y bolsillos externos para tener todo en orden.\",\"breadcrumb\":{\"@id\":\"https:\\\/\\\/revolutionpadelstore.com\\\/it\\\/prodotto\\\/mochila-siux-fusion-negro-rojo-4\\\/#breadcrumb\"},\"inLanguage\":\"it-IT\",\"potentialAction\":[{\"@type\":\"ReadAction\",\"target\":[\"https:\\\/\\\/revolutionpadelstore.com\\\/it\\\/prodotto\\\/mochila-siux-fusion-negro-rojo-4\\\/\"]}]},{\"@type\":\"ImageObject\",\"inLanguage\":\"it-IT\",\"@id\":\"https:\\\/\\\/revolutionpadelstore.com\\\/it\\\/prodotto\\\/mochila-siux-fusion-negro-rojo-4\\\/#primaryimage\",\"url\":\"https:\\\/\\\/revolutionpadelstore.com\\\/wp-content\\\/uploads\\\/2024\\\/11\\\/SIUX_FUSION_RED_1000_1000_a9e5.webp\",\"contentUrl\":\"https:\\\/\\\/revolutionpadelstore.com\\\/wp-content\\\/uploads\\\/2024\\\/11\\\/SIUX_FUSION_RED_1000_1000_a9e5.webp\",\"width\":1000,\"height\":1000},{\"@type\":\"BreadcrumbList\",\"@id\":\"https:\\\/\\\/revolutionpadelstore.com\\\/it\\\/prodotto\\\/mochila-siux-fusion-negro-rojo-4\\\/#breadcrumb\",\"itemListElement\":[{\"@type\":\"ListItem\",\"position\":1,\"name\":\"Portada\",\"item\":\"https:\\\/\\\/revolutionpadelstore.com\\\/it\\\/\"},{\"@type\":\"ListItem\",\"position\":2,\"name\":\"Tienda\",\"item\":\"https:\\\/\\\/revolutionpadelstore.com\\\/it\\\/tienda\\\/\"},{\"@type\":\"ListItem\",\"position\":3,\"name\":\"MOCHILA SIUX FUSION NEGRO ROJO\"}]},{\"@type\":\"WebSite\",\"@id\":\"https:\\\/\\\/revolutionpadelstore.com\\\/it\\\/#website\",\"url\":\"https:\\\/\\\/revolutionpadelstore.com\\\/it\\\/\",\"name\":\"Revolution Padel Store\",\"description\":\"\",\"publisher\":{\"@id\":\"https:\\\/\\\/revolutionpadelstore.com\\\/it\\\/#organization\"},\"potentialAction\":[{\"@type\":\"SearchAction\",\"target\":{\"@type\":\"EntryPoint\",\"urlTemplate\":\"https:\\\/\\\/revolutionpadelstore.com\\\/it\\\/?s={search_term_string}\"},\"query-input\":{\"@type\":\"PropertyValueSpecification\",\"valueRequired\":true,\"valueName\":\"search_term_string\"}}],\"inLanguage\":\"it-IT\"},{\"@type\":\"Organization\",\"@id\":\"https:\\\/\\\/revolutionpadelstore.com\\\/it\\\/#organization\",\"name\":\"Revolution Padel Store\",\"url\":\"https:\\\/\\\/revolutionpadelstore.com\\\/it\\\/\",\"logo\":{\"@type\":\"ImageObject\",\"inLanguage\":\"it-IT\",\"@id\":\"https:\\\/\\\/revolutionpadelstore.com\\\/it\\\/#\\\/schema\\\/logo\\\/image\\\/\",\"url\":\"https:\\\/\\\/revolutionpadelstore.com\\\/wp-content\\\/uploads\\\/2026\\\/02\\\/revolution-padel-store.jpg\",\"contentUrl\":\"https:\\\/\\\/revolutionpadelstore.com\\\/wp-content\\\/uploads\\\/2026\\\/02\\\/revolution-padel-store.jpg\",\"width\":2000,\"height\":2000,\"caption\":\"Revolution Padel Store\"},\"image\":{\"@id\":\"https:\\\/\\\/revolutionpadelstore.com\\\/it\\\/#\\\/schema\\\/logo\\\/image\\\/\"},\"sameAs\":[\"https:\\\/\\\/www.instagram.com\\\/revolutionpadelstore\\\/\"]}]}<\/script>\n<!-- \/ Yoast SEO plugin. -->","yoast_head_json":{"title":"MOCHILA SIUX FUSION NEGRO ROJO - Revolution Padel Store","description":"La mochila de p\u00e1del Siux est\u00e1 fabricada en tela de poli\u00e9ster, es de f\u00e1cil limpieza y resistente al peso y a diferentes temperaturas. Esto permite que se puedan conservar bien las palas de p\u00e1del y los dem\u00e1s accesorios. Adem\u00e1s, permite transportarlos de forma segura. La mochila de p\u00e1del tiene varios compartimentos internos y bolsillos externos para tener todo en orden.","robots":{"index":"index","follow":"follow","max-snippet":"max-snippet:-1","max-image-preview":"max-image-preview:large","max-video-preview":"max-video-preview:-1"},"canonical":"https:\/\/revolutionpadelstore.com\/it\/prodotto\/mochila-siux-fusion-negro-rojo-4\/","og_locale":"it_IT","og_type":"article","og_title":"MOCHILA SIUX FUSION NEGRO ROJO - Revolution Padel Store","og_description":"La mochila de p\u00e1del Siux est\u00e1 fabricada en tela de poli\u00e9ster, es de f\u00e1cil limpieza y resistente al peso y a diferentes temperaturas. Esto permite que se puedan conservar bien las palas de p\u00e1del y los dem\u00e1s accesorios. Adem\u00e1s, permite transportarlos de forma segura. La mochila de p\u00e1del tiene varios compartimentos internos y bolsillos externos para tener todo en orden.","og_url":"https:\/\/revolutionpadelstore.com\/it\/prodotto\/mochila-siux-fusion-negro-rojo-4\/","og_site_name":"Revolution Padel Store","article_modified_time":"2026-04-08T08:14:31+00:00","og_image":[{"width":1000,"height":1000,"url":"https:\/\/revolutionpadelstore.com\/wp-content\/uploads\/2024\/11\/SIUX_FUSION_RED_1000_1000_a9e5.webp","type":"image\/webp"}],"twitter_card":"summary_large_image","twitter_misc":{"Tempo di lettura stimato":"1 minuto"},"schema":{"@context":"https:\/\/schema.org","@graph":[{"@type":"WebPage","@id":"https:\/\/revolutionpadelstore.com\/it\/prodotto\/mochila-siux-fusion-negro-rojo-4\/","url":"https:\/\/revolutionpadelstore.com\/it\/prodotto\/mochila-siux-fusion-negro-rojo-4\/","name":"MOCHILA SIUX FUSION NEGRO ROJO - Revolution Padel Store","isPartOf":{"@id":"https:\/\/revolutionpadelstore.com\/it\/#website"},"primaryImageOfPage":{"@id":"https:\/\/revolutionpadelstore.com\/it\/prodotto\/mochila-siux-fusion-negro-rojo-4\/#primaryimage"},"image":{"@id":"https:\/\/revolutionpadelstore.com\/it\/prodotto\/mochila-siux-fusion-negro-rojo-4\/#primaryimage"},"thumbnailUrl":"https:\/\/revolutionpadelstore.com\/wp-content\/uploads\/2024\/11\/SIUX_FUSION_RED_1000_1000_a9e5.webp","datePublished":"2024-11-21T07:41:28+00:00","dateModified":"2026-04-08T08:14:31+00:00","description":"La mochila de p\u00e1del Siux est\u00e1 fabricada en tela de poli\u00e9ster, es de f\u00e1cil limpieza y resistente al peso y a diferentes temperaturas. Esto permite que se puedan conservar bien las palas de p\u00e1del y los dem\u00e1s accesorios. Adem\u00e1s, permite transportarlos de forma segura. La mochila de p\u00e1del tiene varios compartimentos internos y bolsillos externos para tener todo en orden.","breadcrumb":{"@id":"https:\/\/revolutionpadelstore.com\/it\/prodotto\/mochila-siux-fusion-negro-rojo-4\/#breadcrumb"},"inLanguage":"it-IT","potentialAction":[{"@type":"ReadAction","target":["https:\/\/revolutionpadelstore.com\/it\/prodotto\/mochila-siux-fusion-negro-rojo-4\/"]}]},{"@type":"ImageObject","inLanguage":"it-IT","@id":"https:\/\/revolutionpadelstore.com\/it\/prodotto\/mochila-siux-fusion-negro-rojo-4\/#primaryimage","url":"https:\/\/revolutionpadelstore.com\/wp-content\/uploads\/2024\/11\/SIUX_FUSION_RED_1000_1000_a9e5.webp","contentUrl":"https:\/\/revolutionpadelstore.com\/wp-content\/uploads\/2024\/11\/SIUX_FUSION_RED_1000_1000_a9e5.webp","width":1000,"height":1000},{"@type":"BreadcrumbList","@id":"https:\/\/revolutionpadelstore.com\/it\/prodotto\/mochila-siux-fusion-negro-rojo-4\/#breadcrumb","itemListElement":[{"@type":"ListItem","position":1,"name":"Portada","item":"https:\/\/revolutionpadelstore.com\/it\/"},{"@type":"ListItem","position":2,"name":"Tienda","item":"https:\/\/revolutionpadelstore.com\/it\/tienda\/"},{"@type":"ListItem","position":3,"name":"MOCHILA SIUX FUSION NEGRO ROJO"}]},{"@type":"WebSite","@id":"https:\/\/revolutionpadelstore.com\/it\/#website","url":"https:\/\/revolutionpadelstore.com\/it\/","name":"Revolution Padel Store","description":"","publisher":{"@id":"https:\/\/revolutionpadelstore.com\/it\/#organization"},"potentialAction":[{"@type":"SearchAction","target":{"@type":"EntryPoint","urlTemplate":"https:\/\/revolutionpadelstore.com\/it\/?s={search_term_string}"},"query-input":{"@type":"PropertyValueSpecification","valueRequired":true,"valueName":"search_term_string"}}],"inLanguage":"it-IT"},{"@type":"Organization","@id":"https:\/\/revolutionpadelstore.com\/it\/#organization","name":"Revolution Padel Store","url":"https:\/\/revolutionpadelstore.com\/it\/","logo":{"@type":"ImageObject","inLanguage":"it-IT","@id":"https:\/\/revolutionpadelstore.com\/it\/#\/schema\/logo\/image\/","url":"https:\/\/revolutionpadelstore.com\/wp-content\/uploads\/2026\/02\/revolution-padel-store.jpg","contentUrl":"https:\/\/revolutionpadelstore.com\/wp-content\/uploads\/2026\/02\/revolution-padel-store.jpg","width":2000,"height":2000,"caption":"Revolution Padel Store"},"image":{"@id":"https:\/\/revolutionpadelstore.com\/it\/#\/schema\/logo\/image\/"},"sameAs":["https:\/\/www.instagram.com\/revolutionpadelstore\/"]}]}},"_links":{"self":[{"href":"https:\/\/revolutionpadelstore.com\/it\/wp-json\/wp\/v2\/product\/125471","targetHints":{"allow":["GET"]}}],"collection":[{"href":"https:\/\/revolutionpadelstore.com\/it\/wp-json\/wp\/v2\/product"}],"about":[{"href":"https:\/\/revolutionpadelstore.com\/it\/wp-json\/wp\/v2\/types\/product"}],"replies":[{"embeddable":true,"href":"https:\/\/revolutionpadelstore.com\/it\/wp-json\/wp\/v2\/comments?post=125471"}],"wp:featuredmedia":[{"embeddable":true,"href":"https:\/\/revolutionpadelstore.com\/it\/wp-json\/wp\/v2\/media\/124745"}],"wp:attachment":[{"href":"https:\/\/revolutionpadelstore.com\/it\/wp-json\/wp\/v2\/media?parent=125471"}],"wp:term":[{"taxonomy":"acabado","embeddable":true,"href":"https:\/\/revolutionpadelstore.com\/it\/wp-json\/wp\/v2\/acabado?post=125471"},{"taxonomy":"balance","embeddable":true,"href":"https:\/\/revolutionpadelstore.com\/it\/wp-json\/wp\/v2\/balance?post=125471"},{"taxonomy":"dureza","embeddable":true,"href":"https:\/\/revolutionpadelstore.com\/it\/wp-json\/wp\/v2\/dureza?post=125471"},{"taxonomy":"forma","embeddable":true,"href":"https:\/\/revolutionpadelstore.com\/it\/wp-json\/wp\/v2\/forma?post=125471"},{"taxonomy":"jugador","embeddable":true,"href":"https:\/\/revolutionpadelstore.com\/it\/wp-json\/wp\/v2\/jugador?post=125471"},{"taxonomy":"marca","embeddable":true,"href":"https:\/\/revolutionpadelstore.com\/it\/wp-json\/wp\/v2\/marca?post=125471"},{"taxonomy":"nivel-de-juego","embeddable":true,"href":"https:\/\/revolutionpadelstore.com\/it\/wp-json\/wp\/v2\/nivel-de-juego?post=125471"},{"taxonomy":"superficie","embeddable":true,"href":"https:\/\/revolutionpadelstore.com\/it\/wp-json\/wp\/v2\/superficie?post=125471"},{"taxonomy":"tipo-de-juego","embeddable":true,"href":"https:\/\/revolutionpadelstore.com\/it\/wp-json\/wp\/v2\/tipo-de-juego?post=125471"},{"taxonomy":"product_brand","embeddable":true,"href":"https:\/\/revolutionpadelstore.com\/it\/wp-json\/wp\/v2\/product_brand?post=125471"},{"taxonomy":"product_cat","embeddable":true,"href":"https:\/\/revolutionpadelstore.com\/it\/wp-json\/wp\/v2\/product_cat?post=125471"},{"taxonomy":"product_tag","embeddable":true,"href":"https:\/\/revolutionpadelstore.com\/it\/wp-json\/wp\/v2\/product_tag?post=125471"}],"curies":[{"name":"wp","href":"https:\/\/api.w.org\/{rel}","templated":true}]}}