{"id":125466,"date":"2024-11-22T08:17:30","date_gmt":"2024-11-22T07:17:30","guid":{"rendered":"https:\/\/revolutionpadelstore.com\/kombat-osorno\/"},"modified":"2026-04-01T06:54:19","modified_gmt":"2026-04-01T04:54:19","slug":"kombat-osorno","status":"publish","type":"product","link":"https:\/\/revolutionpadelstore.com\/it\/prodotto\/kombat-osorno\/","title":{"rendered":"KOMBAT OSORNO"},"content":{"rendered":"<p><strong> Kombat Osorno, collezione di pala lacrima 2025 <\/strong><br \/>\nKombat Osorno \u00e8 progettato per coloro che cercano un perfetto equilibrio tra potere e comfort nel loro gioco. Ispirato alla maestosit\u00e0 del vulcano Osorno in Cile, questa pala ha un design a forma di lacrima che offre prestazioni eccezionali sia in controllo che in palla. Il suo nucleo di gomma Eva a doppia densit\u00e0 fornisce una sensazione morbida e precisa in ogni colpo, consentendo movimenti agili ed esatti. Se hai bisogno di una pala che combina comfort con prestazioni esplosive, Kombat Osorno \u00e8 l&#8217;opzione ideale per portare il tuo gioco a nuove altezze.<\/p>\n<p><strong> Kombat Osorno per giocatori versatili <\/strong><br \/>\nIl Kombat Osorno \u00e8 la scelta perfetta per i giocatori che cercano una pala che offra comfort e eccellente outlet di palla senza rinunciare al potere. Il suo nucleo di gomma Eva a doppia densit\u00e0 \u00e8 ideale per coloro che desiderano generare velocit\u00e0 nei loro colpi, mantenendo sempre un controllo eccezionale. Con un medio equilibrio, questa pala si adatta a diversi stili di gioco, facilitando sia gli attacchi che le difese. Sei gi\u00e0 un giocatore di livello avanzato o intermedio, Kombat Osorno ti permetter\u00e0 di migliorare le tue prestazioni in campo, offrendoti un&#8217;esperienza di gioco confortevole ed efficiente.<\/p>\n<p><strong> Kombat Osorno in Revolution Padel Store <\/strong><\/p>\n<p>Non aspettare pi\u00f9 per migliorare il tuo gioco con il <strong> Kombat Osorno <\/strong>. Il suo design innovativo ti consentir\u00e0 di generare colpi rapidi e precisi senza perdere il controllo. Ottieni il tuo e prova la differenza nel tuo allenamento e le tue partite!<strong>Kombat Osorno, pala de l\u00e1grima Colecci\u00f3n 2025<\/strong><\/p>\n","protected":false},"excerpt":{"rendered":"<p>Il Kombat Osorno offre un equilibrio tra controllo e potenza, ideale per i giocatori che cercano comfort e una grande sfera in ogni colpo.<\/p>\n","protected":false},"featured_media":124921,"comment_status":"open","ping_status":"closed","template":"","meta":{"_acf_changed":false,"_joinchat":[]},"acabado":[1091],"balance":[1141],"dureza":[1151],"forma":[1186],"jugador":[1201,1191],"marca":[1704],"nivel-de-juego":[1336],"superficie":[1361],"tipo-de-juego":[1386],"product_brand":[],"product_cat":[301],"product_tag":[],"class_list":{"0":"post-125466","1":"product","2":"type-product","3":"status-publish","4":"has-post-thumbnail","6":"acabado-relieve-3d-it","7":"balance-medio-it","8":"dureza-blanda-it","9":"forma-lagrima-it","10":"jugador-multiuso","11":"jugador-uomo","12":"marca-kombat-it","13":"superficie-rugosa-it","14":"tipo-de-juego-multiuso","15":"product_cat-palas-de-padel-it","17":"first","18":"instock","19":"taxable","20":"shipping-taxable","21":"purchasable","22":"product-type-simple"},"acf":[],"yoast_head":"<!-- This site is optimized with the Yoast SEO plugin v27.3 - https:\/\/yoast.com\/product\/yoast-seo-wordpress\/ -->\n<title>KOMBAT OSORNO - Revolution Padel Store<\/title>\n<meta name=\"description\" content=\"La Kombat Osorno est\u00e1 pensada para quienes buscan un equilibrio perfecto entre potencia y confort en su juego. Inspirada en la majestuosidad del volc\u00e1n Osorno en Chile, esta pala tiene un dise\u00f1o en forma de l\u00e1grima que ofrece un rendimiento sobresaliente tanto en control como en salida de bola\" \/>\n<meta name=\"robots\" content=\"index, follow, max-snippet:-1, max-image-preview:large, max-video-preview:-1\" \/>\n<link rel=\"canonical\" href=\"https:\/\/revolutionpadelstore.com\/it\/prodotto\/kombat-osorno\/\" \/>\n<meta property=\"og:locale\" content=\"it_IT\" \/>\n<meta property=\"og:type\" content=\"article\" \/>\n<meta property=\"og:title\" content=\"KOMBAT OSORNO - Revolution Padel Store\" \/>\n<meta property=\"og:description\" content=\"La Kombat Osorno est\u00e1 pensada para quienes buscan un equilibrio perfecto entre potencia y confort en su juego. Inspirada en la majestuosidad del volc\u00e1n Osorno en Chile, esta pala tiene un dise\u00f1o en forma de l\u00e1grima que ofrece un rendimiento sobresaliente tanto en control como en salida de bola\" \/>\n<meta property=\"og:url\" content=\"https:\/\/revolutionpadelstore.com\/it\/prodotto\/kombat-osorno\/\" \/>\n<meta property=\"og:site_name\" content=\"Revolution Padel Store\" \/>\n<meta property=\"article:modified_time\" content=\"2026-04-01T04:54:19+00:00\" \/>\n<meta property=\"og:image\" content=\"https:\/\/revolutionpadelstore.com\/wp-content\/uploads\/2024\/11\/115025_pala_kombat_osorno_1500x1500_1_66f0.webp\" \/>\n\t<meta property=\"og:image:width\" content=\"1500\" \/>\n\t<meta property=\"og:image:height\" content=\"1500\" \/>\n\t<meta property=\"og:image:type\" content=\"image\/webp\" \/>\n<meta name=\"twitter:card\" content=\"summary_large_image\" \/>\n<meta name=\"twitter:label1\" content=\"Tempo di lettura stimato\" \/>\n\t<meta name=\"twitter:data1\" content=\"2 minuti\" \/>\n<script type=\"application\/ld+json\" class=\"yoast-schema-graph\">{\"@context\":\"https:\\\/\\\/schema.org\",\"@graph\":[{\"@type\":\"WebPage\",\"@id\":\"https:\\\/\\\/revolutionpadelstore.com\\\/it\\\/prodotto\\\/kombat-osorno\\\/\",\"url\":\"https:\\\/\\\/revolutionpadelstore.com\\\/it\\\/prodotto\\\/kombat-osorno\\\/\",\"name\":\"KOMBAT OSORNO - Revolution Padel Store\",\"isPartOf\":{\"@id\":\"https:\\\/\\\/revolutionpadelstore.com\\\/it\\\/#website\"},\"primaryImageOfPage\":{\"@id\":\"https:\\\/\\\/revolutionpadelstore.com\\\/it\\\/prodotto\\\/kombat-osorno\\\/#primaryimage\"},\"image\":{\"@id\":\"https:\\\/\\\/revolutionpadelstore.com\\\/it\\\/prodotto\\\/kombat-osorno\\\/#primaryimage\"},\"thumbnailUrl\":\"https:\\\/\\\/revolutionpadelstore.com\\\/wp-content\\\/uploads\\\/2024\\\/11\\\/115025_pala_kombat_osorno_1500x1500_1_66f0.webp\",\"datePublished\":\"2024-11-22T07:17:30+00:00\",\"dateModified\":\"2026-04-01T04:54:19+00:00\",\"description\":\"La Kombat Osorno est\u00e1 pensada para quienes buscan un equilibrio perfecto entre potencia y confort en su juego. Inspirada en la majestuosidad del volc\u00e1n Osorno en Chile, esta pala tiene un dise\u00f1o en forma de l\u00e1grima que ofrece un rendimiento sobresaliente tanto en control como en salida de bola\",\"breadcrumb\":{\"@id\":\"https:\\\/\\\/revolutionpadelstore.com\\\/it\\\/prodotto\\\/kombat-osorno\\\/#breadcrumb\"},\"inLanguage\":\"it-IT\",\"potentialAction\":[{\"@type\":\"ReadAction\",\"target\":[\"https:\\\/\\\/revolutionpadelstore.com\\\/it\\\/prodotto\\\/kombat-osorno\\\/\"]}]},{\"@type\":\"ImageObject\",\"inLanguage\":\"it-IT\",\"@id\":\"https:\\\/\\\/revolutionpadelstore.com\\\/it\\\/prodotto\\\/kombat-osorno\\\/#primaryimage\",\"url\":\"https:\\\/\\\/revolutionpadelstore.com\\\/wp-content\\\/uploads\\\/2024\\\/11\\\/115025_pala_kombat_osorno_1500x1500_1_66f0.webp\",\"contentUrl\":\"https:\\\/\\\/revolutionpadelstore.com\\\/wp-content\\\/uploads\\\/2024\\\/11\\\/115025_pala_kombat_osorno_1500x1500_1_66f0.webp\",\"width\":1500,\"height\":1500},{\"@type\":\"BreadcrumbList\",\"@id\":\"https:\\\/\\\/revolutionpadelstore.com\\\/it\\\/prodotto\\\/kombat-osorno\\\/#breadcrumb\",\"itemListElement\":[{\"@type\":\"ListItem\",\"position\":1,\"name\":\"Portada\",\"item\":\"https:\\\/\\\/revolutionpadelstore.com\\\/it\\\/\"},{\"@type\":\"ListItem\",\"position\":2,\"name\":\"Tienda\",\"item\":\"https:\\\/\\\/revolutionpadelstore.com\\\/it\\\/tienda\\\/\"},{\"@type\":\"ListItem\",\"position\":3,\"name\":\"KOMBAT OSORNO\"}]},{\"@type\":\"WebSite\",\"@id\":\"https:\\\/\\\/revolutionpadelstore.com\\\/it\\\/#website\",\"url\":\"https:\\\/\\\/revolutionpadelstore.com\\\/it\\\/\",\"name\":\"Revolution Padel Store\",\"description\":\"\",\"publisher\":{\"@id\":\"https:\\\/\\\/revolutionpadelstore.com\\\/it\\\/#organization\"},\"potentialAction\":[{\"@type\":\"SearchAction\",\"target\":{\"@type\":\"EntryPoint\",\"urlTemplate\":\"https:\\\/\\\/revolutionpadelstore.com\\\/it\\\/?s={search_term_string}\"},\"query-input\":{\"@type\":\"PropertyValueSpecification\",\"valueRequired\":true,\"valueName\":\"search_term_string\"}}],\"inLanguage\":\"it-IT\"},{\"@type\":\"Organization\",\"@id\":\"https:\\\/\\\/revolutionpadelstore.com\\\/it\\\/#organization\",\"name\":\"Revolution Padel Store\",\"url\":\"https:\\\/\\\/revolutionpadelstore.com\\\/it\\\/\",\"logo\":{\"@type\":\"ImageObject\",\"inLanguage\":\"it-IT\",\"@id\":\"https:\\\/\\\/revolutionpadelstore.com\\\/it\\\/#\\\/schema\\\/logo\\\/image\\\/\",\"url\":\"https:\\\/\\\/revolutionpadelstore.com\\\/wp-content\\\/uploads\\\/2026\\\/02\\\/revolution-padel-store.jpg\",\"contentUrl\":\"https:\\\/\\\/revolutionpadelstore.com\\\/wp-content\\\/uploads\\\/2026\\\/02\\\/revolution-padel-store.jpg\",\"width\":2000,\"height\":2000,\"caption\":\"Revolution Padel Store\"},\"image\":{\"@id\":\"https:\\\/\\\/revolutionpadelstore.com\\\/it\\\/#\\\/schema\\\/logo\\\/image\\\/\"},\"sameAs\":[\"https:\\\/\\\/www.instagram.com\\\/revolutionpadelstore\\\/\"]}]}<\/script>\n<!-- \/ Yoast SEO plugin. -->","yoast_head_json":{"title":"KOMBAT OSORNO - Revolution Padel Store","description":"La Kombat Osorno est\u00e1 pensada para quienes buscan un equilibrio perfecto entre potencia y confort en su juego. Inspirada en la majestuosidad del volc\u00e1n Osorno en Chile, esta pala tiene un dise\u00f1o en forma de l\u00e1grima que ofrece un rendimiento sobresaliente tanto en control como en salida de bola","robots":{"index":"index","follow":"follow","max-snippet":"max-snippet:-1","max-image-preview":"max-image-preview:large","max-video-preview":"max-video-preview:-1"},"canonical":"https:\/\/revolutionpadelstore.com\/it\/prodotto\/kombat-osorno\/","og_locale":"it_IT","og_type":"article","og_title":"KOMBAT OSORNO - Revolution Padel Store","og_description":"La Kombat Osorno est\u00e1 pensada para quienes buscan un equilibrio perfecto entre potencia y confort en su juego. Inspirada en la majestuosidad del volc\u00e1n Osorno en Chile, esta pala tiene un dise\u00f1o en forma de l\u00e1grima que ofrece un rendimiento sobresaliente tanto en control como en salida de bola","og_url":"https:\/\/revolutionpadelstore.com\/it\/prodotto\/kombat-osorno\/","og_site_name":"Revolution Padel Store","article_modified_time":"2026-04-01T04:54:19+00:00","og_image":[{"width":1500,"height":1500,"url":"https:\/\/revolutionpadelstore.com\/wp-content\/uploads\/2024\/11\/115025_pala_kombat_osorno_1500x1500_1_66f0.webp","type":"image\/webp"}],"twitter_card":"summary_large_image","twitter_misc":{"Tempo di lettura stimato":"2 minuti"},"schema":{"@context":"https:\/\/schema.org","@graph":[{"@type":"WebPage","@id":"https:\/\/revolutionpadelstore.com\/it\/prodotto\/kombat-osorno\/","url":"https:\/\/revolutionpadelstore.com\/it\/prodotto\/kombat-osorno\/","name":"KOMBAT OSORNO - Revolution Padel Store","isPartOf":{"@id":"https:\/\/revolutionpadelstore.com\/it\/#website"},"primaryImageOfPage":{"@id":"https:\/\/revolutionpadelstore.com\/it\/prodotto\/kombat-osorno\/#primaryimage"},"image":{"@id":"https:\/\/revolutionpadelstore.com\/it\/prodotto\/kombat-osorno\/#primaryimage"},"thumbnailUrl":"https:\/\/revolutionpadelstore.com\/wp-content\/uploads\/2024\/11\/115025_pala_kombat_osorno_1500x1500_1_66f0.webp","datePublished":"2024-11-22T07:17:30+00:00","dateModified":"2026-04-01T04:54:19+00:00","description":"La Kombat Osorno est\u00e1 pensada para quienes buscan un equilibrio perfecto entre potencia y confort en su juego. Inspirada en la majestuosidad del volc\u00e1n Osorno en Chile, esta pala tiene un dise\u00f1o en forma de l\u00e1grima que ofrece un rendimiento sobresaliente tanto en control como en salida de bola","breadcrumb":{"@id":"https:\/\/revolutionpadelstore.com\/it\/prodotto\/kombat-osorno\/#breadcrumb"},"inLanguage":"it-IT","potentialAction":[{"@type":"ReadAction","target":["https:\/\/revolutionpadelstore.com\/it\/prodotto\/kombat-osorno\/"]}]},{"@type":"ImageObject","inLanguage":"it-IT","@id":"https:\/\/revolutionpadelstore.com\/it\/prodotto\/kombat-osorno\/#primaryimage","url":"https:\/\/revolutionpadelstore.com\/wp-content\/uploads\/2024\/11\/115025_pala_kombat_osorno_1500x1500_1_66f0.webp","contentUrl":"https:\/\/revolutionpadelstore.com\/wp-content\/uploads\/2024\/11\/115025_pala_kombat_osorno_1500x1500_1_66f0.webp","width":1500,"height":1500},{"@type":"BreadcrumbList","@id":"https:\/\/revolutionpadelstore.com\/it\/prodotto\/kombat-osorno\/#breadcrumb","itemListElement":[{"@type":"ListItem","position":1,"name":"Portada","item":"https:\/\/revolutionpadelstore.com\/it\/"},{"@type":"ListItem","position":2,"name":"Tienda","item":"https:\/\/revolutionpadelstore.com\/it\/tienda\/"},{"@type":"ListItem","position":3,"name":"KOMBAT OSORNO"}]},{"@type":"WebSite","@id":"https:\/\/revolutionpadelstore.com\/it\/#website","url":"https:\/\/revolutionpadelstore.com\/it\/","name":"Revolution Padel Store","description":"","publisher":{"@id":"https:\/\/revolutionpadelstore.com\/it\/#organization"},"potentialAction":[{"@type":"SearchAction","target":{"@type":"EntryPoint","urlTemplate":"https:\/\/revolutionpadelstore.com\/it\/?s={search_term_string}"},"query-input":{"@type":"PropertyValueSpecification","valueRequired":true,"valueName":"search_term_string"}}],"inLanguage":"it-IT"},{"@type":"Organization","@id":"https:\/\/revolutionpadelstore.com\/it\/#organization","name":"Revolution Padel Store","url":"https:\/\/revolutionpadelstore.com\/it\/","logo":{"@type":"ImageObject","inLanguage":"it-IT","@id":"https:\/\/revolutionpadelstore.com\/it\/#\/schema\/logo\/image\/","url":"https:\/\/revolutionpadelstore.com\/wp-content\/uploads\/2026\/02\/revolution-padel-store.jpg","contentUrl":"https:\/\/revolutionpadelstore.com\/wp-content\/uploads\/2026\/02\/revolution-padel-store.jpg","width":2000,"height":2000,"caption":"Revolution Padel Store"},"image":{"@id":"https:\/\/revolutionpadelstore.com\/it\/#\/schema\/logo\/image\/"},"sameAs":["https:\/\/www.instagram.com\/revolutionpadelstore\/"]}]}},"_links":{"self":[{"href":"https:\/\/revolutionpadelstore.com\/it\/wp-json\/wp\/v2\/product\/125466","targetHints":{"allow":["GET"]}}],"collection":[{"href":"https:\/\/revolutionpadelstore.com\/it\/wp-json\/wp\/v2\/product"}],"about":[{"href":"https:\/\/revolutionpadelstore.com\/it\/wp-json\/wp\/v2\/types\/product"}],"replies":[{"embeddable":true,"href":"https:\/\/revolutionpadelstore.com\/it\/wp-json\/wp\/v2\/comments?post=125466"}],"wp:featuredmedia":[{"embeddable":true,"href":"https:\/\/revolutionpadelstore.com\/it\/wp-json\/wp\/v2\/media\/124921"}],"wp:attachment":[{"href":"https:\/\/revolutionpadelstore.com\/it\/wp-json\/wp\/v2\/media?parent=125466"}],"wp:term":[{"taxonomy":"acabado","embeddable":true,"href":"https:\/\/revolutionpadelstore.com\/it\/wp-json\/wp\/v2\/acabado?post=125466"},{"taxonomy":"balance","embeddable":true,"href":"https:\/\/revolutionpadelstore.com\/it\/wp-json\/wp\/v2\/balance?post=125466"},{"taxonomy":"dureza","embeddable":true,"href":"https:\/\/revolutionpadelstore.com\/it\/wp-json\/wp\/v2\/dureza?post=125466"},{"taxonomy":"forma","embeddable":true,"href":"https:\/\/revolutionpadelstore.com\/it\/wp-json\/wp\/v2\/forma?post=125466"},{"taxonomy":"jugador","embeddable":true,"href":"https:\/\/revolutionpadelstore.com\/it\/wp-json\/wp\/v2\/jugador?post=125466"},{"taxonomy":"marca","embeddable":true,"href":"https:\/\/revolutionpadelstore.com\/it\/wp-json\/wp\/v2\/marca?post=125466"},{"taxonomy":"nivel-de-juego","embeddable":true,"href":"https:\/\/revolutionpadelstore.com\/it\/wp-json\/wp\/v2\/nivel-de-juego?post=125466"},{"taxonomy":"superficie","embeddable":true,"href":"https:\/\/revolutionpadelstore.com\/it\/wp-json\/wp\/v2\/superficie?post=125466"},{"taxonomy":"tipo-de-juego","embeddable":true,"href":"https:\/\/revolutionpadelstore.com\/it\/wp-json\/wp\/v2\/tipo-de-juego?post=125466"},{"taxonomy":"product_brand","embeddable":true,"href":"https:\/\/revolutionpadelstore.com\/it\/wp-json\/wp\/v2\/product_brand?post=125466"},{"taxonomy":"product_cat","embeddable":true,"href":"https:\/\/revolutionpadelstore.com\/it\/wp-json\/wp\/v2\/product_cat?post=125466"},{"taxonomy":"product_tag","embeddable":true,"href":"https:\/\/revolutionpadelstore.com\/it\/wp-json\/wp\/v2\/product_tag?post=125466"}],"curies":[{"name":"wp","href":"https:\/\/api.w.org\/{rel}","templated":true}]}}