{"id":125461,"date":"2024-11-22T08:29:02","date_gmt":"2024-11-22T07:29:02","guid":{"rendered":"https:\/\/revolutionpadelstore.com\/kombat-fuji\/"},"modified":"2026-04-01T06:53:54","modified_gmt":"2026-04-01T04:53:54","slug":"kombat-fuji-4","status":"publish","type":"product","link":"https:\/\/revolutionpadelstore.com\/it\/prodotto\/kombat-fuji-4\/","title":{"rendered":"KOMBAT FUJI"},"content":{"rendered":"<h2> <strong> kombat fuji, massima versatilit\u00e0 <\/strong> <\/h2>\n<p>La paddle Fuji di Kombat \u00e8 il modello preferito da Manu Mart\u00edn all&#8217;interno della collezione Vulcano, grazie alle sue caratteristiche eccezionali e alla sua solida costruzione, che garantisce prestazioni superiori in pista. Il suo design \u00e8 ispirato alla maestosit\u00e0 del Monte Fuji.<\/p>\n<p>Con uno stampo a forma di lacrima, l&#8217;equilibrio medio e un punto dolce centrato, il Fuji Kombat si distingue per la sua versatilit\u00e0 e capacit\u00e0 di adattarsi a qualsiasi situazione di gioco. Il bilanciamento medio distribuisce il peso in modo equilibrato, mentre il punto dolce al centro consente di ottenere le migliori prestazioni in un&#8217;ampia variet\u00e0 di colpi.<\/p>\n<h2> <strong> pala fuji, ideale per i giocatori impegnativi <\/strong> <\/h2>\n<p>Questa pala \u00e8 stata specificamente progettata per i giocatori di paddle che sono alla ricerca di una maggiore versatilit\u00e0 nel loro gioco e desiderano stampare pi\u00f9 effetti sulla palla, il che consente loro di eseguire una gamma pi\u00f9 ampia di colpi. \u00c8 perfetto per chiedere ai giocatori che cercano un equilibrio tra controllo e potenza, che offrono un eccezionale outlet di palla.<\/p>\n<h2> <strong> Caratteristiche della pala Fuji Kombat <\/strong> <\/h2>\n<p><strong> -Black Eva Eva Nougen Nightness Nightness <\/strong>: fornisce una sensazione precisa e un eccellente outlet di palla.<\/p>\n<p><strong> -Barco Fibra di carbonio tubolare 100%<\/strong>: migliora la durata grazie alla sua grande resistenza all&#8217;usura.<\/p>\n<p><strong> -carbon piani aluminizzato 18K <\/strong>: forniscono flessibilit\u00e0 e un controllo migliorato.<\/p>\n<p><strong> -superficie rugosa <\/strong>: consente una maggiore presa della palla, il che rende pi\u00f9 facile colpirla con maggiore effetto.<br \/>\n&lt;In<br \/>\nNon perdere l&#039;opportunit\u00e0 di raggiungere il tuo livello massimo in pista con il Kombat Fuji, la pala lacrima pi\u00f9 equilibrata della collezione Kombat Vulcan. Con piani di carbonio 18K e nucleo EVA nero, questa pala offre sempre prestazioni eccezionali.<\/p>\n<h2><strong>Kombat Fuji, m\u00e1xima versatilidad<\/strong><\/p>\n","protected":false},"excerpt":{"rendered":"<p>Kombat Fuji, pala strappamento con equilibrio intermedio per i giocatori che hanno bisogno di ulteriore versatilit\u00e0 per migliorare le loro prestazioni in pista. Nucleo Eva nero e aerei di carbonio grezzo 18K.<\/p>\n","protected":false},"featured_media":124952,"comment_status":"open","ping_status":"closed","template":"","meta":{"_acf_changed":false,"_joinchat":[]},"acabado":[1086,1081,1091],"balance":[1141],"dureza":[1156],"forma":[1186],"jugador":[1201,1191],"marca":[1704],"nivel-de-juego":[1336,1341],"superficie":[1361],"tipo-de-juego":[1386],"product_brand":[],"product_cat":[301],"product_tag":[],"class_list":{"0":"post-125461","1":"product","2":"type-product","3":"status-publish","4":"has-post-thumbnail","6":"acabado-amico","7":"acabado-luminosita","8":"acabado-relieve-3d-it","9":"balance-medio-it","10":"dureza-media-it","11":"forma-lagrima-it","12":"jugador-multiuso","13":"jugador-uomo","14":"marca-kombat-it","15":"superficie-rugosa-it","16":"tipo-de-juego-multiuso","17":"product_cat-palas-de-padel-it","19":"first","20":"instock","21":"taxable","22":"shipping-taxable","23":"purchasable","24":"product-type-simple"},"acf":[],"yoast_head":"<!-- This site is optimized with the Yoast SEO plugin v27.3 - https:\/\/yoast.com\/product\/yoast-seo-wordpress\/ -->\n<title>KOMBAT FUJI - Revolution Padel Store<\/title>\n<meta name=\"description\" content=\"La pala de p\u00e1del Fuji de Kombat es el modelo favorito de Manu Mart\u00edn de la colecci\u00f3n Vulcano por sus incre\u00edbles prestaciones y construcci\u00f3n robusta, que la convierten en una opci\u00f3n que garantiza un gran rendimiento en el terreno de juego. Inspirada en la majestuosidad del monte Fuji.\" \/>\n<meta name=\"robots\" content=\"index, follow, max-snippet:-1, max-image-preview:large, max-video-preview:-1\" \/>\n<link rel=\"canonical\" href=\"https:\/\/revolutionpadelstore.com\/it\/prodotto\/kombat-fuji-4\/\" \/>\n<meta property=\"og:locale\" content=\"it_IT\" \/>\n<meta property=\"og:type\" content=\"article\" \/>\n<meta property=\"og:title\" content=\"KOMBAT FUJI - Revolution Padel Store\" \/>\n<meta property=\"og:description\" content=\"La pala de p\u00e1del Fuji de Kombat es el modelo favorito de Manu Mart\u00edn de la colecci\u00f3n Vulcano por sus incre\u00edbles prestaciones y construcci\u00f3n robusta, que la convierten en una opci\u00f3n que garantiza un gran rendimiento en el terreno de juego. Inspirada en la majestuosidad del monte Fuji.\" \/>\n<meta property=\"og:url\" content=\"https:\/\/revolutionpadelstore.com\/it\/prodotto\/kombat-fuji-4\/\" \/>\n<meta property=\"og:site_name\" content=\"Revolution Padel Store\" \/>\n<meta property=\"article:modified_time\" content=\"2026-04-01T04:53:54+00:00\" \/>\n<meta property=\"og:image\" content=\"https:\/\/revolutionpadelstore.com\/wp-content\/uploads\/2024\/11\/115022_pala_kombat_fuji_1500x1500_1_b0e5.webp\" \/>\n\t<meta property=\"og:image:width\" content=\"1500\" \/>\n\t<meta property=\"og:image:height\" content=\"1500\" \/>\n\t<meta property=\"og:image:type\" content=\"image\/webp\" \/>\n<meta name=\"twitter:card\" content=\"summary_large_image\" \/>\n<meta name=\"twitter:label1\" content=\"Tempo di lettura stimato\" \/>\n\t<meta name=\"twitter:data1\" content=\"2 minuti\" \/>\n<script type=\"application\/ld+json\" class=\"yoast-schema-graph\">{\"@context\":\"https:\\\/\\\/schema.org\",\"@graph\":[{\"@type\":\"WebPage\",\"@id\":\"https:\\\/\\\/revolutionpadelstore.com\\\/it\\\/prodotto\\\/kombat-fuji-4\\\/\",\"url\":\"https:\\\/\\\/revolutionpadelstore.com\\\/it\\\/prodotto\\\/kombat-fuji-4\\\/\",\"name\":\"KOMBAT FUJI - Revolution Padel Store\",\"isPartOf\":{\"@id\":\"https:\\\/\\\/revolutionpadelstore.com\\\/it\\\/#website\"},\"primaryImageOfPage\":{\"@id\":\"https:\\\/\\\/revolutionpadelstore.com\\\/it\\\/prodotto\\\/kombat-fuji-4\\\/#primaryimage\"},\"image\":{\"@id\":\"https:\\\/\\\/revolutionpadelstore.com\\\/it\\\/prodotto\\\/kombat-fuji-4\\\/#primaryimage\"},\"thumbnailUrl\":\"https:\\\/\\\/revolutionpadelstore.com\\\/wp-content\\\/uploads\\\/2024\\\/11\\\/115022_pala_kombat_fuji_1500x1500_1_b0e5.webp\",\"datePublished\":\"2024-11-22T07:29:02+00:00\",\"dateModified\":\"2026-04-01T04:53:54+00:00\",\"description\":\"La pala de p\u00e1del Fuji de Kombat es el modelo favorito de Manu Mart\u00edn de la colecci\u00f3n Vulcano por sus incre\u00edbles prestaciones y construcci\u00f3n robusta, que la convierten en una opci\u00f3n que garantiza un gran rendimiento en el terreno de juego. Inspirada en la majestuosidad del monte Fuji.\",\"breadcrumb\":{\"@id\":\"https:\\\/\\\/revolutionpadelstore.com\\\/it\\\/prodotto\\\/kombat-fuji-4\\\/#breadcrumb\"},\"inLanguage\":\"it-IT\",\"potentialAction\":[{\"@type\":\"ReadAction\",\"target\":[\"https:\\\/\\\/revolutionpadelstore.com\\\/it\\\/prodotto\\\/kombat-fuji-4\\\/\"]}]},{\"@type\":\"ImageObject\",\"inLanguage\":\"it-IT\",\"@id\":\"https:\\\/\\\/revolutionpadelstore.com\\\/it\\\/prodotto\\\/kombat-fuji-4\\\/#primaryimage\",\"url\":\"https:\\\/\\\/revolutionpadelstore.com\\\/wp-content\\\/uploads\\\/2024\\\/11\\\/115022_pala_kombat_fuji_1500x1500_1_b0e5.webp\",\"contentUrl\":\"https:\\\/\\\/revolutionpadelstore.com\\\/wp-content\\\/uploads\\\/2024\\\/11\\\/115022_pala_kombat_fuji_1500x1500_1_b0e5.webp\",\"width\":1500,\"height\":1500},{\"@type\":\"BreadcrumbList\",\"@id\":\"https:\\\/\\\/revolutionpadelstore.com\\\/it\\\/prodotto\\\/kombat-fuji-4\\\/#breadcrumb\",\"itemListElement\":[{\"@type\":\"ListItem\",\"position\":1,\"name\":\"Portada\",\"item\":\"https:\\\/\\\/revolutionpadelstore.com\\\/it\\\/\"},{\"@type\":\"ListItem\",\"position\":2,\"name\":\"Tienda\",\"item\":\"https:\\\/\\\/revolutionpadelstore.com\\\/it\\\/tienda\\\/\"},{\"@type\":\"ListItem\",\"position\":3,\"name\":\"KOMBAT FUJI\"}]},{\"@type\":\"WebSite\",\"@id\":\"https:\\\/\\\/revolutionpadelstore.com\\\/it\\\/#website\",\"url\":\"https:\\\/\\\/revolutionpadelstore.com\\\/it\\\/\",\"name\":\"Revolution Padel Store\",\"description\":\"\",\"publisher\":{\"@id\":\"https:\\\/\\\/revolutionpadelstore.com\\\/it\\\/#organization\"},\"potentialAction\":[{\"@type\":\"SearchAction\",\"target\":{\"@type\":\"EntryPoint\",\"urlTemplate\":\"https:\\\/\\\/revolutionpadelstore.com\\\/it\\\/?s={search_term_string}\"},\"query-input\":{\"@type\":\"PropertyValueSpecification\",\"valueRequired\":true,\"valueName\":\"search_term_string\"}}],\"inLanguage\":\"it-IT\"},{\"@type\":\"Organization\",\"@id\":\"https:\\\/\\\/revolutionpadelstore.com\\\/it\\\/#organization\",\"name\":\"Revolution Padel Store\",\"url\":\"https:\\\/\\\/revolutionpadelstore.com\\\/it\\\/\",\"logo\":{\"@type\":\"ImageObject\",\"inLanguage\":\"it-IT\",\"@id\":\"https:\\\/\\\/revolutionpadelstore.com\\\/it\\\/#\\\/schema\\\/logo\\\/image\\\/\",\"url\":\"https:\\\/\\\/revolutionpadelstore.com\\\/wp-content\\\/uploads\\\/2026\\\/02\\\/revolution-padel-store.jpg\",\"contentUrl\":\"https:\\\/\\\/revolutionpadelstore.com\\\/wp-content\\\/uploads\\\/2026\\\/02\\\/revolution-padel-store.jpg\",\"width\":2000,\"height\":2000,\"caption\":\"Revolution Padel Store\"},\"image\":{\"@id\":\"https:\\\/\\\/revolutionpadelstore.com\\\/it\\\/#\\\/schema\\\/logo\\\/image\\\/\"},\"sameAs\":[\"https:\\\/\\\/www.instagram.com\\\/revolutionpadelstore\\\/\"]}]}<\/script>\n<!-- \/ Yoast SEO plugin. -->","yoast_head_json":{"title":"KOMBAT FUJI - Revolution Padel Store","description":"La pala de p\u00e1del Fuji de Kombat es el modelo favorito de Manu Mart\u00edn de la colecci\u00f3n Vulcano por sus incre\u00edbles prestaciones y construcci\u00f3n robusta, que la convierten en una opci\u00f3n que garantiza un gran rendimiento en el terreno de juego. Inspirada en la majestuosidad del monte Fuji.","robots":{"index":"index","follow":"follow","max-snippet":"max-snippet:-1","max-image-preview":"max-image-preview:large","max-video-preview":"max-video-preview:-1"},"canonical":"https:\/\/revolutionpadelstore.com\/it\/prodotto\/kombat-fuji-4\/","og_locale":"it_IT","og_type":"article","og_title":"KOMBAT FUJI - Revolution Padel Store","og_description":"La pala de p\u00e1del Fuji de Kombat es el modelo favorito de Manu Mart\u00edn de la colecci\u00f3n Vulcano por sus incre\u00edbles prestaciones y construcci\u00f3n robusta, que la convierten en una opci\u00f3n que garantiza un gran rendimiento en el terreno de juego. Inspirada en la majestuosidad del monte Fuji.","og_url":"https:\/\/revolutionpadelstore.com\/it\/prodotto\/kombat-fuji-4\/","og_site_name":"Revolution Padel Store","article_modified_time":"2026-04-01T04:53:54+00:00","og_image":[{"width":1500,"height":1500,"url":"https:\/\/revolutionpadelstore.com\/wp-content\/uploads\/2024\/11\/115022_pala_kombat_fuji_1500x1500_1_b0e5.webp","type":"image\/webp"}],"twitter_card":"summary_large_image","twitter_misc":{"Tempo di lettura stimato":"2 minuti"},"schema":{"@context":"https:\/\/schema.org","@graph":[{"@type":"WebPage","@id":"https:\/\/revolutionpadelstore.com\/it\/prodotto\/kombat-fuji-4\/","url":"https:\/\/revolutionpadelstore.com\/it\/prodotto\/kombat-fuji-4\/","name":"KOMBAT FUJI - Revolution Padel Store","isPartOf":{"@id":"https:\/\/revolutionpadelstore.com\/it\/#website"},"primaryImageOfPage":{"@id":"https:\/\/revolutionpadelstore.com\/it\/prodotto\/kombat-fuji-4\/#primaryimage"},"image":{"@id":"https:\/\/revolutionpadelstore.com\/it\/prodotto\/kombat-fuji-4\/#primaryimage"},"thumbnailUrl":"https:\/\/revolutionpadelstore.com\/wp-content\/uploads\/2024\/11\/115022_pala_kombat_fuji_1500x1500_1_b0e5.webp","datePublished":"2024-11-22T07:29:02+00:00","dateModified":"2026-04-01T04:53:54+00:00","description":"La pala de p\u00e1del Fuji de Kombat es el modelo favorito de Manu Mart\u00edn de la colecci\u00f3n Vulcano por sus incre\u00edbles prestaciones y construcci\u00f3n robusta, que la convierten en una opci\u00f3n que garantiza un gran rendimiento en el terreno de juego. Inspirada en la majestuosidad del monte Fuji.","breadcrumb":{"@id":"https:\/\/revolutionpadelstore.com\/it\/prodotto\/kombat-fuji-4\/#breadcrumb"},"inLanguage":"it-IT","potentialAction":[{"@type":"ReadAction","target":["https:\/\/revolutionpadelstore.com\/it\/prodotto\/kombat-fuji-4\/"]}]},{"@type":"ImageObject","inLanguage":"it-IT","@id":"https:\/\/revolutionpadelstore.com\/it\/prodotto\/kombat-fuji-4\/#primaryimage","url":"https:\/\/revolutionpadelstore.com\/wp-content\/uploads\/2024\/11\/115022_pala_kombat_fuji_1500x1500_1_b0e5.webp","contentUrl":"https:\/\/revolutionpadelstore.com\/wp-content\/uploads\/2024\/11\/115022_pala_kombat_fuji_1500x1500_1_b0e5.webp","width":1500,"height":1500},{"@type":"BreadcrumbList","@id":"https:\/\/revolutionpadelstore.com\/it\/prodotto\/kombat-fuji-4\/#breadcrumb","itemListElement":[{"@type":"ListItem","position":1,"name":"Portada","item":"https:\/\/revolutionpadelstore.com\/it\/"},{"@type":"ListItem","position":2,"name":"Tienda","item":"https:\/\/revolutionpadelstore.com\/it\/tienda\/"},{"@type":"ListItem","position":3,"name":"KOMBAT FUJI"}]},{"@type":"WebSite","@id":"https:\/\/revolutionpadelstore.com\/it\/#website","url":"https:\/\/revolutionpadelstore.com\/it\/","name":"Revolution Padel Store","description":"","publisher":{"@id":"https:\/\/revolutionpadelstore.com\/it\/#organization"},"potentialAction":[{"@type":"SearchAction","target":{"@type":"EntryPoint","urlTemplate":"https:\/\/revolutionpadelstore.com\/it\/?s={search_term_string}"},"query-input":{"@type":"PropertyValueSpecification","valueRequired":true,"valueName":"search_term_string"}}],"inLanguage":"it-IT"},{"@type":"Organization","@id":"https:\/\/revolutionpadelstore.com\/it\/#organization","name":"Revolution Padel Store","url":"https:\/\/revolutionpadelstore.com\/it\/","logo":{"@type":"ImageObject","inLanguage":"it-IT","@id":"https:\/\/revolutionpadelstore.com\/it\/#\/schema\/logo\/image\/","url":"https:\/\/revolutionpadelstore.com\/wp-content\/uploads\/2026\/02\/revolution-padel-store.jpg","contentUrl":"https:\/\/revolutionpadelstore.com\/wp-content\/uploads\/2026\/02\/revolution-padel-store.jpg","width":2000,"height":2000,"caption":"Revolution Padel Store"},"image":{"@id":"https:\/\/revolutionpadelstore.com\/it\/#\/schema\/logo\/image\/"},"sameAs":["https:\/\/www.instagram.com\/revolutionpadelstore\/"]}]}},"_links":{"self":[{"href":"https:\/\/revolutionpadelstore.com\/it\/wp-json\/wp\/v2\/product\/125461","targetHints":{"allow":["GET"]}}],"collection":[{"href":"https:\/\/revolutionpadelstore.com\/it\/wp-json\/wp\/v2\/product"}],"about":[{"href":"https:\/\/revolutionpadelstore.com\/it\/wp-json\/wp\/v2\/types\/product"}],"replies":[{"embeddable":true,"href":"https:\/\/revolutionpadelstore.com\/it\/wp-json\/wp\/v2\/comments?post=125461"}],"wp:featuredmedia":[{"embeddable":true,"href":"https:\/\/revolutionpadelstore.com\/it\/wp-json\/wp\/v2\/media\/124952"}],"wp:attachment":[{"href":"https:\/\/revolutionpadelstore.com\/it\/wp-json\/wp\/v2\/media?parent=125461"}],"wp:term":[{"taxonomy":"acabado","embeddable":true,"href":"https:\/\/revolutionpadelstore.com\/it\/wp-json\/wp\/v2\/acabado?post=125461"},{"taxonomy":"balance","embeddable":true,"href":"https:\/\/revolutionpadelstore.com\/it\/wp-json\/wp\/v2\/balance?post=125461"},{"taxonomy":"dureza","embeddable":true,"href":"https:\/\/revolutionpadelstore.com\/it\/wp-json\/wp\/v2\/dureza?post=125461"},{"taxonomy":"forma","embeddable":true,"href":"https:\/\/revolutionpadelstore.com\/it\/wp-json\/wp\/v2\/forma?post=125461"},{"taxonomy":"jugador","embeddable":true,"href":"https:\/\/revolutionpadelstore.com\/it\/wp-json\/wp\/v2\/jugador?post=125461"},{"taxonomy":"marca","embeddable":true,"href":"https:\/\/revolutionpadelstore.com\/it\/wp-json\/wp\/v2\/marca?post=125461"},{"taxonomy":"nivel-de-juego","embeddable":true,"href":"https:\/\/revolutionpadelstore.com\/it\/wp-json\/wp\/v2\/nivel-de-juego?post=125461"},{"taxonomy":"superficie","embeddable":true,"href":"https:\/\/revolutionpadelstore.com\/it\/wp-json\/wp\/v2\/superficie?post=125461"},{"taxonomy":"tipo-de-juego","embeddable":true,"href":"https:\/\/revolutionpadelstore.com\/it\/wp-json\/wp\/v2\/tipo-de-juego?post=125461"},{"taxonomy":"product_brand","embeddable":true,"href":"https:\/\/revolutionpadelstore.com\/it\/wp-json\/wp\/v2\/product_brand?post=125461"},{"taxonomy":"product_cat","embeddable":true,"href":"https:\/\/revolutionpadelstore.com\/it\/wp-json\/wp\/v2\/product_cat?post=125461"},{"taxonomy":"product_tag","embeddable":true,"href":"https:\/\/revolutionpadelstore.com\/it\/wp-json\/wp\/v2\/product_tag?post=125461"}],"curies":[{"name":"wp","href":"https:\/\/api.w.org\/{rel}","templated":true}]}}