{"id":125456,"date":"2024-11-23T00:58:34","date_gmt":"2024-11-22T23:58:34","guid":{"rendered":"https:\/\/revolutionpadelstore.com\/kombat-etna\/"},"modified":"2026-04-01T06:53:30","modified_gmt":"2026-04-01T04:53:30","slug":"kombat-etna","status":"publish","type":"product","link":"https:\/\/revolutionpadelstore.com\/it\/prodotto\/kombat-etna\/","title":{"rendered":"KOMBAT ETNA"},"content":{"rendered":"<p><strong> kombat etna 2025: massima potenza <\/strong><\/p>\n<p>La lama Kombat Etna Paddle, parte della collezione Vulcano di Manu Mart\u00edn, ha una forma di diamante con un elevato equilibrio e un punto dolce orientato verso la parte superiore, il che lo rende un&#8217;opzione perfetta per i giocatori che cercano un potere straordinario nei loro colpi. Domina ogni punto sulla rete con la forza e la stabilit\u00e0 dei tuoi scatti. Il suo design \u00e8 ispirato all&#8217;imponente energia del vulcano Etna.<\/p>\n<p><strong> pala fuji: per i giocatori ambiziosi <\/strong><\/p>\n<p>La pala Fuji \u00e8 progettata per i giocatori offensivi che vogliono dominare ogni gioco vicino alla rete, cercando di aumentare la potenza e la velocit\u00e0 nei loro colpi senza perdere il controllo nei colpi decentralizzati. \u00c8 l&#8217;opzione ideale per i giocatori ambiziosi che cercano di raggiungere le loro massime prestazioni in campo.<\/p>\n<p><strong> caratteristiche del kombat etna <\/strong><\/p>\n<p>-12k piani di carbonio che forniscono una risposta solida e rapida in ogni colpo<\/p>\n<p>-Cars con finitura approssimativa per una maggiore precisione quando si colpisce con effetto<\/p>\n<p>-100%Marco tubolare in fibra di carbonio, che gli d\u00e0 leggerezza e resistenza<\/p>\n<p>-Il nome di gomma ad alta densit\u00e0 eva nera, garantendo un eccellente trasferimento di energia e un tocco fermo<\/p>\n<p>-Diamond forma con alto equilibrio per un potente attacco alla rete<\/p>\n<p>-Sistema Hole affilato, che estende il punto dolce, offre una maggiore precisione durante il colpo<\/p>\n<p><strong> Disponibile presso la rivoluzionaria padel store <\/strong><\/p>\n<p>Se sei un giocatore impegnativo che cerca pi\u00f9 potere negli scambi offensivi vicino alla rete, l&#8217;Etna Kombat, con la sua forma di diamante e l&#8217;elemento elevato, ti fornir\u00e0 prestazioni eccezionali e un ottimo sbocco a palla, migliorando rapidamente il gioco.<strong>Kombat Etna 2025: Potencia al m\u00e1ximo<\/strong><\/p>\n","protected":false},"excerpt":{"rendered":"<p>Kombat Etna 2025 della collezione Vulcano di Manu Mart\u00edn. Pala di diamanti con elevato equilibrio ideale per l&#8217;effetto di stampa e la potenza in ogni colpo. Progettato per giocatori offensivi.<\/p>\n","protected":false},"featured_media":125037,"comment_status":"open","ping_status":"closed","template":"","meta":{"_acf_changed":false,"_joinchat":[]},"acabado":[1086,1081],"balance":[1136],"dureza":[1161],"forma":[1171],"jugador":[1201,1191],"marca":[1704],"nivel-de-juego":[1336],"superficie":[1361],"tipo-de-juego":[1376],"product_brand":[],"product_cat":[301],"product_tag":[],"class_list":{"0":"post-125456","1":"product","2":"type-product","3":"status-publish","4":"has-post-thumbnail","6":"acabado-amico","7":"acabado-luminosita","8":"balance-alto-it","9":"dureza-dura-it","10":"forma-diamante-it","11":"jugador-multiuso","12":"jugador-uomo","13":"marca-kombat-it","14":"superficie-rugosa-it","15":"tipo-de-juego-potenza","16":"product_cat-palas-de-padel-it","18":"first","19":"instock","20":"taxable","21":"shipping-taxable","22":"purchasable","23":"product-type-simple"},"acf":[],"yoast_head":"<!-- This site is optimized with the Yoast SEO plugin v27.3 - https:\/\/yoast.com\/product\/yoast-seo-wordpress\/ -->\n<title>KOMBAT ETNA - Revolution Padel Store<\/title>\n<meta name=\"description\" content=\"La pala de p\u00e1del Kombat Etna, que pertenece a la colecci\u00f3n Vulcano by Manu Mart\u00edn, presenta una forma de diamante con un balance alto y punto dulce inclinado hacia la cabeza, por lo que es una opci\u00f3n que garantiza una espectacular potencia en el ataque. Podr\u00e1s dominar cada punto desde la red gracias a la magn\u00edfica potencia y solidez de tus golpes. Su dise\u00f1o se inspira en la incre\u00edble fuerza del volc\u00e1n Etna\" \/>\n<meta name=\"robots\" content=\"index, follow, max-snippet:-1, max-image-preview:large, max-video-preview:-1\" \/>\n<link rel=\"canonical\" href=\"https:\/\/revolutionpadelstore.com\/it\/prodotto\/kombat-etna\/\" \/>\n<meta property=\"og:locale\" content=\"it_IT\" \/>\n<meta property=\"og:type\" content=\"article\" \/>\n<meta property=\"og:title\" content=\"KOMBAT ETNA - Revolution Padel Store\" \/>\n<meta property=\"og:description\" content=\"La pala de p\u00e1del Kombat Etna, que pertenece a la colecci\u00f3n Vulcano by Manu Mart\u00edn, presenta una forma de diamante con un balance alto y punto dulce inclinado hacia la cabeza, por lo que es una opci\u00f3n que garantiza una espectacular potencia en el ataque. Podr\u00e1s dominar cada punto desde la red gracias a la magn\u00edfica potencia y solidez de tus golpes. Su dise\u00f1o se inspira en la incre\u00edble fuerza del volc\u00e1n Etna\" \/>\n<meta property=\"og:url\" content=\"https:\/\/revolutionpadelstore.com\/it\/prodotto\/kombat-etna\/\" \/>\n<meta property=\"og:site_name\" content=\"Revolution Padel Store\" \/>\n<meta property=\"article:modified_time\" content=\"2026-04-01T04:53:30+00:00\" \/>\n<meta property=\"og:image\" content=\"https:\/\/revolutionpadelstore.com\/wp-content\/uploads\/2024\/11\/115021_pala_kombat_etna_1500x1500_1_fc5d.webp\" \/>\n\t<meta property=\"og:image:width\" content=\"1500\" \/>\n\t<meta property=\"og:image:height\" content=\"1500\" \/>\n\t<meta property=\"og:image:type\" content=\"image\/webp\" \/>\n<meta name=\"twitter:card\" content=\"summary_large_image\" \/>\n<meta name=\"twitter:label1\" content=\"Tempo di lettura stimato\" \/>\n\t<meta name=\"twitter:data1\" content=\"2 minuti\" \/>\n<script type=\"application\/ld+json\" class=\"yoast-schema-graph\">{\"@context\":\"https:\\\/\\\/schema.org\",\"@graph\":[{\"@type\":\"WebPage\",\"@id\":\"https:\\\/\\\/revolutionpadelstore.com\\\/it\\\/prodotto\\\/kombat-etna\\\/\",\"url\":\"https:\\\/\\\/revolutionpadelstore.com\\\/it\\\/prodotto\\\/kombat-etna\\\/\",\"name\":\"KOMBAT ETNA - Revolution Padel Store\",\"isPartOf\":{\"@id\":\"https:\\\/\\\/revolutionpadelstore.com\\\/it\\\/#website\"},\"primaryImageOfPage\":{\"@id\":\"https:\\\/\\\/revolutionpadelstore.com\\\/it\\\/prodotto\\\/kombat-etna\\\/#primaryimage\"},\"image\":{\"@id\":\"https:\\\/\\\/revolutionpadelstore.com\\\/it\\\/prodotto\\\/kombat-etna\\\/#primaryimage\"},\"thumbnailUrl\":\"https:\\\/\\\/revolutionpadelstore.com\\\/wp-content\\\/uploads\\\/2024\\\/11\\\/115021_pala_kombat_etna_1500x1500_1_fc5d.webp\",\"datePublished\":\"2024-11-22T23:58:34+00:00\",\"dateModified\":\"2026-04-01T04:53:30+00:00\",\"description\":\"La pala de p\u00e1del Kombat Etna, que pertenece a la colecci\u00f3n Vulcano by Manu Mart\u00edn, presenta una forma de diamante con un balance alto y punto dulce inclinado hacia la cabeza, por lo que es una opci\u00f3n que garantiza una espectacular potencia en el ataque. Podr\u00e1s dominar cada punto desde la red gracias a la magn\u00edfica potencia y solidez de tus golpes. Su dise\u00f1o se inspira en la incre\u00edble fuerza del volc\u00e1n Etna\",\"breadcrumb\":{\"@id\":\"https:\\\/\\\/revolutionpadelstore.com\\\/it\\\/prodotto\\\/kombat-etna\\\/#breadcrumb\"},\"inLanguage\":\"it-IT\",\"potentialAction\":[{\"@type\":\"ReadAction\",\"target\":[\"https:\\\/\\\/revolutionpadelstore.com\\\/it\\\/prodotto\\\/kombat-etna\\\/\"]}]},{\"@type\":\"ImageObject\",\"inLanguage\":\"it-IT\",\"@id\":\"https:\\\/\\\/revolutionpadelstore.com\\\/it\\\/prodotto\\\/kombat-etna\\\/#primaryimage\",\"url\":\"https:\\\/\\\/revolutionpadelstore.com\\\/wp-content\\\/uploads\\\/2024\\\/11\\\/115021_pala_kombat_etna_1500x1500_1_fc5d.webp\",\"contentUrl\":\"https:\\\/\\\/revolutionpadelstore.com\\\/wp-content\\\/uploads\\\/2024\\\/11\\\/115021_pala_kombat_etna_1500x1500_1_fc5d.webp\",\"width\":1500,\"height\":1500},{\"@type\":\"BreadcrumbList\",\"@id\":\"https:\\\/\\\/revolutionpadelstore.com\\\/it\\\/prodotto\\\/kombat-etna\\\/#breadcrumb\",\"itemListElement\":[{\"@type\":\"ListItem\",\"position\":1,\"name\":\"Portada\",\"item\":\"https:\\\/\\\/revolutionpadelstore.com\\\/it\\\/\"},{\"@type\":\"ListItem\",\"position\":2,\"name\":\"Tienda\",\"item\":\"https:\\\/\\\/revolutionpadelstore.com\\\/it\\\/tienda\\\/\"},{\"@type\":\"ListItem\",\"position\":3,\"name\":\"KOMBAT ETNA\"}]},{\"@type\":\"WebSite\",\"@id\":\"https:\\\/\\\/revolutionpadelstore.com\\\/it\\\/#website\",\"url\":\"https:\\\/\\\/revolutionpadelstore.com\\\/it\\\/\",\"name\":\"Revolution Padel Store\",\"description\":\"\",\"publisher\":{\"@id\":\"https:\\\/\\\/revolutionpadelstore.com\\\/it\\\/#organization\"},\"potentialAction\":[{\"@type\":\"SearchAction\",\"target\":{\"@type\":\"EntryPoint\",\"urlTemplate\":\"https:\\\/\\\/revolutionpadelstore.com\\\/it\\\/?s={search_term_string}\"},\"query-input\":{\"@type\":\"PropertyValueSpecification\",\"valueRequired\":true,\"valueName\":\"search_term_string\"}}],\"inLanguage\":\"it-IT\"},{\"@type\":\"Organization\",\"@id\":\"https:\\\/\\\/revolutionpadelstore.com\\\/it\\\/#organization\",\"name\":\"Revolution Padel Store\",\"url\":\"https:\\\/\\\/revolutionpadelstore.com\\\/it\\\/\",\"logo\":{\"@type\":\"ImageObject\",\"inLanguage\":\"it-IT\",\"@id\":\"https:\\\/\\\/revolutionpadelstore.com\\\/it\\\/#\\\/schema\\\/logo\\\/image\\\/\",\"url\":\"https:\\\/\\\/revolutionpadelstore.com\\\/wp-content\\\/uploads\\\/2026\\\/02\\\/revolution-padel-store.jpg\",\"contentUrl\":\"https:\\\/\\\/revolutionpadelstore.com\\\/wp-content\\\/uploads\\\/2026\\\/02\\\/revolution-padel-store.jpg\",\"width\":2000,\"height\":2000,\"caption\":\"Revolution Padel Store\"},\"image\":{\"@id\":\"https:\\\/\\\/revolutionpadelstore.com\\\/it\\\/#\\\/schema\\\/logo\\\/image\\\/\"},\"sameAs\":[\"https:\\\/\\\/www.instagram.com\\\/revolutionpadelstore\\\/\"]}]}<\/script>\n<!-- \/ Yoast SEO plugin. -->","yoast_head_json":{"title":"KOMBAT ETNA - Revolution Padel Store","description":"La pala de p\u00e1del Kombat Etna, que pertenece a la colecci\u00f3n Vulcano by Manu Mart\u00edn, presenta una forma de diamante con un balance alto y punto dulce inclinado hacia la cabeza, por lo que es una opci\u00f3n que garantiza una espectacular potencia en el ataque. Podr\u00e1s dominar cada punto desde la red gracias a la magn\u00edfica potencia y solidez de tus golpes. Su dise\u00f1o se inspira en la incre\u00edble fuerza del volc\u00e1n Etna","robots":{"index":"index","follow":"follow","max-snippet":"max-snippet:-1","max-image-preview":"max-image-preview:large","max-video-preview":"max-video-preview:-1"},"canonical":"https:\/\/revolutionpadelstore.com\/it\/prodotto\/kombat-etna\/","og_locale":"it_IT","og_type":"article","og_title":"KOMBAT ETNA - Revolution Padel Store","og_description":"La pala de p\u00e1del Kombat Etna, que pertenece a la colecci\u00f3n Vulcano by Manu Mart\u00edn, presenta una forma de diamante con un balance alto y punto dulce inclinado hacia la cabeza, por lo que es una opci\u00f3n que garantiza una espectacular potencia en el ataque. Podr\u00e1s dominar cada punto desde la red gracias a la magn\u00edfica potencia y solidez de tus golpes. Su dise\u00f1o se inspira en la incre\u00edble fuerza del volc\u00e1n Etna","og_url":"https:\/\/revolutionpadelstore.com\/it\/prodotto\/kombat-etna\/","og_site_name":"Revolution Padel Store","article_modified_time":"2026-04-01T04:53:30+00:00","og_image":[{"width":1500,"height":1500,"url":"https:\/\/revolutionpadelstore.com\/wp-content\/uploads\/2024\/11\/115021_pala_kombat_etna_1500x1500_1_fc5d.webp","type":"image\/webp"}],"twitter_card":"summary_large_image","twitter_misc":{"Tempo di lettura stimato":"2 minuti"},"schema":{"@context":"https:\/\/schema.org","@graph":[{"@type":"WebPage","@id":"https:\/\/revolutionpadelstore.com\/it\/prodotto\/kombat-etna\/","url":"https:\/\/revolutionpadelstore.com\/it\/prodotto\/kombat-etna\/","name":"KOMBAT ETNA - Revolution Padel Store","isPartOf":{"@id":"https:\/\/revolutionpadelstore.com\/it\/#website"},"primaryImageOfPage":{"@id":"https:\/\/revolutionpadelstore.com\/it\/prodotto\/kombat-etna\/#primaryimage"},"image":{"@id":"https:\/\/revolutionpadelstore.com\/it\/prodotto\/kombat-etna\/#primaryimage"},"thumbnailUrl":"https:\/\/revolutionpadelstore.com\/wp-content\/uploads\/2024\/11\/115021_pala_kombat_etna_1500x1500_1_fc5d.webp","datePublished":"2024-11-22T23:58:34+00:00","dateModified":"2026-04-01T04:53:30+00:00","description":"La pala de p\u00e1del Kombat Etna, que pertenece a la colecci\u00f3n Vulcano by Manu Mart\u00edn, presenta una forma de diamante con un balance alto y punto dulce inclinado hacia la cabeza, por lo que es una opci\u00f3n que garantiza una espectacular potencia en el ataque. Podr\u00e1s dominar cada punto desde la red gracias a la magn\u00edfica potencia y solidez de tus golpes. Su dise\u00f1o se inspira en la incre\u00edble fuerza del volc\u00e1n Etna","breadcrumb":{"@id":"https:\/\/revolutionpadelstore.com\/it\/prodotto\/kombat-etna\/#breadcrumb"},"inLanguage":"it-IT","potentialAction":[{"@type":"ReadAction","target":["https:\/\/revolutionpadelstore.com\/it\/prodotto\/kombat-etna\/"]}]},{"@type":"ImageObject","inLanguage":"it-IT","@id":"https:\/\/revolutionpadelstore.com\/it\/prodotto\/kombat-etna\/#primaryimage","url":"https:\/\/revolutionpadelstore.com\/wp-content\/uploads\/2024\/11\/115021_pala_kombat_etna_1500x1500_1_fc5d.webp","contentUrl":"https:\/\/revolutionpadelstore.com\/wp-content\/uploads\/2024\/11\/115021_pala_kombat_etna_1500x1500_1_fc5d.webp","width":1500,"height":1500},{"@type":"BreadcrumbList","@id":"https:\/\/revolutionpadelstore.com\/it\/prodotto\/kombat-etna\/#breadcrumb","itemListElement":[{"@type":"ListItem","position":1,"name":"Portada","item":"https:\/\/revolutionpadelstore.com\/it\/"},{"@type":"ListItem","position":2,"name":"Tienda","item":"https:\/\/revolutionpadelstore.com\/it\/tienda\/"},{"@type":"ListItem","position":3,"name":"KOMBAT ETNA"}]},{"@type":"WebSite","@id":"https:\/\/revolutionpadelstore.com\/it\/#website","url":"https:\/\/revolutionpadelstore.com\/it\/","name":"Revolution Padel Store","description":"","publisher":{"@id":"https:\/\/revolutionpadelstore.com\/it\/#organization"},"potentialAction":[{"@type":"SearchAction","target":{"@type":"EntryPoint","urlTemplate":"https:\/\/revolutionpadelstore.com\/it\/?s={search_term_string}"},"query-input":{"@type":"PropertyValueSpecification","valueRequired":true,"valueName":"search_term_string"}}],"inLanguage":"it-IT"},{"@type":"Organization","@id":"https:\/\/revolutionpadelstore.com\/it\/#organization","name":"Revolution Padel Store","url":"https:\/\/revolutionpadelstore.com\/it\/","logo":{"@type":"ImageObject","inLanguage":"it-IT","@id":"https:\/\/revolutionpadelstore.com\/it\/#\/schema\/logo\/image\/","url":"https:\/\/revolutionpadelstore.com\/wp-content\/uploads\/2026\/02\/revolution-padel-store.jpg","contentUrl":"https:\/\/revolutionpadelstore.com\/wp-content\/uploads\/2026\/02\/revolution-padel-store.jpg","width":2000,"height":2000,"caption":"Revolution Padel Store"},"image":{"@id":"https:\/\/revolutionpadelstore.com\/it\/#\/schema\/logo\/image\/"},"sameAs":["https:\/\/www.instagram.com\/revolutionpadelstore\/"]}]}},"_links":{"self":[{"href":"https:\/\/revolutionpadelstore.com\/it\/wp-json\/wp\/v2\/product\/125456","targetHints":{"allow":["GET"]}}],"collection":[{"href":"https:\/\/revolutionpadelstore.com\/it\/wp-json\/wp\/v2\/product"}],"about":[{"href":"https:\/\/revolutionpadelstore.com\/it\/wp-json\/wp\/v2\/types\/product"}],"replies":[{"embeddable":true,"href":"https:\/\/revolutionpadelstore.com\/it\/wp-json\/wp\/v2\/comments?post=125456"}],"wp:featuredmedia":[{"embeddable":true,"href":"https:\/\/revolutionpadelstore.com\/it\/wp-json\/wp\/v2\/media\/125037"}],"wp:attachment":[{"href":"https:\/\/revolutionpadelstore.com\/it\/wp-json\/wp\/v2\/media?parent=125456"}],"wp:term":[{"taxonomy":"acabado","embeddable":true,"href":"https:\/\/revolutionpadelstore.com\/it\/wp-json\/wp\/v2\/acabado?post=125456"},{"taxonomy":"balance","embeddable":true,"href":"https:\/\/revolutionpadelstore.com\/it\/wp-json\/wp\/v2\/balance?post=125456"},{"taxonomy":"dureza","embeddable":true,"href":"https:\/\/revolutionpadelstore.com\/it\/wp-json\/wp\/v2\/dureza?post=125456"},{"taxonomy":"forma","embeddable":true,"href":"https:\/\/revolutionpadelstore.com\/it\/wp-json\/wp\/v2\/forma?post=125456"},{"taxonomy":"jugador","embeddable":true,"href":"https:\/\/revolutionpadelstore.com\/it\/wp-json\/wp\/v2\/jugador?post=125456"},{"taxonomy":"marca","embeddable":true,"href":"https:\/\/revolutionpadelstore.com\/it\/wp-json\/wp\/v2\/marca?post=125456"},{"taxonomy":"nivel-de-juego","embeddable":true,"href":"https:\/\/revolutionpadelstore.com\/it\/wp-json\/wp\/v2\/nivel-de-juego?post=125456"},{"taxonomy":"superficie","embeddable":true,"href":"https:\/\/revolutionpadelstore.com\/it\/wp-json\/wp\/v2\/superficie?post=125456"},{"taxonomy":"tipo-de-juego","embeddable":true,"href":"https:\/\/revolutionpadelstore.com\/it\/wp-json\/wp\/v2\/tipo-de-juego?post=125456"},{"taxonomy":"product_brand","embeddable":true,"href":"https:\/\/revolutionpadelstore.com\/it\/wp-json\/wp\/v2\/product_brand?post=125456"},{"taxonomy":"product_cat","embeddable":true,"href":"https:\/\/revolutionpadelstore.com\/it\/wp-json\/wp\/v2\/product_cat?post=125456"},{"taxonomy":"product_tag","embeddable":true,"href":"https:\/\/revolutionpadelstore.com\/it\/wp-json\/wp\/v2\/product_tag?post=125456"}],"curies":[{"name":"wp","href":"https:\/\/api.w.org\/{rel}","templated":true}]}}