{"id":125446,"date":"2024-11-23T11:16:46","date_gmt":"2024-11-23T10:16:46","guid":{"rendered":"https:\/\/revolutionpadelstore.com\/kombat-vesubio\/"},"modified":"2026-04-01T06:52:43","modified_gmt":"2026-04-01T04:52:43","slug":"kombat-vesubio-3","status":"publish","type":"product","link":"https:\/\/revolutionpadelstore.com\/it\/prodotto\/kombat-vesubio-3\/","title":{"rendered":"KOMBAT VESUBIO"},"content":{"rendered":"<h2> <strong> kombat vesuBio, collezione 2025 <\/strong> <\/h2>\n<p>Scopri il Kombat Vesubio, una pala ideale per coloro che cercano una sensazione morbida senza rinunciare a una prestazione esplosiva in ogni colpo. Il suo design, ispirato alla forza del vulcano Vesubio, lo rende uno strumento eccezionale per i giocatori che desiderano una miscela unica di comfort e potenza. Con la sua forma di diamante e un alto equilibrio, questa pala \u00e8 progettata per offrire prestazioni eccellenti sia in attacco che in difesa, garantendo la precisione in ogni colpo.<\/p>\n<h2> <strong> kombat vesuBio, pala di diamanti<br \/>\nKombat VesuBio \u00e8 perfetto per i giocatori che preferiscono un tocco pi\u00f9 morbido ma hanno anche bisogno di potere per eseguire colpi forti al momento giusto. Il suo nucleo in gomma Eva a doppia densit\u00e0 ottimizza il comfort, mentre la sua struttura leggera e duratura offre un&#8217;ottima presa a sfera. Questa pala \u00e8 ideale per coloro che cercano un equilibrio perfetto tra controllo e potenza, il che lo rende un&#8217;opzione eccezionale per i giocatori di tutti i livelli.<\/p>\n<p><strong> kombat vesuBio 2025 <\/strong> caratteristiche di kombat<br \/>\n<P> <strong> -form: <\/strong> Diamond con alto equilibrio, ideale per la potenza<br \/>\n<P> <strong> -nucolo: <\/strong> Eva nero di doppia densit\u00e0, ottimizzando l&#8217;output e la risposta rapidi<br \/>\n<P> <strong> -tubular: <\/strong> fibra di carbonio 100%, luce e resistente<\/p>\n<p> <strong> -plano: <\/strong> carbonio rozzo 3d per giocare a ogni colpo.<br \/>\n<P> <strong> -Wolving: <\/strong> Shine e Matte<\/p>\n<p style=\"padding-left: 40px\"> <strong> -sweet Zone: <\/strong> mezzo alto.<br \/>\n<P> <strong> -Bolida: <\/strong> 10\/10<br \/>\n<P> <strong> -petence: <\/strong> 8\/10<br \/>\n<P> <strong> -Control: <\/strong> 9\/10<br \/>\n<strong> Kombat VesuBio 2025 in Revolution Padel Store <\/strong><\/p>\n<p>Non perdere l&#8217;opportunit\u00e0 di migliorare le tue prestazioni con il Kombat VesuBio. Il suo design innovativo e l&#8217;eccezionale combinazione di funzionalit\u00e0 sono fatte una pala essenziale per qualsiasi giocatore. Osa sentire la potenza del vulcano Vesubio in ogni colpo. Ottieni il tuo ora e porta il tuo gioco al livello successivo!<\/p>\n<h2><strong>Kombat Vesubio, colecci\u00f3n 2025<\/strong><\/p>\n","protected":false},"excerpt":{"rendered":"<p>Kombat VesuBio \u00e8 una pala da paddle ideale per i giocatori che cercano un tocco morbido ed esplosivo, che offre un perfetto equilibrio tra comfort e potere.<\/p>\n","protected":false},"featured_media":125102,"comment_status":"open","ping_status":"closed","template":"","meta":{"_acf_changed":false,"_joinchat":[]},"acabado":[1091],"balance":[1136],"dureza":[1151],"forma":[1171],"jugador":[1201,1191],"marca":[1704],"nivel-de-juego":[1336],"superficie":[1361],"tipo-de-juego":[1376],"product_brand":[],"product_cat":[301],"product_tag":[],"class_list":{"0":"post-125446","1":"product","2":"type-product","3":"status-publish","4":"has-post-thumbnail","6":"acabado-relieve-3d-it","7":"balance-alto-it","8":"dureza-blanda-it","9":"forma-diamante-it","10":"jugador-multiuso","11":"jugador-uomo","12":"marca-kombat-it","13":"superficie-rugosa-it","14":"tipo-de-juego-potenza","15":"product_cat-palas-de-padel-it","17":"first","18":"instock","19":"taxable","20":"shipping-taxable","21":"purchasable","22":"product-type-simple"},"acf":[],"yoast_head":"<!-- This site is optimized with the Yoast SEO plugin v27.3 - https:\/\/yoast.com\/product\/yoast-seo-wordpress\/ -->\n<title>KOMBAT VESUBIO - Revolution Padel Store<\/title>\n<meta name=\"description\" content=\"Descubre la Kombat Vesubio, la pala perfecta para aquellos que buscan un tacto blando sin sacrificar el rendimiento explosivo en cada golpe. Su dise\u00f1o inspirado en el poder del volc\u00e1n Vesubio la convierte en una herramienta excepcional para los jugadores que desean una combinaci\u00f3n \u00fanica de comodidad y potencia. Con su forma de diamante y un balance alto, esta pala est\u00e1 dise\u00f1ada para ofrecer un desempe\u00f1o sobresaliente tanto en ataque como en defensa, garantizando precisi\u00f3n en cada golpe.\" \/>\n<meta name=\"robots\" content=\"index, follow, max-snippet:-1, max-image-preview:large, max-video-preview:-1\" \/>\n<link rel=\"canonical\" href=\"https:\/\/revolutionpadelstore.com\/it\/prodotto\/kombat-vesubio-3\/\" \/>\n<meta property=\"og:locale\" content=\"it_IT\" \/>\n<meta property=\"og:type\" content=\"article\" \/>\n<meta property=\"og:title\" content=\"KOMBAT VESUBIO - Revolution Padel Store\" \/>\n<meta property=\"og:description\" content=\"Descubre la Kombat Vesubio, la pala perfecta para aquellos que buscan un tacto blando sin sacrificar el rendimiento explosivo en cada golpe. Su dise\u00f1o inspirado en el poder del volc\u00e1n Vesubio la convierte en una herramienta excepcional para los jugadores que desean una combinaci\u00f3n \u00fanica de comodidad y potencia. Con su forma de diamante y un balance alto, esta pala est\u00e1 dise\u00f1ada para ofrecer un desempe\u00f1o sobresaliente tanto en ataque como en defensa, garantizando precisi\u00f3n en cada golpe.\" \/>\n<meta property=\"og:url\" content=\"https:\/\/revolutionpadelstore.com\/it\/prodotto\/kombat-vesubio-3\/\" \/>\n<meta property=\"og:site_name\" content=\"Revolution Padel Store\" \/>\n<meta property=\"article:modified_time\" content=\"2026-04-01T04:52:43+00:00\" \/>\n<meta property=\"og:image\" content=\"https:\/\/revolutionpadelstore.com\/wp-content\/uploads\/2024\/11\/115027_pala_kombat_vesubio_1500x1500_1_684b.webp\" \/>\n\t<meta property=\"og:image:width\" content=\"1500\" \/>\n\t<meta property=\"og:image:height\" content=\"1500\" \/>\n\t<meta property=\"og:image:type\" content=\"image\/webp\" \/>\n<meta name=\"twitter:card\" content=\"summary_large_image\" \/>\n<meta name=\"twitter:label1\" content=\"Tempo di lettura stimato\" \/>\n\t<meta name=\"twitter:data1\" content=\"2 minuti\" \/>\n<script type=\"application\/ld+json\" class=\"yoast-schema-graph\">{\"@context\":\"https:\\\/\\\/schema.org\",\"@graph\":[{\"@type\":\"WebPage\",\"@id\":\"https:\\\/\\\/revolutionpadelstore.com\\\/it\\\/prodotto\\\/kombat-vesubio-3\\\/\",\"url\":\"https:\\\/\\\/revolutionpadelstore.com\\\/it\\\/prodotto\\\/kombat-vesubio-3\\\/\",\"name\":\"KOMBAT VESUBIO - Revolution Padel Store\",\"isPartOf\":{\"@id\":\"https:\\\/\\\/revolutionpadelstore.com\\\/it\\\/#website\"},\"primaryImageOfPage\":{\"@id\":\"https:\\\/\\\/revolutionpadelstore.com\\\/it\\\/prodotto\\\/kombat-vesubio-3\\\/#primaryimage\"},\"image\":{\"@id\":\"https:\\\/\\\/revolutionpadelstore.com\\\/it\\\/prodotto\\\/kombat-vesubio-3\\\/#primaryimage\"},\"thumbnailUrl\":\"https:\\\/\\\/revolutionpadelstore.com\\\/wp-content\\\/uploads\\\/2024\\\/11\\\/115027_pala_kombat_vesubio_1500x1500_1_684b.webp\",\"datePublished\":\"2024-11-23T10:16:46+00:00\",\"dateModified\":\"2026-04-01T04:52:43+00:00\",\"description\":\"Descubre la Kombat Vesubio, la pala perfecta para aquellos que buscan un tacto blando sin sacrificar el rendimiento explosivo en cada golpe. Su dise\u00f1o inspirado en el poder del volc\u00e1n Vesubio la convierte en una herramienta excepcional para los jugadores que desean una combinaci\u00f3n \u00fanica de comodidad y potencia. Con su forma de diamante y un balance alto, esta pala est\u00e1 dise\u00f1ada para ofrecer un desempe\u00f1o sobresaliente tanto en ataque como en defensa, garantizando precisi\u00f3n en cada golpe.\",\"breadcrumb\":{\"@id\":\"https:\\\/\\\/revolutionpadelstore.com\\\/it\\\/prodotto\\\/kombat-vesubio-3\\\/#breadcrumb\"},\"inLanguage\":\"it-IT\",\"potentialAction\":[{\"@type\":\"ReadAction\",\"target\":[\"https:\\\/\\\/revolutionpadelstore.com\\\/it\\\/prodotto\\\/kombat-vesubio-3\\\/\"]}]},{\"@type\":\"ImageObject\",\"inLanguage\":\"it-IT\",\"@id\":\"https:\\\/\\\/revolutionpadelstore.com\\\/it\\\/prodotto\\\/kombat-vesubio-3\\\/#primaryimage\",\"url\":\"https:\\\/\\\/revolutionpadelstore.com\\\/wp-content\\\/uploads\\\/2024\\\/11\\\/115027_pala_kombat_vesubio_1500x1500_1_684b.webp\",\"contentUrl\":\"https:\\\/\\\/revolutionpadelstore.com\\\/wp-content\\\/uploads\\\/2024\\\/11\\\/115027_pala_kombat_vesubio_1500x1500_1_684b.webp\",\"width\":1500,\"height\":1500},{\"@type\":\"BreadcrumbList\",\"@id\":\"https:\\\/\\\/revolutionpadelstore.com\\\/it\\\/prodotto\\\/kombat-vesubio-3\\\/#breadcrumb\",\"itemListElement\":[{\"@type\":\"ListItem\",\"position\":1,\"name\":\"Portada\",\"item\":\"https:\\\/\\\/revolutionpadelstore.com\\\/it\\\/\"},{\"@type\":\"ListItem\",\"position\":2,\"name\":\"Tienda\",\"item\":\"https:\\\/\\\/revolutionpadelstore.com\\\/it\\\/tienda\\\/\"},{\"@type\":\"ListItem\",\"position\":3,\"name\":\"KOMBAT VESUBIO\"}]},{\"@type\":\"WebSite\",\"@id\":\"https:\\\/\\\/revolutionpadelstore.com\\\/it\\\/#website\",\"url\":\"https:\\\/\\\/revolutionpadelstore.com\\\/it\\\/\",\"name\":\"Revolution Padel Store\",\"description\":\"\",\"publisher\":{\"@id\":\"https:\\\/\\\/revolutionpadelstore.com\\\/it\\\/#organization\"},\"potentialAction\":[{\"@type\":\"SearchAction\",\"target\":{\"@type\":\"EntryPoint\",\"urlTemplate\":\"https:\\\/\\\/revolutionpadelstore.com\\\/it\\\/?s={search_term_string}\"},\"query-input\":{\"@type\":\"PropertyValueSpecification\",\"valueRequired\":true,\"valueName\":\"search_term_string\"}}],\"inLanguage\":\"it-IT\"},{\"@type\":\"Organization\",\"@id\":\"https:\\\/\\\/revolutionpadelstore.com\\\/it\\\/#organization\",\"name\":\"Revolution Padel Store\",\"url\":\"https:\\\/\\\/revolutionpadelstore.com\\\/it\\\/\",\"logo\":{\"@type\":\"ImageObject\",\"inLanguage\":\"it-IT\",\"@id\":\"https:\\\/\\\/revolutionpadelstore.com\\\/it\\\/#\\\/schema\\\/logo\\\/image\\\/\",\"url\":\"https:\\\/\\\/revolutionpadelstore.com\\\/wp-content\\\/uploads\\\/2026\\\/02\\\/revolution-padel-store.jpg\",\"contentUrl\":\"https:\\\/\\\/revolutionpadelstore.com\\\/wp-content\\\/uploads\\\/2026\\\/02\\\/revolution-padel-store.jpg\",\"width\":2000,\"height\":2000,\"caption\":\"Revolution Padel Store\"},\"image\":{\"@id\":\"https:\\\/\\\/revolutionpadelstore.com\\\/it\\\/#\\\/schema\\\/logo\\\/image\\\/\"},\"sameAs\":[\"https:\\\/\\\/www.instagram.com\\\/revolutionpadelstore\\\/\"]}]}<\/script>\n<!-- \/ Yoast SEO plugin. -->","yoast_head_json":{"title":"KOMBAT VESUBIO - Revolution Padel Store","description":"Descubre la Kombat Vesubio, la pala perfecta para aquellos que buscan un tacto blando sin sacrificar el rendimiento explosivo en cada golpe. Su dise\u00f1o inspirado en el poder del volc\u00e1n Vesubio la convierte en una herramienta excepcional para los jugadores que desean una combinaci\u00f3n \u00fanica de comodidad y potencia. Con su forma de diamante y un balance alto, esta pala est\u00e1 dise\u00f1ada para ofrecer un desempe\u00f1o sobresaliente tanto en ataque como en defensa, garantizando precisi\u00f3n en cada golpe.","robots":{"index":"index","follow":"follow","max-snippet":"max-snippet:-1","max-image-preview":"max-image-preview:large","max-video-preview":"max-video-preview:-1"},"canonical":"https:\/\/revolutionpadelstore.com\/it\/prodotto\/kombat-vesubio-3\/","og_locale":"it_IT","og_type":"article","og_title":"KOMBAT VESUBIO - Revolution Padel Store","og_description":"Descubre la Kombat Vesubio, la pala perfecta para aquellos que buscan un tacto blando sin sacrificar el rendimiento explosivo en cada golpe. Su dise\u00f1o inspirado en el poder del volc\u00e1n Vesubio la convierte en una herramienta excepcional para los jugadores que desean una combinaci\u00f3n \u00fanica de comodidad y potencia. Con su forma de diamante y un balance alto, esta pala est\u00e1 dise\u00f1ada para ofrecer un desempe\u00f1o sobresaliente tanto en ataque como en defensa, garantizando precisi\u00f3n en cada golpe.","og_url":"https:\/\/revolutionpadelstore.com\/it\/prodotto\/kombat-vesubio-3\/","og_site_name":"Revolution Padel Store","article_modified_time":"2026-04-01T04:52:43+00:00","og_image":[{"width":1500,"height":1500,"url":"https:\/\/revolutionpadelstore.com\/wp-content\/uploads\/2024\/11\/115027_pala_kombat_vesubio_1500x1500_1_684b.webp","type":"image\/webp"}],"twitter_card":"summary_large_image","twitter_misc":{"Tempo di lettura stimato":"2 minuti"},"schema":{"@context":"https:\/\/schema.org","@graph":[{"@type":"WebPage","@id":"https:\/\/revolutionpadelstore.com\/it\/prodotto\/kombat-vesubio-3\/","url":"https:\/\/revolutionpadelstore.com\/it\/prodotto\/kombat-vesubio-3\/","name":"KOMBAT VESUBIO - Revolution Padel Store","isPartOf":{"@id":"https:\/\/revolutionpadelstore.com\/it\/#website"},"primaryImageOfPage":{"@id":"https:\/\/revolutionpadelstore.com\/it\/prodotto\/kombat-vesubio-3\/#primaryimage"},"image":{"@id":"https:\/\/revolutionpadelstore.com\/it\/prodotto\/kombat-vesubio-3\/#primaryimage"},"thumbnailUrl":"https:\/\/revolutionpadelstore.com\/wp-content\/uploads\/2024\/11\/115027_pala_kombat_vesubio_1500x1500_1_684b.webp","datePublished":"2024-11-23T10:16:46+00:00","dateModified":"2026-04-01T04:52:43+00:00","description":"Descubre la Kombat Vesubio, la pala perfecta para aquellos que buscan un tacto blando sin sacrificar el rendimiento explosivo en cada golpe. Su dise\u00f1o inspirado en el poder del volc\u00e1n Vesubio la convierte en una herramienta excepcional para los jugadores que desean una combinaci\u00f3n \u00fanica de comodidad y potencia. Con su forma de diamante y un balance alto, esta pala est\u00e1 dise\u00f1ada para ofrecer un desempe\u00f1o sobresaliente tanto en ataque como en defensa, garantizando precisi\u00f3n en cada golpe.","breadcrumb":{"@id":"https:\/\/revolutionpadelstore.com\/it\/prodotto\/kombat-vesubio-3\/#breadcrumb"},"inLanguage":"it-IT","potentialAction":[{"@type":"ReadAction","target":["https:\/\/revolutionpadelstore.com\/it\/prodotto\/kombat-vesubio-3\/"]}]},{"@type":"ImageObject","inLanguage":"it-IT","@id":"https:\/\/revolutionpadelstore.com\/it\/prodotto\/kombat-vesubio-3\/#primaryimage","url":"https:\/\/revolutionpadelstore.com\/wp-content\/uploads\/2024\/11\/115027_pala_kombat_vesubio_1500x1500_1_684b.webp","contentUrl":"https:\/\/revolutionpadelstore.com\/wp-content\/uploads\/2024\/11\/115027_pala_kombat_vesubio_1500x1500_1_684b.webp","width":1500,"height":1500},{"@type":"BreadcrumbList","@id":"https:\/\/revolutionpadelstore.com\/it\/prodotto\/kombat-vesubio-3\/#breadcrumb","itemListElement":[{"@type":"ListItem","position":1,"name":"Portada","item":"https:\/\/revolutionpadelstore.com\/it\/"},{"@type":"ListItem","position":2,"name":"Tienda","item":"https:\/\/revolutionpadelstore.com\/it\/tienda\/"},{"@type":"ListItem","position":3,"name":"KOMBAT VESUBIO"}]},{"@type":"WebSite","@id":"https:\/\/revolutionpadelstore.com\/it\/#website","url":"https:\/\/revolutionpadelstore.com\/it\/","name":"Revolution Padel Store","description":"","publisher":{"@id":"https:\/\/revolutionpadelstore.com\/it\/#organization"},"potentialAction":[{"@type":"SearchAction","target":{"@type":"EntryPoint","urlTemplate":"https:\/\/revolutionpadelstore.com\/it\/?s={search_term_string}"},"query-input":{"@type":"PropertyValueSpecification","valueRequired":true,"valueName":"search_term_string"}}],"inLanguage":"it-IT"},{"@type":"Organization","@id":"https:\/\/revolutionpadelstore.com\/it\/#organization","name":"Revolution Padel Store","url":"https:\/\/revolutionpadelstore.com\/it\/","logo":{"@type":"ImageObject","inLanguage":"it-IT","@id":"https:\/\/revolutionpadelstore.com\/it\/#\/schema\/logo\/image\/","url":"https:\/\/revolutionpadelstore.com\/wp-content\/uploads\/2026\/02\/revolution-padel-store.jpg","contentUrl":"https:\/\/revolutionpadelstore.com\/wp-content\/uploads\/2026\/02\/revolution-padel-store.jpg","width":2000,"height":2000,"caption":"Revolution Padel Store"},"image":{"@id":"https:\/\/revolutionpadelstore.com\/it\/#\/schema\/logo\/image\/"},"sameAs":["https:\/\/www.instagram.com\/revolutionpadelstore\/"]}]}},"_links":{"self":[{"href":"https:\/\/revolutionpadelstore.com\/it\/wp-json\/wp\/v2\/product\/125446","targetHints":{"allow":["GET"]}}],"collection":[{"href":"https:\/\/revolutionpadelstore.com\/it\/wp-json\/wp\/v2\/product"}],"about":[{"href":"https:\/\/revolutionpadelstore.com\/it\/wp-json\/wp\/v2\/types\/product"}],"replies":[{"embeddable":true,"href":"https:\/\/revolutionpadelstore.com\/it\/wp-json\/wp\/v2\/comments?post=125446"}],"wp:featuredmedia":[{"embeddable":true,"href":"https:\/\/revolutionpadelstore.com\/it\/wp-json\/wp\/v2\/media\/125102"}],"wp:attachment":[{"href":"https:\/\/revolutionpadelstore.com\/it\/wp-json\/wp\/v2\/media?parent=125446"}],"wp:term":[{"taxonomy":"acabado","embeddable":true,"href":"https:\/\/revolutionpadelstore.com\/it\/wp-json\/wp\/v2\/acabado?post=125446"},{"taxonomy":"balance","embeddable":true,"href":"https:\/\/revolutionpadelstore.com\/it\/wp-json\/wp\/v2\/balance?post=125446"},{"taxonomy":"dureza","embeddable":true,"href":"https:\/\/revolutionpadelstore.com\/it\/wp-json\/wp\/v2\/dureza?post=125446"},{"taxonomy":"forma","embeddable":true,"href":"https:\/\/revolutionpadelstore.com\/it\/wp-json\/wp\/v2\/forma?post=125446"},{"taxonomy":"jugador","embeddable":true,"href":"https:\/\/revolutionpadelstore.com\/it\/wp-json\/wp\/v2\/jugador?post=125446"},{"taxonomy":"marca","embeddable":true,"href":"https:\/\/revolutionpadelstore.com\/it\/wp-json\/wp\/v2\/marca?post=125446"},{"taxonomy":"nivel-de-juego","embeddable":true,"href":"https:\/\/revolutionpadelstore.com\/it\/wp-json\/wp\/v2\/nivel-de-juego?post=125446"},{"taxonomy":"superficie","embeddable":true,"href":"https:\/\/revolutionpadelstore.com\/it\/wp-json\/wp\/v2\/superficie?post=125446"},{"taxonomy":"tipo-de-juego","embeddable":true,"href":"https:\/\/revolutionpadelstore.com\/it\/wp-json\/wp\/v2\/tipo-de-juego?post=125446"},{"taxonomy":"product_brand","embeddable":true,"href":"https:\/\/revolutionpadelstore.com\/it\/wp-json\/wp\/v2\/product_brand?post=125446"},{"taxonomy":"product_cat","embeddable":true,"href":"https:\/\/revolutionpadelstore.com\/it\/wp-json\/wp\/v2\/product_cat?post=125446"},{"taxonomy":"product_tag","embeddable":true,"href":"https:\/\/revolutionpadelstore.com\/it\/wp-json\/wp\/v2\/product_tag?post=125446"}],"curies":[{"name":"wp","href":"https:\/\/api.w.org\/{rel}","templated":true}]}}