{"id":125441,"date":"2024-11-23T11:23:50","date_gmt":"2024-11-23T10:23:50","guid":{"rendered":"https:\/\/revolutionpadelstore.com\/kombat-arenal-mujer\/"},"modified":"2026-04-01T06:52:21","modified_gmt":"2026-04-01T04:52:21","slug":"kombat-arenal-mujer-4","status":"publish","type":"product","link":"https:\/\/revolutionpadelstore.com\/it\/prodotto\/kombat-arenal-mujer-4\/","title":{"rendered":"KOMBAT ARENAL MUJER"},"content":{"rendered":"<h2> <strong> kombat arenal woman 2025, potenza e precisione <\/strong> <\/h2>\n<p>L&#8217;Arenal of Kombat, parte della collezione Vulcano creata in collaborazione con Manu Mart\u00edn, \u00e8 un modello progettato per offrire un potere esplosivo senza sacrificare il controllo necessario per eseguire attacchi precisi. La sua forma di diamante, elevato equilibrio e un punto dolce situato sulla testa della lama assicurano un grande pugno in ogni colpo.<\/p>\n<p>Con un peso leggero di 355 grammi, questa pala si distingue per la sua gestibilit\u00e0 senza perdere il potere caratteristico dello stampo di diamanti. Inoltre, il sistema di propunzioni di vibrazioni Propuit System aiuta a ridurre al minimo l&#8217;impatto sulle articolazioni e migliora la stabilit\u00e0.<\/p>\n<h2> <strong> pala arenal, ideale per giocatori aggressivi <\/strong> <\/h2>\n<p>Progettato specificamente per i giocatori offensivi, Kombat Areal 2025 per le donne si adatta perfettamente ai giocatori che cercano di essere pi\u00f9 aggressivi nei loro attacchi vicino alla rete. \u00c8 il modello perfetto per coloro che desiderano una sensazione pi\u00f9 solida e stabile quando si colpiscono la palla.<\/p>\n<p>Inoltre, la sua superficie ruvida ti permetter\u00e0 di applicare effetti con precisione totale, facilmente sorprendente per i tuoi avversari.<\/p>\n<p><strong> Caratteristiche e tecnologie della pala Kombat Arenal <\/strong><br \/>\n<P>-Struttura pi\u00f9 leggera e pi\u00f9 leggera grazie alla cornice tubolare in fibra di carbonio al 100%<br \/>\n<P>-Piani di carbonio 18K con finitura luminosa e opaca, offrendo una maggiore resistenza<br \/>\n<P>-Superficie ruvida per un colpo con effetto<br \/>\n<P>-Black Eva Rubber Heart di media durezza, che bilancia il tocco e fornisce solidit\u00e0 in ogni impatto.<\/p>\n<p style=\"padding-left: 40px\">-Include il sistema <strong> taglienti fori <\/strong>, che espande il punto dolce, consentendo un colpo pi\u00f9 accurato.<br \/>\n<P>-stabilit\u00e0 e fermezza migliorate con il sistema di protezione <strong> <\/strong>, che riduce le vibrazioni<br \/>\n<strong> Acquista al rivoluzionario padel memorizzare la pala per le donne kombat arenal 2025 <\/strong><\/p>\n<p>Perfetto per i giocatori che cercano di dominare la rete in modo aggressivo, questo diamante e il foglio ad alto contenuto di bilanciamento offre un controllo elevato e produzione della palla superiore, garantendo prestazioni ottimali in qualsiasi situazione di gioco.<\/p>\n<h2><strong>Kombat Arenal Mujer 2025, potencia y precisi\u00f3n<\/strong><\/p>\n","protected":false},"excerpt":{"rendered":"<p>Pala di diamanti con alto equilibrio per le donne Kombat Arenal per giochi offensivi aggressivi. Con aerei accidentati realizzati in carbonio 18k e nucleo di gomma Eva nero.<\/p>\n","protected":false},"featured_media":125133,"comment_status":"open","ping_status":"closed","template":"","meta":{"_acf_changed":false,"_joinchat":[]},"acabado":[1086,1081],"balance":[1136],"dureza":[1156],"forma":[1171],"jugador":[1196],"marca":[1704],"nivel-de-juego":[1336,1341],"superficie":[1361],"tipo-de-juego":[1376],"product_brand":[],"product_cat":[301],"product_tag":[],"class_list":{"0":"post-125441","1":"product","2":"type-product","3":"status-publish","4":"has-post-thumbnail","6":"acabado-amico","7":"acabado-luminosita","8":"balance-alto-it","9":"dureza-media-it","10":"forma-diamante-it","11":"jugador-mujer-it","12":"marca-kombat-it","13":"superficie-rugosa-it","14":"tipo-de-juego-potenza","15":"product_cat-palas-de-padel-it","17":"first","18":"instock","19":"taxable","20":"shipping-taxable","21":"purchasable","22":"product-type-simple"},"acf":[],"yoast_head":"<!-- This site is optimized with the Yoast SEO plugin v27.3 - https:\/\/yoast.com\/product\/yoast-seo-wordpress\/ -->\n<title>KOMBAT ARENAL MUJER - Revolution Padel Store<\/title>\n<meta name=\"description\" content=\"La pala de p\u00e1del Arenal de Kombat es un modelo que pertenece a la colecci\u00f3n Vulcano dise\u00f1ada en colaboraci\u00f3n con Manu Mart\u00edn. Esta pala con forma de diamante, balance alto y punto dulce en la cabeza garantiza una potencia explosiva en cada golpe, sin perder un control sobresaliente para atacar con precisi\u00f3n.\" \/>\n<meta name=\"robots\" content=\"index, follow, max-snippet:-1, max-image-preview:large, max-video-preview:-1\" \/>\n<link rel=\"canonical\" href=\"https:\/\/revolutionpadelstore.com\/it\/prodotto\/kombat-arenal-mujer-4\/\" \/>\n<meta property=\"og:locale\" content=\"it_IT\" \/>\n<meta property=\"og:type\" content=\"article\" \/>\n<meta property=\"og:title\" content=\"KOMBAT ARENAL MUJER - Revolution Padel Store\" \/>\n<meta property=\"og:description\" content=\"La pala de p\u00e1del Arenal de Kombat es un modelo que pertenece a la colecci\u00f3n Vulcano dise\u00f1ada en colaboraci\u00f3n con Manu Mart\u00edn. Esta pala con forma de diamante, balance alto y punto dulce en la cabeza garantiza una potencia explosiva en cada golpe, sin perder un control sobresaliente para atacar con precisi\u00f3n.\" \/>\n<meta property=\"og:url\" content=\"https:\/\/revolutionpadelstore.com\/it\/prodotto\/kombat-arenal-mujer-4\/\" \/>\n<meta property=\"og:site_name\" content=\"Revolution Padel Store\" \/>\n<meta property=\"article:modified_time\" content=\"2026-04-01T04:52:21+00:00\" \/>\n<meta property=\"og:image\" content=\"https:\/\/revolutionpadelstore.com\/wp-content\/uploads\/2024\/11\/115020_pala_kombat_arenal_1500x1500_1_141c-1.webp\" \/>\n\t<meta property=\"og:image:width\" content=\"1500\" \/>\n\t<meta property=\"og:image:height\" content=\"1500\" \/>\n\t<meta property=\"og:image:type\" content=\"image\/webp\" \/>\n<meta name=\"twitter:card\" content=\"summary_large_image\" \/>\n<meta name=\"twitter:label1\" content=\"Tempo di lettura stimato\" \/>\n\t<meta name=\"twitter:data1\" content=\"2 minuti\" \/>\n<script type=\"application\/ld+json\" class=\"yoast-schema-graph\">{\"@context\":\"https:\\\/\\\/schema.org\",\"@graph\":[{\"@type\":\"WebPage\",\"@id\":\"https:\\\/\\\/revolutionpadelstore.com\\\/it\\\/prodotto\\\/kombat-arenal-mujer-4\\\/\",\"url\":\"https:\\\/\\\/revolutionpadelstore.com\\\/it\\\/prodotto\\\/kombat-arenal-mujer-4\\\/\",\"name\":\"KOMBAT ARENAL MUJER - Revolution Padel Store\",\"isPartOf\":{\"@id\":\"https:\\\/\\\/revolutionpadelstore.com\\\/it\\\/#website\"},\"primaryImageOfPage\":{\"@id\":\"https:\\\/\\\/revolutionpadelstore.com\\\/it\\\/prodotto\\\/kombat-arenal-mujer-4\\\/#primaryimage\"},\"image\":{\"@id\":\"https:\\\/\\\/revolutionpadelstore.com\\\/it\\\/prodotto\\\/kombat-arenal-mujer-4\\\/#primaryimage\"},\"thumbnailUrl\":\"https:\\\/\\\/revolutionpadelstore.com\\\/wp-content\\\/uploads\\\/2024\\\/11\\\/115020_pala_kombat_arenal_1500x1500_1_141c-1.webp\",\"datePublished\":\"2024-11-23T10:23:50+00:00\",\"dateModified\":\"2026-04-01T04:52:21+00:00\",\"description\":\"La pala de p\u00e1del Arenal de Kombat es un modelo que pertenece a la colecci\u00f3n Vulcano dise\u00f1ada en colaboraci\u00f3n con Manu Mart\u00edn. Esta pala con forma de diamante, balance alto y punto dulce en la cabeza garantiza una potencia explosiva en cada golpe, sin perder un control sobresaliente para atacar con precisi\u00f3n.\",\"breadcrumb\":{\"@id\":\"https:\\\/\\\/revolutionpadelstore.com\\\/it\\\/prodotto\\\/kombat-arenal-mujer-4\\\/#breadcrumb\"},\"inLanguage\":\"it-IT\",\"potentialAction\":[{\"@type\":\"ReadAction\",\"target\":[\"https:\\\/\\\/revolutionpadelstore.com\\\/it\\\/prodotto\\\/kombat-arenal-mujer-4\\\/\"]}]},{\"@type\":\"ImageObject\",\"inLanguage\":\"it-IT\",\"@id\":\"https:\\\/\\\/revolutionpadelstore.com\\\/it\\\/prodotto\\\/kombat-arenal-mujer-4\\\/#primaryimage\",\"url\":\"https:\\\/\\\/revolutionpadelstore.com\\\/wp-content\\\/uploads\\\/2024\\\/11\\\/115020_pala_kombat_arenal_1500x1500_1_141c-1.webp\",\"contentUrl\":\"https:\\\/\\\/revolutionpadelstore.com\\\/wp-content\\\/uploads\\\/2024\\\/11\\\/115020_pala_kombat_arenal_1500x1500_1_141c-1.webp\",\"width\":1500,\"height\":1500},{\"@type\":\"BreadcrumbList\",\"@id\":\"https:\\\/\\\/revolutionpadelstore.com\\\/it\\\/prodotto\\\/kombat-arenal-mujer-4\\\/#breadcrumb\",\"itemListElement\":[{\"@type\":\"ListItem\",\"position\":1,\"name\":\"Portada\",\"item\":\"https:\\\/\\\/revolutionpadelstore.com\\\/it\\\/\"},{\"@type\":\"ListItem\",\"position\":2,\"name\":\"Tienda\",\"item\":\"https:\\\/\\\/revolutionpadelstore.com\\\/it\\\/tienda\\\/\"},{\"@type\":\"ListItem\",\"position\":3,\"name\":\"KOMBAT ARENAL MUJER\"}]},{\"@type\":\"WebSite\",\"@id\":\"https:\\\/\\\/revolutionpadelstore.com\\\/it\\\/#website\",\"url\":\"https:\\\/\\\/revolutionpadelstore.com\\\/it\\\/\",\"name\":\"Revolution Padel Store\",\"description\":\"\",\"publisher\":{\"@id\":\"https:\\\/\\\/revolutionpadelstore.com\\\/it\\\/#organization\"},\"potentialAction\":[{\"@type\":\"SearchAction\",\"target\":{\"@type\":\"EntryPoint\",\"urlTemplate\":\"https:\\\/\\\/revolutionpadelstore.com\\\/it\\\/?s={search_term_string}\"},\"query-input\":{\"@type\":\"PropertyValueSpecification\",\"valueRequired\":true,\"valueName\":\"search_term_string\"}}],\"inLanguage\":\"it-IT\"},{\"@type\":\"Organization\",\"@id\":\"https:\\\/\\\/revolutionpadelstore.com\\\/it\\\/#organization\",\"name\":\"Revolution Padel Store\",\"url\":\"https:\\\/\\\/revolutionpadelstore.com\\\/it\\\/\",\"logo\":{\"@type\":\"ImageObject\",\"inLanguage\":\"it-IT\",\"@id\":\"https:\\\/\\\/revolutionpadelstore.com\\\/it\\\/#\\\/schema\\\/logo\\\/image\\\/\",\"url\":\"https:\\\/\\\/revolutionpadelstore.com\\\/wp-content\\\/uploads\\\/2026\\\/02\\\/revolution-padel-store.jpg\",\"contentUrl\":\"https:\\\/\\\/revolutionpadelstore.com\\\/wp-content\\\/uploads\\\/2026\\\/02\\\/revolution-padel-store.jpg\",\"width\":2000,\"height\":2000,\"caption\":\"Revolution Padel Store\"},\"image\":{\"@id\":\"https:\\\/\\\/revolutionpadelstore.com\\\/it\\\/#\\\/schema\\\/logo\\\/image\\\/\"},\"sameAs\":[\"https:\\\/\\\/www.instagram.com\\\/revolutionpadelstore\\\/\"]}]}<\/script>\n<!-- \/ Yoast SEO plugin. -->","yoast_head_json":{"title":"KOMBAT ARENAL MUJER - Revolution Padel Store","description":"La pala de p\u00e1del Arenal de Kombat es un modelo que pertenece a la colecci\u00f3n Vulcano dise\u00f1ada en colaboraci\u00f3n con Manu Mart\u00edn. Esta pala con forma de diamante, balance alto y punto dulce en la cabeza garantiza una potencia explosiva en cada golpe, sin perder un control sobresaliente para atacar con precisi\u00f3n.","robots":{"index":"index","follow":"follow","max-snippet":"max-snippet:-1","max-image-preview":"max-image-preview:large","max-video-preview":"max-video-preview:-1"},"canonical":"https:\/\/revolutionpadelstore.com\/it\/prodotto\/kombat-arenal-mujer-4\/","og_locale":"it_IT","og_type":"article","og_title":"KOMBAT ARENAL MUJER - Revolution Padel Store","og_description":"La pala de p\u00e1del Arenal de Kombat es un modelo que pertenece a la colecci\u00f3n Vulcano dise\u00f1ada en colaboraci\u00f3n con Manu Mart\u00edn. Esta pala con forma de diamante, balance alto y punto dulce en la cabeza garantiza una potencia explosiva en cada golpe, sin perder un control sobresaliente para atacar con precisi\u00f3n.","og_url":"https:\/\/revolutionpadelstore.com\/it\/prodotto\/kombat-arenal-mujer-4\/","og_site_name":"Revolution Padel Store","article_modified_time":"2026-04-01T04:52:21+00:00","og_image":[{"width":1500,"height":1500,"url":"https:\/\/revolutionpadelstore.com\/wp-content\/uploads\/2024\/11\/115020_pala_kombat_arenal_1500x1500_1_141c-1.webp","type":"image\/webp"}],"twitter_card":"summary_large_image","twitter_misc":{"Tempo di lettura stimato":"2 minuti"},"schema":{"@context":"https:\/\/schema.org","@graph":[{"@type":"WebPage","@id":"https:\/\/revolutionpadelstore.com\/it\/prodotto\/kombat-arenal-mujer-4\/","url":"https:\/\/revolutionpadelstore.com\/it\/prodotto\/kombat-arenal-mujer-4\/","name":"KOMBAT ARENAL MUJER - Revolution Padel Store","isPartOf":{"@id":"https:\/\/revolutionpadelstore.com\/it\/#website"},"primaryImageOfPage":{"@id":"https:\/\/revolutionpadelstore.com\/it\/prodotto\/kombat-arenal-mujer-4\/#primaryimage"},"image":{"@id":"https:\/\/revolutionpadelstore.com\/it\/prodotto\/kombat-arenal-mujer-4\/#primaryimage"},"thumbnailUrl":"https:\/\/revolutionpadelstore.com\/wp-content\/uploads\/2024\/11\/115020_pala_kombat_arenal_1500x1500_1_141c-1.webp","datePublished":"2024-11-23T10:23:50+00:00","dateModified":"2026-04-01T04:52:21+00:00","description":"La pala de p\u00e1del Arenal de Kombat es un modelo que pertenece a la colecci\u00f3n Vulcano dise\u00f1ada en colaboraci\u00f3n con Manu Mart\u00edn. Esta pala con forma de diamante, balance alto y punto dulce en la cabeza garantiza una potencia explosiva en cada golpe, sin perder un control sobresaliente para atacar con precisi\u00f3n.","breadcrumb":{"@id":"https:\/\/revolutionpadelstore.com\/it\/prodotto\/kombat-arenal-mujer-4\/#breadcrumb"},"inLanguage":"it-IT","potentialAction":[{"@type":"ReadAction","target":["https:\/\/revolutionpadelstore.com\/it\/prodotto\/kombat-arenal-mujer-4\/"]}]},{"@type":"ImageObject","inLanguage":"it-IT","@id":"https:\/\/revolutionpadelstore.com\/it\/prodotto\/kombat-arenal-mujer-4\/#primaryimage","url":"https:\/\/revolutionpadelstore.com\/wp-content\/uploads\/2024\/11\/115020_pala_kombat_arenal_1500x1500_1_141c-1.webp","contentUrl":"https:\/\/revolutionpadelstore.com\/wp-content\/uploads\/2024\/11\/115020_pala_kombat_arenal_1500x1500_1_141c-1.webp","width":1500,"height":1500},{"@type":"BreadcrumbList","@id":"https:\/\/revolutionpadelstore.com\/it\/prodotto\/kombat-arenal-mujer-4\/#breadcrumb","itemListElement":[{"@type":"ListItem","position":1,"name":"Portada","item":"https:\/\/revolutionpadelstore.com\/it\/"},{"@type":"ListItem","position":2,"name":"Tienda","item":"https:\/\/revolutionpadelstore.com\/it\/tienda\/"},{"@type":"ListItem","position":3,"name":"KOMBAT ARENAL MUJER"}]},{"@type":"WebSite","@id":"https:\/\/revolutionpadelstore.com\/it\/#website","url":"https:\/\/revolutionpadelstore.com\/it\/","name":"Revolution Padel Store","description":"","publisher":{"@id":"https:\/\/revolutionpadelstore.com\/it\/#organization"},"potentialAction":[{"@type":"SearchAction","target":{"@type":"EntryPoint","urlTemplate":"https:\/\/revolutionpadelstore.com\/it\/?s={search_term_string}"},"query-input":{"@type":"PropertyValueSpecification","valueRequired":true,"valueName":"search_term_string"}}],"inLanguage":"it-IT"},{"@type":"Organization","@id":"https:\/\/revolutionpadelstore.com\/it\/#organization","name":"Revolution Padel Store","url":"https:\/\/revolutionpadelstore.com\/it\/","logo":{"@type":"ImageObject","inLanguage":"it-IT","@id":"https:\/\/revolutionpadelstore.com\/it\/#\/schema\/logo\/image\/","url":"https:\/\/revolutionpadelstore.com\/wp-content\/uploads\/2026\/02\/revolution-padel-store.jpg","contentUrl":"https:\/\/revolutionpadelstore.com\/wp-content\/uploads\/2026\/02\/revolution-padel-store.jpg","width":2000,"height":2000,"caption":"Revolution Padel Store"},"image":{"@id":"https:\/\/revolutionpadelstore.com\/it\/#\/schema\/logo\/image\/"},"sameAs":["https:\/\/www.instagram.com\/revolutionpadelstore\/"]}]}},"_links":{"self":[{"href":"https:\/\/revolutionpadelstore.com\/it\/wp-json\/wp\/v2\/product\/125441","targetHints":{"allow":["GET"]}}],"collection":[{"href":"https:\/\/revolutionpadelstore.com\/it\/wp-json\/wp\/v2\/product"}],"about":[{"href":"https:\/\/revolutionpadelstore.com\/it\/wp-json\/wp\/v2\/types\/product"}],"replies":[{"embeddable":true,"href":"https:\/\/revolutionpadelstore.com\/it\/wp-json\/wp\/v2\/comments?post=125441"}],"wp:featuredmedia":[{"embeddable":true,"href":"https:\/\/revolutionpadelstore.com\/it\/wp-json\/wp\/v2\/media\/125133"}],"wp:attachment":[{"href":"https:\/\/revolutionpadelstore.com\/it\/wp-json\/wp\/v2\/media?parent=125441"}],"wp:term":[{"taxonomy":"acabado","embeddable":true,"href":"https:\/\/revolutionpadelstore.com\/it\/wp-json\/wp\/v2\/acabado?post=125441"},{"taxonomy":"balance","embeddable":true,"href":"https:\/\/revolutionpadelstore.com\/it\/wp-json\/wp\/v2\/balance?post=125441"},{"taxonomy":"dureza","embeddable":true,"href":"https:\/\/revolutionpadelstore.com\/it\/wp-json\/wp\/v2\/dureza?post=125441"},{"taxonomy":"forma","embeddable":true,"href":"https:\/\/revolutionpadelstore.com\/it\/wp-json\/wp\/v2\/forma?post=125441"},{"taxonomy":"jugador","embeddable":true,"href":"https:\/\/revolutionpadelstore.com\/it\/wp-json\/wp\/v2\/jugador?post=125441"},{"taxonomy":"marca","embeddable":true,"href":"https:\/\/revolutionpadelstore.com\/it\/wp-json\/wp\/v2\/marca?post=125441"},{"taxonomy":"nivel-de-juego","embeddable":true,"href":"https:\/\/revolutionpadelstore.com\/it\/wp-json\/wp\/v2\/nivel-de-juego?post=125441"},{"taxonomy":"superficie","embeddable":true,"href":"https:\/\/revolutionpadelstore.com\/it\/wp-json\/wp\/v2\/superficie?post=125441"},{"taxonomy":"tipo-de-juego","embeddable":true,"href":"https:\/\/revolutionpadelstore.com\/it\/wp-json\/wp\/v2\/tipo-de-juego?post=125441"},{"taxonomy":"product_brand","embeddable":true,"href":"https:\/\/revolutionpadelstore.com\/it\/wp-json\/wp\/v2\/product_brand?post=125441"},{"taxonomy":"product_cat","embeddable":true,"href":"https:\/\/revolutionpadelstore.com\/it\/wp-json\/wp\/v2\/product_cat?post=125441"},{"taxonomy":"product_tag","embeddable":true,"href":"https:\/\/revolutionpadelstore.com\/it\/wp-json\/wp\/v2\/product_tag?post=125441"}],"curies":[{"name":"wp","href":"https:\/\/api.w.org\/{rel}","templated":true}]}}