{"id":125229,"date":"2024-11-23T12:02:11","date_gmt":"2024-11-23T11:02:11","guid":{"rendered":"https:\/\/revolutionpadelstore.com\/kombat-galeras-mujer\/"},"modified":"2026-04-01T06:51:34","modified_gmt":"2026-04-01T04:51:34","slug":"kombat-galeras-mujer-4","status":"publish","type":"product","link":"https:\/\/revolutionpadelstore.com\/it\/prodotto\/kombat-galeras-mujer-4\/","title":{"rendered":"KOMBAT GALERAS MUJER"},"content":{"rendered":"<p>&lt;Il<br \/>\nIspirato alla forza del vulcano Galeras, la pala Kombat Galley \u00e8 progettata per offrire un&#039;estrema leggerezza, eccellente gestibilit\u00e0 e alte prestazioni in ogni colpo.<\/p>\n<p>Con una forma lacrima, l&#039;equilibrio medio e un punto dolce centrato, questa pala offre un perfetto equilibrio tra controllo e potenza, rendendola un&#039;opzione altamente bilanciata. Il punto dolce medio garantisce un ottimo sbocco di palla, mentre il saldo intermedio distribuisce l&#039;uniforme di peso, migliorando la gestibilit\u00e0.<\/p>\n<h2> <strong> pala galeras, ideale per i giocatori dinamici <\/strong> <\/h2>\n<p>La pala Kombat Galeras \u00e8 stata pensata per i giocatori che cercano un&#8217;opzione leggera, facile da gestire e bilanciata. \u00c8 perfetto per coloro che desiderano una risposta rapida e colpi precisi.<\/p>\n<p>Questo modello \u00e8 ideale per i giocatori tecnici che cercano le migliori prestazioni in ogni colpo. La sua finitura approssimativa sui piani consente di applicare effetti sulla palla con maggiore precisione, che ti permetter\u00e0 di sorprendere i tuoi rivali e fare una variet\u00e0 di colpi.<\/p>\n<h2> <strong> Caratteristiche della pala Kombat Galeras <\/strong> <\/h2>\n<p><P>-Nucleo in gomma Eva ad alta durezza, fornendo un tocco fermo e un buon rimbalzo<br \/>\n<P>-Piani di carbonio 18K, offrendo una sensazione di maggiore rigidit\u00e0<br \/>\n<P>-Superficie ruvida sui volti, consentendo di stampare effetti con maggiore precisione<br \/>\n<P>-Frame tubolare in fibra di carbonio 100%, garantendo una maggiore resistenza e durata<\/p>\n<p>-355 grammi di peso leggero, che offre una gestione e agilit\u00e0 superiori.<br \/>\n<P>-Tecnologia anti-vibrazione per ottenere un successo pi\u00f9 forte e stabile<\/p>\n<h2> <strong> Ottieni il Kombat Galeras 2025 nel negozio Revolution Padel.<br \/>\nLa Kombat Galeras \u00e8 una pala lacrimale con equilibrio medio per le donne, realizzata in carbonio e un Eva nero di gomma dura. Garantisce colpi coerenti e un gioco esplosivo e preciso, ideale per i giocatori che cercano versatilit\u00e0 e prestazioni in tutte le situazioni di gioco.<\/p>\n<h2><strong>Kombat Galeras Mujer 2025, explosividad y precisi\u00f3n<\/strong><\/p>\n","protected":false},"excerpt":{"rendered":"<p>Lacrima e mezzo Kombat Galeras 2025, progettate per fornire precisione e esplosivit\u00e0 ai giocatori di paddle esigenti. Con gli aerei di carbonio Rufo 18K e il nucleo EVA nero.<\/p>\n","protected":false},"featured_media":125200,"comment_status":"open","ping_status":"closed","template":"","meta":{"_acf_changed":false,"_joinchat":[]},"acabado":[1086,1081],"balance":[1141],"dureza":[1161],"forma":[1186],"jugador":[1196],"marca":[1704],"nivel-de-juego":[1336,1341],"superficie":[1361],"tipo-de-juego":[1386],"product_brand":[],"product_cat":[301],"product_tag":[],"class_list":{"0":"post-125229","1":"product","2":"type-product","3":"status-publish","4":"has-post-thumbnail","6":"acabado-amico","7":"acabado-luminosita","8":"balance-medio-it","9":"dureza-dura-it","10":"forma-lagrima-it","11":"jugador-mujer-it","12":"marca-kombat-it","13":"superficie-rugosa-it","14":"tipo-de-juego-multiuso","15":"product_cat-palas-de-padel-it","17":"first","18":"instock","19":"taxable","20":"shipping-taxable","21":"purchasable","22":"product-type-simple"},"acf":[],"yoast_head":"<!-- This site is optimized with the Yoast SEO plugin v27.3 - https:\/\/yoast.com\/product\/yoast-seo-wordpress\/ -->\n<title>KOMBAT GALERAS MUJER - Revolution Padel Store<\/title>\n<meta name=\"description\" content=\"Dise\u00f1ada para brindar una extrema ligereza, f\u00e1cil manejabilidad y alto rendimiento en cada golpe, la pala de p\u00e1del Galeras de Kombat est\u00e1 inspirada en la fuerza del volc\u00e1n Galeras. Presenta una forma de l\u00e1grima, un balance medio y punto dulce centrado, por lo que concede un equilibrio superior entre control y potencia. Se considera una pala muy equilibrada. Gracias al punto dulce medio se consigue una salida de bola sobresaliente, mientras que el balance intermedio distribuye el peso uniformemente para una mejor manejabilidad.\" \/>\n<meta name=\"robots\" content=\"index, follow, max-snippet:-1, max-image-preview:large, max-video-preview:-1\" \/>\n<link rel=\"canonical\" href=\"https:\/\/revolutionpadelstore.com\/it\/prodotto\/kombat-galeras-mujer-4\/\" \/>\n<meta property=\"og:locale\" content=\"it_IT\" \/>\n<meta property=\"og:type\" content=\"article\" \/>\n<meta property=\"og:title\" content=\"KOMBAT GALERAS MUJER - Revolution Padel Store\" \/>\n<meta property=\"og:description\" content=\"Dise\u00f1ada para brindar una extrema ligereza, f\u00e1cil manejabilidad y alto rendimiento en cada golpe, la pala de p\u00e1del Galeras de Kombat est\u00e1 inspirada en la fuerza del volc\u00e1n Galeras. Presenta una forma de l\u00e1grima, un balance medio y punto dulce centrado, por lo que concede un equilibrio superior entre control y potencia. Se considera una pala muy equilibrada. Gracias al punto dulce medio se consigue una salida de bola sobresaliente, mientras que el balance intermedio distribuye el peso uniformemente para una mejor manejabilidad.\" \/>\n<meta property=\"og:url\" content=\"https:\/\/revolutionpadelstore.com\/it\/prodotto\/kombat-galeras-mujer-4\/\" \/>\n<meta property=\"og:site_name\" content=\"Revolution Padel Store\" \/>\n<meta property=\"article:modified_time\" content=\"2026-04-01T04:51:34+00:00\" \/>\n<meta property=\"og:image\" content=\"https:\/\/revolutionpadelstore.com\/wp-content\/uploads\/2024\/11\/115023_pala_kombat_galeras_1500x1500_1_19bf.webp\" \/>\n\t<meta property=\"og:image:width\" content=\"1500\" \/>\n\t<meta property=\"og:image:height\" content=\"1500\" \/>\n\t<meta property=\"og:image:type\" content=\"image\/webp\" \/>\n<meta name=\"twitter:card\" content=\"summary_large_image\" \/>\n<meta name=\"twitter:label1\" content=\"Tempo di lettura stimato\" \/>\n\t<meta name=\"twitter:data1\" content=\"2 minuti\" \/>\n<script type=\"application\/ld+json\" class=\"yoast-schema-graph\">{\"@context\":\"https:\\\/\\\/schema.org\",\"@graph\":[{\"@type\":\"WebPage\",\"@id\":\"https:\\\/\\\/revolutionpadelstore.com\\\/it\\\/prodotto\\\/kombat-galeras-mujer-4\\\/\",\"url\":\"https:\\\/\\\/revolutionpadelstore.com\\\/it\\\/prodotto\\\/kombat-galeras-mujer-4\\\/\",\"name\":\"KOMBAT GALERAS MUJER - Revolution Padel Store\",\"isPartOf\":{\"@id\":\"https:\\\/\\\/revolutionpadelstore.com\\\/it\\\/#website\"},\"primaryImageOfPage\":{\"@id\":\"https:\\\/\\\/revolutionpadelstore.com\\\/it\\\/prodotto\\\/kombat-galeras-mujer-4\\\/#primaryimage\"},\"image\":{\"@id\":\"https:\\\/\\\/revolutionpadelstore.com\\\/it\\\/prodotto\\\/kombat-galeras-mujer-4\\\/#primaryimage\"},\"thumbnailUrl\":\"https:\\\/\\\/revolutionpadelstore.com\\\/wp-content\\\/uploads\\\/2024\\\/11\\\/115023_pala_kombat_galeras_1500x1500_1_19bf.webp\",\"datePublished\":\"2024-11-23T11:02:11+00:00\",\"dateModified\":\"2026-04-01T04:51:34+00:00\",\"description\":\"Dise\u00f1ada para brindar una extrema ligereza, f\u00e1cil manejabilidad y alto rendimiento en cada golpe, la pala de p\u00e1del Galeras de Kombat est\u00e1 inspirada en la fuerza del volc\u00e1n Galeras. Presenta una forma de l\u00e1grima, un balance medio y punto dulce centrado, por lo que concede un equilibrio superior entre control y potencia. Se considera una pala muy equilibrada. Gracias al punto dulce medio se consigue una salida de bola sobresaliente, mientras que el balance intermedio distribuye el peso uniformemente para una mejor manejabilidad.\",\"breadcrumb\":{\"@id\":\"https:\\\/\\\/revolutionpadelstore.com\\\/it\\\/prodotto\\\/kombat-galeras-mujer-4\\\/#breadcrumb\"},\"inLanguage\":\"it-IT\",\"potentialAction\":[{\"@type\":\"ReadAction\",\"target\":[\"https:\\\/\\\/revolutionpadelstore.com\\\/it\\\/prodotto\\\/kombat-galeras-mujer-4\\\/\"]}]},{\"@type\":\"ImageObject\",\"inLanguage\":\"it-IT\",\"@id\":\"https:\\\/\\\/revolutionpadelstore.com\\\/it\\\/prodotto\\\/kombat-galeras-mujer-4\\\/#primaryimage\",\"url\":\"https:\\\/\\\/revolutionpadelstore.com\\\/wp-content\\\/uploads\\\/2024\\\/11\\\/115023_pala_kombat_galeras_1500x1500_1_19bf.webp\",\"contentUrl\":\"https:\\\/\\\/revolutionpadelstore.com\\\/wp-content\\\/uploads\\\/2024\\\/11\\\/115023_pala_kombat_galeras_1500x1500_1_19bf.webp\",\"width\":1500,\"height\":1500},{\"@type\":\"BreadcrumbList\",\"@id\":\"https:\\\/\\\/revolutionpadelstore.com\\\/it\\\/prodotto\\\/kombat-galeras-mujer-4\\\/#breadcrumb\",\"itemListElement\":[{\"@type\":\"ListItem\",\"position\":1,\"name\":\"Portada\",\"item\":\"https:\\\/\\\/revolutionpadelstore.com\\\/it\\\/\"},{\"@type\":\"ListItem\",\"position\":2,\"name\":\"Tienda\",\"item\":\"https:\\\/\\\/revolutionpadelstore.com\\\/it\\\/tienda\\\/\"},{\"@type\":\"ListItem\",\"position\":3,\"name\":\"KOMBAT GALERAS MUJER\"}]},{\"@type\":\"WebSite\",\"@id\":\"https:\\\/\\\/revolutionpadelstore.com\\\/it\\\/#website\",\"url\":\"https:\\\/\\\/revolutionpadelstore.com\\\/it\\\/\",\"name\":\"Revolution Padel Store\",\"description\":\"\",\"publisher\":{\"@id\":\"https:\\\/\\\/revolutionpadelstore.com\\\/it\\\/#organization\"},\"potentialAction\":[{\"@type\":\"SearchAction\",\"target\":{\"@type\":\"EntryPoint\",\"urlTemplate\":\"https:\\\/\\\/revolutionpadelstore.com\\\/it\\\/?s={search_term_string}\"},\"query-input\":{\"@type\":\"PropertyValueSpecification\",\"valueRequired\":true,\"valueName\":\"search_term_string\"}}],\"inLanguage\":\"it-IT\"},{\"@type\":\"Organization\",\"@id\":\"https:\\\/\\\/revolutionpadelstore.com\\\/it\\\/#organization\",\"name\":\"Revolution Padel Store\",\"url\":\"https:\\\/\\\/revolutionpadelstore.com\\\/it\\\/\",\"logo\":{\"@type\":\"ImageObject\",\"inLanguage\":\"it-IT\",\"@id\":\"https:\\\/\\\/revolutionpadelstore.com\\\/it\\\/#\\\/schema\\\/logo\\\/image\\\/\",\"url\":\"https:\\\/\\\/revolutionpadelstore.com\\\/wp-content\\\/uploads\\\/2026\\\/02\\\/revolution-padel-store.jpg\",\"contentUrl\":\"https:\\\/\\\/revolutionpadelstore.com\\\/wp-content\\\/uploads\\\/2026\\\/02\\\/revolution-padel-store.jpg\",\"width\":2000,\"height\":2000,\"caption\":\"Revolution Padel Store\"},\"image\":{\"@id\":\"https:\\\/\\\/revolutionpadelstore.com\\\/it\\\/#\\\/schema\\\/logo\\\/image\\\/\"},\"sameAs\":[\"https:\\\/\\\/www.instagram.com\\\/revolutionpadelstore\\\/\"]}]}<\/script>\n<!-- \/ Yoast SEO plugin. -->","yoast_head_json":{"title":"KOMBAT GALERAS MUJER - Revolution Padel Store","description":"Dise\u00f1ada para brindar una extrema ligereza, f\u00e1cil manejabilidad y alto rendimiento en cada golpe, la pala de p\u00e1del Galeras de Kombat est\u00e1 inspirada en la fuerza del volc\u00e1n Galeras. Presenta una forma de l\u00e1grima, un balance medio y punto dulce centrado, por lo que concede un equilibrio superior entre control y potencia. Se considera una pala muy equilibrada. Gracias al punto dulce medio se consigue una salida de bola sobresaliente, mientras que el balance intermedio distribuye el peso uniformemente para una mejor manejabilidad.","robots":{"index":"index","follow":"follow","max-snippet":"max-snippet:-1","max-image-preview":"max-image-preview:large","max-video-preview":"max-video-preview:-1"},"canonical":"https:\/\/revolutionpadelstore.com\/it\/prodotto\/kombat-galeras-mujer-4\/","og_locale":"it_IT","og_type":"article","og_title":"KOMBAT GALERAS MUJER - Revolution Padel Store","og_description":"Dise\u00f1ada para brindar una extrema ligereza, f\u00e1cil manejabilidad y alto rendimiento en cada golpe, la pala de p\u00e1del Galeras de Kombat est\u00e1 inspirada en la fuerza del volc\u00e1n Galeras. Presenta una forma de l\u00e1grima, un balance medio y punto dulce centrado, por lo que concede un equilibrio superior entre control y potencia. Se considera una pala muy equilibrada. Gracias al punto dulce medio se consigue una salida de bola sobresaliente, mientras que el balance intermedio distribuye el peso uniformemente para una mejor manejabilidad.","og_url":"https:\/\/revolutionpadelstore.com\/it\/prodotto\/kombat-galeras-mujer-4\/","og_site_name":"Revolution Padel Store","article_modified_time":"2026-04-01T04:51:34+00:00","og_image":[{"width":1500,"height":1500,"url":"https:\/\/revolutionpadelstore.com\/wp-content\/uploads\/2024\/11\/115023_pala_kombat_galeras_1500x1500_1_19bf.webp","type":"image\/webp"}],"twitter_card":"summary_large_image","twitter_misc":{"Tempo di lettura stimato":"2 minuti"},"schema":{"@context":"https:\/\/schema.org","@graph":[{"@type":"WebPage","@id":"https:\/\/revolutionpadelstore.com\/it\/prodotto\/kombat-galeras-mujer-4\/","url":"https:\/\/revolutionpadelstore.com\/it\/prodotto\/kombat-galeras-mujer-4\/","name":"KOMBAT GALERAS MUJER - Revolution Padel Store","isPartOf":{"@id":"https:\/\/revolutionpadelstore.com\/it\/#website"},"primaryImageOfPage":{"@id":"https:\/\/revolutionpadelstore.com\/it\/prodotto\/kombat-galeras-mujer-4\/#primaryimage"},"image":{"@id":"https:\/\/revolutionpadelstore.com\/it\/prodotto\/kombat-galeras-mujer-4\/#primaryimage"},"thumbnailUrl":"https:\/\/revolutionpadelstore.com\/wp-content\/uploads\/2024\/11\/115023_pala_kombat_galeras_1500x1500_1_19bf.webp","datePublished":"2024-11-23T11:02:11+00:00","dateModified":"2026-04-01T04:51:34+00:00","description":"Dise\u00f1ada para brindar una extrema ligereza, f\u00e1cil manejabilidad y alto rendimiento en cada golpe, la pala de p\u00e1del Galeras de Kombat est\u00e1 inspirada en la fuerza del volc\u00e1n Galeras. Presenta una forma de l\u00e1grima, un balance medio y punto dulce centrado, por lo que concede un equilibrio superior entre control y potencia. Se considera una pala muy equilibrada. Gracias al punto dulce medio se consigue una salida de bola sobresaliente, mientras que el balance intermedio distribuye el peso uniformemente para una mejor manejabilidad.","breadcrumb":{"@id":"https:\/\/revolutionpadelstore.com\/it\/prodotto\/kombat-galeras-mujer-4\/#breadcrumb"},"inLanguage":"it-IT","potentialAction":[{"@type":"ReadAction","target":["https:\/\/revolutionpadelstore.com\/it\/prodotto\/kombat-galeras-mujer-4\/"]}]},{"@type":"ImageObject","inLanguage":"it-IT","@id":"https:\/\/revolutionpadelstore.com\/it\/prodotto\/kombat-galeras-mujer-4\/#primaryimage","url":"https:\/\/revolutionpadelstore.com\/wp-content\/uploads\/2024\/11\/115023_pala_kombat_galeras_1500x1500_1_19bf.webp","contentUrl":"https:\/\/revolutionpadelstore.com\/wp-content\/uploads\/2024\/11\/115023_pala_kombat_galeras_1500x1500_1_19bf.webp","width":1500,"height":1500},{"@type":"BreadcrumbList","@id":"https:\/\/revolutionpadelstore.com\/it\/prodotto\/kombat-galeras-mujer-4\/#breadcrumb","itemListElement":[{"@type":"ListItem","position":1,"name":"Portada","item":"https:\/\/revolutionpadelstore.com\/it\/"},{"@type":"ListItem","position":2,"name":"Tienda","item":"https:\/\/revolutionpadelstore.com\/it\/tienda\/"},{"@type":"ListItem","position":3,"name":"KOMBAT GALERAS MUJER"}]},{"@type":"WebSite","@id":"https:\/\/revolutionpadelstore.com\/it\/#website","url":"https:\/\/revolutionpadelstore.com\/it\/","name":"Revolution Padel Store","description":"","publisher":{"@id":"https:\/\/revolutionpadelstore.com\/it\/#organization"},"potentialAction":[{"@type":"SearchAction","target":{"@type":"EntryPoint","urlTemplate":"https:\/\/revolutionpadelstore.com\/it\/?s={search_term_string}"},"query-input":{"@type":"PropertyValueSpecification","valueRequired":true,"valueName":"search_term_string"}}],"inLanguage":"it-IT"},{"@type":"Organization","@id":"https:\/\/revolutionpadelstore.com\/it\/#organization","name":"Revolution Padel Store","url":"https:\/\/revolutionpadelstore.com\/it\/","logo":{"@type":"ImageObject","inLanguage":"it-IT","@id":"https:\/\/revolutionpadelstore.com\/it\/#\/schema\/logo\/image\/","url":"https:\/\/revolutionpadelstore.com\/wp-content\/uploads\/2026\/02\/revolution-padel-store.jpg","contentUrl":"https:\/\/revolutionpadelstore.com\/wp-content\/uploads\/2026\/02\/revolution-padel-store.jpg","width":2000,"height":2000,"caption":"Revolution Padel Store"},"image":{"@id":"https:\/\/revolutionpadelstore.com\/it\/#\/schema\/logo\/image\/"},"sameAs":["https:\/\/www.instagram.com\/revolutionpadelstore\/"]}]}},"_links":{"self":[{"href":"https:\/\/revolutionpadelstore.com\/it\/wp-json\/wp\/v2\/product\/125229","targetHints":{"allow":["GET"]}}],"collection":[{"href":"https:\/\/revolutionpadelstore.com\/it\/wp-json\/wp\/v2\/product"}],"about":[{"href":"https:\/\/revolutionpadelstore.com\/it\/wp-json\/wp\/v2\/types\/product"}],"replies":[{"embeddable":true,"href":"https:\/\/revolutionpadelstore.com\/it\/wp-json\/wp\/v2\/comments?post=125229"}],"wp:featuredmedia":[{"embeddable":true,"href":"https:\/\/revolutionpadelstore.com\/it\/wp-json\/wp\/v2\/media\/125200"}],"wp:attachment":[{"href":"https:\/\/revolutionpadelstore.com\/it\/wp-json\/wp\/v2\/media?parent=125229"}],"wp:term":[{"taxonomy":"acabado","embeddable":true,"href":"https:\/\/revolutionpadelstore.com\/it\/wp-json\/wp\/v2\/acabado?post=125229"},{"taxonomy":"balance","embeddable":true,"href":"https:\/\/revolutionpadelstore.com\/it\/wp-json\/wp\/v2\/balance?post=125229"},{"taxonomy":"dureza","embeddable":true,"href":"https:\/\/revolutionpadelstore.com\/it\/wp-json\/wp\/v2\/dureza?post=125229"},{"taxonomy":"forma","embeddable":true,"href":"https:\/\/revolutionpadelstore.com\/it\/wp-json\/wp\/v2\/forma?post=125229"},{"taxonomy":"jugador","embeddable":true,"href":"https:\/\/revolutionpadelstore.com\/it\/wp-json\/wp\/v2\/jugador?post=125229"},{"taxonomy":"marca","embeddable":true,"href":"https:\/\/revolutionpadelstore.com\/it\/wp-json\/wp\/v2\/marca?post=125229"},{"taxonomy":"nivel-de-juego","embeddable":true,"href":"https:\/\/revolutionpadelstore.com\/it\/wp-json\/wp\/v2\/nivel-de-juego?post=125229"},{"taxonomy":"superficie","embeddable":true,"href":"https:\/\/revolutionpadelstore.com\/it\/wp-json\/wp\/v2\/superficie?post=125229"},{"taxonomy":"tipo-de-juego","embeddable":true,"href":"https:\/\/revolutionpadelstore.com\/it\/wp-json\/wp\/v2\/tipo-de-juego?post=125229"},{"taxonomy":"product_brand","embeddable":true,"href":"https:\/\/revolutionpadelstore.com\/it\/wp-json\/wp\/v2\/product_brand?post=125229"},{"taxonomy":"product_cat","embeddable":true,"href":"https:\/\/revolutionpadelstore.com\/it\/wp-json\/wp\/v2\/product_cat?post=125229"},{"taxonomy":"product_tag","embeddable":true,"href":"https:\/\/revolutionpadelstore.com\/it\/wp-json\/wp\/v2\/product_tag?post=125229"}],"curies":[{"name":"wp","href":"https:\/\/api.w.org\/{rel}","templated":true}]}}