{"id":125193,"date":"2024-11-23T11:51:43","date_gmt":"2024-11-23T10:51:43","guid":{"rendered":"https:\/\/revolutionpadelstore.com\/kombat-krakatoa\/"},"modified":"2026-04-01T06:51:58","modified_gmt":"2026-04-01T04:51:58","slug":"kombat-krakatoa","status":"publish","type":"product","link":"https:\/\/revolutionpadelstore.com\/it\/prodotto\/kombat-krakatoa\/","title":{"rendered":"KOMBAT KRAKATOA"},"content":{"rendered":"<h2> kombat krakatoa, rotondo padel pala<br \/>\nIl <strong> kombat krakatoa <\/strong> \u00e8 una pala di <strong> muffa <\/strong> <strong> round <\/strong> che si distingue all&#8217;interno della collezione Vulcano, ispirata alla potenza e alla stabilit\u00e0 del vulcano di Krakatoa. Progettata per fornire un controllo assoluto in ogni colpo, questa pala combina precisione e agilit\u00e0, offrendo un&#8217;area dolce perfettamente centrata. Con un equilibrio orientato verso la maniglia, grazie al suo modello innovativo di buchi, il Kombat Krakatoa offre una manipolazione eccezionalmente confortevole. Se stai cercando una pala che offra precisione in ogni punto e stabilit\u00e0 nel gioco, il Krakatoa \u00e8 progettato per te.<\/p>\n<h2> kombat krakatoa per i giocatori di controllo <\/h2>\n<p>Il <strong> kombat krakatoa <\/strong> \u00e8 un&#8217;idea <strong> l per i giocatori che apprezzano il controllo <\/strong> sul potere. Perfetto per coloro che stanno iniziando nella pagaia o per i giocatori dilettanti che preferiscono un approccio tecnico e preciso. La pala offre un comfort incomparabile, senza sacrificare il potere necessario nei momenti chiave del gioco. Grazie al suo nucleo nero di Eva di media durezza, consente un equilibrio tra il tocco morbido e la rapida risposta, fornendo una grande sensazione in ogni colpo. Con un design versatile, si adatta sia ai nuovi giocatori che a coloro che cercano di perfezionare il loro stile.<\/p>\n<h2> kombat krakatoa e le sue caratteristiche <\/h2>\n<p><P>-Forma: <strong> Round <\/strong> a basso equilibrio<br \/>\n<P> <strong> -nucole <\/strong>: nero <strong> eva <\/strong> di <strong> durezza media <\/strong><br \/>\n<P>-tubolare: fibra di carbonio al 100%<br \/>\n<P>-Piano: <strong> Carbon 12K <\/strong> ruvido<\/p>\n<p style=\"padding-left: 40px\">-finitura: luminosit\u00e0\/mate <\/p>\n<p><P>-Potenza: 8\/10 <\/p>\n<p><P>-Controllo: 10\/10 <\/p>\n<p style=\"padding-left: 40px\">-output della sfera: 9\/10 <\/p>\n<h2> kombat krakatoa disponibile nel negozio di rivoluzioni padel <\/h2>\n<p>Non perdere l&#8217;opportunit\u00e0 di portare il tuo gioco al livello successivo con il <strong> kombat krakatoa <\/strong>. Il tuo design e un controllo superiori ti aiuteranno a padroneggiare ogni punto. Acquista il tuo ora e migliora la tua precisione in pista!<\/p>\n<h2>Kombat Krakatoa, pala de p\u00e1del redonda colecci\u00f3n 2025<\/h2>\n","protected":false},"excerpt":{"rendered":"<p>Krakatoa Kombat offre un controllo superiore grazie al suo design rotondo e alla zona dolce centrata, ideale per i giocatori tecnici che danno la priorit\u00e0 alla precisione.<\/p>\n","protected":false},"featured_media":125164,"comment_status":"open","ping_status":"closed","template":"","meta":{"_acf_changed":false,"_joinchat":[]},"acabado":[1091],"balance":[1146],"dureza":[1156],"forma":[1181],"jugador":[1201,1191],"marca":[1704],"nivel-de-juego":[1336,1341],"superficie":[1361],"tipo-de-juego":[1371],"product_brand":[],"product_cat":[301],"product_tag":[],"class_list":{"0":"post-125193","1":"product","2":"type-product","3":"status-publish","4":"has-post-thumbnail","6":"acabado-relieve-3d-it","7":"balance-basso","8":"dureza-media-it","9":"forma-rotondo","10":"jugador-multiuso","11":"jugador-uomo","12":"marca-kombat-it","13":"superficie-rugosa-it","14":"tipo-de-juego-controllo","15":"product_cat-palas-de-padel-it","17":"first","18":"instock","19":"taxable","20":"shipping-taxable","21":"purchasable","22":"product-type-simple"},"acf":[],"yoast_head":"<!-- This site is optimized with the Yoast SEO plugin v27.3 - https:\/\/yoast.com\/product\/yoast-seo-wordpress\/ -->\n<title>KOMBAT KRAKATOA - Revolution Padel Store<\/title>\n<meta name=\"description\" content=\"La Kombat Krakatoa es una pala de molde redondo que destaca dentro de la colecci\u00f3n Vulcano, inspirada en la potencia y estabilidad del volc\u00e1n Krakatoa. Dise\u00f1ada para proporcionar un control absoluto en cada golpe, esta pala combina precisi\u00f3n y agilidad, ofreciendo una zona dulce perfectamente centrada. Con un balance orientado hacia la empu\u00f1adura, gracias a su innovador patr\u00f3n de agujeros, la Kombat Krakatoa proporciona un manejo excepcionalmente c\u00f3modo. Si buscas una pala que ofrezca precisi\u00f3n en cada punto y estabilidad en el juego, la Krakatoa est\u00e1 pensada para ti.\" \/>\n<meta name=\"robots\" content=\"index, follow, max-snippet:-1, max-image-preview:large, max-video-preview:-1\" \/>\n<link rel=\"canonical\" href=\"https:\/\/revolutionpadelstore.com\/it\/prodotto\/kombat-krakatoa\/\" \/>\n<meta property=\"og:locale\" content=\"it_IT\" \/>\n<meta property=\"og:type\" content=\"article\" \/>\n<meta property=\"og:title\" content=\"KOMBAT KRAKATOA - Revolution Padel Store\" \/>\n<meta property=\"og:description\" content=\"La Kombat Krakatoa es una pala de molde redondo que destaca dentro de la colecci\u00f3n Vulcano, inspirada en la potencia y estabilidad del volc\u00e1n Krakatoa. Dise\u00f1ada para proporcionar un control absoluto en cada golpe, esta pala combina precisi\u00f3n y agilidad, ofreciendo una zona dulce perfectamente centrada. Con un balance orientado hacia la empu\u00f1adura, gracias a su innovador patr\u00f3n de agujeros, la Kombat Krakatoa proporciona un manejo excepcionalmente c\u00f3modo. Si buscas una pala que ofrezca precisi\u00f3n en cada punto y estabilidad en el juego, la Krakatoa est\u00e1 pensada para ti.\" \/>\n<meta property=\"og:url\" content=\"https:\/\/revolutionpadelstore.com\/it\/prodotto\/kombat-krakatoa\/\" \/>\n<meta property=\"og:site_name\" content=\"Revolution Padel Store\" \/>\n<meta property=\"article:modified_time\" content=\"2026-04-01T04:51:58+00:00\" \/>\n<meta property=\"og:image\" content=\"https:\/\/revolutionpadelstore.com\/wp-content\/uploads\/2024\/11\/115024_pala_kombat_krakatoa_1500x1500_1_7937.webp\" \/>\n\t<meta property=\"og:image:width\" content=\"1500\" \/>\n\t<meta property=\"og:image:height\" content=\"1500\" \/>\n\t<meta property=\"og:image:type\" content=\"image\/webp\" \/>\n<meta name=\"twitter:card\" content=\"summary_large_image\" \/>\n<meta name=\"twitter:label1\" content=\"Tempo di lettura stimato\" \/>\n\t<meta name=\"twitter:data1\" content=\"2 minuti\" \/>\n<script type=\"application\/ld+json\" class=\"yoast-schema-graph\">{\"@context\":\"https:\\\/\\\/schema.org\",\"@graph\":[{\"@type\":\"WebPage\",\"@id\":\"https:\\\/\\\/revolutionpadelstore.com\\\/it\\\/prodotto\\\/kombat-krakatoa\\\/\",\"url\":\"https:\\\/\\\/revolutionpadelstore.com\\\/it\\\/prodotto\\\/kombat-krakatoa\\\/\",\"name\":\"KOMBAT KRAKATOA - Revolution Padel Store\",\"isPartOf\":{\"@id\":\"https:\\\/\\\/revolutionpadelstore.com\\\/it\\\/#website\"},\"primaryImageOfPage\":{\"@id\":\"https:\\\/\\\/revolutionpadelstore.com\\\/it\\\/prodotto\\\/kombat-krakatoa\\\/#primaryimage\"},\"image\":{\"@id\":\"https:\\\/\\\/revolutionpadelstore.com\\\/it\\\/prodotto\\\/kombat-krakatoa\\\/#primaryimage\"},\"thumbnailUrl\":\"https:\\\/\\\/revolutionpadelstore.com\\\/wp-content\\\/uploads\\\/2024\\\/11\\\/115024_pala_kombat_krakatoa_1500x1500_1_7937.webp\",\"datePublished\":\"2024-11-23T10:51:43+00:00\",\"dateModified\":\"2026-04-01T04:51:58+00:00\",\"description\":\"La Kombat Krakatoa es una pala de molde redondo que destaca dentro de la colecci\u00f3n Vulcano, inspirada en la potencia y estabilidad del volc\u00e1n Krakatoa. Dise\u00f1ada para proporcionar un control absoluto en cada golpe, esta pala combina precisi\u00f3n y agilidad, ofreciendo una zona dulce perfectamente centrada. Con un balance orientado hacia la empu\u00f1adura, gracias a su innovador patr\u00f3n de agujeros, la Kombat Krakatoa proporciona un manejo excepcionalmente c\u00f3modo. Si buscas una pala que ofrezca precisi\u00f3n en cada punto y estabilidad en el juego, la Krakatoa est\u00e1 pensada para ti.\",\"breadcrumb\":{\"@id\":\"https:\\\/\\\/revolutionpadelstore.com\\\/it\\\/prodotto\\\/kombat-krakatoa\\\/#breadcrumb\"},\"inLanguage\":\"it-IT\",\"potentialAction\":[{\"@type\":\"ReadAction\",\"target\":[\"https:\\\/\\\/revolutionpadelstore.com\\\/it\\\/prodotto\\\/kombat-krakatoa\\\/\"]}]},{\"@type\":\"ImageObject\",\"inLanguage\":\"it-IT\",\"@id\":\"https:\\\/\\\/revolutionpadelstore.com\\\/it\\\/prodotto\\\/kombat-krakatoa\\\/#primaryimage\",\"url\":\"https:\\\/\\\/revolutionpadelstore.com\\\/wp-content\\\/uploads\\\/2024\\\/11\\\/115024_pala_kombat_krakatoa_1500x1500_1_7937.webp\",\"contentUrl\":\"https:\\\/\\\/revolutionpadelstore.com\\\/wp-content\\\/uploads\\\/2024\\\/11\\\/115024_pala_kombat_krakatoa_1500x1500_1_7937.webp\",\"width\":1500,\"height\":1500},{\"@type\":\"BreadcrumbList\",\"@id\":\"https:\\\/\\\/revolutionpadelstore.com\\\/it\\\/prodotto\\\/kombat-krakatoa\\\/#breadcrumb\",\"itemListElement\":[{\"@type\":\"ListItem\",\"position\":1,\"name\":\"Portada\",\"item\":\"https:\\\/\\\/revolutionpadelstore.com\\\/it\\\/\"},{\"@type\":\"ListItem\",\"position\":2,\"name\":\"Tienda\",\"item\":\"https:\\\/\\\/revolutionpadelstore.com\\\/it\\\/tienda\\\/\"},{\"@type\":\"ListItem\",\"position\":3,\"name\":\"KOMBAT KRAKATOA\"}]},{\"@type\":\"WebSite\",\"@id\":\"https:\\\/\\\/revolutionpadelstore.com\\\/it\\\/#website\",\"url\":\"https:\\\/\\\/revolutionpadelstore.com\\\/it\\\/\",\"name\":\"Revolution Padel Store\",\"description\":\"\",\"publisher\":{\"@id\":\"https:\\\/\\\/revolutionpadelstore.com\\\/it\\\/#organization\"},\"potentialAction\":[{\"@type\":\"SearchAction\",\"target\":{\"@type\":\"EntryPoint\",\"urlTemplate\":\"https:\\\/\\\/revolutionpadelstore.com\\\/it\\\/?s={search_term_string}\"},\"query-input\":{\"@type\":\"PropertyValueSpecification\",\"valueRequired\":true,\"valueName\":\"search_term_string\"}}],\"inLanguage\":\"it-IT\"},{\"@type\":\"Organization\",\"@id\":\"https:\\\/\\\/revolutionpadelstore.com\\\/it\\\/#organization\",\"name\":\"Revolution Padel Store\",\"url\":\"https:\\\/\\\/revolutionpadelstore.com\\\/it\\\/\",\"logo\":{\"@type\":\"ImageObject\",\"inLanguage\":\"it-IT\",\"@id\":\"https:\\\/\\\/revolutionpadelstore.com\\\/it\\\/#\\\/schema\\\/logo\\\/image\\\/\",\"url\":\"https:\\\/\\\/revolutionpadelstore.com\\\/wp-content\\\/uploads\\\/2026\\\/02\\\/revolution-padel-store.jpg\",\"contentUrl\":\"https:\\\/\\\/revolutionpadelstore.com\\\/wp-content\\\/uploads\\\/2026\\\/02\\\/revolution-padel-store.jpg\",\"width\":2000,\"height\":2000,\"caption\":\"Revolution Padel Store\"},\"image\":{\"@id\":\"https:\\\/\\\/revolutionpadelstore.com\\\/it\\\/#\\\/schema\\\/logo\\\/image\\\/\"},\"sameAs\":[\"https:\\\/\\\/www.instagram.com\\\/revolutionpadelstore\\\/\"]}]}<\/script>\n<!-- \/ Yoast SEO plugin. -->","yoast_head_json":{"title":"KOMBAT KRAKATOA - Revolution Padel Store","description":"La Kombat Krakatoa es una pala de molde redondo que destaca dentro de la colecci\u00f3n Vulcano, inspirada en la potencia y estabilidad del volc\u00e1n Krakatoa. Dise\u00f1ada para proporcionar un control absoluto en cada golpe, esta pala combina precisi\u00f3n y agilidad, ofreciendo una zona dulce perfectamente centrada. Con un balance orientado hacia la empu\u00f1adura, gracias a su innovador patr\u00f3n de agujeros, la Kombat Krakatoa proporciona un manejo excepcionalmente c\u00f3modo. Si buscas una pala que ofrezca precisi\u00f3n en cada punto y estabilidad en el juego, la Krakatoa est\u00e1 pensada para ti.","robots":{"index":"index","follow":"follow","max-snippet":"max-snippet:-1","max-image-preview":"max-image-preview:large","max-video-preview":"max-video-preview:-1"},"canonical":"https:\/\/revolutionpadelstore.com\/it\/prodotto\/kombat-krakatoa\/","og_locale":"it_IT","og_type":"article","og_title":"KOMBAT KRAKATOA - Revolution Padel Store","og_description":"La Kombat Krakatoa es una pala de molde redondo que destaca dentro de la colecci\u00f3n Vulcano, inspirada en la potencia y estabilidad del volc\u00e1n Krakatoa. Dise\u00f1ada para proporcionar un control absoluto en cada golpe, esta pala combina precisi\u00f3n y agilidad, ofreciendo una zona dulce perfectamente centrada. Con un balance orientado hacia la empu\u00f1adura, gracias a su innovador patr\u00f3n de agujeros, la Kombat Krakatoa proporciona un manejo excepcionalmente c\u00f3modo. Si buscas una pala que ofrezca precisi\u00f3n en cada punto y estabilidad en el juego, la Krakatoa est\u00e1 pensada para ti.","og_url":"https:\/\/revolutionpadelstore.com\/it\/prodotto\/kombat-krakatoa\/","og_site_name":"Revolution Padel Store","article_modified_time":"2026-04-01T04:51:58+00:00","og_image":[{"width":1500,"height":1500,"url":"https:\/\/revolutionpadelstore.com\/wp-content\/uploads\/2024\/11\/115024_pala_kombat_krakatoa_1500x1500_1_7937.webp","type":"image\/webp"}],"twitter_card":"summary_large_image","twitter_misc":{"Tempo di lettura stimato":"2 minuti"},"schema":{"@context":"https:\/\/schema.org","@graph":[{"@type":"WebPage","@id":"https:\/\/revolutionpadelstore.com\/it\/prodotto\/kombat-krakatoa\/","url":"https:\/\/revolutionpadelstore.com\/it\/prodotto\/kombat-krakatoa\/","name":"KOMBAT KRAKATOA - Revolution Padel Store","isPartOf":{"@id":"https:\/\/revolutionpadelstore.com\/it\/#website"},"primaryImageOfPage":{"@id":"https:\/\/revolutionpadelstore.com\/it\/prodotto\/kombat-krakatoa\/#primaryimage"},"image":{"@id":"https:\/\/revolutionpadelstore.com\/it\/prodotto\/kombat-krakatoa\/#primaryimage"},"thumbnailUrl":"https:\/\/revolutionpadelstore.com\/wp-content\/uploads\/2024\/11\/115024_pala_kombat_krakatoa_1500x1500_1_7937.webp","datePublished":"2024-11-23T10:51:43+00:00","dateModified":"2026-04-01T04:51:58+00:00","description":"La Kombat Krakatoa es una pala de molde redondo que destaca dentro de la colecci\u00f3n Vulcano, inspirada en la potencia y estabilidad del volc\u00e1n Krakatoa. Dise\u00f1ada para proporcionar un control absoluto en cada golpe, esta pala combina precisi\u00f3n y agilidad, ofreciendo una zona dulce perfectamente centrada. Con un balance orientado hacia la empu\u00f1adura, gracias a su innovador patr\u00f3n de agujeros, la Kombat Krakatoa proporciona un manejo excepcionalmente c\u00f3modo. Si buscas una pala que ofrezca precisi\u00f3n en cada punto y estabilidad en el juego, la Krakatoa est\u00e1 pensada para ti.","breadcrumb":{"@id":"https:\/\/revolutionpadelstore.com\/it\/prodotto\/kombat-krakatoa\/#breadcrumb"},"inLanguage":"it-IT","potentialAction":[{"@type":"ReadAction","target":["https:\/\/revolutionpadelstore.com\/it\/prodotto\/kombat-krakatoa\/"]}]},{"@type":"ImageObject","inLanguage":"it-IT","@id":"https:\/\/revolutionpadelstore.com\/it\/prodotto\/kombat-krakatoa\/#primaryimage","url":"https:\/\/revolutionpadelstore.com\/wp-content\/uploads\/2024\/11\/115024_pala_kombat_krakatoa_1500x1500_1_7937.webp","contentUrl":"https:\/\/revolutionpadelstore.com\/wp-content\/uploads\/2024\/11\/115024_pala_kombat_krakatoa_1500x1500_1_7937.webp","width":1500,"height":1500},{"@type":"BreadcrumbList","@id":"https:\/\/revolutionpadelstore.com\/it\/prodotto\/kombat-krakatoa\/#breadcrumb","itemListElement":[{"@type":"ListItem","position":1,"name":"Portada","item":"https:\/\/revolutionpadelstore.com\/it\/"},{"@type":"ListItem","position":2,"name":"Tienda","item":"https:\/\/revolutionpadelstore.com\/it\/tienda\/"},{"@type":"ListItem","position":3,"name":"KOMBAT KRAKATOA"}]},{"@type":"WebSite","@id":"https:\/\/revolutionpadelstore.com\/it\/#website","url":"https:\/\/revolutionpadelstore.com\/it\/","name":"Revolution Padel Store","description":"","publisher":{"@id":"https:\/\/revolutionpadelstore.com\/it\/#organization"},"potentialAction":[{"@type":"SearchAction","target":{"@type":"EntryPoint","urlTemplate":"https:\/\/revolutionpadelstore.com\/it\/?s={search_term_string}"},"query-input":{"@type":"PropertyValueSpecification","valueRequired":true,"valueName":"search_term_string"}}],"inLanguage":"it-IT"},{"@type":"Organization","@id":"https:\/\/revolutionpadelstore.com\/it\/#organization","name":"Revolution Padel Store","url":"https:\/\/revolutionpadelstore.com\/it\/","logo":{"@type":"ImageObject","inLanguage":"it-IT","@id":"https:\/\/revolutionpadelstore.com\/it\/#\/schema\/logo\/image\/","url":"https:\/\/revolutionpadelstore.com\/wp-content\/uploads\/2026\/02\/revolution-padel-store.jpg","contentUrl":"https:\/\/revolutionpadelstore.com\/wp-content\/uploads\/2026\/02\/revolution-padel-store.jpg","width":2000,"height":2000,"caption":"Revolution Padel Store"},"image":{"@id":"https:\/\/revolutionpadelstore.com\/it\/#\/schema\/logo\/image\/"},"sameAs":["https:\/\/www.instagram.com\/revolutionpadelstore\/"]}]}},"_links":{"self":[{"href":"https:\/\/revolutionpadelstore.com\/it\/wp-json\/wp\/v2\/product\/125193","targetHints":{"allow":["GET"]}}],"collection":[{"href":"https:\/\/revolutionpadelstore.com\/it\/wp-json\/wp\/v2\/product"}],"about":[{"href":"https:\/\/revolutionpadelstore.com\/it\/wp-json\/wp\/v2\/types\/product"}],"replies":[{"embeddable":true,"href":"https:\/\/revolutionpadelstore.com\/it\/wp-json\/wp\/v2\/comments?post=125193"}],"wp:featuredmedia":[{"embeddable":true,"href":"https:\/\/revolutionpadelstore.com\/it\/wp-json\/wp\/v2\/media\/125164"}],"wp:attachment":[{"href":"https:\/\/revolutionpadelstore.com\/it\/wp-json\/wp\/v2\/media?parent=125193"}],"wp:term":[{"taxonomy":"acabado","embeddable":true,"href":"https:\/\/revolutionpadelstore.com\/it\/wp-json\/wp\/v2\/acabado?post=125193"},{"taxonomy":"balance","embeddable":true,"href":"https:\/\/revolutionpadelstore.com\/it\/wp-json\/wp\/v2\/balance?post=125193"},{"taxonomy":"dureza","embeddable":true,"href":"https:\/\/revolutionpadelstore.com\/it\/wp-json\/wp\/v2\/dureza?post=125193"},{"taxonomy":"forma","embeddable":true,"href":"https:\/\/revolutionpadelstore.com\/it\/wp-json\/wp\/v2\/forma?post=125193"},{"taxonomy":"jugador","embeddable":true,"href":"https:\/\/revolutionpadelstore.com\/it\/wp-json\/wp\/v2\/jugador?post=125193"},{"taxonomy":"marca","embeddable":true,"href":"https:\/\/revolutionpadelstore.com\/it\/wp-json\/wp\/v2\/marca?post=125193"},{"taxonomy":"nivel-de-juego","embeddable":true,"href":"https:\/\/revolutionpadelstore.com\/it\/wp-json\/wp\/v2\/nivel-de-juego?post=125193"},{"taxonomy":"superficie","embeddable":true,"href":"https:\/\/revolutionpadelstore.com\/it\/wp-json\/wp\/v2\/superficie?post=125193"},{"taxonomy":"tipo-de-juego","embeddable":true,"href":"https:\/\/revolutionpadelstore.com\/it\/wp-json\/wp\/v2\/tipo-de-juego?post=125193"},{"taxonomy":"product_brand","embeddable":true,"href":"https:\/\/revolutionpadelstore.com\/it\/wp-json\/wp\/v2\/product_brand?post=125193"},{"taxonomy":"product_cat","embeddable":true,"href":"https:\/\/revolutionpadelstore.com\/it\/wp-json\/wp\/v2\/product_cat?post=125193"},{"taxonomy":"product_tag","embeddable":true,"href":"https:\/\/revolutionpadelstore.com\/it\/wp-json\/wp\/v2\/product_tag?post=125193"}],"curies":[{"name":"wp","href":"https:\/\/api.w.org\/{rel}","templated":true}]}}