{"id":12398,"date":"2024-04-22T15:26:08","date_gmt":"2024-04-22T13:26:08","guid":{"rendered":"https:\/\/revolutionpadelstore.com\/joma-t-slam-2303-azul-amarillo-tslams2303p-marino-rosa\/"},"modified":"2025-09-02T02:02:46","modified_gmt":"2025-09-02T00:02:46","slug":"joma-t-slam-2303-azul-amarillo-tslams2303p-marino-rosa","status":"publish","type":"product","link":"https:\/\/revolutionpadelstore.com\/it\/prodotto\/joma-t-slam-2303-azul-amarillo-tslams2303p-marino-rosa\/","title":{"rendered":"JOMA T.SLAM 2303 AZUL AMARILLO TSLAMS2303P MARINO ROSA"},"content":{"rendered":"<p>Su Revolution Padel Store troverai le migliori scarpe da paddle sul mercato, come la Joma T.Slam 2303 nel suo modello blu e giallo. Queste sneakers sono progettate con la pi\u00f9 alta tecnologia e materiali di qualit\u00e0 per garantire una durata eccezionale. Realizzate in nylon e PU, queste sneakers offrono grande resistenza all&#8217;usura da abrasione grazie alla suola in gomma DURABILITY.<\/p>\n<p>Ma non \u00e8 tutto, le scarpe Joma T.Slam 2303 incorporano anche la tecnologia VTS, un sistema di ventilazione che mantiene i piedi freschi e comodi durante tutta la partita. Inoltre, la sua intersuola \u00e8 dotata della tecnologia REACTIVE BALL, che assorbe gli impatti e riduce il carico sulle articolazioni, dandoti slancio extra ad ogni passo.<\/p>\n<p>L&#8217;intersuola di queste scarpe ha anche una base in phylon a densit\u00e0 pi\u00f9 elevata e fa parte del sistema FULL DUAL PULSOR, che fornisce stabilit\u00e0 e migliori prestazioni in campo. E per adattarsi ergonomicamente alla tua impronta, le scarpe Joma T.Slam 2303 hanno linee flessibili FLEXO nell&#8217;intersuola e un pezzo STABILIS che impedisce curve improprie e previene gli infortuni.<\/p>\n<p>Non aspettare oltre e prova le scarpe da padel Joma T.Slam 2303 su Revolution Padel Store, dove troverai la combinazione perfetta di tecnologia avanzata e massima durata. Acquistali e migliora il tuo gioco in campo!<\/p>\n","protected":false},"excerpt":{"rendered":"<p>Scarpe da paddle Joma T.Slam 2303 in blu e giallo con tecnologia avanzata e grande durata nel Revolution Padel Store<\/p>\n","protected":false},"featured_media":32510,"comment_status":"closed","ping_status":"closed","template":"","meta":{"_acf_changed":false,"_joinchat":[]},"acabado":[],"balance":[],"dureza":[],"forma":[],"jugador":[1191],"marca":[1226],"nivel-de-juego":[1336,1341,1346],"superficie":[],"tipo-de-juego":[1371],"product_brand":[],"product_cat":[404],"product_tag":[],"class_list":{"0":"post-12398","1":"product","2":"type-product","3":"status-publish","4":"has-post-thumbnail","6":"jugador-uomo","7":"marca-joma-it","8":"tipo-de-juego-controllo","9":"product_cat-sneakers-da-uomo","11":"first","12":"instock","13":"sale","14":"taxable","15":"shipping-taxable","16":"purchasable","17":"product-type-variable"},"acf":[],"yoast_head":"<!-- This site is optimized with the Yoast SEO plugin v27.4 - https:\/\/yoast.com\/product\/yoast-seo-wordpress\/ -->\n<title>JOMA T.SLAM 2303 AZUL AMARILLO TSLAMS2303P MARINO ROSA - Revolution Padel Store<\/title>\n<meta name=\"description\" content=\"Zapatillas de p\u00e1del Joma T.Slam 2303 en azul y amarillo con tecnolog\u00eda avanzada y gran durabilidad en Revolution Padel Store\" \/>\n<meta name=\"robots\" content=\"index, follow, max-snippet:-1, max-image-preview:large, max-video-preview:-1\" \/>\n<link rel=\"canonical\" href=\"https:\/\/revolutionpadelstore.com\/it\/prodotto\/joma-t-slam-2303-azul-amarillo-tslams2303p-marino-rosa\/\" \/>\n<meta property=\"og:locale\" content=\"it_IT\" \/>\n<meta property=\"og:type\" content=\"article\" \/>\n<meta property=\"og:title\" content=\"JOMA T.SLAM 2303 AZUL AMARILLO TSLAMS2303P MARINO ROSA - Revolution Padel Store\" \/>\n<meta property=\"og:description\" content=\"Zapatillas de p\u00e1del Joma T.Slam 2303 en azul y amarillo con tecnolog\u00eda avanzada y gran durabilidad en Revolution Padel Store\" \/>\n<meta property=\"og:url\" content=\"https:\/\/revolutionpadelstore.com\/it\/prodotto\/joma-t-slam-2303-azul-amarillo-tslams2303p-marino-rosa\/\" \/>\n<meta property=\"og:site_name\" content=\"Revolution Padel Store\" \/>\n<meta property=\"article:modified_time\" content=\"2025-09-02T00:02:46+00:00\" \/>\n<meta property=\"og:image\" content=\"https:\/\/revolutionpadelstore.com\/wp-content\/uploads\/2024\/04\/C-106559-P-0-4.jpg\" \/>\n\t<meta property=\"og:image:width\" content=\"1000\" \/>\n\t<meta property=\"og:image:height\" content=\"1000\" \/>\n\t<meta property=\"og:image:type\" content=\"image\/jpeg\" \/>\n<meta name=\"twitter:card\" content=\"summary_large_image\" \/>\n<meta name=\"twitter:label1\" content=\"Tempo di lettura stimato\" \/>\n\t<meta name=\"twitter:data1\" content=\"2 minuti\" \/>\n<script type=\"application\/ld+json\" class=\"yoast-schema-graph\">{\"@context\":\"https:\\\/\\\/schema.org\",\"@graph\":[{\"@type\":\"WebPage\",\"@id\":\"https:\\\/\\\/revolutionpadelstore.com\\\/it\\\/prodotto\\\/joma-t-slam-2303-azul-amarillo-tslams2303p-marino-rosa\\\/\",\"url\":\"https:\\\/\\\/revolutionpadelstore.com\\\/it\\\/prodotto\\\/joma-t-slam-2303-azul-amarillo-tslams2303p-marino-rosa\\\/\",\"name\":\"JOMA T.SLAM 2303 AZUL AMARILLO TSLAMS2303P MARINO ROSA - Revolution Padel Store\",\"isPartOf\":{\"@id\":\"https:\\\/\\\/revolutionpadelstore.com\\\/it\\\/#website\"},\"primaryImageOfPage\":{\"@id\":\"https:\\\/\\\/revolutionpadelstore.com\\\/it\\\/prodotto\\\/joma-t-slam-2303-azul-amarillo-tslams2303p-marino-rosa\\\/#primaryimage\"},\"image\":{\"@id\":\"https:\\\/\\\/revolutionpadelstore.com\\\/it\\\/prodotto\\\/joma-t-slam-2303-azul-amarillo-tslams2303p-marino-rosa\\\/#primaryimage\"},\"thumbnailUrl\":\"https:\\\/\\\/revolutionpadelstore.com\\\/wp-content\\\/uploads\\\/2024\\\/04\\\/C-106559-P-0-4.jpg\",\"datePublished\":\"2024-04-22T13:26:08+00:00\",\"dateModified\":\"2025-09-02T00:02:46+00:00\",\"description\":\"Zapatillas de p\u00e1del Joma T.Slam 2303 en azul y amarillo con tecnolog\u00eda avanzada y gran durabilidad en Revolution Padel Store\",\"breadcrumb\":{\"@id\":\"https:\\\/\\\/revolutionpadelstore.com\\\/it\\\/prodotto\\\/joma-t-slam-2303-azul-amarillo-tslams2303p-marino-rosa\\\/#breadcrumb\"},\"inLanguage\":\"it-IT\",\"potentialAction\":[{\"@type\":\"ReadAction\",\"target\":[\"https:\\\/\\\/revolutionpadelstore.com\\\/it\\\/prodotto\\\/joma-t-slam-2303-azul-amarillo-tslams2303p-marino-rosa\\\/\"]}]},{\"@type\":\"ImageObject\",\"inLanguage\":\"it-IT\",\"@id\":\"https:\\\/\\\/revolutionpadelstore.com\\\/it\\\/prodotto\\\/joma-t-slam-2303-azul-amarillo-tslams2303p-marino-rosa\\\/#primaryimage\",\"url\":\"https:\\\/\\\/revolutionpadelstore.com\\\/wp-content\\\/uploads\\\/2024\\\/04\\\/C-106559-P-0-4.jpg\",\"contentUrl\":\"https:\\\/\\\/revolutionpadelstore.com\\\/wp-content\\\/uploads\\\/2024\\\/04\\\/C-106559-P-0-4.jpg\",\"width\":1000,\"height\":1000},{\"@type\":\"BreadcrumbList\",\"@id\":\"https:\\\/\\\/revolutionpadelstore.com\\\/it\\\/prodotto\\\/joma-t-slam-2303-azul-amarillo-tslams2303p-marino-rosa\\\/#breadcrumb\",\"itemListElement\":[{\"@type\":\"ListItem\",\"position\":1,\"name\":\"Portada\",\"item\":\"https:\\\/\\\/revolutionpadelstore.com\\\/it\\\/\"},{\"@type\":\"ListItem\",\"position\":2,\"name\":\"Tienda\",\"item\":\"https:\\\/\\\/revolutionpadelstore.com\\\/it\\\/tienda\\\/\"},{\"@type\":\"ListItem\",\"position\":3,\"name\":\"JOMA T.SLAM 2303 AZUL AMARILLO TSLAMS2303P MARINO ROSA\"}]},{\"@type\":\"WebSite\",\"@id\":\"https:\\\/\\\/revolutionpadelstore.com\\\/it\\\/#website\",\"url\":\"https:\\\/\\\/revolutionpadelstore.com\\\/it\\\/\",\"name\":\"Revolution Padel Store\",\"description\":\"\",\"publisher\":{\"@id\":\"https:\\\/\\\/revolutionpadelstore.com\\\/it\\\/#organization\"},\"potentialAction\":[{\"@type\":\"SearchAction\",\"target\":{\"@type\":\"EntryPoint\",\"urlTemplate\":\"https:\\\/\\\/revolutionpadelstore.com\\\/it\\\/?s={search_term_string}\"},\"query-input\":{\"@type\":\"PropertyValueSpecification\",\"valueRequired\":true,\"valueName\":\"search_term_string\"}}],\"inLanguage\":\"it-IT\"},{\"@type\":\"Organization\",\"@id\":\"https:\\\/\\\/revolutionpadelstore.com\\\/it\\\/#organization\",\"name\":\"Revolution Padel Store\",\"url\":\"https:\\\/\\\/revolutionpadelstore.com\\\/it\\\/\",\"logo\":{\"@type\":\"ImageObject\",\"inLanguage\":\"it-IT\",\"@id\":\"https:\\\/\\\/revolutionpadelstore.com\\\/it\\\/#\\\/schema\\\/logo\\\/image\\\/\",\"url\":\"https:\\\/\\\/revolutionpadelstore.com\\\/wp-content\\\/uploads\\\/2026\\\/02\\\/revolution-padel-store.jpg\",\"contentUrl\":\"https:\\\/\\\/revolutionpadelstore.com\\\/wp-content\\\/uploads\\\/2026\\\/02\\\/revolution-padel-store.jpg\",\"width\":2000,\"height\":2000,\"caption\":\"Revolution Padel Store\"},\"image\":{\"@id\":\"https:\\\/\\\/revolutionpadelstore.com\\\/it\\\/#\\\/schema\\\/logo\\\/image\\\/\"},\"sameAs\":[\"https:\\\/\\\/www.instagram.com\\\/revolutionpadelstore\\\/\"]}]}<\/script>\n<!-- \/ Yoast SEO plugin. -->","yoast_head_json":{"title":"JOMA T.SLAM 2303 AZUL AMARILLO TSLAMS2303P MARINO ROSA - Revolution Padel Store","description":"Zapatillas de p\u00e1del Joma T.Slam 2303 en azul y amarillo con tecnolog\u00eda avanzada y gran durabilidad en Revolution Padel Store","robots":{"index":"index","follow":"follow","max-snippet":"max-snippet:-1","max-image-preview":"max-image-preview:large","max-video-preview":"max-video-preview:-1"},"canonical":"https:\/\/revolutionpadelstore.com\/it\/prodotto\/joma-t-slam-2303-azul-amarillo-tslams2303p-marino-rosa\/","og_locale":"it_IT","og_type":"article","og_title":"JOMA T.SLAM 2303 AZUL AMARILLO TSLAMS2303P MARINO ROSA - Revolution Padel Store","og_description":"Zapatillas de p\u00e1del Joma T.Slam 2303 en azul y amarillo con tecnolog\u00eda avanzada y gran durabilidad en Revolution Padel Store","og_url":"https:\/\/revolutionpadelstore.com\/it\/prodotto\/joma-t-slam-2303-azul-amarillo-tslams2303p-marino-rosa\/","og_site_name":"Revolution Padel Store","article_modified_time":"2025-09-02T00:02:46+00:00","og_image":[{"width":1000,"height":1000,"url":"https:\/\/revolutionpadelstore.com\/wp-content\/uploads\/2024\/04\/C-106559-P-0-4.jpg","type":"image\/jpeg"}],"twitter_card":"summary_large_image","twitter_misc":{"Tempo di lettura stimato":"2 minuti"},"schema":{"@context":"https:\/\/schema.org","@graph":[{"@type":"WebPage","@id":"https:\/\/revolutionpadelstore.com\/it\/prodotto\/joma-t-slam-2303-azul-amarillo-tslams2303p-marino-rosa\/","url":"https:\/\/revolutionpadelstore.com\/it\/prodotto\/joma-t-slam-2303-azul-amarillo-tslams2303p-marino-rosa\/","name":"JOMA T.SLAM 2303 AZUL AMARILLO TSLAMS2303P MARINO ROSA - Revolution Padel Store","isPartOf":{"@id":"https:\/\/revolutionpadelstore.com\/it\/#website"},"primaryImageOfPage":{"@id":"https:\/\/revolutionpadelstore.com\/it\/prodotto\/joma-t-slam-2303-azul-amarillo-tslams2303p-marino-rosa\/#primaryimage"},"image":{"@id":"https:\/\/revolutionpadelstore.com\/it\/prodotto\/joma-t-slam-2303-azul-amarillo-tslams2303p-marino-rosa\/#primaryimage"},"thumbnailUrl":"https:\/\/revolutionpadelstore.com\/wp-content\/uploads\/2024\/04\/C-106559-P-0-4.jpg","datePublished":"2024-04-22T13:26:08+00:00","dateModified":"2025-09-02T00:02:46+00:00","description":"Zapatillas de p\u00e1del Joma T.Slam 2303 en azul y amarillo con tecnolog\u00eda avanzada y gran durabilidad en Revolution Padel Store","breadcrumb":{"@id":"https:\/\/revolutionpadelstore.com\/it\/prodotto\/joma-t-slam-2303-azul-amarillo-tslams2303p-marino-rosa\/#breadcrumb"},"inLanguage":"it-IT","potentialAction":[{"@type":"ReadAction","target":["https:\/\/revolutionpadelstore.com\/it\/prodotto\/joma-t-slam-2303-azul-amarillo-tslams2303p-marino-rosa\/"]}]},{"@type":"ImageObject","inLanguage":"it-IT","@id":"https:\/\/revolutionpadelstore.com\/it\/prodotto\/joma-t-slam-2303-azul-amarillo-tslams2303p-marino-rosa\/#primaryimage","url":"https:\/\/revolutionpadelstore.com\/wp-content\/uploads\/2024\/04\/C-106559-P-0-4.jpg","contentUrl":"https:\/\/revolutionpadelstore.com\/wp-content\/uploads\/2024\/04\/C-106559-P-0-4.jpg","width":1000,"height":1000},{"@type":"BreadcrumbList","@id":"https:\/\/revolutionpadelstore.com\/it\/prodotto\/joma-t-slam-2303-azul-amarillo-tslams2303p-marino-rosa\/#breadcrumb","itemListElement":[{"@type":"ListItem","position":1,"name":"Portada","item":"https:\/\/revolutionpadelstore.com\/it\/"},{"@type":"ListItem","position":2,"name":"Tienda","item":"https:\/\/revolutionpadelstore.com\/it\/tienda\/"},{"@type":"ListItem","position":3,"name":"JOMA T.SLAM 2303 AZUL AMARILLO TSLAMS2303P MARINO ROSA"}]},{"@type":"WebSite","@id":"https:\/\/revolutionpadelstore.com\/it\/#website","url":"https:\/\/revolutionpadelstore.com\/it\/","name":"Revolution Padel Store","description":"","publisher":{"@id":"https:\/\/revolutionpadelstore.com\/it\/#organization"},"potentialAction":[{"@type":"SearchAction","target":{"@type":"EntryPoint","urlTemplate":"https:\/\/revolutionpadelstore.com\/it\/?s={search_term_string}"},"query-input":{"@type":"PropertyValueSpecification","valueRequired":true,"valueName":"search_term_string"}}],"inLanguage":"it-IT"},{"@type":"Organization","@id":"https:\/\/revolutionpadelstore.com\/it\/#organization","name":"Revolution Padel Store","url":"https:\/\/revolutionpadelstore.com\/it\/","logo":{"@type":"ImageObject","inLanguage":"it-IT","@id":"https:\/\/revolutionpadelstore.com\/it\/#\/schema\/logo\/image\/","url":"https:\/\/revolutionpadelstore.com\/wp-content\/uploads\/2026\/02\/revolution-padel-store.jpg","contentUrl":"https:\/\/revolutionpadelstore.com\/wp-content\/uploads\/2026\/02\/revolution-padel-store.jpg","width":2000,"height":2000,"caption":"Revolution Padel Store"},"image":{"@id":"https:\/\/revolutionpadelstore.com\/it\/#\/schema\/logo\/image\/"},"sameAs":["https:\/\/www.instagram.com\/revolutionpadelstore\/"]}]}},"_links":{"self":[{"href":"https:\/\/revolutionpadelstore.com\/it\/wp-json\/wp\/v2\/product\/12398","targetHints":{"allow":["GET"]}}],"collection":[{"href":"https:\/\/revolutionpadelstore.com\/it\/wp-json\/wp\/v2\/product"}],"about":[{"href":"https:\/\/revolutionpadelstore.com\/it\/wp-json\/wp\/v2\/types\/product"}],"replies":[{"embeddable":true,"href":"https:\/\/revolutionpadelstore.com\/it\/wp-json\/wp\/v2\/comments?post=12398"}],"wp:featuredmedia":[{"embeddable":true,"href":"https:\/\/revolutionpadelstore.com\/it\/wp-json\/wp\/v2\/media\/32510"}],"wp:attachment":[{"href":"https:\/\/revolutionpadelstore.com\/it\/wp-json\/wp\/v2\/media?parent=12398"}],"wp:term":[{"taxonomy":"acabado","embeddable":true,"href":"https:\/\/revolutionpadelstore.com\/it\/wp-json\/wp\/v2\/acabado?post=12398"},{"taxonomy":"balance","embeddable":true,"href":"https:\/\/revolutionpadelstore.com\/it\/wp-json\/wp\/v2\/balance?post=12398"},{"taxonomy":"dureza","embeddable":true,"href":"https:\/\/revolutionpadelstore.com\/it\/wp-json\/wp\/v2\/dureza?post=12398"},{"taxonomy":"forma","embeddable":true,"href":"https:\/\/revolutionpadelstore.com\/it\/wp-json\/wp\/v2\/forma?post=12398"},{"taxonomy":"jugador","embeddable":true,"href":"https:\/\/revolutionpadelstore.com\/it\/wp-json\/wp\/v2\/jugador?post=12398"},{"taxonomy":"marca","embeddable":true,"href":"https:\/\/revolutionpadelstore.com\/it\/wp-json\/wp\/v2\/marca?post=12398"},{"taxonomy":"nivel-de-juego","embeddable":true,"href":"https:\/\/revolutionpadelstore.com\/it\/wp-json\/wp\/v2\/nivel-de-juego?post=12398"},{"taxonomy":"superficie","embeddable":true,"href":"https:\/\/revolutionpadelstore.com\/it\/wp-json\/wp\/v2\/superficie?post=12398"},{"taxonomy":"tipo-de-juego","embeddable":true,"href":"https:\/\/revolutionpadelstore.com\/it\/wp-json\/wp\/v2\/tipo-de-juego?post=12398"},{"taxonomy":"product_brand","embeddable":true,"href":"https:\/\/revolutionpadelstore.com\/it\/wp-json\/wp\/v2\/product_brand?post=12398"},{"taxonomy":"product_cat","embeddable":true,"href":"https:\/\/revolutionpadelstore.com\/it\/wp-json\/wp\/v2\/product_cat?post=12398"},{"taxonomy":"product_tag","embeddable":true,"href":"https:\/\/revolutionpadelstore.com\/it\/wp-json\/wp\/v2\/product_tag?post=12398"}],"curies":[{"name":"wp","href":"https:\/\/api.w.org\/{rel}","templated":true}]}}