{"id":12063,"date":"2024-02-29T15:14:09","date_gmt":"2024-02-29T14:14:09","guid":{"rendered":"https:\/\/revolutionpadelstore.com\/adidas-adipower-multiweight-3-3\/"},"modified":"2026-04-08T16:15:16","modified_gmt":"2026-04-08T14:15:16","slug":"adidas-adipower-multiweight-3-3","status":"publish","type":"product","link":"https:\/\/revolutionpadelstore.com\/it\/prodotto\/adidas-adipower-multiweight-3-3\/","title":{"rendered":"ADIDAS ADIPOWER MULTIWEIGHT 3.3"},"content":{"rendered":"<h2>Adidas Adipower Multiweight 3.3, pi\u00f9 velocit\u00e0 e controllo<\/h2>\n<p>Progettato per i giocatori di padel di alto livello che praticano questo sport frequentemente e intensamente, l&#8217;<strong>Adidas Adipower Multiweight 3.3<\/strong> offre un magnifico controllo nei movimenti rapidi.<\/p>\n<p>Ha una forma rotonda, il suo bilanciamento \u00e8 basso e lo sweet spot \u00e8 centrato, rendendolo ideale se stai cercando di migliorare la sensazione di controllo e maneggevolezza.<\/p>\n<p>Grazie al sistema di pesi situato sul bordo della guida <strong>Weight &amp; Balance System Multiweight<\/strong>, questa racchetta ha la particolarit\u00e0 di poter modificare il suo peso, aggiungendo fino a 9 grammi distribuiti su 7 viti, per adattare il bilanciamento alle esigenze del momento.<\/p>\n<h3>Resistenza ottimizzata<\/h3>\n<p>Per quanto riguarda i materiali, il telaio \u00e8 realizzato in fibra di carbonio, mentre per i quadranti sono stati utilizzati filamenti intrecciati di fibra di carbonio 18K. Questo materiale garantisce grande durata, rigidit\u00e0 e resistenza.<\/p>\n<p>D&#8217;altra parte, nel nucleo troviamo la gomma ad alta densit\u00e0 <strong>EVA High Memory<\/strong>, una schiuma che si distingue per fornire una potenza suprema nei colpi pi\u00f9 veloci.<\/p>\n<h3>Colpi pieni di rotazioni<\/h3>\n<p>Allo stesso modo, ha una nervatura interna in carbonio nel telaio chiamata <strong>Power Embossed Ridge<\/strong>, che \u00e8 responsabile di aumentare la rigidit\u00e0 della struttura. Grazie al <strong>Dual Exoskeleton<\/strong> il telaio e il cuore della racchetta sono rinforzati in modo che il giocatore eserciti pi\u00f9 forza ad ogni colpo.<\/p>\n<p>Allo stesso modo, per migliorare la durabilit\u00e0 include il <strong>rinforzo strutturale<\/strong>, che consiste in rinforzi perimetrali che resistono all&#8217;elevata torsione.<\/p>\n<p>E con l&#8217;intenzione che il giocatore possa colpire la palla con molta pi\u00f9 rotazione e sia in grado di sorprendere i suoi avversari pi\u00f9 facilmente, incorpora il rilievo <strong>Spin Blade Decal<\/strong> e la <strong>Smart Holes Curve<\/strong>, una disposizione dei fori pensata per facilitare l&#8217;utilizzo degli effetti.<\/p>\n<h2>Adidas Adipower Multiweight 3.3, m\u00e1s velocidad y control<\/h2>\n","protected":false},"excerpt":{"rendered":"<p>Adidas Adipower Multiweight 3.3: potenza e controllo ad ogni colpo. Con un sistema Weight &amp; Balance regolabile, questa racchetta ad alte prestazioni offre una resistenza ottimale e colpi pieni di effetti. Progettato per giocatori avanzati in competizione.<\/p>\n","protected":false},"featured_media":62111,"comment_status":"open","ping_status":"closed","template":"","meta":{"_acf_changed":false,"_joinchat":[]},"acabado":[1086],"balance":[1136],"dureza":[1156],"forma":[1171],"jugador":[1201,1191],"marca":[1231],"nivel-de-juego":[1336],"superficie":[1361],"tipo-de-juego":[1371],"product_brand":[],"product_cat":[301],"product_tag":[],"class_list":{"0":"post-12063","1":"product","2":"type-product","3":"status-publish","4":"has-post-thumbnail","6":"acabado-amico","7":"balance-alto-it","8":"dureza-media-it","9":"forma-diamante-it","10":"jugador-multiuso","11":"jugador-uomo","12":"marca-adidas-it","13":"superficie-rugosa-it","14":"tipo-de-juego-controllo","15":"product_cat-palas-de-padel-it","17":"first","18":"instock","19":"sale","20":"taxable","21":"shipping-taxable","22":"purchasable","23":"product-type-simple"},"acf":[],"yoast_head":"<!-- This site is optimized with the Yoast SEO plugin v27.4 - https:\/\/yoast.com\/product\/yoast-seo-wordpress\/ -->\n<title>ADIDAS ADIPOWER MULTIWEIGHT 3.3 - Revolution Padel Store<\/title>\n<meta name=\"description\" content=\"Adidas Adipower Multiweight 3.3: Potencia y control en cada golpe. Con sistema Weight &amp; Balance ajustable, esta pala de alto rendimiento ofrece resistencia \u00f3ptima y golpes llenos de efecto. Dise\u00f1ada para jugadores avanzados en competici\u00f3n.\" \/>\n<meta name=\"robots\" content=\"index, follow, max-snippet:-1, max-image-preview:large, max-video-preview:-1\" \/>\n<link rel=\"canonical\" href=\"https:\/\/revolutionpadelstore.com\/it\/prodotto\/adidas-adipower-multiweight-3-3\/\" \/>\n<meta property=\"og:locale\" content=\"it_IT\" \/>\n<meta property=\"og:type\" content=\"article\" \/>\n<meta property=\"og:title\" content=\"Adidas Adipower Multiweight 3.3\" \/>\n<meta property=\"og:description\" content=\"Adidas Adipower Multiweight 3.3: Potencia y control en cada golpe. Con sistema Weight &amp; Balance ajustable, esta pala de alto rendimiento ofrece resistencia \u00f3ptima y golpes llenos de efecto. Dise\u00f1ada para jugadores avanzados en competici\u00f3n.\" \/>\n<meta property=\"og:url\" content=\"https:\/\/revolutionpadelstore.com\/it\/prodotto\/adidas-adipower-multiweight-3-3\/\" \/>\n<meta property=\"og:site_name\" content=\"Revolution Padel Store\" \/>\n<meta property=\"article:modified_time\" content=\"2026-04-08T14:15:16+00:00\" \/>\n<meta property=\"og:image\" content=\"https:\/\/revolutionpadelstore.com\/wp-content\/uploads\/2024\/02\/110129_padel_webs_padel_y_grupo_pala_adidas_adipower_multiweight_3_3_adrk1aa2u0_835a-4.webp\" \/>\n\t<meta property=\"og:image:width\" content=\"1500\" \/>\n\t<meta property=\"og:image:height\" content=\"1500\" \/>\n\t<meta property=\"og:image:type\" content=\"image\/webp\" \/>\n<meta name=\"twitter:card\" content=\"summary_large_image\" \/>\n<meta name=\"twitter:label1\" content=\"Tempo di lettura stimato\" \/>\n\t<meta name=\"twitter:data1\" content=\"2 minuti\" \/>\n<script type=\"application\/ld+json\" class=\"yoast-schema-graph\">{\"@context\":\"https:\\\/\\\/schema.org\",\"@graph\":[{\"@type\":\"WebPage\",\"@id\":\"https:\\\/\\\/revolutionpadelstore.com\\\/it\\\/prodotto\\\/adidas-adipower-multiweight-3-3\\\/\",\"url\":\"https:\\\/\\\/revolutionpadelstore.com\\\/it\\\/prodotto\\\/adidas-adipower-multiweight-3-3\\\/\",\"name\":\"ADIDAS ADIPOWER MULTIWEIGHT 3.3 - Revolution Padel Store\",\"isPartOf\":{\"@id\":\"https:\\\/\\\/revolutionpadelstore.com\\\/it\\\/#website\"},\"primaryImageOfPage\":{\"@id\":\"https:\\\/\\\/revolutionpadelstore.com\\\/it\\\/prodotto\\\/adidas-adipower-multiweight-3-3\\\/#primaryimage\"},\"image\":{\"@id\":\"https:\\\/\\\/revolutionpadelstore.com\\\/it\\\/prodotto\\\/adidas-adipower-multiweight-3-3\\\/#primaryimage\"},\"thumbnailUrl\":\"https:\\\/\\\/revolutionpadelstore.com\\\/wp-content\\\/uploads\\\/2024\\\/02\\\/110129_padel_webs_padel_y_grupo_pala_adidas_adipower_multiweight_3_3_adrk1aa2u0_835a-1.webp\",\"datePublished\":\"2024-02-29T14:14:09+00:00\",\"dateModified\":\"2026-04-08T14:15:16+00:00\",\"description\":\"Adidas Adipower Multiweight 3.3: Potencia y control en cada golpe. Con sistema Weight & Balance ajustable, esta pala de alto rendimiento ofrece resistencia \u00f3ptima y golpes llenos de efecto. Dise\u00f1ada para jugadores avanzados en competici\u00f3n.\",\"breadcrumb\":{\"@id\":\"https:\\\/\\\/revolutionpadelstore.com\\\/it\\\/prodotto\\\/adidas-adipower-multiweight-3-3\\\/#breadcrumb\"},\"inLanguage\":\"it-IT\",\"potentialAction\":[{\"@type\":\"ReadAction\",\"target\":[\"https:\\\/\\\/revolutionpadelstore.com\\\/it\\\/prodotto\\\/adidas-adipower-multiweight-3-3\\\/\"]}]},{\"@type\":\"ImageObject\",\"inLanguage\":\"it-IT\",\"@id\":\"https:\\\/\\\/revolutionpadelstore.com\\\/it\\\/prodotto\\\/adidas-adipower-multiweight-3-3\\\/#primaryimage\",\"url\":\"https:\\\/\\\/revolutionpadelstore.com\\\/wp-content\\\/uploads\\\/2024\\\/02\\\/110129_padel_webs_padel_y_grupo_pala_adidas_adipower_multiweight_3_3_adrk1aa2u0_835a-1.webp\",\"contentUrl\":\"https:\\\/\\\/revolutionpadelstore.com\\\/wp-content\\\/uploads\\\/2024\\\/02\\\/110129_padel_webs_padel_y_grupo_pala_adidas_adipower_multiweight_3_3_adrk1aa2u0_835a-1.webp\",\"width\":1500,\"height\":1500},{\"@type\":\"BreadcrumbList\",\"@id\":\"https:\\\/\\\/revolutionpadelstore.com\\\/it\\\/prodotto\\\/adidas-adipower-multiweight-3-3\\\/#breadcrumb\",\"itemListElement\":[{\"@type\":\"ListItem\",\"position\":1,\"name\":\"Portada\",\"item\":\"https:\\\/\\\/revolutionpadelstore.com\\\/it\\\/\"},{\"@type\":\"ListItem\",\"position\":2,\"name\":\"Tienda\",\"item\":\"https:\\\/\\\/revolutionpadelstore.com\\\/it\\\/tienda\\\/\"},{\"@type\":\"ListItem\",\"position\":3,\"name\":\"ADIDAS ADIPOWER MULTIWEIGHT 3.3\"}]},{\"@type\":\"WebSite\",\"@id\":\"https:\\\/\\\/revolutionpadelstore.com\\\/it\\\/#website\",\"url\":\"https:\\\/\\\/revolutionpadelstore.com\\\/it\\\/\",\"name\":\"Revolution Padel Store\",\"description\":\"\",\"publisher\":{\"@id\":\"https:\\\/\\\/revolutionpadelstore.com\\\/it\\\/#organization\"},\"potentialAction\":[{\"@type\":\"SearchAction\",\"target\":{\"@type\":\"EntryPoint\",\"urlTemplate\":\"https:\\\/\\\/revolutionpadelstore.com\\\/it\\\/?s={search_term_string}\"},\"query-input\":{\"@type\":\"PropertyValueSpecification\",\"valueRequired\":true,\"valueName\":\"search_term_string\"}}],\"inLanguage\":\"it-IT\"},{\"@type\":\"Organization\",\"@id\":\"https:\\\/\\\/revolutionpadelstore.com\\\/it\\\/#organization\",\"name\":\"Revolution Padel Store\",\"url\":\"https:\\\/\\\/revolutionpadelstore.com\\\/it\\\/\",\"logo\":{\"@type\":\"ImageObject\",\"inLanguage\":\"it-IT\",\"@id\":\"https:\\\/\\\/revolutionpadelstore.com\\\/it\\\/#\\\/schema\\\/logo\\\/image\\\/\",\"url\":\"https:\\\/\\\/revolutionpadelstore.com\\\/wp-content\\\/uploads\\\/2026\\\/02\\\/revolution-padel-store.jpg\",\"contentUrl\":\"https:\\\/\\\/revolutionpadelstore.com\\\/wp-content\\\/uploads\\\/2026\\\/02\\\/revolution-padel-store.jpg\",\"width\":2000,\"height\":2000,\"caption\":\"Revolution Padel Store\"},\"image\":{\"@id\":\"https:\\\/\\\/revolutionpadelstore.com\\\/it\\\/#\\\/schema\\\/logo\\\/image\\\/\"},\"sameAs\":[\"https:\\\/\\\/www.instagram.com\\\/revolutionpadelstore\\\/\"]}]}<\/script>\n<!-- \/ Yoast SEO plugin. -->","yoast_head_json":{"title":"ADIDAS ADIPOWER MULTIWEIGHT 3.3 - Revolution Padel Store","description":"Adidas Adipower Multiweight 3.3: Potencia y control en cada golpe. Con sistema Weight & Balance ajustable, esta pala de alto rendimiento ofrece resistencia \u00f3ptima y golpes llenos de efecto. Dise\u00f1ada para jugadores avanzados en competici\u00f3n.","robots":{"index":"index","follow":"follow","max-snippet":"max-snippet:-1","max-image-preview":"max-image-preview:large","max-video-preview":"max-video-preview:-1"},"canonical":"https:\/\/revolutionpadelstore.com\/it\/prodotto\/adidas-adipower-multiweight-3-3\/","og_locale":"it_IT","og_type":"article","og_title":"Adidas Adipower Multiweight 3.3","og_description":"Adidas Adipower Multiweight 3.3: Potencia y control en cada golpe. Con sistema Weight & Balance ajustable, esta pala de alto rendimiento ofrece resistencia \u00f3ptima y golpes llenos de efecto. Dise\u00f1ada para jugadores avanzados en competici\u00f3n.","og_url":"https:\/\/revolutionpadelstore.com\/it\/prodotto\/adidas-adipower-multiweight-3-3\/","og_site_name":"Revolution Padel Store","article_modified_time":"2026-04-08T14:15:16+00:00","og_image":[{"width":1500,"height":1500,"url":"https:\/\/revolutionpadelstore.com\/wp-content\/uploads\/2024\/02\/110129_padel_webs_padel_y_grupo_pala_adidas_adipower_multiweight_3_3_adrk1aa2u0_835a-4.webp","type":"image\/webp"}],"twitter_card":"summary_large_image","twitter_misc":{"Tempo di lettura stimato":"2 minuti"},"schema":{"@context":"https:\/\/schema.org","@graph":[{"@type":"WebPage","@id":"https:\/\/revolutionpadelstore.com\/it\/prodotto\/adidas-adipower-multiweight-3-3\/","url":"https:\/\/revolutionpadelstore.com\/it\/prodotto\/adidas-adipower-multiweight-3-3\/","name":"ADIDAS ADIPOWER MULTIWEIGHT 3.3 - Revolution Padel Store","isPartOf":{"@id":"https:\/\/revolutionpadelstore.com\/it\/#website"},"primaryImageOfPage":{"@id":"https:\/\/revolutionpadelstore.com\/it\/prodotto\/adidas-adipower-multiweight-3-3\/#primaryimage"},"image":{"@id":"https:\/\/revolutionpadelstore.com\/it\/prodotto\/adidas-adipower-multiweight-3-3\/#primaryimage"},"thumbnailUrl":"https:\/\/revolutionpadelstore.com\/wp-content\/uploads\/2024\/02\/110129_padel_webs_padel_y_grupo_pala_adidas_adipower_multiweight_3_3_adrk1aa2u0_835a-1.webp","datePublished":"2024-02-29T14:14:09+00:00","dateModified":"2026-04-08T14:15:16+00:00","description":"Adidas Adipower Multiweight 3.3: Potencia y control en cada golpe. Con sistema Weight & Balance ajustable, esta pala de alto rendimiento ofrece resistencia \u00f3ptima y golpes llenos de efecto. Dise\u00f1ada para jugadores avanzados en competici\u00f3n.","breadcrumb":{"@id":"https:\/\/revolutionpadelstore.com\/it\/prodotto\/adidas-adipower-multiweight-3-3\/#breadcrumb"},"inLanguage":"it-IT","potentialAction":[{"@type":"ReadAction","target":["https:\/\/revolutionpadelstore.com\/it\/prodotto\/adidas-adipower-multiweight-3-3\/"]}]},{"@type":"ImageObject","inLanguage":"it-IT","@id":"https:\/\/revolutionpadelstore.com\/it\/prodotto\/adidas-adipower-multiweight-3-3\/#primaryimage","url":"https:\/\/revolutionpadelstore.com\/wp-content\/uploads\/2024\/02\/110129_padel_webs_padel_y_grupo_pala_adidas_adipower_multiweight_3_3_adrk1aa2u0_835a-1.webp","contentUrl":"https:\/\/revolutionpadelstore.com\/wp-content\/uploads\/2024\/02\/110129_padel_webs_padel_y_grupo_pala_adidas_adipower_multiweight_3_3_adrk1aa2u0_835a-1.webp","width":1500,"height":1500},{"@type":"BreadcrumbList","@id":"https:\/\/revolutionpadelstore.com\/it\/prodotto\/adidas-adipower-multiweight-3-3\/#breadcrumb","itemListElement":[{"@type":"ListItem","position":1,"name":"Portada","item":"https:\/\/revolutionpadelstore.com\/it\/"},{"@type":"ListItem","position":2,"name":"Tienda","item":"https:\/\/revolutionpadelstore.com\/it\/tienda\/"},{"@type":"ListItem","position":3,"name":"ADIDAS ADIPOWER MULTIWEIGHT 3.3"}]},{"@type":"WebSite","@id":"https:\/\/revolutionpadelstore.com\/it\/#website","url":"https:\/\/revolutionpadelstore.com\/it\/","name":"Revolution Padel Store","description":"","publisher":{"@id":"https:\/\/revolutionpadelstore.com\/it\/#organization"},"potentialAction":[{"@type":"SearchAction","target":{"@type":"EntryPoint","urlTemplate":"https:\/\/revolutionpadelstore.com\/it\/?s={search_term_string}"},"query-input":{"@type":"PropertyValueSpecification","valueRequired":true,"valueName":"search_term_string"}}],"inLanguage":"it-IT"},{"@type":"Organization","@id":"https:\/\/revolutionpadelstore.com\/it\/#organization","name":"Revolution Padel Store","url":"https:\/\/revolutionpadelstore.com\/it\/","logo":{"@type":"ImageObject","inLanguage":"it-IT","@id":"https:\/\/revolutionpadelstore.com\/it\/#\/schema\/logo\/image\/","url":"https:\/\/revolutionpadelstore.com\/wp-content\/uploads\/2026\/02\/revolution-padel-store.jpg","contentUrl":"https:\/\/revolutionpadelstore.com\/wp-content\/uploads\/2026\/02\/revolution-padel-store.jpg","width":2000,"height":2000,"caption":"Revolution Padel Store"},"image":{"@id":"https:\/\/revolutionpadelstore.com\/it\/#\/schema\/logo\/image\/"},"sameAs":["https:\/\/www.instagram.com\/revolutionpadelstore\/"]}]}},"_links":{"self":[{"href":"https:\/\/revolutionpadelstore.com\/it\/wp-json\/wp\/v2\/product\/12063","targetHints":{"allow":["GET"]}}],"collection":[{"href":"https:\/\/revolutionpadelstore.com\/it\/wp-json\/wp\/v2\/product"}],"about":[{"href":"https:\/\/revolutionpadelstore.com\/it\/wp-json\/wp\/v2\/types\/product"}],"replies":[{"embeddable":true,"href":"https:\/\/revolutionpadelstore.com\/it\/wp-json\/wp\/v2\/comments?post=12063"}],"wp:featuredmedia":[{"embeddable":true,"href":"https:\/\/revolutionpadelstore.com\/it\/wp-json\/wp\/v2\/media\/62111"}],"wp:attachment":[{"href":"https:\/\/revolutionpadelstore.com\/it\/wp-json\/wp\/v2\/media?parent=12063"}],"wp:term":[{"taxonomy":"acabado","embeddable":true,"href":"https:\/\/revolutionpadelstore.com\/it\/wp-json\/wp\/v2\/acabado?post=12063"},{"taxonomy":"balance","embeddable":true,"href":"https:\/\/revolutionpadelstore.com\/it\/wp-json\/wp\/v2\/balance?post=12063"},{"taxonomy":"dureza","embeddable":true,"href":"https:\/\/revolutionpadelstore.com\/it\/wp-json\/wp\/v2\/dureza?post=12063"},{"taxonomy":"forma","embeddable":true,"href":"https:\/\/revolutionpadelstore.com\/it\/wp-json\/wp\/v2\/forma?post=12063"},{"taxonomy":"jugador","embeddable":true,"href":"https:\/\/revolutionpadelstore.com\/it\/wp-json\/wp\/v2\/jugador?post=12063"},{"taxonomy":"marca","embeddable":true,"href":"https:\/\/revolutionpadelstore.com\/it\/wp-json\/wp\/v2\/marca?post=12063"},{"taxonomy":"nivel-de-juego","embeddable":true,"href":"https:\/\/revolutionpadelstore.com\/it\/wp-json\/wp\/v2\/nivel-de-juego?post=12063"},{"taxonomy":"superficie","embeddable":true,"href":"https:\/\/revolutionpadelstore.com\/it\/wp-json\/wp\/v2\/superficie?post=12063"},{"taxonomy":"tipo-de-juego","embeddable":true,"href":"https:\/\/revolutionpadelstore.com\/it\/wp-json\/wp\/v2\/tipo-de-juego?post=12063"},{"taxonomy":"product_brand","embeddable":true,"href":"https:\/\/revolutionpadelstore.com\/it\/wp-json\/wp\/v2\/product_brand?post=12063"},{"taxonomy":"product_cat","embeddable":true,"href":"https:\/\/revolutionpadelstore.com\/it\/wp-json\/wp\/v2\/product_cat?post=12063"},{"taxonomy":"product_tag","embeddable":true,"href":"https:\/\/revolutionpadelstore.com\/it\/wp-json\/wp\/v2\/product_tag?post=12063"}],"curies":[{"name":"wp","href":"https:\/\/api.w.org\/{rel}","templated":true}]}}