{"id":12058,"date":"2024-03-01T14:20:01","date_gmt":"2024-03-01T13:20:01","guid":{"rendered":"https:\/\/revolutionpadelstore.com\/adidas-metalbone-hrd-2024\/"},"modified":"2026-04-08T16:14:35","modified_gmt":"2026-04-08T14:14:35","slug":"adidas-metalbone-hrd-2024","status":"publish","type":"product","link":"https:\/\/revolutionpadelstore.com\/it\/prodotto\/adidas-metalbone-hrd-2024\/","title":{"rendered":"ADIDAS METALBONE HRD+ 2024"},"content":{"rendered":"<h2>Collezione Adidas Metalbone HRD+ 2024<\/h2>\n<p><strong>Adidas Metalbone HRD+<\/strong>, questo modello di racchetta Adidas fa parte della collezione <strong>2024<\/strong>. \u00c8 una racchetta con un corpo oversize a forma di diamante, perfetta per i giocatori di livello professionale. Ecco perch\u00e9 \u00e8 il racket ufficiale di <strong>Ale Gal\u00e1n<\/strong>.<\/p>\n<p>Con il corpo in diamante sovradimensionato e l&#8217;elevato equilibrio, gioca con potenza. Ha pi\u00f9 superficie di contatto. Concludi con <strong>potenza e aggressivit\u00e0<\/strong> contro il tuo rivale per segnare il punto decisivo.<\/p>\n<p>Tecnologia <strong>Weight &amp; Balance System<\/em><\/strong> esclusiva di Adidas. Aggiungi o rimuovi pesi personalizzabili alla racchetta per cambiarne il peso e la direzione del suo equilibrio per modificare la tua tecnica di gioco.<\/p>\n<h2>Gara per giocatori con tecnica di potenza<\/h2>\n<p>Il telaio \u00e8 realizzato in fibra di carbonio con eccellente resistenza e durata. Le facce sono state realizzate con <strong><em>Carbonio alluminizzato 2 a 1<\/em><\/strong>. Fibra di carbonio alluminizzata intrecciata 2 a 1 che genera una superficie dura e poco flessibile per colpire con grande potenza.<\/p>\n<p>Nel nucleo c&#8217;\u00e8 la<strong>gomma EVA<em>High Memory<\/em><\/strong>. Questa gomma ad alta densit\u00e0 ti permette di giocare con palline che viaggiano ad alta velocit\u00e0. Senti anche come colpisci con la massima potenza.<\/p>\n<p>Ottieni effetti incredibili con le tecnologie <strong>Spin Blade Decal<\/em>e <em>Smart Holes Curve<\/em><\/strong>. Una superficie con finitura ruvida che aumenta la quantit\u00e0 di effetti e la sensazione di controllo sulla palla. E ottieni effetti su tutti i colpi grazie alla disposizione degli stampi.<\/p>\n<h3>Una racchetta solida e resistente<\/h3>\n<p>Una racchetta resistente e solida con tecnologia <strong>Struttura Ottagonale<\/em>e <em>Rinforzo Strutturale<\/em><\/strong>. Un tubolare ottagonale in carbonio e un rinforzo perimetrale rendono questa racchetta resistente alla torsione e ha una durata superiore. E con Metalbone Protector Tape, una protezione adesiva 3M progettata su misura per proteggere la racchetta mentre giochi.<\/p>\n<p>Ha un design impeccabile e minimalista con il corpo in nero, il logo sui piani, ponte e maniglia in bianco e la firma di Gal\u00e1n in rosso.<\/p>\n<h2>Adidas Metalbone HRD+ colecci\u00f3n 2024<\/h2>\n","protected":false},"excerpt":{"rendered":"<p>Adidas Metalbone HRD+: potenza e controllo in una racchetta progettata per giocatori di livello professionale. Collezione 2024, dalla forma a diamante oversize e tecnologie esclusive per effetti sorprendenti.<\/p>\n","protected":false},"featured_media":62119,"comment_status":"open","ping_status":"closed","template":"","meta":{"_acf_changed":false,"_joinchat":[]},"acabado":[1101],"balance":[1136],"dureza":[1161],"forma":[1171],"jugador":[1201,1191],"marca":[1231],"nivel-de-juego":[1336],"superficie":[1361],"tipo-de-juego":[1391],"product_brand":[],"product_cat":[301],"product_tag":[],"class_list":{"0":"post-12058","1":"product","2":"type-product","3":"status-publish","4":"has-post-thumbnail","6":"acabado-alluminio-carbonio","7":"balance-alto-it","8":"dureza-dura-it","9":"forma-diamante-it","10":"jugador-multiuso","11":"jugador-uomo","12":"marca-adidas-it","13":"superficie-rugosa-it","14":"tipo-de-juego-avanzado-competicion-it","15":"product_cat-palas-de-padel-it","17":"first","18":"outofstock","19":"sale","20":"taxable","21":"shipping-taxable","22":"purchasable","23":"product-type-simple"},"acf":[],"yoast_head":"<!-- This site is optimized with the Yoast SEO plugin v27.4 - https:\/\/yoast.com\/product\/yoast-seo-wordpress\/ -->\n<title>ADIDAS METALBONE HRD+ 2024 - Revolution Padel Store<\/title>\n<meta name=\"description\" content=\"Adidas Metalbone HRD+: Potencia y control en una pala dise\u00f1ada para jugadores de nivel profesional. Colecci\u00f3n 2024, con forma de diamante oversize y tecnolog\u00edas exclusivas para efectos sorprendentes.\" \/>\n<meta name=\"robots\" content=\"index, follow, max-snippet:-1, max-image-preview:large, max-video-preview:-1\" \/>\n<link rel=\"canonical\" href=\"https:\/\/revolutionpadelstore.com\/it\/prodotto\/adidas-metalbone-hrd-2024\/\" \/>\n<meta property=\"og:locale\" content=\"it_IT\" \/>\n<meta property=\"og:type\" content=\"article\" \/>\n<meta property=\"og:title\" content=\"ADIDAS METALBONE HRD+ 2024\" \/>\n<meta property=\"og:description\" content=\"Adidas Metalbone HRD+: Potencia y control en una pala dise\u00f1ada para jugadores de nivel profesional. Colecci\u00f3n 2024, con forma de diamante oversize y tecnolog\u00edas exclusivas para efectos sorprendentes.\" \/>\n<meta property=\"og:url\" content=\"https:\/\/revolutionpadelstore.com\/it\/prodotto\/adidas-metalbone-hrd-2024\/\" \/>\n<meta property=\"og:site_name\" content=\"Revolution Padel Store\" \/>\n<meta property=\"article:modified_time\" content=\"2026-04-08T14:14:35+00:00\" \/>\n<meta property=\"og:image\" content=\"https:\/\/revolutionpadelstore.com\/wp-content\/uploads\/2024\/03\/110145_padel_webs_padel_y_grupo_pala_adidas_metalbone_hrd_adrk1aa1u0016f_1500x1_9bd9.webp\" \/>\n\t<meta property=\"og:image:width\" content=\"1500\" \/>\n\t<meta property=\"og:image:height\" content=\"1500\" \/>\n\t<meta property=\"og:image:type\" content=\"image\/webp\" \/>\n<meta name=\"twitter:card\" content=\"summary_large_image\" \/>\n<meta name=\"twitter:label1\" content=\"Tempo di lettura stimato\" \/>\n\t<meta name=\"twitter:data1\" content=\"2 minuti\" \/>\n<script type=\"application\/ld+json\" class=\"yoast-schema-graph\">{\"@context\":\"https:\\\/\\\/schema.org\",\"@graph\":[{\"@type\":\"WebPage\",\"@id\":\"https:\\\/\\\/revolutionpadelstore.com\\\/it\\\/prodotto\\\/adidas-metalbone-hrd-2024\\\/\",\"url\":\"https:\\\/\\\/revolutionpadelstore.com\\\/it\\\/prodotto\\\/adidas-metalbone-hrd-2024\\\/\",\"name\":\"ADIDAS METALBONE HRD+ 2024 - Revolution Padel Store\",\"isPartOf\":{\"@id\":\"https:\\\/\\\/revolutionpadelstore.com\\\/it\\\/#website\"},\"primaryImageOfPage\":{\"@id\":\"https:\\\/\\\/revolutionpadelstore.com\\\/it\\\/prodotto\\\/adidas-metalbone-hrd-2024\\\/#primaryimage\"},\"image\":{\"@id\":\"https:\\\/\\\/revolutionpadelstore.com\\\/it\\\/prodotto\\\/adidas-metalbone-hrd-2024\\\/#primaryimage\"},\"thumbnailUrl\":\"https:\\\/\\\/revolutionpadelstore.com\\\/wp-content\\\/uploads\\\/2024\\\/03\\\/110145_padel_webs_padel_y_grupo_pala_adidas_metalbone_hrd_adrk1aa1u0016f_1500x1_9bd9.webp\",\"datePublished\":\"2024-03-01T13:20:01+00:00\",\"dateModified\":\"2026-04-08T14:14:35+00:00\",\"description\":\"Adidas Metalbone HRD+: Potencia y control en una pala dise\u00f1ada para jugadores de nivel profesional. Colecci\u00f3n 2024, con forma de diamante oversize y tecnolog\u00edas exclusivas para efectos sorprendentes.\",\"breadcrumb\":{\"@id\":\"https:\\\/\\\/revolutionpadelstore.com\\\/it\\\/prodotto\\\/adidas-metalbone-hrd-2024\\\/#breadcrumb\"},\"inLanguage\":\"it-IT\",\"potentialAction\":[{\"@type\":\"ReadAction\",\"target\":[\"https:\\\/\\\/revolutionpadelstore.com\\\/it\\\/prodotto\\\/adidas-metalbone-hrd-2024\\\/\"]}]},{\"@type\":\"ImageObject\",\"inLanguage\":\"it-IT\",\"@id\":\"https:\\\/\\\/revolutionpadelstore.com\\\/it\\\/prodotto\\\/adidas-metalbone-hrd-2024\\\/#primaryimage\",\"url\":\"https:\\\/\\\/revolutionpadelstore.com\\\/wp-content\\\/uploads\\\/2024\\\/03\\\/110145_padel_webs_padel_y_grupo_pala_adidas_metalbone_hrd_adrk1aa1u0016f_1500x1_9bd9.webp\",\"contentUrl\":\"https:\\\/\\\/revolutionpadelstore.com\\\/wp-content\\\/uploads\\\/2024\\\/03\\\/110145_padel_webs_padel_y_grupo_pala_adidas_metalbone_hrd_adrk1aa1u0016f_1500x1_9bd9.webp\",\"width\":1500,\"height\":1500},{\"@type\":\"BreadcrumbList\",\"@id\":\"https:\\\/\\\/revolutionpadelstore.com\\\/it\\\/prodotto\\\/adidas-metalbone-hrd-2024\\\/#breadcrumb\",\"itemListElement\":[{\"@type\":\"ListItem\",\"position\":1,\"name\":\"Portada\",\"item\":\"https:\\\/\\\/revolutionpadelstore.com\\\/it\\\/\"},{\"@type\":\"ListItem\",\"position\":2,\"name\":\"Tienda\",\"item\":\"https:\\\/\\\/revolutionpadelstore.com\\\/it\\\/tienda\\\/\"},{\"@type\":\"ListItem\",\"position\":3,\"name\":\"ADIDAS METALBONE HRD+ 2024\"}]},{\"@type\":\"WebSite\",\"@id\":\"https:\\\/\\\/revolutionpadelstore.com\\\/it\\\/#website\",\"url\":\"https:\\\/\\\/revolutionpadelstore.com\\\/it\\\/\",\"name\":\"Revolution Padel Store\",\"description\":\"\",\"publisher\":{\"@id\":\"https:\\\/\\\/revolutionpadelstore.com\\\/it\\\/#organization\"},\"potentialAction\":[{\"@type\":\"SearchAction\",\"target\":{\"@type\":\"EntryPoint\",\"urlTemplate\":\"https:\\\/\\\/revolutionpadelstore.com\\\/it\\\/?s={search_term_string}\"},\"query-input\":{\"@type\":\"PropertyValueSpecification\",\"valueRequired\":true,\"valueName\":\"search_term_string\"}}],\"inLanguage\":\"it-IT\"},{\"@type\":\"Organization\",\"@id\":\"https:\\\/\\\/revolutionpadelstore.com\\\/it\\\/#organization\",\"name\":\"Revolution Padel Store\",\"url\":\"https:\\\/\\\/revolutionpadelstore.com\\\/it\\\/\",\"logo\":{\"@type\":\"ImageObject\",\"inLanguage\":\"it-IT\",\"@id\":\"https:\\\/\\\/revolutionpadelstore.com\\\/it\\\/#\\\/schema\\\/logo\\\/image\\\/\",\"url\":\"https:\\\/\\\/revolutionpadelstore.com\\\/wp-content\\\/uploads\\\/2026\\\/02\\\/revolution-padel-store.jpg\",\"contentUrl\":\"https:\\\/\\\/revolutionpadelstore.com\\\/wp-content\\\/uploads\\\/2026\\\/02\\\/revolution-padel-store.jpg\",\"width\":2000,\"height\":2000,\"caption\":\"Revolution Padel Store\"},\"image\":{\"@id\":\"https:\\\/\\\/revolutionpadelstore.com\\\/it\\\/#\\\/schema\\\/logo\\\/image\\\/\"},\"sameAs\":[\"https:\\\/\\\/www.instagram.com\\\/revolutionpadelstore\\\/\"]}]}<\/script>\n<!-- \/ Yoast SEO plugin. -->","yoast_head_json":{"title":"ADIDAS METALBONE HRD+ 2024 - Revolution Padel Store","description":"Adidas Metalbone HRD+: Potencia y control en una pala dise\u00f1ada para jugadores de nivel profesional. Colecci\u00f3n 2024, con forma de diamante oversize y tecnolog\u00edas exclusivas para efectos sorprendentes.","robots":{"index":"index","follow":"follow","max-snippet":"max-snippet:-1","max-image-preview":"max-image-preview:large","max-video-preview":"max-video-preview:-1"},"canonical":"https:\/\/revolutionpadelstore.com\/it\/prodotto\/adidas-metalbone-hrd-2024\/","og_locale":"it_IT","og_type":"article","og_title":"ADIDAS METALBONE HRD+ 2024","og_description":"Adidas Metalbone HRD+: Potencia y control en una pala dise\u00f1ada para jugadores de nivel profesional. Colecci\u00f3n 2024, con forma de diamante oversize y tecnolog\u00edas exclusivas para efectos sorprendentes.","og_url":"https:\/\/revolutionpadelstore.com\/it\/prodotto\/adidas-metalbone-hrd-2024\/","og_site_name":"Revolution Padel Store","article_modified_time":"2026-04-08T14:14:35+00:00","og_image":[{"width":1500,"height":1500,"url":"https:\/\/revolutionpadelstore.com\/wp-content\/uploads\/2024\/03\/110145_padel_webs_padel_y_grupo_pala_adidas_metalbone_hrd_adrk1aa1u0016f_1500x1_9bd9.webp","type":"image\/webp"}],"twitter_card":"summary_large_image","twitter_misc":{"Tempo di lettura stimato":"2 minuti"},"schema":{"@context":"https:\/\/schema.org","@graph":[{"@type":"WebPage","@id":"https:\/\/revolutionpadelstore.com\/it\/prodotto\/adidas-metalbone-hrd-2024\/","url":"https:\/\/revolutionpadelstore.com\/it\/prodotto\/adidas-metalbone-hrd-2024\/","name":"ADIDAS METALBONE HRD+ 2024 - Revolution Padel Store","isPartOf":{"@id":"https:\/\/revolutionpadelstore.com\/it\/#website"},"primaryImageOfPage":{"@id":"https:\/\/revolutionpadelstore.com\/it\/prodotto\/adidas-metalbone-hrd-2024\/#primaryimage"},"image":{"@id":"https:\/\/revolutionpadelstore.com\/it\/prodotto\/adidas-metalbone-hrd-2024\/#primaryimage"},"thumbnailUrl":"https:\/\/revolutionpadelstore.com\/wp-content\/uploads\/2024\/03\/110145_padel_webs_padel_y_grupo_pala_adidas_metalbone_hrd_adrk1aa1u0016f_1500x1_9bd9.webp","datePublished":"2024-03-01T13:20:01+00:00","dateModified":"2026-04-08T14:14:35+00:00","description":"Adidas Metalbone HRD+: Potencia y control en una pala dise\u00f1ada para jugadores de nivel profesional. Colecci\u00f3n 2024, con forma de diamante oversize y tecnolog\u00edas exclusivas para efectos sorprendentes.","breadcrumb":{"@id":"https:\/\/revolutionpadelstore.com\/it\/prodotto\/adidas-metalbone-hrd-2024\/#breadcrumb"},"inLanguage":"it-IT","potentialAction":[{"@type":"ReadAction","target":["https:\/\/revolutionpadelstore.com\/it\/prodotto\/adidas-metalbone-hrd-2024\/"]}]},{"@type":"ImageObject","inLanguage":"it-IT","@id":"https:\/\/revolutionpadelstore.com\/it\/prodotto\/adidas-metalbone-hrd-2024\/#primaryimage","url":"https:\/\/revolutionpadelstore.com\/wp-content\/uploads\/2024\/03\/110145_padel_webs_padel_y_grupo_pala_adidas_metalbone_hrd_adrk1aa1u0016f_1500x1_9bd9.webp","contentUrl":"https:\/\/revolutionpadelstore.com\/wp-content\/uploads\/2024\/03\/110145_padel_webs_padel_y_grupo_pala_adidas_metalbone_hrd_adrk1aa1u0016f_1500x1_9bd9.webp","width":1500,"height":1500},{"@type":"BreadcrumbList","@id":"https:\/\/revolutionpadelstore.com\/it\/prodotto\/adidas-metalbone-hrd-2024\/#breadcrumb","itemListElement":[{"@type":"ListItem","position":1,"name":"Portada","item":"https:\/\/revolutionpadelstore.com\/it\/"},{"@type":"ListItem","position":2,"name":"Tienda","item":"https:\/\/revolutionpadelstore.com\/it\/tienda\/"},{"@type":"ListItem","position":3,"name":"ADIDAS METALBONE HRD+ 2024"}]},{"@type":"WebSite","@id":"https:\/\/revolutionpadelstore.com\/it\/#website","url":"https:\/\/revolutionpadelstore.com\/it\/","name":"Revolution Padel Store","description":"","publisher":{"@id":"https:\/\/revolutionpadelstore.com\/it\/#organization"},"potentialAction":[{"@type":"SearchAction","target":{"@type":"EntryPoint","urlTemplate":"https:\/\/revolutionpadelstore.com\/it\/?s={search_term_string}"},"query-input":{"@type":"PropertyValueSpecification","valueRequired":true,"valueName":"search_term_string"}}],"inLanguage":"it-IT"},{"@type":"Organization","@id":"https:\/\/revolutionpadelstore.com\/it\/#organization","name":"Revolution Padel Store","url":"https:\/\/revolutionpadelstore.com\/it\/","logo":{"@type":"ImageObject","inLanguage":"it-IT","@id":"https:\/\/revolutionpadelstore.com\/it\/#\/schema\/logo\/image\/","url":"https:\/\/revolutionpadelstore.com\/wp-content\/uploads\/2026\/02\/revolution-padel-store.jpg","contentUrl":"https:\/\/revolutionpadelstore.com\/wp-content\/uploads\/2026\/02\/revolution-padel-store.jpg","width":2000,"height":2000,"caption":"Revolution Padel Store"},"image":{"@id":"https:\/\/revolutionpadelstore.com\/it\/#\/schema\/logo\/image\/"},"sameAs":["https:\/\/www.instagram.com\/revolutionpadelstore\/"]}]}},"_links":{"self":[{"href":"https:\/\/revolutionpadelstore.com\/it\/wp-json\/wp\/v2\/product\/12058","targetHints":{"allow":["GET"]}}],"collection":[{"href":"https:\/\/revolutionpadelstore.com\/it\/wp-json\/wp\/v2\/product"}],"about":[{"href":"https:\/\/revolutionpadelstore.com\/it\/wp-json\/wp\/v2\/types\/product"}],"replies":[{"embeddable":true,"href":"https:\/\/revolutionpadelstore.com\/it\/wp-json\/wp\/v2\/comments?post=12058"}],"wp:featuredmedia":[{"embeddable":true,"href":"https:\/\/revolutionpadelstore.com\/it\/wp-json\/wp\/v2\/media\/62119"}],"wp:attachment":[{"href":"https:\/\/revolutionpadelstore.com\/it\/wp-json\/wp\/v2\/media?parent=12058"}],"wp:term":[{"taxonomy":"acabado","embeddable":true,"href":"https:\/\/revolutionpadelstore.com\/it\/wp-json\/wp\/v2\/acabado?post=12058"},{"taxonomy":"balance","embeddable":true,"href":"https:\/\/revolutionpadelstore.com\/it\/wp-json\/wp\/v2\/balance?post=12058"},{"taxonomy":"dureza","embeddable":true,"href":"https:\/\/revolutionpadelstore.com\/it\/wp-json\/wp\/v2\/dureza?post=12058"},{"taxonomy":"forma","embeddable":true,"href":"https:\/\/revolutionpadelstore.com\/it\/wp-json\/wp\/v2\/forma?post=12058"},{"taxonomy":"jugador","embeddable":true,"href":"https:\/\/revolutionpadelstore.com\/it\/wp-json\/wp\/v2\/jugador?post=12058"},{"taxonomy":"marca","embeddable":true,"href":"https:\/\/revolutionpadelstore.com\/it\/wp-json\/wp\/v2\/marca?post=12058"},{"taxonomy":"nivel-de-juego","embeddable":true,"href":"https:\/\/revolutionpadelstore.com\/it\/wp-json\/wp\/v2\/nivel-de-juego?post=12058"},{"taxonomy":"superficie","embeddable":true,"href":"https:\/\/revolutionpadelstore.com\/it\/wp-json\/wp\/v2\/superficie?post=12058"},{"taxonomy":"tipo-de-juego","embeddable":true,"href":"https:\/\/revolutionpadelstore.com\/it\/wp-json\/wp\/v2\/tipo-de-juego?post=12058"},{"taxonomy":"product_brand","embeddable":true,"href":"https:\/\/revolutionpadelstore.com\/it\/wp-json\/wp\/v2\/product_brand?post=12058"},{"taxonomy":"product_cat","embeddable":true,"href":"https:\/\/revolutionpadelstore.com\/it\/wp-json\/wp\/v2\/product_cat?post=12058"},{"taxonomy":"product_tag","embeddable":true,"href":"https:\/\/revolutionpadelstore.com\/it\/wp-json\/wp\/v2\/product_tag?post=12058"}],"curies":[{"name":"wp","href":"https:\/\/api.w.org\/{rel}","templated":true}]}}