{"id":119542,"date":"2024-11-20T23:53:44","date_gmt":"2024-11-20T22:53:44","guid":{"rendered":"https:\/\/revolutionpadelstore.com\/head-gravity-team-light-2024\/"},"modified":"2026-04-08T10:15:23","modified_gmt":"2026-04-08T08:15:23","slug":"head-gravity-team-light-2024-4","status":"publish","type":"product","link":"https:\/\/revolutionpadelstore.com\/it\/prodotto\/head-gravity-team-light-2024-4\/","title":{"rendered":"HEAD GRAVITY TEAM LIGHT 2024"},"content":{"rendered":"<p><strong> Head Gravity Team Light 2024: controllo e comfort in ogni colpo <\/strong><\/p>\n<p>Il team Gravity Team 2024 di Head si distingue offrendo un&#8217;esperienza di gioco basata su controllo, leggerezza e comfort in ogni colpo. Il suo design rotondo e molto dolce facilita una maggiore precisione negli scatti, consentendo ai giocatori di esibirsi al massimo negli scambi difensivi dal fondo della pista.<\/p>\n<p>Con solo 340 grammi di peso, questo modello \u00e8 il pi\u00f9 leggero della gamma di gravit\u00e0, che offre un&#8217;esperienza di gioco pi\u00f9 comoda e accessibile, consentendo una gestione facile e senza sforzo. Il suo leggero riduce anche il rischio di lesioni.<\/p>\n<p><strong> Pala Gravity Team Light 2024, perfetto per i giocatori occasionali <\/strong><\/p>\n<p>Questa leggera pala della testa \u00e8 ideale per i giocatori intermedi o per coloro che si esercitano occasionalmente e cercano di mantenere il controllo totale durante il gioco. La sua forma rotonda, ampio punto dolce, core di controllo leggero e in schiuma consente una precisione e un controllo eccezionali.<\/p>\n<p><strong> Caratteristiche e tecnologie della Head Gravity Team Light <\/strong><\/p>\n<p>-Foam Control Nucleus che offre tolleranza, precisione e un punto dolce ampliato<\/p>\n<p>-Carbon e grafene marco che fornisce elevata resistenza e durata<\/p>\n<p>-Tecnologia di cornice a coda a coda per prestazioni pi\u00f9 elevate, maggiore tolleranza e gameplay<\/p>\n<p>-Preato piani in fibra di vetro che offrono un tocco morbido, grande sfera e comfort eccellente<\/p>\n<p>-Imponassibilit\u00e0 e sentimento di impatto grazie alla tecnologia Traphene 360+<\/p>\n<p>-Stegrato protezione del carbonio (IPS) che riduce i graffi e i colpi<\/p>\n<p>-Peso di 340 grammi e forma rotonda per una maggiore gestibilit\u00e0 e precisione<\/p>\n<p><strong> Ottengo gi\u00e0 la Head Gravity Team Light 2024 in Revolution Padel Store <\/strong><\/p>\n<p>Goditi un gioco comodo e semplice con The Head Gravity Team Light 2024, una pala rotonda con ampio punto dolce, progettata per fornire gestibilit\u00e0 e controllo a giocatori intermedi o occasionali che desiderano migliorare il loro gioco dal fondo della pista.<strong>Head Gravity Team Light 2024: Control y Comodidad en Cada Golpe<\/strong><\/p>\n","protected":false},"excerpt":{"rendered":"<p>Lampa rotonda con ampia team di gravit\u00e0 dolce e leggera Light 2024. Con aerei in fibra di vetro per una buona uscita a sfera e nucleo di controllo della schiuma.<\/p>\n","protected":false},"featured_media":119517,"comment_status":"open","ping_status":"closed","template":"","meta":{"_acf_changed":false,"_joinchat":[]},"acabado":[1086],"balance":[1146],"dureza":[1151],"forma":[1181],"jugador":[1196],"marca":[1221],"nivel-de-juego":[1351],"superficie":[1356],"tipo-de-juego":[1371],"product_brand":[],"product_cat":[301],"product_tag":[],"class_list":{"0":"post-119542","1":"product","2":"type-product","3":"status-publish","4":"has-post-thumbnail","6":"acabado-amico","7":"balance-basso","8":"dureza-blanda-it","9":"forma-rotondo","10":"jugador-mujer-it","11":"marca-testa","12":"superficie-lisa-it","13":"tipo-de-juego-controllo","14":"product_cat-palas-de-padel-it","16":"first","17":"outofstock","18":"sale","19":"taxable","20":"shipping-taxable","21":"purchasable","22":"product-type-simple"},"acf":[],"yoast_head":"<!-- This site is optimized with the Yoast SEO plugin v27.4 - https:\/\/yoast.com\/product\/yoast-seo-wordpress\/ -->\n<title>HEAD GRAVITY TEAM LIGHT 2024 - Revolution Padel Store<\/title>\n<meta name=\"description\" content=\"La pala Gravity Team 2024 de Head se distingue por ofrecer una experiencia de juego basada en el control, ligereza y confort en cada golpe. Su dise\u00f1o de forma redonda y amplio punto dulce facilita una mayor precisi\u00f3n en los disparos, permitiendo a los jugadores rendir al m\u00e1ximo en los intercambios defensivos desde el fondo de la pista.\" \/>\n<meta name=\"robots\" content=\"index, follow, max-snippet:-1, max-image-preview:large, max-video-preview:-1\" \/>\n<link rel=\"canonical\" href=\"https:\/\/revolutionpadelstore.com\/it\/prodotto\/head-gravity-team-light-2024-4\/\" \/>\n<meta property=\"og:locale\" content=\"it_IT\" \/>\n<meta property=\"og:type\" content=\"article\" \/>\n<meta property=\"og:title\" content=\"HEAD GRAVITY TEAM LIGHT 2024 - Revolution Padel Store\" \/>\n<meta property=\"og:description\" content=\"La pala Gravity Team 2024 de Head se distingue por ofrecer una experiencia de juego basada en el control, ligereza y confort en cada golpe. Su dise\u00f1o de forma redonda y amplio punto dulce facilita una mayor precisi\u00f3n en los disparos, permitiendo a los jugadores rendir al m\u00e1ximo en los intercambios defensivos desde el fondo de la pista.\" \/>\n<meta property=\"og:url\" content=\"https:\/\/revolutionpadelstore.com\/it\/prodotto\/head-gravity-team-light-2024-4\/\" \/>\n<meta property=\"og:site_name\" content=\"Revolution Padel Store\" \/>\n<meta property=\"article:modified_time\" content=\"2026-04-08T08:15:23+00:00\" \/>\n<meta property=\"og:image\" content=\"https:\/\/revolutionpadelstore.com\/wp-content\/uploads\/2024\/11\/113829_pala_de_padel_gravity_team_light_2024_224064_1000x1000_1_1899.webp\" \/>\n\t<meta property=\"og:image:width\" content=\"1000\" \/>\n\t<meta property=\"og:image:height\" content=\"1000\" \/>\n\t<meta property=\"og:image:type\" content=\"image\/webp\" \/>\n<meta name=\"twitter:card\" content=\"summary_large_image\" \/>\n<meta name=\"twitter:label1\" content=\"Tempo di lettura stimato\" \/>\n\t<meta name=\"twitter:data1\" content=\"2 minuti\" \/>\n<script type=\"application\/ld+json\" class=\"yoast-schema-graph\">{\"@context\":\"https:\\\/\\\/schema.org\",\"@graph\":[{\"@type\":\"WebPage\",\"@id\":\"https:\\\/\\\/revolutionpadelstore.com\\\/it\\\/prodotto\\\/head-gravity-team-light-2024-4\\\/\",\"url\":\"https:\\\/\\\/revolutionpadelstore.com\\\/it\\\/prodotto\\\/head-gravity-team-light-2024-4\\\/\",\"name\":\"HEAD GRAVITY TEAM LIGHT 2024 - Revolution Padel Store\",\"isPartOf\":{\"@id\":\"https:\\\/\\\/revolutionpadelstore.com\\\/it\\\/#website\"},\"primaryImageOfPage\":{\"@id\":\"https:\\\/\\\/revolutionpadelstore.com\\\/it\\\/prodotto\\\/head-gravity-team-light-2024-4\\\/#primaryimage\"},\"image\":{\"@id\":\"https:\\\/\\\/revolutionpadelstore.com\\\/it\\\/prodotto\\\/head-gravity-team-light-2024-4\\\/#primaryimage\"},\"thumbnailUrl\":\"https:\\\/\\\/revolutionpadelstore.com\\\/wp-content\\\/uploads\\\/2024\\\/11\\\/113829_pala_de_padel_gravity_team_light_2024_224064_1000x1000_1_1899.webp\",\"datePublished\":\"2024-11-20T22:53:44+00:00\",\"dateModified\":\"2026-04-08T08:15:23+00:00\",\"description\":\"La pala Gravity Team 2024 de Head se distingue por ofrecer una experiencia de juego basada en el control, ligereza y confort en cada golpe. Su dise\u00f1o de forma redonda y amplio punto dulce facilita una mayor precisi\u00f3n en los disparos, permitiendo a los jugadores rendir al m\u00e1ximo en los intercambios defensivos desde el fondo de la pista.\",\"breadcrumb\":{\"@id\":\"https:\\\/\\\/revolutionpadelstore.com\\\/it\\\/prodotto\\\/head-gravity-team-light-2024-4\\\/#breadcrumb\"},\"inLanguage\":\"it-IT\",\"potentialAction\":[{\"@type\":\"ReadAction\",\"target\":[\"https:\\\/\\\/revolutionpadelstore.com\\\/it\\\/prodotto\\\/head-gravity-team-light-2024-4\\\/\"]}]},{\"@type\":\"ImageObject\",\"inLanguage\":\"it-IT\",\"@id\":\"https:\\\/\\\/revolutionpadelstore.com\\\/it\\\/prodotto\\\/head-gravity-team-light-2024-4\\\/#primaryimage\",\"url\":\"https:\\\/\\\/revolutionpadelstore.com\\\/wp-content\\\/uploads\\\/2024\\\/11\\\/113829_pala_de_padel_gravity_team_light_2024_224064_1000x1000_1_1899.webp\",\"contentUrl\":\"https:\\\/\\\/revolutionpadelstore.com\\\/wp-content\\\/uploads\\\/2024\\\/11\\\/113829_pala_de_padel_gravity_team_light_2024_224064_1000x1000_1_1899.webp\",\"width\":1000,\"height\":1000},{\"@type\":\"BreadcrumbList\",\"@id\":\"https:\\\/\\\/revolutionpadelstore.com\\\/it\\\/prodotto\\\/head-gravity-team-light-2024-4\\\/#breadcrumb\",\"itemListElement\":[{\"@type\":\"ListItem\",\"position\":1,\"name\":\"Portada\",\"item\":\"https:\\\/\\\/revolutionpadelstore.com\\\/it\\\/\"},{\"@type\":\"ListItem\",\"position\":2,\"name\":\"Tienda\",\"item\":\"https:\\\/\\\/revolutionpadelstore.com\\\/it\\\/tienda\\\/\"},{\"@type\":\"ListItem\",\"position\":3,\"name\":\"HEAD GRAVITY TEAM LIGHT 2024\"}]},{\"@type\":\"WebSite\",\"@id\":\"https:\\\/\\\/revolutionpadelstore.com\\\/it\\\/#website\",\"url\":\"https:\\\/\\\/revolutionpadelstore.com\\\/it\\\/\",\"name\":\"Revolution Padel Store\",\"description\":\"\",\"publisher\":{\"@id\":\"https:\\\/\\\/revolutionpadelstore.com\\\/it\\\/#organization\"},\"potentialAction\":[{\"@type\":\"SearchAction\",\"target\":{\"@type\":\"EntryPoint\",\"urlTemplate\":\"https:\\\/\\\/revolutionpadelstore.com\\\/it\\\/?s={search_term_string}\"},\"query-input\":{\"@type\":\"PropertyValueSpecification\",\"valueRequired\":true,\"valueName\":\"search_term_string\"}}],\"inLanguage\":\"it-IT\"},{\"@type\":\"Organization\",\"@id\":\"https:\\\/\\\/revolutionpadelstore.com\\\/it\\\/#organization\",\"name\":\"Revolution Padel Store\",\"url\":\"https:\\\/\\\/revolutionpadelstore.com\\\/it\\\/\",\"logo\":{\"@type\":\"ImageObject\",\"inLanguage\":\"it-IT\",\"@id\":\"https:\\\/\\\/revolutionpadelstore.com\\\/it\\\/#\\\/schema\\\/logo\\\/image\\\/\",\"url\":\"https:\\\/\\\/revolutionpadelstore.com\\\/wp-content\\\/uploads\\\/2026\\\/02\\\/revolution-padel-store.jpg\",\"contentUrl\":\"https:\\\/\\\/revolutionpadelstore.com\\\/wp-content\\\/uploads\\\/2026\\\/02\\\/revolution-padel-store.jpg\",\"width\":2000,\"height\":2000,\"caption\":\"Revolution Padel Store\"},\"image\":{\"@id\":\"https:\\\/\\\/revolutionpadelstore.com\\\/it\\\/#\\\/schema\\\/logo\\\/image\\\/\"},\"sameAs\":[\"https:\\\/\\\/www.instagram.com\\\/revolutionpadelstore\\\/\"]}]}<\/script>\n<!-- \/ Yoast SEO plugin. -->","yoast_head_json":{"title":"HEAD GRAVITY TEAM LIGHT 2024 - Revolution Padel Store","description":"La pala Gravity Team 2024 de Head se distingue por ofrecer una experiencia de juego basada en el control, ligereza y confort en cada golpe. Su dise\u00f1o de forma redonda y amplio punto dulce facilita una mayor precisi\u00f3n en los disparos, permitiendo a los jugadores rendir al m\u00e1ximo en los intercambios defensivos desde el fondo de la pista.","robots":{"index":"index","follow":"follow","max-snippet":"max-snippet:-1","max-image-preview":"max-image-preview:large","max-video-preview":"max-video-preview:-1"},"canonical":"https:\/\/revolutionpadelstore.com\/it\/prodotto\/head-gravity-team-light-2024-4\/","og_locale":"it_IT","og_type":"article","og_title":"HEAD GRAVITY TEAM LIGHT 2024 - Revolution Padel Store","og_description":"La pala Gravity Team 2024 de Head se distingue por ofrecer una experiencia de juego basada en el control, ligereza y confort en cada golpe. Su dise\u00f1o de forma redonda y amplio punto dulce facilita una mayor precisi\u00f3n en los disparos, permitiendo a los jugadores rendir al m\u00e1ximo en los intercambios defensivos desde el fondo de la pista.","og_url":"https:\/\/revolutionpadelstore.com\/it\/prodotto\/head-gravity-team-light-2024-4\/","og_site_name":"Revolution Padel Store","article_modified_time":"2026-04-08T08:15:23+00:00","og_image":[{"width":1000,"height":1000,"url":"https:\/\/revolutionpadelstore.com\/wp-content\/uploads\/2024\/11\/113829_pala_de_padel_gravity_team_light_2024_224064_1000x1000_1_1899.webp","type":"image\/webp"}],"twitter_card":"summary_large_image","twitter_misc":{"Tempo di lettura stimato":"2 minuti"},"schema":{"@context":"https:\/\/schema.org","@graph":[{"@type":"WebPage","@id":"https:\/\/revolutionpadelstore.com\/it\/prodotto\/head-gravity-team-light-2024-4\/","url":"https:\/\/revolutionpadelstore.com\/it\/prodotto\/head-gravity-team-light-2024-4\/","name":"HEAD GRAVITY TEAM LIGHT 2024 - Revolution Padel Store","isPartOf":{"@id":"https:\/\/revolutionpadelstore.com\/it\/#website"},"primaryImageOfPage":{"@id":"https:\/\/revolutionpadelstore.com\/it\/prodotto\/head-gravity-team-light-2024-4\/#primaryimage"},"image":{"@id":"https:\/\/revolutionpadelstore.com\/it\/prodotto\/head-gravity-team-light-2024-4\/#primaryimage"},"thumbnailUrl":"https:\/\/revolutionpadelstore.com\/wp-content\/uploads\/2024\/11\/113829_pala_de_padel_gravity_team_light_2024_224064_1000x1000_1_1899.webp","datePublished":"2024-11-20T22:53:44+00:00","dateModified":"2026-04-08T08:15:23+00:00","description":"La pala Gravity Team 2024 de Head se distingue por ofrecer una experiencia de juego basada en el control, ligereza y confort en cada golpe. Su dise\u00f1o de forma redonda y amplio punto dulce facilita una mayor precisi\u00f3n en los disparos, permitiendo a los jugadores rendir al m\u00e1ximo en los intercambios defensivos desde el fondo de la pista.","breadcrumb":{"@id":"https:\/\/revolutionpadelstore.com\/it\/prodotto\/head-gravity-team-light-2024-4\/#breadcrumb"},"inLanguage":"it-IT","potentialAction":[{"@type":"ReadAction","target":["https:\/\/revolutionpadelstore.com\/it\/prodotto\/head-gravity-team-light-2024-4\/"]}]},{"@type":"ImageObject","inLanguage":"it-IT","@id":"https:\/\/revolutionpadelstore.com\/it\/prodotto\/head-gravity-team-light-2024-4\/#primaryimage","url":"https:\/\/revolutionpadelstore.com\/wp-content\/uploads\/2024\/11\/113829_pala_de_padel_gravity_team_light_2024_224064_1000x1000_1_1899.webp","contentUrl":"https:\/\/revolutionpadelstore.com\/wp-content\/uploads\/2024\/11\/113829_pala_de_padel_gravity_team_light_2024_224064_1000x1000_1_1899.webp","width":1000,"height":1000},{"@type":"BreadcrumbList","@id":"https:\/\/revolutionpadelstore.com\/it\/prodotto\/head-gravity-team-light-2024-4\/#breadcrumb","itemListElement":[{"@type":"ListItem","position":1,"name":"Portada","item":"https:\/\/revolutionpadelstore.com\/it\/"},{"@type":"ListItem","position":2,"name":"Tienda","item":"https:\/\/revolutionpadelstore.com\/it\/tienda\/"},{"@type":"ListItem","position":3,"name":"HEAD GRAVITY TEAM LIGHT 2024"}]},{"@type":"WebSite","@id":"https:\/\/revolutionpadelstore.com\/it\/#website","url":"https:\/\/revolutionpadelstore.com\/it\/","name":"Revolution Padel Store","description":"","publisher":{"@id":"https:\/\/revolutionpadelstore.com\/it\/#organization"},"potentialAction":[{"@type":"SearchAction","target":{"@type":"EntryPoint","urlTemplate":"https:\/\/revolutionpadelstore.com\/it\/?s={search_term_string}"},"query-input":{"@type":"PropertyValueSpecification","valueRequired":true,"valueName":"search_term_string"}}],"inLanguage":"it-IT"},{"@type":"Organization","@id":"https:\/\/revolutionpadelstore.com\/it\/#organization","name":"Revolution Padel Store","url":"https:\/\/revolutionpadelstore.com\/it\/","logo":{"@type":"ImageObject","inLanguage":"it-IT","@id":"https:\/\/revolutionpadelstore.com\/it\/#\/schema\/logo\/image\/","url":"https:\/\/revolutionpadelstore.com\/wp-content\/uploads\/2026\/02\/revolution-padel-store.jpg","contentUrl":"https:\/\/revolutionpadelstore.com\/wp-content\/uploads\/2026\/02\/revolution-padel-store.jpg","width":2000,"height":2000,"caption":"Revolution Padel Store"},"image":{"@id":"https:\/\/revolutionpadelstore.com\/it\/#\/schema\/logo\/image\/"},"sameAs":["https:\/\/www.instagram.com\/revolutionpadelstore\/"]}]}},"_links":{"self":[{"href":"https:\/\/revolutionpadelstore.com\/it\/wp-json\/wp\/v2\/product\/119542","targetHints":{"allow":["GET"]}}],"collection":[{"href":"https:\/\/revolutionpadelstore.com\/it\/wp-json\/wp\/v2\/product"}],"about":[{"href":"https:\/\/revolutionpadelstore.com\/it\/wp-json\/wp\/v2\/types\/product"}],"replies":[{"embeddable":true,"href":"https:\/\/revolutionpadelstore.com\/it\/wp-json\/wp\/v2\/comments?post=119542"}],"wp:featuredmedia":[{"embeddable":true,"href":"https:\/\/revolutionpadelstore.com\/it\/wp-json\/wp\/v2\/media\/119517"}],"wp:attachment":[{"href":"https:\/\/revolutionpadelstore.com\/it\/wp-json\/wp\/v2\/media?parent=119542"}],"wp:term":[{"taxonomy":"acabado","embeddable":true,"href":"https:\/\/revolutionpadelstore.com\/it\/wp-json\/wp\/v2\/acabado?post=119542"},{"taxonomy":"balance","embeddable":true,"href":"https:\/\/revolutionpadelstore.com\/it\/wp-json\/wp\/v2\/balance?post=119542"},{"taxonomy":"dureza","embeddable":true,"href":"https:\/\/revolutionpadelstore.com\/it\/wp-json\/wp\/v2\/dureza?post=119542"},{"taxonomy":"forma","embeddable":true,"href":"https:\/\/revolutionpadelstore.com\/it\/wp-json\/wp\/v2\/forma?post=119542"},{"taxonomy":"jugador","embeddable":true,"href":"https:\/\/revolutionpadelstore.com\/it\/wp-json\/wp\/v2\/jugador?post=119542"},{"taxonomy":"marca","embeddable":true,"href":"https:\/\/revolutionpadelstore.com\/it\/wp-json\/wp\/v2\/marca?post=119542"},{"taxonomy":"nivel-de-juego","embeddable":true,"href":"https:\/\/revolutionpadelstore.com\/it\/wp-json\/wp\/v2\/nivel-de-juego?post=119542"},{"taxonomy":"superficie","embeddable":true,"href":"https:\/\/revolutionpadelstore.com\/it\/wp-json\/wp\/v2\/superficie?post=119542"},{"taxonomy":"tipo-de-juego","embeddable":true,"href":"https:\/\/revolutionpadelstore.com\/it\/wp-json\/wp\/v2\/tipo-de-juego?post=119542"},{"taxonomy":"product_brand","embeddable":true,"href":"https:\/\/revolutionpadelstore.com\/it\/wp-json\/wp\/v2\/product_brand?post=119542"},{"taxonomy":"product_cat","embeddable":true,"href":"https:\/\/revolutionpadelstore.com\/it\/wp-json\/wp\/v2\/product_cat?post=119542"},{"taxonomy":"product_tag","embeddable":true,"href":"https:\/\/revolutionpadelstore.com\/it\/wp-json\/wp\/v2\/product_tag?post=119542"}],"curies":[{"name":"wp","href":"https:\/\/api.w.org\/{rel}","templated":true}]}}