{"id":119458,"date":"2024-11-15T08:03:29","date_gmt":"2024-11-15T07:03:29","guid":{"rendered":"https:\/\/revolutionpadelstore.com\/nox-at10-lux-negro-rojo\/"},"modified":"2026-04-08T10:21:36","modified_gmt":"2026-04-08T08:21:36","slug":"nox-at10-lux-negro-rojo-4","status":"publish","type":"product","link":"https:\/\/revolutionpadelstore.com\/it\/prodotto\/nox-at10-lux-negro-rojo-4\/","title":{"rendered":"NOX AT10 LUX NEGRO ROJO"},"content":{"rendered":"<p>Queste scarpe da paddle sono state prodotte con materiali di altissima qualit\u00e0, offrendo un eccellente cuscino grazie all&#8217;intestimento per l&#8217;intersuola di Phylon, una componente a bassa densit\u00e0 che ottimizza il rimbalzo e l&#8217;assorbimento dell&#8217;impatto attraverso un&#8217;efficace gestione dell&#8217;energia.<\/p>\n<p>Il design del NOX AT10 Lux, in toni neri e rossi, si distingue per la sua stabilit\u00e0. Il sistema di supporto supporta riduce il rischio di distorsioni durante i movimenti laterali, consentendo di raggiungere un&#8217;alta velocit\u00e0 e a turno in sicurezza.<\/p>\n<p>La suola di queste scarpe \u00e8 dotata di un motivo a picco combinato con piccoli tacos, che migliora la trazione su varie superfici.<\/p>\n<p>Sono scarpe comode, dal momento che la loro parte superiore incorpora una mesh traspirante nell&#8217;area del collo del piede, insieme a rivestimenti che ottimizzano la regolazione e il fissaggio del piede.<\/p>\n<p>Esteticamente, il suo design \u00e8 scioccante, con uno sfondo nero e dettagli rossi, come i lacci e il logo del marchio sui lati. Inoltre, queste scarpe sono certificate dai podologi, il che garantisce la loro qualit\u00e0 e comfort dal punto di vista clinico.<\/p>\n","protected":false},"excerpt":{"rendered":"<p>Ideale per il giocatore pi\u00f9 esigente, le scarpe da paddle <strong> <\/strong> NOX AT10 Lux Black sono state sviluppate appositamente con innovazioni tecnologiche che cercano di ridurre al minimo la possibilit\u00e0 di un infortunio.<strong>zapatillas de p\u00e1del\u00a0<\/strong><\/p>\n","protected":false},"featured_media":110591,"comment_status":"open","ping_status":"closed","template":"","meta":{"_acf_changed":false,"_joinchat":[]},"acabado":[],"balance":[],"dureza":[],"forma":[],"jugador":[1191],"marca":[1261],"nivel-de-juego":[],"superficie":[],"tipo-de-juego":[],"product_brand":[],"product_cat":[832,404],"product_tag":[],"class_list":{"0":"post-119458","1":"product","2":"type-product","3":"status-publish","4":"has-post-thumbnail","6":"jugador-uomo","7":"marca-nox-it","8":"product_cat-scarpe-da-ginnastica","9":"product_cat-sneakers-da-uomo","11":"first","12":"outofstock","13":"sale","14":"taxable","15":"shipping-taxable","16":"purchasable","17":"product-type-variable"},"acf":[],"yoast_head":"<!-- This site is optimized with the Yoast SEO plugin v27.6 - https:\/\/yoast.com\/product\/yoast-seo-wordpress\/ -->\n<title>NOX AT10 LUX NEGRO ROJO - Revolution Padel Store<\/title>\n<meta name=\"description\" content=\"Estas zapatillas de p\u00e1del han sido fabricadas con materiales de la m\u00e1s alta calidad, ofreciendo una excelente amortiguaci\u00f3n gracias a su mediasuela de Phylon inyectado, un componente de baja densidad que optimiza el rebote y la absorci\u00f3n de impacto mediante una eficaz gesti\u00f3n de la energ\u00eda.\" \/>\n<meta name=\"robots\" content=\"index, follow, max-snippet:-1, max-image-preview:large, max-video-preview:-1\" \/>\n<link rel=\"canonical\" href=\"https:\/\/revolutionpadelstore.com\/it\/prodotto\/nox-at10-lux-negro-rojo-4\/\" \/>\n<meta property=\"og:locale\" content=\"it_IT\" \/>\n<meta property=\"og:type\" content=\"article\" \/>\n<meta property=\"og:title\" content=\"NOX AT10 LUX NEGRO ROJO - Revolution Padel Store\" \/>\n<meta property=\"og:description\" content=\"Estas zapatillas de p\u00e1del han sido fabricadas con materiales de la m\u00e1s alta calidad, ofreciendo una excelente amortiguaci\u00f3n gracias a su mediasuela de Phylon inyectado, un componente de baja densidad que optimiza el rebote y la absorci\u00f3n de impacto mediante una eficaz gesti\u00f3n de la energ\u00eda.\" \/>\n<meta property=\"og:url\" content=\"https:\/\/revolutionpadelstore.com\/it\/prodotto\/nox-at10-lux-negro-rojo-4\/\" \/>\n<meta property=\"og:site_name\" content=\"Revolution Padel Store\" \/>\n<meta property=\"article:modified_time\" content=\"2026-04-08T08:21:36+00:00\" \/>\n<meta property=\"og:image\" content=\"https:\/\/revolutionpadelstore.com\/wp-content\/uploads\/2024\/11\/imagen_1_24128_efe75f49_e276.webp\" \/>\n\t<meta property=\"og:image:width\" content=\"1000\" \/>\n\t<meta property=\"og:image:height\" content=\"1000\" \/>\n\t<meta property=\"og:image:type\" content=\"image\/webp\" \/>\n<meta name=\"twitter:card\" content=\"summary_large_image\" \/>\n<meta name=\"twitter:label1\" content=\"Tempo di lettura stimato\" \/>\n\t<meta name=\"twitter:data1\" content=\"1 minuto\" \/>\n<script type=\"application\/ld+json\" class=\"yoast-schema-graph\">{\"@context\":\"https:\\\/\\\/schema.org\",\"@graph\":[{\"@type\":\"WebPage\",\"@id\":\"https:\\\/\\\/revolutionpadelstore.com\\\/it\\\/prodotto\\\/nox-at10-lux-negro-rojo-4\\\/\",\"url\":\"https:\\\/\\\/revolutionpadelstore.com\\\/it\\\/prodotto\\\/nox-at10-lux-negro-rojo-4\\\/\",\"name\":\"NOX AT10 LUX NEGRO ROJO - Revolution Padel Store\",\"isPartOf\":{\"@id\":\"https:\\\/\\\/revolutionpadelstore.com\\\/it\\\/#website\"},\"primaryImageOfPage\":{\"@id\":\"https:\\\/\\\/revolutionpadelstore.com\\\/it\\\/prodotto\\\/nox-at10-lux-negro-rojo-4\\\/#primaryimage\"},\"image\":{\"@id\":\"https:\\\/\\\/revolutionpadelstore.com\\\/it\\\/prodotto\\\/nox-at10-lux-negro-rojo-4\\\/#primaryimage\"},\"thumbnailUrl\":\"https:\\\/\\\/revolutionpadelstore.com\\\/wp-content\\\/uploads\\\/2024\\\/11\\\/imagen_1_24128_efe75f49_e276.webp\",\"datePublished\":\"2024-11-15T07:03:29+00:00\",\"dateModified\":\"2026-04-08T08:21:36+00:00\",\"description\":\"Estas zapatillas de p\u00e1del han sido fabricadas con materiales de la m\u00e1s alta calidad, ofreciendo una excelente amortiguaci\u00f3n gracias a su mediasuela de Phylon inyectado, un componente de baja densidad que optimiza el rebote y la absorci\u00f3n de impacto mediante una eficaz gesti\u00f3n de la energ\u00eda.\",\"breadcrumb\":{\"@id\":\"https:\\\/\\\/revolutionpadelstore.com\\\/it\\\/prodotto\\\/nox-at10-lux-negro-rojo-4\\\/#breadcrumb\"},\"inLanguage\":\"it-IT\",\"potentialAction\":[{\"@type\":\"ReadAction\",\"target\":[\"https:\\\/\\\/revolutionpadelstore.com\\\/it\\\/prodotto\\\/nox-at10-lux-negro-rojo-4\\\/\"]}]},{\"@type\":\"ImageObject\",\"inLanguage\":\"it-IT\",\"@id\":\"https:\\\/\\\/revolutionpadelstore.com\\\/it\\\/prodotto\\\/nox-at10-lux-negro-rojo-4\\\/#primaryimage\",\"url\":\"https:\\\/\\\/revolutionpadelstore.com\\\/wp-content\\\/uploads\\\/2024\\\/11\\\/imagen_1_24128_efe75f49_e276.webp\",\"contentUrl\":\"https:\\\/\\\/revolutionpadelstore.com\\\/wp-content\\\/uploads\\\/2024\\\/11\\\/imagen_1_24128_efe75f49_e276.webp\",\"width\":1000,\"height\":1000},{\"@type\":\"BreadcrumbList\",\"@id\":\"https:\\\/\\\/revolutionpadelstore.com\\\/it\\\/prodotto\\\/nox-at10-lux-negro-rojo-4\\\/#breadcrumb\",\"itemListElement\":[{\"@type\":\"ListItem\",\"position\":1,\"name\":\"Portada\",\"item\":\"https:\\\/\\\/revolutionpadelstore.com\\\/it\\\/\"},{\"@type\":\"ListItem\",\"position\":2,\"name\":\"Tienda\",\"item\":\"https:\\\/\\\/revolutionpadelstore.com\\\/it\\\/tienda\\\/\"},{\"@type\":\"ListItem\",\"position\":3,\"name\":\"NOX AT10 LUX NEGRO ROJO\"}]},{\"@type\":\"WebSite\",\"@id\":\"https:\\\/\\\/revolutionpadelstore.com\\\/it\\\/#website\",\"url\":\"https:\\\/\\\/revolutionpadelstore.com\\\/it\\\/\",\"name\":\"Revolution Padel Store\",\"description\":\"\",\"publisher\":{\"@id\":\"https:\\\/\\\/revolutionpadelstore.com\\\/it\\\/#organization\"},\"potentialAction\":[{\"@type\":\"SearchAction\",\"target\":{\"@type\":\"EntryPoint\",\"urlTemplate\":\"https:\\\/\\\/revolutionpadelstore.com\\\/it\\\/?s={search_term_string}\"},\"query-input\":{\"@type\":\"PropertyValueSpecification\",\"valueRequired\":true,\"valueName\":\"search_term_string\"}}],\"inLanguage\":\"it-IT\"},{\"@type\":\"Organization\",\"@id\":\"https:\\\/\\\/revolutionpadelstore.com\\\/it\\\/#organization\",\"name\":\"Revolution Padel Store\",\"url\":\"https:\\\/\\\/revolutionpadelstore.com\\\/it\\\/\",\"logo\":{\"@type\":\"ImageObject\",\"inLanguage\":\"it-IT\",\"@id\":\"https:\\\/\\\/revolutionpadelstore.com\\\/it\\\/#\\\/schema\\\/logo\\\/image\\\/\",\"url\":\"https:\\\/\\\/revolutionpadelstore.com\\\/wp-content\\\/uploads\\\/2026\\\/02\\\/revolution-padel-store.jpg\",\"contentUrl\":\"https:\\\/\\\/revolutionpadelstore.com\\\/wp-content\\\/uploads\\\/2026\\\/02\\\/revolution-padel-store.jpg\",\"width\":2000,\"height\":2000,\"caption\":\"Revolution Padel Store\"},\"image\":{\"@id\":\"https:\\\/\\\/revolutionpadelstore.com\\\/it\\\/#\\\/schema\\\/logo\\\/image\\\/\"},\"sameAs\":[\"https:\\\/\\\/www.instagram.com\\\/revolutionpadelstore\\\/\"]}]}<\/script>\n<!-- \/ Yoast SEO plugin. -->","yoast_head_json":{"title":"NOX AT10 LUX NEGRO ROJO - Revolution Padel Store","description":"Estas zapatillas de p\u00e1del han sido fabricadas con materiales de la m\u00e1s alta calidad, ofreciendo una excelente amortiguaci\u00f3n gracias a su mediasuela de Phylon inyectado, un componente de baja densidad que optimiza el rebote y la absorci\u00f3n de impacto mediante una eficaz gesti\u00f3n de la energ\u00eda.","robots":{"index":"index","follow":"follow","max-snippet":"max-snippet:-1","max-image-preview":"max-image-preview:large","max-video-preview":"max-video-preview:-1"},"canonical":"https:\/\/revolutionpadelstore.com\/it\/prodotto\/nox-at10-lux-negro-rojo-4\/","og_locale":"it_IT","og_type":"article","og_title":"NOX AT10 LUX NEGRO ROJO - Revolution Padel Store","og_description":"Estas zapatillas de p\u00e1del han sido fabricadas con materiales de la m\u00e1s alta calidad, ofreciendo una excelente amortiguaci\u00f3n gracias a su mediasuela de Phylon inyectado, un componente de baja densidad que optimiza el rebote y la absorci\u00f3n de impacto mediante una eficaz gesti\u00f3n de la energ\u00eda.","og_url":"https:\/\/revolutionpadelstore.com\/it\/prodotto\/nox-at10-lux-negro-rojo-4\/","og_site_name":"Revolution Padel Store","article_modified_time":"2026-04-08T08:21:36+00:00","og_image":[{"width":1000,"height":1000,"url":"https:\/\/revolutionpadelstore.com\/wp-content\/uploads\/2024\/11\/imagen_1_24128_efe75f49_e276.webp","type":"image\/webp"}],"twitter_card":"summary_large_image","twitter_misc":{"Tempo di lettura stimato":"1 minuto"},"schema":{"@context":"https:\/\/schema.org","@graph":[{"@type":"WebPage","@id":"https:\/\/revolutionpadelstore.com\/it\/prodotto\/nox-at10-lux-negro-rojo-4\/","url":"https:\/\/revolutionpadelstore.com\/it\/prodotto\/nox-at10-lux-negro-rojo-4\/","name":"NOX AT10 LUX NEGRO ROJO - Revolution Padel Store","isPartOf":{"@id":"https:\/\/revolutionpadelstore.com\/it\/#website"},"primaryImageOfPage":{"@id":"https:\/\/revolutionpadelstore.com\/it\/prodotto\/nox-at10-lux-negro-rojo-4\/#primaryimage"},"image":{"@id":"https:\/\/revolutionpadelstore.com\/it\/prodotto\/nox-at10-lux-negro-rojo-4\/#primaryimage"},"thumbnailUrl":"https:\/\/revolutionpadelstore.com\/wp-content\/uploads\/2024\/11\/imagen_1_24128_efe75f49_e276.webp","datePublished":"2024-11-15T07:03:29+00:00","dateModified":"2026-04-08T08:21:36+00:00","description":"Estas zapatillas de p\u00e1del han sido fabricadas con materiales de la m\u00e1s alta calidad, ofreciendo una excelente amortiguaci\u00f3n gracias a su mediasuela de Phylon inyectado, un componente de baja densidad que optimiza el rebote y la absorci\u00f3n de impacto mediante una eficaz gesti\u00f3n de la energ\u00eda.","breadcrumb":{"@id":"https:\/\/revolutionpadelstore.com\/it\/prodotto\/nox-at10-lux-negro-rojo-4\/#breadcrumb"},"inLanguage":"it-IT","potentialAction":[{"@type":"ReadAction","target":["https:\/\/revolutionpadelstore.com\/it\/prodotto\/nox-at10-lux-negro-rojo-4\/"]}]},{"@type":"ImageObject","inLanguage":"it-IT","@id":"https:\/\/revolutionpadelstore.com\/it\/prodotto\/nox-at10-lux-negro-rojo-4\/#primaryimage","url":"https:\/\/revolutionpadelstore.com\/wp-content\/uploads\/2024\/11\/imagen_1_24128_efe75f49_e276.webp","contentUrl":"https:\/\/revolutionpadelstore.com\/wp-content\/uploads\/2024\/11\/imagen_1_24128_efe75f49_e276.webp","width":1000,"height":1000},{"@type":"BreadcrumbList","@id":"https:\/\/revolutionpadelstore.com\/it\/prodotto\/nox-at10-lux-negro-rojo-4\/#breadcrumb","itemListElement":[{"@type":"ListItem","position":1,"name":"Portada","item":"https:\/\/revolutionpadelstore.com\/it\/"},{"@type":"ListItem","position":2,"name":"Tienda","item":"https:\/\/revolutionpadelstore.com\/it\/tienda\/"},{"@type":"ListItem","position":3,"name":"NOX AT10 LUX NEGRO ROJO"}]},{"@type":"WebSite","@id":"https:\/\/revolutionpadelstore.com\/it\/#website","url":"https:\/\/revolutionpadelstore.com\/it\/","name":"Revolution Padel Store","description":"","publisher":{"@id":"https:\/\/revolutionpadelstore.com\/it\/#organization"},"potentialAction":[{"@type":"SearchAction","target":{"@type":"EntryPoint","urlTemplate":"https:\/\/revolutionpadelstore.com\/it\/?s={search_term_string}"},"query-input":{"@type":"PropertyValueSpecification","valueRequired":true,"valueName":"search_term_string"}}],"inLanguage":"it-IT"},{"@type":"Organization","@id":"https:\/\/revolutionpadelstore.com\/it\/#organization","name":"Revolution Padel Store","url":"https:\/\/revolutionpadelstore.com\/it\/","logo":{"@type":"ImageObject","inLanguage":"it-IT","@id":"https:\/\/revolutionpadelstore.com\/it\/#\/schema\/logo\/image\/","url":"https:\/\/revolutionpadelstore.com\/wp-content\/uploads\/2026\/02\/revolution-padel-store.jpg","contentUrl":"https:\/\/revolutionpadelstore.com\/wp-content\/uploads\/2026\/02\/revolution-padel-store.jpg","width":2000,"height":2000,"caption":"Revolution Padel Store"},"image":{"@id":"https:\/\/revolutionpadelstore.com\/it\/#\/schema\/logo\/image\/"},"sameAs":["https:\/\/www.instagram.com\/revolutionpadelstore\/"]}]}},"_links":{"self":[{"href":"https:\/\/revolutionpadelstore.com\/it\/wp-json\/wp\/v2\/product\/119458","targetHints":{"allow":["GET"]}}],"collection":[{"href":"https:\/\/revolutionpadelstore.com\/it\/wp-json\/wp\/v2\/product"}],"about":[{"href":"https:\/\/revolutionpadelstore.com\/it\/wp-json\/wp\/v2\/types\/product"}],"replies":[{"embeddable":true,"href":"https:\/\/revolutionpadelstore.com\/it\/wp-json\/wp\/v2\/comments?post=119458"}],"wp:featuredmedia":[{"embeddable":true,"href":"https:\/\/revolutionpadelstore.com\/it\/wp-json\/wp\/v2\/media\/110591"}],"wp:attachment":[{"href":"https:\/\/revolutionpadelstore.com\/it\/wp-json\/wp\/v2\/media?parent=119458"}],"wp:term":[{"taxonomy":"acabado","embeddable":true,"href":"https:\/\/revolutionpadelstore.com\/it\/wp-json\/wp\/v2\/acabado?post=119458"},{"taxonomy":"balance","embeddable":true,"href":"https:\/\/revolutionpadelstore.com\/it\/wp-json\/wp\/v2\/balance?post=119458"},{"taxonomy":"dureza","embeddable":true,"href":"https:\/\/revolutionpadelstore.com\/it\/wp-json\/wp\/v2\/dureza?post=119458"},{"taxonomy":"forma","embeddable":true,"href":"https:\/\/revolutionpadelstore.com\/it\/wp-json\/wp\/v2\/forma?post=119458"},{"taxonomy":"jugador","embeddable":true,"href":"https:\/\/revolutionpadelstore.com\/it\/wp-json\/wp\/v2\/jugador?post=119458"},{"taxonomy":"marca","embeddable":true,"href":"https:\/\/revolutionpadelstore.com\/it\/wp-json\/wp\/v2\/marca?post=119458"},{"taxonomy":"nivel-de-juego","embeddable":true,"href":"https:\/\/revolutionpadelstore.com\/it\/wp-json\/wp\/v2\/nivel-de-juego?post=119458"},{"taxonomy":"superficie","embeddable":true,"href":"https:\/\/revolutionpadelstore.com\/it\/wp-json\/wp\/v2\/superficie?post=119458"},{"taxonomy":"tipo-de-juego","embeddable":true,"href":"https:\/\/revolutionpadelstore.com\/it\/wp-json\/wp\/v2\/tipo-de-juego?post=119458"},{"taxonomy":"product_brand","embeddable":true,"href":"https:\/\/revolutionpadelstore.com\/it\/wp-json\/wp\/v2\/product_brand?post=119458"},{"taxonomy":"product_cat","embeddable":true,"href":"https:\/\/revolutionpadelstore.com\/it\/wp-json\/wp\/v2\/product_cat?post=119458"},{"taxonomy":"product_tag","embeddable":true,"href":"https:\/\/revolutionpadelstore.com\/it\/wp-json\/wp\/v2\/product_tag?post=119458"}],"curies":[{"name":"wp","href":"https:\/\/api.w.org\/{rel}","templated":true}]}}