{"id":119453,"date":"2024-11-15T08:24:32","date_gmt":"2024-11-15T07:24:32","guid":{"rendered":"https:\/\/revolutionpadelstore.com\/nox-ml10-hexa-black-slate-grey\/"},"modified":"2026-04-08T10:19:56","modified_gmt":"2026-04-08T08:19:56","slug":"nox-ml10-hexa-black-slate-grey-4","status":"publish","type":"product","link":"https:\/\/revolutionpadelstore.com\/it\/prodotto\/nox-ml10-hexa-black-slate-grey-4\/","title":{"rendered":"NOX ML10 HEXA BLACK\/SLATE GREY"},"content":{"rendered":"<p><Div class=\"Flex Max-W-SUPPL-COLUP Flex-Grow\"><br \/>\n<Div class=\"Min-H-8 Text-Message Flex W-SuperPress Flee Data-Message-Author-Role =\"><br \/>\n<Div class=\"Flex w-full Flex-Col Gap-1 Emty: Hidden First: Pt- [3px]\">&gt;<br \/>\n<Div class=\"Markdown ha continuato a W-Full Break-Words Dark: Prose-Invert Dark\"><\/p>\n<h2> Nox ml10 hexa nero, fermezza e supporto incredibile <\/h2>\n<p>Il nome ML10 HEXA Black Paddle Shoes sono progettate per offrire fermezza e supporto eccezionali, progettate per rivoluzionare le prestazioni della pista. Sceduto da Miguel Lamperti per il Premier Padel Spagna 2024, queste scarpe offrono prestazioni pi\u00f9 elevate e aiutano a ridurre al minimo il rischio di lesioni.<\/p>\n<p>Certificato dal Centro tecnologico di INESCOP COOLORE di Alicante, l&#8217;HEXA ML10 della serie di lusso ha una suola mista che combina picchi e microtacos, che garantisce un&#8217;ottima presa e versatilit\u00e0 in qualsiasi tipo di superficie di gioco.<\/p>\n<p>Per garantire un ammortizzazione ideale e un eccellente ritorno di energia, le scarpe includono una pianta di schiuma di strobel eva e un phylon a met\u00e0. Inoltre, il modello di ortolite non solo migliora il comfort, ma offre anche propriet\u00e0 antimicrobiche per evitare la proliferazione dei batteri, mantenendo i piedi freschi e confortevoli.<\/p>\n<p>Il sistema laterale supporta la stabilit\u00e0 in ogni movimento, espandendo la superficie di contatto con il terreno e riducendo il rischio di distorsioni. La tecnologia avanzata di geometria a gravit\u00e0 (AGG) facilita le partenze rapide e migliora la posizione di attesa. Incorpora anche il rinforzo laterale di abraxone, che aumenta la resistenza all&#8217;abrasione.<\/p>\n<p>Con NOX ML10 HEXA Black, puoi migliorare le tue prestazioni in pista, goderti un gioco pi\u00f9 sicuro ed efficiente e aumentare il livello al massimo. Non perdere l&#8217;opportunit\u00e0 di portare il tuo gioco al livello successivo!<\/p>\n<\/div>\n<\/div>\n<\/div>\n<\/div>\n","protected":false},"excerpt":{"rendered":"<p>I NOX ML10 Hexa 2024 sono le scarpe preferite del giocatore pi\u00f9 carismatico del circuito di paddle, Miguel Lamperti. Si fida di loro sia per la loro formazione che per le loro feste ufficiali, garantendo sempre prestazioni ottimali e il massimo comfort.<\/p>\n","protected":false},"featured_media":110599,"comment_status":"open","ping_status":"closed","template":"","meta":{"_acf_changed":false,"_joinchat":[]},"acabado":[],"balance":[],"dureza":[],"forma":[],"jugador":[1191],"marca":[1261],"nivel-de-juego":[],"superficie":[],"tipo-de-juego":[],"product_brand":[],"product_cat":[832],"product_tag":[],"class_list":{"0":"post-119453","1":"product","2":"type-product","3":"status-publish","4":"has-post-thumbnail","6":"jugador-uomo","7":"marca-nox-it","8":"product_cat-scarpe-da-ginnastica","10":"first","11":"outofstock","12":"sale","13":"taxable","14":"shipping-taxable","15":"purchasable","16":"product-type-variable"},"acf":[],"yoast_head":"<!-- This site is optimized with the Yoast SEO plugin v27.4 - https:\/\/yoast.com\/product\/yoast-seo-wordpress\/ -->\n<title>NOX ML10 HEXA BLACK\/SLATE GREY - Revolution Padel Store<\/title>\n<meta name=\"description\" content=\"Las zapatillas de p\u00e1del Nox ML10 Hexa Negro est\u00e1n dise\u00f1adas para ofrecer una firmeza y soporte excepcionales, pensadas para revolucionar tu rendimiento en la pista. Escogidas por Miguel Lamperti para el Premier Padel Espa\u00f1a 2024, estas zapatillas proporcionan un rendimiento superior y ayudan a minimizar el riesgo de lesiones.\" \/>\n<meta name=\"robots\" content=\"index, follow, max-snippet:-1, max-image-preview:large, max-video-preview:-1\" \/>\n<link rel=\"canonical\" href=\"https:\/\/revolutionpadelstore.com\/it\/prodotto\/nox-ml10-hexa-black-slate-grey-4\/\" \/>\n<meta property=\"og:locale\" content=\"it_IT\" \/>\n<meta property=\"og:type\" content=\"article\" \/>\n<meta property=\"og:title\" content=\"NOX ML10 HEXA BLACK\/SLATE GREY - Revolution Padel Store\" \/>\n<meta property=\"og:description\" content=\"Las zapatillas de p\u00e1del Nox ML10 Hexa Negro est\u00e1n dise\u00f1adas para ofrecer una firmeza y soporte excepcionales, pensadas para revolucionar tu rendimiento en la pista. Escogidas por Miguel Lamperti para el Premier Padel Espa\u00f1a 2024, estas zapatillas proporcionan un rendimiento superior y ayudan a minimizar el riesgo de lesiones.\" \/>\n<meta property=\"og:url\" content=\"https:\/\/revolutionpadelstore.com\/it\/prodotto\/nox-ml10-hexa-black-slate-grey-4\/\" \/>\n<meta property=\"og:site_name\" content=\"Revolution Padel Store\" \/>\n<meta property=\"article:modified_time\" content=\"2026-04-08T08:19:56+00:00\" \/>\n<meta property=\"og:image\" content=\"https:\/\/revolutionpadelstore.com\/wp-content\/uploads\/2024\/11\/113140_zapatillas_nox_ml10_hexa_calmlhexblgs_1500x1500_1_4667.webp\" \/>\n\t<meta property=\"og:image:width\" content=\"1500\" \/>\n\t<meta property=\"og:image:height\" content=\"1500\" \/>\n\t<meta property=\"og:image:type\" content=\"image\/webp\" \/>\n<meta name=\"twitter:card\" content=\"summary_large_image\" \/>\n<meta name=\"twitter:label1\" content=\"Tempo di lettura stimato\" \/>\n\t<meta name=\"twitter:data1\" content=\"2 minuti\" \/>\n<script type=\"application\/ld+json\" class=\"yoast-schema-graph\">{\"@context\":\"https:\\\/\\\/schema.org\",\"@graph\":[{\"@type\":\"WebPage\",\"@id\":\"https:\\\/\\\/revolutionpadelstore.com\\\/it\\\/prodotto\\\/nox-ml10-hexa-black-slate-grey-4\\\/\",\"url\":\"https:\\\/\\\/revolutionpadelstore.com\\\/it\\\/prodotto\\\/nox-ml10-hexa-black-slate-grey-4\\\/\",\"name\":\"NOX ML10 HEXA BLACK\\\/SLATE GREY - Revolution Padel Store\",\"isPartOf\":{\"@id\":\"https:\\\/\\\/revolutionpadelstore.com\\\/it\\\/#website\"},\"primaryImageOfPage\":{\"@id\":\"https:\\\/\\\/revolutionpadelstore.com\\\/it\\\/prodotto\\\/nox-ml10-hexa-black-slate-grey-4\\\/#primaryimage\"},\"image\":{\"@id\":\"https:\\\/\\\/revolutionpadelstore.com\\\/it\\\/prodotto\\\/nox-ml10-hexa-black-slate-grey-4\\\/#primaryimage\"},\"thumbnailUrl\":\"https:\\\/\\\/revolutionpadelstore.com\\\/wp-content\\\/uploads\\\/2024\\\/11\\\/113140_zapatillas_nox_ml10_hexa_calmlhexblgs_1500x1500_1_4667.webp\",\"datePublished\":\"2024-11-15T07:24:32+00:00\",\"dateModified\":\"2026-04-08T08:19:56+00:00\",\"description\":\"Las zapatillas de p\u00e1del Nox ML10 Hexa Negro est\u00e1n dise\u00f1adas para ofrecer una firmeza y soporte excepcionales, pensadas para revolucionar tu rendimiento en la pista. Escogidas por Miguel Lamperti para el Premier Padel Espa\u00f1a 2024, estas zapatillas proporcionan un rendimiento superior y ayudan a minimizar el riesgo de lesiones.\",\"breadcrumb\":{\"@id\":\"https:\\\/\\\/revolutionpadelstore.com\\\/it\\\/prodotto\\\/nox-ml10-hexa-black-slate-grey-4\\\/#breadcrumb\"},\"inLanguage\":\"it-IT\",\"potentialAction\":[{\"@type\":\"ReadAction\",\"target\":[\"https:\\\/\\\/revolutionpadelstore.com\\\/it\\\/prodotto\\\/nox-ml10-hexa-black-slate-grey-4\\\/\"]}]},{\"@type\":\"ImageObject\",\"inLanguage\":\"it-IT\",\"@id\":\"https:\\\/\\\/revolutionpadelstore.com\\\/it\\\/prodotto\\\/nox-ml10-hexa-black-slate-grey-4\\\/#primaryimage\",\"url\":\"https:\\\/\\\/revolutionpadelstore.com\\\/wp-content\\\/uploads\\\/2024\\\/11\\\/113140_zapatillas_nox_ml10_hexa_calmlhexblgs_1500x1500_1_4667.webp\",\"contentUrl\":\"https:\\\/\\\/revolutionpadelstore.com\\\/wp-content\\\/uploads\\\/2024\\\/11\\\/113140_zapatillas_nox_ml10_hexa_calmlhexblgs_1500x1500_1_4667.webp\",\"width\":1500,\"height\":1500},{\"@type\":\"BreadcrumbList\",\"@id\":\"https:\\\/\\\/revolutionpadelstore.com\\\/it\\\/prodotto\\\/nox-ml10-hexa-black-slate-grey-4\\\/#breadcrumb\",\"itemListElement\":[{\"@type\":\"ListItem\",\"position\":1,\"name\":\"Portada\",\"item\":\"https:\\\/\\\/revolutionpadelstore.com\\\/it\\\/\"},{\"@type\":\"ListItem\",\"position\":2,\"name\":\"Tienda\",\"item\":\"https:\\\/\\\/revolutionpadelstore.com\\\/it\\\/tienda\\\/\"},{\"@type\":\"ListItem\",\"position\":3,\"name\":\"NOX ML10 HEXA BLACK\\\/SLATE GREY\"}]},{\"@type\":\"WebSite\",\"@id\":\"https:\\\/\\\/revolutionpadelstore.com\\\/it\\\/#website\",\"url\":\"https:\\\/\\\/revolutionpadelstore.com\\\/it\\\/\",\"name\":\"Revolution Padel Store\",\"description\":\"\",\"publisher\":{\"@id\":\"https:\\\/\\\/revolutionpadelstore.com\\\/it\\\/#organization\"},\"potentialAction\":[{\"@type\":\"SearchAction\",\"target\":{\"@type\":\"EntryPoint\",\"urlTemplate\":\"https:\\\/\\\/revolutionpadelstore.com\\\/it\\\/?s={search_term_string}\"},\"query-input\":{\"@type\":\"PropertyValueSpecification\",\"valueRequired\":true,\"valueName\":\"search_term_string\"}}],\"inLanguage\":\"it-IT\"},{\"@type\":\"Organization\",\"@id\":\"https:\\\/\\\/revolutionpadelstore.com\\\/it\\\/#organization\",\"name\":\"Revolution Padel Store\",\"url\":\"https:\\\/\\\/revolutionpadelstore.com\\\/it\\\/\",\"logo\":{\"@type\":\"ImageObject\",\"inLanguage\":\"it-IT\",\"@id\":\"https:\\\/\\\/revolutionpadelstore.com\\\/it\\\/#\\\/schema\\\/logo\\\/image\\\/\",\"url\":\"https:\\\/\\\/revolutionpadelstore.com\\\/wp-content\\\/uploads\\\/2026\\\/02\\\/revolution-padel-store.jpg\",\"contentUrl\":\"https:\\\/\\\/revolutionpadelstore.com\\\/wp-content\\\/uploads\\\/2026\\\/02\\\/revolution-padel-store.jpg\",\"width\":2000,\"height\":2000,\"caption\":\"Revolution Padel Store\"},\"image\":{\"@id\":\"https:\\\/\\\/revolutionpadelstore.com\\\/it\\\/#\\\/schema\\\/logo\\\/image\\\/\"},\"sameAs\":[\"https:\\\/\\\/www.instagram.com\\\/revolutionpadelstore\\\/\"]}]}<\/script>\n<!-- \/ Yoast SEO plugin. -->","yoast_head_json":{"title":"NOX ML10 HEXA BLACK\/SLATE GREY - Revolution Padel Store","description":"Las zapatillas de p\u00e1del Nox ML10 Hexa Negro est\u00e1n dise\u00f1adas para ofrecer una firmeza y soporte excepcionales, pensadas para revolucionar tu rendimiento en la pista. Escogidas por Miguel Lamperti para el Premier Padel Espa\u00f1a 2024, estas zapatillas proporcionan un rendimiento superior y ayudan a minimizar el riesgo de lesiones.","robots":{"index":"index","follow":"follow","max-snippet":"max-snippet:-1","max-image-preview":"max-image-preview:large","max-video-preview":"max-video-preview:-1"},"canonical":"https:\/\/revolutionpadelstore.com\/it\/prodotto\/nox-ml10-hexa-black-slate-grey-4\/","og_locale":"it_IT","og_type":"article","og_title":"NOX ML10 HEXA BLACK\/SLATE GREY - Revolution Padel Store","og_description":"Las zapatillas de p\u00e1del Nox ML10 Hexa Negro est\u00e1n dise\u00f1adas para ofrecer una firmeza y soporte excepcionales, pensadas para revolucionar tu rendimiento en la pista. Escogidas por Miguel Lamperti para el Premier Padel Espa\u00f1a 2024, estas zapatillas proporcionan un rendimiento superior y ayudan a minimizar el riesgo de lesiones.","og_url":"https:\/\/revolutionpadelstore.com\/it\/prodotto\/nox-ml10-hexa-black-slate-grey-4\/","og_site_name":"Revolution Padel Store","article_modified_time":"2026-04-08T08:19:56+00:00","og_image":[{"width":1500,"height":1500,"url":"https:\/\/revolutionpadelstore.com\/wp-content\/uploads\/2024\/11\/113140_zapatillas_nox_ml10_hexa_calmlhexblgs_1500x1500_1_4667.webp","type":"image\/webp"}],"twitter_card":"summary_large_image","twitter_misc":{"Tempo di lettura stimato":"2 minuti"},"schema":{"@context":"https:\/\/schema.org","@graph":[{"@type":"WebPage","@id":"https:\/\/revolutionpadelstore.com\/it\/prodotto\/nox-ml10-hexa-black-slate-grey-4\/","url":"https:\/\/revolutionpadelstore.com\/it\/prodotto\/nox-ml10-hexa-black-slate-grey-4\/","name":"NOX ML10 HEXA BLACK\/SLATE GREY - Revolution Padel Store","isPartOf":{"@id":"https:\/\/revolutionpadelstore.com\/it\/#website"},"primaryImageOfPage":{"@id":"https:\/\/revolutionpadelstore.com\/it\/prodotto\/nox-ml10-hexa-black-slate-grey-4\/#primaryimage"},"image":{"@id":"https:\/\/revolutionpadelstore.com\/it\/prodotto\/nox-ml10-hexa-black-slate-grey-4\/#primaryimage"},"thumbnailUrl":"https:\/\/revolutionpadelstore.com\/wp-content\/uploads\/2024\/11\/113140_zapatillas_nox_ml10_hexa_calmlhexblgs_1500x1500_1_4667.webp","datePublished":"2024-11-15T07:24:32+00:00","dateModified":"2026-04-08T08:19:56+00:00","description":"Las zapatillas de p\u00e1del Nox ML10 Hexa Negro est\u00e1n dise\u00f1adas para ofrecer una firmeza y soporte excepcionales, pensadas para revolucionar tu rendimiento en la pista. Escogidas por Miguel Lamperti para el Premier Padel Espa\u00f1a 2024, estas zapatillas proporcionan un rendimiento superior y ayudan a minimizar el riesgo de lesiones.","breadcrumb":{"@id":"https:\/\/revolutionpadelstore.com\/it\/prodotto\/nox-ml10-hexa-black-slate-grey-4\/#breadcrumb"},"inLanguage":"it-IT","potentialAction":[{"@type":"ReadAction","target":["https:\/\/revolutionpadelstore.com\/it\/prodotto\/nox-ml10-hexa-black-slate-grey-4\/"]}]},{"@type":"ImageObject","inLanguage":"it-IT","@id":"https:\/\/revolutionpadelstore.com\/it\/prodotto\/nox-ml10-hexa-black-slate-grey-4\/#primaryimage","url":"https:\/\/revolutionpadelstore.com\/wp-content\/uploads\/2024\/11\/113140_zapatillas_nox_ml10_hexa_calmlhexblgs_1500x1500_1_4667.webp","contentUrl":"https:\/\/revolutionpadelstore.com\/wp-content\/uploads\/2024\/11\/113140_zapatillas_nox_ml10_hexa_calmlhexblgs_1500x1500_1_4667.webp","width":1500,"height":1500},{"@type":"BreadcrumbList","@id":"https:\/\/revolutionpadelstore.com\/it\/prodotto\/nox-ml10-hexa-black-slate-grey-4\/#breadcrumb","itemListElement":[{"@type":"ListItem","position":1,"name":"Portada","item":"https:\/\/revolutionpadelstore.com\/it\/"},{"@type":"ListItem","position":2,"name":"Tienda","item":"https:\/\/revolutionpadelstore.com\/it\/tienda\/"},{"@type":"ListItem","position":3,"name":"NOX ML10 HEXA BLACK\/SLATE GREY"}]},{"@type":"WebSite","@id":"https:\/\/revolutionpadelstore.com\/it\/#website","url":"https:\/\/revolutionpadelstore.com\/it\/","name":"Revolution Padel Store","description":"","publisher":{"@id":"https:\/\/revolutionpadelstore.com\/it\/#organization"},"potentialAction":[{"@type":"SearchAction","target":{"@type":"EntryPoint","urlTemplate":"https:\/\/revolutionpadelstore.com\/it\/?s={search_term_string}"},"query-input":{"@type":"PropertyValueSpecification","valueRequired":true,"valueName":"search_term_string"}}],"inLanguage":"it-IT"},{"@type":"Organization","@id":"https:\/\/revolutionpadelstore.com\/it\/#organization","name":"Revolution Padel Store","url":"https:\/\/revolutionpadelstore.com\/it\/","logo":{"@type":"ImageObject","inLanguage":"it-IT","@id":"https:\/\/revolutionpadelstore.com\/it\/#\/schema\/logo\/image\/","url":"https:\/\/revolutionpadelstore.com\/wp-content\/uploads\/2026\/02\/revolution-padel-store.jpg","contentUrl":"https:\/\/revolutionpadelstore.com\/wp-content\/uploads\/2026\/02\/revolution-padel-store.jpg","width":2000,"height":2000,"caption":"Revolution Padel Store"},"image":{"@id":"https:\/\/revolutionpadelstore.com\/it\/#\/schema\/logo\/image\/"},"sameAs":["https:\/\/www.instagram.com\/revolutionpadelstore\/"]}]}},"_links":{"self":[{"href":"https:\/\/revolutionpadelstore.com\/it\/wp-json\/wp\/v2\/product\/119453","targetHints":{"allow":["GET"]}}],"collection":[{"href":"https:\/\/revolutionpadelstore.com\/it\/wp-json\/wp\/v2\/product"}],"about":[{"href":"https:\/\/revolutionpadelstore.com\/it\/wp-json\/wp\/v2\/types\/product"}],"replies":[{"embeddable":true,"href":"https:\/\/revolutionpadelstore.com\/it\/wp-json\/wp\/v2\/comments?post=119453"}],"wp:featuredmedia":[{"embeddable":true,"href":"https:\/\/revolutionpadelstore.com\/it\/wp-json\/wp\/v2\/media\/110599"}],"wp:attachment":[{"href":"https:\/\/revolutionpadelstore.com\/it\/wp-json\/wp\/v2\/media?parent=119453"}],"wp:term":[{"taxonomy":"acabado","embeddable":true,"href":"https:\/\/revolutionpadelstore.com\/it\/wp-json\/wp\/v2\/acabado?post=119453"},{"taxonomy":"balance","embeddable":true,"href":"https:\/\/revolutionpadelstore.com\/it\/wp-json\/wp\/v2\/balance?post=119453"},{"taxonomy":"dureza","embeddable":true,"href":"https:\/\/revolutionpadelstore.com\/it\/wp-json\/wp\/v2\/dureza?post=119453"},{"taxonomy":"forma","embeddable":true,"href":"https:\/\/revolutionpadelstore.com\/it\/wp-json\/wp\/v2\/forma?post=119453"},{"taxonomy":"jugador","embeddable":true,"href":"https:\/\/revolutionpadelstore.com\/it\/wp-json\/wp\/v2\/jugador?post=119453"},{"taxonomy":"marca","embeddable":true,"href":"https:\/\/revolutionpadelstore.com\/it\/wp-json\/wp\/v2\/marca?post=119453"},{"taxonomy":"nivel-de-juego","embeddable":true,"href":"https:\/\/revolutionpadelstore.com\/it\/wp-json\/wp\/v2\/nivel-de-juego?post=119453"},{"taxonomy":"superficie","embeddable":true,"href":"https:\/\/revolutionpadelstore.com\/it\/wp-json\/wp\/v2\/superficie?post=119453"},{"taxonomy":"tipo-de-juego","embeddable":true,"href":"https:\/\/revolutionpadelstore.com\/it\/wp-json\/wp\/v2\/tipo-de-juego?post=119453"},{"taxonomy":"product_brand","embeddable":true,"href":"https:\/\/revolutionpadelstore.com\/it\/wp-json\/wp\/v2\/product_brand?post=119453"},{"taxonomy":"product_cat","embeddable":true,"href":"https:\/\/revolutionpadelstore.com\/it\/wp-json\/wp\/v2\/product_cat?post=119453"},{"taxonomy":"product_tag","embeddable":true,"href":"https:\/\/revolutionpadelstore.com\/it\/wp-json\/wp\/v2\/product_tag?post=119453"}],"curies":[{"name":"wp","href":"https:\/\/api.w.org\/{rel}","templated":true}]}}