{"id":119442,"date":"2024-11-15T08:41:05","date_gmt":"2024-11-15T07:41:05","guid":{"rendered":"https:\/\/revolutionpadelstore.com\/paletero-nox-luxury-master-series-blanco-negro\/"},"modified":"2026-04-08T10:19:31","modified_gmt":"2026-04-08T08:19:31","slug":"paletero-nox-luxury-master-series-blanco-negro-4","status":"publish","type":"product","link":"https:\/\/revolutionpadelstore.com\/it\/prodotto\/paletero-nox-luxury-master-series-blanco-negro-4\/","title":{"rendered":"PALETERO NOX LUXURY MASTER SERIES BLANCO NEGRO"},"content":{"rendered":"<h2> Paletero NOX Luxury Master Series Nero, grande resistenza <\/h2>\n<p>La serie di noci master di lusso, in un elegante colore in bianco e nero, \u00e8 progettata per offrire un&#8217;esperienza d&#8217;uso unica. Prodotto con materiali tecnici a stato -del -arto e tessuti di alta qualit\u00e0, garantisce una grande resistenza all&#8217;usura e, allo stesso tempo, un peso pi\u00f9 leggero. Una combinazione perfetta di durata, stile e funzionalit\u00e0.<\/p>\n<p>Con una capacit\u00e0 di 60 litri e dimensioni di 60x30x35 cm, questo paletero ti consente di trasportare l&#8217;intero team senza lasciare nulla alle spalle. Il suo design include l&#8217;opzione zaino, ma con maniglie rimovibili, che offre grande versatilit\u00e0 e comfort nei trasporti.<\/p>\n<p><strong> base rigida e manico ergonomico <\/strong><\/p>\n<p>Questo Paletero si distingue per la sua eccellente capacit\u00e0 di stoccaggio, con un compartimento principale facilmente accessibile, grazie all&#8217;apertura laterale, dove \u00e8 possibile conservare fino a 3 pale, vestiti o qualsiasi altro accessorio sportivo. Ha anche un vano ventilato per le scarpe, consentendo una circolazione d&#8217;aria efficiente e mantiene il resto dell&#8217;attrezzatura pulita e asciutta.<\/p>\n<p>Inoltre, il Paletero incorpora due scomparti laterali: uno con una superficie rigida che fornisce una maggiore protezione e un&#8217;altra con diverse tasche per organizzare i tuoi oggetti personali e accedervi rapidamente. Ha anche un compartimento termico con tecnologia Termotch Nox, che mantiene le lame di paletta e altri oggetti sensibili alla temperatura in condizioni ottimali.<\/p>\n<p>Con la Luxury Master Series of Nox, avrai tutto il necessario per mantenere la tua squadra organizzata e sicura, mentre ti godi un design pratico e sofisticato.<\/p>\n<h2>Paletero Nox Luxury Master Series Blanco Negro, gran resistencia<\/h2>\n","protected":false},"excerpt":{"rendered":"<p>Scopri il nuovo Master di lusso Paletero Padel, progettato con il miglior materiale tessile e tecnico per ridurre il peso e aumentare la resistenza, offrendo una combinazione perfetta di stile, funzionalit\u00e0 e durata. In nero\/bianco.<\/p>\n","protected":false},"featured_media":110630,"comment_status":"open","ping_status":"closed","template":"","meta":{"_acf_changed":false,"_joinchat":[]},"acabado":[],"balance":[],"dureza":[],"forma":[],"jugador":[],"marca":[1261],"nivel-de-juego":[],"superficie":[],"tipo-de-juego":[],"product_brand":[],"product_cat":[318],"product_tag":[],"class_list":{"0":"post-119442","1":"product","2":"type-product","3":"status-publish","4":"has-post-thumbnail","6":"marca-nox-it","7":"product_cat-borse","9":"first","10":"outofstock","11":"sale","12":"taxable","13":"shipping-taxable","14":"purchasable","15":"product-type-simple"},"acf":[],"yoast_head":"<!-- This site is optimized with the Yoast SEO plugin v27.4 - https:\/\/yoast.com\/product\/yoast-seo-wordpress\/ -->\n<title>PALETERO NOX LUXURY MASTER SERIES BLANCO NEGRO - Revolution Padel Store<\/title>\n<meta name=\"description\" content=\"El Paletero Luxury Master Series de Nox, en un elegante color blanco y negro, est\u00e1 dise\u00f1ado para ofrecer una experiencia de uso inigualable. Fabricado con materiales t\u00e9cnicos de \u00faltima generaci\u00f3n y textiles de alta calidad, garantiza una gran resistencia al desgaste y, al mismo tiempo, un peso m\u00e1s ligero. Una combinaci\u00f3n perfecta de durabilidad, estilo y funcionalidad.\" \/>\n<meta name=\"robots\" content=\"index, follow, max-snippet:-1, max-image-preview:large, max-video-preview:-1\" \/>\n<link rel=\"canonical\" href=\"https:\/\/revolutionpadelstore.com\/it\/prodotto\/paletero-nox-luxury-master-series-blanco-negro-4\/\" \/>\n<meta property=\"og:locale\" content=\"it_IT\" \/>\n<meta property=\"og:type\" content=\"article\" \/>\n<meta property=\"og:title\" content=\"PALETERO NOX LUXURY MASTER SERIES BLANCO NEGRO - Revolution Padel Store\" \/>\n<meta property=\"og:description\" content=\"El Paletero Luxury Master Series de Nox, en un elegante color blanco y negro, est\u00e1 dise\u00f1ado para ofrecer una experiencia de uso inigualable. Fabricado con materiales t\u00e9cnicos de \u00faltima generaci\u00f3n y textiles de alta calidad, garantiza una gran resistencia al desgaste y, al mismo tiempo, un peso m\u00e1s ligero. Una combinaci\u00f3n perfecta de durabilidad, estilo y funcionalidad.\" \/>\n<meta property=\"og:url\" content=\"https:\/\/revolutionpadelstore.com\/it\/prodotto\/paletero-nox-luxury-master-series-blanco-negro-4\/\" \/>\n<meta property=\"og:site_name\" content=\"Revolution Padel Store\" \/>\n<meta property=\"article:modified_time\" content=\"2026-04-08T08:19:31+00:00\" \/>\n<meta property=\"og:image\" content=\"https:\/\/revolutionpadelstore.com\/wp-content\/uploads\/2024\/11\/113157_paletero_nox_luxury_master_series_bpluxmaster_1500x1500_1_a40c.webp\" \/>\n\t<meta property=\"og:image:width\" content=\"1500\" \/>\n\t<meta property=\"og:image:height\" content=\"1500\" \/>\n\t<meta property=\"og:image:type\" content=\"image\/webp\" \/>\n<meta name=\"twitter:card\" content=\"summary_large_image\" \/>\n<meta name=\"twitter:label1\" content=\"Tempo di lettura stimato\" \/>\n\t<meta name=\"twitter:data1\" content=\"1 minuto\" \/>\n<script type=\"application\/ld+json\" class=\"yoast-schema-graph\">{\"@context\":\"https:\\\/\\\/schema.org\",\"@graph\":[{\"@type\":\"WebPage\",\"@id\":\"https:\\\/\\\/revolutionpadelstore.com\\\/it\\\/prodotto\\\/paletero-nox-luxury-master-series-blanco-negro-4\\\/\",\"url\":\"https:\\\/\\\/revolutionpadelstore.com\\\/it\\\/prodotto\\\/paletero-nox-luxury-master-series-blanco-negro-4\\\/\",\"name\":\"PALETERO NOX LUXURY MASTER SERIES BLANCO NEGRO - Revolution Padel Store\",\"isPartOf\":{\"@id\":\"https:\\\/\\\/revolutionpadelstore.com\\\/it\\\/#website\"},\"primaryImageOfPage\":{\"@id\":\"https:\\\/\\\/revolutionpadelstore.com\\\/it\\\/prodotto\\\/paletero-nox-luxury-master-series-blanco-negro-4\\\/#primaryimage\"},\"image\":{\"@id\":\"https:\\\/\\\/revolutionpadelstore.com\\\/it\\\/prodotto\\\/paletero-nox-luxury-master-series-blanco-negro-4\\\/#primaryimage\"},\"thumbnailUrl\":\"https:\\\/\\\/revolutionpadelstore.com\\\/wp-content\\\/uploads\\\/2024\\\/11\\\/113157_paletero_nox_luxury_master_series_bpluxmaster_1500x1500_1_a40c.webp\",\"datePublished\":\"2024-11-15T07:41:05+00:00\",\"dateModified\":\"2026-04-08T08:19:31+00:00\",\"description\":\"El Paletero Luxury Master Series de Nox, en un elegante color blanco y negro, est\u00e1 dise\u00f1ado para ofrecer una experiencia de uso inigualable. Fabricado con materiales t\u00e9cnicos de \u00faltima generaci\u00f3n y textiles de alta calidad, garantiza una gran resistencia al desgaste y, al mismo tiempo, un peso m\u00e1s ligero. Una combinaci\u00f3n perfecta de durabilidad, estilo y funcionalidad.\",\"breadcrumb\":{\"@id\":\"https:\\\/\\\/revolutionpadelstore.com\\\/it\\\/prodotto\\\/paletero-nox-luxury-master-series-blanco-negro-4\\\/#breadcrumb\"},\"inLanguage\":\"it-IT\",\"potentialAction\":[{\"@type\":\"ReadAction\",\"target\":[\"https:\\\/\\\/revolutionpadelstore.com\\\/it\\\/prodotto\\\/paletero-nox-luxury-master-series-blanco-negro-4\\\/\"]}]},{\"@type\":\"ImageObject\",\"inLanguage\":\"it-IT\",\"@id\":\"https:\\\/\\\/revolutionpadelstore.com\\\/it\\\/prodotto\\\/paletero-nox-luxury-master-series-blanco-negro-4\\\/#primaryimage\",\"url\":\"https:\\\/\\\/revolutionpadelstore.com\\\/wp-content\\\/uploads\\\/2024\\\/11\\\/113157_paletero_nox_luxury_master_series_bpluxmaster_1500x1500_1_a40c.webp\",\"contentUrl\":\"https:\\\/\\\/revolutionpadelstore.com\\\/wp-content\\\/uploads\\\/2024\\\/11\\\/113157_paletero_nox_luxury_master_series_bpluxmaster_1500x1500_1_a40c.webp\",\"width\":1500,\"height\":1500},{\"@type\":\"BreadcrumbList\",\"@id\":\"https:\\\/\\\/revolutionpadelstore.com\\\/it\\\/prodotto\\\/paletero-nox-luxury-master-series-blanco-negro-4\\\/#breadcrumb\",\"itemListElement\":[{\"@type\":\"ListItem\",\"position\":1,\"name\":\"Portada\",\"item\":\"https:\\\/\\\/revolutionpadelstore.com\\\/it\\\/\"},{\"@type\":\"ListItem\",\"position\":2,\"name\":\"Tienda\",\"item\":\"https:\\\/\\\/revolutionpadelstore.com\\\/it\\\/tienda\\\/\"},{\"@type\":\"ListItem\",\"position\":3,\"name\":\"PALETERO NOX LUXURY MASTER SERIES BLANCO NEGRO\"}]},{\"@type\":\"WebSite\",\"@id\":\"https:\\\/\\\/revolutionpadelstore.com\\\/it\\\/#website\",\"url\":\"https:\\\/\\\/revolutionpadelstore.com\\\/it\\\/\",\"name\":\"Revolution Padel Store\",\"description\":\"\",\"publisher\":{\"@id\":\"https:\\\/\\\/revolutionpadelstore.com\\\/it\\\/#organization\"},\"potentialAction\":[{\"@type\":\"SearchAction\",\"target\":{\"@type\":\"EntryPoint\",\"urlTemplate\":\"https:\\\/\\\/revolutionpadelstore.com\\\/it\\\/?s={search_term_string}\"},\"query-input\":{\"@type\":\"PropertyValueSpecification\",\"valueRequired\":true,\"valueName\":\"search_term_string\"}}],\"inLanguage\":\"it-IT\"},{\"@type\":\"Organization\",\"@id\":\"https:\\\/\\\/revolutionpadelstore.com\\\/it\\\/#organization\",\"name\":\"Revolution Padel Store\",\"url\":\"https:\\\/\\\/revolutionpadelstore.com\\\/it\\\/\",\"logo\":{\"@type\":\"ImageObject\",\"inLanguage\":\"it-IT\",\"@id\":\"https:\\\/\\\/revolutionpadelstore.com\\\/it\\\/#\\\/schema\\\/logo\\\/image\\\/\",\"url\":\"https:\\\/\\\/revolutionpadelstore.com\\\/wp-content\\\/uploads\\\/2026\\\/02\\\/revolution-padel-store.jpg\",\"contentUrl\":\"https:\\\/\\\/revolutionpadelstore.com\\\/wp-content\\\/uploads\\\/2026\\\/02\\\/revolution-padel-store.jpg\",\"width\":2000,\"height\":2000,\"caption\":\"Revolution Padel Store\"},\"image\":{\"@id\":\"https:\\\/\\\/revolutionpadelstore.com\\\/it\\\/#\\\/schema\\\/logo\\\/image\\\/\"},\"sameAs\":[\"https:\\\/\\\/www.instagram.com\\\/revolutionpadelstore\\\/\"]}]}<\/script>\n<!-- \/ Yoast SEO plugin. -->","yoast_head_json":{"title":"PALETERO NOX LUXURY MASTER SERIES BLANCO NEGRO - Revolution Padel Store","description":"El Paletero Luxury Master Series de Nox, en un elegante color blanco y negro, est\u00e1 dise\u00f1ado para ofrecer una experiencia de uso inigualable. Fabricado con materiales t\u00e9cnicos de \u00faltima generaci\u00f3n y textiles de alta calidad, garantiza una gran resistencia al desgaste y, al mismo tiempo, un peso m\u00e1s ligero. Una combinaci\u00f3n perfecta de durabilidad, estilo y funcionalidad.","robots":{"index":"index","follow":"follow","max-snippet":"max-snippet:-1","max-image-preview":"max-image-preview:large","max-video-preview":"max-video-preview:-1"},"canonical":"https:\/\/revolutionpadelstore.com\/it\/prodotto\/paletero-nox-luxury-master-series-blanco-negro-4\/","og_locale":"it_IT","og_type":"article","og_title":"PALETERO NOX LUXURY MASTER SERIES BLANCO NEGRO - Revolution Padel Store","og_description":"El Paletero Luxury Master Series de Nox, en un elegante color blanco y negro, est\u00e1 dise\u00f1ado para ofrecer una experiencia de uso inigualable. Fabricado con materiales t\u00e9cnicos de \u00faltima generaci\u00f3n y textiles de alta calidad, garantiza una gran resistencia al desgaste y, al mismo tiempo, un peso m\u00e1s ligero. Una combinaci\u00f3n perfecta de durabilidad, estilo y funcionalidad.","og_url":"https:\/\/revolutionpadelstore.com\/it\/prodotto\/paletero-nox-luxury-master-series-blanco-negro-4\/","og_site_name":"Revolution Padel Store","article_modified_time":"2026-04-08T08:19:31+00:00","og_image":[{"width":1500,"height":1500,"url":"https:\/\/revolutionpadelstore.com\/wp-content\/uploads\/2024\/11\/113157_paletero_nox_luxury_master_series_bpluxmaster_1500x1500_1_a40c.webp","type":"image\/webp"}],"twitter_card":"summary_large_image","twitter_misc":{"Tempo di lettura stimato":"1 minuto"},"schema":{"@context":"https:\/\/schema.org","@graph":[{"@type":"WebPage","@id":"https:\/\/revolutionpadelstore.com\/it\/prodotto\/paletero-nox-luxury-master-series-blanco-negro-4\/","url":"https:\/\/revolutionpadelstore.com\/it\/prodotto\/paletero-nox-luxury-master-series-blanco-negro-4\/","name":"PALETERO NOX LUXURY MASTER SERIES BLANCO NEGRO - Revolution Padel Store","isPartOf":{"@id":"https:\/\/revolutionpadelstore.com\/it\/#website"},"primaryImageOfPage":{"@id":"https:\/\/revolutionpadelstore.com\/it\/prodotto\/paletero-nox-luxury-master-series-blanco-negro-4\/#primaryimage"},"image":{"@id":"https:\/\/revolutionpadelstore.com\/it\/prodotto\/paletero-nox-luxury-master-series-blanco-negro-4\/#primaryimage"},"thumbnailUrl":"https:\/\/revolutionpadelstore.com\/wp-content\/uploads\/2024\/11\/113157_paletero_nox_luxury_master_series_bpluxmaster_1500x1500_1_a40c.webp","datePublished":"2024-11-15T07:41:05+00:00","dateModified":"2026-04-08T08:19:31+00:00","description":"El Paletero Luxury Master Series de Nox, en un elegante color blanco y negro, est\u00e1 dise\u00f1ado para ofrecer una experiencia de uso inigualable. Fabricado con materiales t\u00e9cnicos de \u00faltima generaci\u00f3n y textiles de alta calidad, garantiza una gran resistencia al desgaste y, al mismo tiempo, un peso m\u00e1s ligero. Una combinaci\u00f3n perfecta de durabilidad, estilo y funcionalidad.","breadcrumb":{"@id":"https:\/\/revolutionpadelstore.com\/it\/prodotto\/paletero-nox-luxury-master-series-blanco-negro-4\/#breadcrumb"},"inLanguage":"it-IT","potentialAction":[{"@type":"ReadAction","target":["https:\/\/revolutionpadelstore.com\/it\/prodotto\/paletero-nox-luxury-master-series-blanco-negro-4\/"]}]},{"@type":"ImageObject","inLanguage":"it-IT","@id":"https:\/\/revolutionpadelstore.com\/it\/prodotto\/paletero-nox-luxury-master-series-blanco-negro-4\/#primaryimage","url":"https:\/\/revolutionpadelstore.com\/wp-content\/uploads\/2024\/11\/113157_paletero_nox_luxury_master_series_bpluxmaster_1500x1500_1_a40c.webp","contentUrl":"https:\/\/revolutionpadelstore.com\/wp-content\/uploads\/2024\/11\/113157_paletero_nox_luxury_master_series_bpluxmaster_1500x1500_1_a40c.webp","width":1500,"height":1500},{"@type":"BreadcrumbList","@id":"https:\/\/revolutionpadelstore.com\/it\/prodotto\/paletero-nox-luxury-master-series-blanco-negro-4\/#breadcrumb","itemListElement":[{"@type":"ListItem","position":1,"name":"Portada","item":"https:\/\/revolutionpadelstore.com\/it\/"},{"@type":"ListItem","position":2,"name":"Tienda","item":"https:\/\/revolutionpadelstore.com\/it\/tienda\/"},{"@type":"ListItem","position":3,"name":"PALETERO NOX LUXURY MASTER SERIES BLANCO NEGRO"}]},{"@type":"WebSite","@id":"https:\/\/revolutionpadelstore.com\/it\/#website","url":"https:\/\/revolutionpadelstore.com\/it\/","name":"Revolution Padel Store","description":"","publisher":{"@id":"https:\/\/revolutionpadelstore.com\/it\/#organization"},"potentialAction":[{"@type":"SearchAction","target":{"@type":"EntryPoint","urlTemplate":"https:\/\/revolutionpadelstore.com\/it\/?s={search_term_string}"},"query-input":{"@type":"PropertyValueSpecification","valueRequired":true,"valueName":"search_term_string"}}],"inLanguage":"it-IT"},{"@type":"Organization","@id":"https:\/\/revolutionpadelstore.com\/it\/#organization","name":"Revolution Padel Store","url":"https:\/\/revolutionpadelstore.com\/it\/","logo":{"@type":"ImageObject","inLanguage":"it-IT","@id":"https:\/\/revolutionpadelstore.com\/it\/#\/schema\/logo\/image\/","url":"https:\/\/revolutionpadelstore.com\/wp-content\/uploads\/2026\/02\/revolution-padel-store.jpg","contentUrl":"https:\/\/revolutionpadelstore.com\/wp-content\/uploads\/2026\/02\/revolution-padel-store.jpg","width":2000,"height":2000,"caption":"Revolution Padel Store"},"image":{"@id":"https:\/\/revolutionpadelstore.com\/it\/#\/schema\/logo\/image\/"},"sameAs":["https:\/\/www.instagram.com\/revolutionpadelstore\/"]}]}},"_links":{"self":[{"href":"https:\/\/revolutionpadelstore.com\/it\/wp-json\/wp\/v2\/product\/119442","targetHints":{"allow":["GET"]}}],"collection":[{"href":"https:\/\/revolutionpadelstore.com\/it\/wp-json\/wp\/v2\/product"}],"about":[{"href":"https:\/\/revolutionpadelstore.com\/it\/wp-json\/wp\/v2\/types\/product"}],"replies":[{"embeddable":true,"href":"https:\/\/revolutionpadelstore.com\/it\/wp-json\/wp\/v2\/comments?post=119442"}],"wp:featuredmedia":[{"embeddable":true,"href":"https:\/\/revolutionpadelstore.com\/it\/wp-json\/wp\/v2\/media\/110630"}],"wp:attachment":[{"href":"https:\/\/revolutionpadelstore.com\/it\/wp-json\/wp\/v2\/media?parent=119442"}],"wp:term":[{"taxonomy":"acabado","embeddable":true,"href":"https:\/\/revolutionpadelstore.com\/it\/wp-json\/wp\/v2\/acabado?post=119442"},{"taxonomy":"balance","embeddable":true,"href":"https:\/\/revolutionpadelstore.com\/it\/wp-json\/wp\/v2\/balance?post=119442"},{"taxonomy":"dureza","embeddable":true,"href":"https:\/\/revolutionpadelstore.com\/it\/wp-json\/wp\/v2\/dureza?post=119442"},{"taxonomy":"forma","embeddable":true,"href":"https:\/\/revolutionpadelstore.com\/it\/wp-json\/wp\/v2\/forma?post=119442"},{"taxonomy":"jugador","embeddable":true,"href":"https:\/\/revolutionpadelstore.com\/it\/wp-json\/wp\/v2\/jugador?post=119442"},{"taxonomy":"marca","embeddable":true,"href":"https:\/\/revolutionpadelstore.com\/it\/wp-json\/wp\/v2\/marca?post=119442"},{"taxonomy":"nivel-de-juego","embeddable":true,"href":"https:\/\/revolutionpadelstore.com\/it\/wp-json\/wp\/v2\/nivel-de-juego?post=119442"},{"taxonomy":"superficie","embeddable":true,"href":"https:\/\/revolutionpadelstore.com\/it\/wp-json\/wp\/v2\/superficie?post=119442"},{"taxonomy":"tipo-de-juego","embeddable":true,"href":"https:\/\/revolutionpadelstore.com\/it\/wp-json\/wp\/v2\/tipo-de-juego?post=119442"},{"taxonomy":"product_brand","embeddable":true,"href":"https:\/\/revolutionpadelstore.com\/it\/wp-json\/wp\/v2\/product_brand?post=119442"},{"taxonomy":"product_cat","embeddable":true,"href":"https:\/\/revolutionpadelstore.com\/it\/wp-json\/wp\/v2\/product_cat?post=119442"},{"taxonomy":"product_tag","embeddable":true,"href":"https:\/\/revolutionpadelstore.com\/it\/wp-json\/wp\/v2\/product_tag?post=119442"}],"curies":[{"name":"wp","href":"https:\/\/api.w.org\/{rel}","templated":true}]}}