{"id":11156,"date":"2024-06-17T23:43:03","date_gmt":"2024-06-17T21:43:03","guid":{"rendered":"https:\/\/revolutionpadelstore.com\/head-extreme-motion-ltd-paula-josemaria\/"},"modified":"2026-04-12T02:01:54","modified_gmt":"2026-04-12T00:01:54","slug":"head-extreme-motion-ltd-paula-josemaria-4","status":"publish","type":"product","link":"https:\/\/revolutionpadelstore.com\/it\/prodotto\/head-extreme-motion-ltd-paula-josemaria-4\/","title":{"rendered":"HEAD EXTREME MOTION LTD \u2013 PAULA JOSEMAR\u00cdA"},"content":{"rendered":"<p>Basata sul modello Extreme Motion, con le stesse caratteristiche e tecnologie, la racchetta EXTREME MOTION LTD PAULA JOSEMAR\u00cdA nella sua edizione limitata incorpora un design esclusivo per la numero 1 del mondo, &#8216;Paulita Dinamita&#8217;. Il suo carattere dinamite \u00e8 stato incorporato nel design della lama, cos\u00ec come nel motivo degli effetti sulla decalcomania 3D. In qualit\u00e0 di co-designer, Paula ha scelto i colori per questa racchetta in edizione limitata, che include il suo caratteristico design elegante ed esclusivo. Questa racchetta, realizzata con uno stampo a forma di diamante, \u00e8 perfetta per i giocatori avanzati e professionisti che cercano una racchetta dalla potenza gestibile.<\/p>\n<p>\u00b7 Edizione limitata co-progettata dalla numero uno al mondo, Paula Josemar\u00eda<br \/>\n\u00b7 Colori eleganti ed esclusivi scelti da Paula<br \/>\n\u00b7 Design con la firma di Paula e il personaggio di &#8216;Paulita Dinamita&#8217;<br \/>\n\u00b7 Realizzata per giocatori avanzati e professionisti che cercano potenza e manovrabilit\u00e0<br \/>\n\u00b7 Stampo a forma di diamante<br \/>\n\u00b7 Basato sul modello Extreme Motion, con le stesse caratteristiche e tecnologie<br \/>\n\u00b7 Include per la prima volta l&#8217;accessorio Pro Spin Strips, nuove strisce adesive con superficie ruvida per generare pi\u00f9 presa ed effetti sulla palla<\/p>\n<p>TECNOLOGIE<\/p>\n<p>La costruzione auxetica ha una deformazione unica rispetto alle costruzioni non auxetiche. Le costruzioni auxetiche si allargano quando viene applicata una forza di &#8220;trazione&#8221; e si contraggono quando vengono compresse. Maggiore \u00e8 la forza applicata, maggiore \u00e8 la reazione auxetica.<\/p>\n<p>La gomma POWER FOAM \u00e8 progettata per ottenere la massima potenza e forza, potenziando i colpi offensivi come smash, X3 o X4.<\/p>\n<p>EXTREME SPIN \u00e8 una ruvida tecnologia di decalcomanie 3D che massimizza lo spin e la presa sulla palla.<\/p>\n<p>La tecnologia SWEET SPOT OTTIMIZZATA adatta lo schema dei fori a ciascuna lama per espandere l&#8217;area dello sweet spot.<\/p>\n<p>La tecnologia SMART BRIDGE consiste nella costruzione individualizzata dell&#8217;area del ponte inclusa nello stampo, adattandosi alle caratteristiche di ogni racchetta in base alla sua giocabilit\u00e0.<\/p>\n<p>Non avendo un tubolare, il telaio della racchetta \u00e8 meticolosamente progettato e realizzato su misura per ogni racchetta per prestazioni ottimali, consentendo di massimizzare le prestazioni di ogni racchetta.<\/p>\n<p>Il nuovo cappuccio \u00e8 realizzato in materiale morbido che fornisce una presa comoda e morbida.<\/p>\n<p>Con finitura arancione, serve a ridurre le vibrazioni e ridurre la pressione, prevenendo lesioni e vesciche alle mani.<\/p>\n<p>Protettore trasparente che aumenta la durata della racchetta, proteggendola da urti e graffi. Pu\u00f2 anche essere sostituito facilmente, massimizzando la durata.<\/p>\n<p>Il grafene rinforza il telaio, fornisce maggiore stabilit\u00e0 e ottimizza la uscita della palla.<\/p>\n","protected":false},"excerpt":{"rendered":"<p>L&#8217;edizione limitata della racchetta EXTREME MOTION LTD PAULA JOSEMAR\u00cdA si impegna in un design esclusivo ed elegante, con dettagli unici, per &#8216;Paulita Dinamita&#8217;, numero 1 al mondo.<\/p>\n","protected":false},"featured_media":293081,"comment_status":"open","ping_status":"closed","template":"","meta":{"_acf_changed":false,"_joinchat":[]},"acabado":[1091],"balance":[1136,1141],"dureza":[1161,1156],"forma":[1171],"jugador":[1196],"marca":[1221],"nivel-de-juego":[1336],"superficie":[1361],"tipo-de-juego":[1376],"product_brand":[],"product_cat":[301],"product_tag":[],"class_list":{"0":"post-11156","1":"product","2":"type-product","3":"status-publish","4":"has-post-thumbnail","6":"acabado-relieve-3d-it","7":"balance-alto-it","8":"balance-medio-it","9":"dureza-dura-it","10":"dureza-media-it","11":"forma-diamante-it","12":"jugador-mujer-it","13":"marca-testa","14":"superficie-rugosa-it","15":"tipo-de-juego-potenza","16":"product_cat-palas-de-padel-it","18":"first","19":"instock","20":"sale","21":"taxable","22":"shipping-taxable","23":"purchasable","24":"product-type-simple"},"acf":[],"yoast_head":"<!-- This site is optimized with the Yoast SEO plugin v27.4 - https:\/\/yoast.com\/product\/yoast-seo-wordpress\/ -->\n<title>HEAD EXTREME MOTION LTD \u2013 PAULA JOSEMAR\u00cdA - Revolution Padel Store<\/title>\n<meta name=\"description\" content=\"La pala EXTREME MOTION LTD PAULA JOSEMAR\u00cdA de edici\u00f3n limitada apuesta por un dise\u00f1o exclusivo y elegante, con detalles \u00fanicos, para &#039;Paulita Dinamita&#039;, n\u00famero 1 del mundo.\" \/>\n<meta name=\"robots\" content=\"index, follow, max-snippet:-1, max-image-preview:large, max-video-preview:-1\" \/>\n<link rel=\"canonical\" href=\"https:\/\/revolutionpadelstore.com\/it\/prodotto\/head-extreme-motion-ltd-paula-josemaria-4\/\" \/>\n<meta property=\"og:locale\" content=\"it_IT\" \/>\n<meta property=\"og:type\" content=\"article\" \/>\n<meta property=\"og:title\" content=\"COMPRAR HEAD EXTREME MOTION LTD - PAULA JOSEMAR\u00cdA\" \/>\n<meta property=\"og:description\" content=\"La pala EXTREME MOTION LTD PAULA JOSEMAR\u00cdA de edici\u00f3n limitada apuesta por un dise\u00f1o exclusivo y elegante, con detalles \u00fanicos, para &#039;Paulita Dinamita&#039;, n\u00famero 1 del mundo.\" \/>\n<meta property=\"og:url\" content=\"https:\/\/revolutionpadelstore.com\/it\/prodotto\/head-extreme-motion-ltd-paula-josemaria-4\/\" \/>\n<meta property=\"og:site_name\" content=\"Revolution Padel Store\" \/>\n<meta property=\"article:modified_time\" content=\"2026-04-12T00:01:54+00:00\" \/>\n<meta property=\"og:image\" content=\"https:\/\/revolutionpadelstore.com\/wp-content\/uploads\/2024\/06\/496.png\" \/>\n\t<meta property=\"og:image:width\" content=\"1500\" \/>\n\t<meta property=\"og:image:height\" content=\"1500\" \/>\n\t<meta property=\"og:image:type\" content=\"image\/png\" \/>\n<meta name=\"twitter:card\" content=\"summary_large_image\" \/>\n<meta name=\"twitter:label1\" content=\"Tempo di lettura stimato\" \/>\n\t<meta name=\"twitter:data1\" content=\"3 minuti\" \/>\n<script type=\"application\/ld+json\" class=\"yoast-schema-graph\">{\"@context\":\"https:\\\/\\\/schema.org\",\"@graph\":[{\"@type\":\"WebPage\",\"@id\":\"https:\\\/\\\/revolutionpadelstore.com\\\/it\\\/prodotto\\\/head-extreme-motion-ltd-paula-josemaria-4\\\/\",\"url\":\"https:\\\/\\\/revolutionpadelstore.com\\\/it\\\/prodotto\\\/head-extreme-motion-ltd-paula-josemaria-4\\\/\",\"name\":\"HEAD EXTREME MOTION LTD \u2013 PAULA JOSEMAR\u00cdA - Revolution Padel Store\",\"isPartOf\":{\"@id\":\"https:\\\/\\\/revolutionpadelstore.com\\\/it\\\/#website\"},\"primaryImageOfPage\":{\"@id\":\"https:\\\/\\\/revolutionpadelstore.com\\\/it\\\/prodotto\\\/head-extreme-motion-ltd-paula-josemaria-4\\\/#primaryimage\"},\"image\":{\"@id\":\"https:\\\/\\\/revolutionpadelstore.com\\\/it\\\/prodotto\\\/head-extreme-motion-ltd-paula-josemaria-4\\\/#primaryimage\"},\"thumbnailUrl\":\"https:\\\/\\\/revolutionpadelstore.com\\\/wp-content\\\/uploads\\\/2024\\\/06\\\/496.png\",\"datePublished\":\"2024-06-17T21:43:03+00:00\",\"dateModified\":\"2026-04-12T00:01:54+00:00\",\"description\":\"La pala EXTREME MOTION LTD PAULA JOSEMAR\u00cdA de edici\u00f3n limitada apuesta por un dise\u00f1o exclusivo y elegante, con detalles \u00fanicos, para 'Paulita Dinamita', n\u00famero 1 del mundo.\",\"breadcrumb\":{\"@id\":\"https:\\\/\\\/revolutionpadelstore.com\\\/it\\\/prodotto\\\/head-extreme-motion-ltd-paula-josemaria-4\\\/#breadcrumb\"},\"inLanguage\":\"it-IT\",\"potentialAction\":[{\"@type\":\"ReadAction\",\"target\":[\"https:\\\/\\\/revolutionpadelstore.com\\\/it\\\/prodotto\\\/head-extreme-motion-ltd-paula-josemaria-4\\\/\"]}]},{\"@type\":\"ImageObject\",\"inLanguage\":\"it-IT\",\"@id\":\"https:\\\/\\\/revolutionpadelstore.com\\\/it\\\/prodotto\\\/head-extreme-motion-ltd-paula-josemaria-4\\\/#primaryimage\",\"url\":\"https:\\\/\\\/revolutionpadelstore.com\\\/wp-content\\\/uploads\\\/2024\\\/06\\\/496.png\",\"contentUrl\":\"https:\\\/\\\/revolutionpadelstore.com\\\/wp-content\\\/uploads\\\/2024\\\/06\\\/496.png\",\"width\":1500,\"height\":1500},{\"@type\":\"BreadcrumbList\",\"@id\":\"https:\\\/\\\/revolutionpadelstore.com\\\/it\\\/prodotto\\\/head-extreme-motion-ltd-paula-josemaria-4\\\/#breadcrumb\",\"itemListElement\":[{\"@type\":\"ListItem\",\"position\":1,\"name\":\"Portada\",\"item\":\"https:\\\/\\\/revolutionpadelstore.com\\\/it\\\/\"},{\"@type\":\"ListItem\",\"position\":2,\"name\":\"Tienda\",\"item\":\"https:\\\/\\\/revolutionpadelstore.com\\\/it\\\/tienda\\\/\"},{\"@type\":\"ListItem\",\"position\":3,\"name\":\"HEAD EXTREME MOTION LTD \u2013 PAULA JOSEMAR\u00cdA\"}]},{\"@type\":\"WebSite\",\"@id\":\"https:\\\/\\\/revolutionpadelstore.com\\\/it\\\/#website\",\"url\":\"https:\\\/\\\/revolutionpadelstore.com\\\/it\\\/\",\"name\":\"Revolution Padel Store\",\"description\":\"\",\"publisher\":{\"@id\":\"https:\\\/\\\/revolutionpadelstore.com\\\/it\\\/#organization\"},\"potentialAction\":[{\"@type\":\"SearchAction\",\"target\":{\"@type\":\"EntryPoint\",\"urlTemplate\":\"https:\\\/\\\/revolutionpadelstore.com\\\/it\\\/?s={search_term_string}\"},\"query-input\":{\"@type\":\"PropertyValueSpecification\",\"valueRequired\":true,\"valueName\":\"search_term_string\"}}],\"inLanguage\":\"it-IT\"},{\"@type\":\"Organization\",\"@id\":\"https:\\\/\\\/revolutionpadelstore.com\\\/it\\\/#organization\",\"name\":\"Revolution Padel Store\",\"url\":\"https:\\\/\\\/revolutionpadelstore.com\\\/it\\\/\",\"logo\":{\"@type\":\"ImageObject\",\"inLanguage\":\"it-IT\",\"@id\":\"https:\\\/\\\/revolutionpadelstore.com\\\/it\\\/#\\\/schema\\\/logo\\\/image\\\/\",\"url\":\"https:\\\/\\\/revolutionpadelstore.com\\\/wp-content\\\/uploads\\\/2026\\\/02\\\/revolution-padel-store.jpg\",\"contentUrl\":\"https:\\\/\\\/revolutionpadelstore.com\\\/wp-content\\\/uploads\\\/2026\\\/02\\\/revolution-padel-store.jpg\",\"width\":2000,\"height\":2000,\"caption\":\"Revolution Padel Store\"},\"image\":{\"@id\":\"https:\\\/\\\/revolutionpadelstore.com\\\/it\\\/#\\\/schema\\\/logo\\\/image\\\/\"},\"sameAs\":[\"https:\\\/\\\/www.instagram.com\\\/revolutionpadelstore\\\/\"]}]}<\/script>\n<!-- \/ Yoast SEO plugin. -->","yoast_head_json":{"title":"HEAD EXTREME MOTION LTD \u2013 PAULA JOSEMAR\u00cdA - Revolution Padel Store","description":"La pala EXTREME MOTION LTD PAULA JOSEMAR\u00cdA de edici\u00f3n limitada apuesta por un dise\u00f1o exclusivo y elegante, con detalles \u00fanicos, para 'Paulita Dinamita', n\u00famero 1 del mundo.","robots":{"index":"index","follow":"follow","max-snippet":"max-snippet:-1","max-image-preview":"max-image-preview:large","max-video-preview":"max-video-preview:-1"},"canonical":"https:\/\/revolutionpadelstore.com\/it\/prodotto\/head-extreme-motion-ltd-paula-josemaria-4\/","og_locale":"it_IT","og_type":"article","og_title":"COMPRAR HEAD EXTREME MOTION LTD - PAULA JOSEMAR\u00cdA","og_description":"La pala EXTREME MOTION LTD PAULA JOSEMAR\u00cdA de edici\u00f3n limitada apuesta por un dise\u00f1o exclusivo y elegante, con detalles \u00fanicos, para 'Paulita Dinamita', n\u00famero 1 del mundo.","og_url":"https:\/\/revolutionpadelstore.com\/it\/prodotto\/head-extreme-motion-ltd-paula-josemaria-4\/","og_site_name":"Revolution Padel Store","article_modified_time":"2026-04-12T00:01:54+00:00","og_image":[{"width":1500,"height":1500,"url":"https:\/\/revolutionpadelstore.com\/wp-content\/uploads\/2024\/06\/496.png","type":"image\/png"}],"twitter_card":"summary_large_image","twitter_misc":{"Tempo di lettura stimato":"3 minuti"},"schema":{"@context":"https:\/\/schema.org","@graph":[{"@type":"WebPage","@id":"https:\/\/revolutionpadelstore.com\/it\/prodotto\/head-extreme-motion-ltd-paula-josemaria-4\/","url":"https:\/\/revolutionpadelstore.com\/it\/prodotto\/head-extreme-motion-ltd-paula-josemaria-4\/","name":"HEAD EXTREME MOTION LTD \u2013 PAULA JOSEMAR\u00cdA - Revolution Padel Store","isPartOf":{"@id":"https:\/\/revolutionpadelstore.com\/it\/#website"},"primaryImageOfPage":{"@id":"https:\/\/revolutionpadelstore.com\/it\/prodotto\/head-extreme-motion-ltd-paula-josemaria-4\/#primaryimage"},"image":{"@id":"https:\/\/revolutionpadelstore.com\/it\/prodotto\/head-extreme-motion-ltd-paula-josemaria-4\/#primaryimage"},"thumbnailUrl":"https:\/\/revolutionpadelstore.com\/wp-content\/uploads\/2024\/06\/496.png","datePublished":"2024-06-17T21:43:03+00:00","dateModified":"2026-04-12T00:01:54+00:00","description":"La pala EXTREME MOTION LTD PAULA JOSEMAR\u00cdA de edici\u00f3n limitada apuesta por un dise\u00f1o exclusivo y elegante, con detalles \u00fanicos, para 'Paulita Dinamita', n\u00famero 1 del mundo.","breadcrumb":{"@id":"https:\/\/revolutionpadelstore.com\/it\/prodotto\/head-extreme-motion-ltd-paula-josemaria-4\/#breadcrumb"},"inLanguage":"it-IT","potentialAction":[{"@type":"ReadAction","target":["https:\/\/revolutionpadelstore.com\/it\/prodotto\/head-extreme-motion-ltd-paula-josemaria-4\/"]}]},{"@type":"ImageObject","inLanguage":"it-IT","@id":"https:\/\/revolutionpadelstore.com\/it\/prodotto\/head-extreme-motion-ltd-paula-josemaria-4\/#primaryimage","url":"https:\/\/revolutionpadelstore.com\/wp-content\/uploads\/2024\/06\/496.png","contentUrl":"https:\/\/revolutionpadelstore.com\/wp-content\/uploads\/2024\/06\/496.png","width":1500,"height":1500},{"@type":"BreadcrumbList","@id":"https:\/\/revolutionpadelstore.com\/it\/prodotto\/head-extreme-motion-ltd-paula-josemaria-4\/#breadcrumb","itemListElement":[{"@type":"ListItem","position":1,"name":"Portada","item":"https:\/\/revolutionpadelstore.com\/it\/"},{"@type":"ListItem","position":2,"name":"Tienda","item":"https:\/\/revolutionpadelstore.com\/it\/tienda\/"},{"@type":"ListItem","position":3,"name":"HEAD EXTREME MOTION LTD \u2013 PAULA JOSEMAR\u00cdA"}]},{"@type":"WebSite","@id":"https:\/\/revolutionpadelstore.com\/it\/#website","url":"https:\/\/revolutionpadelstore.com\/it\/","name":"Revolution Padel Store","description":"","publisher":{"@id":"https:\/\/revolutionpadelstore.com\/it\/#organization"},"potentialAction":[{"@type":"SearchAction","target":{"@type":"EntryPoint","urlTemplate":"https:\/\/revolutionpadelstore.com\/it\/?s={search_term_string}"},"query-input":{"@type":"PropertyValueSpecification","valueRequired":true,"valueName":"search_term_string"}}],"inLanguage":"it-IT"},{"@type":"Organization","@id":"https:\/\/revolutionpadelstore.com\/it\/#organization","name":"Revolution Padel Store","url":"https:\/\/revolutionpadelstore.com\/it\/","logo":{"@type":"ImageObject","inLanguage":"it-IT","@id":"https:\/\/revolutionpadelstore.com\/it\/#\/schema\/logo\/image\/","url":"https:\/\/revolutionpadelstore.com\/wp-content\/uploads\/2026\/02\/revolution-padel-store.jpg","contentUrl":"https:\/\/revolutionpadelstore.com\/wp-content\/uploads\/2026\/02\/revolution-padel-store.jpg","width":2000,"height":2000,"caption":"Revolution Padel Store"},"image":{"@id":"https:\/\/revolutionpadelstore.com\/it\/#\/schema\/logo\/image\/"},"sameAs":["https:\/\/www.instagram.com\/revolutionpadelstore\/"]}]}},"_links":{"self":[{"href":"https:\/\/revolutionpadelstore.com\/it\/wp-json\/wp\/v2\/product\/11156","targetHints":{"allow":["GET"]}}],"collection":[{"href":"https:\/\/revolutionpadelstore.com\/it\/wp-json\/wp\/v2\/product"}],"about":[{"href":"https:\/\/revolutionpadelstore.com\/it\/wp-json\/wp\/v2\/types\/product"}],"replies":[{"embeddable":true,"href":"https:\/\/revolutionpadelstore.com\/it\/wp-json\/wp\/v2\/comments?post=11156"}],"wp:featuredmedia":[{"embeddable":true,"href":"https:\/\/revolutionpadelstore.com\/it\/wp-json\/wp\/v2\/media\/293081"}],"wp:attachment":[{"href":"https:\/\/revolutionpadelstore.com\/it\/wp-json\/wp\/v2\/media?parent=11156"}],"wp:term":[{"taxonomy":"acabado","embeddable":true,"href":"https:\/\/revolutionpadelstore.com\/it\/wp-json\/wp\/v2\/acabado?post=11156"},{"taxonomy":"balance","embeddable":true,"href":"https:\/\/revolutionpadelstore.com\/it\/wp-json\/wp\/v2\/balance?post=11156"},{"taxonomy":"dureza","embeddable":true,"href":"https:\/\/revolutionpadelstore.com\/it\/wp-json\/wp\/v2\/dureza?post=11156"},{"taxonomy":"forma","embeddable":true,"href":"https:\/\/revolutionpadelstore.com\/it\/wp-json\/wp\/v2\/forma?post=11156"},{"taxonomy":"jugador","embeddable":true,"href":"https:\/\/revolutionpadelstore.com\/it\/wp-json\/wp\/v2\/jugador?post=11156"},{"taxonomy":"marca","embeddable":true,"href":"https:\/\/revolutionpadelstore.com\/it\/wp-json\/wp\/v2\/marca?post=11156"},{"taxonomy":"nivel-de-juego","embeddable":true,"href":"https:\/\/revolutionpadelstore.com\/it\/wp-json\/wp\/v2\/nivel-de-juego?post=11156"},{"taxonomy":"superficie","embeddable":true,"href":"https:\/\/revolutionpadelstore.com\/it\/wp-json\/wp\/v2\/superficie?post=11156"},{"taxonomy":"tipo-de-juego","embeddable":true,"href":"https:\/\/revolutionpadelstore.com\/it\/wp-json\/wp\/v2\/tipo-de-juego?post=11156"},{"taxonomy":"product_brand","embeddable":true,"href":"https:\/\/revolutionpadelstore.com\/it\/wp-json\/wp\/v2\/product_brand?post=11156"},{"taxonomy":"product_cat","embeddable":true,"href":"https:\/\/revolutionpadelstore.com\/it\/wp-json\/wp\/v2\/product_cat?post=11156"},{"taxonomy":"product_tag","embeddable":true,"href":"https:\/\/revolutionpadelstore.com\/it\/wp-json\/wp\/v2\/product_tag?post=11156"}],"curies":[{"name":"wp","href":"https:\/\/api.w.org\/{rel}","templated":true}]}}