{"id":11129,"date":"2024-06-18T00:00:24","date_gmt":"2024-06-17T22:00:24","guid":{"rendered":"https:\/\/revolutionpadelstore.com\/head-extreme-pro-ltd-arturo-coello\/"},"modified":"2026-04-08T11:18:16","modified_gmt":"2026-04-08T09:18:16","slug":"head-extreme-pro-ltd-arturo-coello","status":"publish","type":"product","link":"https:\/\/revolutionpadelstore.com\/it\/prodotto\/head-extreme-pro-ltd-arturo-coello\/","title":{"rendered":"HEAD EXTREME PRO LTD \u2013 ARTURO COELLO"},"content":{"rendered":"<p>Basata sul modello Extreme Pro, con le stesse caratteristiche e tecnologie, la racchetta EXTREME PRO LTD ARTURO COELLO nella sua edizione limitata sfoggia un design esclusivo scelto da Arturo Coello, che ne esalta l&#8217;estetica elegante ed esclusiva. Per un&#8217;immagine e un look davvero premium, il design include la firma di Arturo. Questa racchetta a forma di diamante unisce un design unico ad una potenza estrema, rendendola perfetta per giocatori esperti e professionisti.<\/p>\n<p>\u00b7 Edizione limitata co-progettata dal numero 1 del mondo, Arturo Coello<br \/>\n\u00b7 Colori eleganti ed esclusivi scelti da Arturo<br \/>\n\u00b7 Design con la firma di Arturo<br \/>\n\u00b7 Realizzata per giocatori esperti e professionisti in cerca di potenza<br \/>\n\u00b7 Stampo a forma di diamante<br \/>\n\u00b7 Basato sul modello Extreme Pro, con le stesse specifiche e tecnologie<br \/>\n\u00b7 Include per la prima volta l&#8217;accessorio Pro Spin Strips, nuove strisce adesive con superficie ruvida per generare pi\u00f9 presa ed effetti sulla palla<\/p>\n<p>TECNOLOGIE<\/p>\n<p>La costruzione auxetica ha una deformazione unica rispetto alle costruzioni non auxetiche. Le costruzioni auxetiche si allargano quando viene applicata una forza di &#8220;trazione&#8221; e si contraggono quando vengono compresse. Maggiore \u00e8 la forza applicata, maggiore \u00e8 la reazione auxetica.<\/p>\n<p>La gomma POWER FOAM \u00e8 progettata per ottenere la massima potenza e forza, potenziando i colpi d&#8217;attacco come smash, X3 o X4.<\/p>\n<p>EXTREME SPIN \u00e8 una ruvida tecnologia di decalcomanie 3D che massimizza lo spin e la presa sulla palla.<\/p>\n<p>La tecnologia SWEET SPOT OTTIMIZZATA adatta lo schema dei fori a ciascuna lama per espandere l&#8217;area dello sweet spot.<\/p>\n<p>La tecnologia SMART BRIDGE consiste nella costruzione individualizzata dell&#8217;area del ponte inclusa nello stampo, adattandosi alle caratteristiche di ogni racchetta in base alla sua giocabilit\u00e0.<\/p>\n<p>Non avendo un tubolare, il telaio della racchetta \u00e8 meticolosamente progettato e realizzato su misura per ogni racchetta per prestazioni ottimali, consentendo di massimizzare le prestazioni di ogni racchetta.<\/p>\n<p>Il nuovo cappuccio \u00e8 realizzato in materiale morbido che fornisce una presa comoda e morbida. Con finitura arancione, serve a ridurre le vibrazioni e ridurre la pressione, prevenendo lesioni e vesciche alle mani.<\/p>\n<p>ANTI SHOCK SKIN PADEL Protezione trasparente che aumenta la durata della racchetta, proteggendola da urti e graffi. Pu\u00f2 anche essere facilmente sostituito, massimizzando la durata.<\/p>\n<p>Il grafene rinforza il telaio, fornisce maggiore stabilit\u00e0 e ottimizza la uscita della palla.<\/p>\n<div id=\"maincontent\" class=\"page-main\">\n<div class=\"colonne\">\n<div class=\"vista-prodotto\">\n<div class=\"info-prodotto-cms\">\n<div class=\"info-prodotto-tabs\">\n<div id=\"product-tabs\" class=\"elementi dati prodotto\" role=\"tablist\">\n<h3 role=\"tab\" data-role=\"collapsible\" data-collapsible=\"true\" aria-controls=\"tab-consegna-e-resi\" aria-expanded=\"false\"><\/h3>\n<\/div>\n<\/div>\n<\/div>\n<\/div>\n<div id=\"custom-popup-redirect-propose\" data-bind=\"scope: 'geoipCountryRedirect'\"><\/div>\n<div class=\"emarsys-snippets\"><\/div>\n<\/div>\n<\/div>\n<footer class=\"page-footer\">\n<div class=\"contenuto pi\u00e8 di pagina\">\n<div id=\"footer-newsletter\" class=\" background-image-6670afd968dc3\" data-content-type=\"row\" data-appearance=\"full-width\" data-enable-parallax=\"0\" data-parallax-speed=\"0.5\" data-video-loop=\"true\" data-video-play-only-visible=\"true\" data-video-lazy-load=\"true\" data-video-fallback-src=\"\" data-gtm-label=\"\" data-element=\" principale\">\n<div class=\"row-full-width-inner\" data-element=\"inner\"><\/div>\n<\/div>\n<\/div>\n<\/footer>\n<h3 role=\"tab\" data-role=\"collapsible\" data-collapsible=\"true\" aria-controls=\"tab-delivery-and-returns\" aria-expanded=\"false\"><\/h3>\n","protected":false},"excerpt":{"rendered":"<p>L&#8217;edizione limitata della racchetta EXTREME PRO LTD ARTURO COELLO si impegna a creare un design esclusivo ed elegante per il giocatore numero 1 al mondo, Arturo Coello.<\/p>\n","protected":false},"featured_media":11130,"comment_status":"open","ping_status":"closed","template":"","meta":{"_acf_changed":false,"_joinchat":[]},"acabado":[1091],"balance":[1136],"dureza":[1161],"forma":[1171],"jugador":[1201,1191],"marca":[1221],"nivel-de-juego":[1336],"superficie":[1361],"tipo-de-juego":[1376],"product_brand":[],"product_cat":[301],"product_tag":[],"class_list":{"0":"post-11129","1":"product","2":"type-product","3":"status-publish","4":"has-post-thumbnail","6":"acabado-relieve-3d-it","7":"balance-alto-it","8":"dureza-dura-it","9":"forma-diamante-it","10":"jugador-multiuso","11":"jugador-uomo","12":"marca-testa","13":"superficie-rugosa-it","14":"tipo-de-juego-potenza","15":"product_cat-palas-de-padel-it","17":"first","18":"instock","19":"sale","20":"taxable","21":"shipping-taxable","22":"purchasable","23":"product-type-simple"},"acf":[],"yoast_head":"<!-- This site is optimized with the Yoast SEO plugin v27.4 - https:\/\/yoast.com\/product\/yoast-seo-wordpress\/ -->\n<title>HEAD EXTREME PRO LTD \u2013 ARTURO COELLO - Revolution Padel Store<\/title>\n<meta name=\"description\" content=\"Basada en el modelo Extreme Pro, con las mismas prestaciones y tecnolog\u00edas, la pala EXTREME PRO LTD ARTURO COELLO en su edici\u00f3n limitada luce un dise\u00f1o exclusivo elegido por Arturo Coello, lo que realza su est\u00e9tica elegante y exclusiva. Para una imagen y un look realmente pr\u00e9mium, el dise\u00f1o incluye la firma de Arturo. Esta pala en forma de diamante combina un dise\u00f1o \u00fanico con una potencia extrema, por lo que es perfecta para jugadores expertos y profesionales.\" \/>\n<meta name=\"robots\" content=\"index, follow, max-snippet:-1, max-image-preview:large, max-video-preview:-1\" \/>\n<link rel=\"canonical\" href=\"https:\/\/revolutionpadelstore.com\/it\/prodotto\/head-extreme-pro-ltd-arturo-coello\/\" \/>\n<meta property=\"og:locale\" content=\"it_IT\" \/>\n<meta property=\"og:type\" content=\"article\" \/>\n<meta property=\"og:title\" content=\"COMPRAR HEAD EXTREME PRO LTD - ARTURO COELLO\" \/>\n<meta property=\"og:description\" content=\"Basada en el modelo Extreme Pro, con las mismas prestaciones y tecnolog\u00edas, la pala EXTREME PRO LTD ARTURO COELLO en su edici\u00f3n limitada luce un dise\u00f1o exclusivo elegido por Arturo Coello, lo que realza su est\u00e9tica elegante y exclusiva. Para una imagen y un look realmente pr\u00e9mium, el dise\u00f1o incluye la firma de Arturo. Esta pala en forma de diamante combina un dise\u00f1o \u00fanico con una potencia extrema, por lo que es perfecta para jugadores expertos y profesionales.\" \/>\n<meta property=\"og:url\" content=\"https:\/\/revolutionpadelstore.com\/it\/prodotto\/head-extreme-pro-ltd-arturo-coello\/\" \/>\n<meta property=\"og:site_name\" content=\"Revolution Padel Store\" \/>\n<meta property=\"article:modified_time\" content=\"2026-04-08T09:18:16+00:00\" \/>\n<meta property=\"og:image\" content=\"https:\/\/revolutionpadelstore.com\/wp-content\/uploads\/2024\/06\/extreme-pro-ltd.jpg\" \/>\n\t<meta property=\"og:image:width\" content=\"768\" \/>\n\t<meta property=\"og:image:height\" content=\"768\" \/>\n\t<meta property=\"og:image:type\" content=\"image\/jpeg\" \/>\n<meta name=\"twitter:card\" content=\"summary_large_image\" \/>\n<meta name=\"twitter:label1\" content=\"Tempo di lettura stimato\" \/>\n\t<meta name=\"twitter:data1\" content=\"3 minuti\" \/>\n<script type=\"application\/ld+json\" class=\"yoast-schema-graph\">{\"@context\":\"https:\\\/\\\/schema.org\",\"@graph\":[{\"@type\":\"WebPage\",\"@id\":\"https:\\\/\\\/revolutionpadelstore.com\\\/it\\\/prodotto\\\/head-extreme-pro-ltd-arturo-coello\\\/\",\"url\":\"https:\\\/\\\/revolutionpadelstore.com\\\/it\\\/prodotto\\\/head-extreme-pro-ltd-arturo-coello\\\/\",\"name\":\"HEAD EXTREME PRO LTD \u2013 ARTURO COELLO - Revolution Padel Store\",\"isPartOf\":{\"@id\":\"https:\\\/\\\/revolutionpadelstore.com\\\/it\\\/#website\"},\"primaryImageOfPage\":{\"@id\":\"https:\\\/\\\/revolutionpadelstore.com\\\/it\\\/prodotto\\\/head-extreme-pro-ltd-arturo-coello\\\/#primaryimage\"},\"image\":{\"@id\":\"https:\\\/\\\/revolutionpadelstore.com\\\/it\\\/prodotto\\\/head-extreme-pro-ltd-arturo-coello\\\/#primaryimage\"},\"thumbnailUrl\":\"https:\\\/\\\/revolutionpadelstore.com\\\/wp-content\\\/uploads\\\/2024\\\/06\\\/extreme-pro-ltd.jpg\",\"datePublished\":\"2024-06-17T22:00:24+00:00\",\"dateModified\":\"2026-04-08T09:18:16+00:00\",\"description\":\"Basada en el modelo Extreme Pro, con las mismas prestaciones y tecnolog\u00edas, la pala EXTREME PRO LTD ARTURO COELLO en su edici\u00f3n limitada luce un dise\u00f1o exclusivo elegido por Arturo Coello, lo que realza su est\u00e9tica elegante y exclusiva. Para una imagen y un look realmente pr\u00e9mium, el dise\u00f1o incluye la firma de Arturo. Esta pala en forma de diamante combina un dise\u00f1o \u00fanico con una potencia extrema, por lo que es perfecta para jugadores expertos y profesionales.\",\"breadcrumb\":{\"@id\":\"https:\\\/\\\/revolutionpadelstore.com\\\/it\\\/prodotto\\\/head-extreme-pro-ltd-arturo-coello\\\/#breadcrumb\"},\"inLanguage\":\"it-IT\",\"potentialAction\":[{\"@type\":\"ReadAction\",\"target\":[\"https:\\\/\\\/revolutionpadelstore.com\\\/it\\\/prodotto\\\/head-extreme-pro-ltd-arturo-coello\\\/\"]}]},{\"@type\":\"ImageObject\",\"inLanguage\":\"it-IT\",\"@id\":\"https:\\\/\\\/revolutionpadelstore.com\\\/it\\\/prodotto\\\/head-extreme-pro-ltd-arturo-coello\\\/#primaryimage\",\"url\":\"https:\\\/\\\/revolutionpadelstore.com\\\/wp-content\\\/uploads\\\/2024\\\/06\\\/extreme-pro-ltd.jpg\",\"contentUrl\":\"https:\\\/\\\/revolutionpadelstore.com\\\/wp-content\\\/uploads\\\/2024\\\/06\\\/extreme-pro-ltd.jpg\",\"width\":768,\"height\":768},{\"@type\":\"BreadcrumbList\",\"@id\":\"https:\\\/\\\/revolutionpadelstore.com\\\/it\\\/prodotto\\\/head-extreme-pro-ltd-arturo-coello\\\/#breadcrumb\",\"itemListElement\":[{\"@type\":\"ListItem\",\"position\":1,\"name\":\"Portada\",\"item\":\"https:\\\/\\\/revolutionpadelstore.com\\\/it\\\/\"},{\"@type\":\"ListItem\",\"position\":2,\"name\":\"Tienda\",\"item\":\"https:\\\/\\\/revolutionpadelstore.com\\\/it\\\/tienda\\\/\"},{\"@type\":\"ListItem\",\"position\":3,\"name\":\"HEAD EXTREME PRO LTD \u2013 ARTURO COELLO\"}]},{\"@type\":\"WebSite\",\"@id\":\"https:\\\/\\\/revolutionpadelstore.com\\\/it\\\/#website\",\"url\":\"https:\\\/\\\/revolutionpadelstore.com\\\/it\\\/\",\"name\":\"Revolution Padel Store\",\"description\":\"\",\"publisher\":{\"@id\":\"https:\\\/\\\/revolutionpadelstore.com\\\/it\\\/#organization\"},\"potentialAction\":[{\"@type\":\"SearchAction\",\"target\":{\"@type\":\"EntryPoint\",\"urlTemplate\":\"https:\\\/\\\/revolutionpadelstore.com\\\/it\\\/?s={search_term_string}\"},\"query-input\":{\"@type\":\"PropertyValueSpecification\",\"valueRequired\":true,\"valueName\":\"search_term_string\"}}],\"inLanguage\":\"it-IT\"},{\"@type\":\"Organization\",\"@id\":\"https:\\\/\\\/revolutionpadelstore.com\\\/it\\\/#organization\",\"name\":\"Revolution Padel Store\",\"url\":\"https:\\\/\\\/revolutionpadelstore.com\\\/it\\\/\",\"logo\":{\"@type\":\"ImageObject\",\"inLanguage\":\"it-IT\",\"@id\":\"https:\\\/\\\/revolutionpadelstore.com\\\/it\\\/#\\\/schema\\\/logo\\\/image\\\/\",\"url\":\"https:\\\/\\\/revolutionpadelstore.com\\\/wp-content\\\/uploads\\\/2026\\\/02\\\/revolution-padel-store.jpg\",\"contentUrl\":\"https:\\\/\\\/revolutionpadelstore.com\\\/wp-content\\\/uploads\\\/2026\\\/02\\\/revolution-padel-store.jpg\",\"width\":2000,\"height\":2000,\"caption\":\"Revolution Padel Store\"},\"image\":{\"@id\":\"https:\\\/\\\/revolutionpadelstore.com\\\/it\\\/#\\\/schema\\\/logo\\\/image\\\/\"},\"sameAs\":[\"https:\\\/\\\/www.instagram.com\\\/revolutionpadelstore\\\/\"]}]}<\/script>\n<!-- \/ Yoast SEO plugin. -->","yoast_head_json":{"title":"HEAD EXTREME PRO LTD \u2013 ARTURO COELLO - Revolution Padel Store","description":"Basada en el modelo Extreme Pro, con las mismas prestaciones y tecnolog\u00edas, la pala EXTREME PRO LTD ARTURO COELLO en su edici\u00f3n limitada luce un dise\u00f1o exclusivo elegido por Arturo Coello, lo que realza su est\u00e9tica elegante y exclusiva. Para una imagen y un look realmente pr\u00e9mium, el dise\u00f1o incluye la firma de Arturo. Esta pala en forma de diamante combina un dise\u00f1o \u00fanico con una potencia extrema, por lo que es perfecta para jugadores expertos y profesionales.","robots":{"index":"index","follow":"follow","max-snippet":"max-snippet:-1","max-image-preview":"max-image-preview:large","max-video-preview":"max-video-preview:-1"},"canonical":"https:\/\/revolutionpadelstore.com\/it\/prodotto\/head-extreme-pro-ltd-arturo-coello\/","og_locale":"it_IT","og_type":"article","og_title":"COMPRAR HEAD EXTREME PRO LTD - ARTURO COELLO","og_description":"Basada en el modelo Extreme Pro, con las mismas prestaciones y tecnolog\u00edas, la pala EXTREME PRO LTD ARTURO COELLO en su edici\u00f3n limitada luce un dise\u00f1o exclusivo elegido por Arturo Coello, lo que realza su est\u00e9tica elegante y exclusiva. Para una imagen y un look realmente pr\u00e9mium, el dise\u00f1o incluye la firma de Arturo. Esta pala en forma de diamante combina un dise\u00f1o \u00fanico con una potencia extrema, por lo que es perfecta para jugadores expertos y profesionales.","og_url":"https:\/\/revolutionpadelstore.com\/it\/prodotto\/head-extreme-pro-ltd-arturo-coello\/","og_site_name":"Revolution Padel Store","article_modified_time":"2026-04-08T09:18:16+00:00","og_image":[{"width":768,"height":768,"url":"https:\/\/revolutionpadelstore.com\/wp-content\/uploads\/2024\/06\/extreme-pro-ltd.jpg","type":"image\/jpeg"}],"twitter_card":"summary_large_image","twitter_misc":{"Tempo di lettura stimato":"3 minuti"},"schema":{"@context":"https:\/\/schema.org","@graph":[{"@type":"WebPage","@id":"https:\/\/revolutionpadelstore.com\/it\/prodotto\/head-extreme-pro-ltd-arturo-coello\/","url":"https:\/\/revolutionpadelstore.com\/it\/prodotto\/head-extreme-pro-ltd-arturo-coello\/","name":"HEAD EXTREME PRO LTD \u2013 ARTURO COELLO - Revolution Padel Store","isPartOf":{"@id":"https:\/\/revolutionpadelstore.com\/it\/#website"},"primaryImageOfPage":{"@id":"https:\/\/revolutionpadelstore.com\/it\/prodotto\/head-extreme-pro-ltd-arturo-coello\/#primaryimage"},"image":{"@id":"https:\/\/revolutionpadelstore.com\/it\/prodotto\/head-extreme-pro-ltd-arturo-coello\/#primaryimage"},"thumbnailUrl":"https:\/\/revolutionpadelstore.com\/wp-content\/uploads\/2024\/06\/extreme-pro-ltd.jpg","datePublished":"2024-06-17T22:00:24+00:00","dateModified":"2026-04-08T09:18:16+00:00","description":"Basada en el modelo Extreme Pro, con las mismas prestaciones y tecnolog\u00edas, la pala EXTREME PRO LTD ARTURO COELLO en su edici\u00f3n limitada luce un dise\u00f1o exclusivo elegido por Arturo Coello, lo que realza su est\u00e9tica elegante y exclusiva. Para una imagen y un look realmente pr\u00e9mium, el dise\u00f1o incluye la firma de Arturo. Esta pala en forma de diamante combina un dise\u00f1o \u00fanico con una potencia extrema, por lo que es perfecta para jugadores expertos y profesionales.","breadcrumb":{"@id":"https:\/\/revolutionpadelstore.com\/it\/prodotto\/head-extreme-pro-ltd-arturo-coello\/#breadcrumb"},"inLanguage":"it-IT","potentialAction":[{"@type":"ReadAction","target":["https:\/\/revolutionpadelstore.com\/it\/prodotto\/head-extreme-pro-ltd-arturo-coello\/"]}]},{"@type":"ImageObject","inLanguage":"it-IT","@id":"https:\/\/revolutionpadelstore.com\/it\/prodotto\/head-extreme-pro-ltd-arturo-coello\/#primaryimage","url":"https:\/\/revolutionpadelstore.com\/wp-content\/uploads\/2024\/06\/extreme-pro-ltd.jpg","contentUrl":"https:\/\/revolutionpadelstore.com\/wp-content\/uploads\/2024\/06\/extreme-pro-ltd.jpg","width":768,"height":768},{"@type":"BreadcrumbList","@id":"https:\/\/revolutionpadelstore.com\/it\/prodotto\/head-extreme-pro-ltd-arturo-coello\/#breadcrumb","itemListElement":[{"@type":"ListItem","position":1,"name":"Portada","item":"https:\/\/revolutionpadelstore.com\/it\/"},{"@type":"ListItem","position":2,"name":"Tienda","item":"https:\/\/revolutionpadelstore.com\/it\/tienda\/"},{"@type":"ListItem","position":3,"name":"HEAD EXTREME PRO LTD \u2013 ARTURO COELLO"}]},{"@type":"WebSite","@id":"https:\/\/revolutionpadelstore.com\/it\/#website","url":"https:\/\/revolutionpadelstore.com\/it\/","name":"Revolution Padel Store","description":"","publisher":{"@id":"https:\/\/revolutionpadelstore.com\/it\/#organization"},"potentialAction":[{"@type":"SearchAction","target":{"@type":"EntryPoint","urlTemplate":"https:\/\/revolutionpadelstore.com\/it\/?s={search_term_string}"},"query-input":{"@type":"PropertyValueSpecification","valueRequired":true,"valueName":"search_term_string"}}],"inLanguage":"it-IT"},{"@type":"Organization","@id":"https:\/\/revolutionpadelstore.com\/it\/#organization","name":"Revolution Padel Store","url":"https:\/\/revolutionpadelstore.com\/it\/","logo":{"@type":"ImageObject","inLanguage":"it-IT","@id":"https:\/\/revolutionpadelstore.com\/it\/#\/schema\/logo\/image\/","url":"https:\/\/revolutionpadelstore.com\/wp-content\/uploads\/2026\/02\/revolution-padel-store.jpg","contentUrl":"https:\/\/revolutionpadelstore.com\/wp-content\/uploads\/2026\/02\/revolution-padel-store.jpg","width":2000,"height":2000,"caption":"Revolution Padel Store"},"image":{"@id":"https:\/\/revolutionpadelstore.com\/it\/#\/schema\/logo\/image\/"},"sameAs":["https:\/\/www.instagram.com\/revolutionpadelstore\/"]}]}},"_links":{"self":[{"href":"https:\/\/revolutionpadelstore.com\/it\/wp-json\/wp\/v2\/product\/11129","targetHints":{"allow":["GET"]}}],"collection":[{"href":"https:\/\/revolutionpadelstore.com\/it\/wp-json\/wp\/v2\/product"}],"about":[{"href":"https:\/\/revolutionpadelstore.com\/it\/wp-json\/wp\/v2\/types\/product"}],"replies":[{"embeddable":true,"href":"https:\/\/revolutionpadelstore.com\/it\/wp-json\/wp\/v2\/comments?post=11129"}],"wp:featuredmedia":[{"embeddable":true,"href":"https:\/\/revolutionpadelstore.com\/it\/wp-json\/wp\/v2\/media\/11130"}],"wp:attachment":[{"href":"https:\/\/revolutionpadelstore.com\/it\/wp-json\/wp\/v2\/media?parent=11129"}],"wp:term":[{"taxonomy":"acabado","embeddable":true,"href":"https:\/\/revolutionpadelstore.com\/it\/wp-json\/wp\/v2\/acabado?post=11129"},{"taxonomy":"balance","embeddable":true,"href":"https:\/\/revolutionpadelstore.com\/it\/wp-json\/wp\/v2\/balance?post=11129"},{"taxonomy":"dureza","embeddable":true,"href":"https:\/\/revolutionpadelstore.com\/it\/wp-json\/wp\/v2\/dureza?post=11129"},{"taxonomy":"forma","embeddable":true,"href":"https:\/\/revolutionpadelstore.com\/it\/wp-json\/wp\/v2\/forma?post=11129"},{"taxonomy":"jugador","embeddable":true,"href":"https:\/\/revolutionpadelstore.com\/it\/wp-json\/wp\/v2\/jugador?post=11129"},{"taxonomy":"marca","embeddable":true,"href":"https:\/\/revolutionpadelstore.com\/it\/wp-json\/wp\/v2\/marca?post=11129"},{"taxonomy":"nivel-de-juego","embeddable":true,"href":"https:\/\/revolutionpadelstore.com\/it\/wp-json\/wp\/v2\/nivel-de-juego?post=11129"},{"taxonomy":"superficie","embeddable":true,"href":"https:\/\/revolutionpadelstore.com\/it\/wp-json\/wp\/v2\/superficie?post=11129"},{"taxonomy":"tipo-de-juego","embeddable":true,"href":"https:\/\/revolutionpadelstore.com\/it\/wp-json\/wp\/v2\/tipo-de-juego?post=11129"},{"taxonomy":"product_brand","embeddable":true,"href":"https:\/\/revolutionpadelstore.com\/it\/wp-json\/wp\/v2\/product_brand?post=11129"},{"taxonomy":"product_cat","embeddable":true,"href":"https:\/\/revolutionpadelstore.com\/it\/wp-json\/wp\/v2\/product_cat?post=11129"},{"taxonomy":"product_tag","embeddable":true,"href":"https:\/\/revolutionpadelstore.com\/it\/wp-json\/wp\/v2\/product_tag?post=11129"}],"curies":[{"name":"wp","href":"https:\/\/api.w.org\/{rel}","templated":true}]}}