{"id":11102,"date":"2024-06-18T00:14:07","date_gmt":"2024-06-17T22:14:07","guid":{"rendered":"https:\/\/revolutionpadelstore.com\/head-speed-speed-motion-ltd-ari-sanchez\/"},"modified":"2026-04-08T11:17:44","modified_gmt":"2026-04-08T09:17:44","slug":"head-speed-motion-ltd-ari-sanchez-4","status":"publish","type":"product","link":"https:\/\/revolutionpadelstore.com\/it\/prodotto\/head-speed-motion-ltd-ari-sanchez-4\/","title":{"rendered":"HEAD SPEED MOTION LTD \u2013 ARI S\u00c1NCHEZ"},"content":{"rendered":"<p>Basata sul modello Speed \u200b\u200b\u200b\u200bMotion e dotata delle stesse caratteristiche e tecnologie, la racchetta SPEED MOTION LTD ARI S\u00c1NCHEZ sfoggia un design esclusivo progettato per &#8216;Magic Ari&#8217;, il numero 1 al mondo. Il suo tocco magico \u00e8 stato incorporato nel design della racchetta con alcuni dettagli olografici. In qualit\u00e0 di co-designer, Ari ha scelto i colori per questa racchetta in edizione limitata, dotata di un design elegante ed esclusivo, che include la sua firma. Questa racchetta, realizzata con uno stampo a forma di lacrima, \u00e8 ideale per giocatori avanzati e professionisti che cercano il mix perfetto tra potenza e controllo, con un livello extra di manegevolezza.<\/p>\n<p>\u00b7 Edizione limitata co-progettata da Ari S\u00e1nchez, numero 1 al mondo<br \/>\n\u00b7 Colori eleganti ed esclusivi scelti da Ari<br \/>\n\u00b7 Design con la firma di Ari e dettagli olografici realizzati per &#8220;Magic Ari&#8221;<br \/>\n\u00b7 Realizzata per giocatori avanzati e professionisti che cercano potenza senza perdere il controllo<br \/>\n\u00b7 Pala versatile e maneggevole<br \/>\n\u00b7 Stampo a forma di lacrima<br \/>\n\u00b7 Basato sul modello Speed \u200b\u200bMotion, con le stesse caratteristiche e tecnologie<br \/>\n\u00b7 Include per la prima volta l&#8217;accessorio Pro Spin Strips, nuove strisce adesive con superficie ruvida per generare pi\u00f9 presa ed effetti sulla palla<\/p>\n<p>TECNOLOGIE<\/p>\n<p>La costruzione auxetica ha una deformazione unica rispetto alle costruzioni non auxetiche. Le costruzioni auxetiche si allargano quando viene applicata una forza di &#8220;trazione&#8221; e si contraggono quando vengono compresse. Maggiore \u00e8 la forza applicata, maggiore \u00e8 la reazione auxetica.<\/p>\n<p>Il grafene rinforza il telaio, fornisce maggiore stabilit\u00e0 e ottimizza la uscita della palla.<\/p>\n<p>La gomma POWER FOAM \u00e8 progettata per ottenere la massima potenza e forza, potenziando i colpi offensivi come smash, X3 o X4.<\/p>\n<p>Il nuovo cappuccio \u00e8 realizzato in materiale morbido che fornisce una presa comoda e morbida. Con finitura arancione, serve a ridurre le vibrazioni e ridurre la pressione, prevenendo lesioni e vesciche alle mani.<\/p>\n<p>La tecnologia SMART BRIDGE consiste nella costruzione individualizzata dell&#8217;area del ponte inclusa nello stampo, adattandosi alle caratteristiche di ogni racchetta in base alla sua giocabilit\u00e0.<\/p>\n<p>La tecnologia SWEET SPOT OTTIMIZZATA adatta lo schema dei fori a ciascuna lama per espandere l&#8217;area dello sweet spot.<\/p>\n<p>Non avendo un tubolare, il telaio della racchetta \u00e8 meticolosamente progettato e realizzato su misura per ogni racchetta per prestazioni ottimali, consentendo di massimizzare le prestazioni di ogni racchetta.<\/p>\n<p>Protettore trasparente che aumenta la durata della racchetta, proteggendola da urti e graffi. Pu\u00f2 anche essere sostituito facilmente, massimizzando la durata.<\/p>\n","protected":false},"excerpt":{"rendered":"<p>In qualit\u00e0 di co-designer, Ari ha scelto i colori per questa racchetta in edizione limitata, dotata di un design elegante ed esclusivo, che include la sua firma. Questa racchetta, realizzata con uno stampo a forma di lacrima, \u00e8 ideale per giocatori avanzati e professionisti che cercano il mix perfetto di potenza e controllo, con un livello extra di manegevolezza.<\/p>\n","protected":false},"featured_media":11103,"comment_status":"open","ping_status":"closed","template":"","meta":{"_acf_changed":false,"_joinchat":[]},"acabado":[1081],"balance":[1136,1141],"dureza":[1161,1156],"forma":[1171],"jugador":[1196],"marca":[1221],"nivel-de-juego":[1336],"superficie":[1356],"tipo-de-juego":[1386,1376],"product_brand":[],"product_cat":[301],"product_tag":[],"class_list":{"0":"post-11102","1":"product","2":"type-product","3":"status-publish","4":"has-post-thumbnail","6":"acabado-luminosita","7":"balance-alto-it","8":"balance-medio-it","9":"dureza-dura-it","10":"dureza-media-it","11":"forma-diamante-it","12":"jugador-mujer-it","13":"marca-testa","14":"superficie-lisa-it","15":"tipo-de-juego-multiuso","16":"tipo-de-juego-potenza","17":"product_cat-palas-de-padel-it","19":"first","20":"instock","21":"sale","22":"taxable","23":"shipping-taxable","24":"purchasable","25":"product-type-simple"},"acf":[],"yoast_head":"<!-- This site is optimized with the Yoast SEO plugin v27.4 - https:\/\/yoast.com\/product\/yoast-seo-wordpress\/ -->\n<title>HEAD SPEED MOTION LTD \u2013 ARI S\u00c1NCHEZ - Revolution Padel Store<\/title>\n<meta name=\"description\" content=\"Basada en el modelo Speed Motion, y provista de las mismas prestaciones y tecnolog\u00edas, la pala SPEED MOTION LTD ARI S\u00c1NCHEZ luce un dise\u00f1o exclusivo pensado para \u2018Magic Ari\u2019, la n\u00famero 1 del mundo. Su toque m\u00e1gico se ha incorporado al dise\u00f1o de la pala con algunos detalles hologr\u00e1ficos. Como co-dise\u00f1adora, Ari eligi\u00f3 los colores para esta pala de edici\u00f3n limitada, provista de un dise\u00f1o elegante y exclusivo, que incluye su firma. Esta pala, fabricada con un molde en forma de l\u00e1grima, es ideal para jugadores avanzados y profesionales que buscan la mezcla perfecta de potencia y control, con un nivel extra de manejabilidad.\" \/>\n<meta name=\"robots\" content=\"index, follow, max-snippet:-1, max-image-preview:large, max-video-preview:-1\" \/>\n<link rel=\"canonical\" href=\"https:\/\/revolutionpadelstore.com\/it\/prodotto\/head-speed-motion-ltd-ari-sanchez-4\/\" \/>\n<meta property=\"og:locale\" content=\"it_IT\" \/>\n<meta property=\"og:type\" content=\"article\" \/>\n<meta property=\"og:title\" content=\"HEAD SPEED MOTION LTD \u2013 ARI S\u00c1NCHEZ - Revolution Padel Store\" \/>\n<meta property=\"og:description\" content=\"Basada en el modelo Speed Motion, y provista de las mismas prestaciones y tecnolog\u00edas, la pala SPEED MOTION LTD ARI S\u00c1NCHEZ luce un dise\u00f1o exclusivo pensado para \u2018Magic Ari\u2019, la n\u00famero 1 del mundo. Su toque m\u00e1gico se ha incorporado al dise\u00f1o de la pala con algunos detalles hologr\u00e1ficos. Como co-dise\u00f1adora, Ari eligi\u00f3 los colores para esta pala de edici\u00f3n limitada, provista de un dise\u00f1o elegante y exclusivo, que incluye su firma. Esta pala, fabricada con un molde en forma de l\u00e1grima, es ideal para jugadores avanzados y profesionales que buscan la mezcla perfecta de potencia y control, con un nivel extra de manejabilidad.\" \/>\n<meta property=\"og:url\" content=\"https:\/\/revolutionpadelstore.com\/it\/prodotto\/head-speed-motion-ltd-ari-sanchez-4\/\" \/>\n<meta property=\"og:site_name\" content=\"Revolution Padel Store\" \/>\n<meta property=\"article:modified_time\" content=\"2026-04-08T09:17:44+00:00\" \/>\n<meta property=\"og:image\" content=\"https:\/\/revolutionpadelstore.com\/wp-content\/uploads\/2024\/06\/speed-motion-ltd.jpg\" \/>\n\t<meta property=\"og:image:width\" content=\"768\" \/>\n\t<meta property=\"og:image:height\" content=\"768\" \/>\n\t<meta property=\"og:image:type\" content=\"image\/jpeg\" \/>\n<meta name=\"twitter:card\" content=\"summary_large_image\" \/>\n<meta name=\"twitter:label1\" content=\"Tempo di lettura stimato\" \/>\n\t<meta name=\"twitter:data1\" content=\"3 minuti\" \/>\n<script type=\"application\/ld+json\" class=\"yoast-schema-graph\">{\"@context\":\"https:\\\/\\\/schema.org\",\"@graph\":[{\"@type\":\"WebPage\",\"@id\":\"https:\\\/\\\/revolutionpadelstore.com\\\/it\\\/prodotto\\\/head-speed-motion-ltd-ari-sanchez-4\\\/\",\"url\":\"https:\\\/\\\/revolutionpadelstore.com\\\/it\\\/prodotto\\\/head-speed-motion-ltd-ari-sanchez-4\\\/\",\"name\":\"HEAD SPEED MOTION LTD \u2013 ARI S\u00c1NCHEZ - Revolution Padel Store\",\"isPartOf\":{\"@id\":\"https:\\\/\\\/revolutionpadelstore.com\\\/it\\\/#website\"},\"primaryImageOfPage\":{\"@id\":\"https:\\\/\\\/revolutionpadelstore.com\\\/it\\\/prodotto\\\/head-speed-motion-ltd-ari-sanchez-4\\\/#primaryimage\"},\"image\":{\"@id\":\"https:\\\/\\\/revolutionpadelstore.com\\\/it\\\/prodotto\\\/head-speed-motion-ltd-ari-sanchez-4\\\/#primaryimage\"},\"thumbnailUrl\":\"https:\\\/\\\/revolutionpadelstore.com\\\/wp-content\\\/uploads\\\/2024\\\/06\\\/speed-motion-ltd.jpg\",\"datePublished\":\"2024-06-17T22:14:07+00:00\",\"dateModified\":\"2026-04-08T09:17:44+00:00\",\"description\":\"Basada en el modelo Speed Motion, y provista de las mismas prestaciones y tecnolog\u00edas, la pala SPEED MOTION LTD ARI S\u00c1NCHEZ luce un dise\u00f1o exclusivo pensado para \u2018Magic Ari\u2019, la n\u00famero 1 del mundo. Su toque m\u00e1gico se ha incorporado al dise\u00f1o de la pala con algunos detalles hologr\u00e1ficos. Como co-dise\u00f1adora, Ari eligi\u00f3 los colores para esta pala de edici\u00f3n limitada, provista de un dise\u00f1o elegante y exclusivo, que incluye su firma. Esta pala, fabricada con un molde en forma de l\u00e1grima, es ideal para jugadores avanzados y profesionales que buscan la mezcla perfecta de potencia y control, con un nivel extra de manejabilidad.\",\"breadcrumb\":{\"@id\":\"https:\\\/\\\/revolutionpadelstore.com\\\/it\\\/prodotto\\\/head-speed-motion-ltd-ari-sanchez-4\\\/#breadcrumb\"},\"inLanguage\":\"it-IT\",\"potentialAction\":[{\"@type\":\"ReadAction\",\"target\":[\"https:\\\/\\\/revolutionpadelstore.com\\\/it\\\/prodotto\\\/head-speed-motion-ltd-ari-sanchez-4\\\/\"]}]},{\"@type\":\"ImageObject\",\"inLanguage\":\"it-IT\",\"@id\":\"https:\\\/\\\/revolutionpadelstore.com\\\/it\\\/prodotto\\\/head-speed-motion-ltd-ari-sanchez-4\\\/#primaryimage\",\"url\":\"https:\\\/\\\/revolutionpadelstore.com\\\/wp-content\\\/uploads\\\/2024\\\/06\\\/speed-motion-ltd.jpg\",\"contentUrl\":\"https:\\\/\\\/revolutionpadelstore.com\\\/wp-content\\\/uploads\\\/2024\\\/06\\\/speed-motion-ltd.jpg\",\"width\":768,\"height\":768},{\"@type\":\"BreadcrumbList\",\"@id\":\"https:\\\/\\\/revolutionpadelstore.com\\\/it\\\/prodotto\\\/head-speed-motion-ltd-ari-sanchez-4\\\/#breadcrumb\",\"itemListElement\":[{\"@type\":\"ListItem\",\"position\":1,\"name\":\"Portada\",\"item\":\"https:\\\/\\\/revolutionpadelstore.com\\\/it\\\/\"},{\"@type\":\"ListItem\",\"position\":2,\"name\":\"Tienda\",\"item\":\"https:\\\/\\\/revolutionpadelstore.com\\\/it\\\/tienda\\\/\"},{\"@type\":\"ListItem\",\"position\":3,\"name\":\"HEAD SPEED MOTION LTD \u2013 ARI S\u00c1NCHEZ\"}]},{\"@type\":\"WebSite\",\"@id\":\"https:\\\/\\\/revolutionpadelstore.com\\\/it\\\/#website\",\"url\":\"https:\\\/\\\/revolutionpadelstore.com\\\/it\\\/\",\"name\":\"Revolution Padel Store\",\"description\":\"\",\"publisher\":{\"@id\":\"https:\\\/\\\/revolutionpadelstore.com\\\/it\\\/#organization\"},\"potentialAction\":[{\"@type\":\"SearchAction\",\"target\":{\"@type\":\"EntryPoint\",\"urlTemplate\":\"https:\\\/\\\/revolutionpadelstore.com\\\/it\\\/?s={search_term_string}\"},\"query-input\":{\"@type\":\"PropertyValueSpecification\",\"valueRequired\":true,\"valueName\":\"search_term_string\"}}],\"inLanguage\":\"it-IT\"},{\"@type\":\"Organization\",\"@id\":\"https:\\\/\\\/revolutionpadelstore.com\\\/it\\\/#organization\",\"name\":\"Revolution Padel Store\",\"url\":\"https:\\\/\\\/revolutionpadelstore.com\\\/it\\\/\",\"logo\":{\"@type\":\"ImageObject\",\"inLanguage\":\"it-IT\",\"@id\":\"https:\\\/\\\/revolutionpadelstore.com\\\/it\\\/#\\\/schema\\\/logo\\\/image\\\/\",\"url\":\"https:\\\/\\\/revolutionpadelstore.com\\\/wp-content\\\/uploads\\\/2026\\\/02\\\/revolution-padel-store.jpg\",\"contentUrl\":\"https:\\\/\\\/revolutionpadelstore.com\\\/wp-content\\\/uploads\\\/2026\\\/02\\\/revolution-padel-store.jpg\",\"width\":2000,\"height\":2000,\"caption\":\"Revolution Padel Store\"},\"image\":{\"@id\":\"https:\\\/\\\/revolutionpadelstore.com\\\/it\\\/#\\\/schema\\\/logo\\\/image\\\/\"},\"sameAs\":[\"https:\\\/\\\/www.instagram.com\\\/revolutionpadelstore\\\/\"]}]}<\/script>\n<!-- \/ Yoast SEO plugin. -->","yoast_head_json":{"title":"HEAD SPEED MOTION LTD \u2013 ARI S\u00c1NCHEZ - Revolution Padel Store","description":"Basada en el modelo Speed Motion, y provista de las mismas prestaciones y tecnolog\u00edas, la pala SPEED MOTION LTD ARI S\u00c1NCHEZ luce un dise\u00f1o exclusivo pensado para \u2018Magic Ari\u2019, la n\u00famero 1 del mundo. Su toque m\u00e1gico se ha incorporado al dise\u00f1o de la pala con algunos detalles hologr\u00e1ficos. Como co-dise\u00f1adora, Ari eligi\u00f3 los colores para esta pala de edici\u00f3n limitada, provista de un dise\u00f1o elegante y exclusivo, que incluye su firma. Esta pala, fabricada con un molde en forma de l\u00e1grima, es ideal para jugadores avanzados y profesionales que buscan la mezcla perfecta de potencia y control, con un nivel extra de manejabilidad.","robots":{"index":"index","follow":"follow","max-snippet":"max-snippet:-1","max-image-preview":"max-image-preview:large","max-video-preview":"max-video-preview:-1"},"canonical":"https:\/\/revolutionpadelstore.com\/it\/prodotto\/head-speed-motion-ltd-ari-sanchez-4\/","og_locale":"it_IT","og_type":"article","og_title":"HEAD SPEED MOTION LTD \u2013 ARI S\u00c1NCHEZ - Revolution Padel Store","og_description":"Basada en el modelo Speed Motion, y provista de las mismas prestaciones y tecnolog\u00edas, la pala SPEED MOTION LTD ARI S\u00c1NCHEZ luce un dise\u00f1o exclusivo pensado para \u2018Magic Ari\u2019, la n\u00famero 1 del mundo. Su toque m\u00e1gico se ha incorporado al dise\u00f1o de la pala con algunos detalles hologr\u00e1ficos. Como co-dise\u00f1adora, Ari eligi\u00f3 los colores para esta pala de edici\u00f3n limitada, provista de un dise\u00f1o elegante y exclusivo, que incluye su firma. Esta pala, fabricada con un molde en forma de l\u00e1grima, es ideal para jugadores avanzados y profesionales que buscan la mezcla perfecta de potencia y control, con un nivel extra de manejabilidad.","og_url":"https:\/\/revolutionpadelstore.com\/it\/prodotto\/head-speed-motion-ltd-ari-sanchez-4\/","og_site_name":"Revolution Padel Store","article_modified_time":"2026-04-08T09:17:44+00:00","og_image":[{"width":768,"height":768,"url":"https:\/\/revolutionpadelstore.com\/wp-content\/uploads\/2024\/06\/speed-motion-ltd.jpg","type":"image\/jpeg"}],"twitter_card":"summary_large_image","twitter_misc":{"Tempo di lettura stimato":"3 minuti"},"schema":{"@context":"https:\/\/schema.org","@graph":[{"@type":"WebPage","@id":"https:\/\/revolutionpadelstore.com\/it\/prodotto\/head-speed-motion-ltd-ari-sanchez-4\/","url":"https:\/\/revolutionpadelstore.com\/it\/prodotto\/head-speed-motion-ltd-ari-sanchez-4\/","name":"HEAD SPEED MOTION LTD \u2013 ARI S\u00c1NCHEZ - Revolution Padel Store","isPartOf":{"@id":"https:\/\/revolutionpadelstore.com\/it\/#website"},"primaryImageOfPage":{"@id":"https:\/\/revolutionpadelstore.com\/it\/prodotto\/head-speed-motion-ltd-ari-sanchez-4\/#primaryimage"},"image":{"@id":"https:\/\/revolutionpadelstore.com\/it\/prodotto\/head-speed-motion-ltd-ari-sanchez-4\/#primaryimage"},"thumbnailUrl":"https:\/\/revolutionpadelstore.com\/wp-content\/uploads\/2024\/06\/speed-motion-ltd.jpg","datePublished":"2024-06-17T22:14:07+00:00","dateModified":"2026-04-08T09:17:44+00:00","description":"Basada en el modelo Speed Motion, y provista de las mismas prestaciones y tecnolog\u00edas, la pala SPEED MOTION LTD ARI S\u00c1NCHEZ luce un dise\u00f1o exclusivo pensado para \u2018Magic Ari\u2019, la n\u00famero 1 del mundo. Su toque m\u00e1gico se ha incorporado al dise\u00f1o de la pala con algunos detalles hologr\u00e1ficos. Como co-dise\u00f1adora, Ari eligi\u00f3 los colores para esta pala de edici\u00f3n limitada, provista de un dise\u00f1o elegante y exclusivo, que incluye su firma. Esta pala, fabricada con un molde en forma de l\u00e1grima, es ideal para jugadores avanzados y profesionales que buscan la mezcla perfecta de potencia y control, con un nivel extra de manejabilidad.","breadcrumb":{"@id":"https:\/\/revolutionpadelstore.com\/it\/prodotto\/head-speed-motion-ltd-ari-sanchez-4\/#breadcrumb"},"inLanguage":"it-IT","potentialAction":[{"@type":"ReadAction","target":["https:\/\/revolutionpadelstore.com\/it\/prodotto\/head-speed-motion-ltd-ari-sanchez-4\/"]}]},{"@type":"ImageObject","inLanguage":"it-IT","@id":"https:\/\/revolutionpadelstore.com\/it\/prodotto\/head-speed-motion-ltd-ari-sanchez-4\/#primaryimage","url":"https:\/\/revolutionpadelstore.com\/wp-content\/uploads\/2024\/06\/speed-motion-ltd.jpg","contentUrl":"https:\/\/revolutionpadelstore.com\/wp-content\/uploads\/2024\/06\/speed-motion-ltd.jpg","width":768,"height":768},{"@type":"BreadcrumbList","@id":"https:\/\/revolutionpadelstore.com\/it\/prodotto\/head-speed-motion-ltd-ari-sanchez-4\/#breadcrumb","itemListElement":[{"@type":"ListItem","position":1,"name":"Portada","item":"https:\/\/revolutionpadelstore.com\/it\/"},{"@type":"ListItem","position":2,"name":"Tienda","item":"https:\/\/revolutionpadelstore.com\/it\/tienda\/"},{"@type":"ListItem","position":3,"name":"HEAD SPEED MOTION LTD \u2013 ARI S\u00c1NCHEZ"}]},{"@type":"WebSite","@id":"https:\/\/revolutionpadelstore.com\/it\/#website","url":"https:\/\/revolutionpadelstore.com\/it\/","name":"Revolution Padel Store","description":"","publisher":{"@id":"https:\/\/revolutionpadelstore.com\/it\/#organization"},"potentialAction":[{"@type":"SearchAction","target":{"@type":"EntryPoint","urlTemplate":"https:\/\/revolutionpadelstore.com\/it\/?s={search_term_string}"},"query-input":{"@type":"PropertyValueSpecification","valueRequired":true,"valueName":"search_term_string"}}],"inLanguage":"it-IT"},{"@type":"Organization","@id":"https:\/\/revolutionpadelstore.com\/it\/#organization","name":"Revolution Padel Store","url":"https:\/\/revolutionpadelstore.com\/it\/","logo":{"@type":"ImageObject","inLanguage":"it-IT","@id":"https:\/\/revolutionpadelstore.com\/it\/#\/schema\/logo\/image\/","url":"https:\/\/revolutionpadelstore.com\/wp-content\/uploads\/2026\/02\/revolution-padel-store.jpg","contentUrl":"https:\/\/revolutionpadelstore.com\/wp-content\/uploads\/2026\/02\/revolution-padel-store.jpg","width":2000,"height":2000,"caption":"Revolution Padel Store"},"image":{"@id":"https:\/\/revolutionpadelstore.com\/it\/#\/schema\/logo\/image\/"},"sameAs":["https:\/\/www.instagram.com\/revolutionpadelstore\/"]}]}},"_links":{"self":[{"href":"https:\/\/revolutionpadelstore.com\/it\/wp-json\/wp\/v2\/product\/11102","targetHints":{"allow":["GET"]}}],"collection":[{"href":"https:\/\/revolutionpadelstore.com\/it\/wp-json\/wp\/v2\/product"}],"about":[{"href":"https:\/\/revolutionpadelstore.com\/it\/wp-json\/wp\/v2\/types\/product"}],"replies":[{"embeddable":true,"href":"https:\/\/revolutionpadelstore.com\/it\/wp-json\/wp\/v2\/comments?post=11102"}],"wp:featuredmedia":[{"embeddable":true,"href":"https:\/\/revolutionpadelstore.com\/it\/wp-json\/wp\/v2\/media\/11103"}],"wp:attachment":[{"href":"https:\/\/revolutionpadelstore.com\/it\/wp-json\/wp\/v2\/media?parent=11102"}],"wp:term":[{"taxonomy":"acabado","embeddable":true,"href":"https:\/\/revolutionpadelstore.com\/it\/wp-json\/wp\/v2\/acabado?post=11102"},{"taxonomy":"balance","embeddable":true,"href":"https:\/\/revolutionpadelstore.com\/it\/wp-json\/wp\/v2\/balance?post=11102"},{"taxonomy":"dureza","embeddable":true,"href":"https:\/\/revolutionpadelstore.com\/it\/wp-json\/wp\/v2\/dureza?post=11102"},{"taxonomy":"forma","embeddable":true,"href":"https:\/\/revolutionpadelstore.com\/it\/wp-json\/wp\/v2\/forma?post=11102"},{"taxonomy":"jugador","embeddable":true,"href":"https:\/\/revolutionpadelstore.com\/it\/wp-json\/wp\/v2\/jugador?post=11102"},{"taxonomy":"marca","embeddable":true,"href":"https:\/\/revolutionpadelstore.com\/it\/wp-json\/wp\/v2\/marca?post=11102"},{"taxonomy":"nivel-de-juego","embeddable":true,"href":"https:\/\/revolutionpadelstore.com\/it\/wp-json\/wp\/v2\/nivel-de-juego?post=11102"},{"taxonomy":"superficie","embeddable":true,"href":"https:\/\/revolutionpadelstore.com\/it\/wp-json\/wp\/v2\/superficie?post=11102"},{"taxonomy":"tipo-de-juego","embeddable":true,"href":"https:\/\/revolutionpadelstore.com\/it\/wp-json\/wp\/v2\/tipo-de-juego?post=11102"},{"taxonomy":"product_brand","embeddable":true,"href":"https:\/\/revolutionpadelstore.com\/it\/wp-json\/wp\/v2\/product_brand?post=11102"},{"taxonomy":"product_cat","embeddable":true,"href":"https:\/\/revolutionpadelstore.com\/it\/wp-json\/wp\/v2\/product_cat?post=11102"},{"taxonomy":"product_tag","embeddable":true,"href":"https:\/\/revolutionpadelstore.com\/it\/wp-json\/wp\/v2\/product_tag?post=11102"}],"curies":[{"name":"wp","href":"https:\/\/api.w.org\/{rel}","templated":true}]}}