{"id":11067,"date":"2024-06-18T08:19:32","date_gmt":"2024-06-18T06:19:32","guid":{"rendered":"https:\/\/revolutionpadelstore.com\/metalbone-pro-edt-2024-ale-galan\/"},"modified":"2026-04-08T11:17:14","modified_gmt":"2026-04-08T09:17:14","slug":"adidas-metalbone-pro-edt-2024-ale-galan","status":"publish","type":"product","link":"https:\/\/revolutionpadelstore.com\/it\/prodotto\/adidas-metalbone-pro-edt-2024-ale-galan\/","title":{"rendered":"ADIDAS METALBONE PRO EDT 2024 ALE GALAN"},"content":{"rendered":"<div class=\"elementor-widget Elementor-element Elementor-element-p657a86 Elementor-widget-heading\" data-element_type=\"heading\">\n<div class=\"elementor-widget-container\">\n<h2 class=\"elementor-heading-titleelementor-size-default none\">METALBONE MASTER LTD<\/h2>\n<\/div>\n<\/div>\n<div class=\"elementor-widget Elementor-element Elementor-element-xd2ewci Elementor-widget-text-editor\" data-element_type=\"text-editor\">\n<div class=\"elementor-widget-container\">\n<div class=\"elementor-text-editor rte-content\">\n<p>La PRO-EDT Metalbone di Ale Gal\u00e1n fonde le migliori tecnologie del giocatore del Madrid in una racchetta esclusiva per chi cerca di dominare il campo. La sua <strong>Struttura Ottagonale<\/strong> offre una rigidit\u00e0 senza pari e un&#8217;enorme potenza, mentre la ruvidit\u00e0 <strong>Spin Blade<\/strong> e la disposizione dei fori <strong>Smart Holes Curv<\/strong>e ti permettono di eseguire colpi con effetti sognanti.<\/p>\n<p>Il sistema Weight &amp; Balance ti d\u00e0 la possibilit\u00e0 di regolare il peso e il bilanciamento della racchetta a tuo piacimento, adattandola al tuo stile di gioco unico. E la combinazione di fibra <strong>Carbon Aluminized 2 to 1<\/strong> e gomma <strong>EVA Soft Performance<\/strong> ti offre controllo e potenza eccezionali, permettendoti di brillare ad ogni colpo.<\/p>\n<div class=\"elementor-widget Elementor-element Elementor-element-e1sg3cr Elementor-widget-text-editor\" data-element_type=\"text-editor\">\n<div class=\"elementor-widget-container\">\n<div class=\"elementor-text-editor rte-content\">\n<p>Il bilanciamento e i pesi della racchetta sono modificabili grazie a questa innovativa tecnologia presente solo nelle racchette di altissimo livello. Il suo sistema di viti rimovibili installato sul ponte della racchetta permette di regolare il bilanciamento del peso e adattare il comportamento in ogni momento alle esigenze di ogni giocatore.<\/p>\n<div class=\"elementor-widget Elementor-element Elementor-element-yvqj33e Elementor-widget-text-editor\" data-element_type=\"text-editor\">\n<div class=\"elementor-widget-container\">\n<div class=\"elementor-text-editor rte-content\">\n<p>Situata nel telaio e nel cuore della racchetta, questa tecnologia fornisce alla racchetta una struttura di massima rigidit\u00e0. Costituito da un tubo in carbonio a otto spigoli, genera uno scheletro interno estremamente resistente alle torsioni a cui sono esposte le lame dei migliori giocatori di padel.<\/p>\n<div class=\"elementor-widget Elementor-element Elementor-element-quql4dj Elementor-widget-text-editor\" data-element_type=\"text-editor\">\n<div class=\"elementor-widget-container\">\n<div class=\"elementor-text-editor rte-content\">\n<p>La racchetta incorpora uno strato ruvido sulla superficie per offrire i migliori effetti. Attraverso un disegno di forme ottagonali, ottimizza la creazione di movimenti di rotazione nella palla.<\/p>\n<\/div>\n<\/div>\n<\/div>\n<\/div>\n<\/div>\n<\/div>\n<\/div>\n<\/div>\n<\/div>\n<\/div>\n<\/div>\n<\/div>\n","protected":false},"excerpt":{"rendered":"<p>METALBONE MASTER LTD La PRO-EDT Metalbone di Ale Gal\u00e1n fonde le migliori tecnologie del giocatore del Madrid in una racchetta esclusiva per chi cerca di dominare il campo. La sua Struttura Ottagonale offre una rigidit\u00e0 senza pari e un&#8217;enorme potenza, mentre la ruvidit\u00e0 Spin Blade e la disposizione dei fori Smart Holes Curve ti permettono [&hellip;]<\/p>\n","protected":false},"featured_media":11076,"comment_status":"open","ping_status":"closed","template":"","meta":{"_acf_changed":false,"_joinchat":[]},"acabado":[1091],"balance":[1136,1141],"dureza":[1161,1156],"forma":[1171],"jugador":[1201,1191],"marca":[1231],"nivel-de-juego":[1336],"superficie":[1361],"tipo-de-juego":[1386,1376],"product_brand":[],"product_cat":[301],"product_tag":[],"class_list":{"0":"post-11067","1":"product","2":"type-product","3":"status-publish","4":"has-post-thumbnail","6":"acabado-relieve-3d-it","7":"balance-alto-it","8":"balance-medio-it","9":"dureza-dura-it","10":"dureza-media-it","11":"forma-diamante-it","12":"jugador-multiuso","13":"jugador-uomo","14":"marca-adidas-it","15":"superficie-rugosa-it","16":"tipo-de-juego-multiuso","17":"tipo-de-juego-potenza","18":"product_cat-palas-de-padel-it","20":"first","21":"outofstock","22":"sale","23":"taxable","24":"shipping-taxable","25":"purchasable","26":"product-type-simple"},"acf":[],"yoast_head":"<!-- This site is optimized with the Yoast SEO plugin v27.4 - https:\/\/yoast.com\/product\/yoast-seo-wordpress\/ -->\n<title>ADIDAS METALBONE PRO EDT 2024 ALE GALAN - Revolution Padel Store<\/title>\n<meta name=\"description\" content=\"La PRO-EDT Metalbone by Ale Gal\u00e1n fusiona las mejores tecnolog\u00edas del jugador madrile\u00f1o en una pala exclusiva para aquellos que buscan dominar la pista. Su\u00a0Octogonal Structure\u00a0ofrece una rigidez sin igual y una potencia descomunal, mientras que la rugosidad\u00a0Spin Blade\u00a0y la disposici\u00f3n de los agujeros\u00a0Smart Holes Curve te permiten ejecutar golpes con efecto de ensue\u00f1o. El\u00a0Weight &amp; Balance System\u00a0te da el poder de ajustar el peso y el equilibrio de la pala a tu gusto, adapt\u00e1ndola a tu estilo de juego \u00fanico. Y la combinaci\u00f3n de fibra\u00a0Carbon Aluminized 2 to 1\u00a0y goma\u00a0EVA Soft Performance\u00a0te ofrece un control y una potencia excepcionales, permiti\u00e9ndote brillar en cada golpe.\" \/>\n<meta name=\"robots\" content=\"index, follow, max-snippet:-1, max-image-preview:large, max-video-preview:-1\" \/>\n<link rel=\"canonical\" href=\"https:\/\/revolutionpadelstore.com\/it\/prodotto\/adidas-metalbone-pro-edt-2024-ale-galan\/\" \/>\n<meta property=\"og:locale\" content=\"it_IT\" \/>\n<meta property=\"og:type\" content=\"article\" \/>\n<meta property=\"og:title\" content=\"COMPRAR METALBONE PRO EDT 2024 ALE GALAN\" \/>\n<meta property=\"og:description\" content=\"La PRO-EDT Metalbone by Ale Gal\u00e1n fusiona las mejores tecnolog\u00edas del jugador madrile\u00f1o en una pala exclusiva para aquellos que buscan dominar la pista. Su\u00a0Octogonal Structure\u00a0ofrece una rigidez sin igual y una potencia descomunal, mientras que la rugosidad\u00a0Spin Blade\u00a0y la disposici\u00f3n de los agujeros\u00a0Smart Holes Curve te permiten ejecutar golpes con efecto de ensue\u00f1o. El\u00a0Weight &amp; Balance System\u00a0te da el poder de ajustar el peso y el equilibrio de la pala a tu gusto, adapt\u00e1ndola a tu estilo de juego \u00fanico. Y la combinaci\u00f3n de fibra\u00a0Carbon Aluminized 2 to 1\u00a0y goma\u00a0EVA Soft Performance\u00a0te ofrece un control y una potencia excepcionales, permiti\u00e9ndote brillar en cada golpe.\" \/>\n<meta property=\"og:url\" content=\"https:\/\/revolutionpadelstore.com\/it\/prodotto\/adidas-metalbone-pro-edt-2024-ale-galan\/\" \/>\n<meta property=\"og:site_name\" content=\"Revolution Padel Store\" \/>\n<meta property=\"article:modified_time\" content=\"2026-04-08T09:17:14+00:00\" \/>\n<meta property=\"og:image\" content=\"https:\/\/revolutionpadelstore.com\/wp-content\/uploads\/2024\/06\/adidas-metalbone-pro-edt-2024.png\" \/>\n\t<meta property=\"og:image:width\" content=\"900\" \/>\n\t<meta property=\"og:image:height\" content=\"900\" \/>\n\t<meta property=\"og:image:type\" content=\"image\/png\" \/>\n<meta name=\"twitter:card\" content=\"summary_large_image\" \/>\n<meta name=\"twitter:label1\" content=\"Tempo di lettura stimato\" \/>\n\t<meta name=\"twitter:data1\" content=\"2 minuti\" \/>\n<script type=\"application\/ld+json\" class=\"yoast-schema-graph\">{\"@context\":\"https:\\\/\\\/schema.org\",\"@graph\":[{\"@type\":\"WebPage\",\"@id\":\"https:\\\/\\\/revolutionpadelstore.com\\\/it\\\/prodotto\\\/adidas-metalbone-pro-edt-2024-ale-galan\\\/\",\"url\":\"https:\\\/\\\/revolutionpadelstore.com\\\/it\\\/prodotto\\\/adidas-metalbone-pro-edt-2024-ale-galan\\\/\",\"name\":\"ADIDAS METALBONE PRO EDT 2024 ALE GALAN - Revolution Padel Store\",\"isPartOf\":{\"@id\":\"https:\\\/\\\/revolutionpadelstore.com\\\/it\\\/#website\"},\"primaryImageOfPage\":{\"@id\":\"https:\\\/\\\/revolutionpadelstore.com\\\/it\\\/prodotto\\\/adidas-metalbone-pro-edt-2024-ale-galan\\\/#primaryimage\"},\"image\":{\"@id\":\"https:\\\/\\\/revolutionpadelstore.com\\\/it\\\/prodotto\\\/adidas-metalbone-pro-edt-2024-ale-galan\\\/#primaryimage\"},\"thumbnailUrl\":\"https:\\\/\\\/revolutionpadelstore.com\\\/wp-content\\\/uploads\\\/2024\\\/06\\\/adidas-metalbone-pro-edt-2024.png\",\"datePublished\":\"2024-06-18T06:19:32+00:00\",\"dateModified\":\"2026-04-08T09:17:14+00:00\",\"description\":\"La PRO-EDT Metalbone by Ale Gal\u00e1n fusiona las mejores tecnolog\u00edas del jugador madrile\u00f1o en una pala exclusiva para aquellos que buscan dominar la pista. Su\u00a0Octogonal Structure\u00a0ofrece una rigidez sin igual y una potencia descomunal, mientras que la rugosidad\u00a0Spin Blade\u00a0y la disposici\u00f3n de los agujeros\u00a0Smart Holes Curve te permiten ejecutar golpes con efecto de ensue\u00f1o. El\u00a0Weight & Balance System\u00a0te da el poder de ajustar el peso y el equilibrio de la pala a tu gusto, adapt\u00e1ndola a tu estilo de juego \u00fanico. Y la combinaci\u00f3n de fibra\u00a0Carbon Aluminized 2 to 1\u00a0y goma\u00a0EVA Soft Performance\u00a0te ofrece un control y una potencia excepcionales, permiti\u00e9ndote brillar en cada golpe.\",\"breadcrumb\":{\"@id\":\"https:\\\/\\\/revolutionpadelstore.com\\\/it\\\/prodotto\\\/adidas-metalbone-pro-edt-2024-ale-galan\\\/#breadcrumb\"},\"inLanguage\":\"it-IT\",\"potentialAction\":[{\"@type\":\"ReadAction\",\"target\":[\"https:\\\/\\\/revolutionpadelstore.com\\\/it\\\/prodotto\\\/adidas-metalbone-pro-edt-2024-ale-galan\\\/\"]}]},{\"@type\":\"ImageObject\",\"inLanguage\":\"it-IT\",\"@id\":\"https:\\\/\\\/revolutionpadelstore.com\\\/it\\\/prodotto\\\/adidas-metalbone-pro-edt-2024-ale-galan\\\/#primaryimage\",\"url\":\"https:\\\/\\\/revolutionpadelstore.com\\\/wp-content\\\/uploads\\\/2024\\\/06\\\/adidas-metalbone-pro-edt-2024.png\",\"contentUrl\":\"https:\\\/\\\/revolutionpadelstore.com\\\/wp-content\\\/uploads\\\/2024\\\/06\\\/adidas-metalbone-pro-edt-2024.png\",\"width\":900,\"height\":900},{\"@type\":\"BreadcrumbList\",\"@id\":\"https:\\\/\\\/revolutionpadelstore.com\\\/it\\\/prodotto\\\/adidas-metalbone-pro-edt-2024-ale-galan\\\/#breadcrumb\",\"itemListElement\":[{\"@type\":\"ListItem\",\"position\":1,\"name\":\"Portada\",\"item\":\"https:\\\/\\\/revolutionpadelstore.com\\\/it\\\/\"},{\"@type\":\"ListItem\",\"position\":2,\"name\":\"Tienda\",\"item\":\"https:\\\/\\\/revolutionpadelstore.com\\\/it\\\/tienda\\\/\"},{\"@type\":\"ListItem\",\"position\":3,\"name\":\"ADIDAS METALBONE PRO EDT 2024 ALE GALAN\"}]},{\"@type\":\"WebSite\",\"@id\":\"https:\\\/\\\/revolutionpadelstore.com\\\/it\\\/#website\",\"url\":\"https:\\\/\\\/revolutionpadelstore.com\\\/it\\\/\",\"name\":\"Revolution Padel Store\",\"description\":\"\",\"publisher\":{\"@id\":\"https:\\\/\\\/revolutionpadelstore.com\\\/it\\\/#organization\"},\"potentialAction\":[{\"@type\":\"SearchAction\",\"target\":{\"@type\":\"EntryPoint\",\"urlTemplate\":\"https:\\\/\\\/revolutionpadelstore.com\\\/it\\\/?s={search_term_string}\"},\"query-input\":{\"@type\":\"PropertyValueSpecification\",\"valueRequired\":true,\"valueName\":\"search_term_string\"}}],\"inLanguage\":\"it-IT\"},{\"@type\":\"Organization\",\"@id\":\"https:\\\/\\\/revolutionpadelstore.com\\\/it\\\/#organization\",\"name\":\"Revolution Padel Store\",\"url\":\"https:\\\/\\\/revolutionpadelstore.com\\\/it\\\/\",\"logo\":{\"@type\":\"ImageObject\",\"inLanguage\":\"it-IT\",\"@id\":\"https:\\\/\\\/revolutionpadelstore.com\\\/it\\\/#\\\/schema\\\/logo\\\/image\\\/\",\"url\":\"https:\\\/\\\/revolutionpadelstore.com\\\/wp-content\\\/uploads\\\/2026\\\/02\\\/revolution-padel-store.jpg\",\"contentUrl\":\"https:\\\/\\\/revolutionpadelstore.com\\\/wp-content\\\/uploads\\\/2026\\\/02\\\/revolution-padel-store.jpg\",\"width\":2000,\"height\":2000,\"caption\":\"Revolution Padel Store\"},\"image\":{\"@id\":\"https:\\\/\\\/revolutionpadelstore.com\\\/it\\\/#\\\/schema\\\/logo\\\/image\\\/\"},\"sameAs\":[\"https:\\\/\\\/www.instagram.com\\\/revolutionpadelstore\\\/\"]}]}<\/script>\n<!-- \/ Yoast SEO plugin. -->","yoast_head_json":{"title":"ADIDAS METALBONE PRO EDT 2024 ALE GALAN - Revolution Padel Store","description":"La PRO-EDT Metalbone by Ale Gal\u00e1n fusiona las mejores tecnolog\u00edas del jugador madrile\u00f1o en una pala exclusiva para aquellos que buscan dominar la pista. Su\u00a0Octogonal Structure\u00a0ofrece una rigidez sin igual y una potencia descomunal, mientras que la rugosidad\u00a0Spin Blade\u00a0y la disposici\u00f3n de los agujeros\u00a0Smart Holes Curve te permiten ejecutar golpes con efecto de ensue\u00f1o. El\u00a0Weight & Balance System\u00a0te da el poder de ajustar el peso y el equilibrio de la pala a tu gusto, adapt\u00e1ndola a tu estilo de juego \u00fanico. Y la combinaci\u00f3n de fibra\u00a0Carbon Aluminized 2 to 1\u00a0y goma\u00a0EVA Soft Performance\u00a0te ofrece un control y una potencia excepcionales, permiti\u00e9ndote brillar en cada golpe.","robots":{"index":"index","follow":"follow","max-snippet":"max-snippet:-1","max-image-preview":"max-image-preview:large","max-video-preview":"max-video-preview:-1"},"canonical":"https:\/\/revolutionpadelstore.com\/it\/prodotto\/adidas-metalbone-pro-edt-2024-ale-galan\/","og_locale":"it_IT","og_type":"article","og_title":"COMPRAR METALBONE PRO EDT 2024 ALE GALAN","og_description":"La PRO-EDT Metalbone by Ale Gal\u00e1n fusiona las mejores tecnolog\u00edas del jugador madrile\u00f1o en una pala exclusiva para aquellos que buscan dominar la pista. Su\u00a0Octogonal Structure\u00a0ofrece una rigidez sin igual y una potencia descomunal, mientras que la rugosidad\u00a0Spin Blade\u00a0y la disposici\u00f3n de los agujeros\u00a0Smart Holes Curve te permiten ejecutar golpes con efecto de ensue\u00f1o. El\u00a0Weight & Balance System\u00a0te da el poder de ajustar el peso y el equilibrio de la pala a tu gusto, adapt\u00e1ndola a tu estilo de juego \u00fanico. Y la combinaci\u00f3n de fibra\u00a0Carbon Aluminized 2 to 1\u00a0y goma\u00a0EVA Soft Performance\u00a0te ofrece un control y una potencia excepcionales, permiti\u00e9ndote brillar en cada golpe.","og_url":"https:\/\/revolutionpadelstore.com\/it\/prodotto\/adidas-metalbone-pro-edt-2024-ale-galan\/","og_site_name":"Revolution Padel Store","article_modified_time":"2026-04-08T09:17:14+00:00","og_image":[{"width":900,"height":900,"url":"https:\/\/revolutionpadelstore.com\/wp-content\/uploads\/2024\/06\/adidas-metalbone-pro-edt-2024.png","type":"image\/png"}],"twitter_card":"summary_large_image","twitter_misc":{"Tempo di lettura stimato":"2 minuti"},"schema":{"@context":"https:\/\/schema.org","@graph":[{"@type":"WebPage","@id":"https:\/\/revolutionpadelstore.com\/it\/prodotto\/adidas-metalbone-pro-edt-2024-ale-galan\/","url":"https:\/\/revolutionpadelstore.com\/it\/prodotto\/adidas-metalbone-pro-edt-2024-ale-galan\/","name":"ADIDAS METALBONE PRO EDT 2024 ALE GALAN - Revolution Padel Store","isPartOf":{"@id":"https:\/\/revolutionpadelstore.com\/it\/#website"},"primaryImageOfPage":{"@id":"https:\/\/revolutionpadelstore.com\/it\/prodotto\/adidas-metalbone-pro-edt-2024-ale-galan\/#primaryimage"},"image":{"@id":"https:\/\/revolutionpadelstore.com\/it\/prodotto\/adidas-metalbone-pro-edt-2024-ale-galan\/#primaryimage"},"thumbnailUrl":"https:\/\/revolutionpadelstore.com\/wp-content\/uploads\/2024\/06\/adidas-metalbone-pro-edt-2024.png","datePublished":"2024-06-18T06:19:32+00:00","dateModified":"2026-04-08T09:17:14+00:00","description":"La PRO-EDT Metalbone by Ale Gal\u00e1n fusiona las mejores tecnolog\u00edas del jugador madrile\u00f1o en una pala exclusiva para aquellos que buscan dominar la pista. Su\u00a0Octogonal Structure\u00a0ofrece una rigidez sin igual y una potencia descomunal, mientras que la rugosidad\u00a0Spin Blade\u00a0y la disposici\u00f3n de los agujeros\u00a0Smart Holes Curve te permiten ejecutar golpes con efecto de ensue\u00f1o. El\u00a0Weight & Balance System\u00a0te da el poder de ajustar el peso y el equilibrio de la pala a tu gusto, adapt\u00e1ndola a tu estilo de juego \u00fanico. Y la combinaci\u00f3n de fibra\u00a0Carbon Aluminized 2 to 1\u00a0y goma\u00a0EVA Soft Performance\u00a0te ofrece un control y una potencia excepcionales, permiti\u00e9ndote brillar en cada golpe.","breadcrumb":{"@id":"https:\/\/revolutionpadelstore.com\/it\/prodotto\/adidas-metalbone-pro-edt-2024-ale-galan\/#breadcrumb"},"inLanguage":"it-IT","potentialAction":[{"@type":"ReadAction","target":["https:\/\/revolutionpadelstore.com\/it\/prodotto\/adidas-metalbone-pro-edt-2024-ale-galan\/"]}]},{"@type":"ImageObject","inLanguage":"it-IT","@id":"https:\/\/revolutionpadelstore.com\/it\/prodotto\/adidas-metalbone-pro-edt-2024-ale-galan\/#primaryimage","url":"https:\/\/revolutionpadelstore.com\/wp-content\/uploads\/2024\/06\/adidas-metalbone-pro-edt-2024.png","contentUrl":"https:\/\/revolutionpadelstore.com\/wp-content\/uploads\/2024\/06\/adidas-metalbone-pro-edt-2024.png","width":900,"height":900},{"@type":"BreadcrumbList","@id":"https:\/\/revolutionpadelstore.com\/it\/prodotto\/adidas-metalbone-pro-edt-2024-ale-galan\/#breadcrumb","itemListElement":[{"@type":"ListItem","position":1,"name":"Portada","item":"https:\/\/revolutionpadelstore.com\/it\/"},{"@type":"ListItem","position":2,"name":"Tienda","item":"https:\/\/revolutionpadelstore.com\/it\/tienda\/"},{"@type":"ListItem","position":3,"name":"ADIDAS METALBONE PRO EDT 2024 ALE GALAN"}]},{"@type":"WebSite","@id":"https:\/\/revolutionpadelstore.com\/it\/#website","url":"https:\/\/revolutionpadelstore.com\/it\/","name":"Revolution Padel Store","description":"","publisher":{"@id":"https:\/\/revolutionpadelstore.com\/it\/#organization"},"potentialAction":[{"@type":"SearchAction","target":{"@type":"EntryPoint","urlTemplate":"https:\/\/revolutionpadelstore.com\/it\/?s={search_term_string}"},"query-input":{"@type":"PropertyValueSpecification","valueRequired":true,"valueName":"search_term_string"}}],"inLanguage":"it-IT"},{"@type":"Organization","@id":"https:\/\/revolutionpadelstore.com\/it\/#organization","name":"Revolution Padel Store","url":"https:\/\/revolutionpadelstore.com\/it\/","logo":{"@type":"ImageObject","inLanguage":"it-IT","@id":"https:\/\/revolutionpadelstore.com\/it\/#\/schema\/logo\/image\/","url":"https:\/\/revolutionpadelstore.com\/wp-content\/uploads\/2026\/02\/revolution-padel-store.jpg","contentUrl":"https:\/\/revolutionpadelstore.com\/wp-content\/uploads\/2026\/02\/revolution-padel-store.jpg","width":2000,"height":2000,"caption":"Revolution Padel Store"},"image":{"@id":"https:\/\/revolutionpadelstore.com\/it\/#\/schema\/logo\/image\/"},"sameAs":["https:\/\/www.instagram.com\/revolutionpadelstore\/"]}]}},"_links":{"self":[{"href":"https:\/\/revolutionpadelstore.com\/it\/wp-json\/wp\/v2\/product\/11067","targetHints":{"allow":["GET"]}}],"collection":[{"href":"https:\/\/revolutionpadelstore.com\/it\/wp-json\/wp\/v2\/product"}],"about":[{"href":"https:\/\/revolutionpadelstore.com\/it\/wp-json\/wp\/v2\/types\/product"}],"replies":[{"embeddable":true,"href":"https:\/\/revolutionpadelstore.com\/it\/wp-json\/wp\/v2\/comments?post=11067"}],"wp:featuredmedia":[{"embeddable":true,"href":"https:\/\/revolutionpadelstore.com\/it\/wp-json\/wp\/v2\/media\/11076"}],"wp:attachment":[{"href":"https:\/\/revolutionpadelstore.com\/it\/wp-json\/wp\/v2\/media?parent=11067"}],"wp:term":[{"taxonomy":"acabado","embeddable":true,"href":"https:\/\/revolutionpadelstore.com\/it\/wp-json\/wp\/v2\/acabado?post=11067"},{"taxonomy":"balance","embeddable":true,"href":"https:\/\/revolutionpadelstore.com\/it\/wp-json\/wp\/v2\/balance?post=11067"},{"taxonomy":"dureza","embeddable":true,"href":"https:\/\/revolutionpadelstore.com\/it\/wp-json\/wp\/v2\/dureza?post=11067"},{"taxonomy":"forma","embeddable":true,"href":"https:\/\/revolutionpadelstore.com\/it\/wp-json\/wp\/v2\/forma?post=11067"},{"taxonomy":"jugador","embeddable":true,"href":"https:\/\/revolutionpadelstore.com\/it\/wp-json\/wp\/v2\/jugador?post=11067"},{"taxonomy":"marca","embeddable":true,"href":"https:\/\/revolutionpadelstore.com\/it\/wp-json\/wp\/v2\/marca?post=11067"},{"taxonomy":"nivel-de-juego","embeddable":true,"href":"https:\/\/revolutionpadelstore.com\/it\/wp-json\/wp\/v2\/nivel-de-juego?post=11067"},{"taxonomy":"superficie","embeddable":true,"href":"https:\/\/revolutionpadelstore.com\/it\/wp-json\/wp\/v2\/superficie?post=11067"},{"taxonomy":"tipo-de-juego","embeddable":true,"href":"https:\/\/revolutionpadelstore.com\/it\/wp-json\/wp\/v2\/tipo-de-juego?post=11067"},{"taxonomy":"product_brand","embeddable":true,"href":"https:\/\/revolutionpadelstore.com\/it\/wp-json\/wp\/v2\/product_brand?post=11067"},{"taxonomy":"product_cat","embeddable":true,"href":"https:\/\/revolutionpadelstore.com\/it\/wp-json\/wp\/v2\/product_cat?post=11067"},{"taxonomy":"product_tag","embeddable":true,"href":"https:\/\/revolutionpadelstore.com\/it\/wp-json\/wp\/v2\/product_tag?post=11067"}],"curies":[{"name":"wp","href":"https:\/\/api.w.org\/{rel}","templated":true}]}}