{"id":11028,"date":"2024-06-18T13:16:46","date_gmt":"2024-06-18T11:16:46","guid":{"rendered":"https:\/\/revolutionpadelstore.com\/cross-it-pro-edt-2024-marta-ortega\/"},"modified":"2026-04-08T11:16:41","modified_gmt":"2026-04-08T09:16:41","slug":"adidas-cross-it-pro-edt-2024-marta-ortega","status":"publish","type":"product","link":"https:\/\/revolutionpadelstore.com\/it\/prodotto\/adidas-cross-it-pro-edt-2024-marta-ortega\/","title":{"rendered":"ADIDAS CROSS IT PRO EDT 2024 MARTA ORTEGA"},"content":{"rendered":"<div class=\"elementor-widget Elementor-element Elementor-element-v9q0wy0 Elementor-widget-heading\" data-element_type=\"heading\">\n<div class=\"elementor-widget-container\">\n<h2 class=\"elementor-heading-titleelementor-size-default none\">CROSS IT PRO EDT<\/h2>\n<\/div>\n<\/div>\n<div class=\"elementor-widget Elementor-element Elementor-element-1chplo7 Elementor-widget-text-editor\" data-element_type=\"text-editor\">\n<div class=\"elementor-widget-container\">\n<div class=\"elementor-text-editor rte-content\">\n<p>La PRO-EDT Cross It Light di Marta Ortega \u00e8 una racchetta esclusiva pensata per i giocatori che cercano la perfezione in ogni punto. Incorpora tutte le rivoluzionarie tecnologie Cross It, che ti danno un valore differenziale in tutti gli aspetti del gioco. L&#8217;Extra Power Grip e il sistema Dynamic Air Flow ti consentono di scatenare una potenza travolgente, mentre lo Spin Blade Mould ti aiuta a eseguire colpi con effetti degni di un professionista. Le tecnologie <strong>Eleven 13<\/strong> e <strong>Structural Reinforcement<\/strong> garantiscono che la tua racchetta possa resistere ai colpi pi\u00f9 duri, permettendoti di giocare senza preoccupazioni. La composizione di fibra di carbonio alluminizzata 24K e gomma <strong>EVA Soft Energy<\/strong> ti conferisce una rigidit\u00e0 invidiabile, perfetta per brillare in colpi potenti e precisi.<\/p>\n<p>L&#8217;aerodinamica \u00e8 arrivata nel mondo del padel. Questa tecnologia riduce la resistenza dell&#8217;aria nella zona del collo della racchetta per guadagnare velocit\u00e0 nell&#8217;esecuzione dei colpi, soprattutto quelli pi\u00f9 potenti.<\/p>\n<p>Un nuovo modo di disporre i fori che migliora la durata e la capacit\u00e0 di potenza della racchetta. Sono costituiti da fori pi\u00f9 piccoli del solito situati nella parte centrale della testa. In questo modo, questa parte centrale acquista consistenza e rigidit\u00e0.<\/p>\n<p>L&#8217;impugnatura della racchetta \u00e8 pi\u00f9 lunga del solito. In questo modo, l&#8217;equilibrio della racchetta si concentra nella testa, fattore che permette di ottenere pi\u00f9 inerzia e un migliore comportamento nei colpi potenti.<\/p>\n<\/div>\n<\/div>\n<\/div>\n","protected":false},"excerpt":{"rendered":"<p>La PRO-EDT Cross It Light di Marta Ortega \u00e8 una racchetta esclusiva progettata per i giocatori che cercano la perfezione in ogni punto. Incorpora tutte le rivoluzionarie tecnologie Cross It, che ti danno un valore differenziale in tutti gli aspetti del gioco.<\/p>\n","protected":false},"featured_media":11036,"comment_status":"open","ping_status":"closed","template":"","meta":{"_acf_changed":false,"_joinchat":[]},"acabado":[1091],"balance":[1136,1141],"dureza":[1161,1156],"forma":[1176],"jugador":[1196],"marca":[1231],"nivel-de-juego":[1336],"superficie":[1361],"tipo-de-juego":[1386,1376],"product_brand":[],"product_cat":[301],"product_tag":[],"class_list":{"0":"post-11028","1":"product","2":"type-product","3":"status-publish","4":"has-post-thumbnail","6":"acabado-relieve-3d-it","7":"balance-alto-it","8":"balance-medio-it","9":"dureza-dura-it","10":"dureza-media-it","11":"forma-ibrido","12":"jugador-mujer-it","13":"marca-adidas-it","14":"superficie-rugosa-it","15":"tipo-de-juego-multiuso","16":"tipo-de-juego-potenza","17":"product_cat-palas-de-padel-it","19":"first","20":"outofstock","21":"sale","22":"taxable","23":"shipping-taxable","24":"purchasable","25":"product-type-simple"},"acf":[],"yoast_head":"<!-- This site is optimized with the Yoast SEO plugin v27.4 - https:\/\/yoast.com\/product\/yoast-seo-wordpress\/ -->\n<title>ADIDAS CROSS IT PRO EDT 2024 MARTA ORTEGA - Revolution Padel Store<\/title>\n<meta name=\"description\" content=\"La PRO-EDT Cross It Light by Marta Ortega es una pala exclusiva dise\u00f1ada para jugadoras y jugadores que buscan la perfecci\u00f3n en cada punto. Incorpora todas las revolucionarias tecnolog\u00edas Cross It, que te brindan un valor diferencial en todos los aspectos del juego.\" \/>\n<meta name=\"robots\" content=\"index, follow, max-snippet:-1, max-image-preview:large, max-video-preview:-1\" \/>\n<link rel=\"canonical\" href=\"https:\/\/revolutionpadelstore.com\/it\/prodotto\/adidas-cross-it-pro-edt-2024-marta-ortega\/\" \/>\n<meta property=\"og:locale\" content=\"it_IT\" \/>\n<meta property=\"og:type\" content=\"article\" \/>\n<meta property=\"og:title\" content=\"COMPRAR CROSS IT PRO EDT 2024 MARTA ORTEGA\" \/>\n<meta property=\"og:description\" content=\"La PRO-EDT Cross It Light by Marta Ortega es una pala exclusiva dise\u00f1ada para jugadoras y jugadores que buscan la perfecci\u00f3n en cada punto. Incorpora todas las revolucionarias tecnolog\u00edas Cross It, que te brindan un valor diferencial en todos los aspectos del juego.\" \/>\n<meta property=\"og:url\" content=\"https:\/\/revolutionpadelstore.com\/it\/prodotto\/adidas-cross-it-pro-edt-2024-marta-ortega\/\" \/>\n<meta property=\"og:site_name\" content=\"Revolution Padel Store\" \/>\n<meta property=\"article:modified_time\" content=\"2026-04-08T09:16:41+00:00\" \/>\n<meta property=\"og:image\" content=\"https:\/\/revolutionpadelstore.com\/wp-content\/uploads\/2024\/06\/adidas-cross-it-pro-edt-2024.png\" \/>\n\t<meta property=\"og:image:width\" content=\"900\" \/>\n\t<meta property=\"og:image:height\" content=\"900\" \/>\n\t<meta property=\"og:image:type\" content=\"image\/png\" \/>\n<meta name=\"twitter:card\" content=\"summary_large_image\" \/>\n<meta name=\"twitter:label1\" content=\"Tempo di lettura stimato\" \/>\n\t<meta name=\"twitter:data1\" content=\"2 minuti\" \/>\n<script type=\"application\/ld+json\" class=\"yoast-schema-graph\">{\"@context\":\"https:\\\/\\\/schema.org\",\"@graph\":[{\"@type\":\"WebPage\",\"@id\":\"https:\\\/\\\/revolutionpadelstore.com\\\/it\\\/prodotto\\\/adidas-cross-it-pro-edt-2024-marta-ortega\\\/\",\"url\":\"https:\\\/\\\/revolutionpadelstore.com\\\/it\\\/prodotto\\\/adidas-cross-it-pro-edt-2024-marta-ortega\\\/\",\"name\":\"ADIDAS CROSS IT PRO EDT 2024 MARTA ORTEGA - Revolution Padel Store\",\"isPartOf\":{\"@id\":\"https:\\\/\\\/revolutionpadelstore.com\\\/it\\\/#website\"},\"primaryImageOfPage\":{\"@id\":\"https:\\\/\\\/revolutionpadelstore.com\\\/it\\\/prodotto\\\/adidas-cross-it-pro-edt-2024-marta-ortega\\\/#primaryimage\"},\"image\":{\"@id\":\"https:\\\/\\\/revolutionpadelstore.com\\\/it\\\/prodotto\\\/adidas-cross-it-pro-edt-2024-marta-ortega\\\/#primaryimage\"},\"thumbnailUrl\":\"https:\\\/\\\/revolutionpadelstore.com\\\/wp-content\\\/uploads\\\/2024\\\/06\\\/adidas-cross-it-pro-edt-2024.png\",\"datePublished\":\"2024-06-18T11:16:46+00:00\",\"dateModified\":\"2026-04-08T09:16:41+00:00\",\"description\":\"La PRO-EDT Cross It Light by Marta Ortega es una pala exclusiva dise\u00f1ada para jugadoras y jugadores que buscan la perfecci\u00f3n en cada punto. Incorpora todas las revolucionarias tecnolog\u00edas Cross It, que te brindan un valor diferencial en todos los aspectos del juego.\",\"breadcrumb\":{\"@id\":\"https:\\\/\\\/revolutionpadelstore.com\\\/it\\\/prodotto\\\/adidas-cross-it-pro-edt-2024-marta-ortega\\\/#breadcrumb\"},\"inLanguage\":\"it-IT\",\"potentialAction\":[{\"@type\":\"ReadAction\",\"target\":[\"https:\\\/\\\/revolutionpadelstore.com\\\/it\\\/prodotto\\\/adidas-cross-it-pro-edt-2024-marta-ortega\\\/\"]}]},{\"@type\":\"ImageObject\",\"inLanguage\":\"it-IT\",\"@id\":\"https:\\\/\\\/revolutionpadelstore.com\\\/it\\\/prodotto\\\/adidas-cross-it-pro-edt-2024-marta-ortega\\\/#primaryimage\",\"url\":\"https:\\\/\\\/revolutionpadelstore.com\\\/wp-content\\\/uploads\\\/2024\\\/06\\\/adidas-cross-it-pro-edt-2024.png\",\"contentUrl\":\"https:\\\/\\\/revolutionpadelstore.com\\\/wp-content\\\/uploads\\\/2024\\\/06\\\/adidas-cross-it-pro-edt-2024.png\",\"width\":900,\"height\":900},{\"@type\":\"BreadcrumbList\",\"@id\":\"https:\\\/\\\/revolutionpadelstore.com\\\/it\\\/prodotto\\\/adidas-cross-it-pro-edt-2024-marta-ortega\\\/#breadcrumb\",\"itemListElement\":[{\"@type\":\"ListItem\",\"position\":1,\"name\":\"Portada\",\"item\":\"https:\\\/\\\/revolutionpadelstore.com\\\/it\\\/\"},{\"@type\":\"ListItem\",\"position\":2,\"name\":\"Tienda\",\"item\":\"https:\\\/\\\/revolutionpadelstore.com\\\/it\\\/tienda\\\/\"},{\"@type\":\"ListItem\",\"position\":3,\"name\":\"ADIDAS CROSS IT PRO EDT 2024 MARTA ORTEGA\"}]},{\"@type\":\"WebSite\",\"@id\":\"https:\\\/\\\/revolutionpadelstore.com\\\/it\\\/#website\",\"url\":\"https:\\\/\\\/revolutionpadelstore.com\\\/it\\\/\",\"name\":\"Revolution Padel Store\",\"description\":\"\",\"publisher\":{\"@id\":\"https:\\\/\\\/revolutionpadelstore.com\\\/it\\\/#organization\"},\"potentialAction\":[{\"@type\":\"SearchAction\",\"target\":{\"@type\":\"EntryPoint\",\"urlTemplate\":\"https:\\\/\\\/revolutionpadelstore.com\\\/it\\\/?s={search_term_string}\"},\"query-input\":{\"@type\":\"PropertyValueSpecification\",\"valueRequired\":true,\"valueName\":\"search_term_string\"}}],\"inLanguage\":\"it-IT\"},{\"@type\":\"Organization\",\"@id\":\"https:\\\/\\\/revolutionpadelstore.com\\\/it\\\/#organization\",\"name\":\"Revolution Padel Store\",\"url\":\"https:\\\/\\\/revolutionpadelstore.com\\\/it\\\/\",\"logo\":{\"@type\":\"ImageObject\",\"inLanguage\":\"it-IT\",\"@id\":\"https:\\\/\\\/revolutionpadelstore.com\\\/it\\\/#\\\/schema\\\/logo\\\/image\\\/\",\"url\":\"https:\\\/\\\/revolutionpadelstore.com\\\/wp-content\\\/uploads\\\/2026\\\/02\\\/revolution-padel-store.jpg\",\"contentUrl\":\"https:\\\/\\\/revolutionpadelstore.com\\\/wp-content\\\/uploads\\\/2026\\\/02\\\/revolution-padel-store.jpg\",\"width\":2000,\"height\":2000,\"caption\":\"Revolution Padel Store\"},\"image\":{\"@id\":\"https:\\\/\\\/revolutionpadelstore.com\\\/it\\\/#\\\/schema\\\/logo\\\/image\\\/\"},\"sameAs\":[\"https:\\\/\\\/www.instagram.com\\\/revolutionpadelstore\\\/\"]}]}<\/script>\n<!-- \/ Yoast SEO plugin. -->","yoast_head_json":{"title":"ADIDAS CROSS IT PRO EDT 2024 MARTA ORTEGA - Revolution Padel Store","description":"La PRO-EDT Cross It Light by Marta Ortega es una pala exclusiva dise\u00f1ada para jugadoras y jugadores que buscan la perfecci\u00f3n en cada punto. Incorpora todas las revolucionarias tecnolog\u00edas Cross It, que te brindan un valor diferencial en todos los aspectos del juego.","robots":{"index":"index","follow":"follow","max-snippet":"max-snippet:-1","max-image-preview":"max-image-preview:large","max-video-preview":"max-video-preview:-1"},"canonical":"https:\/\/revolutionpadelstore.com\/it\/prodotto\/adidas-cross-it-pro-edt-2024-marta-ortega\/","og_locale":"it_IT","og_type":"article","og_title":"COMPRAR CROSS IT PRO EDT 2024 MARTA ORTEGA","og_description":"La PRO-EDT Cross It Light by Marta Ortega es una pala exclusiva dise\u00f1ada para jugadoras y jugadores que buscan la perfecci\u00f3n en cada punto. Incorpora todas las revolucionarias tecnolog\u00edas Cross It, que te brindan un valor diferencial en todos los aspectos del juego.","og_url":"https:\/\/revolutionpadelstore.com\/it\/prodotto\/adidas-cross-it-pro-edt-2024-marta-ortega\/","og_site_name":"Revolution Padel Store","article_modified_time":"2026-04-08T09:16:41+00:00","og_image":[{"width":900,"height":900,"url":"https:\/\/revolutionpadelstore.com\/wp-content\/uploads\/2024\/06\/adidas-cross-it-pro-edt-2024.png","type":"image\/png"}],"twitter_card":"summary_large_image","twitter_misc":{"Tempo di lettura stimato":"2 minuti"},"schema":{"@context":"https:\/\/schema.org","@graph":[{"@type":"WebPage","@id":"https:\/\/revolutionpadelstore.com\/it\/prodotto\/adidas-cross-it-pro-edt-2024-marta-ortega\/","url":"https:\/\/revolutionpadelstore.com\/it\/prodotto\/adidas-cross-it-pro-edt-2024-marta-ortega\/","name":"ADIDAS CROSS IT PRO EDT 2024 MARTA ORTEGA - Revolution Padel Store","isPartOf":{"@id":"https:\/\/revolutionpadelstore.com\/it\/#website"},"primaryImageOfPage":{"@id":"https:\/\/revolutionpadelstore.com\/it\/prodotto\/adidas-cross-it-pro-edt-2024-marta-ortega\/#primaryimage"},"image":{"@id":"https:\/\/revolutionpadelstore.com\/it\/prodotto\/adidas-cross-it-pro-edt-2024-marta-ortega\/#primaryimage"},"thumbnailUrl":"https:\/\/revolutionpadelstore.com\/wp-content\/uploads\/2024\/06\/adidas-cross-it-pro-edt-2024.png","datePublished":"2024-06-18T11:16:46+00:00","dateModified":"2026-04-08T09:16:41+00:00","description":"La PRO-EDT Cross It Light by Marta Ortega es una pala exclusiva dise\u00f1ada para jugadoras y jugadores que buscan la perfecci\u00f3n en cada punto. Incorpora todas las revolucionarias tecnolog\u00edas Cross It, que te brindan un valor diferencial en todos los aspectos del juego.","breadcrumb":{"@id":"https:\/\/revolutionpadelstore.com\/it\/prodotto\/adidas-cross-it-pro-edt-2024-marta-ortega\/#breadcrumb"},"inLanguage":"it-IT","potentialAction":[{"@type":"ReadAction","target":["https:\/\/revolutionpadelstore.com\/it\/prodotto\/adidas-cross-it-pro-edt-2024-marta-ortega\/"]}]},{"@type":"ImageObject","inLanguage":"it-IT","@id":"https:\/\/revolutionpadelstore.com\/it\/prodotto\/adidas-cross-it-pro-edt-2024-marta-ortega\/#primaryimage","url":"https:\/\/revolutionpadelstore.com\/wp-content\/uploads\/2024\/06\/adidas-cross-it-pro-edt-2024.png","contentUrl":"https:\/\/revolutionpadelstore.com\/wp-content\/uploads\/2024\/06\/adidas-cross-it-pro-edt-2024.png","width":900,"height":900},{"@type":"BreadcrumbList","@id":"https:\/\/revolutionpadelstore.com\/it\/prodotto\/adidas-cross-it-pro-edt-2024-marta-ortega\/#breadcrumb","itemListElement":[{"@type":"ListItem","position":1,"name":"Portada","item":"https:\/\/revolutionpadelstore.com\/it\/"},{"@type":"ListItem","position":2,"name":"Tienda","item":"https:\/\/revolutionpadelstore.com\/it\/tienda\/"},{"@type":"ListItem","position":3,"name":"ADIDAS CROSS IT PRO EDT 2024 MARTA ORTEGA"}]},{"@type":"WebSite","@id":"https:\/\/revolutionpadelstore.com\/it\/#website","url":"https:\/\/revolutionpadelstore.com\/it\/","name":"Revolution Padel Store","description":"","publisher":{"@id":"https:\/\/revolutionpadelstore.com\/it\/#organization"},"potentialAction":[{"@type":"SearchAction","target":{"@type":"EntryPoint","urlTemplate":"https:\/\/revolutionpadelstore.com\/it\/?s={search_term_string}"},"query-input":{"@type":"PropertyValueSpecification","valueRequired":true,"valueName":"search_term_string"}}],"inLanguage":"it-IT"},{"@type":"Organization","@id":"https:\/\/revolutionpadelstore.com\/it\/#organization","name":"Revolution Padel Store","url":"https:\/\/revolutionpadelstore.com\/it\/","logo":{"@type":"ImageObject","inLanguage":"it-IT","@id":"https:\/\/revolutionpadelstore.com\/it\/#\/schema\/logo\/image\/","url":"https:\/\/revolutionpadelstore.com\/wp-content\/uploads\/2026\/02\/revolution-padel-store.jpg","contentUrl":"https:\/\/revolutionpadelstore.com\/wp-content\/uploads\/2026\/02\/revolution-padel-store.jpg","width":2000,"height":2000,"caption":"Revolution Padel Store"},"image":{"@id":"https:\/\/revolutionpadelstore.com\/it\/#\/schema\/logo\/image\/"},"sameAs":["https:\/\/www.instagram.com\/revolutionpadelstore\/"]}]}},"_links":{"self":[{"href":"https:\/\/revolutionpadelstore.com\/it\/wp-json\/wp\/v2\/product\/11028","targetHints":{"allow":["GET"]}}],"collection":[{"href":"https:\/\/revolutionpadelstore.com\/it\/wp-json\/wp\/v2\/product"}],"about":[{"href":"https:\/\/revolutionpadelstore.com\/it\/wp-json\/wp\/v2\/types\/product"}],"replies":[{"embeddable":true,"href":"https:\/\/revolutionpadelstore.com\/it\/wp-json\/wp\/v2\/comments?post=11028"}],"wp:featuredmedia":[{"embeddable":true,"href":"https:\/\/revolutionpadelstore.com\/it\/wp-json\/wp\/v2\/media\/11036"}],"wp:attachment":[{"href":"https:\/\/revolutionpadelstore.com\/it\/wp-json\/wp\/v2\/media?parent=11028"}],"wp:term":[{"taxonomy":"acabado","embeddable":true,"href":"https:\/\/revolutionpadelstore.com\/it\/wp-json\/wp\/v2\/acabado?post=11028"},{"taxonomy":"balance","embeddable":true,"href":"https:\/\/revolutionpadelstore.com\/it\/wp-json\/wp\/v2\/balance?post=11028"},{"taxonomy":"dureza","embeddable":true,"href":"https:\/\/revolutionpadelstore.com\/it\/wp-json\/wp\/v2\/dureza?post=11028"},{"taxonomy":"forma","embeddable":true,"href":"https:\/\/revolutionpadelstore.com\/it\/wp-json\/wp\/v2\/forma?post=11028"},{"taxonomy":"jugador","embeddable":true,"href":"https:\/\/revolutionpadelstore.com\/it\/wp-json\/wp\/v2\/jugador?post=11028"},{"taxonomy":"marca","embeddable":true,"href":"https:\/\/revolutionpadelstore.com\/it\/wp-json\/wp\/v2\/marca?post=11028"},{"taxonomy":"nivel-de-juego","embeddable":true,"href":"https:\/\/revolutionpadelstore.com\/it\/wp-json\/wp\/v2\/nivel-de-juego?post=11028"},{"taxonomy":"superficie","embeddable":true,"href":"https:\/\/revolutionpadelstore.com\/it\/wp-json\/wp\/v2\/superficie?post=11028"},{"taxonomy":"tipo-de-juego","embeddable":true,"href":"https:\/\/revolutionpadelstore.com\/it\/wp-json\/wp\/v2\/tipo-de-juego?post=11028"},{"taxonomy":"product_brand","embeddable":true,"href":"https:\/\/revolutionpadelstore.com\/it\/wp-json\/wp\/v2\/product_brand?post=11028"},{"taxonomy":"product_cat","embeddable":true,"href":"https:\/\/revolutionpadelstore.com\/it\/wp-json\/wp\/v2\/product_cat?post=11028"},{"taxonomy":"product_tag","embeddable":true,"href":"https:\/\/revolutionpadelstore.com\/it\/wp-json\/wp\/v2\/product_tag?post=11028"}],"curies":[{"name":"wp","href":"https:\/\/api.w.org\/{rel}","templated":true}]}}