{"id":10991,"date":"2024-06-18T14:51:16","date_gmt":"2024-06-18T12:51:16","guid":{"rendered":"https:\/\/revolutionpadelstore.com\/adipower-ctrl-mtw-pro-edt-2024-alex-ruiz\/"},"modified":"2026-04-08T11:16:12","modified_gmt":"2026-04-08T09:16:12","slug":"adidas-adipower-ctrl-mtw-pro-edt-2024-alex-ruiz","status":"publish","type":"product","link":"https:\/\/revolutionpadelstore.com\/it\/prodotto\/adidas-adipower-ctrl-mtw-pro-edt-2024-alex-ruiz\/","title":{"rendered":"ADIDAS ADIPOWER CTRL MTW PRO EDT 2024 ALEX RUIZ"},"content":{"rendered":"<div class=\"elementor-widget Elementor-element Elementor-element-hb8cjf9 Elementor-widget-heading\" data-element_type=\"heading\">\n<div class=\"elementor-widget-container\">\n<h2 class=\"elementor-heading-titleelementor-size-default none\">ADIPOWER CTRL MTW PRO EDT<\/h2>\n<\/div>\n<\/div>\n<div class=\"elementor-widget Elementor-element Elementor-element-tv9zqlu Elementor-widget-text-editor\" data-element_type=\"text-editor\">\n<div class=\"elementor-widget-container\">\n<div class=\"elementor-text-editor rte-content\">\n<p>Il PRO-EDT Adipower CTRL MTW di \u00c1lex Ruiz \u00e8 un modello unico ed esclusivo. Riunisce tutte le tecnologie Multiweight e i materiali di altissima qualit\u00e0 per raggiungere l&#8217;eccellenza. Per ottenere la massima potenza, il Power Embossed Ridge e il Dual Exoskeleton forniscono una rigidit\u00e0 incomparabile, mentre lo spin migliore proviene dallo Spin Blade <\/strong><\/p>\n<p>Il sistema <strong>Weight &amp; Balance<\/strong> ti consente di regolare il peso e il bilanciamento della racchetta a tuo piacimento, permettendoti di trovare il perfetto equilibrio tra potenza e controllo. La forma rotonda della racchetta ti offre un controllo assoluto la palla, permettendoti di posizionarla con precisione in qualsiasi angolo del campo.<\/p>\n<p>La combinazione di <strong>fibra di carbonio 18K<\/strong> e gomma <strong>EVA High Memory<\/strong> fornisce una rigidit\u00e0 insuperabile, perfetta per schierare un gioco d&#8217;attacco travolgente.<\/p>\n<p>Il bilanciamento e i pesi della racchetta sono modificabili grazie a questa innovativa tecnologia presente solo nelle racchette di altissimo livello. Il suo sistema di viti rimovibili installato sulla parte superiore e sui lati della testa della racchetta permette di regolare il bilanciamento del peso e adattare il comportamento in ogni momento alle esigenze di ogni giocatore.<\/p>\n<p>La rigidit\u00e0 \u00e8 una caratteristica integrante delle pale che dispongono di questa tecnologia di rinforzo della struttura. Le nervature in carbonio a doppia altezza distribuite sul nucleo e sul telaio offrono le migliori prestazioni sui colpi pi\u00f9 potenti.<\/p>\n<p>La racchetta ha un rilievo ruvido sulla superficie per ottenere i migliori effetti. L&#8217;attrito con la palla \u00e8 ad alta tensione per ottenere le curve pi\u00f9 sorprendenti e complicate per gli avversari.<\/p>\n<\/div>\n<\/div>\n<\/div>\n","protected":false},"excerpt":{"rendered":"<p>ADIPOWER CTRL MTW PRO EDT Il PRO-EDT Adipower CTRL MTW di \u00c1lex Ruiz \u00e8 un modello unico ed esclusivo. Riunisce tutte le tecnologie Multiweight e i materiali di altissima qualit\u00e0 per raggiungere l&#8217;eccellenza. Per ottenere la massima potenza, il Power Embossed Ridge e il Dual Exoskeleton forniscono una rigidit\u00e0 incomparabile, mentre lo spin migliore proviene [&hellip;]<\/p>\n","protected":false},"featured_media":10999,"comment_status":"open","ping_status":"closed","template":"","meta":{"_acf_changed":false,"_joinchat":[]},"acabado":[1091],"balance":[1141],"dureza":[1156],"forma":[1181],"jugador":[1201,1191],"marca":[1231],"nivel-de-juego":[1336],"superficie":[1361],"tipo-de-juego":[1391,1386],"product_brand":[],"product_cat":[301],"product_tag":[],"class_list":{"0":"post-10991","1":"product","2":"type-product","3":"status-publish","4":"has-post-thumbnail","6":"acabado-relieve-3d-it","7":"balance-medio-it","8":"dureza-media-it","9":"forma-rotondo","10":"jugador-multiuso","11":"jugador-uomo","12":"marca-adidas-it","13":"superficie-rugosa-it","14":"tipo-de-juego-avanzado-competicion-it","15":"tipo-de-juego-multiuso","16":"product_cat-palas-de-padel-it","18":"first","19":"outofstock","20":"sale","21":"taxable","22":"shipping-taxable","23":"purchasable","24":"product-type-simple"},"acf":[],"yoast_head":"<!-- This site is optimized with the Yoast SEO plugin v27.4 - https:\/\/yoast.com\/product\/yoast-seo-wordpress\/ -->\n<title>ADIDAS ADIPOWER CTRL MTW PRO EDT 2024 ALEX RUIZ - Revolution Padel Store<\/title>\n<meta name=\"description\" content=\"La PRO-EDT Adipower CTRL MTW by \u00c1lex Ruiz es un modelo \u00fanico y exclusivo. Agrupa todas las tecnolog\u00edas de Multiweight y los materiales de mayor calidad para alcanzar la excelencia.\" \/>\n<meta name=\"robots\" content=\"index, follow, max-snippet:-1, max-image-preview:large, max-video-preview:-1\" \/>\n<link rel=\"canonical\" href=\"https:\/\/revolutionpadelstore.com\/it\/prodotto\/adidas-adipower-ctrl-mtw-pro-edt-2024-alex-ruiz\/\" \/>\n<meta property=\"og:locale\" content=\"it_IT\" \/>\n<meta property=\"og:type\" content=\"article\" \/>\n<meta property=\"og:title\" content=\"COMPRAR ADIPOWER CTRL MTW PRO EDT 2024 ALEX RUIZ\" \/>\n<meta property=\"og:description\" content=\"La PRO-EDT Adipower CTRL MTW by \u00c1lex Ruiz es un modelo \u00fanico y exclusivo. Agrupa todas las tecnolog\u00edas de Multiweight y los materiales de mayor calidad para alcanzar la excelencia.\" \/>\n<meta property=\"og:url\" content=\"https:\/\/revolutionpadelstore.com\/it\/prodotto\/adidas-adipower-ctrl-mtw-pro-edt-2024-alex-ruiz\/\" \/>\n<meta property=\"og:site_name\" content=\"Revolution Padel Store\" \/>\n<meta property=\"article:modified_time\" content=\"2026-04-08T09:16:12+00:00\" \/>\n<meta property=\"og:image\" content=\"https:\/\/revolutionpadelstore.com\/wp-content\/uploads\/2024\/06\/adidas-adipower-ctrl-mtw-pro-edt-2024.png\" \/>\n\t<meta property=\"og:image:width\" content=\"900\" \/>\n\t<meta property=\"og:image:height\" content=\"900\" \/>\n\t<meta property=\"og:image:type\" content=\"image\/png\" \/>\n<meta name=\"twitter:card\" content=\"summary_large_image\" \/>\n<meta name=\"twitter:label1\" content=\"Tempo di lettura stimato\" \/>\n\t<meta name=\"twitter:data1\" content=\"2 minuti\" \/>\n<script type=\"application\/ld+json\" class=\"yoast-schema-graph\">{\"@context\":\"https:\\\/\\\/schema.org\",\"@graph\":[{\"@type\":\"WebPage\",\"@id\":\"https:\\\/\\\/revolutionpadelstore.com\\\/it\\\/prodotto\\\/adidas-adipower-ctrl-mtw-pro-edt-2024-alex-ruiz\\\/\",\"url\":\"https:\\\/\\\/revolutionpadelstore.com\\\/it\\\/prodotto\\\/adidas-adipower-ctrl-mtw-pro-edt-2024-alex-ruiz\\\/\",\"name\":\"ADIDAS ADIPOWER CTRL MTW PRO EDT 2024 ALEX RUIZ - Revolution Padel Store\",\"isPartOf\":{\"@id\":\"https:\\\/\\\/revolutionpadelstore.com\\\/it\\\/#website\"},\"primaryImageOfPage\":{\"@id\":\"https:\\\/\\\/revolutionpadelstore.com\\\/it\\\/prodotto\\\/adidas-adipower-ctrl-mtw-pro-edt-2024-alex-ruiz\\\/#primaryimage\"},\"image\":{\"@id\":\"https:\\\/\\\/revolutionpadelstore.com\\\/it\\\/prodotto\\\/adidas-adipower-ctrl-mtw-pro-edt-2024-alex-ruiz\\\/#primaryimage\"},\"thumbnailUrl\":\"https:\\\/\\\/revolutionpadelstore.com\\\/wp-content\\\/uploads\\\/2024\\\/06\\\/adidas-adipower-ctrl-mtw-pro-edt-2024.png\",\"datePublished\":\"2024-06-18T12:51:16+00:00\",\"dateModified\":\"2026-04-08T09:16:12+00:00\",\"description\":\"La PRO-EDT Adipower CTRL MTW by \u00c1lex Ruiz es un modelo \u00fanico y exclusivo. Agrupa todas las tecnolog\u00edas de Multiweight y los materiales de mayor calidad para alcanzar la excelencia.\",\"breadcrumb\":{\"@id\":\"https:\\\/\\\/revolutionpadelstore.com\\\/it\\\/prodotto\\\/adidas-adipower-ctrl-mtw-pro-edt-2024-alex-ruiz\\\/#breadcrumb\"},\"inLanguage\":\"it-IT\",\"potentialAction\":[{\"@type\":\"ReadAction\",\"target\":[\"https:\\\/\\\/revolutionpadelstore.com\\\/it\\\/prodotto\\\/adidas-adipower-ctrl-mtw-pro-edt-2024-alex-ruiz\\\/\"]}]},{\"@type\":\"ImageObject\",\"inLanguage\":\"it-IT\",\"@id\":\"https:\\\/\\\/revolutionpadelstore.com\\\/it\\\/prodotto\\\/adidas-adipower-ctrl-mtw-pro-edt-2024-alex-ruiz\\\/#primaryimage\",\"url\":\"https:\\\/\\\/revolutionpadelstore.com\\\/wp-content\\\/uploads\\\/2024\\\/06\\\/adidas-adipower-ctrl-mtw-pro-edt-2024.png\",\"contentUrl\":\"https:\\\/\\\/revolutionpadelstore.com\\\/wp-content\\\/uploads\\\/2024\\\/06\\\/adidas-adipower-ctrl-mtw-pro-edt-2024.png\",\"width\":900,\"height\":900},{\"@type\":\"BreadcrumbList\",\"@id\":\"https:\\\/\\\/revolutionpadelstore.com\\\/it\\\/prodotto\\\/adidas-adipower-ctrl-mtw-pro-edt-2024-alex-ruiz\\\/#breadcrumb\",\"itemListElement\":[{\"@type\":\"ListItem\",\"position\":1,\"name\":\"Portada\",\"item\":\"https:\\\/\\\/revolutionpadelstore.com\\\/it\\\/\"},{\"@type\":\"ListItem\",\"position\":2,\"name\":\"Tienda\",\"item\":\"https:\\\/\\\/revolutionpadelstore.com\\\/it\\\/tienda\\\/\"},{\"@type\":\"ListItem\",\"position\":3,\"name\":\"ADIDAS ADIPOWER CTRL MTW PRO EDT 2024 ALEX RUIZ\"}]},{\"@type\":\"WebSite\",\"@id\":\"https:\\\/\\\/revolutionpadelstore.com\\\/it\\\/#website\",\"url\":\"https:\\\/\\\/revolutionpadelstore.com\\\/it\\\/\",\"name\":\"Revolution Padel Store\",\"description\":\"\",\"publisher\":{\"@id\":\"https:\\\/\\\/revolutionpadelstore.com\\\/it\\\/#organization\"},\"potentialAction\":[{\"@type\":\"SearchAction\",\"target\":{\"@type\":\"EntryPoint\",\"urlTemplate\":\"https:\\\/\\\/revolutionpadelstore.com\\\/it\\\/?s={search_term_string}\"},\"query-input\":{\"@type\":\"PropertyValueSpecification\",\"valueRequired\":true,\"valueName\":\"search_term_string\"}}],\"inLanguage\":\"it-IT\"},{\"@type\":\"Organization\",\"@id\":\"https:\\\/\\\/revolutionpadelstore.com\\\/it\\\/#organization\",\"name\":\"Revolution Padel Store\",\"url\":\"https:\\\/\\\/revolutionpadelstore.com\\\/it\\\/\",\"logo\":{\"@type\":\"ImageObject\",\"inLanguage\":\"it-IT\",\"@id\":\"https:\\\/\\\/revolutionpadelstore.com\\\/it\\\/#\\\/schema\\\/logo\\\/image\\\/\",\"url\":\"https:\\\/\\\/revolutionpadelstore.com\\\/wp-content\\\/uploads\\\/2026\\\/02\\\/revolution-padel-store.jpg\",\"contentUrl\":\"https:\\\/\\\/revolutionpadelstore.com\\\/wp-content\\\/uploads\\\/2026\\\/02\\\/revolution-padel-store.jpg\",\"width\":2000,\"height\":2000,\"caption\":\"Revolution Padel Store\"},\"image\":{\"@id\":\"https:\\\/\\\/revolutionpadelstore.com\\\/it\\\/#\\\/schema\\\/logo\\\/image\\\/\"},\"sameAs\":[\"https:\\\/\\\/www.instagram.com\\\/revolutionpadelstore\\\/\"]}]}<\/script>\n<!-- \/ Yoast SEO plugin. -->","yoast_head_json":{"title":"ADIDAS ADIPOWER CTRL MTW PRO EDT 2024 ALEX RUIZ - Revolution Padel Store","description":"La PRO-EDT Adipower CTRL MTW by \u00c1lex Ruiz es un modelo \u00fanico y exclusivo. Agrupa todas las tecnolog\u00edas de Multiweight y los materiales de mayor calidad para alcanzar la excelencia.","robots":{"index":"index","follow":"follow","max-snippet":"max-snippet:-1","max-image-preview":"max-image-preview:large","max-video-preview":"max-video-preview:-1"},"canonical":"https:\/\/revolutionpadelstore.com\/it\/prodotto\/adidas-adipower-ctrl-mtw-pro-edt-2024-alex-ruiz\/","og_locale":"it_IT","og_type":"article","og_title":"COMPRAR ADIPOWER CTRL MTW PRO EDT 2024 ALEX RUIZ","og_description":"La PRO-EDT Adipower CTRL MTW by \u00c1lex Ruiz es un modelo \u00fanico y exclusivo. Agrupa todas las tecnolog\u00edas de Multiweight y los materiales de mayor calidad para alcanzar la excelencia.","og_url":"https:\/\/revolutionpadelstore.com\/it\/prodotto\/adidas-adipower-ctrl-mtw-pro-edt-2024-alex-ruiz\/","og_site_name":"Revolution Padel Store","article_modified_time":"2026-04-08T09:16:12+00:00","og_image":[{"width":900,"height":900,"url":"https:\/\/revolutionpadelstore.com\/wp-content\/uploads\/2024\/06\/adidas-adipower-ctrl-mtw-pro-edt-2024.png","type":"image\/png"}],"twitter_card":"summary_large_image","twitter_misc":{"Tempo di lettura stimato":"2 minuti"},"schema":{"@context":"https:\/\/schema.org","@graph":[{"@type":"WebPage","@id":"https:\/\/revolutionpadelstore.com\/it\/prodotto\/adidas-adipower-ctrl-mtw-pro-edt-2024-alex-ruiz\/","url":"https:\/\/revolutionpadelstore.com\/it\/prodotto\/adidas-adipower-ctrl-mtw-pro-edt-2024-alex-ruiz\/","name":"ADIDAS ADIPOWER CTRL MTW PRO EDT 2024 ALEX RUIZ - Revolution Padel Store","isPartOf":{"@id":"https:\/\/revolutionpadelstore.com\/it\/#website"},"primaryImageOfPage":{"@id":"https:\/\/revolutionpadelstore.com\/it\/prodotto\/adidas-adipower-ctrl-mtw-pro-edt-2024-alex-ruiz\/#primaryimage"},"image":{"@id":"https:\/\/revolutionpadelstore.com\/it\/prodotto\/adidas-adipower-ctrl-mtw-pro-edt-2024-alex-ruiz\/#primaryimage"},"thumbnailUrl":"https:\/\/revolutionpadelstore.com\/wp-content\/uploads\/2024\/06\/adidas-adipower-ctrl-mtw-pro-edt-2024.png","datePublished":"2024-06-18T12:51:16+00:00","dateModified":"2026-04-08T09:16:12+00:00","description":"La PRO-EDT Adipower CTRL MTW by \u00c1lex Ruiz es un modelo \u00fanico y exclusivo. Agrupa todas las tecnolog\u00edas de Multiweight y los materiales de mayor calidad para alcanzar la excelencia.","breadcrumb":{"@id":"https:\/\/revolutionpadelstore.com\/it\/prodotto\/adidas-adipower-ctrl-mtw-pro-edt-2024-alex-ruiz\/#breadcrumb"},"inLanguage":"it-IT","potentialAction":[{"@type":"ReadAction","target":["https:\/\/revolutionpadelstore.com\/it\/prodotto\/adidas-adipower-ctrl-mtw-pro-edt-2024-alex-ruiz\/"]}]},{"@type":"ImageObject","inLanguage":"it-IT","@id":"https:\/\/revolutionpadelstore.com\/it\/prodotto\/adidas-adipower-ctrl-mtw-pro-edt-2024-alex-ruiz\/#primaryimage","url":"https:\/\/revolutionpadelstore.com\/wp-content\/uploads\/2024\/06\/adidas-adipower-ctrl-mtw-pro-edt-2024.png","contentUrl":"https:\/\/revolutionpadelstore.com\/wp-content\/uploads\/2024\/06\/adidas-adipower-ctrl-mtw-pro-edt-2024.png","width":900,"height":900},{"@type":"BreadcrumbList","@id":"https:\/\/revolutionpadelstore.com\/it\/prodotto\/adidas-adipower-ctrl-mtw-pro-edt-2024-alex-ruiz\/#breadcrumb","itemListElement":[{"@type":"ListItem","position":1,"name":"Portada","item":"https:\/\/revolutionpadelstore.com\/it\/"},{"@type":"ListItem","position":2,"name":"Tienda","item":"https:\/\/revolutionpadelstore.com\/it\/tienda\/"},{"@type":"ListItem","position":3,"name":"ADIDAS ADIPOWER CTRL MTW PRO EDT 2024 ALEX RUIZ"}]},{"@type":"WebSite","@id":"https:\/\/revolutionpadelstore.com\/it\/#website","url":"https:\/\/revolutionpadelstore.com\/it\/","name":"Revolution Padel Store","description":"","publisher":{"@id":"https:\/\/revolutionpadelstore.com\/it\/#organization"},"potentialAction":[{"@type":"SearchAction","target":{"@type":"EntryPoint","urlTemplate":"https:\/\/revolutionpadelstore.com\/it\/?s={search_term_string}"},"query-input":{"@type":"PropertyValueSpecification","valueRequired":true,"valueName":"search_term_string"}}],"inLanguage":"it-IT"},{"@type":"Organization","@id":"https:\/\/revolutionpadelstore.com\/it\/#organization","name":"Revolution Padel Store","url":"https:\/\/revolutionpadelstore.com\/it\/","logo":{"@type":"ImageObject","inLanguage":"it-IT","@id":"https:\/\/revolutionpadelstore.com\/it\/#\/schema\/logo\/image\/","url":"https:\/\/revolutionpadelstore.com\/wp-content\/uploads\/2026\/02\/revolution-padel-store.jpg","contentUrl":"https:\/\/revolutionpadelstore.com\/wp-content\/uploads\/2026\/02\/revolution-padel-store.jpg","width":2000,"height":2000,"caption":"Revolution Padel Store"},"image":{"@id":"https:\/\/revolutionpadelstore.com\/it\/#\/schema\/logo\/image\/"},"sameAs":["https:\/\/www.instagram.com\/revolutionpadelstore\/"]}]}},"_links":{"self":[{"href":"https:\/\/revolutionpadelstore.com\/it\/wp-json\/wp\/v2\/product\/10991","targetHints":{"allow":["GET"]}}],"collection":[{"href":"https:\/\/revolutionpadelstore.com\/it\/wp-json\/wp\/v2\/product"}],"about":[{"href":"https:\/\/revolutionpadelstore.com\/it\/wp-json\/wp\/v2\/types\/product"}],"replies":[{"embeddable":true,"href":"https:\/\/revolutionpadelstore.com\/it\/wp-json\/wp\/v2\/comments?post=10991"}],"wp:featuredmedia":[{"embeddable":true,"href":"https:\/\/revolutionpadelstore.com\/it\/wp-json\/wp\/v2\/media\/10999"}],"wp:attachment":[{"href":"https:\/\/revolutionpadelstore.com\/it\/wp-json\/wp\/v2\/media?parent=10991"}],"wp:term":[{"taxonomy":"acabado","embeddable":true,"href":"https:\/\/revolutionpadelstore.com\/it\/wp-json\/wp\/v2\/acabado?post=10991"},{"taxonomy":"balance","embeddable":true,"href":"https:\/\/revolutionpadelstore.com\/it\/wp-json\/wp\/v2\/balance?post=10991"},{"taxonomy":"dureza","embeddable":true,"href":"https:\/\/revolutionpadelstore.com\/it\/wp-json\/wp\/v2\/dureza?post=10991"},{"taxonomy":"forma","embeddable":true,"href":"https:\/\/revolutionpadelstore.com\/it\/wp-json\/wp\/v2\/forma?post=10991"},{"taxonomy":"jugador","embeddable":true,"href":"https:\/\/revolutionpadelstore.com\/it\/wp-json\/wp\/v2\/jugador?post=10991"},{"taxonomy":"marca","embeddable":true,"href":"https:\/\/revolutionpadelstore.com\/it\/wp-json\/wp\/v2\/marca?post=10991"},{"taxonomy":"nivel-de-juego","embeddable":true,"href":"https:\/\/revolutionpadelstore.com\/it\/wp-json\/wp\/v2\/nivel-de-juego?post=10991"},{"taxonomy":"superficie","embeddable":true,"href":"https:\/\/revolutionpadelstore.com\/it\/wp-json\/wp\/v2\/superficie?post=10991"},{"taxonomy":"tipo-de-juego","embeddable":true,"href":"https:\/\/revolutionpadelstore.com\/it\/wp-json\/wp\/v2\/tipo-de-juego?post=10991"},{"taxonomy":"product_brand","embeddable":true,"href":"https:\/\/revolutionpadelstore.com\/it\/wp-json\/wp\/v2\/product_brand?post=10991"},{"taxonomy":"product_cat","embeddable":true,"href":"https:\/\/revolutionpadelstore.com\/it\/wp-json\/wp\/v2\/product_cat?post=10991"},{"taxonomy":"product_tag","embeddable":true,"href":"https:\/\/revolutionpadelstore.com\/it\/wp-json\/wp\/v2\/product_tag?post=10991"}],"curies":[{"name":"wp","href":"https:\/\/api.w.org\/{rel}","templated":true}]}}