{"id":100236,"date":"2024-10-21T13:57:20","date_gmt":"2024-10-21T11:57:20","guid":{"rendered":"https:\/\/revolutionpadelstore.com\/nox-ml10-quantum-3k-by-miguel-lamperti-2025-2\/"},"modified":"2026-04-01T07:06:06","modified_gmt":"2026-04-01T05:06:06","slug":"nox-ml10-quantum-3k-by-miguel-lamperti-2025-4","status":"publish","type":"product","link":"https:\/\/revolutionpadelstore.com\/it\/prodotto\/nox-ml10-quantum-3k-by-miguel-lamperti-2025-4\/","title":{"rendered":"NOX ML10 QUANTUM 3K BY MIGUEL LAMPERTI 2025"},"content":{"rendered":"<h2>Nox ML10 Quantum 3K Miguel Lamperti 2025, racchetta ibrida per eccellenza<\/h2>\n<p>La racchetta Nox ML10 Quantum 3K \u00e8 quella scelta dal giocatore Miguel Lamperti per la collezione 2025. Una racchetta in continua evoluzione, che continua ad essere essenziale per i giocatori di padel anno dopo anno. Numerose migliorie sono state inserite in questa nuova versione, mantenendo per\u00f2 quelle che continuano a dare ottimi risultati, come la gomma HR3. Tra queste nuove funzionalit\u00e0, incorpora la nuova tecnologia <strong>Photochromic Paint<\/strong>.<\/p>\n<h2>Nox ML10 Quantum 3K Miguel Lamperti 2025, equilibrio e velocit\u00e0 eccezionali<\/h2>\n<p>Rivolta a giocatori professionisti e di alto livello, questa Nox ML10 Quantum ha una forma rotonda e un bilanciamento medio. Ci\u00f2 significa un eccellente equilibrio tra controllo e potenza. Si distingue per portare equilibrio e velocit\u00e0 al tuo gioco. Inoltre, migliora la presa e riduce le vibrazioni ad ogni colpo. Godrai del tuo miglior livello con questa <strong>pala veloce e decisiva<\/strong><\/p>\n<h2>Caratteristiche Nox ML10 Quantum 3K Miguel Lamperti 2025<\/h2>\n<p style=\"padding-left: 40px\"><em>-3K Carbon<\/em>, fibre intrecciate che forniscono maggiore <strong>resistenza<\/strong> alla lama.<\/p>\n<p style=\"padding-left: 40px\"><strong>-Gomma HR3<\/strong>, ad alta densit\u00e0, che migliora la <strong>memoria<\/strong> della racchetta e, di conseguenza, una maggiore potenza in ogni colpire.<\/p>\n<p style=\"padding-left: 40px\"><em>-Exclusive Spin<\/em>, tecnologia che migliora il <strong>controllo<\/strong> e la <strong>spin<\/strong> in ogni colpo. <\/p>\n<p style=\"padding-left: 40px\"><em>-EOS Flap<\/em>, migliora l&#8217;aerodinamica e la <strong>maneggevolezza<\/strong> della pala con le perforazioni laterali alla base del telaio. la pala Ci\u00f2 significa maggiore rigidit\u00e0 e controllo durante i colpi.<\/p>\n<p style=\"padding-left: 40px\"><em>-Pulse System<\/em>, per<strong>ridurre le vibrazioni<\/strong>attraverso gomme laterali, dalla base del telaio al cappuccio della pala .<\/p>\n<p style=\"padding-left: 40px\"><em>-Carbon Frame<\/em> nel telaio della pala.<\/p>\n<p style=\"padding-left: 40px\"><strong>-DCS<\/strong>, un sistema che riduce la differenza di durezza tra telaio e facce, minimizzando cos\u00ec il possibile taglio delle fibre quando colpiti con l&#8217;esterno della la pagaia.<\/p>\n<p style=\"padding-left: 40px\"><em>-Vernice fotocromatica<\/em>, una delle <strong>innovazioni<\/strong> per il 2025 \u00e8 la vernice reattiva NOX, che varia il suo colore a seconda della luce . Questa tecnologia \u00e8 completata dal design della gomma, creando un effetto visivo dinamico e attraente che non passer\u00e0 inosservato in campo.<\/p>\n<h3>Nox ML10 Quantum 3K Miguel Lamperti 2025 disponibile su REVOLUTION PADEL STORE<\/h3>\n<p>Se sei un giocatore versatile, fedele alla racchetta di Nox e Miguel Lamperti, questa nuova ML10 Quantum 3K sar\u00e0 la tua migliore alleata in campo. Ottienilo il prima possibile sul sito REVOLUTION PADEL STORE<\/p>\n<h2>Nox ML10 Quantum 3K Miguel Lamperti 2025, pala h\u00edbrida por excelencia<\/h2>\n","protected":false},"excerpt":{"rendered":"<p>Racchetta ibrida per eccellenza, ideale per giocatori versatili e veloci.<\/p>\n","protected":false},"featured_media":125366,"comment_status":"open","ping_status":"closed","template":"","meta":{"_acf_changed":false,"_joinchat":[]},"acabado":[1091],"balance":[1141],"dureza":[1156],"forma":[1181],"jugador":[1201,1191],"marca":[1261],"nivel-de-juego":[1336],"superficie":[1361],"tipo-de-juego":[1386],"product_brand":[],"product_cat":[301],"product_tag":[],"class_list":{"0":"post-100236","1":"product","2":"type-product","3":"status-publish","4":"has-post-thumbnail","6":"acabado-relieve-3d-it","7":"balance-medio-it","8":"dureza-media-it","9":"forma-rotondo","10":"jugador-multiuso","11":"jugador-uomo","12":"marca-nox-it","13":"superficie-rugosa-it","14":"tipo-de-juego-multiuso","15":"product_cat-palas-de-padel-it","17":"first","18":"instock","19":"sale","20":"taxable","21":"shipping-taxable","22":"purchasable","23":"product-type-simple"},"acf":[],"yoast_head":"<!-- This site is optimized with the Yoast SEO plugin v27.3 - https:\/\/yoast.com\/product\/yoast-seo-wordpress\/ -->\n<title>NOX ML10 QUANTUM 3K BY MIGUEL LAMPERTI 2025 - Revolution Padel Store<\/title>\n<meta name=\"description\" content=\"Dirigida a jugadores de nivel alto y profesional, esta\u00a0Nox ML10 Quantum\u00a0tiene\u00a0forma redonda\u00a0y balance medio. Esto significa un excelente equilibrio entre control y potencia. Destaca por aportar\u00a0equilibrio\u00a0y\u00a0velocidad\u00a0a tu juego. Adem\u00e1s, mejora el agarre y reduce las vibraciones en cada golpeo. Disfrutar\u00e1s de tu mejor nivel con esta\u00a0pala r\u00e1pida y decisiva.\" \/>\n<meta name=\"robots\" content=\"index, follow, max-snippet:-1, max-image-preview:large, max-video-preview:-1\" \/>\n<link rel=\"canonical\" href=\"https:\/\/revolutionpadelstore.com\/it\/prodotto\/nox-ml10-quantum-3k-by-miguel-lamperti-2025-4\/\" \/>\n<meta property=\"og:locale\" content=\"it_IT\" \/>\n<meta property=\"og:type\" content=\"article\" \/>\n<meta property=\"og:title\" content=\"NOX ML10 QUANTUM 3K BY MIGUEL LAMPERTI 2025 - Revolution Padel Store\" \/>\n<meta property=\"og:description\" content=\"Dirigida a jugadores de nivel alto y profesional, esta\u00a0Nox ML10 Quantum\u00a0tiene\u00a0forma redonda\u00a0y balance medio. Esto significa un excelente equilibrio entre control y potencia. Destaca por aportar\u00a0equilibrio\u00a0y\u00a0velocidad\u00a0a tu juego. Adem\u00e1s, mejora el agarre y reduce las vibraciones en cada golpeo. Disfrutar\u00e1s de tu mejor nivel con esta\u00a0pala r\u00e1pida y decisiva.\" \/>\n<meta property=\"og:url\" content=\"https:\/\/revolutionpadelstore.com\/it\/prodotto\/nox-ml10-quantum-3k-by-miguel-lamperti-2025-4\/\" \/>\n<meta property=\"og:site_name\" content=\"Revolution Padel Store\" \/>\n<meta property=\"article:modified_time\" content=\"2026-04-01T05:06:06+00:00\" \/>\n<meta property=\"og:image\" content=\"https:\/\/revolutionpadelstore.com\/wp-content\/uploads\/2024\/10\/113548_pala_nox_ml10_quantum_3k_by_miguel_lamperti_pml10luxq25_1500x1500_1_a4e0.webp\" \/>\n\t<meta property=\"og:image:width\" content=\"1500\" \/>\n\t<meta property=\"og:image:height\" content=\"1500\" \/>\n\t<meta property=\"og:image:type\" content=\"image\/webp\" \/>\n<meta name=\"twitter:card\" content=\"summary_large_image\" \/>\n<meta name=\"twitter:label1\" content=\"Tempo di lettura stimato\" \/>\n\t<meta name=\"twitter:data1\" content=\"3 minuti\" \/>\n<script type=\"application\/ld+json\" class=\"yoast-schema-graph\">{\"@context\":\"https:\\\/\\\/schema.org\",\"@graph\":[{\"@type\":\"WebPage\",\"@id\":\"https:\\\/\\\/revolutionpadelstore.com\\\/it\\\/prodotto\\\/nox-ml10-quantum-3k-by-miguel-lamperti-2025-4\\\/\",\"url\":\"https:\\\/\\\/revolutionpadelstore.com\\\/it\\\/prodotto\\\/nox-ml10-quantum-3k-by-miguel-lamperti-2025-4\\\/\",\"name\":\"NOX ML10 QUANTUM 3K BY MIGUEL LAMPERTI 2025 - Revolution Padel Store\",\"isPartOf\":{\"@id\":\"https:\\\/\\\/revolutionpadelstore.com\\\/it\\\/#website\"},\"primaryImageOfPage\":{\"@id\":\"https:\\\/\\\/revolutionpadelstore.com\\\/it\\\/prodotto\\\/nox-ml10-quantum-3k-by-miguel-lamperti-2025-4\\\/#primaryimage\"},\"image\":{\"@id\":\"https:\\\/\\\/revolutionpadelstore.com\\\/it\\\/prodotto\\\/nox-ml10-quantum-3k-by-miguel-lamperti-2025-4\\\/#primaryimage\"},\"thumbnailUrl\":\"https:\\\/\\\/revolutionpadelstore.com\\\/wp-content\\\/uploads\\\/2024\\\/10\\\/113548_pala_nox_ml10_quantum_3k_by_miguel_lamperti_pml10luxq25_1500x1500_1_a4e0.webp\",\"datePublished\":\"2024-10-21T11:57:20+00:00\",\"dateModified\":\"2026-04-01T05:06:06+00:00\",\"description\":\"Dirigida a jugadores de nivel alto y profesional, esta\u00a0Nox ML10 Quantum\u00a0tiene\u00a0forma redonda\u00a0y balance medio. Esto significa un excelente equilibrio entre control y potencia. Destaca por aportar\u00a0equilibrio\u00a0y\u00a0velocidad\u00a0a tu juego. Adem\u00e1s, mejora el agarre y reduce las vibraciones en cada golpeo. Disfrutar\u00e1s de tu mejor nivel con esta\u00a0pala r\u00e1pida y decisiva.\",\"breadcrumb\":{\"@id\":\"https:\\\/\\\/revolutionpadelstore.com\\\/it\\\/prodotto\\\/nox-ml10-quantum-3k-by-miguel-lamperti-2025-4\\\/#breadcrumb\"},\"inLanguage\":\"it-IT\",\"potentialAction\":[{\"@type\":\"ReadAction\",\"target\":[\"https:\\\/\\\/revolutionpadelstore.com\\\/it\\\/prodotto\\\/nox-ml10-quantum-3k-by-miguel-lamperti-2025-4\\\/\"]}]},{\"@type\":\"ImageObject\",\"inLanguage\":\"it-IT\",\"@id\":\"https:\\\/\\\/revolutionpadelstore.com\\\/it\\\/prodotto\\\/nox-ml10-quantum-3k-by-miguel-lamperti-2025-4\\\/#primaryimage\",\"url\":\"https:\\\/\\\/revolutionpadelstore.com\\\/wp-content\\\/uploads\\\/2024\\\/10\\\/113548_pala_nox_ml10_quantum_3k_by_miguel_lamperti_pml10luxq25_1500x1500_1_a4e0.webp\",\"contentUrl\":\"https:\\\/\\\/revolutionpadelstore.com\\\/wp-content\\\/uploads\\\/2024\\\/10\\\/113548_pala_nox_ml10_quantum_3k_by_miguel_lamperti_pml10luxq25_1500x1500_1_a4e0.webp\",\"width\":1500,\"height\":1500},{\"@type\":\"BreadcrumbList\",\"@id\":\"https:\\\/\\\/revolutionpadelstore.com\\\/it\\\/prodotto\\\/nox-ml10-quantum-3k-by-miguel-lamperti-2025-4\\\/#breadcrumb\",\"itemListElement\":[{\"@type\":\"ListItem\",\"position\":1,\"name\":\"Portada\",\"item\":\"https:\\\/\\\/revolutionpadelstore.com\\\/it\\\/\"},{\"@type\":\"ListItem\",\"position\":2,\"name\":\"Tienda\",\"item\":\"https:\\\/\\\/revolutionpadelstore.com\\\/it\\\/tienda\\\/\"},{\"@type\":\"ListItem\",\"position\":3,\"name\":\"NOX ML10 QUANTUM 3K BY MIGUEL LAMPERTI 2025\"}]},{\"@type\":\"WebSite\",\"@id\":\"https:\\\/\\\/revolutionpadelstore.com\\\/it\\\/#website\",\"url\":\"https:\\\/\\\/revolutionpadelstore.com\\\/it\\\/\",\"name\":\"Revolution Padel Store\",\"description\":\"\",\"publisher\":{\"@id\":\"https:\\\/\\\/revolutionpadelstore.com\\\/it\\\/#organization\"},\"potentialAction\":[{\"@type\":\"SearchAction\",\"target\":{\"@type\":\"EntryPoint\",\"urlTemplate\":\"https:\\\/\\\/revolutionpadelstore.com\\\/it\\\/?s={search_term_string}\"},\"query-input\":{\"@type\":\"PropertyValueSpecification\",\"valueRequired\":true,\"valueName\":\"search_term_string\"}}],\"inLanguage\":\"it-IT\"},{\"@type\":\"Organization\",\"@id\":\"https:\\\/\\\/revolutionpadelstore.com\\\/it\\\/#organization\",\"name\":\"Revolution Padel Store\",\"url\":\"https:\\\/\\\/revolutionpadelstore.com\\\/it\\\/\",\"logo\":{\"@type\":\"ImageObject\",\"inLanguage\":\"it-IT\",\"@id\":\"https:\\\/\\\/revolutionpadelstore.com\\\/it\\\/#\\\/schema\\\/logo\\\/image\\\/\",\"url\":\"https:\\\/\\\/revolutionpadelstore.com\\\/wp-content\\\/uploads\\\/2026\\\/02\\\/revolution-padel-store.jpg\",\"contentUrl\":\"https:\\\/\\\/revolutionpadelstore.com\\\/wp-content\\\/uploads\\\/2026\\\/02\\\/revolution-padel-store.jpg\",\"width\":2000,\"height\":2000,\"caption\":\"Revolution Padel Store\"},\"image\":{\"@id\":\"https:\\\/\\\/revolutionpadelstore.com\\\/it\\\/#\\\/schema\\\/logo\\\/image\\\/\"},\"sameAs\":[\"https:\\\/\\\/www.instagram.com\\\/revolutionpadelstore\\\/\"]}]}<\/script>\n<!-- \/ Yoast SEO plugin. -->","yoast_head_json":{"title":"NOX ML10 QUANTUM 3K BY MIGUEL LAMPERTI 2025 - Revolution Padel Store","description":"Dirigida a jugadores de nivel alto y profesional, esta\u00a0Nox ML10 Quantum\u00a0tiene\u00a0forma redonda\u00a0y balance medio. Esto significa un excelente equilibrio entre control y potencia. Destaca por aportar\u00a0equilibrio\u00a0y\u00a0velocidad\u00a0a tu juego. Adem\u00e1s, mejora el agarre y reduce las vibraciones en cada golpeo. Disfrutar\u00e1s de tu mejor nivel con esta\u00a0pala r\u00e1pida y decisiva.","robots":{"index":"index","follow":"follow","max-snippet":"max-snippet:-1","max-image-preview":"max-image-preview:large","max-video-preview":"max-video-preview:-1"},"canonical":"https:\/\/revolutionpadelstore.com\/it\/prodotto\/nox-ml10-quantum-3k-by-miguel-lamperti-2025-4\/","og_locale":"it_IT","og_type":"article","og_title":"NOX ML10 QUANTUM 3K BY MIGUEL LAMPERTI 2025 - Revolution Padel Store","og_description":"Dirigida a jugadores de nivel alto y profesional, esta\u00a0Nox ML10 Quantum\u00a0tiene\u00a0forma redonda\u00a0y balance medio. Esto significa un excelente equilibrio entre control y potencia. Destaca por aportar\u00a0equilibrio\u00a0y\u00a0velocidad\u00a0a tu juego. Adem\u00e1s, mejora el agarre y reduce las vibraciones en cada golpeo. Disfrutar\u00e1s de tu mejor nivel con esta\u00a0pala r\u00e1pida y decisiva.","og_url":"https:\/\/revolutionpadelstore.com\/it\/prodotto\/nox-ml10-quantum-3k-by-miguel-lamperti-2025-4\/","og_site_name":"Revolution Padel Store","article_modified_time":"2026-04-01T05:06:06+00:00","og_image":[{"width":1500,"height":1500,"url":"https:\/\/revolutionpadelstore.com\/wp-content\/uploads\/2024\/10\/113548_pala_nox_ml10_quantum_3k_by_miguel_lamperti_pml10luxq25_1500x1500_1_a4e0.webp","type":"image\/webp"}],"twitter_card":"summary_large_image","twitter_misc":{"Tempo di lettura stimato":"3 minuti"},"schema":{"@context":"https:\/\/schema.org","@graph":[{"@type":"WebPage","@id":"https:\/\/revolutionpadelstore.com\/it\/prodotto\/nox-ml10-quantum-3k-by-miguel-lamperti-2025-4\/","url":"https:\/\/revolutionpadelstore.com\/it\/prodotto\/nox-ml10-quantum-3k-by-miguel-lamperti-2025-4\/","name":"NOX ML10 QUANTUM 3K BY MIGUEL LAMPERTI 2025 - Revolution Padel Store","isPartOf":{"@id":"https:\/\/revolutionpadelstore.com\/it\/#website"},"primaryImageOfPage":{"@id":"https:\/\/revolutionpadelstore.com\/it\/prodotto\/nox-ml10-quantum-3k-by-miguel-lamperti-2025-4\/#primaryimage"},"image":{"@id":"https:\/\/revolutionpadelstore.com\/it\/prodotto\/nox-ml10-quantum-3k-by-miguel-lamperti-2025-4\/#primaryimage"},"thumbnailUrl":"https:\/\/revolutionpadelstore.com\/wp-content\/uploads\/2024\/10\/113548_pala_nox_ml10_quantum_3k_by_miguel_lamperti_pml10luxq25_1500x1500_1_a4e0.webp","datePublished":"2024-10-21T11:57:20+00:00","dateModified":"2026-04-01T05:06:06+00:00","description":"Dirigida a jugadores de nivel alto y profesional, esta\u00a0Nox ML10 Quantum\u00a0tiene\u00a0forma redonda\u00a0y balance medio. Esto significa un excelente equilibrio entre control y potencia. Destaca por aportar\u00a0equilibrio\u00a0y\u00a0velocidad\u00a0a tu juego. Adem\u00e1s, mejora el agarre y reduce las vibraciones en cada golpeo. Disfrutar\u00e1s de tu mejor nivel con esta\u00a0pala r\u00e1pida y decisiva.","breadcrumb":{"@id":"https:\/\/revolutionpadelstore.com\/it\/prodotto\/nox-ml10-quantum-3k-by-miguel-lamperti-2025-4\/#breadcrumb"},"inLanguage":"it-IT","potentialAction":[{"@type":"ReadAction","target":["https:\/\/revolutionpadelstore.com\/it\/prodotto\/nox-ml10-quantum-3k-by-miguel-lamperti-2025-4\/"]}]},{"@type":"ImageObject","inLanguage":"it-IT","@id":"https:\/\/revolutionpadelstore.com\/it\/prodotto\/nox-ml10-quantum-3k-by-miguel-lamperti-2025-4\/#primaryimage","url":"https:\/\/revolutionpadelstore.com\/wp-content\/uploads\/2024\/10\/113548_pala_nox_ml10_quantum_3k_by_miguel_lamperti_pml10luxq25_1500x1500_1_a4e0.webp","contentUrl":"https:\/\/revolutionpadelstore.com\/wp-content\/uploads\/2024\/10\/113548_pala_nox_ml10_quantum_3k_by_miguel_lamperti_pml10luxq25_1500x1500_1_a4e0.webp","width":1500,"height":1500},{"@type":"BreadcrumbList","@id":"https:\/\/revolutionpadelstore.com\/it\/prodotto\/nox-ml10-quantum-3k-by-miguel-lamperti-2025-4\/#breadcrumb","itemListElement":[{"@type":"ListItem","position":1,"name":"Portada","item":"https:\/\/revolutionpadelstore.com\/it\/"},{"@type":"ListItem","position":2,"name":"Tienda","item":"https:\/\/revolutionpadelstore.com\/it\/tienda\/"},{"@type":"ListItem","position":3,"name":"NOX ML10 QUANTUM 3K BY MIGUEL LAMPERTI 2025"}]},{"@type":"WebSite","@id":"https:\/\/revolutionpadelstore.com\/it\/#website","url":"https:\/\/revolutionpadelstore.com\/it\/","name":"Revolution Padel Store","description":"","publisher":{"@id":"https:\/\/revolutionpadelstore.com\/it\/#organization"},"potentialAction":[{"@type":"SearchAction","target":{"@type":"EntryPoint","urlTemplate":"https:\/\/revolutionpadelstore.com\/it\/?s={search_term_string}"},"query-input":{"@type":"PropertyValueSpecification","valueRequired":true,"valueName":"search_term_string"}}],"inLanguage":"it-IT"},{"@type":"Organization","@id":"https:\/\/revolutionpadelstore.com\/it\/#organization","name":"Revolution Padel Store","url":"https:\/\/revolutionpadelstore.com\/it\/","logo":{"@type":"ImageObject","inLanguage":"it-IT","@id":"https:\/\/revolutionpadelstore.com\/it\/#\/schema\/logo\/image\/","url":"https:\/\/revolutionpadelstore.com\/wp-content\/uploads\/2026\/02\/revolution-padel-store.jpg","contentUrl":"https:\/\/revolutionpadelstore.com\/wp-content\/uploads\/2026\/02\/revolution-padel-store.jpg","width":2000,"height":2000,"caption":"Revolution Padel Store"},"image":{"@id":"https:\/\/revolutionpadelstore.com\/it\/#\/schema\/logo\/image\/"},"sameAs":["https:\/\/www.instagram.com\/revolutionpadelstore\/"]}]}},"_links":{"self":[{"href":"https:\/\/revolutionpadelstore.com\/it\/wp-json\/wp\/v2\/product\/100236","targetHints":{"allow":["GET"]}}],"collection":[{"href":"https:\/\/revolutionpadelstore.com\/it\/wp-json\/wp\/v2\/product"}],"about":[{"href":"https:\/\/revolutionpadelstore.com\/it\/wp-json\/wp\/v2\/types\/product"}],"replies":[{"embeddable":true,"href":"https:\/\/revolutionpadelstore.com\/it\/wp-json\/wp\/v2\/comments?post=100236"}],"wp:featuredmedia":[{"embeddable":true,"href":"https:\/\/revolutionpadelstore.com\/it\/wp-json\/wp\/v2\/media\/125366"}],"wp:attachment":[{"href":"https:\/\/revolutionpadelstore.com\/it\/wp-json\/wp\/v2\/media?parent=100236"}],"wp:term":[{"taxonomy":"acabado","embeddable":true,"href":"https:\/\/revolutionpadelstore.com\/it\/wp-json\/wp\/v2\/acabado?post=100236"},{"taxonomy":"balance","embeddable":true,"href":"https:\/\/revolutionpadelstore.com\/it\/wp-json\/wp\/v2\/balance?post=100236"},{"taxonomy":"dureza","embeddable":true,"href":"https:\/\/revolutionpadelstore.com\/it\/wp-json\/wp\/v2\/dureza?post=100236"},{"taxonomy":"forma","embeddable":true,"href":"https:\/\/revolutionpadelstore.com\/it\/wp-json\/wp\/v2\/forma?post=100236"},{"taxonomy":"jugador","embeddable":true,"href":"https:\/\/revolutionpadelstore.com\/it\/wp-json\/wp\/v2\/jugador?post=100236"},{"taxonomy":"marca","embeddable":true,"href":"https:\/\/revolutionpadelstore.com\/it\/wp-json\/wp\/v2\/marca?post=100236"},{"taxonomy":"nivel-de-juego","embeddable":true,"href":"https:\/\/revolutionpadelstore.com\/it\/wp-json\/wp\/v2\/nivel-de-juego?post=100236"},{"taxonomy":"superficie","embeddable":true,"href":"https:\/\/revolutionpadelstore.com\/it\/wp-json\/wp\/v2\/superficie?post=100236"},{"taxonomy":"tipo-de-juego","embeddable":true,"href":"https:\/\/revolutionpadelstore.com\/it\/wp-json\/wp\/v2\/tipo-de-juego?post=100236"},{"taxonomy":"product_brand","embeddable":true,"href":"https:\/\/revolutionpadelstore.com\/it\/wp-json\/wp\/v2\/product_brand?post=100236"},{"taxonomy":"product_cat","embeddable":true,"href":"https:\/\/revolutionpadelstore.com\/it\/wp-json\/wp\/v2\/product_cat?post=100236"},{"taxonomy":"product_tag","embeddable":true,"href":"https:\/\/revolutionpadelstore.com\/it\/wp-json\/wp\/v2\/product_tag?post=100236"}],"curies":[{"name":"wp","href":"https:\/\/api.w.org\/{rel}","templated":true}]}}