{"id":100226,"date":"2024-11-05T22:54:48","date_gmt":"2024-11-05T21:54:48","guid":{"rendered":"https:\/\/revolutionpadelstore.com\/cajon-72-pelotas-head-padel-pro\/"},"modified":"2026-04-09T14:00:05","modified_gmt":"2026-04-09T12:00:05","slug":"cajon-72-pelotas-head-padel-pro-4","status":"publish","type":"product","link":"https:\/\/revolutionpadelstore.com\/it\/prodotto\/cajon-72-pelotas-head-padel-pro-4\/","title":{"rendered":"CAJON 72 PELOTAS HEAD PADEL PRO+"},"content":{"rendered":"<p>Con un nucleo realizzato con una nuova formula &#8211; che mantiene la pressione pi\u00f9 a lungo &#8211; e un nuovo feltro sviluppato esclusivamente per il padel, l&#8217;HEAD PADEL PRO+ \u00e8 ora pi\u00f9 durevole. Inoltre, la sua parete pi\u00f9 sottile lo rende pi\u00f9 facile da controllare. Popolare tra i giocatori pi\u00f9 esigenti che cercano un controllo eccezionale, \u00e8 la palla ufficiale della Federazione Spagnola di Paddle ed \u00e8 confezionata in modo pi\u00f9 sostenibile con un nuovo design che rende il tubo pi\u00f9 ecologico e facile da riciclare.<\/p>\n<p>\u00b7 Controllo eccellente<br \/>\n\u00b7 Pallone ufficiale della Federazione Spagnola di Paddle<br \/>\n\u00b7 Nuova formula principale che mantiene la pressione pi\u00f9 a lungo<br \/>\n\u00b7 Il nuovo feltro \u00e8 stato sviluppato esclusivamente per il padel e migliora la durata<br \/>\n\u00b7 Parete pi\u00f9 sottile per un maggiore controllo<br \/>\n\u00b7 \u00c8 pi\u00f9 semplice riciclare un tubo dal design nuovo e pi\u00f9 sostenibile<br \/>\n\u00b7 Pu\u00f2 essere realizzato con il 35% di PET riciclato<br \/>\n\u00b7 La manica \u00e8 pi\u00f9 corta ed \u00e8 realizzata in polipropilene, un materiale riciclabile<br \/>\n\u00b7 Le macchine rilevano facilmente il PET e inviano la lattina al flusso di riciclo corretto<\/p>\n","protected":false},"excerpt":{"rendered":"<p>Con un nucleo realizzato con una nuova formula &#8211; che mantiene la pressione pi\u00f9 a lungo &#8211; e un nuovo feltro sviluppato esclusivamente per il padel, l&#8217;HEAD PADEL PRO+ \u00e8 ora pi\u00f9 durevole.<\/p>\n","protected":false},"featured_media":100194,"comment_status":"open","ping_status":"closed","template":"","meta":{"_acf_changed":false,"_joinchat":[]},"acabado":[],"balance":[],"dureza":[],"forma":[],"jugador":[],"marca":[1221],"nivel-de-juego":[],"superficie":[],"tipo-de-juego":[],"product_brand":[],"product_cat":[605],"product_tag":[],"class_list":{"0":"post-100226","1":"product","2":"type-product","3":"status-publish","4":"has-post-thumbnail","6":"marca-testa","7":"product_cat-palle","9":"first","10":"instock","11":"sale","12":"taxable","13":"shipping-taxable","14":"purchasable","15":"product-type-simple"},"acf":[],"yoast_head":"<!-- This site is optimized with the Yoast SEO plugin v27.4 - https:\/\/yoast.com\/product\/yoast-seo-wordpress\/ -->\n<title>CAJON 72 PELOTAS HEAD PADEL PRO+ - Revolution Padel Store<\/title>\n<meta name=\"description\" content=\"Con un n\u00facleo fabricado a partir de una nueva f\u00f3rmula -que mantiene su presi\u00f3n durante m\u00e1s tiempo-, adem\u00e1s de un nuevo fieltro desarrollado exclusivamente para p\u00e1del, la HEAD PADEL PRO+ es ahora m\u00e1s duradera. Adem\u00e1s, su pared m\u00e1s delgada hace que sea m\u00e1s f\u00e1cil de controlar. Popular entre los jugadores m\u00e1s exigentes que buscan un control excepcional, es la pelota oficial de la Federaci\u00f3n Espa\u00f1ola de P\u00e1del y est\u00e1 envasada de forma m\u00e1s sostenible con un nuevo dise\u00f1o que hace que el tubo sea m\u00e1s ecol\u00f3gico y f\u00e1cil de reciclar.\" \/>\n<meta name=\"robots\" content=\"index, follow, max-snippet:-1, max-image-preview:large, max-video-preview:-1\" \/>\n<link rel=\"canonical\" href=\"https:\/\/revolutionpadelstore.com\/it\/prodotto\/cajon-72-pelotas-head-padel-pro-4\/\" \/>\n<meta property=\"og:locale\" content=\"it_IT\" \/>\n<meta property=\"og:type\" content=\"article\" \/>\n<meta property=\"og:title\" content=\"CAJON 72 PELOTAS HEAD PADEL PRO+ - Revolution Padel Store\" \/>\n<meta property=\"og:description\" content=\"Con un n\u00facleo fabricado a partir de una nueva f\u00f3rmula -que mantiene su presi\u00f3n durante m\u00e1s tiempo-, adem\u00e1s de un nuevo fieltro desarrollado exclusivamente para p\u00e1del, la HEAD PADEL PRO+ es ahora m\u00e1s duradera. Adem\u00e1s, su pared m\u00e1s delgada hace que sea m\u00e1s f\u00e1cil de controlar. Popular entre los jugadores m\u00e1s exigentes que buscan un control excepcional, es la pelota oficial de la Federaci\u00f3n Espa\u00f1ola de P\u00e1del y est\u00e1 envasada de forma m\u00e1s sostenible con un nuevo dise\u00f1o que hace que el tubo sea m\u00e1s ecol\u00f3gico y f\u00e1cil de reciclar.\" \/>\n<meta property=\"og:url\" content=\"https:\/\/revolutionpadelstore.com\/it\/prodotto\/cajon-72-pelotas-head-padel-pro-4\/\" \/>\n<meta property=\"og:site_name\" content=\"Revolution Padel Store\" \/>\n<meta property=\"article:modified_time\" content=\"2026-04-09T12:00:05+00:00\" \/>\n<meta property=\"og:image\" content=\"https:\/\/revolutionpadelstore.com\/wp-content\/uploads\/2024\/11\/cajon-72-pelotas-24-botes-de-3-uds-head-padel-pro-1000x1000-1.webp\" \/>\n\t<meta property=\"og:image:width\" content=\"1000\" \/>\n\t<meta property=\"og:image:height\" content=\"1000\" \/>\n\t<meta property=\"og:image:type\" content=\"image\/webp\" \/>\n<meta name=\"twitter:card\" content=\"summary_large_image\" \/>\n<meta name=\"twitter:label1\" content=\"Tempo di lettura stimato\" \/>\n\t<meta name=\"twitter:data1\" content=\"2 minuti\" \/>\n<script type=\"application\/ld+json\" class=\"yoast-schema-graph\">{\"@context\":\"https:\\\/\\\/schema.org\",\"@graph\":[{\"@type\":\"WebPage\",\"@id\":\"https:\\\/\\\/revolutionpadelstore.com\\\/it\\\/prodotto\\\/cajon-72-pelotas-head-padel-pro-4\\\/\",\"url\":\"https:\\\/\\\/revolutionpadelstore.com\\\/it\\\/prodotto\\\/cajon-72-pelotas-head-padel-pro-4\\\/\",\"name\":\"CAJON 72 PELOTAS HEAD PADEL PRO+ - Revolution Padel Store\",\"isPartOf\":{\"@id\":\"https:\\\/\\\/revolutionpadelstore.com\\\/it\\\/#website\"},\"primaryImageOfPage\":{\"@id\":\"https:\\\/\\\/revolutionpadelstore.com\\\/it\\\/prodotto\\\/cajon-72-pelotas-head-padel-pro-4\\\/#primaryimage\"},\"image\":{\"@id\":\"https:\\\/\\\/revolutionpadelstore.com\\\/it\\\/prodotto\\\/cajon-72-pelotas-head-padel-pro-4\\\/#primaryimage\"},\"thumbnailUrl\":\"https:\\\/\\\/revolutionpadelstore.com\\\/wp-content\\\/uploads\\\/2024\\\/11\\\/cajon-72-pelotas-24-botes-de-3-uds-head-padel-pro-1000x1000-1.webp\",\"datePublished\":\"2024-11-05T21:54:48+00:00\",\"dateModified\":\"2026-04-09T12:00:05+00:00\",\"description\":\"Con un n\u00facleo fabricado a partir de una nueva f\u00f3rmula -que mantiene su presi\u00f3n durante m\u00e1s tiempo-, adem\u00e1s de un nuevo fieltro desarrollado exclusivamente para p\u00e1del, la HEAD PADEL PRO+ es ahora m\u00e1s duradera. Adem\u00e1s, su pared m\u00e1s delgada hace que sea m\u00e1s f\u00e1cil de controlar. Popular entre los jugadores m\u00e1s exigentes que buscan un control excepcional, es la pelota oficial de la Federaci\u00f3n Espa\u00f1ola de P\u00e1del y est\u00e1 envasada de forma m\u00e1s sostenible con un nuevo dise\u00f1o que hace que el tubo sea m\u00e1s ecol\u00f3gico y f\u00e1cil de reciclar.\",\"breadcrumb\":{\"@id\":\"https:\\\/\\\/revolutionpadelstore.com\\\/it\\\/prodotto\\\/cajon-72-pelotas-head-padel-pro-4\\\/#breadcrumb\"},\"inLanguage\":\"it-IT\",\"potentialAction\":[{\"@type\":\"ReadAction\",\"target\":[\"https:\\\/\\\/revolutionpadelstore.com\\\/it\\\/prodotto\\\/cajon-72-pelotas-head-padel-pro-4\\\/\"]}]},{\"@type\":\"ImageObject\",\"inLanguage\":\"it-IT\",\"@id\":\"https:\\\/\\\/revolutionpadelstore.com\\\/it\\\/prodotto\\\/cajon-72-pelotas-head-padel-pro-4\\\/#primaryimage\",\"url\":\"https:\\\/\\\/revolutionpadelstore.com\\\/wp-content\\\/uploads\\\/2024\\\/11\\\/cajon-72-pelotas-24-botes-de-3-uds-head-padel-pro-1000x1000-1.webp\",\"contentUrl\":\"https:\\\/\\\/revolutionpadelstore.com\\\/wp-content\\\/uploads\\\/2024\\\/11\\\/cajon-72-pelotas-24-botes-de-3-uds-head-padel-pro-1000x1000-1.webp\",\"width\":1000,\"height\":1000},{\"@type\":\"BreadcrumbList\",\"@id\":\"https:\\\/\\\/revolutionpadelstore.com\\\/it\\\/prodotto\\\/cajon-72-pelotas-head-padel-pro-4\\\/#breadcrumb\",\"itemListElement\":[{\"@type\":\"ListItem\",\"position\":1,\"name\":\"Portada\",\"item\":\"https:\\\/\\\/revolutionpadelstore.com\\\/it\\\/\"},{\"@type\":\"ListItem\",\"position\":2,\"name\":\"Tienda\",\"item\":\"https:\\\/\\\/revolutionpadelstore.com\\\/it\\\/tienda\\\/\"},{\"@type\":\"ListItem\",\"position\":3,\"name\":\"CAJON 72 PELOTAS HEAD PADEL PRO+\"}]},{\"@type\":\"WebSite\",\"@id\":\"https:\\\/\\\/revolutionpadelstore.com\\\/it\\\/#website\",\"url\":\"https:\\\/\\\/revolutionpadelstore.com\\\/it\\\/\",\"name\":\"Revolution Padel Store\",\"description\":\"\",\"publisher\":{\"@id\":\"https:\\\/\\\/revolutionpadelstore.com\\\/it\\\/#organization\"},\"potentialAction\":[{\"@type\":\"SearchAction\",\"target\":{\"@type\":\"EntryPoint\",\"urlTemplate\":\"https:\\\/\\\/revolutionpadelstore.com\\\/it\\\/?s={search_term_string}\"},\"query-input\":{\"@type\":\"PropertyValueSpecification\",\"valueRequired\":true,\"valueName\":\"search_term_string\"}}],\"inLanguage\":\"it-IT\"},{\"@type\":\"Organization\",\"@id\":\"https:\\\/\\\/revolutionpadelstore.com\\\/it\\\/#organization\",\"name\":\"Revolution Padel Store\",\"url\":\"https:\\\/\\\/revolutionpadelstore.com\\\/it\\\/\",\"logo\":{\"@type\":\"ImageObject\",\"inLanguage\":\"it-IT\",\"@id\":\"https:\\\/\\\/revolutionpadelstore.com\\\/it\\\/#\\\/schema\\\/logo\\\/image\\\/\",\"url\":\"https:\\\/\\\/revolutionpadelstore.com\\\/wp-content\\\/uploads\\\/2026\\\/02\\\/revolution-padel-store.jpg\",\"contentUrl\":\"https:\\\/\\\/revolutionpadelstore.com\\\/wp-content\\\/uploads\\\/2026\\\/02\\\/revolution-padel-store.jpg\",\"width\":2000,\"height\":2000,\"caption\":\"Revolution Padel Store\"},\"image\":{\"@id\":\"https:\\\/\\\/revolutionpadelstore.com\\\/it\\\/#\\\/schema\\\/logo\\\/image\\\/\"},\"sameAs\":[\"https:\\\/\\\/www.instagram.com\\\/revolutionpadelstore\\\/\"]}]}<\/script>\n<!-- \/ Yoast SEO plugin. -->","yoast_head_json":{"title":"CAJON 72 PELOTAS HEAD PADEL PRO+ - Revolution Padel Store","description":"Con un n\u00facleo fabricado a partir de una nueva f\u00f3rmula -que mantiene su presi\u00f3n durante m\u00e1s tiempo-, adem\u00e1s de un nuevo fieltro desarrollado exclusivamente para p\u00e1del, la HEAD PADEL PRO+ es ahora m\u00e1s duradera. Adem\u00e1s, su pared m\u00e1s delgada hace que sea m\u00e1s f\u00e1cil de controlar. Popular entre los jugadores m\u00e1s exigentes que buscan un control excepcional, es la pelota oficial de la Federaci\u00f3n Espa\u00f1ola de P\u00e1del y est\u00e1 envasada de forma m\u00e1s sostenible con un nuevo dise\u00f1o que hace que el tubo sea m\u00e1s ecol\u00f3gico y f\u00e1cil de reciclar.","robots":{"index":"index","follow":"follow","max-snippet":"max-snippet:-1","max-image-preview":"max-image-preview:large","max-video-preview":"max-video-preview:-1"},"canonical":"https:\/\/revolutionpadelstore.com\/it\/prodotto\/cajon-72-pelotas-head-padel-pro-4\/","og_locale":"it_IT","og_type":"article","og_title":"CAJON 72 PELOTAS HEAD PADEL PRO+ - Revolution Padel Store","og_description":"Con un n\u00facleo fabricado a partir de una nueva f\u00f3rmula -que mantiene su presi\u00f3n durante m\u00e1s tiempo-, adem\u00e1s de un nuevo fieltro desarrollado exclusivamente para p\u00e1del, la HEAD PADEL PRO+ es ahora m\u00e1s duradera. Adem\u00e1s, su pared m\u00e1s delgada hace que sea m\u00e1s f\u00e1cil de controlar. Popular entre los jugadores m\u00e1s exigentes que buscan un control excepcional, es la pelota oficial de la Federaci\u00f3n Espa\u00f1ola de P\u00e1del y est\u00e1 envasada de forma m\u00e1s sostenible con un nuevo dise\u00f1o que hace que el tubo sea m\u00e1s ecol\u00f3gico y f\u00e1cil de reciclar.","og_url":"https:\/\/revolutionpadelstore.com\/it\/prodotto\/cajon-72-pelotas-head-padel-pro-4\/","og_site_name":"Revolution Padel Store","article_modified_time":"2026-04-09T12:00:05+00:00","og_image":[{"width":1000,"height":1000,"url":"https:\/\/revolutionpadelstore.com\/wp-content\/uploads\/2024\/11\/cajon-72-pelotas-24-botes-de-3-uds-head-padel-pro-1000x1000-1.webp","type":"image\/webp"}],"twitter_card":"summary_large_image","twitter_misc":{"Tempo di lettura stimato":"2 minuti"},"schema":{"@context":"https:\/\/schema.org","@graph":[{"@type":"WebPage","@id":"https:\/\/revolutionpadelstore.com\/it\/prodotto\/cajon-72-pelotas-head-padel-pro-4\/","url":"https:\/\/revolutionpadelstore.com\/it\/prodotto\/cajon-72-pelotas-head-padel-pro-4\/","name":"CAJON 72 PELOTAS HEAD PADEL PRO+ - Revolution Padel Store","isPartOf":{"@id":"https:\/\/revolutionpadelstore.com\/it\/#website"},"primaryImageOfPage":{"@id":"https:\/\/revolutionpadelstore.com\/it\/prodotto\/cajon-72-pelotas-head-padel-pro-4\/#primaryimage"},"image":{"@id":"https:\/\/revolutionpadelstore.com\/it\/prodotto\/cajon-72-pelotas-head-padel-pro-4\/#primaryimage"},"thumbnailUrl":"https:\/\/revolutionpadelstore.com\/wp-content\/uploads\/2024\/11\/cajon-72-pelotas-24-botes-de-3-uds-head-padel-pro-1000x1000-1.webp","datePublished":"2024-11-05T21:54:48+00:00","dateModified":"2026-04-09T12:00:05+00:00","description":"Con un n\u00facleo fabricado a partir de una nueva f\u00f3rmula -que mantiene su presi\u00f3n durante m\u00e1s tiempo-, adem\u00e1s de un nuevo fieltro desarrollado exclusivamente para p\u00e1del, la HEAD PADEL PRO+ es ahora m\u00e1s duradera. Adem\u00e1s, su pared m\u00e1s delgada hace que sea m\u00e1s f\u00e1cil de controlar. Popular entre los jugadores m\u00e1s exigentes que buscan un control excepcional, es la pelota oficial de la Federaci\u00f3n Espa\u00f1ola de P\u00e1del y est\u00e1 envasada de forma m\u00e1s sostenible con un nuevo dise\u00f1o que hace que el tubo sea m\u00e1s ecol\u00f3gico y f\u00e1cil de reciclar.","breadcrumb":{"@id":"https:\/\/revolutionpadelstore.com\/it\/prodotto\/cajon-72-pelotas-head-padel-pro-4\/#breadcrumb"},"inLanguage":"it-IT","potentialAction":[{"@type":"ReadAction","target":["https:\/\/revolutionpadelstore.com\/it\/prodotto\/cajon-72-pelotas-head-padel-pro-4\/"]}]},{"@type":"ImageObject","inLanguage":"it-IT","@id":"https:\/\/revolutionpadelstore.com\/it\/prodotto\/cajon-72-pelotas-head-padel-pro-4\/#primaryimage","url":"https:\/\/revolutionpadelstore.com\/wp-content\/uploads\/2024\/11\/cajon-72-pelotas-24-botes-de-3-uds-head-padel-pro-1000x1000-1.webp","contentUrl":"https:\/\/revolutionpadelstore.com\/wp-content\/uploads\/2024\/11\/cajon-72-pelotas-24-botes-de-3-uds-head-padel-pro-1000x1000-1.webp","width":1000,"height":1000},{"@type":"BreadcrumbList","@id":"https:\/\/revolutionpadelstore.com\/it\/prodotto\/cajon-72-pelotas-head-padel-pro-4\/#breadcrumb","itemListElement":[{"@type":"ListItem","position":1,"name":"Portada","item":"https:\/\/revolutionpadelstore.com\/it\/"},{"@type":"ListItem","position":2,"name":"Tienda","item":"https:\/\/revolutionpadelstore.com\/it\/tienda\/"},{"@type":"ListItem","position":3,"name":"CAJON 72 PELOTAS HEAD PADEL PRO+"}]},{"@type":"WebSite","@id":"https:\/\/revolutionpadelstore.com\/it\/#website","url":"https:\/\/revolutionpadelstore.com\/it\/","name":"Revolution Padel Store","description":"","publisher":{"@id":"https:\/\/revolutionpadelstore.com\/it\/#organization"},"potentialAction":[{"@type":"SearchAction","target":{"@type":"EntryPoint","urlTemplate":"https:\/\/revolutionpadelstore.com\/it\/?s={search_term_string}"},"query-input":{"@type":"PropertyValueSpecification","valueRequired":true,"valueName":"search_term_string"}}],"inLanguage":"it-IT"},{"@type":"Organization","@id":"https:\/\/revolutionpadelstore.com\/it\/#organization","name":"Revolution Padel Store","url":"https:\/\/revolutionpadelstore.com\/it\/","logo":{"@type":"ImageObject","inLanguage":"it-IT","@id":"https:\/\/revolutionpadelstore.com\/it\/#\/schema\/logo\/image\/","url":"https:\/\/revolutionpadelstore.com\/wp-content\/uploads\/2026\/02\/revolution-padel-store.jpg","contentUrl":"https:\/\/revolutionpadelstore.com\/wp-content\/uploads\/2026\/02\/revolution-padel-store.jpg","width":2000,"height":2000,"caption":"Revolution Padel Store"},"image":{"@id":"https:\/\/revolutionpadelstore.com\/it\/#\/schema\/logo\/image\/"},"sameAs":["https:\/\/www.instagram.com\/revolutionpadelstore\/"]}]}},"_links":{"self":[{"href":"https:\/\/revolutionpadelstore.com\/it\/wp-json\/wp\/v2\/product\/100226","targetHints":{"allow":["GET"]}}],"collection":[{"href":"https:\/\/revolutionpadelstore.com\/it\/wp-json\/wp\/v2\/product"}],"about":[{"href":"https:\/\/revolutionpadelstore.com\/it\/wp-json\/wp\/v2\/types\/product"}],"replies":[{"embeddable":true,"href":"https:\/\/revolutionpadelstore.com\/it\/wp-json\/wp\/v2\/comments?post=100226"}],"wp:featuredmedia":[{"embeddable":true,"href":"https:\/\/revolutionpadelstore.com\/it\/wp-json\/wp\/v2\/media\/100194"}],"wp:attachment":[{"href":"https:\/\/revolutionpadelstore.com\/it\/wp-json\/wp\/v2\/media?parent=100226"}],"wp:term":[{"taxonomy":"acabado","embeddable":true,"href":"https:\/\/revolutionpadelstore.com\/it\/wp-json\/wp\/v2\/acabado?post=100226"},{"taxonomy":"balance","embeddable":true,"href":"https:\/\/revolutionpadelstore.com\/it\/wp-json\/wp\/v2\/balance?post=100226"},{"taxonomy":"dureza","embeddable":true,"href":"https:\/\/revolutionpadelstore.com\/it\/wp-json\/wp\/v2\/dureza?post=100226"},{"taxonomy":"forma","embeddable":true,"href":"https:\/\/revolutionpadelstore.com\/it\/wp-json\/wp\/v2\/forma?post=100226"},{"taxonomy":"jugador","embeddable":true,"href":"https:\/\/revolutionpadelstore.com\/it\/wp-json\/wp\/v2\/jugador?post=100226"},{"taxonomy":"marca","embeddable":true,"href":"https:\/\/revolutionpadelstore.com\/it\/wp-json\/wp\/v2\/marca?post=100226"},{"taxonomy":"nivel-de-juego","embeddable":true,"href":"https:\/\/revolutionpadelstore.com\/it\/wp-json\/wp\/v2\/nivel-de-juego?post=100226"},{"taxonomy":"superficie","embeddable":true,"href":"https:\/\/revolutionpadelstore.com\/it\/wp-json\/wp\/v2\/superficie?post=100226"},{"taxonomy":"tipo-de-juego","embeddable":true,"href":"https:\/\/revolutionpadelstore.com\/it\/wp-json\/wp\/v2\/tipo-de-juego?post=100226"},{"taxonomy":"product_brand","embeddable":true,"href":"https:\/\/revolutionpadelstore.com\/it\/wp-json\/wp\/v2\/product_brand?post=100226"},{"taxonomy":"product_cat","embeddable":true,"href":"https:\/\/revolutionpadelstore.com\/it\/wp-json\/wp\/v2\/product_cat?post=100226"},{"taxonomy":"product_tag","embeddable":true,"href":"https:\/\/revolutionpadelstore.com\/it\/wp-json\/wp\/v2\/product_tag?post=100226"}],"curies":[{"name":"wp","href":"https:\/\/api.w.org\/{rel}","templated":true}]}}