{"id":82497,"date":"2023-12-15T16:08:07","date_gmt":"2023-12-15T15:08:07","guid":{"rendered":"https:\/\/revolutionpadelstore.com\/devoluciones\/"},"modified":"2024-09-30T15:50:13","modified_gmt":"2024-09-30T13:50:13","slug":"devoluciones","status":"publish","type":"page","link":"https:\/\/revolutionpadelstore.com\/it\/devoluciones\/","title":{"rendered":"Ritorni"},"content":{"rendered":"\n<p><strong>RESI E CAMBI<\/strong><\/p>\n\n\n\n<p>In Revolution Padel Store, la nostra priorit\u00e0 \u00e8 offrire prodotti che soddisfino le esigenze dei nostri clienti. Tuttavia, comprendiamo che a volte potrebbe sorgere la necessit\u00e0 di effettuare un reso.<\/p>\n\n\n\n<p>Per garantire un&#8217;esperienza di reso reciprocamente soddisfacente, assicurati che l&#8217;articolo che desideri restituire non sia utilizzato. Se il prodotto \u00e8 stato utilizzato ci riserviamo il diritto di non accettare il reso o di applicare un addebito per la sostituzione.<\/p>\n\n\n\n<p>Condizioni per il reso<\/p>\n\n\n\n<p>Hai 30 giorni di calendario dal ricevimento dell&#8217;ordine.<\/p>\n\n\n\n<p>L&#8217;articolo dovr\u00e0 essere nella sua confezione originale, senza danni o difetti.<\/p>\n\n\n\n<p>Devono essere inclusi tutti gli accessori e la documentazione che accompagnavano il prodotto al momento dell&#8217;acquisto.<\/p>\n\n\n\n<p>Il prodotto non deve essere stato utilizzato, manomesso o modificato in alcun modo.<\/p>\n\n\n\n<p>Consigliamo:<\/p>\n\n\n\n<p>Non imballare direttamente sulla confezione originale del prodotto.<\/p>\n\n\n\n<p>Utilizzare un imballaggio aggiuntivo per proteggere il prodotto durante la spedizione.<\/p>\n\n\n\n<p>Se hai domande o hai bisogno di assistenza, non esitare a contattare il nostro servizio clienti all&#8217;indirizzo support@revolutionpadelsport.com<\/p>\n\n\n\n<p>Per ulteriori informazioni:<\/p>\n\n\n\n<p>Nota:<\/p>\n\n\n\n<p>Nel caso in cui il prodotto non soddisfi i requisiti sopra menzionati, ci riserviamo il diritto di non accettare il reso o di applicare una commissione di riassortimento.<\/p>\n\n\n\n<p>Processo di reso passo dopo passo (valido solo per la Penisola e le Isole Baleari)<\/p>\n\n\n\n<p>Richiedi la tua etichetta di reso: invia un&#8217;e-mail a support@revolutionpadelstore.com richiedendo la tua etichetta di reso Correos.<\/p>\n\n\n\n<p>Prepara il tuo pacco: assicurati che i prodotti siano nuovi, non utilizzati, nella loro confezione originale, con la confezione e i sigilli originali. Non dimenticare di includere la fattura o la bolla di consegna nel pacco.<\/p>\n\n\n\n<p>Etichetta di reso: attacca l&#8217;etichetta di reso all&#8217;esterno del pacco e segui le istruzioni ricevute via email. Non incollare direttamente l&#8217;etichetta sui prodotti o sulle loro scatole originali. Se non puoi stamparlo, puoi mostrare l&#8217;etichetta sul tuo cellulare.<\/p>\n\n\n\n<p>Revisione e rimborso: una volta ricevuto il prodotto, lo controlleremo per assicurarci che sia in perfette condizioni. Rimborseremo quindi i tuoi soldi il pi\u00f9 rapidamente possibile utilizzando lo stesso metodo di pagamento.<br><\/p>\n\n\n\n<p>Costo di restituzione<\/p>\n\n\n\n<p>Il costo del reso per la Penisola e le Isole Baleari sar\u00e0 di 4,95 \u20ac se l&#8217;ordine iniziale \u00e8 superiore a 59 \u20ac, se l&#8217;ordine iniziale \u00e8 inferiore a 59 \u20ac il costo del reso sar\u00e0 di 7,90 \u20ac. Questo importo verr\u00e0 detratto dal rimborso totale se utilizzi il nostro servizio di etichetta prepagata. Se preferisci utilizzare un altro mezzo per restituire il prodotto, il costo ti verr\u00e0 indicato dall&#8217;agenzia di trasporti prescelta e non sar\u00e0 a nostro carico. In caso di cambio verranno applicati gli stessi costi della restituzione.<\/p>\n\n\n\n<p>Altre considerazioni<\/p>\n\n\n\n<p>Resi volontari: i resi volontari non saranno gratuiti e costeranno \u20ac 4,95.<\/p>\n\n\n\n<p>Destinazioni diverse dalla Penisola: Se il tuo ordine \u00e8 stato consegnato ad una destinazione diversa dalla Penisola, le spese di restituzione saranno a tuo carico. \u00c8 necessario inviare l&#8217;ordine in porto franco, adeguatamente imballato e nella sua confezione originale, entro un termine massimo di 30 giorni di calendario dal ricevimento dell&#8217;ordine. Utilizza il seguente indirizzo:<\/p>\n\n\n\n<p>Negozio di paddle Revolution<\/p>\n\n\n\n<p>Calle Espa\u00f1a N21 CP 2880 Meco (Madrid) Spagna<\/p>\n\n\n\n<p>Come e quando ricever\u00f2 il rimborso?<\/p>\n\n\n\n<p>Una volta ricevuto il reso alle condizioni sopra indicate, procederemo ad effettuare il rimborso secondo il metodo di pagamento da te utilizzato:<\/p>\n\n\n\n<p>Pagamento con carta di credito: riceverai un accredito sul conto della tua carta di credito.<\/p>\n\n\n\n<p>Pagamento tramite PayPal: riceverai un accredito sul tuo conto PayPal. Avrai la possibilit\u00e0 di trattenere l&#8217;importo sul tuo conto PayPal per acquisti futuri oppure trasferirlo sul tuo conto bancario. Se scegli la seconda opzione ti baster\u00e0 contattare PayPal per ricevere i tuoi soldi dove preferisci.<\/p>\n\n\n\n<p>Pagamento tramite bonifico bancario: riceverai un bonifico bancario sullo stesso conto da cui lo hai effettuato.<\/p>\n\n\n\n<p>Noi di Revolution Padel Store siamo qui per garantire che la tua esperienza di acquisto sia la pi\u00f9 semplice e soddisfacente possibile. Se hai domande o hai bisogno di maggiori informazioni sulle nostre politiche di restituzione, non esitare a contattarci. La vostra soddisfazione \u00e8 la nostra massima priorit\u00e0.<\/p>\n\n\n\n<p>Procedura di rimborso per altri paesi e per le Isole Canarie passo dopo passo<\/p>\n\n\n\n<p>Invia un&#8217;e-mail a support@revolutionpadelstore.com richiedendo il tuo reso.<\/p>\n\n\n\n<p>Per restituire gli articoli, tutto il materiale verr\u00e0 inviato alle nostre strutture in porto franco all&#8217;indirizzo indicato di seguito. Non verr\u00e0 ritirato il materiale dovuto per le spese di spedizione. La restituzione degli articoli \u00e8 un diritto regolato dalle regole che hai come cliente, in cui le spese di trasporto per la restituzione sono a carico del cliente.<\/p>\n\n\n\n<p>Tutti i resi devono essere preventivamente approvati<\/p>\n\n\n\n<p>Quando gli articoli saranno stati ricevuti, ispezionati e avremo verificato la loro condizione come nuovi e non utilizzati, procederemo a rimborsare il denaro per i prodotti restituiti.<\/p>\n\n\n\n<p>Nel caso in cui sia stata accettata l&#8217;opzione di reso, il costo totale verr\u00e0 trasferito sul conto fornito entro un periodo di 14 giorni dal ricevimento del materiale.<\/p>\n\n\n\n<p>L&#8217;indirizzo di restituzione degli articoli, con affrancatura pagata, \u00e8 il seguente:<\/p>\n\n\n\n<p>Negozio di paddle Revolution<\/p>\n\n\n\n<p>Calle Espa\u00f1a N21 CP 2880 Meco (Madrid) Spagna<\/p>\n\n\n\n<p>MOLTO IMPORTANTE: Devi inserire all&#8217;interno del pacco una copia della fattura di partenza e indicare il numero di riferimento del ticket di assistenza che hai effettuato presso il Centro Assistenza Clienti e la scritta &#8220;RESO&#8221;, sia all&#8217;esterno che all&#8217;interno del pacco; nel caso in cui la tua richiesta venga annullata per impossibilit\u00e0 di identificarti. Se \u00e8 ben indicato saremo in grado di riconoscere la sua provenienza e, in questo modo, potremo gestire il reso richiesto nel pi\u00f9 breve tempo possibile, riducendo cos\u00ec i tempi di attesa durante il processo.<\/p>\n\n\n\n<p>CAMBIAMENTI DI PRODOTTO (Penisola e Isole Baleari)<\/p>\n\n\n\n<p>Per modifiche prodotto \u00e8 necessario scrivere a support@revolutionpadelstore.com richiedendo la modifica prodotto. Il servizio Post-Vendita indicher\u00e0 il protocollo corrispondente per effettuare correttamente la modifica.<\/p>\n\n\n\n<p>CAMBIAMENTI DI PRODOTTO in altri paesi e nelle Isole Canarie<\/p>\n\n\n\n<p>Per qualsiasi domanda, inviare un&#8217;e-mail a support@revolutionpadelstore.com<\/p>\n\n\n\n<p>SPEDIZIONE E TEMPI DI CONSEGNA &#8211; SERVIZIO A TERRA<\/p>\n\n\n\n<p>Aggiungi tabella di trasporto<\/p>\n\n\n\n<p>Tutti i paesi che non compaiono nella tabella non dispongono di un servizio di spedizione via terra e avranno solo un servizio di consegna aerea.<\/p>\n\n\n\n<p>SPEDIZIONE E TEMPI DI CONSEGNA SERVIZIO AEREO<\/p>\n\n\n\n<p>Le spese di spedizione vengono calcolate nel carrello, considerando entrambi i prodotti<\/p>\n\n\n\n<p>selezionato come indirizzo di spedizione. Ci\u00f2 ti consentir\u00e0 di conoscere l&#8217;importo totale, comprese le spese di spedizione, prima di finalizzare l&#8217;acquisto. In questo modo ti garantiamo trasparenza e la migliore tariffa adattata alle tue esigenze. Esplora i nostri prodotti e scopri i costi di spedizione al termine del tuo acquisto! Se avete domande, non esitate a contattarci.<\/p>\n\n\n\n<p>I tempi di consegna possono variare a seconda del Paese di destinazione, anche se generalmente sono necessari dai 3 ai 5 giorni lavorativi.<\/p>\n\n\n\n<p>CONSIDERAZIONI IMPORTANTI:<\/p>\n\n\n\n<p>Eventuali costi aggiuntivi dovuti alle pratiche doganali saranno a carico del cliente, la societ\u00e0 non sar\u00e0 responsabile per eventuali dazi di importazione che potrebbero essere applicati alla spedizione. Nel caso in cui l&#8217;ordine venga rifiutato a destinazione, Revolution Padel Store tenter\u00e0 di recuperare la spedizione, addebitando al cliente le spese di spedizione, restituzione, dogana e qualsiasi altro costo che possa essere generato.<\/p>\n\n\n\n<p>PASSI DA SEGUIRE IN CASO DI INCIDENTE<\/p>\n\n\n\n<p>Al ricevimento dell&#8217;ordine, se noti danni all&#8217;imballaggio, prodotti errati o qualsiasi problema con il tuo ordine dovuto al trasporto, ti preghiamo di contattarci entro 24 ore dal ricevimento.<\/p>\n\n\n\n<p>Trascorse 24 ore dall&#8217;incidente, la compagnia assicurativa respinge ogni sinistro previsto dall&#8217;articolo 366 del codice commerciale.&#8221;<\/p>\n\n\n\n<p>Puoi contattare direttamente il nostro centro assistenza clienti: support@revolutionpadelstore.com con le foto dell&#8217;imballaggio, dei danni e dell&#8217;etichetta di spedizione.<\/p>\n","protected":false},"excerpt":{"rendered":"<p>RESI E CAMBI In Revolution Padel Store, la nostra priorit\u00e0 \u00e8 offrire prodotti che soddisfino le esigenze dei nostri clienti. Tuttavia, comprendiamo che a volte potrebbe sorgere la necessit\u00e0 di effettuare un reso. Per garantire un&#8217;esperienza di reso reciprocamente soddisfacente, assicurati che l&#8217;articolo che desideri restituire non sia utilizzato. Se il prodotto \u00e8 stato utilizzato [&hellip;]<\/p>\n","protected":false},"author":1,"featured_media":0,"parent":0,"menu_order":0,"comment_status":"closed","ping_status":"closed","template":"legal.php","meta":{"_acf_changed":false,"_joinchat":[],"footnotes":""},"class_list":["post-82497","page","type-page","status-publish","hentry"],"acf":[],"yoast_head":"<!-- This site is optimized with the Yoast SEO plugin v27.4 - https:\/\/yoast.com\/product\/yoast-seo-wordpress\/ -->\n<title>Ritorni - Revolution Padel Store<\/title>\n<meta name=\"robots\" content=\"index, follow, max-snippet:-1, max-image-preview:large, max-video-preview:-1\" \/>\n<link rel=\"canonical\" href=\"https:\/\/revolutionpadelstore.com\/it\/devoluciones\/\" \/>\n<meta property=\"og:locale\" content=\"it_IT\" \/>\n<meta property=\"og:type\" content=\"article\" \/>\n<meta property=\"og:title\" content=\"Ritorni - Revolution Padel Store\" \/>\n<meta property=\"og:description\" content=\"RESI E CAMBI In Revolution Padel Store, la nostra priorit\u00e0 \u00e8 offrire prodotti che soddisfino le esigenze dei nostri clienti. Tuttavia, comprendiamo che a volte potrebbe sorgere la necessit\u00e0 di effettuare un reso. Per garantire un&#8217;esperienza di reso reciprocamente soddisfacente, assicurati che l&#8217;articolo che desideri restituire non sia utilizzato. Se il prodotto \u00e8 stato utilizzato [&hellip;]\" \/>\n<meta property=\"og:url\" content=\"https:\/\/revolutionpadelstore.com\/it\/devoluciones\/\" \/>\n<meta property=\"og:site_name\" content=\"Revolution Padel Store\" \/>\n<meta property=\"article:modified_time\" content=\"2024-09-30T13:50:13+00:00\" \/>\n<meta property=\"og:image\" content=\"https:\/\/revolutionpadelstore.com\/wp-content\/uploads\/2026\/02\/revolution-padel-store.jpg\" \/>\n\t<meta property=\"og:image:width\" content=\"2000\" \/>\n\t<meta property=\"og:image:height\" content=\"2000\" \/>\n\t<meta property=\"og:image:type\" content=\"image\/jpeg\" \/>\n<meta name=\"twitter:card\" content=\"summary_large_image\" \/>\n<meta name=\"twitter:label1\" content=\"Tempo di lettura stimato\" \/>\n\t<meta name=\"twitter:data1\" content=\"6 minuti\" \/>\n<script type=\"application\/ld+json\" class=\"yoast-schema-graph\">{\"@context\":\"https:\\\/\\\/schema.org\",\"@graph\":[{\"@type\":\"WebPage\",\"@id\":\"https:\\\/\\\/revolutionpadelstore.com\\\/it\\\/devoluciones\\\/\",\"url\":\"https:\\\/\\\/revolutionpadelstore.com\\\/it\\\/devoluciones\\\/\",\"name\":\"Ritorni - Revolution Padel Store\",\"isPartOf\":{\"@id\":\"https:\\\/\\\/revolutionpadelstore.com\\\/it\\\/#website\"},\"datePublished\":\"2023-12-15T15:08:07+00:00\",\"dateModified\":\"2024-09-30T13:50:13+00:00\",\"breadcrumb\":{\"@id\":\"https:\\\/\\\/revolutionpadelstore.com\\\/it\\\/devoluciones\\\/#breadcrumb\"},\"inLanguage\":\"it-IT\",\"potentialAction\":[{\"@type\":\"ReadAction\",\"target\":[\"https:\\\/\\\/revolutionpadelstore.com\\\/it\\\/devoluciones\\\/\"]}]},{\"@type\":\"BreadcrumbList\",\"@id\":\"https:\\\/\\\/revolutionpadelstore.com\\\/it\\\/devoluciones\\\/#breadcrumb\",\"itemListElement\":[{\"@type\":\"ListItem\",\"position\":1,\"name\":\"Portada\",\"item\":\"https:\\\/\\\/revolutionpadelstore.com\\\/it\\\/\"},{\"@type\":\"ListItem\",\"position\":2,\"name\":\"Ritorni\"}]},{\"@type\":\"WebSite\",\"@id\":\"https:\\\/\\\/revolutionpadelstore.com\\\/it\\\/#website\",\"url\":\"https:\\\/\\\/revolutionpadelstore.com\\\/it\\\/\",\"name\":\"Revolution Padel Store\",\"description\":\"\",\"publisher\":{\"@id\":\"https:\\\/\\\/revolutionpadelstore.com\\\/it\\\/#organization\"},\"potentialAction\":[{\"@type\":\"SearchAction\",\"target\":{\"@type\":\"EntryPoint\",\"urlTemplate\":\"https:\\\/\\\/revolutionpadelstore.com\\\/it\\\/?s={search_term_string}\"},\"query-input\":{\"@type\":\"PropertyValueSpecification\",\"valueRequired\":true,\"valueName\":\"search_term_string\"}}],\"inLanguage\":\"it-IT\"},{\"@type\":\"Organization\",\"@id\":\"https:\\\/\\\/revolutionpadelstore.com\\\/it\\\/#organization\",\"name\":\"Revolution Padel Store\",\"url\":\"https:\\\/\\\/revolutionpadelstore.com\\\/it\\\/\",\"logo\":{\"@type\":\"ImageObject\",\"inLanguage\":\"it-IT\",\"@id\":\"https:\\\/\\\/revolutionpadelstore.com\\\/it\\\/#\\\/schema\\\/logo\\\/image\\\/\",\"url\":\"https:\\\/\\\/revolutionpadelstore.com\\\/wp-content\\\/uploads\\\/2026\\\/02\\\/revolution-padel-store.jpg\",\"contentUrl\":\"https:\\\/\\\/revolutionpadelstore.com\\\/wp-content\\\/uploads\\\/2026\\\/02\\\/revolution-padel-store.jpg\",\"width\":2000,\"height\":2000,\"caption\":\"Revolution Padel Store\"},\"image\":{\"@id\":\"https:\\\/\\\/revolutionpadelstore.com\\\/it\\\/#\\\/schema\\\/logo\\\/image\\\/\"},\"sameAs\":[\"https:\\\/\\\/www.instagram.com\\\/revolutionpadelstore\\\/\"]}]}<\/script>\n<!-- \/ Yoast SEO plugin. -->","yoast_head_json":{"title":"Ritorni - Revolution Padel Store","robots":{"index":"index","follow":"follow","max-snippet":"max-snippet:-1","max-image-preview":"max-image-preview:large","max-video-preview":"max-video-preview:-1"},"canonical":"https:\/\/revolutionpadelstore.com\/it\/devoluciones\/","og_locale":"it_IT","og_type":"article","og_title":"Ritorni - Revolution Padel Store","og_description":"RESI E CAMBI In Revolution Padel Store, la nostra priorit\u00e0 \u00e8 offrire prodotti che soddisfino le esigenze dei nostri clienti. Tuttavia, comprendiamo che a volte potrebbe sorgere la necessit\u00e0 di effettuare un reso. Per garantire un&#8217;esperienza di reso reciprocamente soddisfacente, assicurati che l&#8217;articolo che desideri restituire non sia utilizzato. Se il prodotto \u00e8 stato utilizzato [&hellip;]","og_url":"https:\/\/revolutionpadelstore.com\/it\/devoluciones\/","og_site_name":"Revolution Padel Store","article_modified_time":"2024-09-30T13:50:13+00:00","og_image":[{"width":2000,"height":2000,"url":"https:\/\/revolutionpadelstore.com\/wp-content\/uploads\/2026\/02\/revolution-padel-store.jpg","type":"image\/jpeg"}],"twitter_card":"summary_large_image","twitter_misc":{"Tempo di lettura stimato":"6 minuti"},"schema":{"@context":"https:\/\/schema.org","@graph":[{"@type":"WebPage","@id":"https:\/\/revolutionpadelstore.com\/it\/devoluciones\/","url":"https:\/\/revolutionpadelstore.com\/it\/devoluciones\/","name":"Ritorni - Revolution Padel Store","isPartOf":{"@id":"https:\/\/revolutionpadelstore.com\/it\/#website"},"datePublished":"2023-12-15T15:08:07+00:00","dateModified":"2024-09-30T13:50:13+00:00","breadcrumb":{"@id":"https:\/\/revolutionpadelstore.com\/it\/devoluciones\/#breadcrumb"},"inLanguage":"it-IT","potentialAction":[{"@type":"ReadAction","target":["https:\/\/revolutionpadelstore.com\/it\/devoluciones\/"]}]},{"@type":"BreadcrumbList","@id":"https:\/\/revolutionpadelstore.com\/it\/devoluciones\/#breadcrumb","itemListElement":[{"@type":"ListItem","position":1,"name":"Portada","item":"https:\/\/revolutionpadelstore.com\/it\/"},{"@type":"ListItem","position":2,"name":"Ritorni"}]},{"@type":"WebSite","@id":"https:\/\/revolutionpadelstore.com\/it\/#website","url":"https:\/\/revolutionpadelstore.com\/it\/","name":"Revolution Padel Store","description":"","publisher":{"@id":"https:\/\/revolutionpadelstore.com\/it\/#organization"},"potentialAction":[{"@type":"SearchAction","target":{"@type":"EntryPoint","urlTemplate":"https:\/\/revolutionpadelstore.com\/it\/?s={search_term_string}"},"query-input":{"@type":"PropertyValueSpecification","valueRequired":true,"valueName":"search_term_string"}}],"inLanguage":"it-IT"},{"@type":"Organization","@id":"https:\/\/revolutionpadelstore.com\/it\/#organization","name":"Revolution Padel Store","url":"https:\/\/revolutionpadelstore.com\/it\/","logo":{"@type":"ImageObject","inLanguage":"it-IT","@id":"https:\/\/revolutionpadelstore.com\/it\/#\/schema\/logo\/image\/","url":"https:\/\/revolutionpadelstore.com\/wp-content\/uploads\/2026\/02\/revolution-padel-store.jpg","contentUrl":"https:\/\/revolutionpadelstore.com\/wp-content\/uploads\/2026\/02\/revolution-padel-store.jpg","width":2000,"height":2000,"caption":"Revolution Padel Store"},"image":{"@id":"https:\/\/revolutionpadelstore.com\/it\/#\/schema\/logo\/image\/"},"sameAs":["https:\/\/www.instagram.com\/revolutionpadelstore\/"]}]}},"_links":{"self":[{"href":"https:\/\/revolutionpadelstore.com\/it\/wp-json\/wp\/v2\/pages\/82497","targetHints":{"allow":["GET"]}}],"collection":[{"href":"https:\/\/revolutionpadelstore.com\/it\/wp-json\/wp\/v2\/pages"}],"about":[{"href":"https:\/\/revolutionpadelstore.com\/it\/wp-json\/wp\/v2\/types\/page"}],"author":[{"embeddable":true,"href":"https:\/\/revolutionpadelstore.com\/it\/wp-json\/wp\/v2\/users\/1"}],"replies":[{"embeddable":true,"href":"https:\/\/revolutionpadelstore.com\/it\/wp-json\/wp\/v2\/comments?post=82497"}],"version-history":[{"count":1,"href":"https:\/\/revolutionpadelstore.com\/it\/wp-json\/wp\/v2\/pages\/82497\/revisions"}],"predecessor-version":[{"id":82500,"href":"https:\/\/revolutionpadelstore.com\/it\/wp-json\/wp\/v2\/pages\/82497\/revisions\/82500"}],"wp:attachment":[{"href":"https:\/\/revolutionpadelstore.com\/it\/wp-json\/wp\/v2\/media?parent=82497"}],"curies":[{"name":"wp","href":"https:\/\/api.w.org\/{rel}","templated":true}]}}