{"id":82367,"date":"2024-03-11T20:23:10","date_gmt":"2024-03-11T19:23:10","guid":{"rendered":"https:\/\/revolutionpadelstore.com\/aviso-legal\/"},"modified":"2024-09-30T15:40:16","modified_gmt":"2024-09-30T13:40:16","slug":"aviso-legal","status":"publish","type":"page","link":"https:\/\/revolutionpadelstore.com\/it\/aviso-legal\/","title":{"rendered":"Avviso legale"},"content":{"rendered":"\n<h2 class=\"wp-block-heading\">Avviso legale<\/h2>\n\n\n\n<p>Responsabile del trattamento<\/p>\n\n\n\n<p>I dati personali che potrebbero essere raccolti direttamente presso l&#8217;interessato saranno trattati in modo confidenziale e saranno incorporati nella corrispondente attivit\u00e0 di trattamento di propriet\u00e0 di Sport Business Solutions, S.L.<\/p>\n\n\n\n<p>Scopo<\/p>\n\n\n\n<p>Descrizione estesa delle finalit\u00e0 del trattamento:<\/p>\n\n\n\n<p>Tratteremo i tuoi dati per la gestione amministrativa, contabile e fiscale.<\/p>\n\n\n\n<p>Legittimazione<\/p>\n\n\n\n<p>Legittimazione per l&#8217;esecuzione di un contratto:<\/p>\n\n\n\n<p>Poich\u00e9 il trattamento \u00e8 necessario all&#8217;esecuzione di un contratto commerciale, di cui Lei \u00e8 parte, si precisa che la tipologia di contratto in questione \u00e8 il suddetto contratto commerciale o rapporto precontrattuale.<\/p>\n\n\n\n<p>Poich\u00e9 la comunicazione dei dati personali \u00e8 un obbligo legale o contrattuale ed un requisito necessario per concludere il predetto contratto, si informa l&#8217;interessato che ha l&#8217;obbligo di fornire i dati personali, e parimenti che le conseguenze del loro mancato conferimento potranno comportare la mancata comunicazione dei dati personali -erogazione del servizio richiesto.<\/p>\n\n\n\n<p>Conservazione dei dati<\/p>\n\n\n\n<p>I dati personali forniti saranno conservati per il tempo necessario a conseguire lo scopo per il quale sono raccolti e per determinare le possibili responsabilit\u00e0 che possono derivare dallo scopo, oltre ai periodi stabiliti nei regolamenti sugli archivi e sulla documentazione.<\/p>\n\n\n\n<p>Comunicazione dei dati<\/p>\n\n\n\n<p>Durante la durata del trattamento, Sport Business Solutions, S.L., non effettuer\u00e0 alcun trasferimento, salvo obbligo legale, n\u00e9 effettuer\u00e0 alcun trasferimento.<\/p>\n\n\n\n<p>Facoltativamente verranno effettuati trasferimenti temporanei presso Societ\u00e0 di Servizi IT: Responsabili del trattamento extra UE.<\/p>\n\n\n\n<p>Diritti degli interessati<\/p>\n\n\n\n<p>L\u2019interessato pu\u00f2 esercitare i seguenti diritti:<\/p>\n\n\n\n<p>\u00b7 Diritto di richiedere l&#8217;accesso ai propri dati personali.<\/p>\n\n\n\n<p>\u00b7 Diritto di richiederne la rettifica o la cancellazione.<\/p>\n\n\n\n<p>\u00b7 Diritto di richiedere la limitazione del proprio trattamento.<\/p>\n\n\n\n<p>\u00b7 Diritto di opposizione al trattamento.<\/p>\n\n\n\n<p>\u00b7 Diritto alla portabilit\u00e0 dei dati.<\/p>\n\n\n\n<p>\u00b7 Diritto alla cancellazione dei dati forniti.<\/p>\n\n\n\n<p>Chiunque ha il diritto di ottenere la conferma se la Societ\u00e0 stia trattando dati personali che lo riguardano o meno. Le persone interessate hanno il diritto di accedere ai propri dati personali, nonch\u00e9 di richiedere la rettifica di dati inesatti o, se del caso, richiederne la cancellazione quando, tra le altre ragioni, i dati non sono pi\u00f9 necessari per gli scopi per i quali sono stati raccolti. In determinate circostanze, gli interessati possono richiedere la limitazione del trattamento dei propri dati, nel qual caso li conserveremo solo per l&#8217;esercizio o la difesa dei reclami. In determinate circostanze e per motivi legati alla loro situazione particolare, gli interessati possono opporsi al trattamento dei loro dati. In questo caso, l&#8217;entit\u00e0 interromper\u00e0 il trattamento dei dati, salvo che per motivi legittimi e convincenti, o per l&#8217;esercizio o la difesa di possibili pretese. Se hai prestato il tuo consenso per una finalit\u00e0 specifica, hai il diritto di revocare il consenso prestato in qualsiasi momento, senza pregiudicare la liceit\u00e0 del trattamento basata sul consenso prima della revoca. Per fare ci\u00f2, puoi utilizzare i moduli abilitati dalla societ\u00e0, oppure scrivere a Sport Business Solutions, S.L., indirizzo in Calle Espa\u00f1a N21 28880 Meco (Madrid), puoi anche inviare un&#8217;e-mail a info@revolutionpadelstore.com.<\/p>\n\n\n\n<p>Se ritieni che i tuoi diritti siano stati violati in materia di protezione dei tuoi dati personali, soprattutto quando non hai ottenuto soddisfazione nell&#8217;esercizio dei tuoi diritti, puoi presentare un reclamo all&#8217;Autorit\u00e0 di controllo della protezione dei dati competente tramite il suo sito web: www.agpd .es<\/p>\n\n\n\n<p>Provenienza dei dati<\/p>\n\n\n\n<p>I dati personali che trattiamo presso Sport Business Solutions, S.L. provengono direttamente dall&#8217;interessato.<\/p>\n\n\n\n<p>Le categorie di dati trattati sono:<\/p>\n\n\n\n<p>\u00b7 Dati identificativi<\/p>\n\n\n\n<p>\u00b7 Codici o chiavi di identificazione<\/p>\n\n\n\n<p>\u00b7 Indirizzi postali o elettronici<\/p>\n\n\n\n<p>\u00b7 Informazioni commerciali<\/p>\n\n\n\n<p>\u00b7 Dati economici<\/p>\n\n\n\n<p>Non viene trattato alcun dato particolarmente protetto.<\/p>\n\n\n\n<p>AVVISO LEGALE<\/p>\n\n\n\n<p>Questo portale, il cui proprietario \u00e8 Sport Business Solutions, S.L., con CIF B02693588, indirizzo Calle Espa\u00f1a N21 28880 Meco (Madrid), e-mail info@revolutionpadelstore.com, ed \u00e8 costituito dal sito web associato al dominio www.revolutionpadelstore.com<\/p>\n\n\n\n<p>Termini e condizioni d&#8217;uso<\/p>\n\n\n\n<p>L&#8217;accesso e l&#8217;utilizzo di questo sito web attribuisce al visitatore lo status di utente. Ci\u00f2 significa che l&#8217;utente accetta in ogni momento le condizioni d&#8217;uso in vigore e si impegna a fare un uso appropriato dei contenuti del sito web e ad osservare e rispettare rigorosamente le disposizioni del presente avviso e delle normative applicabili.<\/p>\n\n\n\n<p>Allo stesso modo, l\u2019utente si impegna a:<\/p>\n\n\n\n<p>1) Fornire informazioni veritiere sui dati di registrazione e mantenerli aggiornati;<\/p>\n\n\n\n<p>2) Non diffondere contenuti contrari alla legge o alla dignit\u00e0 della persona; che siano discriminatori per nascita, razza, sesso, religione, opinione o qualsiasi altra condizione o circostanza personale o sociale; o che, in qualsiasi modo, siano contrari alla legge e all&#8217;ordine pubblico;<\/p>\n\n\n\n<p>Sport Business Solutions, S.L., non sar\u00e0 in nessun caso responsabile delle opinioni espresse dall&#8217;utente attraverso gli strumenti di partecipazione offerti dal sito web.<\/p>\n\n\n\n<p>Propriet\u00e0 intellettuale e industriale<\/p>\n\n\n\n<p>L&#8217;Utente riconosce e accetta che tutti i contenuti visualizzati sul Sito e, in particolare, disegni, testi, immagini, loghi, icone, pulsanti, software, nomi commerciali, marchi o qualsiasi altro segno suscettibile di uso industriale e\/o commerciale sono<\/p>\n\n\n\n<p>soggetti ai diritti di propriet\u00e0 intellettuale e a tutti i marchi, nomi commerciali o segni distintivi, a tutti i diritti di propriet\u00e0 industriale e intellettuale, sui contenuti e\/o qualsiasi altro elemento inserito nella pagina, che sono di propriet\u00e0 esclusiva di Sport Business Solutions, S.L , e\/o o di terzi, che hanno il diritto esclusivo di utilizzarli nei traffici economici. Per tutti questi motivi, l&#8217;Utente si impegna a non riprodurre, copiare, distribuire, rendere disponibile o in qualsiasi altro modo comunicare pubblicamente, trasformare o modificare tali contenuti, manlevando Sport Business Solutions, S.L. da qualsiasi reclamo derivante dalla mancata conformit\u00e0 di tali contenuti obblighi. In nessun caso l&#8217;accesso al Sito implica alcun tipo di rinuncia, trasmissione, licenza o cessione totale o parziale di tali diritti, salvo espressamente stabilito diversamente. Le presenti Condizioni Generali d&#8217;Uso del Sito non conferiscono agli Utenti alcun altro diritto di utilizzare, alterare, sfruttare, riprodurre, distribuire o comunicare pubblicamente il Sito e\/o i suoi Contenuti diverso da quelli qui espressamente previsti. Qualsiasi altro utilizzo o sfruttamento di qualsiasi diritto sar\u00e0 soggetto alla previa ed espressa autorizzazione specificatamente concessa a tale scopo da Sport Business Solutions, S.L., o dal terzo titolare dei diritti interessati.<\/p>\n\n\n\n<p>I contenuti, i testi, le fotografie, i disegni, i loghi, le immagini, i programmi informatici, i codici sorgente e, in generale, qualsiasi creazione intellettuale esistente su questo sito, nonch\u00e9 il sito stesso nel suo complesso, in quanto opera artistica multimediale, sono protetti come diritti d\u2019autore dalla legislazione sulla propriet\u00e0 intellettuale. Sport Business Solutions, S.L., \u00e8 proprietaria degli elementi che compongono la grafica del Sito Web, i menu, i pulsanti di navigazione, il codice HTML, i testi, le immagini, le texture, la grafica e qualsiasi altro contenuto del Sito Web o, in in ogni caso dispone della corrispondente autorizzazione per l&#8217;utilizzo di detti elementi. I contenuti forniti sul Sito non possono essere riprodotti n\u00e9 integralmente n\u00e9 parzialmente, n\u00e9 trasmessi, n\u00e9 registrati mediante alcun sistema di recupero delle informazioni, in alcuna forma e con alcun mezzo, senza previa autorizzazione scritta del suddetto Ente.<\/p>\n\n\n\n<p>Allo stesso modo, \u00e8 vietato cancellare, eludere e\/o manipolare il \u201ccopyright\u201d, nonch\u00e9 i dispositivi tecnici di protezione o qualsiasi meccanismo di informazione che i contenuti possano contenere. L&#8217;Utente di questo Sito Web si impegna a rispettare i diritti dichiarati e ad evitare qualsiasi azione che possa danneggiarli, riservando in ogni caso a Sport Business Solutions, S.L. l&#8217;esercizio di qualsiasi mezzo o azione legale che gli corrisponda in difesa della sua legittima propriet\u00e0 intellettuale. diritti.<\/p>\n\n\n\n<p>Responsabilit\u00e0 dei contenuti \u2013 Link policy<\/p>\n\n\n\n<p>Sport Business Solutions, S.L., non \u00e8 responsabile della legalit\u00e0 di altri siti web di terzi dai quali \u00e8 possibile accedere al portale. Sport Business Solutions, S.L. non \u00e8 inoltre responsabile della legalit\u00e0 di altri siti Web di terzi che potrebbero essere collegati o collegati da questo portale.<\/p>\n\n\n\n<p>Sport Business Solutions, S.L., si riserva il diritto di apportare modifiche al sito web senza preavviso, al fine di mantenere aggiornate le informazioni, aggiungendo, modificando, correggendo o eliminando il contenuto pubblicato o il design del portale.<\/p>\n\n\n\n<p>Sport Business Solutions, S.L., non sar\u00e0 responsabile dell&#8217;uso che terzi fanno delle informazioni pubblicate sul portale, n\u00e9 di eventuali danni subiti o perdite economiche che, direttamente o indirettamente, producono o possono produrre danni economici, materiali o di dati. , causati dall&#8217;uso di dette informazioni.<\/p>\n\n\n\n<p>Riproduzione di contenuti<\/p>\n\n\n\n<p>\u00c8 vietata la riproduzione totale o parziale dei contenuti pubblicati sul portale, salvo espressa autorizzazione di Sport Business Solutions, S.L.<\/p>\n\n\n\n<p>Legge applicabile<\/p>\n\n\n\n<p>La legge applicabile in caso di controversia o conflitto di interpretazione dei termini che compongono questo avviso legale, cos\u00ec come qualsiasi questione relativa ai servizi di questo portale, sar\u00e0 la legge spagnola.<\/p>\n","protected":false},"excerpt":{"rendered":"<p>Avviso legale Responsabile del trattamento I dati personali che potrebbero essere raccolti direttamente presso l&#8217;interessato saranno trattati in modo confidenziale e saranno incorporati nella corrispondente attivit\u00e0 di trattamento di propriet\u00e0 di Sport Business Solutions, S.L. Scopo Descrizione estesa delle finalit\u00e0 del trattamento: Tratteremo i tuoi dati per la gestione amministrativa, contabile e fiscale. Legittimazione Legittimazione [&hellip;]<\/p>\n","protected":false},"author":1,"featured_media":0,"parent":0,"menu_order":0,"comment_status":"closed","ping_status":"closed","template":"legal.php","meta":{"_acf_changed":false,"_joinchat":[],"footnotes":""},"class_list":["post-82367","page","type-page","status-publish","hentry"],"acf":[],"yoast_head":"<!-- This site is optimized with the Yoast SEO plugin v27.4 - https:\/\/yoast.com\/product\/yoast-seo-wordpress\/ -->\n<title>Avviso legale - Revolution Padel Store<\/title>\n<meta name=\"robots\" content=\"index, follow, max-snippet:-1, max-image-preview:large, max-video-preview:-1\" \/>\n<link rel=\"canonical\" href=\"https:\/\/revolutionpadelstore.com\/it\/aviso-legal\/\" \/>\n<meta property=\"og:locale\" content=\"it_IT\" \/>\n<meta property=\"og:type\" content=\"article\" \/>\n<meta property=\"og:title\" content=\"Avviso legale - Revolution Padel Store\" \/>\n<meta property=\"og:description\" content=\"Avviso legale Responsabile del trattamento I dati personali che potrebbero essere raccolti direttamente presso l&#8217;interessato saranno trattati in modo confidenziale e saranno incorporati nella corrispondente attivit\u00e0 di trattamento di propriet\u00e0 di Sport Business Solutions, S.L. Scopo Descrizione estesa delle finalit\u00e0 del trattamento: Tratteremo i tuoi dati per la gestione amministrativa, contabile e fiscale. Legittimazione Legittimazione [&hellip;]\" \/>\n<meta property=\"og:url\" content=\"https:\/\/revolutionpadelstore.com\/it\/aviso-legal\/\" \/>\n<meta property=\"og:site_name\" content=\"Revolution Padel Store\" \/>\n<meta property=\"article:modified_time\" content=\"2024-09-30T13:40:16+00:00\" \/>\n<meta property=\"og:image\" content=\"https:\/\/revolutionpadelstore.com\/wp-content\/uploads\/2026\/02\/revolution-padel-store.jpg\" \/>\n\t<meta property=\"og:image:width\" content=\"2000\" \/>\n\t<meta property=\"og:image:height\" content=\"2000\" \/>\n\t<meta property=\"og:image:type\" content=\"image\/jpeg\" \/>\n<meta name=\"twitter:card\" content=\"summary_large_image\" \/>\n<meta name=\"twitter:label1\" content=\"Tempo di lettura stimato\" \/>\n\t<meta name=\"twitter:data1\" content=\"7 minuti\" \/>\n<script type=\"application\/ld+json\" class=\"yoast-schema-graph\">{\"@context\":\"https:\\\/\\\/schema.org\",\"@graph\":[{\"@type\":\"WebPage\",\"@id\":\"https:\\\/\\\/revolutionpadelstore.com\\\/it\\\/aviso-legal\\\/\",\"url\":\"https:\\\/\\\/revolutionpadelstore.com\\\/it\\\/aviso-legal\\\/\",\"name\":\"Avviso legale - Revolution Padel Store\",\"isPartOf\":{\"@id\":\"https:\\\/\\\/revolutionpadelstore.com\\\/it\\\/#website\"},\"datePublished\":\"2024-03-11T19:23:10+00:00\",\"dateModified\":\"2024-09-30T13:40:16+00:00\",\"breadcrumb\":{\"@id\":\"https:\\\/\\\/revolutionpadelstore.com\\\/it\\\/aviso-legal\\\/#breadcrumb\"},\"inLanguage\":\"it-IT\",\"potentialAction\":[{\"@type\":\"ReadAction\",\"target\":[\"https:\\\/\\\/revolutionpadelstore.com\\\/it\\\/aviso-legal\\\/\"]}]},{\"@type\":\"BreadcrumbList\",\"@id\":\"https:\\\/\\\/revolutionpadelstore.com\\\/it\\\/aviso-legal\\\/#breadcrumb\",\"itemListElement\":[{\"@type\":\"ListItem\",\"position\":1,\"name\":\"Portada\",\"item\":\"https:\\\/\\\/revolutionpadelstore.com\\\/it\\\/\"},{\"@type\":\"ListItem\",\"position\":2,\"name\":\"Avviso legale\"}]},{\"@type\":\"WebSite\",\"@id\":\"https:\\\/\\\/revolutionpadelstore.com\\\/it\\\/#website\",\"url\":\"https:\\\/\\\/revolutionpadelstore.com\\\/it\\\/\",\"name\":\"Revolution Padel Store\",\"description\":\"\",\"publisher\":{\"@id\":\"https:\\\/\\\/revolutionpadelstore.com\\\/it\\\/#organization\"},\"potentialAction\":[{\"@type\":\"SearchAction\",\"target\":{\"@type\":\"EntryPoint\",\"urlTemplate\":\"https:\\\/\\\/revolutionpadelstore.com\\\/it\\\/?s={search_term_string}\"},\"query-input\":{\"@type\":\"PropertyValueSpecification\",\"valueRequired\":true,\"valueName\":\"search_term_string\"}}],\"inLanguage\":\"it-IT\"},{\"@type\":\"Organization\",\"@id\":\"https:\\\/\\\/revolutionpadelstore.com\\\/it\\\/#organization\",\"name\":\"Revolution Padel Store\",\"url\":\"https:\\\/\\\/revolutionpadelstore.com\\\/it\\\/\",\"logo\":{\"@type\":\"ImageObject\",\"inLanguage\":\"it-IT\",\"@id\":\"https:\\\/\\\/revolutionpadelstore.com\\\/it\\\/#\\\/schema\\\/logo\\\/image\\\/\",\"url\":\"https:\\\/\\\/revolutionpadelstore.com\\\/wp-content\\\/uploads\\\/2026\\\/02\\\/revolution-padel-store.jpg\",\"contentUrl\":\"https:\\\/\\\/revolutionpadelstore.com\\\/wp-content\\\/uploads\\\/2026\\\/02\\\/revolution-padel-store.jpg\",\"width\":2000,\"height\":2000,\"caption\":\"Revolution Padel Store\"},\"image\":{\"@id\":\"https:\\\/\\\/revolutionpadelstore.com\\\/it\\\/#\\\/schema\\\/logo\\\/image\\\/\"},\"sameAs\":[\"https:\\\/\\\/www.instagram.com\\\/revolutionpadelstore\\\/\"]}]}<\/script>\n<!-- \/ Yoast SEO plugin. -->","yoast_head_json":{"title":"Avviso legale - Revolution Padel Store","robots":{"index":"index","follow":"follow","max-snippet":"max-snippet:-1","max-image-preview":"max-image-preview:large","max-video-preview":"max-video-preview:-1"},"canonical":"https:\/\/revolutionpadelstore.com\/it\/aviso-legal\/","og_locale":"it_IT","og_type":"article","og_title":"Avviso legale - Revolution Padel Store","og_description":"Avviso legale Responsabile del trattamento I dati personali che potrebbero essere raccolti direttamente presso l&#8217;interessato saranno trattati in modo confidenziale e saranno incorporati nella corrispondente attivit\u00e0 di trattamento di propriet\u00e0 di Sport Business Solutions, S.L. Scopo Descrizione estesa delle finalit\u00e0 del trattamento: Tratteremo i tuoi dati per la gestione amministrativa, contabile e fiscale. Legittimazione Legittimazione [&hellip;]","og_url":"https:\/\/revolutionpadelstore.com\/it\/aviso-legal\/","og_site_name":"Revolution Padel Store","article_modified_time":"2024-09-30T13:40:16+00:00","og_image":[{"width":2000,"height":2000,"url":"https:\/\/revolutionpadelstore.com\/wp-content\/uploads\/2026\/02\/revolution-padel-store.jpg","type":"image\/jpeg"}],"twitter_card":"summary_large_image","twitter_misc":{"Tempo di lettura stimato":"7 minuti"},"schema":{"@context":"https:\/\/schema.org","@graph":[{"@type":"WebPage","@id":"https:\/\/revolutionpadelstore.com\/it\/aviso-legal\/","url":"https:\/\/revolutionpadelstore.com\/it\/aviso-legal\/","name":"Avviso legale - Revolution Padel Store","isPartOf":{"@id":"https:\/\/revolutionpadelstore.com\/it\/#website"},"datePublished":"2024-03-11T19:23:10+00:00","dateModified":"2024-09-30T13:40:16+00:00","breadcrumb":{"@id":"https:\/\/revolutionpadelstore.com\/it\/aviso-legal\/#breadcrumb"},"inLanguage":"it-IT","potentialAction":[{"@type":"ReadAction","target":["https:\/\/revolutionpadelstore.com\/it\/aviso-legal\/"]}]},{"@type":"BreadcrumbList","@id":"https:\/\/revolutionpadelstore.com\/it\/aviso-legal\/#breadcrumb","itemListElement":[{"@type":"ListItem","position":1,"name":"Portada","item":"https:\/\/revolutionpadelstore.com\/it\/"},{"@type":"ListItem","position":2,"name":"Avviso legale"}]},{"@type":"WebSite","@id":"https:\/\/revolutionpadelstore.com\/it\/#website","url":"https:\/\/revolutionpadelstore.com\/it\/","name":"Revolution Padel Store","description":"","publisher":{"@id":"https:\/\/revolutionpadelstore.com\/it\/#organization"},"potentialAction":[{"@type":"SearchAction","target":{"@type":"EntryPoint","urlTemplate":"https:\/\/revolutionpadelstore.com\/it\/?s={search_term_string}"},"query-input":{"@type":"PropertyValueSpecification","valueRequired":true,"valueName":"search_term_string"}}],"inLanguage":"it-IT"},{"@type":"Organization","@id":"https:\/\/revolutionpadelstore.com\/it\/#organization","name":"Revolution Padel Store","url":"https:\/\/revolutionpadelstore.com\/it\/","logo":{"@type":"ImageObject","inLanguage":"it-IT","@id":"https:\/\/revolutionpadelstore.com\/it\/#\/schema\/logo\/image\/","url":"https:\/\/revolutionpadelstore.com\/wp-content\/uploads\/2026\/02\/revolution-padel-store.jpg","contentUrl":"https:\/\/revolutionpadelstore.com\/wp-content\/uploads\/2026\/02\/revolution-padel-store.jpg","width":2000,"height":2000,"caption":"Revolution Padel Store"},"image":{"@id":"https:\/\/revolutionpadelstore.com\/it\/#\/schema\/logo\/image\/"},"sameAs":["https:\/\/www.instagram.com\/revolutionpadelstore\/"]}]}},"_links":{"self":[{"href":"https:\/\/revolutionpadelstore.com\/it\/wp-json\/wp\/v2\/pages\/82367","targetHints":{"allow":["GET"]}}],"collection":[{"href":"https:\/\/revolutionpadelstore.com\/it\/wp-json\/wp\/v2\/pages"}],"about":[{"href":"https:\/\/revolutionpadelstore.com\/it\/wp-json\/wp\/v2\/types\/page"}],"author":[{"embeddable":true,"href":"https:\/\/revolutionpadelstore.com\/it\/wp-json\/wp\/v2\/users\/1"}],"replies":[{"embeddable":true,"href":"https:\/\/revolutionpadelstore.com\/it\/wp-json\/wp\/v2\/comments?post=82367"}],"version-history":[{"count":1,"href":"https:\/\/revolutionpadelstore.com\/it\/wp-json\/wp\/v2\/pages\/82367\/revisions"}],"predecessor-version":[{"id":82492,"href":"https:\/\/revolutionpadelstore.com\/it\/wp-json\/wp\/v2\/pages\/82367\/revisions\/82492"}],"wp:attachment":[{"href":"https:\/\/revolutionpadelstore.com\/it\/wp-json\/wp\/v2\/media?parent=82367"}],"curies":[{"name":"wp","href":"https:\/\/api.w.org\/{rel}","templated":true}]}}