{"id":82364,"date":"2024-03-11T20:49:52","date_gmt":"2024-03-11T19:49:52","guid":{"rendered":"https:\/\/revolutionpadelstore.com\/politica-de-cookies\/"},"modified":"2024-09-30T15:47:11","modified_gmt":"2024-09-30T13:47:11","slug":"politica-de-cookies","status":"publish","type":"page","link":"https:\/\/revolutionpadelstore.com\/it\/politica-de-cookies\/","title":{"rendered":"POLITICA SUI COOKIE"},"content":{"rendered":"\n<h2 class=\"wp-block-heading\">POLITICA SUI COOKIE<\/h2>\n\n\n\n<p>Politica sui cookie 1. Utilizzo dei cookie. 2. Tipologia, scopo e funzionamento dei Cookie. 3. Descrizione dei cookie. 4. Gestione dei cookie. 5. Come disabilitare i Cookie nei principali browser.<\/p>\n\n\n\n<p>Utilizzo dei cookie.<\/p>\n\n\n\n<p>Il sito web revolutionpadelstore.com utilizza cookie e altri meccanismi simili (di seguito, Cookie). Un &#8220;Cookie&#8221; \u00e8 un piccolo file che viene memorizzato sul computer dell&#8217;utente e ci consente di riconoscere l&#8217;utente. L&#8217;insieme di &#8220;cookie&#8221; ci aiuta a migliorare la qualit\u00e0 del nostro sito web, permettendoci di controllare quali pagine i nostri utenti trovano utili e quali no. I cookie sono essenziali per il funzionamento di Internet, offrendo innumerevoli vantaggi nella fornitura di servizi interattivi, facilitando la navigazione e l&#8217;usabilit\u00e0 del nostro sito web. Tieni presente che i cookie non possono danneggiare il tuo computer e, in cambio, quando sono attivati \u200b\u200bci aiutano a identificare e risolvere gli errori.<\/p>\n\n\n\n<p>Tipologia, scopo e funzionamento dei Cookie.<\/p>\n\n\n\n<p>I cookie, a seconda della loro permanenza, possono essere suddivisi in cookie di sessione o permanenti.<\/p>\n\n\n\n<p>Cookie di sessione: si tratta di cookie temporanei che rimangono nel file cookie del browser fino a quando non si lascia il sito Web, quindi nessuno viene registrato sul disco rigido dell&#8217;utente. Le informazioni ottenute tramite questi cookie vengono utilizzate per analizzare i modelli di traffico sul web. In definitiva, questo ci consente di fornire un&#8217;esperienza migliore migliorando il contenuto e rendendone pi\u00f9 facile l&#8217;utilizzo.<\/p>\n\n\n\n<p>I cookie permanenti vengono memorizzati sul tuo disco rigido e il nostro sito Web li legge ogni volta che visiti nuovamente. Un sito web permanente ha una data di scadenza specifica. Il cookie smetter\u00e0 di funzionare dopo tale data. Generalmente li utilizziamo per facilitare i servizi di acquisto e registrazione.<\/p>\n\n\n\n<p>Inoltre, a seconda del loro obiettivo, i cookie possono essere classificati come segue:<\/p>\n\n\n\n<p>Cookie di prestazione: questo tipo di cookie ricorda le tue preferenze per gli strumenti presenti sui Servizi, quindi non devi riconfigurare il servizio ogni volta che visiti. A titolo esemplificativo, questa tipologia comprende:<\/p>\n\n\n\n<p>\u00b7 Regolazioni del volume per lettori video o audio.<\/p>\n\n\n\n<p>\u00b7 La risoluzione preferita nei video.<\/p>\n\n\n\n<p>\u00b7 Velocit\u00e0 di streaming video supportate dal tuo browser.<\/p>\n\n\n\n<p>Cookie di geolocalizzazione: questi cookie vengono utilizzati per scoprire in quale paese ti trovi quando richiedi un servizio. Questo cookie \u00e8 completamente anonimo e viene utilizzato solo per indirizzare i contenuti alla tua posizione. Cookie di registrazione: i cookie di registrazione vengono generati una volta che l&#8217;Utente si \u00e8 registrato o ha successivamente aperto la sessione e vengono utilizzati per identificare l&#8217;Utente nei Servizi per i seguenti scopi:<\/p>\n\n\n\n<p>\u00b7 Mantenere identificato l&#8217;Utente in modo che, se chiude un Servizio, il browser o il computer e in un altro momento o un altro giorno accede nuovamente a detto Servizio, continuer\u00e0 ad essere identificato, facilitando cos\u00ec la sua navigazione senza doversi identificare nuovamente . Questa funzionalit\u00e0 pu\u00f2 essere eliminata se l&#8217;Utente fa clic sulla funzionalit\u00e0 &#8220;log out&#8221;, in modo che questo Cookie venga eliminato e la prossima volta che l&#8217;Utente accede al Servizio dovr\u00e0 accedere per essere identificato.<\/p>\n\n\n\n<p>\u00b7 Verificare se l&#8217;Utente \u00e8 autorizzato ad accedere a determinati Servizi, ad esempio, per partecipare ad un concorso.<\/p>\n\n\n\n<p>Inoltre, alcuni Servizi potrebbero utilizzare connettori con social network come Facebook o Twitter. Quando l&#8217;Utente si registra ad un Servizio con credenziali di un social network, autorizza il social network a memorizzare un Cookie persistente che ricorda la sua identit\u00e0 e garantisce l&#8217;accesso ai Servizi fino alla sua scadenza. L&#8217;Utente pu\u00f2 eliminare questo Cookie e revocare l&#8217;accesso ai Servizi attraverso i social network aggiornando le proprie preferenze sul social network specificato.<\/p>\n\n\n\n<p>Cookie analitici: ogni volta che un Utente visita un Servizio, uno strumento di un fornitore esterno (Omniture, Netscope, Comscore e simili che potrebbero essere aggiunti a questo elenco se variano in relazione a quelli attuali) genera un Cookie analitico nel computer dell&#8217;Utente . Questo cookie, che viene generato solo durante la visita, verr\u00e0 utilizzato nelle future visite ai Servizi revolutionpadelstore.com per identificare in modo anonimo il visitatore. I principali obiettivi perseguiti sono:<\/p>\n\n\n\n<p>\u00b7 Consentire l&#8217;identificazione anonima degli Utenti che navigano attraverso il &#8220;Cookie&#8221; (identifica browser e dispositivi, non persone) e quindi la contabilizzazione approssimativa del numero di visitatori e del loro andamento nel tempo.<\/p>\n\n\n\n<p>\u00b7 Identificare in modo anonimo i contenuti pi\u00f9 visitati e quindi pi\u00f9 attraenti per gli Utenti.<\/p>\n\n\n\n<p>\u00b7 Sapere se l&#8217;Utente che sta accedendo \u00e8 nuovo o ripete la visita.<\/p>\n\n\n\n<p>Importante: a meno che l&#8217;Utente non decida di registrarsi a un Servizio Revolutio Padel Store, il Cookie non sar\u00e0 mai associato ad alcun dato personale che possa identificarlo. Questi cookie verranno utilizzati solo per scopi<\/p>\n\n\n\n<p>statistiche che aiutano a ottimizzare l&#8217;esperienza dell&#8217;Utente sul sito.<\/p>\n\n\n\n<p>Cookie pubblicitari: questi tipi di cookie consentono di espandere le informazioni sugli annunci pubblicitari mostrati a ciascun Utente anonimo nei servizi Revolution Padel Store, tra gli altri, la durata o la frequenza di visualizzazione delle posizioni pubblicitarie, l&#8217;interazione con esse o i modelli di navigazione e\/o. o comportamenti dell&#8217;Utente in quanto contribuiscono a creare un profilo di interesse pubblicitario. In questo modo consentono di proporre pubblicit\u00e0 correlata agli interessi dell&#8217;Utente.<\/p>\n\n\n\n<p>Descrizione dei cookie:<\/p>\n\n\n\n<p>Cookie del negozio Revolution Padel<\/p>\n\n\n\n<p>Google Analytics: Cookie __utmb, __utmc, __utmz e __utma: ci consentono di contare le visualizzazioni di pagina e le sorgenti di traffico per misurare e migliorare le prestazioni dei siti. Google memorizza le informazioni raccolte dai cookie su server negli Stati Uniti. Google pu\u00f2 trasferire le informazioni a terzi ove richiesto dalla legge o laddove tali terzi trattino le informazioni per conto di Google. Google non assocer\u00e0 il tuo indirizzo IP a nessun altro dato posseduto da Google.<\/p>\n\n\n\n<p>Gestione dei cookie:<\/p>\n\n\n\n<p>Come garanzia complementare a quelle precedentemente descritte, la registrazione dei cookie pu\u00f2 essere subordinata all&#8217;accettazione durante l&#8217;installazione o l&#8217;aggiornamento del browser utilizzato, e tale accettazione pu\u00f2 essere revocata in ogni momento attraverso le opzioni di configurazione dei contenuti e della privacy disponibili.<\/p>\n\n\n\n<p>Molti browser consentono di attivare una modalit\u00e0 privata attraverso la quale i cookie vengono sempre cancellati dopo la tua visita. A seconda del browser, questa modalit\u00e0 privata pu\u00f2 avere nomi diversi. Di seguito troverai un elenco dei browser pi\u00f9 comuni e i diversi nomi di questa &#8220;modalit\u00e0 privata&#8221;:<\/p>\n\n\n\n<p>\u00b7 Internet Explorer 8 e versioni successive; InPrivato<\/p>\n\n\n\n<p>\u00b7 Opera 10.5 e successive; Navigazione privata<\/p>\n\n\n\n<p>\u00b7 Google Chrome 10 e versioni successive; Incognito<\/p>\n\n\n\n<p>\u00b7 Safari 2 e versioni successive; Navigazione privata<\/p>\n\n\n\n<p>\u00b7 FireFox 3.5 e versioni successive; Navigazione privata<\/p>\n\n\n\n<p>Importante: leggi attentamente la sezione di aiuto del tuo browser per saperne di pi\u00f9 su come attivare la &#8220;modalit\u00e0 privata&#8221;. Puoi continuare a visitare i nostri siti web, anche se il tuo browser \u00e8 in &#8220;modalit\u00e0 privata&#8221;, anche se la tua navigazione attraverso il nostro sito web potrebbe non essere ottimale e alcune utilit\u00e0 potrebbero non funzionare correttamente.<\/p>\n\n\n\n<p>Come disabilitare i Cookie nei principali browser:<\/p>\n\n\n\n<p>Di solito \u00e8 possibile interrompere l&#8217;accettazione dei cookie dal browser o interrompere l&#8217;accettazione dei cookie da un particolare servizio.<\/p>\n\n\n\n<p>Tutti i browser moderni consentono di modificare le impostazioni dei cookie. Queste impostazioni si trovano solitamente nelle opzioni o preferenze del menu del tuo browser. Puoi anche configurare il tuo browser o il tuo gestore di posta elettronica, nonch\u00e9 installare plugin gratuiti per impedire il download di Web Bug all&#8217;apertura di un&#8217;e-mail.<\/p>\n\n\n\n<p>Offriamo indicazioni all&#8217;Utente sulla procedura per accedere al menu di configurazione dei cookie e, ove applicabile, alla navigazione privata in ciascuno dei principali browser:<\/p>\n\n\n\n<p>Internet Explorer: Strumenti -&gt; Opzioni Internet -&gt; Privacy -&gt; Impostazioni. Firefox: Strumenti -&gt; Opzioni -&gt; Privacy -&gt; Cronologia -&gt; Impostazioni personalizzate. Chrome: Impostazioni -&gt; Mostra opzioni avanzate -&gt; Privacy -&gt; Impostazioni contenuti. Safari: Preferenze -&gt; Sicurezza.<\/p>\n","protected":false},"excerpt":{"rendered":"<p>POLITICA SUI COOKIE Politica sui cookie 1. Utilizzo dei cookie. 2. Tipologia, scopo e funzionamento dei Cookie. 3. Descrizione dei cookie. 4. Gestione dei cookie. 5. Come disabilitare i Cookie nei principali browser. Utilizzo dei cookie. Il sito web revolutionpadelstore.com utilizza cookie e altri meccanismi simili (di seguito, Cookie). Un &#8220;Cookie&#8221; \u00e8 un piccolo file [&hellip;]<\/p>\n","protected":false},"author":1,"featured_media":0,"parent":0,"menu_order":0,"comment_status":"closed","ping_status":"closed","template":"legal.php","meta":{"_acf_changed":false,"_joinchat":[],"footnotes":""},"class_list":["post-82364","page","type-page","status-publish","hentry"],"acf":[],"yoast_head":"<!-- This site is optimized with the Yoast SEO plugin v27.4 - https:\/\/yoast.com\/product\/yoast-seo-wordpress\/ -->\n<title>POLITICA SUI COOKIE - Revolution Padel Store<\/title>\n<meta name=\"robots\" content=\"index, follow, max-snippet:-1, max-image-preview:large, max-video-preview:-1\" \/>\n<link rel=\"canonical\" href=\"https:\/\/revolutionpadelstore.com\/it\/politica-de-cookies\/\" \/>\n<meta property=\"og:locale\" content=\"it_IT\" \/>\n<meta property=\"og:type\" content=\"article\" \/>\n<meta property=\"og:title\" content=\"POLITICA SUI COOKIE - Revolution Padel Store\" \/>\n<meta property=\"og:description\" content=\"POLITICA SUI COOKIE Politica sui cookie 1. Utilizzo dei cookie. 2. Tipologia, scopo e funzionamento dei Cookie. 3. Descrizione dei cookie. 4. Gestione dei cookie. 5. Come disabilitare i Cookie nei principali browser. Utilizzo dei cookie. Il sito web revolutionpadelstore.com utilizza cookie e altri meccanismi simili (di seguito, Cookie). Un &#8220;Cookie&#8221; \u00e8 un piccolo file [&hellip;]\" \/>\n<meta property=\"og:url\" content=\"https:\/\/revolutionpadelstore.com\/it\/politica-de-cookies\/\" \/>\n<meta property=\"og:site_name\" content=\"Revolution Padel Store\" \/>\n<meta property=\"article:modified_time\" content=\"2024-09-30T13:47:11+00:00\" \/>\n<meta property=\"og:image\" content=\"https:\/\/revolutionpadelstore.com\/wp-content\/uploads\/2026\/02\/revolution-padel-store.jpg\" \/>\n\t<meta property=\"og:image:width\" content=\"2000\" \/>\n\t<meta property=\"og:image:height\" content=\"2000\" \/>\n\t<meta property=\"og:image:type\" content=\"image\/jpeg\" \/>\n<meta name=\"twitter:card\" content=\"summary_large_image\" \/>\n<meta name=\"twitter:label1\" content=\"Tempo di lettura stimato\" \/>\n\t<meta name=\"twitter:data1\" content=\"6 minuti\" \/>\n<script type=\"application\/ld+json\" class=\"yoast-schema-graph\">{\"@context\":\"https:\\\/\\\/schema.org\",\"@graph\":[{\"@type\":\"WebPage\",\"@id\":\"https:\\\/\\\/revolutionpadelstore.com\\\/it\\\/politica-de-cookies\\\/\",\"url\":\"https:\\\/\\\/revolutionpadelstore.com\\\/it\\\/politica-de-cookies\\\/\",\"name\":\"POLITICA SUI COOKIE - Revolution Padel Store\",\"isPartOf\":{\"@id\":\"https:\\\/\\\/revolutionpadelstore.com\\\/it\\\/#website\"},\"datePublished\":\"2024-03-11T19:49:52+00:00\",\"dateModified\":\"2024-09-30T13:47:11+00:00\",\"breadcrumb\":{\"@id\":\"https:\\\/\\\/revolutionpadelstore.com\\\/it\\\/politica-de-cookies\\\/#breadcrumb\"},\"inLanguage\":\"it-IT\",\"potentialAction\":[{\"@type\":\"ReadAction\",\"target\":[\"https:\\\/\\\/revolutionpadelstore.com\\\/it\\\/politica-de-cookies\\\/\"]}]},{\"@type\":\"BreadcrumbList\",\"@id\":\"https:\\\/\\\/revolutionpadelstore.com\\\/it\\\/politica-de-cookies\\\/#breadcrumb\",\"itemListElement\":[{\"@type\":\"ListItem\",\"position\":1,\"name\":\"Portada\",\"item\":\"https:\\\/\\\/revolutionpadelstore.com\\\/it\\\/\"},{\"@type\":\"ListItem\",\"position\":2,\"name\":\"POLITICA SUI COOKIE\"}]},{\"@type\":\"WebSite\",\"@id\":\"https:\\\/\\\/revolutionpadelstore.com\\\/it\\\/#website\",\"url\":\"https:\\\/\\\/revolutionpadelstore.com\\\/it\\\/\",\"name\":\"Revolution Padel Store\",\"description\":\"\",\"publisher\":{\"@id\":\"https:\\\/\\\/revolutionpadelstore.com\\\/it\\\/#organization\"},\"potentialAction\":[{\"@type\":\"SearchAction\",\"target\":{\"@type\":\"EntryPoint\",\"urlTemplate\":\"https:\\\/\\\/revolutionpadelstore.com\\\/it\\\/?s={search_term_string}\"},\"query-input\":{\"@type\":\"PropertyValueSpecification\",\"valueRequired\":true,\"valueName\":\"search_term_string\"}}],\"inLanguage\":\"it-IT\"},{\"@type\":\"Organization\",\"@id\":\"https:\\\/\\\/revolutionpadelstore.com\\\/it\\\/#organization\",\"name\":\"Revolution Padel Store\",\"url\":\"https:\\\/\\\/revolutionpadelstore.com\\\/it\\\/\",\"logo\":{\"@type\":\"ImageObject\",\"inLanguage\":\"it-IT\",\"@id\":\"https:\\\/\\\/revolutionpadelstore.com\\\/it\\\/#\\\/schema\\\/logo\\\/image\\\/\",\"url\":\"https:\\\/\\\/revolutionpadelstore.com\\\/wp-content\\\/uploads\\\/2026\\\/02\\\/revolution-padel-store.jpg\",\"contentUrl\":\"https:\\\/\\\/revolutionpadelstore.com\\\/wp-content\\\/uploads\\\/2026\\\/02\\\/revolution-padel-store.jpg\",\"width\":2000,\"height\":2000,\"caption\":\"Revolution Padel Store\"},\"image\":{\"@id\":\"https:\\\/\\\/revolutionpadelstore.com\\\/it\\\/#\\\/schema\\\/logo\\\/image\\\/\"},\"sameAs\":[\"https:\\\/\\\/www.instagram.com\\\/revolutionpadelstore\\\/\"]}]}<\/script>\n<!-- \/ Yoast SEO plugin. -->","yoast_head_json":{"title":"POLITICA SUI COOKIE - Revolution Padel Store","robots":{"index":"index","follow":"follow","max-snippet":"max-snippet:-1","max-image-preview":"max-image-preview:large","max-video-preview":"max-video-preview:-1"},"canonical":"https:\/\/revolutionpadelstore.com\/it\/politica-de-cookies\/","og_locale":"it_IT","og_type":"article","og_title":"POLITICA SUI COOKIE - Revolution Padel Store","og_description":"POLITICA SUI COOKIE Politica sui cookie 1. Utilizzo dei cookie. 2. Tipologia, scopo e funzionamento dei Cookie. 3. Descrizione dei cookie. 4. Gestione dei cookie. 5. Come disabilitare i Cookie nei principali browser. Utilizzo dei cookie. Il sito web revolutionpadelstore.com utilizza cookie e altri meccanismi simili (di seguito, Cookie). Un &#8220;Cookie&#8221; \u00e8 un piccolo file [&hellip;]","og_url":"https:\/\/revolutionpadelstore.com\/it\/politica-de-cookies\/","og_site_name":"Revolution Padel Store","article_modified_time":"2024-09-30T13:47:11+00:00","og_image":[{"width":2000,"height":2000,"url":"https:\/\/revolutionpadelstore.com\/wp-content\/uploads\/2026\/02\/revolution-padel-store.jpg","type":"image\/jpeg"}],"twitter_card":"summary_large_image","twitter_misc":{"Tempo di lettura stimato":"6 minuti"},"schema":{"@context":"https:\/\/schema.org","@graph":[{"@type":"WebPage","@id":"https:\/\/revolutionpadelstore.com\/it\/politica-de-cookies\/","url":"https:\/\/revolutionpadelstore.com\/it\/politica-de-cookies\/","name":"POLITICA SUI COOKIE - Revolution Padel Store","isPartOf":{"@id":"https:\/\/revolutionpadelstore.com\/it\/#website"},"datePublished":"2024-03-11T19:49:52+00:00","dateModified":"2024-09-30T13:47:11+00:00","breadcrumb":{"@id":"https:\/\/revolutionpadelstore.com\/it\/politica-de-cookies\/#breadcrumb"},"inLanguage":"it-IT","potentialAction":[{"@type":"ReadAction","target":["https:\/\/revolutionpadelstore.com\/it\/politica-de-cookies\/"]}]},{"@type":"BreadcrumbList","@id":"https:\/\/revolutionpadelstore.com\/it\/politica-de-cookies\/#breadcrumb","itemListElement":[{"@type":"ListItem","position":1,"name":"Portada","item":"https:\/\/revolutionpadelstore.com\/it\/"},{"@type":"ListItem","position":2,"name":"POLITICA SUI COOKIE"}]},{"@type":"WebSite","@id":"https:\/\/revolutionpadelstore.com\/it\/#website","url":"https:\/\/revolutionpadelstore.com\/it\/","name":"Revolution Padel Store","description":"","publisher":{"@id":"https:\/\/revolutionpadelstore.com\/it\/#organization"},"potentialAction":[{"@type":"SearchAction","target":{"@type":"EntryPoint","urlTemplate":"https:\/\/revolutionpadelstore.com\/it\/?s={search_term_string}"},"query-input":{"@type":"PropertyValueSpecification","valueRequired":true,"valueName":"search_term_string"}}],"inLanguage":"it-IT"},{"@type":"Organization","@id":"https:\/\/revolutionpadelstore.com\/it\/#organization","name":"Revolution Padel Store","url":"https:\/\/revolutionpadelstore.com\/it\/","logo":{"@type":"ImageObject","inLanguage":"it-IT","@id":"https:\/\/revolutionpadelstore.com\/it\/#\/schema\/logo\/image\/","url":"https:\/\/revolutionpadelstore.com\/wp-content\/uploads\/2026\/02\/revolution-padel-store.jpg","contentUrl":"https:\/\/revolutionpadelstore.com\/wp-content\/uploads\/2026\/02\/revolution-padel-store.jpg","width":2000,"height":2000,"caption":"Revolution Padel Store"},"image":{"@id":"https:\/\/revolutionpadelstore.com\/it\/#\/schema\/logo\/image\/"},"sameAs":["https:\/\/www.instagram.com\/revolutionpadelstore\/"]}]}},"_links":{"self":[{"href":"https:\/\/revolutionpadelstore.com\/it\/wp-json\/wp\/v2\/pages\/82364","targetHints":{"allow":["GET"]}}],"collection":[{"href":"https:\/\/revolutionpadelstore.com\/it\/wp-json\/wp\/v2\/pages"}],"about":[{"href":"https:\/\/revolutionpadelstore.com\/it\/wp-json\/wp\/v2\/types\/page"}],"author":[{"embeddable":true,"href":"https:\/\/revolutionpadelstore.com\/it\/wp-json\/wp\/v2\/users\/1"}],"replies":[{"embeddable":true,"href":"https:\/\/revolutionpadelstore.com\/it\/wp-json\/wp\/v2\/comments?post=82364"}],"version-history":[{"count":1,"href":"https:\/\/revolutionpadelstore.com\/it\/wp-json\/wp\/v2\/pages\/82364\/revisions"}],"predecessor-version":[{"id":82496,"href":"https:\/\/revolutionpadelstore.com\/it\/wp-json\/wp\/v2\/pages\/82364\/revisions\/82496"}],"wp:attachment":[{"href":"https:\/\/revolutionpadelstore.com\/it\/wp-json\/wp\/v2\/media?parent=82364"}],"curies":[{"name":"wp","href":"https:\/\/api.w.org\/{rel}","templated":true}]}}