{"id":99082,"date":"2024-10-13T09:52:44","date_gmt":"2024-10-13T07:52:44","guid":{"rendered":"https:\/\/revolutionpadelstore.com\/starvie-basalto-pro-2025\/"},"modified":"2026-04-08T10:26:41","modified_gmt":"2026-04-08T08:26:41","slug":"starvie-basalto-pro-2025","status":"publish","type":"product","link":"https:\/\/revolutionpadelstore.com\/fr\/produit\/starvie-basalto-pro-2025\/","title":{"rendered":"STARVIE BASALTO PRO 2025"},"content":{"rendered":"<p>La <strong>StarVie Basalto Pro 2025<\/strong> est une raquette de padel haut de gamme qui allie contr\u00f4le et puissance, id\u00e9ale pour les joueurs avanc\u00e9s. Sa conception en forme de larme et \u00e0 \u00e9quilibre \u00e9lev\u00e9 permet une plus grande surface de frappe, offrant une polyvalence exceptionnelle sur le terrain.<\/p>\n<h3>Fonctionnalit\u00e9s mises en avant :<\/h3>\n<p style=\"padding-left: 40px\"><strong>-Polivalence<\/strong> : Parfait pour alterner entre attaques puissantes et d\u00e9fenses contr\u00f4l\u00e9es, en s&#8217;adaptant aux diff\u00e9rents styles de jeu.<\/p>\n<p style=\"padding-left: 40px\"><strong>-Mat\u00e9riaux de haute qualit\u00e9<\/strong> : Fabriqu\u00e9e avec une combinaison de basalte et de carbone 3K, la raquette a une structure robuste et r\u00e9sistante \u00e0 l&#8217;usure, qui garantit durabilit\u00e9 et performances.<\/p>\n<p style=\"padding-left: 40px\"><strong>-Noyau en caoutchouc EVA PRO 50<\/strong> : Ce caoutchouc \u00e0 densit\u00e9 dure facilite les frappes puissantes et pr\u00e9cises, optimisant le contr\u00f4le \u00e0 chaque tir.<\/p>\n<p style=\"padding-left: 40px\"><strong>-Technologie avanc\u00e9e<\/strong> : Le profil de 38 mm et la technologie Five Side am\u00e9liorent l&#8217;a\u00e9rodynamisme, ce qui am\u00e9liore la rigidit\u00e9 et les performances globales de la raquette.<\/p>\n<p style=\"padding-left: 40px\"><strong>-Conception ergonomique<\/strong> : Avec un c\u0153ur asym\u00e9trique Star Balance, la lame assure un poids \u00e9quilibr\u00e9, tandis que la poign\u00e9e avec Noene Inside offre stabilit\u00e9 et prise en main confortable. <\/p>\n<h3>Conclusion<\/h3>\n<p>Le StarVie Basalto Pro 2025 est id\u00e9al pour les joueurs cherchant \u00e0 maximiser leurs performances sur le terrain. Avec sa combinaison de technologie et de mat\u00e9riaux, cette raquette offre une exp\u00e9rience de jeu sup\u00e9rieure, facilitant \u00e0 la fois l&#8217;attaque et le contr\u00f4le. Si vous souhaitez \u00e9lever votre technique et am\u00e9liorer votre jeu, cette raquette est une excellente option. N&#8217;h\u00e9sitez pas \u00e0 l&#8217;essayer !<strong>StarVie Basalto Pro 2025<\/strong><\/p>\n","protected":false},"excerpt":{"rendered":"<p>StarVie Basalto Pro 2025, raquette en forme de larme avec un \u00e9quilibre \u00e9lev\u00e9 pour les joueurs de niveau avanc\u00e9 recherchant de la puissance en attaque et du contr\u00f4le en d\u00e9fense. Faces rugueuses en carbone 3K et basalte.<\/p>\n","protected":false},"featured_media":98921,"comment_status":"open","ping_status":"closed","template":"","meta":{"_acf_changed":false,"_joinchat":[]},"acabado":[1092],"balance":[1137],"dureza":[1162],"forma":[1187],"jugador":[1192,1202],"marca":[1292],"nivel-de-juego":[1337],"superficie":[1362],"tipo-de-juego":[1387],"product_brand":[],"product_cat":[302],"product_tag":[],"class_list":{"0":"post-99082","1":"product","2":"type-product","3":"status-publish","4":"has-post-thumbnail","6":"acabado-soulager-la-3d","7":"balance-eleve","8":"dureza-dure","9":"forma-lagrima-fr","10":"jugador-homme","11":"jugador-polivalente-fr","12":"marca-starvie-fr","13":"superficie-rugosa-fr","14":"tipo-de-juego-polivalente-fr","15":"product_cat-palas-de-padel-fr","17":"first","18":"instock","19":"sale","20":"taxable","21":"shipping-taxable","22":"purchasable","23":"product-type-simple"},"acf":[],"yoast_head":"<!-- This site is optimized with the Yoast SEO plugin v27.4 - https:\/\/yoast.com\/product\/yoast-seo-wordpress\/ -->\n<title>STARVIE BASALTO PRO 2025 - Revolution Padel Store<\/title>\n<meta name=\"description\" content=\"La StarVie Basalto Pro 2025 es una pala de p\u00e1del de alta gama que combina control y potencia, ideal para jugadores avanzados. Su dise\u00f1o en forma de l\u00e1grima y con balance alto permite una mayor superficie de golpeo, lo que proporciona una versatilidad excepcional en la cancha.\" \/>\n<meta name=\"robots\" content=\"index, follow, max-snippet:-1, max-image-preview:large, max-video-preview:-1\" \/>\n<link rel=\"canonical\" href=\"https:\/\/revolutionpadelstore.com\/fr\/produit\/starvie-basalto-pro-2025\/\" \/>\n<meta property=\"og:locale\" content=\"fr_FR\" \/>\n<meta property=\"og:type\" content=\"article\" \/>\n<meta property=\"og:title\" content=\"STARVIE BASALTO PRO 2025 - Revolution Padel Store\" \/>\n<meta property=\"og:description\" content=\"La StarVie Basalto Pro 2025 es una pala de p\u00e1del de alta gama que combina control y potencia, ideal para jugadores avanzados. Su dise\u00f1o en forma de l\u00e1grima y con balance alto permite una mayor superficie de golpeo, lo que proporciona una versatilidad excepcional en la cancha.\" \/>\n<meta property=\"og:url\" content=\"https:\/\/revolutionpadelstore.com\/fr\/produit\/starvie-basalto-pro-2025\/\" \/>\n<meta property=\"og:site_name\" content=\"Revolution Padel Store\" \/>\n<meta property=\"article:modified_time\" content=\"2026-04-08T08:26:41+00:00\" \/>\n<meta property=\"og:image\" content=\"https:\/\/revolutionpadelstore.com\/wp-content\/uploads\/2024\/10\/114813_pala_starvie_basalto_pro_pstbp21000_1500x1500_1_e87c.webp\" \/>\n\t<meta property=\"og:image:width\" content=\"1500\" \/>\n\t<meta property=\"og:image:height\" content=\"1500\" \/>\n\t<meta property=\"og:image:type\" content=\"image\/webp\" \/>\n<meta name=\"twitter:card\" content=\"summary_large_image\" \/>\n<meta name=\"twitter:label1\" content=\"Dur\u00e9e de lecture estim\u00e9e\" \/>\n\t<meta name=\"twitter:data1\" content=\"2 minutes\" \/>\n<script type=\"application\/ld+json\" class=\"yoast-schema-graph\">{\"@context\":\"https:\\\/\\\/schema.org\",\"@graph\":[{\"@type\":\"WebPage\",\"@id\":\"https:\\\/\\\/revolutionpadelstore.com\\\/fr\\\/produit\\\/starvie-basalto-pro-2025\\\/\",\"url\":\"https:\\\/\\\/revolutionpadelstore.com\\\/fr\\\/produit\\\/starvie-basalto-pro-2025\\\/\",\"name\":\"STARVIE BASALTO PRO 2025 - Revolution Padel Store\",\"isPartOf\":{\"@id\":\"https:\\\/\\\/revolutionpadelstore.com\\\/fr\\\/#website\"},\"primaryImageOfPage\":{\"@id\":\"https:\\\/\\\/revolutionpadelstore.com\\\/fr\\\/produit\\\/starvie-basalto-pro-2025\\\/#primaryimage\"},\"image\":{\"@id\":\"https:\\\/\\\/revolutionpadelstore.com\\\/fr\\\/produit\\\/starvie-basalto-pro-2025\\\/#primaryimage\"},\"thumbnailUrl\":\"https:\\\/\\\/revolutionpadelstore.com\\\/wp-content\\\/uploads\\\/2024\\\/10\\\/114813_pala_starvie_basalto_pro_pstbp21000_1500x1500_1_e87c.webp\",\"datePublished\":\"2024-10-13T07:52:44+00:00\",\"dateModified\":\"2026-04-08T08:26:41+00:00\",\"description\":\"La StarVie Basalto Pro 2025 es una pala de p\u00e1del de alta gama que combina control y potencia, ideal para jugadores avanzados. Su dise\u00f1o en forma de l\u00e1grima y con balance alto permite una mayor superficie de golpeo, lo que proporciona una versatilidad excepcional en la cancha.\",\"breadcrumb\":{\"@id\":\"https:\\\/\\\/revolutionpadelstore.com\\\/fr\\\/produit\\\/starvie-basalto-pro-2025\\\/#breadcrumb\"},\"inLanguage\":\"fr-FR\",\"potentialAction\":[{\"@type\":\"ReadAction\",\"target\":[\"https:\\\/\\\/revolutionpadelstore.com\\\/fr\\\/produit\\\/starvie-basalto-pro-2025\\\/\"]}]},{\"@type\":\"ImageObject\",\"inLanguage\":\"fr-FR\",\"@id\":\"https:\\\/\\\/revolutionpadelstore.com\\\/fr\\\/produit\\\/starvie-basalto-pro-2025\\\/#primaryimage\",\"url\":\"https:\\\/\\\/revolutionpadelstore.com\\\/wp-content\\\/uploads\\\/2024\\\/10\\\/114813_pala_starvie_basalto_pro_pstbp21000_1500x1500_1_e87c.webp\",\"contentUrl\":\"https:\\\/\\\/revolutionpadelstore.com\\\/wp-content\\\/uploads\\\/2024\\\/10\\\/114813_pala_starvie_basalto_pro_pstbp21000_1500x1500_1_e87c.webp\",\"width\":1500,\"height\":1500},{\"@type\":\"BreadcrumbList\",\"@id\":\"https:\\\/\\\/revolutionpadelstore.com\\\/fr\\\/produit\\\/starvie-basalto-pro-2025\\\/#breadcrumb\",\"itemListElement\":[{\"@type\":\"ListItem\",\"position\":1,\"name\":\"Portada\",\"item\":\"https:\\\/\\\/revolutionpadelstore.com\\\/fr\\\/\"},{\"@type\":\"ListItem\",\"position\":2,\"name\":\"Boutique\",\"item\":\"https:\\\/\\\/revolutionpadelstore.com\\\/fr\\\/tienda\\\/\"},{\"@type\":\"ListItem\",\"position\":3,\"name\":\"STARVIE BASALTO PRO 2025\"}]},{\"@type\":\"WebSite\",\"@id\":\"https:\\\/\\\/revolutionpadelstore.com\\\/fr\\\/#website\",\"url\":\"https:\\\/\\\/revolutionpadelstore.com\\\/fr\\\/\",\"name\":\"Revolution Padel Store\",\"description\":\"\",\"publisher\":{\"@id\":\"https:\\\/\\\/revolutionpadelstore.com\\\/fr\\\/#organization\"},\"potentialAction\":[{\"@type\":\"SearchAction\",\"target\":{\"@type\":\"EntryPoint\",\"urlTemplate\":\"https:\\\/\\\/revolutionpadelstore.com\\\/fr\\\/?s={search_term_string}\"},\"query-input\":{\"@type\":\"PropertyValueSpecification\",\"valueRequired\":true,\"valueName\":\"search_term_string\"}}],\"inLanguage\":\"fr-FR\"},{\"@type\":\"Organization\",\"@id\":\"https:\\\/\\\/revolutionpadelstore.com\\\/fr\\\/#organization\",\"name\":\"Revolution Padel Store\",\"url\":\"https:\\\/\\\/revolutionpadelstore.com\\\/fr\\\/\",\"logo\":{\"@type\":\"ImageObject\",\"inLanguage\":\"fr-FR\",\"@id\":\"https:\\\/\\\/revolutionpadelstore.com\\\/fr\\\/#\\\/schema\\\/logo\\\/image\\\/\",\"url\":\"https:\\\/\\\/revolutionpadelstore.com\\\/wp-content\\\/uploads\\\/2026\\\/02\\\/revolution-padel-store.jpg\",\"contentUrl\":\"https:\\\/\\\/revolutionpadelstore.com\\\/wp-content\\\/uploads\\\/2026\\\/02\\\/revolution-padel-store.jpg\",\"width\":2000,\"height\":2000,\"caption\":\"Revolution Padel Store\"},\"image\":{\"@id\":\"https:\\\/\\\/revolutionpadelstore.com\\\/fr\\\/#\\\/schema\\\/logo\\\/image\\\/\"},\"sameAs\":[\"https:\\\/\\\/www.instagram.com\\\/revolutionpadelstore\\\/\"]}]}<\/script>\n<!-- \/ Yoast SEO plugin. -->","yoast_head_json":{"title":"STARVIE BASALTO PRO 2025 - Revolution Padel Store","description":"La StarVie Basalto Pro 2025 es una pala de p\u00e1del de alta gama que combina control y potencia, ideal para jugadores avanzados. Su dise\u00f1o en forma de l\u00e1grima y con balance alto permite una mayor superficie de golpeo, lo que proporciona una versatilidad excepcional en la cancha.","robots":{"index":"index","follow":"follow","max-snippet":"max-snippet:-1","max-image-preview":"max-image-preview:large","max-video-preview":"max-video-preview:-1"},"canonical":"https:\/\/revolutionpadelstore.com\/fr\/produit\/starvie-basalto-pro-2025\/","og_locale":"fr_FR","og_type":"article","og_title":"STARVIE BASALTO PRO 2025 - Revolution Padel Store","og_description":"La StarVie Basalto Pro 2025 es una pala de p\u00e1del de alta gama que combina control y potencia, ideal para jugadores avanzados. Su dise\u00f1o en forma de l\u00e1grima y con balance alto permite una mayor superficie de golpeo, lo que proporciona una versatilidad excepcional en la cancha.","og_url":"https:\/\/revolutionpadelstore.com\/fr\/produit\/starvie-basalto-pro-2025\/","og_site_name":"Revolution Padel Store","article_modified_time":"2026-04-08T08:26:41+00:00","og_image":[{"width":1500,"height":1500,"url":"https:\/\/revolutionpadelstore.com\/wp-content\/uploads\/2024\/10\/114813_pala_starvie_basalto_pro_pstbp21000_1500x1500_1_e87c.webp","type":"image\/webp"}],"twitter_card":"summary_large_image","twitter_misc":{"Dur\u00e9e de lecture estim\u00e9e":"2 minutes"},"schema":{"@context":"https:\/\/schema.org","@graph":[{"@type":"WebPage","@id":"https:\/\/revolutionpadelstore.com\/fr\/produit\/starvie-basalto-pro-2025\/","url":"https:\/\/revolutionpadelstore.com\/fr\/produit\/starvie-basalto-pro-2025\/","name":"STARVIE BASALTO PRO 2025 - Revolution Padel Store","isPartOf":{"@id":"https:\/\/revolutionpadelstore.com\/fr\/#website"},"primaryImageOfPage":{"@id":"https:\/\/revolutionpadelstore.com\/fr\/produit\/starvie-basalto-pro-2025\/#primaryimage"},"image":{"@id":"https:\/\/revolutionpadelstore.com\/fr\/produit\/starvie-basalto-pro-2025\/#primaryimage"},"thumbnailUrl":"https:\/\/revolutionpadelstore.com\/wp-content\/uploads\/2024\/10\/114813_pala_starvie_basalto_pro_pstbp21000_1500x1500_1_e87c.webp","datePublished":"2024-10-13T07:52:44+00:00","dateModified":"2026-04-08T08:26:41+00:00","description":"La StarVie Basalto Pro 2025 es una pala de p\u00e1del de alta gama que combina control y potencia, ideal para jugadores avanzados. Su dise\u00f1o en forma de l\u00e1grima y con balance alto permite una mayor superficie de golpeo, lo que proporciona una versatilidad excepcional en la cancha.","breadcrumb":{"@id":"https:\/\/revolutionpadelstore.com\/fr\/produit\/starvie-basalto-pro-2025\/#breadcrumb"},"inLanguage":"fr-FR","potentialAction":[{"@type":"ReadAction","target":["https:\/\/revolutionpadelstore.com\/fr\/produit\/starvie-basalto-pro-2025\/"]}]},{"@type":"ImageObject","inLanguage":"fr-FR","@id":"https:\/\/revolutionpadelstore.com\/fr\/produit\/starvie-basalto-pro-2025\/#primaryimage","url":"https:\/\/revolutionpadelstore.com\/wp-content\/uploads\/2024\/10\/114813_pala_starvie_basalto_pro_pstbp21000_1500x1500_1_e87c.webp","contentUrl":"https:\/\/revolutionpadelstore.com\/wp-content\/uploads\/2024\/10\/114813_pala_starvie_basalto_pro_pstbp21000_1500x1500_1_e87c.webp","width":1500,"height":1500},{"@type":"BreadcrumbList","@id":"https:\/\/revolutionpadelstore.com\/fr\/produit\/starvie-basalto-pro-2025\/#breadcrumb","itemListElement":[{"@type":"ListItem","position":1,"name":"Portada","item":"https:\/\/revolutionpadelstore.com\/fr\/"},{"@type":"ListItem","position":2,"name":"Boutique","item":"https:\/\/revolutionpadelstore.com\/fr\/tienda\/"},{"@type":"ListItem","position":3,"name":"STARVIE BASALTO PRO 2025"}]},{"@type":"WebSite","@id":"https:\/\/revolutionpadelstore.com\/fr\/#website","url":"https:\/\/revolutionpadelstore.com\/fr\/","name":"Revolution Padel Store","description":"","publisher":{"@id":"https:\/\/revolutionpadelstore.com\/fr\/#organization"},"potentialAction":[{"@type":"SearchAction","target":{"@type":"EntryPoint","urlTemplate":"https:\/\/revolutionpadelstore.com\/fr\/?s={search_term_string}"},"query-input":{"@type":"PropertyValueSpecification","valueRequired":true,"valueName":"search_term_string"}}],"inLanguage":"fr-FR"},{"@type":"Organization","@id":"https:\/\/revolutionpadelstore.com\/fr\/#organization","name":"Revolution Padel Store","url":"https:\/\/revolutionpadelstore.com\/fr\/","logo":{"@type":"ImageObject","inLanguage":"fr-FR","@id":"https:\/\/revolutionpadelstore.com\/fr\/#\/schema\/logo\/image\/","url":"https:\/\/revolutionpadelstore.com\/wp-content\/uploads\/2026\/02\/revolution-padel-store.jpg","contentUrl":"https:\/\/revolutionpadelstore.com\/wp-content\/uploads\/2026\/02\/revolution-padel-store.jpg","width":2000,"height":2000,"caption":"Revolution Padel Store"},"image":{"@id":"https:\/\/revolutionpadelstore.com\/fr\/#\/schema\/logo\/image\/"},"sameAs":["https:\/\/www.instagram.com\/revolutionpadelstore\/"]}]}},"_links":{"self":[{"href":"https:\/\/revolutionpadelstore.com\/fr\/wp-json\/wp\/v2\/product\/99082","targetHints":{"allow":["GET"]}}],"collection":[{"href":"https:\/\/revolutionpadelstore.com\/fr\/wp-json\/wp\/v2\/product"}],"about":[{"href":"https:\/\/revolutionpadelstore.com\/fr\/wp-json\/wp\/v2\/types\/product"}],"replies":[{"embeddable":true,"href":"https:\/\/revolutionpadelstore.com\/fr\/wp-json\/wp\/v2\/comments?post=99082"}],"wp:featuredmedia":[{"embeddable":true,"href":"https:\/\/revolutionpadelstore.com\/fr\/wp-json\/wp\/v2\/media\/98921"}],"wp:attachment":[{"href":"https:\/\/revolutionpadelstore.com\/fr\/wp-json\/wp\/v2\/media?parent=99082"}],"wp:term":[{"taxonomy":"acabado","embeddable":true,"href":"https:\/\/revolutionpadelstore.com\/fr\/wp-json\/wp\/v2\/acabado?post=99082"},{"taxonomy":"balance","embeddable":true,"href":"https:\/\/revolutionpadelstore.com\/fr\/wp-json\/wp\/v2\/balance?post=99082"},{"taxonomy":"dureza","embeddable":true,"href":"https:\/\/revolutionpadelstore.com\/fr\/wp-json\/wp\/v2\/dureza?post=99082"},{"taxonomy":"forma","embeddable":true,"href":"https:\/\/revolutionpadelstore.com\/fr\/wp-json\/wp\/v2\/forma?post=99082"},{"taxonomy":"jugador","embeddable":true,"href":"https:\/\/revolutionpadelstore.com\/fr\/wp-json\/wp\/v2\/jugador?post=99082"},{"taxonomy":"marca","embeddable":true,"href":"https:\/\/revolutionpadelstore.com\/fr\/wp-json\/wp\/v2\/marca?post=99082"},{"taxonomy":"nivel-de-juego","embeddable":true,"href":"https:\/\/revolutionpadelstore.com\/fr\/wp-json\/wp\/v2\/nivel-de-juego?post=99082"},{"taxonomy":"superficie","embeddable":true,"href":"https:\/\/revolutionpadelstore.com\/fr\/wp-json\/wp\/v2\/superficie?post=99082"},{"taxonomy":"tipo-de-juego","embeddable":true,"href":"https:\/\/revolutionpadelstore.com\/fr\/wp-json\/wp\/v2\/tipo-de-juego?post=99082"},{"taxonomy":"product_brand","embeddable":true,"href":"https:\/\/revolutionpadelstore.com\/fr\/wp-json\/wp\/v2\/product_brand?post=99082"},{"taxonomy":"product_cat","embeddable":true,"href":"https:\/\/revolutionpadelstore.com\/fr\/wp-json\/wp\/v2\/product_cat?post=99082"},{"taxonomy":"product_tag","embeddable":true,"href":"https:\/\/revolutionpadelstore.com\/fr\/wp-json\/wp\/v2\/product_tag?post=99082"}],"curies":[{"name":"wp","href":"https:\/\/api.w.org\/{rel}","templated":true}]}}