{"id":99077,"date":"2024-10-13T10:03:58","date_gmt":"2024-10-13T08:03:58","guid":{"rendered":"https:\/\/revolutionpadelstore.com\/starvie-drax-pro-touch-2025\/"},"modified":"2026-04-08T10:26:09","modified_gmt":"2026-04-08T08:26:09","slug":"starvie-drax-pro-touch-2025","status":"publish","type":"product","link":"https:\/\/revolutionpadelstore.com\/fr\/produit\/starvie-drax-pro-touch-2025\/","title":{"rendered":"STARVIE DRAX PRO TOUCH 2025"},"content":{"rendered":"<h3>StarVie Drax Pro Touch 2025 : stabilit\u00e9 et polyvalence<\/h3>\n<p>La raquette Drax Pro Touch 2025 de StarVie, issue de sa gamme Premium, est con\u00e7ue pour un jeu alliant contr\u00f4le et attaque. Il offre un \u00e9quilibre exceptionnel entre puissance et pr\u00e9cision, vous permettant de vous adapter \u00e0 toutes les situations sur le terrain. La conception du Drax Pro Touch 2025 cherche \u00e0 optimiser les performances du joueur, offrant une polyvalence exceptionnelle \u00e0 chaque tir.<\/p>\n<p><strong>Id\u00e9al pour les joueurs avanc\u00e9s<\/strong><\/p>\n<p>Cette raquette est parfaite pour les joueurs de padel de niveau avanc\u00e9 qui excellent aussi bien en d\u00e9fense depuis le fond du terrain que dans les attaques agressives sur le filet. Si vous aimez ajouter de l&#8217;effet au ballon et surprendre vos adversaires, le Drax Pro Touch sera votre compagnon id\u00e9al dans les matchs les plus exigeants.<\/p>\n<p><strong>Fonctionnalit\u00e9s et technologies<\/strong><\/p>\n<p style=\"padding-left: 40px\"><strong>-Noyau :<\/strong> Caoutchouc EVA Pro Touch de densit\u00e9 moyennement dure pour un contr\u00f4le et une puissance exceptionnels, ainsi qu&#8217;une plus grande sensibilit\u00e9 \u00e0 chaque coup.<\/p>\n<p style=\"padding-left: 40px\"><strong>-Surface :<\/strong> Deux couches de carbone 12K qui adoucissent le toucher et optimisent la sortie de balle.<\/p>\n<p style=\"padding-left: 40px\"><strong>-Cadre :<\/strong> Carbone 3K qui maximise la fermet\u00e9 et la r\u00e9sistance.<\/p>\n<p style=\"padding-left: 40px\"><strong>-Racing Tech Roughness :<\/strong> Avions qui permettent plus de rotation \u00e0 la balle.<\/p>\n<p style=\"padding-left: 40px\"><strong>-Technologie Noene Inside :<\/strong> Appliqu\u00e9e sur le poing, elle absorbe l&#8217;\u00e9nergie des vibrations.<\/p>\n<p style=\"padding-left: 40px\"><strong>-Profil :<\/strong> 38 mm avec Airflow Design pour des frappes plus puissantes et plus rapides.<\/p>\n<p style=\"padding-left: 40px\"><strong>-Hepta Bridge :<\/strong> Au c\u0153ur de la lame, il apporte fermet\u00e9, maniabilit\u00e9 et absorption des vibrations.<\/p>\n<p style=\"padding-left: 40px\"><strong>-Poids :<\/strong> Entre 350 et 380 grammes.<\/p>\n<p style=\"padding-left: 40px\"><strong>-Comprend :<\/strong> un sac de sport durable et une corde r\u00e9glable.<\/p>\n<h3>Am\u00e9liorez votre jeu<\/h3>\n<p>Obtenez le StarVie Drax Pro Touch 2025 au Revolution Padel Store. Avec son design en forme de larme et son sweet spot sur\u00e9lev\u00e9, cette raquette permettra aux joueurs avanc\u00e9s de frapper la balle avec plus de polyvalence, de confort et d&#8217;effets. Am\u00e9liorez vos performances sur le terrain avec cette raquette de la gamme Premium.<\/p>\n<h3>StarVie Drax Pro Touch 2025: Estabilidad y Versatilidad<\/h3>\n","protected":false},"excerpt":{"rendered":"<p>Raquette StarVie Drax Pro Touch 2025 en forme de larme et \u00e0 \u00e9quilibre \u00e9lev\u00e9, con\u00e7ue pour les joueurs avanc\u00e9s qui aiment \u00e0 la fois l&#8217;attaque et la d\u00e9fense. Avions bruts en carbone 12K.<\/p>\n","protected":false},"featured_media":98928,"comment_status":"open","ping_status":"closed","template":"","meta":{"_acf_changed":false,"_joinchat":[]},"acabado":[1092],"balance":[1137],"dureza":[1157],"forma":[1187],"jugador":[1192,1202],"marca":[1292],"nivel-de-juego":[1337],"superficie":[1362],"tipo-de-juego":[1387],"product_brand":[],"product_cat":[302],"product_tag":[],"class_list":{"0":"post-99077","1":"product","2":"type-product","3":"status-publish","4":"has-post-thumbnail","6":"acabado-soulager-la-3d","7":"balance-eleve","8":"dureza-media-fr","9":"forma-lagrima-fr","10":"jugador-homme","11":"jugador-polivalente-fr","12":"marca-starvie-fr","13":"superficie-rugosa-fr","14":"tipo-de-juego-polivalente-fr","15":"product_cat-palas-de-padel-fr","17":"first","18":"instock","19":"sale","20":"taxable","21":"shipping-taxable","22":"purchasable","23":"product-type-simple"},"acf":[],"yoast_head":"<!-- This site is optimized with the Yoast SEO plugin v27.4 - https:\/\/yoast.com\/product\/yoast-seo-wordpress\/ -->\n<title>STARVIE DRAX PRO TOUCH 2025 - Revolution Padel Store<\/title>\n<meta name=\"description\" content=\"Enfocada en un juego tanto de control como de ataque, la pala Drax Pro Touch 2025, de la gama Premium de StarVie, garantiza un equilibrio perfecto entre potencia y precisi\u00f3n para una excelente adaptaci\u00f3n a cualquier situaci\u00f3n que se te presente en la pista.\" \/>\n<meta name=\"robots\" content=\"index, follow, max-snippet:-1, max-image-preview:large, max-video-preview:-1\" \/>\n<link rel=\"canonical\" href=\"https:\/\/revolutionpadelstore.com\/fr\/produit\/starvie-drax-pro-touch-2025\/\" \/>\n<meta property=\"og:locale\" content=\"fr_FR\" \/>\n<meta property=\"og:type\" content=\"article\" \/>\n<meta property=\"og:title\" content=\"STARVIE DRAX PRO TOUCH 2025 - Revolution Padel Store\" \/>\n<meta property=\"og:description\" content=\"Enfocada en un juego tanto de control como de ataque, la pala Drax Pro Touch 2025, de la gama Premium de StarVie, garantiza un equilibrio perfecto entre potencia y precisi\u00f3n para una excelente adaptaci\u00f3n a cualquier situaci\u00f3n que se te presente en la pista.\" \/>\n<meta property=\"og:url\" content=\"https:\/\/revolutionpadelstore.com\/fr\/produit\/starvie-drax-pro-touch-2025\/\" \/>\n<meta property=\"og:site_name\" content=\"Revolution Padel Store\" \/>\n<meta property=\"article:modified_time\" content=\"2026-04-08T08:26:09+00:00\" \/>\n<meta property=\"og:image\" content=\"https:\/\/revolutionpadelstore.com\/wp-content\/uploads\/2024\/10\/114817_pala_starvie_drax_pro_touch_pstdv21000_1500x1500_1_96f5.webp\" \/>\n\t<meta property=\"og:image:width\" content=\"1500\" \/>\n\t<meta property=\"og:image:height\" content=\"1500\" \/>\n\t<meta property=\"og:image:type\" content=\"image\/webp\" \/>\n<meta name=\"twitter:card\" content=\"summary_large_image\" \/>\n<meta name=\"twitter:label1\" content=\"Dur\u00e9e de lecture estim\u00e9e\" \/>\n\t<meta name=\"twitter:data1\" content=\"2 minutes\" \/>\n<script type=\"application\/ld+json\" class=\"yoast-schema-graph\">{\"@context\":\"https:\\\/\\\/schema.org\",\"@graph\":[{\"@type\":\"WebPage\",\"@id\":\"https:\\\/\\\/revolutionpadelstore.com\\\/fr\\\/produit\\\/starvie-drax-pro-touch-2025\\\/\",\"url\":\"https:\\\/\\\/revolutionpadelstore.com\\\/fr\\\/produit\\\/starvie-drax-pro-touch-2025\\\/\",\"name\":\"STARVIE DRAX PRO TOUCH 2025 - Revolution Padel Store\",\"isPartOf\":{\"@id\":\"https:\\\/\\\/revolutionpadelstore.com\\\/fr\\\/#website\"},\"primaryImageOfPage\":{\"@id\":\"https:\\\/\\\/revolutionpadelstore.com\\\/fr\\\/produit\\\/starvie-drax-pro-touch-2025\\\/#primaryimage\"},\"image\":{\"@id\":\"https:\\\/\\\/revolutionpadelstore.com\\\/fr\\\/produit\\\/starvie-drax-pro-touch-2025\\\/#primaryimage\"},\"thumbnailUrl\":\"https:\\\/\\\/revolutionpadelstore.com\\\/wp-content\\\/uploads\\\/2024\\\/10\\\/114817_pala_starvie_drax_pro_touch_pstdv21000_1500x1500_1_96f5.webp\",\"datePublished\":\"2024-10-13T08:03:58+00:00\",\"dateModified\":\"2026-04-08T08:26:09+00:00\",\"description\":\"Enfocada en un juego tanto de control como de ataque, la pala Drax Pro Touch 2025, de la gama Premium de StarVie, garantiza un equilibrio perfecto entre potencia y precisi\u00f3n para una excelente adaptaci\u00f3n a cualquier situaci\u00f3n que se te presente en la pista.\",\"breadcrumb\":{\"@id\":\"https:\\\/\\\/revolutionpadelstore.com\\\/fr\\\/produit\\\/starvie-drax-pro-touch-2025\\\/#breadcrumb\"},\"inLanguage\":\"fr-FR\",\"potentialAction\":[{\"@type\":\"ReadAction\",\"target\":[\"https:\\\/\\\/revolutionpadelstore.com\\\/fr\\\/produit\\\/starvie-drax-pro-touch-2025\\\/\"]}]},{\"@type\":\"ImageObject\",\"inLanguage\":\"fr-FR\",\"@id\":\"https:\\\/\\\/revolutionpadelstore.com\\\/fr\\\/produit\\\/starvie-drax-pro-touch-2025\\\/#primaryimage\",\"url\":\"https:\\\/\\\/revolutionpadelstore.com\\\/wp-content\\\/uploads\\\/2024\\\/10\\\/114817_pala_starvie_drax_pro_touch_pstdv21000_1500x1500_1_96f5.webp\",\"contentUrl\":\"https:\\\/\\\/revolutionpadelstore.com\\\/wp-content\\\/uploads\\\/2024\\\/10\\\/114817_pala_starvie_drax_pro_touch_pstdv21000_1500x1500_1_96f5.webp\",\"width\":1500,\"height\":1500},{\"@type\":\"BreadcrumbList\",\"@id\":\"https:\\\/\\\/revolutionpadelstore.com\\\/fr\\\/produit\\\/starvie-drax-pro-touch-2025\\\/#breadcrumb\",\"itemListElement\":[{\"@type\":\"ListItem\",\"position\":1,\"name\":\"Portada\",\"item\":\"https:\\\/\\\/revolutionpadelstore.com\\\/fr\\\/\"},{\"@type\":\"ListItem\",\"position\":2,\"name\":\"Boutique\",\"item\":\"https:\\\/\\\/revolutionpadelstore.com\\\/fr\\\/tienda\\\/\"},{\"@type\":\"ListItem\",\"position\":3,\"name\":\"STARVIE DRAX PRO TOUCH 2025\"}]},{\"@type\":\"WebSite\",\"@id\":\"https:\\\/\\\/revolutionpadelstore.com\\\/fr\\\/#website\",\"url\":\"https:\\\/\\\/revolutionpadelstore.com\\\/fr\\\/\",\"name\":\"Revolution Padel Store\",\"description\":\"\",\"publisher\":{\"@id\":\"https:\\\/\\\/revolutionpadelstore.com\\\/fr\\\/#organization\"},\"potentialAction\":[{\"@type\":\"SearchAction\",\"target\":{\"@type\":\"EntryPoint\",\"urlTemplate\":\"https:\\\/\\\/revolutionpadelstore.com\\\/fr\\\/?s={search_term_string}\"},\"query-input\":{\"@type\":\"PropertyValueSpecification\",\"valueRequired\":true,\"valueName\":\"search_term_string\"}}],\"inLanguage\":\"fr-FR\"},{\"@type\":\"Organization\",\"@id\":\"https:\\\/\\\/revolutionpadelstore.com\\\/fr\\\/#organization\",\"name\":\"Revolution Padel Store\",\"url\":\"https:\\\/\\\/revolutionpadelstore.com\\\/fr\\\/\",\"logo\":{\"@type\":\"ImageObject\",\"inLanguage\":\"fr-FR\",\"@id\":\"https:\\\/\\\/revolutionpadelstore.com\\\/fr\\\/#\\\/schema\\\/logo\\\/image\\\/\",\"url\":\"https:\\\/\\\/revolutionpadelstore.com\\\/wp-content\\\/uploads\\\/2026\\\/02\\\/revolution-padel-store.jpg\",\"contentUrl\":\"https:\\\/\\\/revolutionpadelstore.com\\\/wp-content\\\/uploads\\\/2026\\\/02\\\/revolution-padel-store.jpg\",\"width\":2000,\"height\":2000,\"caption\":\"Revolution Padel Store\"},\"image\":{\"@id\":\"https:\\\/\\\/revolutionpadelstore.com\\\/fr\\\/#\\\/schema\\\/logo\\\/image\\\/\"},\"sameAs\":[\"https:\\\/\\\/www.instagram.com\\\/revolutionpadelstore\\\/\"]}]}<\/script>\n<!-- \/ Yoast SEO plugin. -->","yoast_head_json":{"title":"STARVIE DRAX PRO TOUCH 2025 - Revolution Padel Store","description":"Enfocada en un juego tanto de control como de ataque, la pala Drax Pro Touch 2025, de la gama Premium de StarVie, garantiza un equilibrio perfecto entre potencia y precisi\u00f3n para una excelente adaptaci\u00f3n a cualquier situaci\u00f3n que se te presente en la pista.","robots":{"index":"index","follow":"follow","max-snippet":"max-snippet:-1","max-image-preview":"max-image-preview:large","max-video-preview":"max-video-preview:-1"},"canonical":"https:\/\/revolutionpadelstore.com\/fr\/produit\/starvie-drax-pro-touch-2025\/","og_locale":"fr_FR","og_type":"article","og_title":"STARVIE DRAX PRO TOUCH 2025 - Revolution Padel Store","og_description":"Enfocada en un juego tanto de control como de ataque, la pala Drax Pro Touch 2025, de la gama Premium de StarVie, garantiza un equilibrio perfecto entre potencia y precisi\u00f3n para una excelente adaptaci\u00f3n a cualquier situaci\u00f3n que se te presente en la pista.","og_url":"https:\/\/revolutionpadelstore.com\/fr\/produit\/starvie-drax-pro-touch-2025\/","og_site_name":"Revolution Padel Store","article_modified_time":"2026-04-08T08:26:09+00:00","og_image":[{"width":1500,"height":1500,"url":"https:\/\/revolutionpadelstore.com\/wp-content\/uploads\/2024\/10\/114817_pala_starvie_drax_pro_touch_pstdv21000_1500x1500_1_96f5.webp","type":"image\/webp"}],"twitter_card":"summary_large_image","twitter_misc":{"Dur\u00e9e de lecture estim\u00e9e":"2 minutes"},"schema":{"@context":"https:\/\/schema.org","@graph":[{"@type":"WebPage","@id":"https:\/\/revolutionpadelstore.com\/fr\/produit\/starvie-drax-pro-touch-2025\/","url":"https:\/\/revolutionpadelstore.com\/fr\/produit\/starvie-drax-pro-touch-2025\/","name":"STARVIE DRAX PRO TOUCH 2025 - Revolution Padel Store","isPartOf":{"@id":"https:\/\/revolutionpadelstore.com\/fr\/#website"},"primaryImageOfPage":{"@id":"https:\/\/revolutionpadelstore.com\/fr\/produit\/starvie-drax-pro-touch-2025\/#primaryimage"},"image":{"@id":"https:\/\/revolutionpadelstore.com\/fr\/produit\/starvie-drax-pro-touch-2025\/#primaryimage"},"thumbnailUrl":"https:\/\/revolutionpadelstore.com\/wp-content\/uploads\/2024\/10\/114817_pala_starvie_drax_pro_touch_pstdv21000_1500x1500_1_96f5.webp","datePublished":"2024-10-13T08:03:58+00:00","dateModified":"2026-04-08T08:26:09+00:00","description":"Enfocada en un juego tanto de control como de ataque, la pala Drax Pro Touch 2025, de la gama Premium de StarVie, garantiza un equilibrio perfecto entre potencia y precisi\u00f3n para una excelente adaptaci\u00f3n a cualquier situaci\u00f3n que se te presente en la pista.","breadcrumb":{"@id":"https:\/\/revolutionpadelstore.com\/fr\/produit\/starvie-drax-pro-touch-2025\/#breadcrumb"},"inLanguage":"fr-FR","potentialAction":[{"@type":"ReadAction","target":["https:\/\/revolutionpadelstore.com\/fr\/produit\/starvie-drax-pro-touch-2025\/"]}]},{"@type":"ImageObject","inLanguage":"fr-FR","@id":"https:\/\/revolutionpadelstore.com\/fr\/produit\/starvie-drax-pro-touch-2025\/#primaryimage","url":"https:\/\/revolutionpadelstore.com\/wp-content\/uploads\/2024\/10\/114817_pala_starvie_drax_pro_touch_pstdv21000_1500x1500_1_96f5.webp","contentUrl":"https:\/\/revolutionpadelstore.com\/wp-content\/uploads\/2024\/10\/114817_pala_starvie_drax_pro_touch_pstdv21000_1500x1500_1_96f5.webp","width":1500,"height":1500},{"@type":"BreadcrumbList","@id":"https:\/\/revolutionpadelstore.com\/fr\/produit\/starvie-drax-pro-touch-2025\/#breadcrumb","itemListElement":[{"@type":"ListItem","position":1,"name":"Portada","item":"https:\/\/revolutionpadelstore.com\/fr\/"},{"@type":"ListItem","position":2,"name":"Boutique","item":"https:\/\/revolutionpadelstore.com\/fr\/tienda\/"},{"@type":"ListItem","position":3,"name":"STARVIE DRAX PRO TOUCH 2025"}]},{"@type":"WebSite","@id":"https:\/\/revolutionpadelstore.com\/fr\/#website","url":"https:\/\/revolutionpadelstore.com\/fr\/","name":"Revolution Padel Store","description":"","publisher":{"@id":"https:\/\/revolutionpadelstore.com\/fr\/#organization"},"potentialAction":[{"@type":"SearchAction","target":{"@type":"EntryPoint","urlTemplate":"https:\/\/revolutionpadelstore.com\/fr\/?s={search_term_string}"},"query-input":{"@type":"PropertyValueSpecification","valueRequired":true,"valueName":"search_term_string"}}],"inLanguage":"fr-FR"},{"@type":"Organization","@id":"https:\/\/revolutionpadelstore.com\/fr\/#organization","name":"Revolution Padel Store","url":"https:\/\/revolutionpadelstore.com\/fr\/","logo":{"@type":"ImageObject","inLanguage":"fr-FR","@id":"https:\/\/revolutionpadelstore.com\/fr\/#\/schema\/logo\/image\/","url":"https:\/\/revolutionpadelstore.com\/wp-content\/uploads\/2026\/02\/revolution-padel-store.jpg","contentUrl":"https:\/\/revolutionpadelstore.com\/wp-content\/uploads\/2026\/02\/revolution-padel-store.jpg","width":2000,"height":2000,"caption":"Revolution Padel Store"},"image":{"@id":"https:\/\/revolutionpadelstore.com\/fr\/#\/schema\/logo\/image\/"},"sameAs":["https:\/\/www.instagram.com\/revolutionpadelstore\/"]}]}},"_links":{"self":[{"href":"https:\/\/revolutionpadelstore.com\/fr\/wp-json\/wp\/v2\/product\/99077","targetHints":{"allow":["GET"]}}],"collection":[{"href":"https:\/\/revolutionpadelstore.com\/fr\/wp-json\/wp\/v2\/product"}],"about":[{"href":"https:\/\/revolutionpadelstore.com\/fr\/wp-json\/wp\/v2\/types\/product"}],"replies":[{"embeddable":true,"href":"https:\/\/revolutionpadelstore.com\/fr\/wp-json\/wp\/v2\/comments?post=99077"}],"wp:featuredmedia":[{"embeddable":true,"href":"https:\/\/revolutionpadelstore.com\/fr\/wp-json\/wp\/v2\/media\/98928"}],"wp:attachment":[{"href":"https:\/\/revolutionpadelstore.com\/fr\/wp-json\/wp\/v2\/media?parent=99077"}],"wp:term":[{"taxonomy":"acabado","embeddable":true,"href":"https:\/\/revolutionpadelstore.com\/fr\/wp-json\/wp\/v2\/acabado?post=99077"},{"taxonomy":"balance","embeddable":true,"href":"https:\/\/revolutionpadelstore.com\/fr\/wp-json\/wp\/v2\/balance?post=99077"},{"taxonomy":"dureza","embeddable":true,"href":"https:\/\/revolutionpadelstore.com\/fr\/wp-json\/wp\/v2\/dureza?post=99077"},{"taxonomy":"forma","embeddable":true,"href":"https:\/\/revolutionpadelstore.com\/fr\/wp-json\/wp\/v2\/forma?post=99077"},{"taxonomy":"jugador","embeddable":true,"href":"https:\/\/revolutionpadelstore.com\/fr\/wp-json\/wp\/v2\/jugador?post=99077"},{"taxonomy":"marca","embeddable":true,"href":"https:\/\/revolutionpadelstore.com\/fr\/wp-json\/wp\/v2\/marca?post=99077"},{"taxonomy":"nivel-de-juego","embeddable":true,"href":"https:\/\/revolutionpadelstore.com\/fr\/wp-json\/wp\/v2\/nivel-de-juego?post=99077"},{"taxonomy":"superficie","embeddable":true,"href":"https:\/\/revolutionpadelstore.com\/fr\/wp-json\/wp\/v2\/superficie?post=99077"},{"taxonomy":"tipo-de-juego","embeddable":true,"href":"https:\/\/revolutionpadelstore.com\/fr\/wp-json\/wp\/v2\/tipo-de-juego?post=99077"},{"taxonomy":"product_brand","embeddable":true,"href":"https:\/\/revolutionpadelstore.com\/fr\/wp-json\/wp\/v2\/product_brand?post=99077"},{"taxonomy":"product_cat","embeddable":true,"href":"https:\/\/revolutionpadelstore.com\/fr\/wp-json\/wp\/v2\/product_cat?post=99077"},{"taxonomy":"product_tag","embeddable":true,"href":"https:\/\/revolutionpadelstore.com\/fr\/wp-json\/wp\/v2\/product_tag?post=99077"}],"curies":[{"name":"wp","href":"https:\/\/api.w.org\/{rel}","templated":true}]}}