{"id":99072,"date":"2024-10-13T10:14:37","date_gmt":"2024-10-13T08:14:37","guid":{"rendered":"https:\/\/revolutionpadelstore.com\/starvie-metheora-dual-2025\/"},"modified":"2026-04-08T10:25:37","modified_gmt":"2026-04-08T08:25:37","slug":"starvie-metheora-dual-2025-3","status":"publish","type":"product","link":"https:\/\/revolutionpadelstore.com\/fr\/produit\/starvie-metheora-dual-2025-3\/","title":{"rendered":"STARVIE METHEORA DUAL 2025"},"content":{"rendered":"<div class=\"flex-shrink-0 flex flex-col relative items-end\">\n<div>\n<div>\n<div class=\"gizmo-bot-avatar flex h-8 w-8 \u00e9l\u00e9ments-centre justifier-centre d\u00e9bordement-cach\u00e9 arrondi-plein\"><\/div>\n<\/div>\n<\/div>\n<\/div>\n<div class=\"group\/conversation-turn relative flex w-full min-w-0 flex-col agent-turn\">\n<div class=\"flex-col gap-1 md:gap-3\">\n<div class=\"flex max-w-full flex-col flex-grow\">\n<div class=\"min-h-8 text-message flex w-full flex-col items-end gap-2 whitespace-normal break-words [.text-message+&amp;]:mt-5\" dir=\"auto\" data-message-author-role=\"assistant\" data-message-id=\"51099bfa-bcfd-4e2d-875d-e80a908e766d\" data-message-model-slug=\"gpt-4o-mini\">\n<div class=\"flex w-full flex-col gap-1 vide: cach\u00e9 en premier:pt-[3px]\">\n<div class=\"markdown prose w-full break-words dark:prose-invert dark\">\n<h1>StarVie Metheora Dual 2025<\/h1>\n<p>La StarVie Metheora Dual 2025 est une raquette ronde de la gamme Universe, con\u00e7ue pour r\u00e9pondre aux exigences des joueurs les plus avanc\u00e9s. Sa fusion de technologies de pointe et de mat\u00e9riaux de haute qualit\u00e9 offre une exp\u00e9rience de jeu exceptionnelle. La composition en carbone 3K, tant sur le plat que sur le tubulaire, assure une grande r\u00e9sistance, tandis que son caoutchouc double densit\u00e9 offre une polyvalence unique \u00e0 chaque coup.<\/p>\n<p><strong>Id\u00e9al pour les joueurs avanc\u00e9s<\/strong><\/p>\n<p>Cette raquette est parfaite pour les joueurs de niveau avanc\u00e9 recherchant des performances \u00e9quilibr\u00e9es sur le terrain. Gr\u00e2ce \u00e0 son caoutchouc Dual Density, le Metheora Dual s&#8217;adapte aussi bien aux frappes lentes, apportant du confort, qu&#8217;aux frappes rapides, apportant de l&#8217;explosivit\u00e9. Cela en fait un outil id\u00e9al pour ceux qui ont besoin d&#8217;un \u00e9quilibre entre contr\u00f4le et puissance, capable de s&#8217;adapter \u00e0 n&#8217;importe quelle situation de jeu.<\/p>\n<p><strong>Fonctionnalit\u00e9s et technologies<\/strong><\/p>\n<p style=\"padding-left: 40px\"><strong>-Corps :<\/strong> Rond, avec un sweet spot centr\u00e9 pour une frappe plus facile.<\/p>\n<p style=\"padding-left: 40px\"><strong>-Plat :<\/strong> Fabriqu\u00e9 en carbone 3K, ce qui garantit durabilit\u00e9 et stabilit\u00e9.<\/p>\n<p style=\"padding-left: 40px\"><strong>-Caoutchouc :<\/strong> EVA Dual Density, qui combine des couches de diff\u00e9rentes densit\u00e9s pour une meilleure adaptabilit\u00e9.<\/p>\n<p style=\"padding-left: 40px\"><strong>-Rugosit\u00e9 :<\/strong> Effet plan complet, id\u00e9al pour g\u00e9n\u00e9rer plus d&#8217;effets sur les coups.<\/p>\n<p style=\"padding-left: 40px\"><strong>-Star Balance System :<\/strong> Offre un \u00e9quilibre de poids optimal pour une manipulation plus confortable.<\/p>\n<p style=\"padding-left: 40px\"><strong>-Noene Inside :<\/strong> Absorbe jusqu&#8217;\u00e0 96 % des vibrations, prot\u00e9geant le bras du joueur.<\/p>\n<p style=\"padding-left: 40px\"><strong>-Fabrication :<\/strong> Produit 100% espagnol.<\/p>\n<p><strong>Performances exceptionnelles<\/strong><\/p>\n<p>La StarVie Metheora Dual 2025 est le choix parfait pour les joueurs avanc\u00e9s \u00e0 la recherche d&#8217;une raquette compl\u00e8te et adaptable. Avec sa conception robuste et sa combinaison de technologies, c&#8217;est un investissement s\u00fbr pour ceux qui veulent dominer le terrain avec contr\u00f4le et puissance.<\/p>\n<\/div>\n<\/div>\n<\/div>\n<\/div>\n<\/div>\n<\/div>\n","protected":false},"excerpt":{"rendered":"<p>Le StarVie Metheora Dual 2025 offre adaptabilit\u00e9 avec son caoutchouc Dual Density, contr\u00f4le, puissance et confort, id\u00e9al pour les joueurs avanc\u00e9s \u00e0 la recherche de performances sup\u00e9rieures dans toutes les phases du jeu.<\/p>\n","protected":false},"featured_media":98971,"comment_status":"open","ping_status":"closed","template":"","meta":{"_acf_changed":false,"_joinchat":[]},"acabado":[1092],"balance":[1147],"dureza":[1157],"forma":[1182],"jugador":[1192,1202],"marca":[1292],"nivel-de-juego":[1337],"superficie":[1362],"tipo-de-juego":[1372],"product_brand":[],"product_cat":[302],"product_tag":[],"class_list":{"0":"post-99072","1":"product","2":"type-product","3":"status-publish","4":"has-post-thumbnail","6":"acabado-soulager-la-3d","7":"balance-faible","8":"dureza-media-fr","9":"forma-rond","10":"jugador-homme","11":"jugador-polivalente-fr","12":"marca-starvie-fr","13":"superficie-rugosa-fr","14":"tipo-de-juego-control-fr","15":"product_cat-palas-de-padel-fr","17":"first","18":"instock","19":"sale","20":"taxable","21":"shipping-taxable","22":"purchasable","23":"product-type-simple"},"acf":[],"yoast_head":"<!-- This site is optimized with the Yoast SEO plugin v27.4 - https:\/\/yoast.com\/product\/yoast-seo-wordpress\/ -->\n<title>STARVIE METHEORA DUAL 2025 - Revolution Padel Store<\/title>\n<meta name=\"description\" content=\"La StarVie Metheora Dual 2025 es una pala de p\u00e1del redonda de la gama Universe, dise\u00f1ada para satisfacer las demandas de los jugadores m\u00e1s exigentes y avanzados. Esta pala combina tecnolog\u00edas de vanguardia y materiales de alta calidad que ofrecen una experiencia de juego superior. Su composici\u00f3n en carbono 3K tanto en el plano como en el tubular garantiza una gran resistencia, mientras que su goma Dual Density proporciona una versatilidad \u00fanica en cada golpe.\" \/>\n<meta name=\"robots\" content=\"index, follow, max-snippet:-1, max-image-preview:large, max-video-preview:-1\" \/>\n<link rel=\"canonical\" href=\"https:\/\/revolutionpadelstore.com\/fr\/produit\/starvie-metheora-dual-2025-3\/\" \/>\n<meta property=\"og:locale\" content=\"fr_FR\" \/>\n<meta property=\"og:type\" content=\"article\" \/>\n<meta property=\"og:title\" content=\"STARVIE METHEORA DUAL 2025 - Revolution Padel Store\" \/>\n<meta property=\"og:description\" content=\"La StarVie Metheora Dual 2025 es una pala de p\u00e1del redonda de la gama Universe, dise\u00f1ada para satisfacer las demandas de los jugadores m\u00e1s exigentes y avanzados. Esta pala combina tecnolog\u00edas de vanguardia y materiales de alta calidad que ofrecen una experiencia de juego superior. Su composici\u00f3n en carbono 3K tanto en el plano como en el tubular garantiza una gran resistencia, mientras que su goma Dual Density proporciona una versatilidad \u00fanica en cada golpe.\" \/>\n<meta property=\"og:url\" content=\"https:\/\/revolutionpadelstore.com\/fr\/produit\/starvie-metheora-dual-2025-3\/\" \/>\n<meta property=\"og:site_name\" content=\"Revolution Padel Store\" \/>\n<meta property=\"article:modified_time\" content=\"2026-04-08T08:25:37+00:00\" \/>\n<meta property=\"og:image\" content=\"https:\/\/revolutionpadelstore.com\/wp-content\/uploads\/2024\/10\/114822_pala_starvie_metheora_dual_pstmd21000_1500x1500_1_6cc7.webp\" \/>\n\t<meta property=\"og:image:width\" content=\"1500\" \/>\n\t<meta property=\"og:image:height\" content=\"1500\" \/>\n\t<meta property=\"og:image:type\" content=\"image\/webp\" \/>\n<meta name=\"twitter:card\" content=\"summary_large_image\" \/>\n<meta name=\"twitter:label1\" content=\"Dur\u00e9e de lecture estim\u00e9e\" \/>\n\t<meta name=\"twitter:data1\" content=\"2 minutes\" \/>\n<script type=\"application\/ld+json\" class=\"yoast-schema-graph\">{\"@context\":\"https:\\\/\\\/schema.org\",\"@graph\":[{\"@type\":\"WebPage\",\"@id\":\"https:\\\/\\\/revolutionpadelstore.com\\\/fr\\\/produit\\\/starvie-metheora-dual-2025-3\\\/\",\"url\":\"https:\\\/\\\/revolutionpadelstore.com\\\/fr\\\/produit\\\/starvie-metheora-dual-2025-3\\\/\",\"name\":\"STARVIE METHEORA DUAL 2025 - Revolution Padel Store\",\"isPartOf\":{\"@id\":\"https:\\\/\\\/revolutionpadelstore.com\\\/fr\\\/#website\"},\"primaryImageOfPage\":{\"@id\":\"https:\\\/\\\/revolutionpadelstore.com\\\/fr\\\/produit\\\/starvie-metheora-dual-2025-3\\\/#primaryimage\"},\"image\":{\"@id\":\"https:\\\/\\\/revolutionpadelstore.com\\\/fr\\\/produit\\\/starvie-metheora-dual-2025-3\\\/#primaryimage\"},\"thumbnailUrl\":\"https:\\\/\\\/revolutionpadelstore.com\\\/wp-content\\\/uploads\\\/2024\\\/10\\\/114822_pala_starvie_metheora_dual_pstmd21000_1500x1500_1_6cc7.webp\",\"datePublished\":\"2024-10-13T08:14:37+00:00\",\"dateModified\":\"2026-04-08T08:25:37+00:00\",\"description\":\"La StarVie Metheora Dual 2025 es una pala de p\u00e1del redonda de la gama Universe, dise\u00f1ada para satisfacer las demandas de los jugadores m\u00e1s exigentes y avanzados. Esta pala combina tecnolog\u00edas de vanguardia y materiales de alta calidad que ofrecen una experiencia de juego superior. Su composici\u00f3n en carbono 3K tanto en el plano como en el tubular garantiza una gran resistencia, mientras que su goma Dual Density proporciona una versatilidad \u00fanica en cada golpe.\",\"breadcrumb\":{\"@id\":\"https:\\\/\\\/revolutionpadelstore.com\\\/fr\\\/produit\\\/starvie-metheora-dual-2025-3\\\/#breadcrumb\"},\"inLanguage\":\"fr-FR\",\"potentialAction\":[{\"@type\":\"ReadAction\",\"target\":[\"https:\\\/\\\/revolutionpadelstore.com\\\/fr\\\/produit\\\/starvie-metheora-dual-2025-3\\\/\"]}]},{\"@type\":\"ImageObject\",\"inLanguage\":\"fr-FR\",\"@id\":\"https:\\\/\\\/revolutionpadelstore.com\\\/fr\\\/produit\\\/starvie-metheora-dual-2025-3\\\/#primaryimage\",\"url\":\"https:\\\/\\\/revolutionpadelstore.com\\\/wp-content\\\/uploads\\\/2024\\\/10\\\/114822_pala_starvie_metheora_dual_pstmd21000_1500x1500_1_6cc7.webp\",\"contentUrl\":\"https:\\\/\\\/revolutionpadelstore.com\\\/wp-content\\\/uploads\\\/2024\\\/10\\\/114822_pala_starvie_metheora_dual_pstmd21000_1500x1500_1_6cc7.webp\",\"width\":1500,\"height\":1500},{\"@type\":\"BreadcrumbList\",\"@id\":\"https:\\\/\\\/revolutionpadelstore.com\\\/fr\\\/produit\\\/starvie-metheora-dual-2025-3\\\/#breadcrumb\",\"itemListElement\":[{\"@type\":\"ListItem\",\"position\":1,\"name\":\"Portada\",\"item\":\"https:\\\/\\\/revolutionpadelstore.com\\\/fr\\\/\"},{\"@type\":\"ListItem\",\"position\":2,\"name\":\"Boutique\",\"item\":\"https:\\\/\\\/revolutionpadelstore.com\\\/fr\\\/tienda\\\/\"},{\"@type\":\"ListItem\",\"position\":3,\"name\":\"STARVIE METHEORA DUAL 2025\"}]},{\"@type\":\"WebSite\",\"@id\":\"https:\\\/\\\/revolutionpadelstore.com\\\/fr\\\/#website\",\"url\":\"https:\\\/\\\/revolutionpadelstore.com\\\/fr\\\/\",\"name\":\"Revolution Padel Store\",\"description\":\"\",\"publisher\":{\"@id\":\"https:\\\/\\\/revolutionpadelstore.com\\\/fr\\\/#organization\"},\"potentialAction\":[{\"@type\":\"SearchAction\",\"target\":{\"@type\":\"EntryPoint\",\"urlTemplate\":\"https:\\\/\\\/revolutionpadelstore.com\\\/fr\\\/?s={search_term_string}\"},\"query-input\":{\"@type\":\"PropertyValueSpecification\",\"valueRequired\":true,\"valueName\":\"search_term_string\"}}],\"inLanguage\":\"fr-FR\"},{\"@type\":\"Organization\",\"@id\":\"https:\\\/\\\/revolutionpadelstore.com\\\/fr\\\/#organization\",\"name\":\"Revolution Padel Store\",\"url\":\"https:\\\/\\\/revolutionpadelstore.com\\\/fr\\\/\",\"logo\":{\"@type\":\"ImageObject\",\"inLanguage\":\"fr-FR\",\"@id\":\"https:\\\/\\\/revolutionpadelstore.com\\\/fr\\\/#\\\/schema\\\/logo\\\/image\\\/\",\"url\":\"https:\\\/\\\/revolutionpadelstore.com\\\/wp-content\\\/uploads\\\/2026\\\/02\\\/revolution-padel-store.jpg\",\"contentUrl\":\"https:\\\/\\\/revolutionpadelstore.com\\\/wp-content\\\/uploads\\\/2026\\\/02\\\/revolution-padel-store.jpg\",\"width\":2000,\"height\":2000,\"caption\":\"Revolution Padel Store\"},\"image\":{\"@id\":\"https:\\\/\\\/revolutionpadelstore.com\\\/fr\\\/#\\\/schema\\\/logo\\\/image\\\/\"},\"sameAs\":[\"https:\\\/\\\/www.instagram.com\\\/revolutionpadelstore\\\/\"]}]}<\/script>\n<!-- \/ Yoast SEO plugin. -->","yoast_head_json":{"title":"STARVIE METHEORA DUAL 2025 - Revolution Padel Store","description":"La StarVie Metheora Dual 2025 es una pala de p\u00e1del redonda de la gama Universe, dise\u00f1ada para satisfacer las demandas de los jugadores m\u00e1s exigentes y avanzados. Esta pala combina tecnolog\u00edas de vanguardia y materiales de alta calidad que ofrecen una experiencia de juego superior. Su composici\u00f3n en carbono 3K tanto en el plano como en el tubular garantiza una gran resistencia, mientras que su goma Dual Density proporciona una versatilidad \u00fanica en cada golpe.","robots":{"index":"index","follow":"follow","max-snippet":"max-snippet:-1","max-image-preview":"max-image-preview:large","max-video-preview":"max-video-preview:-1"},"canonical":"https:\/\/revolutionpadelstore.com\/fr\/produit\/starvie-metheora-dual-2025-3\/","og_locale":"fr_FR","og_type":"article","og_title":"STARVIE METHEORA DUAL 2025 - Revolution Padel Store","og_description":"La StarVie Metheora Dual 2025 es una pala de p\u00e1del redonda de la gama Universe, dise\u00f1ada para satisfacer las demandas de los jugadores m\u00e1s exigentes y avanzados. Esta pala combina tecnolog\u00edas de vanguardia y materiales de alta calidad que ofrecen una experiencia de juego superior. Su composici\u00f3n en carbono 3K tanto en el plano como en el tubular garantiza una gran resistencia, mientras que su goma Dual Density proporciona una versatilidad \u00fanica en cada golpe.","og_url":"https:\/\/revolutionpadelstore.com\/fr\/produit\/starvie-metheora-dual-2025-3\/","og_site_name":"Revolution Padel Store","article_modified_time":"2026-04-08T08:25:37+00:00","og_image":[{"width":1500,"height":1500,"url":"https:\/\/revolutionpadelstore.com\/wp-content\/uploads\/2024\/10\/114822_pala_starvie_metheora_dual_pstmd21000_1500x1500_1_6cc7.webp","type":"image\/webp"}],"twitter_card":"summary_large_image","twitter_misc":{"Dur\u00e9e de lecture estim\u00e9e":"2 minutes"},"schema":{"@context":"https:\/\/schema.org","@graph":[{"@type":"WebPage","@id":"https:\/\/revolutionpadelstore.com\/fr\/produit\/starvie-metheora-dual-2025-3\/","url":"https:\/\/revolutionpadelstore.com\/fr\/produit\/starvie-metheora-dual-2025-3\/","name":"STARVIE METHEORA DUAL 2025 - Revolution Padel Store","isPartOf":{"@id":"https:\/\/revolutionpadelstore.com\/fr\/#website"},"primaryImageOfPage":{"@id":"https:\/\/revolutionpadelstore.com\/fr\/produit\/starvie-metheora-dual-2025-3\/#primaryimage"},"image":{"@id":"https:\/\/revolutionpadelstore.com\/fr\/produit\/starvie-metheora-dual-2025-3\/#primaryimage"},"thumbnailUrl":"https:\/\/revolutionpadelstore.com\/wp-content\/uploads\/2024\/10\/114822_pala_starvie_metheora_dual_pstmd21000_1500x1500_1_6cc7.webp","datePublished":"2024-10-13T08:14:37+00:00","dateModified":"2026-04-08T08:25:37+00:00","description":"La StarVie Metheora Dual 2025 es una pala de p\u00e1del redonda de la gama Universe, dise\u00f1ada para satisfacer las demandas de los jugadores m\u00e1s exigentes y avanzados. Esta pala combina tecnolog\u00edas de vanguardia y materiales de alta calidad que ofrecen una experiencia de juego superior. Su composici\u00f3n en carbono 3K tanto en el plano como en el tubular garantiza una gran resistencia, mientras que su goma Dual Density proporciona una versatilidad \u00fanica en cada golpe.","breadcrumb":{"@id":"https:\/\/revolutionpadelstore.com\/fr\/produit\/starvie-metheora-dual-2025-3\/#breadcrumb"},"inLanguage":"fr-FR","potentialAction":[{"@type":"ReadAction","target":["https:\/\/revolutionpadelstore.com\/fr\/produit\/starvie-metheora-dual-2025-3\/"]}]},{"@type":"ImageObject","inLanguage":"fr-FR","@id":"https:\/\/revolutionpadelstore.com\/fr\/produit\/starvie-metheora-dual-2025-3\/#primaryimage","url":"https:\/\/revolutionpadelstore.com\/wp-content\/uploads\/2024\/10\/114822_pala_starvie_metheora_dual_pstmd21000_1500x1500_1_6cc7.webp","contentUrl":"https:\/\/revolutionpadelstore.com\/wp-content\/uploads\/2024\/10\/114822_pala_starvie_metheora_dual_pstmd21000_1500x1500_1_6cc7.webp","width":1500,"height":1500},{"@type":"BreadcrumbList","@id":"https:\/\/revolutionpadelstore.com\/fr\/produit\/starvie-metheora-dual-2025-3\/#breadcrumb","itemListElement":[{"@type":"ListItem","position":1,"name":"Portada","item":"https:\/\/revolutionpadelstore.com\/fr\/"},{"@type":"ListItem","position":2,"name":"Boutique","item":"https:\/\/revolutionpadelstore.com\/fr\/tienda\/"},{"@type":"ListItem","position":3,"name":"STARVIE METHEORA DUAL 2025"}]},{"@type":"WebSite","@id":"https:\/\/revolutionpadelstore.com\/fr\/#website","url":"https:\/\/revolutionpadelstore.com\/fr\/","name":"Revolution Padel Store","description":"","publisher":{"@id":"https:\/\/revolutionpadelstore.com\/fr\/#organization"},"potentialAction":[{"@type":"SearchAction","target":{"@type":"EntryPoint","urlTemplate":"https:\/\/revolutionpadelstore.com\/fr\/?s={search_term_string}"},"query-input":{"@type":"PropertyValueSpecification","valueRequired":true,"valueName":"search_term_string"}}],"inLanguage":"fr-FR"},{"@type":"Organization","@id":"https:\/\/revolutionpadelstore.com\/fr\/#organization","name":"Revolution Padel Store","url":"https:\/\/revolutionpadelstore.com\/fr\/","logo":{"@type":"ImageObject","inLanguage":"fr-FR","@id":"https:\/\/revolutionpadelstore.com\/fr\/#\/schema\/logo\/image\/","url":"https:\/\/revolutionpadelstore.com\/wp-content\/uploads\/2026\/02\/revolution-padel-store.jpg","contentUrl":"https:\/\/revolutionpadelstore.com\/wp-content\/uploads\/2026\/02\/revolution-padel-store.jpg","width":2000,"height":2000,"caption":"Revolution Padel Store"},"image":{"@id":"https:\/\/revolutionpadelstore.com\/fr\/#\/schema\/logo\/image\/"},"sameAs":["https:\/\/www.instagram.com\/revolutionpadelstore\/"]}]}},"_links":{"self":[{"href":"https:\/\/revolutionpadelstore.com\/fr\/wp-json\/wp\/v2\/product\/99072","targetHints":{"allow":["GET"]}}],"collection":[{"href":"https:\/\/revolutionpadelstore.com\/fr\/wp-json\/wp\/v2\/product"}],"about":[{"href":"https:\/\/revolutionpadelstore.com\/fr\/wp-json\/wp\/v2\/types\/product"}],"replies":[{"embeddable":true,"href":"https:\/\/revolutionpadelstore.com\/fr\/wp-json\/wp\/v2\/comments?post=99072"}],"wp:featuredmedia":[{"embeddable":true,"href":"https:\/\/revolutionpadelstore.com\/fr\/wp-json\/wp\/v2\/media\/98971"}],"wp:attachment":[{"href":"https:\/\/revolutionpadelstore.com\/fr\/wp-json\/wp\/v2\/media?parent=99072"}],"wp:term":[{"taxonomy":"acabado","embeddable":true,"href":"https:\/\/revolutionpadelstore.com\/fr\/wp-json\/wp\/v2\/acabado?post=99072"},{"taxonomy":"balance","embeddable":true,"href":"https:\/\/revolutionpadelstore.com\/fr\/wp-json\/wp\/v2\/balance?post=99072"},{"taxonomy":"dureza","embeddable":true,"href":"https:\/\/revolutionpadelstore.com\/fr\/wp-json\/wp\/v2\/dureza?post=99072"},{"taxonomy":"forma","embeddable":true,"href":"https:\/\/revolutionpadelstore.com\/fr\/wp-json\/wp\/v2\/forma?post=99072"},{"taxonomy":"jugador","embeddable":true,"href":"https:\/\/revolutionpadelstore.com\/fr\/wp-json\/wp\/v2\/jugador?post=99072"},{"taxonomy":"marca","embeddable":true,"href":"https:\/\/revolutionpadelstore.com\/fr\/wp-json\/wp\/v2\/marca?post=99072"},{"taxonomy":"nivel-de-juego","embeddable":true,"href":"https:\/\/revolutionpadelstore.com\/fr\/wp-json\/wp\/v2\/nivel-de-juego?post=99072"},{"taxonomy":"superficie","embeddable":true,"href":"https:\/\/revolutionpadelstore.com\/fr\/wp-json\/wp\/v2\/superficie?post=99072"},{"taxonomy":"tipo-de-juego","embeddable":true,"href":"https:\/\/revolutionpadelstore.com\/fr\/wp-json\/wp\/v2\/tipo-de-juego?post=99072"},{"taxonomy":"product_brand","embeddable":true,"href":"https:\/\/revolutionpadelstore.com\/fr\/wp-json\/wp\/v2\/product_brand?post=99072"},{"taxonomy":"product_cat","embeddable":true,"href":"https:\/\/revolutionpadelstore.com\/fr\/wp-json\/wp\/v2\/product_cat?post=99072"},{"taxonomy":"product_tag","embeddable":true,"href":"https:\/\/revolutionpadelstore.com\/fr\/wp-json\/wp\/v2\/product_tag?post=99072"}],"curies":[{"name":"wp","href":"https:\/\/api.w.org\/{rel}","templated":true}]}}