{"id":93764,"date":"2024-10-11T23:19:37","date_gmt":"2024-10-11T21:19:37","guid":{"rendered":"https:\/\/revolutionpadelstore.com\/starvie-kenta-2025\/"},"modified":"2026-04-08T10:29:37","modified_gmt":"2026-04-08T08:29:37","slug":"starvie-kenta-2025","status":"publish","type":"product","link":"https:\/\/revolutionpadelstore.com\/fr\/produit\/starvie-kenta-2025\/","title":{"rendered":"STARVIE KENTA 2025"},"content":{"rendered":"<p><strong>Starvie Kenta 2025 : La pelle ronde qui a tout pour plaire<\/strong><\/p>\n<p>La Starvie Kenta 2025 se d\u00e9marque dans la gamme premium de raquettes de padel, con\u00e7ue pour ceux qui recherchent un \u00e9quilibre entre contr\u00f4le et puissance. Son design rond garantit un sweet spot centr\u00e9 et un \u00e9quilibre parfait, ce qui le rend id\u00e9al pour tout type de frappe, que ce soit en d\u00e9fense ou en attaque. Avec une construction robuste mais facile \u00e0 manipuler, vous \u00eates pr\u00eat \u00e0 briller sur le terrain !<\/p>\n<p><strong>Parfait pour les joueurs interm\u00e9diaires<\/strong><\/p>\n<p>Si vous \u00eates en train d&#8217;am\u00e9liorer votre jeu et recherchez de la polyvalence, cette raquette est faite pour vous. Equip\u00e9 de caoutchouc Soft 30, il offre une incroyable adaptabilit\u00e9, vous permettant d&#8217;avoir du contr\u00f4le sans renoncer \u00e0 la puissance. Sa l\u00e9g\u00e8ret\u00e9 et son design innovant rendent chaque coup naturel et confortable.<\/p>\n<p><strong>Principales caract\u00e9ristiques du Starvie Kenta 2025<\/strong><\/p>\n<p style=\"padding-left: 40px\"><strong>-Moule rond :<\/strong> Assure un meilleur contr\u00f4le \u00e0 chaque jeu.<\/p>\n<p style=\"padding-left: 40px\"><strong>-Gomme Soft 30 :<\/strong> Avec une densit\u00e9 douce, il s&#8217;adapte \u00e0 votre style de jeu.<\/p>\n<p style=\"padding-left: 40px\"><strong>-Couches de carbone 3K :<\/strong> Augmente la durabilit\u00e9 et le contr\u00f4le.<\/p>\n<p style=\"padding-left: 40px\"><strong>-Technologie Hex Tech :<\/strong> Am\u00e9liore les effets et la pr\u00e9cision de vos coups.<\/p>\n<p style=\"padding-left: 40px\"><strong>-Geo Bridge :<\/strong> Facilite la manipulation et r\u00e9duit les vibrations.<\/p>\n<p style=\"padding-left: 40px\"><strong>-Trous r\u00e9actifs :<\/strong> Optimisez vos performances en attaque et en d\u00e9fense.<\/p>\n<p style=\"padding-left: 40px\"><strong>-Poign\u00e9e plus longue :<\/strong> Ajoute 1,5 cm suppl\u00e9mentaire pour une prise plus confortable.<\/p>\n<p style=\"padding-left: 40px\"><strong>-Noene Inside :<\/strong> Absorbe jusqu&#8217;\u00e0 96 % des vibrations, en prenant soin de vos poignets.<\/p>\n<p>Avec une combinaison de technologie avanc\u00e9e et de mat\u00e9riaux haut de gamme, la Starvie Kenta 2025 est la raquette id\u00e9ale pour ceux qui souhaitent am\u00e9liorer leur jeu sans sacrifier le confort. Obtenez-le et faites passer vos performances au niveau sup\u00e9rieur !<strong>Starvie Kenta 2025: La Pala Redonda que lo Tiene Todo<\/strong><\/p>\n","protected":false},"excerpt":{"rendered":"<p>La Starvie Kenta 2025, une raquette de padel de gamme premium, offre un contr\u00f4le exceptionnel, une puissance optimis\u00e9e et des technologies avanc\u00e9es telles que Hex Tech et Noene Inside, offrant des performances sup\u00e9rieures \u00e0 chaque match.<\/p>\n","protected":false},"featured_media":93529,"comment_status":"open","ping_status":"closed","template":"","meta":{"_acf_changed":false,"_joinchat":[]},"acabado":[1092],"balance":[1147],"dureza":[1152],"forma":[1182],"jugador":[1192,1202],"marca":[1292],"nivel-de-juego":[1342],"superficie":[1362],"tipo-de-juego":[1372],"product_brand":[],"product_cat":[302],"product_tag":[],"class_list":{"0":"post-93764","1":"product","2":"type-product","3":"status-publish","4":"has-post-thumbnail","6":"acabado-soulager-la-3d","7":"balance-faible","8":"dureza-blanda-fr","9":"forma-rond","10":"jugador-homme","11":"jugador-polivalente-fr","12":"marca-starvie-fr","13":"superficie-rugosa-fr","14":"tipo-de-juego-control-fr","15":"product_cat-palas-de-padel-fr","17":"first","18":"instock","19":"sale","20":"taxable","21":"shipping-taxable","22":"purchasable","23":"product-type-simple"},"acf":[],"yoast_head":"<!-- This site is optimized with the Yoast SEO plugin v27.4 - https:\/\/yoast.com\/product\/yoast-seo-wordpress\/ -->\n<title>STARVIE KENTA 2025 - Revolution Padel Store<\/title>\n<meta name=\"description\" content=\"La Starvie Kenta 2025 se destaca en la gama premium de palas de p\u00e1del, pensada para quienes buscan un equilibrio entre control y potencia. Su dise\u00f1o redondo garantiza un punto dulce centrado y un balance perfecto, lo que la hace ideal para cualquier tipo de golpe, ya sea en defensa o ataque. Con una estructura resistente pero f\u00e1cil de manejar, \u00a1est\u00e1s listo para brillar en la pista!\" \/>\n<meta name=\"robots\" content=\"index, follow, max-snippet:-1, max-image-preview:large, max-video-preview:-1\" \/>\n<link rel=\"canonical\" href=\"https:\/\/revolutionpadelstore.com\/fr\/produit\/starvie-kenta-2025\/\" \/>\n<meta property=\"og:locale\" content=\"fr_FR\" \/>\n<meta property=\"og:type\" content=\"article\" \/>\n<meta property=\"og:title\" content=\"STARVIE KENTA 2025 - Revolution Padel Store\" \/>\n<meta property=\"og:description\" content=\"La Starvie Kenta 2025 se destaca en la gama premium de palas de p\u00e1del, pensada para quienes buscan un equilibrio entre control y potencia. Su dise\u00f1o redondo garantiza un punto dulce centrado y un balance perfecto, lo que la hace ideal para cualquier tipo de golpe, ya sea en defensa o ataque. Con una estructura resistente pero f\u00e1cil de manejar, \u00a1est\u00e1s listo para brillar en la pista!\" \/>\n<meta property=\"og:url\" content=\"https:\/\/revolutionpadelstore.com\/fr\/produit\/starvie-kenta-2025\/\" \/>\n<meta property=\"og:site_name\" content=\"Revolution Padel Store\" \/>\n<meta property=\"article:modified_time\" content=\"2026-04-08T08:29:37+00:00\" \/>\n<meta property=\"og:image\" content=\"https:\/\/revolutionpadelstore.com\/wp-content\/uploads\/2024\/10\/pala-starvie-kenta-eternal-pro-2025-1-800x800-1.jpg\" \/>\n\t<meta property=\"og:image:width\" content=\"800\" \/>\n\t<meta property=\"og:image:height\" content=\"800\" \/>\n\t<meta property=\"og:image:type\" content=\"image\/jpeg\" \/>\n<meta name=\"twitter:card\" content=\"summary_large_image\" \/>\n<meta name=\"twitter:label1\" content=\"Dur\u00e9e de lecture estim\u00e9e\" \/>\n\t<meta name=\"twitter:data1\" content=\"2 minutes\" \/>\n<script type=\"application\/ld+json\" class=\"yoast-schema-graph\">{\"@context\":\"https:\\\/\\\/schema.org\",\"@graph\":[{\"@type\":\"WebPage\",\"@id\":\"https:\\\/\\\/revolutionpadelstore.com\\\/fr\\\/produit\\\/starvie-kenta-2025\\\/\",\"url\":\"https:\\\/\\\/revolutionpadelstore.com\\\/fr\\\/produit\\\/starvie-kenta-2025\\\/\",\"name\":\"STARVIE KENTA 2025 - Revolution Padel Store\",\"isPartOf\":{\"@id\":\"https:\\\/\\\/revolutionpadelstore.com\\\/fr\\\/#website\"},\"primaryImageOfPage\":{\"@id\":\"https:\\\/\\\/revolutionpadelstore.com\\\/fr\\\/produit\\\/starvie-kenta-2025\\\/#primaryimage\"},\"image\":{\"@id\":\"https:\\\/\\\/revolutionpadelstore.com\\\/fr\\\/produit\\\/starvie-kenta-2025\\\/#primaryimage\"},\"thumbnailUrl\":\"https:\\\/\\\/revolutionpadelstore.com\\\/wp-content\\\/uploads\\\/2024\\\/10\\\/pala-starvie-kenta-eternal-pro-2025-1-800x800-1.jpg\",\"datePublished\":\"2024-10-11T21:19:37+00:00\",\"dateModified\":\"2026-04-08T08:29:37+00:00\",\"description\":\"La Starvie Kenta 2025 se destaca en la gama premium de palas de p\u00e1del, pensada para quienes buscan un equilibrio entre control y potencia. Su dise\u00f1o redondo garantiza un punto dulce centrado y un balance perfecto, lo que la hace ideal para cualquier tipo de golpe, ya sea en defensa o ataque. Con una estructura resistente pero f\u00e1cil de manejar, \u00a1est\u00e1s listo para brillar en la pista!\",\"breadcrumb\":{\"@id\":\"https:\\\/\\\/revolutionpadelstore.com\\\/fr\\\/produit\\\/starvie-kenta-2025\\\/#breadcrumb\"},\"inLanguage\":\"fr-FR\",\"potentialAction\":[{\"@type\":\"ReadAction\",\"target\":[\"https:\\\/\\\/revolutionpadelstore.com\\\/fr\\\/produit\\\/starvie-kenta-2025\\\/\"]}]},{\"@type\":\"ImageObject\",\"inLanguage\":\"fr-FR\",\"@id\":\"https:\\\/\\\/revolutionpadelstore.com\\\/fr\\\/produit\\\/starvie-kenta-2025\\\/#primaryimage\",\"url\":\"https:\\\/\\\/revolutionpadelstore.com\\\/wp-content\\\/uploads\\\/2024\\\/10\\\/pala-starvie-kenta-eternal-pro-2025-1-800x800-1.jpg\",\"contentUrl\":\"https:\\\/\\\/revolutionpadelstore.com\\\/wp-content\\\/uploads\\\/2024\\\/10\\\/pala-starvie-kenta-eternal-pro-2025-1-800x800-1.jpg\",\"width\":800,\"height\":800},{\"@type\":\"BreadcrumbList\",\"@id\":\"https:\\\/\\\/revolutionpadelstore.com\\\/fr\\\/produit\\\/starvie-kenta-2025\\\/#breadcrumb\",\"itemListElement\":[{\"@type\":\"ListItem\",\"position\":1,\"name\":\"Portada\",\"item\":\"https:\\\/\\\/revolutionpadelstore.com\\\/fr\\\/\"},{\"@type\":\"ListItem\",\"position\":2,\"name\":\"Boutique\",\"item\":\"https:\\\/\\\/revolutionpadelstore.com\\\/fr\\\/tienda\\\/\"},{\"@type\":\"ListItem\",\"position\":3,\"name\":\"STARVIE KENTA 2025\"}]},{\"@type\":\"WebSite\",\"@id\":\"https:\\\/\\\/revolutionpadelstore.com\\\/fr\\\/#website\",\"url\":\"https:\\\/\\\/revolutionpadelstore.com\\\/fr\\\/\",\"name\":\"Revolution Padel Store\",\"description\":\"\",\"publisher\":{\"@id\":\"https:\\\/\\\/revolutionpadelstore.com\\\/fr\\\/#organization\"},\"potentialAction\":[{\"@type\":\"SearchAction\",\"target\":{\"@type\":\"EntryPoint\",\"urlTemplate\":\"https:\\\/\\\/revolutionpadelstore.com\\\/fr\\\/?s={search_term_string}\"},\"query-input\":{\"@type\":\"PropertyValueSpecification\",\"valueRequired\":true,\"valueName\":\"search_term_string\"}}],\"inLanguage\":\"fr-FR\"},{\"@type\":\"Organization\",\"@id\":\"https:\\\/\\\/revolutionpadelstore.com\\\/fr\\\/#organization\",\"name\":\"Revolution Padel Store\",\"url\":\"https:\\\/\\\/revolutionpadelstore.com\\\/fr\\\/\",\"logo\":{\"@type\":\"ImageObject\",\"inLanguage\":\"fr-FR\",\"@id\":\"https:\\\/\\\/revolutionpadelstore.com\\\/fr\\\/#\\\/schema\\\/logo\\\/image\\\/\",\"url\":\"https:\\\/\\\/revolutionpadelstore.com\\\/wp-content\\\/uploads\\\/2026\\\/02\\\/revolution-padel-store.jpg\",\"contentUrl\":\"https:\\\/\\\/revolutionpadelstore.com\\\/wp-content\\\/uploads\\\/2026\\\/02\\\/revolution-padel-store.jpg\",\"width\":2000,\"height\":2000,\"caption\":\"Revolution Padel Store\"},\"image\":{\"@id\":\"https:\\\/\\\/revolutionpadelstore.com\\\/fr\\\/#\\\/schema\\\/logo\\\/image\\\/\"},\"sameAs\":[\"https:\\\/\\\/www.instagram.com\\\/revolutionpadelstore\\\/\"]}]}<\/script>\n<!-- \/ Yoast SEO plugin. -->","yoast_head_json":{"title":"STARVIE KENTA 2025 - Revolution Padel Store","description":"La Starvie Kenta 2025 se destaca en la gama premium de palas de p\u00e1del, pensada para quienes buscan un equilibrio entre control y potencia. Su dise\u00f1o redondo garantiza un punto dulce centrado y un balance perfecto, lo que la hace ideal para cualquier tipo de golpe, ya sea en defensa o ataque. Con una estructura resistente pero f\u00e1cil de manejar, \u00a1est\u00e1s listo para brillar en la pista!","robots":{"index":"index","follow":"follow","max-snippet":"max-snippet:-1","max-image-preview":"max-image-preview:large","max-video-preview":"max-video-preview:-1"},"canonical":"https:\/\/revolutionpadelstore.com\/fr\/produit\/starvie-kenta-2025\/","og_locale":"fr_FR","og_type":"article","og_title":"STARVIE KENTA 2025 - Revolution Padel Store","og_description":"La Starvie Kenta 2025 se destaca en la gama premium de palas de p\u00e1del, pensada para quienes buscan un equilibrio entre control y potencia. Su dise\u00f1o redondo garantiza un punto dulce centrado y un balance perfecto, lo que la hace ideal para cualquier tipo de golpe, ya sea en defensa o ataque. Con una estructura resistente pero f\u00e1cil de manejar, \u00a1est\u00e1s listo para brillar en la pista!","og_url":"https:\/\/revolutionpadelstore.com\/fr\/produit\/starvie-kenta-2025\/","og_site_name":"Revolution Padel Store","article_modified_time":"2026-04-08T08:29:37+00:00","og_image":[{"width":800,"height":800,"url":"https:\/\/revolutionpadelstore.com\/wp-content\/uploads\/2024\/10\/pala-starvie-kenta-eternal-pro-2025-1-800x800-1.jpg","type":"image\/jpeg"}],"twitter_card":"summary_large_image","twitter_misc":{"Dur\u00e9e de lecture estim\u00e9e":"2 minutes"},"schema":{"@context":"https:\/\/schema.org","@graph":[{"@type":"WebPage","@id":"https:\/\/revolutionpadelstore.com\/fr\/produit\/starvie-kenta-2025\/","url":"https:\/\/revolutionpadelstore.com\/fr\/produit\/starvie-kenta-2025\/","name":"STARVIE KENTA 2025 - Revolution Padel Store","isPartOf":{"@id":"https:\/\/revolutionpadelstore.com\/fr\/#website"},"primaryImageOfPage":{"@id":"https:\/\/revolutionpadelstore.com\/fr\/produit\/starvie-kenta-2025\/#primaryimage"},"image":{"@id":"https:\/\/revolutionpadelstore.com\/fr\/produit\/starvie-kenta-2025\/#primaryimage"},"thumbnailUrl":"https:\/\/revolutionpadelstore.com\/wp-content\/uploads\/2024\/10\/pala-starvie-kenta-eternal-pro-2025-1-800x800-1.jpg","datePublished":"2024-10-11T21:19:37+00:00","dateModified":"2026-04-08T08:29:37+00:00","description":"La Starvie Kenta 2025 se destaca en la gama premium de palas de p\u00e1del, pensada para quienes buscan un equilibrio entre control y potencia. Su dise\u00f1o redondo garantiza un punto dulce centrado y un balance perfecto, lo que la hace ideal para cualquier tipo de golpe, ya sea en defensa o ataque. Con una estructura resistente pero f\u00e1cil de manejar, \u00a1est\u00e1s listo para brillar en la pista!","breadcrumb":{"@id":"https:\/\/revolutionpadelstore.com\/fr\/produit\/starvie-kenta-2025\/#breadcrumb"},"inLanguage":"fr-FR","potentialAction":[{"@type":"ReadAction","target":["https:\/\/revolutionpadelstore.com\/fr\/produit\/starvie-kenta-2025\/"]}]},{"@type":"ImageObject","inLanguage":"fr-FR","@id":"https:\/\/revolutionpadelstore.com\/fr\/produit\/starvie-kenta-2025\/#primaryimage","url":"https:\/\/revolutionpadelstore.com\/wp-content\/uploads\/2024\/10\/pala-starvie-kenta-eternal-pro-2025-1-800x800-1.jpg","contentUrl":"https:\/\/revolutionpadelstore.com\/wp-content\/uploads\/2024\/10\/pala-starvie-kenta-eternal-pro-2025-1-800x800-1.jpg","width":800,"height":800},{"@type":"BreadcrumbList","@id":"https:\/\/revolutionpadelstore.com\/fr\/produit\/starvie-kenta-2025\/#breadcrumb","itemListElement":[{"@type":"ListItem","position":1,"name":"Portada","item":"https:\/\/revolutionpadelstore.com\/fr\/"},{"@type":"ListItem","position":2,"name":"Boutique","item":"https:\/\/revolutionpadelstore.com\/fr\/tienda\/"},{"@type":"ListItem","position":3,"name":"STARVIE KENTA 2025"}]},{"@type":"WebSite","@id":"https:\/\/revolutionpadelstore.com\/fr\/#website","url":"https:\/\/revolutionpadelstore.com\/fr\/","name":"Revolution Padel Store","description":"","publisher":{"@id":"https:\/\/revolutionpadelstore.com\/fr\/#organization"},"potentialAction":[{"@type":"SearchAction","target":{"@type":"EntryPoint","urlTemplate":"https:\/\/revolutionpadelstore.com\/fr\/?s={search_term_string}"},"query-input":{"@type":"PropertyValueSpecification","valueRequired":true,"valueName":"search_term_string"}}],"inLanguage":"fr-FR"},{"@type":"Organization","@id":"https:\/\/revolutionpadelstore.com\/fr\/#organization","name":"Revolution Padel Store","url":"https:\/\/revolutionpadelstore.com\/fr\/","logo":{"@type":"ImageObject","inLanguage":"fr-FR","@id":"https:\/\/revolutionpadelstore.com\/fr\/#\/schema\/logo\/image\/","url":"https:\/\/revolutionpadelstore.com\/wp-content\/uploads\/2026\/02\/revolution-padel-store.jpg","contentUrl":"https:\/\/revolutionpadelstore.com\/wp-content\/uploads\/2026\/02\/revolution-padel-store.jpg","width":2000,"height":2000,"caption":"Revolution Padel Store"},"image":{"@id":"https:\/\/revolutionpadelstore.com\/fr\/#\/schema\/logo\/image\/"},"sameAs":["https:\/\/www.instagram.com\/revolutionpadelstore\/"]}]}},"_links":{"self":[{"href":"https:\/\/revolutionpadelstore.com\/fr\/wp-json\/wp\/v2\/product\/93764","targetHints":{"allow":["GET"]}}],"collection":[{"href":"https:\/\/revolutionpadelstore.com\/fr\/wp-json\/wp\/v2\/product"}],"about":[{"href":"https:\/\/revolutionpadelstore.com\/fr\/wp-json\/wp\/v2\/types\/product"}],"replies":[{"embeddable":true,"href":"https:\/\/revolutionpadelstore.com\/fr\/wp-json\/wp\/v2\/comments?post=93764"}],"wp:featuredmedia":[{"embeddable":true,"href":"https:\/\/revolutionpadelstore.com\/fr\/wp-json\/wp\/v2\/media\/93529"}],"wp:attachment":[{"href":"https:\/\/revolutionpadelstore.com\/fr\/wp-json\/wp\/v2\/media?parent=93764"}],"wp:term":[{"taxonomy":"acabado","embeddable":true,"href":"https:\/\/revolutionpadelstore.com\/fr\/wp-json\/wp\/v2\/acabado?post=93764"},{"taxonomy":"balance","embeddable":true,"href":"https:\/\/revolutionpadelstore.com\/fr\/wp-json\/wp\/v2\/balance?post=93764"},{"taxonomy":"dureza","embeddable":true,"href":"https:\/\/revolutionpadelstore.com\/fr\/wp-json\/wp\/v2\/dureza?post=93764"},{"taxonomy":"forma","embeddable":true,"href":"https:\/\/revolutionpadelstore.com\/fr\/wp-json\/wp\/v2\/forma?post=93764"},{"taxonomy":"jugador","embeddable":true,"href":"https:\/\/revolutionpadelstore.com\/fr\/wp-json\/wp\/v2\/jugador?post=93764"},{"taxonomy":"marca","embeddable":true,"href":"https:\/\/revolutionpadelstore.com\/fr\/wp-json\/wp\/v2\/marca?post=93764"},{"taxonomy":"nivel-de-juego","embeddable":true,"href":"https:\/\/revolutionpadelstore.com\/fr\/wp-json\/wp\/v2\/nivel-de-juego?post=93764"},{"taxonomy":"superficie","embeddable":true,"href":"https:\/\/revolutionpadelstore.com\/fr\/wp-json\/wp\/v2\/superficie?post=93764"},{"taxonomy":"tipo-de-juego","embeddable":true,"href":"https:\/\/revolutionpadelstore.com\/fr\/wp-json\/wp\/v2\/tipo-de-juego?post=93764"},{"taxonomy":"product_brand","embeddable":true,"href":"https:\/\/revolutionpadelstore.com\/fr\/wp-json\/wp\/v2\/product_brand?post=93764"},{"taxonomy":"product_cat","embeddable":true,"href":"https:\/\/revolutionpadelstore.com\/fr\/wp-json\/wp\/v2\/product_cat?post=93764"},{"taxonomy":"product_tag","embeddable":true,"href":"https:\/\/revolutionpadelstore.com\/fr\/wp-json\/wp\/v2\/product_tag?post=93764"}],"curies":[{"name":"wp","href":"https:\/\/api.w.org\/{rel}","templated":true}]}}